{"id":401586,"date":"2025-06-17T20:23:20","date_gmt":"2025-06-17T18:23:20","guid":{"rendered":"https:\/\/shopatoa.com\/ro\/omorovicza-copper-peel-exfoliant-iluminator-16x8-ml\/"},"modified":"2025-12-11T17:36:16","modified_gmt":"2025-12-11T16:36:16","slug":"omorovicza-copper-peel-exfoliant-iluminator-16x8-ml","status":"publish","type":"product","link":"https:\/\/shopatoa.com\/ro\/omorovicza-copper-peel-exfoliant-iluminator-16x8-ml\/","title":{"rendered":"Omorovicza Copper Peel exfoliant iluminator 16&#215;8 ml"},"content":{"rendered":"<p>Omorovicza Copper Peel, 16&#215;8 ml, Peeling pentru ten pentru femei, Datorit\u0103 ac\u021biunii sale profunde \u0219i a efectelor exfoliante, exfoliantul de cur\u0103\u021bare Omorovicza Copper Peel ajut\u0103 la prevenirea apari\u021biei imperfec\u021biunilor cutanate. Nu doar c\u0103 \u00eendep\u0103rteaz\u0103 toate impurit\u0103\u021bile de pe ten, dar elimin\u0103 \u0219i celulele moarte care au tendin\u021ba de a bloca porii, de a cauza puncte negre sau de a oferi tenului un aspect tern \u0219i lipsit de str\u0103lucire.  Caracteristici:  desfund\u0103 porii astupa\u021bi \u00eendep\u0103rteaz\u0103 celulele epiteliale moarte reduce imperfec\u021biunile tenului ilumineaz\u0103 \u0219i uniformizeaz\u0103 tenul str\u00e2nge porii dilata\u021bi regenereaz\u0103 eficient pielea neteze\u0219te \u0219i catifeleaz\u0103 pielea<\/p>\n","protected":false},"excerpt":{"rendered":"<p>Omorovicza Copper Peel, 16&#215;8 ml, Peeling pentru ten pentru femei, Datorit\u0103 ac\u021biunii sale profunde \u0219i a efectelor exfoliante, exfoliantul de cur\u0103\u021bare Omorovicza Copper Peel ajut\u0103 la prevenirea apari\u021biei imperfec\u021biunilor cutanate. Nu doar c\u0103 \u00eendep\u0103rteaz\u0103 toate impurit\u0103\u021bile de pe ten, dar elimin\u0103 \u0219i celulele moarte care au tendin\u021ba de a bloca porii, de a cauza puncte&#8230;<\/p>\n","protected":false},"featured_media":401587,"comment_status":"closed","ping_status":"open","template":"","meta":{"_acf_changed":false,"_kadence_starter_templates_imported_post":false,"_kad_post_transparent":"","_kad_post_title":"","_kad_post_layout":"","_kad_post_sidebar_id":"","_kad_post_content_style":"","_kad_post_vertical_padding":"","_kad_post_feature":"","_kad_post_feature_position":"","_kad_post_header":false,"_kad_post_footer":false,"_kad_post_classname":""},"product_brand":[1695],"product_cat":[1564,1563,1565,1715,1562],"product_tag":[],"class_list":{"0":"post-401586","1":"product","2":"type-product","3":"status-publish","4":"has-post-thumbnail","6":"product_brand-omorovicza","7":"product_cat-cosmetice-ingrijire-personala","8":"product_cat-ingrijire-personala","9":"product_cat-ingrijirea-pielii","10":"product_cat-kituri-de-curatare-faciala","11":"product_cat-sanatate-si-frumusete","12":"pa_gen-female","13":"pa_marime-16x8-ml","15":"first","16":"instock","17":"sale","18":"product-type-external","19":"entry","20":"content-bg","21":"loop-entry"},"acf":[],"yoast_head":"<!-- This site is optimized with the Yoast SEO plugin v27.4 - https:\/\/yoast.com\/product\/yoast-seo-wordpress\/ -->\n<title>Omorovicza Copper Peel exfoliant iluminator 16x8 ml - SHOPATOA.COM<\/title>\n<meta name=\"robots\" content=\"index, follow, max-snippet:-1, max-image-preview:large, max-video-preview:-1\" \/>\n<link rel=\"canonical\" href=\"https:\/\/shopatoa.com\/ro\/omorovicza-copper-peel-exfoliant-iluminator-16x8-ml\/\" \/>\n<meta property=\"og:locale\" content=\"ro_RO\" \/>\n<meta property=\"og:type\" content=\"article\" \/>\n<meta property=\"og:title\" content=\"Omorovicza Copper Peel exfoliant iluminator 16x8 ml - SHOPATOA.COM\" \/>\n<meta property=\"og:description\" content=\"Omorovicza Copper Peel, 16&#215;8 ml, Peeling pentru ten pentru femei, Datorit\u0103 ac\u021biunii sale profunde \u0219i a efectelor exfoliante, exfoliantul de cur\u0103\u021bare Omorovicza Copper Peel ajut\u0103 la prevenirea apari\u021biei imperfec\u021biunilor cutanate. Nu doar c\u0103 \u00eendep\u0103rteaz\u0103 toate impurit\u0103\u021bile de pe ten, dar elimin\u0103 \u0219i celulele moarte care au tendin\u021ba de a bloca porii, de a cauza puncte...\" \/>\n<meta property=\"og:url\" content=\"https:\/\/shopatoa.com\/ro\/omorovicza-copper-peel-exfoliant-iluminator-16x8-ml\/\" \/>\n<meta property=\"og:site_name\" content=\"SHOPATOA\" \/>\n<meta property=\"article:modified_time\" content=\"2025-12-11T16:36:16+00:00\" \/>\n<meta property=\"og:image\" content=\"https:\/\/storage.googleapis.com\/cz-shopatoa-img\/ro\/adac2738-unnamed-file.webp\" \/>\n\t<meta property=\"og:image:width\" content=\"800\" \/>\n\t<meta property=\"og:image:height\" content=\"800\" \/>\n\t<meta property=\"og:image:type\" content=\"image\/webp\" \/>\n<meta name=\"twitter:card\" content=\"summary_large_image\" \/>\n<meta name=\"twitter:label1\" content=\"Timp estimat pentru citire\" \/>\n\t<meta name=\"twitter:data1\" content=\"1 minut\" \/>\n<script type=\"application\/ld+json\" class=\"yoast-schema-graph\">{\"@context\":\"https:\\\/\\\/schema.org\",\"@graph\":[{\"@type\":\"WebPage\",\"@id\":\"https:\\\/\\\/shopatoa.com\\\/ro\\\/omorovicza-copper-peel-exfoliant-iluminator-16x8-ml\\\/\",\"url\":\"https:\\\/\\\/shopatoa.com\\\/ro\\\/omorovicza-copper-peel-exfoliant-iluminator-16x8-ml\\\/\",\"name\":\"Omorovicza Copper Peel exfoliant iluminator 16x8 ml - SHOPATOA.COM\",\"isPartOf\":{\"@id\":\"https:\\\/\\\/shopatoa.com\\\/ro\\\/#website\"},\"primaryImageOfPage\":{\"@id\":\"https:\\\/\\\/shopatoa.com\\\/ro\\\/omorovicza-copper-peel-exfoliant-iluminator-16x8-ml\\\/#primaryimage\"},\"image\":{\"@id\":\"https:\\\/\\\/shopatoa.com\\\/ro\\\/omorovicza-copper-peel-exfoliant-iluminator-16x8-ml\\\/#primaryimage\"},\"thumbnailUrl\":\"https:\\\/\\\/storage.googleapis.com\\\/cz-shopatoa-img\\\/ro\\\/adac2738-unnamed-file.webp\",\"datePublished\":\"2025-06-17T18:23:20+00:00\",\"dateModified\":\"2025-12-11T16:36:16+00:00\",\"breadcrumb\":{\"@id\":\"https:\\\/\\\/shopatoa.com\\\/ro\\\/omorovicza-copper-peel-exfoliant-iluminator-16x8-ml\\\/#breadcrumb\"},\"inLanguage\":\"ro-RO\",\"potentialAction\":[{\"@type\":\"ReadAction\",\"target\":[\"https:\\\/\\\/shopatoa.com\\\/ro\\\/omorovicza-copper-peel-exfoliant-iluminator-16x8-ml\\\/\"]}]},{\"@type\":\"ImageObject\",\"inLanguage\":\"ro-RO\",\"@id\":\"https:\\\/\\\/shopatoa.com\\\/ro\\\/omorovicza-copper-peel-exfoliant-iluminator-16x8-ml\\\/#primaryimage\",\"url\":\"https:\\\/\\\/storage.googleapis.com\\\/cz-shopatoa-img\\\/ro\\\/adac2738-unnamed-file.webp\",\"contentUrl\":\"https:\\\/\\\/storage.googleapis.com\\\/cz-shopatoa-img\\\/ro\\\/adac2738-unnamed-file.webp\",\"width\":800,\"height\":800},{\"@type\":\"BreadcrumbList\",\"@id\":\"https:\\\/\\\/shopatoa.com\\\/ro\\\/omorovicza-copper-peel-exfoliant-iluminator-16x8-ml\\\/#breadcrumb\",\"itemListElement\":[{\"@type\":\"ListItem\",\"position\":1,\"name\":\"Dom\u016f\",\"item\":\"https:\\\/\\\/shopatoa.com\\\/ro\\\/\"},{\"@type\":\"ListItem\",\"position\":2,\"name\":\"Shop\",\"item\":\"https:\\\/\\\/shopatoa.com\\\/ro\\\/shop\\\/\"},{\"@type\":\"ListItem\",\"position\":3,\"name\":\"S\u0103n\u0103tate \u0219i frumuse\u021be\",\"item\":\"https:\\\/\\\/shopatoa.com\\\/ro\\\/sanatate-si-frumusete\\\/\"},{\"@type\":\"ListItem\",\"position\":4,\"name\":\"\u00cengrijire personal\u0103\",\"item\":\"https:\\\/\\\/shopatoa.com\\\/ro\\\/ingrijire-personala\\\/\"},{\"@type\":\"ListItem\",\"position\":5,\"name\":\"Cosmetice\",\"item\":\"https:\\\/\\\/shopatoa.com\\\/ro\\\/cosmetice-ingrijire-personala\\\/\"},{\"@type\":\"ListItem\",\"position\":6,\"name\":\"\u00cengrijirea pielii\",\"item\":\"https:\\\/\\\/shopatoa.com\\\/ro\\\/ingrijirea-pielii\\\/\"},{\"@type\":\"ListItem\",\"position\":7,\"name\":\"Kituri de cur\u0103\u021bare facial\u0103\",\"item\":\"https:\\\/\\\/shopatoa.com\\\/ro\\\/kituri-de-curatare-faciala\\\/\"},{\"@type\":\"ListItem\",\"position\":8,\"name\":\"Omorovicza Copper Peel exfoliant iluminator 16&#215;8 ml\"}]},{\"@type\":\"WebSite\",\"@id\":\"https:\\\/\\\/shopatoa.com\\\/ro\\\/#website\",\"url\":\"https:\\\/\\\/shopatoa.com\\\/ro\\\/\",\"name\":\"SHOPATOA\",\"description\":\"\",\"publisher\":{\"@id\":\"https:\\\/\\\/shopatoa.com\\\/ro\\\/#organization\"},\"potentialAction\":[{\"@type\":\"SearchAction\",\"target\":{\"@type\":\"EntryPoint\",\"urlTemplate\":\"https:\\\/\\\/shopatoa.com\\\/ro\\\/?s={search_term_string}\"},\"query-input\":{\"@type\":\"PropertyValueSpecification\",\"valueRequired\":true,\"valueName\":\"search_term_string\"}}],\"inLanguage\":\"ro-RO\"},{\"@type\":\"Organization\",\"@id\":\"https:\\\/\\\/shopatoa.com\\\/ro\\\/#organization\",\"name\":\"SHOPATOA\",\"url\":\"https:\\\/\\\/shopatoa.com\\\/ro\\\/\",\"logo\":{\"@type\":\"ImageObject\",\"inLanguage\":\"ro-RO\",\"@id\":\"https:\\\/\\\/shopatoa.com\\\/ro\\\/#\\\/schema\\\/logo\\\/image\\\/\",\"url\":\"https:\\\/\\\/storage.googleapis.com\\\/cz-shopatoa-img\\\/ro\\\/b4dac915-shopatoa_logo.png\",\"contentUrl\":\"https:\\\/\\\/storage.googleapis.com\\\/cz-shopatoa-img\\\/ro\\\/b4dac915-shopatoa_logo.png\",\"width\":416,\"height\":63,\"caption\":\"SHOPATOA\"},\"image\":{\"@id\":\"https:\\\/\\\/shopatoa.com\\\/ro\\\/#\\\/schema\\\/logo\\\/image\\\/\"}}]}<\/script>\n<!-- \/ Yoast SEO plugin. -->","yoast_head_json":{"title":"Omorovicza Copper Peel exfoliant iluminator 16x8 ml - SHOPATOA.COM","robots":{"index":"index","follow":"follow","max-snippet":"max-snippet:-1","max-image-preview":"max-image-preview:large","max-video-preview":"max-video-preview:-1"},"canonical":"https:\/\/shopatoa.com\/ro\/omorovicza-copper-peel-exfoliant-iluminator-16x8-ml\/","og_locale":"ro_RO","og_type":"article","og_title":"Omorovicza Copper Peel exfoliant iluminator 16x8 ml - SHOPATOA.COM","og_description":"Omorovicza Copper Peel, 16&#215;8 ml, Peeling pentru ten pentru femei, Datorit\u0103 ac\u021biunii sale profunde \u0219i a efectelor exfoliante, exfoliantul de cur\u0103\u021bare Omorovicza Copper Peel ajut\u0103 la prevenirea apari\u021biei imperfec\u021biunilor cutanate. Nu doar c\u0103 \u00eendep\u0103rteaz\u0103 toate impurit\u0103\u021bile de pe ten, dar elimin\u0103 \u0219i celulele moarte care au tendin\u021ba de a bloca porii, de a cauza puncte...","og_url":"https:\/\/shopatoa.com\/ro\/omorovicza-copper-peel-exfoliant-iluminator-16x8-ml\/","og_site_name":"SHOPATOA","article_modified_time":"2025-12-11T16:36:16+00:00","og_image":[{"width":800,"height":800,"url":"https:\/\/storage.googleapis.com\/cz-shopatoa-img\/ro\/adac2738-unnamed-file.webp","type":"image\/webp"}],"twitter_card":"summary_large_image","twitter_misc":{"Timp estimat pentru citire":"1 minut"},"schema":{"@context":"https:\/\/schema.org","@graph":[{"@type":"WebPage","@id":"https:\/\/shopatoa.com\/ro\/omorovicza-copper-peel-exfoliant-iluminator-16x8-ml\/","url":"https:\/\/shopatoa.com\/ro\/omorovicza-copper-peel-exfoliant-iluminator-16x8-ml\/","name":"Omorovicza Copper Peel exfoliant iluminator 16x8 ml - SHOPATOA.COM","isPartOf":{"@id":"https:\/\/shopatoa.com\/ro\/#website"},"primaryImageOfPage":{"@id":"https:\/\/shopatoa.com\/ro\/omorovicza-copper-peel-exfoliant-iluminator-16x8-ml\/#primaryimage"},"image":{"@id":"https:\/\/shopatoa.com\/ro\/omorovicza-copper-peel-exfoliant-iluminator-16x8-ml\/#primaryimage"},"thumbnailUrl":"https:\/\/storage.googleapis.com\/cz-shopatoa-img\/ro\/adac2738-unnamed-file.webp","datePublished":"2025-06-17T18:23:20+00:00","dateModified":"2025-12-11T16:36:16+00:00","breadcrumb":{"@id":"https:\/\/shopatoa.com\/ro\/omorovicza-copper-peel-exfoliant-iluminator-16x8-ml\/#breadcrumb"},"inLanguage":"ro-RO","potentialAction":[{"@type":"ReadAction","target":["https:\/\/shopatoa.com\/ro\/omorovicza-copper-peel-exfoliant-iluminator-16x8-ml\/"]}]},{"@type":"ImageObject","inLanguage":"ro-RO","@id":"https:\/\/shopatoa.com\/ro\/omorovicza-copper-peel-exfoliant-iluminator-16x8-ml\/#primaryimage","url":"https:\/\/storage.googleapis.com\/cz-shopatoa-img\/ro\/adac2738-unnamed-file.webp","contentUrl":"https:\/\/storage.googleapis.com\/cz-shopatoa-img\/ro\/adac2738-unnamed-file.webp","width":800,"height":800},{"@type":"BreadcrumbList","@id":"https:\/\/shopatoa.com\/ro\/omorovicza-copper-peel-exfoliant-iluminator-16x8-ml\/#breadcrumb","itemListElement":[{"@type":"ListItem","position":1,"name":"Dom\u016f","item":"https:\/\/shopatoa.com\/ro\/"},{"@type":"ListItem","position":2,"name":"Shop","item":"https:\/\/shopatoa.com\/ro\/shop\/"},{"@type":"ListItem","position":3,"name":"S\u0103n\u0103tate \u0219i frumuse\u021be","item":"https:\/\/shopatoa.com\/ro\/sanatate-si-frumusete\/"},{"@type":"ListItem","position":4,"name":"\u00cengrijire personal\u0103","item":"https:\/\/shopatoa.com\/ro\/ingrijire-personala\/"},{"@type":"ListItem","position":5,"name":"Cosmetice","item":"https:\/\/shopatoa.com\/ro\/cosmetice-ingrijire-personala\/"},{"@type":"ListItem","position":6,"name":"\u00cengrijirea pielii","item":"https:\/\/shopatoa.com\/ro\/ingrijirea-pielii\/"},{"@type":"ListItem","position":7,"name":"Kituri de cur\u0103\u021bare facial\u0103","item":"https:\/\/shopatoa.com\/ro\/kituri-de-curatare-faciala\/"},{"@type":"ListItem","position":8,"name":"Omorovicza Copper Peel exfoliant iluminator 16&#215;8 ml"}]},{"@type":"WebSite","@id":"https:\/\/shopatoa.com\/ro\/#website","url":"https:\/\/shopatoa.com\/ro\/","name":"SHOPATOA","description":"","publisher":{"@id":"https:\/\/shopatoa.com\/ro\/#organization"},"potentialAction":[{"@type":"SearchAction","target":{"@type":"EntryPoint","urlTemplate":"https:\/\/shopatoa.com\/ro\/?s={search_term_string}"},"query-input":{"@type":"PropertyValueSpecification","valueRequired":true,"valueName":"search_term_string"}}],"inLanguage":"ro-RO"},{"@type":"Organization","@id":"https:\/\/shopatoa.com\/ro\/#organization","name":"SHOPATOA","url":"https:\/\/shopatoa.com\/ro\/","logo":{"@type":"ImageObject","inLanguage":"ro-RO","@id":"https:\/\/shopatoa.com\/ro\/#\/schema\/logo\/image\/","url":"https:\/\/storage.googleapis.com\/cz-shopatoa-img\/ro\/b4dac915-shopatoa_logo.png","contentUrl":"https:\/\/storage.googleapis.com\/cz-shopatoa-img\/ro\/b4dac915-shopatoa_logo.png","width":416,"height":63,"caption":"SHOPATOA"},"image":{"@id":"https:\/\/shopatoa.com\/ro\/#\/schema\/logo\/image\/"}}]}},"_links":{"self":[{"href":"https:\/\/shopatoa.com\/ro\/wp-json\/wp\/v2\/product\/401586","targetHints":{"allow":["GET"]}}],"collection":[{"href":"https:\/\/shopatoa.com\/ro\/wp-json\/wp\/v2\/product"}],"about":[{"href":"https:\/\/shopatoa.com\/ro\/wp-json\/wp\/v2\/types\/product"}],"replies":[{"embeddable":true,"href":"https:\/\/shopatoa.com\/ro\/wp-json\/wp\/v2\/comments?post=401586"}],"wp:featuredmedia":[{"embeddable":true,"href":"https:\/\/shopatoa.com\/ro\/wp-json\/wp\/v2\/media\/401587"}],"wp:attachment":[{"href":"https:\/\/shopatoa.com\/ro\/wp-json\/wp\/v2\/media?parent=401586"}],"wp:term":[{"taxonomy":"product_brand","embeddable":true,"href":"https:\/\/shopatoa.com\/ro\/wp-json\/wp\/v2\/product_brand?post=401586"},{"taxonomy":"product_cat","embeddable":true,"href":"https:\/\/shopatoa.com\/ro\/wp-json\/wp\/v2\/product_cat?post=401586"},{"taxonomy":"product_tag","embeddable":true,"href":"https:\/\/shopatoa.com\/ro\/wp-json\/wp\/v2\/product_tag?post=401586"}],"curies":[{"name":"wp","href":"https:\/\/api.w.org\/{rel}","templated":true}]}}