{"id":401772,"date":"2025-06-17T20:39:29","date_gmt":"2025-06-17T18:39:29","guid":{"rendered":"https:\/\/shopatoa.com\/ro\/olivia-garden-nanothermic-diego-fossa-set-cadou-pentru-un-styling-neted-si-plin-de-volum\/"},"modified":"2025-12-12T19:12:19","modified_gmt":"2025-12-12T18:12:19","slug":"olivia-garden-nanothermic-diego-fossa-set-cadou-pentru-un-styling-neted-si-plin-de-volum","status":"publish","type":"product","link":"https:\/\/shopatoa.com\/ro\/olivia-garden-nanothermic-diego-fossa-set-cadou-pentru-un-styling-neted-si-plin-de-volum\/","title":{"rendered":"Olivia Garden NanoThermic Diego Fossa set cadou pentru un styling neted si plin de volum"},"content":{"rendered":"<p>Olivia Garden NanoThermic Diego Fossa, 1 buc, Agrafe de p\u0103r pentru femei, \u00cengrijirea p\u0103rului nu \u00eenseamn\u0103 doar \u0219ampoane, balsamuri, m\u0103\u0219ti, produse tonice pentru p\u0103r \u0219i seruri. Rutina dvs. poate fi \u00eembun\u0103t\u0103\u021bit\u0103 prin diverse tipuri de accesorii cosmetice speciale. Produsul Olivia Garden NanoThermic Diego Fossa v\u0103 va ajuta cu rutina obi\u0219nuit\u0103 de \u00eengrijire, fiind o completare excelent\u0103 a produselor cosmetice pe care le folosi\u021bi deja. V\u0103 va face p\u0103rul \u0219i coafurile pe care le crea\u021bi s\u0103 arate mai frumoase.  Setul con\u021bine:  Olivia Garden NanoThermic Eclipse perie rotund\u0103 pentru p\u0103r 1 buc Olivia Garden Paddle Styler Eclipse perie de tip palet\u0103 cu peri de nailon \u0219i de mistre\u021b 1 buc Olivia Garden Double Clip Petite cleme de p\u0103r 4 buc  Caracteristici:  minimizeaz\u0103 deteriorarea p\u0103rului previne ruperea \u0219i despicarea p\u0103rului neteze\u0219te \u0219i \u00eendreapt\u0103 p\u0103rul cu m\u00e2ner anti-alunecare foarte potrivit ca un cadou<\/p>\n","protected":false},"excerpt":{"rendered":"<p>Olivia Garden NanoThermic Diego Fossa, 1 buc, Agrafe de p\u0103r pentru femei, \u00cengrijirea p\u0103rului nu \u00eenseamn\u0103 doar \u0219ampoane, balsamuri, m\u0103\u0219ti, produse tonice pentru p\u0103r \u0219i seruri. Rutina dvs. poate fi \u00eembun\u0103t\u0103\u021bit\u0103 prin diverse tipuri de accesorii cosmetice speciale. Produsul Olivia Garden NanoThermic Diego Fossa v\u0103 va ajuta cu rutina obi\u0219nuit\u0103 de \u00eengrijire, fiind o completare&#8230;<\/p>\n","protected":false},"featured_media":401773,"comment_status":"closed","ping_status":"open","template":"","meta":{"_acf_changed":false,"_kadence_starter_templates_imported_post":false,"_kad_post_transparent":"","_kad_post_title":"","_kad_post_layout":"","_kad_post_sidebar_id":"","_kad_post_content_style":"","_kad_post_vertical_padding":"","_kad_post_feature":"","_kad_post_feature_position":"","_kad_post_header":false,"_kad_post_footer":false,"_kad_post_classname":""},"product_brand":[1727],"product_cat":[1563,1590,1652,1653,1562],"product_tag":[],"class_list":{"0":"post-401772","1":"product","2":"type-product","3":"status-publish","4":"has-post-thumbnail","6":"product_brand-olivia-garden","7":"product_cat-ingrijire-personala","8":"product_cat-ingrijirea-parului","9":"product_cat-instrumente-de-coafat","10":"product_cat-piepteni-si-perii","11":"product_cat-sanatate-si-frumusete","12":"pa_gen-female","13":"pa_marime-1-buc","15":"first","16":"instock","17":"sale","18":"product-type-external","19":"entry","20":"content-bg","21":"loop-entry"},"acf":[],"yoast_head":"<!-- This site is optimized with the Yoast SEO plugin v27.4 - https:\/\/yoast.com\/product\/yoast-seo-wordpress\/ -->\n<title>Olivia Garden NanoThermic Diego Fossa set cadou pentru un styling neted si plin de volum - SHOPATOA.COM<\/title>\n<meta name=\"robots\" content=\"index, follow, max-snippet:-1, max-image-preview:large, max-video-preview:-1\" \/>\n<link rel=\"canonical\" href=\"https:\/\/shopatoa.com\/ro\/olivia-garden-nanothermic-diego-fossa-set-cadou-pentru-un-styling-neted-si-plin-de-volum\/\" \/>\n<meta property=\"og:locale\" content=\"ro_RO\" \/>\n<meta property=\"og:type\" content=\"article\" \/>\n<meta property=\"og:title\" content=\"Olivia Garden NanoThermic Diego Fossa set cadou pentru un styling neted si plin de volum - SHOPATOA.COM\" \/>\n<meta property=\"og:description\" content=\"Olivia Garden NanoThermic Diego Fossa, 1 buc, Agrafe de p\u0103r pentru femei, \u00cengrijirea p\u0103rului nu \u00eenseamn\u0103 doar \u0219ampoane, balsamuri, m\u0103\u0219ti, produse tonice pentru p\u0103r \u0219i seruri. Rutina dvs. poate fi \u00eembun\u0103t\u0103\u021bit\u0103 prin diverse tipuri de accesorii cosmetice speciale. Produsul Olivia Garden NanoThermic Diego Fossa v\u0103 va ajuta cu rutina obi\u0219nuit\u0103 de \u00eengrijire, fiind o completare...\" \/>\n<meta property=\"og:url\" content=\"https:\/\/shopatoa.com\/ro\/olivia-garden-nanothermic-diego-fossa-set-cadou-pentru-un-styling-neted-si-plin-de-volum\/\" \/>\n<meta property=\"og:site_name\" content=\"SHOPATOA\" \/>\n<meta property=\"article:modified_time\" content=\"2025-12-12T18:12:19+00:00\" \/>\n<meta property=\"og:image\" content=\"https:\/\/storage.googleapis.com\/cz-shopatoa-img\/ro\/a85bbd37-unnamed-file.webp\" \/>\n\t<meta property=\"og:image:width\" content=\"800\" \/>\n\t<meta property=\"og:image:height\" content=\"800\" \/>\n\t<meta property=\"og:image:type\" content=\"image\/webp\" \/>\n<meta name=\"twitter:card\" content=\"summary_large_image\" \/>\n<meta name=\"twitter:label1\" content=\"Timp estimat pentru citire\" \/>\n\t<meta name=\"twitter:data1\" content=\"1 minut\" \/>\n<script type=\"application\/ld+json\" class=\"yoast-schema-graph\">{\"@context\":\"https:\\\/\\\/schema.org\",\"@graph\":[{\"@type\":\"WebPage\",\"@id\":\"https:\\\/\\\/shopatoa.com\\\/ro\\\/olivia-garden-nanothermic-diego-fossa-set-cadou-pentru-un-styling-neted-si-plin-de-volum\\\/\",\"url\":\"https:\\\/\\\/shopatoa.com\\\/ro\\\/olivia-garden-nanothermic-diego-fossa-set-cadou-pentru-un-styling-neted-si-plin-de-volum\\\/\",\"name\":\"Olivia Garden NanoThermic Diego Fossa set cadou pentru un styling neted si plin de volum - SHOPATOA.COM\",\"isPartOf\":{\"@id\":\"https:\\\/\\\/shopatoa.com\\\/ro\\\/#website\"},\"primaryImageOfPage\":{\"@id\":\"https:\\\/\\\/shopatoa.com\\\/ro\\\/olivia-garden-nanothermic-diego-fossa-set-cadou-pentru-un-styling-neted-si-plin-de-volum\\\/#primaryimage\"},\"image\":{\"@id\":\"https:\\\/\\\/shopatoa.com\\\/ro\\\/olivia-garden-nanothermic-diego-fossa-set-cadou-pentru-un-styling-neted-si-plin-de-volum\\\/#primaryimage\"},\"thumbnailUrl\":\"https:\\\/\\\/storage.googleapis.com\\\/cz-shopatoa-img\\\/ro\\\/a85bbd37-unnamed-file.webp\",\"datePublished\":\"2025-06-17T18:39:29+00:00\",\"dateModified\":\"2025-12-12T18:12:19+00:00\",\"breadcrumb\":{\"@id\":\"https:\\\/\\\/shopatoa.com\\\/ro\\\/olivia-garden-nanothermic-diego-fossa-set-cadou-pentru-un-styling-neted-si-plin-de-volum\\\/#breadcrumb\"},\"inLanguage\":\"ro-RO\",\"potentialAction\":[{\"@type\":\"ReadAction\",\"target\":[\"https:\\\/\\\/shopatoa.com\\\/ro\\\/olivia-garden-nanothermic-diego-fossa-set-cadou-pentru-un-styling-neted-si-plin-de-volum\\\/\"]}]},{\"@type\":\"ImageObject\",\"inLanguage\":\"ro-RO\",\"@id\":\"https:\\\/\\\/shopatoa.com\\\/ro\\\/olivia-garden-nanothermic-diego-fossa-set-cadou-pentru-un-styling-neted-si-plin-de-volum\\\/#primaryimage\",\"url\":\"https:\\\/\\\/storage.googleapis.com\\\/cz-shopatoa-img\\\/ro\\\/a85bbd37-unnamed-file.webp\",\"contentUrl\":\"https:\\\/\\\/storage.googleapis.com\\\/cz-shopatoa-img\\\/ro\\\/a85bbd37-unnamed-file.webp\",\"width\":800,\"height\":800},{\"@type\":\"BreadcrumbList\",\"@id\":\"https:\\\/\\\/shopatoa.com\\\/ro\\\/olivia-garden-nanothermic-diego-fossa-set-cadou-pentru-un-styling-neted-si-plin-de-volum\\\/#breadcrumb\",\"itemListElement\":[{\"@type\":\"ListItem\",\"position\":1,\"name\":\"Dom\u016f\",\"item\":\"https:\\\/\\\/shopatoa.com\\\/ro\\\/\"},{\"@type\":\"ListItem\",\"position\":2,\"name\":\"Shop\",\"item\":\"https:\\\/\\\/shopatoa.com\\\/ro\\\/shop\\\/\"},{\"@type\":\"ListItem\",\"position\":3,\"name\":\"S\u0103n\u0103tate \u0219i frumuse\u021be\",\"item\":\"https:\\\/\\\/shopatoa.com\\\/ro\\\/sanatate-si-frumusete\\\/\"},{\"@type\":\"ListItem\",\"position\":4,\"name\":\"\u00cengrijire personal\u0103\",\"item\":\"https:\\\/\\\/shopatoa.com\\\/ro\\\/ingrijire-personala\\\/\"},{\"@type\":\"ListItem\",\"position\":5,\"name\":\"\u00cengrijirea p\u0103rului\",\"item\":\"https:\\\/\\\/shopatoa.com\\\/ro\\\/ingrijirea-parului\\\/\"},{\"@type\":\"ListItem\",\"position\":6,\"name\":\"Instrumente de coafat\",\"item\":\"https:\\\/\\\/shopatoa.com\\\/ro\\\/instrumente-de-coafat\\\/\"},{\"@type\":\"ListItem\",\"position\":7,\"name\":\"Piepteni \u0219i perii\",\"item\":\"https:\\\/\\\/shopatoa.com\\\/ro\\\/piepteni-si-perii\\\/\"},{\"@type\":\"ListItem\",\"position\":8,\"name\":\"Olivia Garden NanoThermic Diego Fossa set cadou pentru un styling neted si plin de volum\"}]},{\"@type\":\"WebSite\",\"@id\":\"https:\\\/\\\/shopatoa.com\\\/ro\\\/#website\",\"url\":\"https:\\\/\\\/shopatoa.com\\\/ro\\\/\",\"name\":\"SHOPATOA\",\"description\":\"\",\"publisher\":{\"@id\":\"https:\\\/\\\/shopatoa.com\\\/ro\\\/#organization\"},\"potentialAction\":[{\"@type\":\"SearchAction\",\"target\":{\"@type\":\"EntryPoint\",\"urlTemplate\":\"https:\\\/\\\/shopatoa.com\\\/ro\\\/?s={search_term_string}\"},\"query-input\":{\"@type\":\"PropertyValueSpecification\",\"valueRequired\":true,\"valueName\":\"search_term_string\"}}],\"inLanguage\":\"ro-RO\"},{\"@type\":\"Organization\",\"@id\":\"https:\\\/\\\/shopatoa.com\\\/ro\\\/#organization\",\"name\":\"SHOPATOA\",\"url\":\"https:\\\/\\\/shopatoa.com\\\/ro\\\/\",\"logo\":{\"@type\":\"ImageObject\",\"inLanguage\":\"ro-RO\",\"@id\":\"https:\\\/\\\/shopatoa.com\\\/ro\\\/#\\\/schema\\\/logo\\\/image\\\/\",\"url\":\"https:\\\/\\\/storage.googleapis.com\\\/cz-shopatoa-img\\\/ro\\\/b4dac915-shopatoa_logo.png\",\"contentUrl\":\"https:\\\/\\\/storage.googleapis.com\\\/cz-shopatoa-img\\\/ro\\\/b4dac915-shopatoa_logo.png\",\"width\":416,\"height\":63,\"caption\":\"SHOPATOA\"},\"image\":{\"@id\":\"https:\\\/\\\/shopatoa.com\\\/ro\\\/#\\\/schema\\\/logo\\\/image\\\/\"}}]}<\/script>\n<!-- \/ Yoast SEO plugin. -->","yoast_head_json":{"title":"Olivia Garden NanoThermic Diego Fossa set cadou pentru un styling neted si plin de volum - SHOPATOA.COM","robots":{"index":"index","follow":"follow","max-snippet":"max-snippet:-1","max-image-preview":"max-image-preview:large","max-video-preview":"max-video-preview:-1"},"canonical":"https:\/\/shopatoa.com\/ro\/olivia-garden-nanothermic-diego-fossa-set-cadou-pentru-un-styling-neted-si-plin-de-volum\/","og_locale":"ro_RO","og_type":"article","og_title":"Olivia Garden NanoThermic Diego Fossa set cadou pentru un styling neted si plin de volum - SHOPATOA.COM","og_description":"Olivia Garden NanoThermic Diego Fossa, 1 buc, Agrafe de p\u0103r pentru femei, \u00cengrijirea p\u0103rului nu \u00eenseamn\u0103 doar \u0219ampoane, balsamuri, m\u0103\u0219ti, produse tonice pentru p\u0103r \u0219i seruri. Rutina dvs. poate fi \u00eembun\u0103t\u0103\u021bit\u0103 prin diverse tipuri de accesorii cosmetice speciale. Produsul Olivia Garden NanoThermic Diego Fossa v\u0103 va ajuta cu rutina obi\u0219nuit\u0103 de \u00eengrijire, fiind o completare...","og_url":"https:\/\/shopatoa.com\/ro\/olivia-garden-nanothermic-diego-fossa-set-cadou-pentru-un-styling-neted-si-plin-de-volum\/","og_site_name":"SHOPATOA","article_modified_time":"2025-12-12T18:12:19+00:00","og_image":[{"width":800,"height":800,"url":"https:\/\/storage.googleapis.com\/cz-shopatoa-img\/ro\/a85bbd37-unnamed-file.webp","type":"image\/webp"}],"twitter_card":"summary_large_image","twitter_misc":{"Timp estimat pentru citire":"1 minut"},"schema":{"@context":"https:\/\/schema.org","@graph":[{"@type":"WebPage","@id":"https:\/\/shopatoa.com\/ro\/olivia-garden-nanothermic-diego-fossa-set-cadou-pentru-un-styling-neted-si-plin-de-volum\/","url":"https:\/\/shopatoa.com\/ro\/olivia-garden-nanothermic-diego-fossa-set-cadou-pentru-un-styling-neted-si-plin-de-volum\/","name":"Olivia Garden NanoThermic Diego Fossa set cadou pentru un styling neted si plin de volum - SHOPATOA.COM","isPartOf":{"@id":"https:\/\/shopatoa.com\/ro\/#website"},"primaryImageOfPage":{"@id":"https:\/\/shopatoa.com\/ro\/olivia-garden-nanothermic-diego-fossa-set-cadou-pentru-un-styling-neted-si-plin-de-volum\/#primaryimage"},"image":{"@id":"https:\/\/shopatoa.com\/ro\/olivia-garden-nanothermic-diego-fossa-set-cadou-pentru-un-styling-neted-si-plin-de-volum\/#primaryimage"},"thumbnailUrl":"https:\/\/storage.googleapis.com\/cz-shopatoa-img\/ro\/a85bbd37-unnamed-file.webp","datePublished":"2025-06-17T18:39:29+00:00","dateModified":"2025-12-12T18:12:19+00:00","breadcrumb":{"@id":"https:\/\/shopatoa.com\/ro\/olivia-garden-nanothermic-diego-fossa-set-cadou-pentru-un-styling-neted-si-plin-de-volum\/#breadcrumb"},"inLanguage":"ro-RO","potentialAction":[{"@type":"ReadAction","target":["https:\/\/shopatoa.com\/ro\/olivia-garden-nanothermic-diego-fossa-set-cadou-pentru-un-styling-neted-si-plin-de-volum\/"]}]},{"@type":"ImageObject","inLanguage":"ro-RO","@id":"https:\/\/shopatoa.com\/ro\/olivia-garden-nanothermic-diego-fossa-set-cadou-pentru-un-styling-neted-si-plin-de-volum\/#primaryimage","url":"https:\/\/storage.googleapis.com\/cz-shopatoa-img\/ro\/a85bbd37-unnamed-file.webp","contentUrl":"https:\/\/storage.googleapis.com\/cz-shopatoa-img\/ro\/a85bbd37-unnamed-file.webp","width":800,"height":800},{"@type":"BreadcrumbList","@id":"https:\/\/shopatoa.com\/ro\/olivia-garden-nanothermic-diego-fossa-set-cadou-pentru-un-styling-neted-si-plin-de-volum\/#breadcrumb","itemListElement":[{"@type":"ListItem","position":1,"name":"Dom\u016f","item":"https:\/\/shopatoa.com\/ro\/"},{"@type":"ListItem","position":2,"name":"Shop","item":"https:\/\/shopatoa.com\/ro\/shop\/"},{"@type":"ListItem","position":3,"name":"S\u0103n\u0103tate \u0219i frumuse\u021be","item":"https:\/\/shopatoa.com\/ro\/sanatate-si-frumusete\/"},{"@type":"ListItem","position":4,"name":"\u00cengrijire personal\u0103","item":"https:\/\/shopatoa.com\/ro\/ingrijire-personala\/"},{"@type":"ListItem","position":5,"name":"\u00cengrijirea p\u0103rului","item":"https:\/\/shopatoa.com\/ro\/ingrijirea-parului\/"},{"@type":"ListItem","position":6,"name":"Instrumente de coafat","item":"https:\/\/shopatoa.com\/ro\/instrumente-de-coafat\/"},{"@type":"ListItem","position":7,"name":"Piepteni \u0219i perii","item":"https:\/\/shopatoa.com\/ro\/piepteni-si-perii\/"},{"@type":"ListItem","position":8,"name":"Olivia Garden NanoThermic Diego Fossa set cadou pentru un styling neted si plin de volum"}]},{"@type":"WebSite","@id":"https:\/\/shopatoa.com\/ro\/#website","url":"https:\/\/shopatoa.com\/ro\/","name":"SHOPATOA","description":"","publisher":{"@id":"https:\/\/shopatoa.com\/ro\/#organization"},"potentialAction":[{"@type":"SearchAction","target":{"@type":"EntryPoint","urlTemplate":"https:\/\/shopatoa.com\/ro\/?s={search_term_string}"},"query-input":{"@type":"PropertyValueSpecification","valueRequired":true,"valueName":"search_term_string"}}],"inLanguage":"ro-RO"},{"@type":"Organization","@id":"https:\/\/shopatoa.com\/ro\/#organization","name":"SHOPATOA","url":"https:\/\/shopatoa.com\/ro\/","logo":{"@type":"ImageObject","inLanguage":"ro-RO","@id":"https:\/\/shopatoa.com\/ro\/#\/schema\/logo\/image\/","url":"https:\/\/storage.googleapis.com\/cz-shopatoa-img\/ro\/b4dac915-shopatoa_logo.png","contentUrl":"https:\/\/storage.googleapis.com\/cz-shopatoa-img\/ro\/b4dac915-shopatoa_logo.png","width":416,"height":63,"caption":"SHOPATOA"},"image":{"@id":"https:\/\/shopatoa.com\/ro\/#\/schema\/logo\/image\/"}}]}},"_links":{"self":[{"href":"https:\/\/shopatoa.com\/ro\/wp-json\/wp\/v2\/product\/401772","targetHints":{"allow":["GET"]}}],"collection":[{"href":"https:\/\/shopatoa.com\/ro\/wp-json\/wp\/v2\/product"}],"about":[{"href":"https:\/\/shopatoa.com\/ro\/wp-json\/wp\/v2\/types\/product"}],"replies":[{"embeddable":true,"href":"https:\/\/shopatoa.com\/ro\/wp-json\/wp\/v2\/comments?post=401772"}],"wp:featuredmedia":[{"embeddable":true,"href":"https:\/\/shopatoa.com\/ro\/wp-json\/wp\/v2\/media\/401773"}],"wp:attachment":[{"href":"https:\/\/shopatoa.com\/ro\/wp-json\/wp\/v2\/media?parent=401772"}],"wp:term":[{"taxonomy":"product_brand","embeddable":true,"href":"https:\/\/shopatoa.com\/ro\/wp-json\/wp\/v2\/product_brand?post=401772"},{"taxonomy":"product_cat","embeddable":true,"href":"https:\/\/shopatoa.com\/ro\/wp-json\/wp\/v2\/product_cat?post=401772"},{"taxonomy":"product_tag","embeddable":true,"href":"https:\/\/shopatoa.com\/ro\/wp-json\/wp\/v2\/product_tag?post=401772"}],"curies":[{"name":"wp","href":"https:\/\/api.w.org\/{rel}","templated":true}]}}