{"id":402176,"date":"2025-06-17T21:15:30","date_gmt":"2025-06-17T19:15:30","guid":{"rendered":"https:\/\/shopatoa.com\/ro\/colgate-max-white-purple-reveal-apa-de-gura-pentru-albire-500-ml\/"},"modified":"2025-12-12T17:15:14","modified_gmt":"2025-12-12T16:15:14","slug":"colgate-max-white-purple-reveal-apa-de-gura-pentru-albire-500-ml","status":"publish","type":"product","link":"https:\/\/shopatoa.com\/ro\/colgate-max-white-purple-reveal-apa-de-gura-pentru-albire-500-ml\/","title":{"rendered":"Colgate Max White Purple Reveal apa de gura pentru albire 500 ml"},"content":{"rendered":"<p>Colgate Max White Purple Reveal, 500 ml, Apa de gura unisex, Apa de gur\u0103 Colgate Max White Purple Reveal amplific\u0103 efectul pastei de din\u021bi pentru albire \u0219i reface str\u0103lucirea z\u00e2mbetului.  Caracteristici:  combate formarea cariilor men\u021bine gingiile s\u0103n\u0103toase distruge bacteriile protejeaz\u0103 \u00eempotriva form\u0103rii pl\u0103cii dentobacteriene asigur\u0103 o respira\u021bie proasp\u0103t\u0103 contribuie la albirea din\u021bilor  Cum se utilizeaz\u0103: Dup\u0103 efectuarea periajului dentar, se cl\u0103te\u0219te gura cu ap\u0103 de gur\u0103, respect\u00e2nd timpul specificat pe ambalaj, apoi se scuip\u0103.<\/p>\n","protected":false},"excerpt":{"rendered":"<p>Colgate Max White Purple Reveal, 500 ml, Apa de gura unisex, Apa de gur\u0103 Colgate Max White Purple Reveal amplific\u0103 efectul pastei de din\u021bi pentru albire \u0219i reface str\u0103lucirea z\u00e2mbetului. Caracteristici: combate formarea cariilor men\u021bine gingiile s\u0103n\u0103toase distruge bacteriile protejeaz\u0103 \u00eempotriva form\u0103rii pl\u0103cii dentobacteriene asigur\u0103 o respira\u021bie proasp\u0103t\u0103 contribuie la albirea din\u021bilor Cum se utilizeaz\u0103:&#8230;<\/p>\n","protected":false},"featured_media":402177,"comment_status":"closed","ping_status":"open","template":"","meta":{"_acf_changed":false,"_kadence_starter_templates_imported_post":false,"_kad_post_transparent":"","_kad_post_title":"","_kad_post_layout":"","_kad_post_sidebar_id":"","_kad_post_content_style":"","_kad_post_vertical_padding":"","_kad_post_feature":"","_kad_post_feature_position":"","_kad_post_header":false,"_kad_post_footer":false,"_kad_post_classname":""},"product_brand":[986],"product_cat":[1814,1813,1563,1562],"product_tag":[],"class_list":{"0":"post-402176","1":"product","2":"type-product","3":"status-publish","4":"has-post-thumbnail","6":"product_brand-colgate","7":"product_cat-gargara-de-gura","8":"product_cat-igiena-orala","9":"product_cat-ingrijire-personala","10":"product_cat-sanatate-si-frumusete","11":"pa_gen-unisex","12":"pa_marime-500-ml","14":"first","15":"instock","16":"sale","17":"product-type-external","18":"entry","19":"content-bg","20":"loop-entry"},"acf":[],"yoast_head":"<!-- This site is optimized with the Yoast SEO plugin v27.4 - https:\/\/yoast.com\/product\/yoast-seo-wordpress\/ -->\n<title>Colgate Max White Purple Reveal apa de gura pentru albire 500 ml - SHOPATOA.COM<\/title>\n<meta name=\"robots\" content=\"index, follow, max-snippet:-1, max-image-preview:large, max-video-preview:-1\" \/>\n<link rel=\"canonical\" href=\"https:\/\/shopatoa.com\/ro\/colgate-max-white-purple-reveal-apa-de-gura-pentru-albire-500-ml\/\" \/>\n<meta property=\"og:locale\" content=\"ro_RO\" \/>\n<meta property=\"og:type\" content=\"article\" \/>\n<meta property=\"og:title\" content=\"Colgate Max White Purple Reveal apa de gura pentru albire 500 ml - SHOPATOA.COM\" \/>\n<meta property=\"og:description\" content=\"Colgate Max White Purple Reveal, 500 ml, Apa de gura unisex, Apa de gur\u0103 Colgate Max White Purple Reveal amplific\u0103 efectul pastei de din\u021bi pentru albire \u0219i reface str\u0103lucirea z\u00e2mbetului. Caracteristici: combate formarea cariilor men\u021bine gingiile s\u0103n\u0103toase distruge bacteriile protejeaz\u0103 \u00eempotriva form\u0103rii pl\u0103cii dentobacteriene asigur\u0103 o respira\u021bie proasp\u0103t\u0103 contribuie la albirea din\u021bilor Cum se utilizeaz\u0103:...\" \/>\n<meta property=\"og:url\" content=\"https:\/\/shopatoa.com\/ro\/colgate-max-white-purple-reveal-apa-de-gura-pentru-albire-500-ml\/\" \/>\n<meta property=\"og:site_name\" content=\"SHOPATOA\" \/>\n<meta property=\"article:modified_time\" content=\"2025-12-12T16:15:14+00:00\" \/>\n<meta property=\"og:image\" content=\"https:\/\/storage.googleapis.com\/cz-shopatoa-img\/ro\/4e59db73-unnamed-file.webp\" \/>\n\t<meta property=\"og:image:width\" content=\"800\" \/>\n\t<meta property=\"og:image:height\" content=\"800\" \/>\n\t<meta property=\"og:image:type\" content=\"image\/webp\" \/>\n<meta name=\"twitter:card\" content=\"summary_large_image\" \/>\n<script type=\"application\/ld+json\" class=\"yoast-schema-graph\">{\"@context\":\"https:\\\/\\\/schema.org\",\"@graph\":[{\"@type\":\"WebPage\",\"@id\":\"https:\\\/\\\/shopatoa.com\\\/ro\\\/colgate-max-white-purple-reveal-apa-de-gura-pentru-albire-500-ml\\\/\",\"url\":\"https:\\\/\\\/shopatoa.com\\\/ro\\\/colgate-max-white-purple-reveal-apa-de-gura-pentru-albire-500-ml\\\/\",\"name\":\"Colgate Max White Purple Reveal apa de gura pentru albire 500 ml - SHOPATOA.COM\",\"isPartOf\":{\"@id\":\"https:\\\/\\\/shopatoa.com\\\/ro\\\/#website\"},\"primaryImageOfPage\":{\"@id\":\"https:\\\/\\\/shopatoa.com\\\/ro\\\/colgate-max-white-purple-reveal-apa-de-gura-pentru-albire-500-ml\\\/#primaryimage\"},\"image\":{\"@id\":\"https:\\\/\\\/shopatoa.com\\\/ro\\\/colgate-max-white-purple-reveal-apa-de-gura-pentru-albire-500-ml\\\/#primaryimage\"},\"thumbnailUrl\":\"https:\\\/\\\/storage.googleapis.com\\\/cz-shopatoa-img\\\/ro\\\/4e59db73-unnamed-file.webp\",\"datePublished\":\"2025-06-17T19:15:30+00:00\",\"dateModified\":\"2025-12-12T16:15:14+00:00\",\"breadcrumb\":{\"@id\":\"https:\\\/\\\/shopatoa.com\\\/ro\\\/colgate-max-white-purple-reveal-apa-de-gura-pentru-albire-500-ml\\\/#breadcrumb\"},\"inLanguage\":\"ro-RO\",\"potentialAction\":[{\"@type\":\"ReadAction\",\"target\":[\"https:\\\/\\\/shopatoa.com\\\/ro\\\/colgate-max-white-purple-reveal-apa-de-gura-pentru-albire-500-ml\\\/\"]}]},{\"@type\":\"ImageObject\",\"inLanguage\":\"ro-RO\",\"@id\":\"https:\\\/\\\/shopatoa.com\\\/ro\\\/colgate-max-white-purple-reveal-apa-de-gura-pentru-albire-500-ml\\\/#primaryimage\",\"url\":\"https:\\\/\\\/storage.googleapis.com\\\/cz-shopatoa-img\\\/ro\\\/4e59db73-unnamed-file.webp\",\"contentUrl\":\"https:\\\/\\\/storage.googleapis.com\\\/cz-shopatoa-img\\\/ro\\\/4e59db73-unnamed-file.webp\",\"width\":800,\"height\":800},{\"@type\":\"BreadcrumbList\",\"@id\":\"https:\\\/\\\/shopatoa.com\\\/ro\\\/colgate-max-white-purple-reveal-apa-de-gura-pentru-albire-500-ml\\\/#breadcrumb\",\"itemListElement\":[{\"@type\":\"ListItem\",\"position\":1,\"name\":\"Dom\u016f\",\"item\":\"https:\\\/\\\/shopatoa.com\\\/ro\\\/\"},{\"@type\":\"ListItem\",\"position\":2,\"name\":\"Shop\",\"item\":\"https:\\\/\\\/shopatoa.com\\\/ro\\\/shop\\\/\"},{\"@type\":\"ListItem\",\"position\":3,\"name\":\"S\u0103n\u0103tate \u0219i frumuse\u021be\",\"item\":\"https:\\\/\\\/shopatoa.com\\\/ro\\\/sanatate-si-frumusete\\\/\"},{\"@type\":\"ListItem\",\"position\":4,\"name\":\"\u00cengrijire personal\u0103\",\"item\":\"https:\\\/\\\/shopatoa.com\\\/ro\\\/ingrijire-personala\\\/\"},{\"@type\":\"ListItem\",\"position\":5,\"name\":\"Igiena oral\u0103\",\"item\":\"https:\\\/\\\/shopatoa.com\\\/ro\\\/igiena-orala\\\/\"},{\"@type\":\"ListItem\",\"position\":6,\"name\":\"Gargar\u0103 de gur\u0103\",\"item\":\"https:\\\/\\\/shopatoa.com\\\/ro\\\/gargara-de-gura\\\/\"},{\"@type\":\"ListItem\",\"position\":7,\"name\":\"Colgate Max White Purple Reveal apa de gura pentru albire 500 ml\"}]},{\"@type\":\"WebSite\",\"@id\":\"https:\\\/\\\/shopatoa.com\\\/ro\\\/#website\",\"url\":\"https:\\\/\\\/shopatoa.com\\\/ro\\\/\",\"name\":\"SHOPATOA\",\"description\":\"\",\"publisher\":{\"@id\":\"https:\\\/\\\/shopatoa.com\\\/ro\\\/#organization\"},\"potentialAction\":[{\"@type\":\"SearchAction\",\"target\":{\"@type\":\"EntryPoint\",\"urlTemplate\":\"https:\\\/\\\/shopatoa.com\\\/ro\\\/?s={search_term_string}\"},\"query-input\":{\"@type\":\"PropertyValueSpecification\",\"valueRequired\":true,\"valueName\":\"search_term_string\"}}],\"inLanguage\":\"ro-RO\"},{\"@type\":\"Organization\",\"@id\":\"https:\\\/\\\/shopatoa.com\\\/ro\\\/#organization\",\"name\":\"SHOPATOA\",\"url\":\"https:\\\/\\\/shopatoa.com\\\/ro\\\/\",\"logo\":{\"@type\":\"ImageObject\",\"inLanguage\":\"ro-RO\",\"@id\":\"https:\\\/\\\/shopatoa.com\\\/ro\\\/#\\\/schema\\\/logo\\\/image\\\/\",\"url\":\"https:\\\/\\\/storage.googleapis.com\\\/cz-shopatoa-img\\\/ro\\\/b4dac915-shopatoa_logo.png\",\"contentUrl\":\"https:\\\/\\\/storage.googleapis.com\\\/cz-shopatoa-img\\\/ro\\\/b4dac915-shopatoa_logo.png\",\"width\":416,\"height\":63,\"caption\":\"SHOPATOA\"},\"image\":{\"@id\":\"https:\\\/\\\/shopatoa.com\\\/ro\\\/#\\\/schema\\\/logo\\\/image\\\/\"}}]}<\/script>\n<!-- \/ Yoast SEO plugin. -->","yoast_head_json":{"title":"Colgate Max White Purple Reveal apa de gura pentru albire 500 ml - SHOPATOA.COM","robots":{"index":"index","follow":"follow","max-snippet":"max-snippet:-1","max-image-preview":"max-image-preview:large","max-video-preview":"max-video-preview:-1"},"canonical":"https:\/\/shopatoa.com\/ro\/colgate-max-white-purple-reveal-apa-de-gura-pentru-albire-500-ml\/","og_locale":"ro_RO","og_type":"article","og_title":"Colgate Max White Purple Reveal apa de gura pentru albire 500 ml - SHOPATOA.COM","og_description":"Colgate Max White Purple Reveal, 500 ml, Apa de gura unisex, Apa de gur\u0103 Colgate Max White Purple Reveal amplific\u0103 efectul pastei de din\u021bi pentru albire \u0219i reface str\u0103lucirea z\u00e2mbetului. Caracteristici: combate formarea cariilor men\u021bine gingiile s\u0103n\u0103toase distruge bacteriile protejeaz\u0103 \u00eempotriva form\u0103rii pl\u0103cii dentobacteriene asigur\u0103 o respira\u021bie proasp\u0103t\u0103 contribuie la albirea din\u021bilor Cum se utilizeaz\u0103:...","og_url":"https:\/\/shopatoa.com\/ro\/colgate-max-white-purple-reveal-apa-de-gura-pentru-albire-500-ml\/","og_site_name":"SHOPATOA","article_modified_time":"2025-12-12T16:15:14+00:00","og_image":[{"width":800,"height":800,"url":"https:\/\/storage.googleapis.com\/cz-shopatoa-img\/ro\/4e59db73-unnamed-file.webp","type":"image\/webp"}],"twitter_card":"summary_large_image","schema":{"@context":"https:\/\/schema.org","@graph":[{"@type":"WebPage","@id":"https:\/\/shopatoa.com\/ro\/colgate-max-white-purple-reveal-apa-de-gura-pentru-albire-500-ml\/","url":"https:\/\/shopatoa.com\/ro\/colgate-max-white-purple-reveal-apa-de-gura-pentru-albire-500-ml\/","name":"Colgate Max White Purple Reveal apa de gura pentru albire 500 ml - SHOPATOA.COM","isPartOf":{"@id":"https:\/\/shopatoa.com\/ro\/#website"},"primaryImageOfPage":{"@id":"https:\/\/shopatoa.com\/ro\/colgate-max-white-purple-reveal-apa-de-gura-pentru-albire-500-ml\/#primaryimage"},"image":{"@id":"https:\/\/shopatoa.com\/ro\/colgate-max-white-purple-reveal-apa-de-gura-pentru-albire-500-ml\/#primaryimage"},"thumbnailUrl":"https:\/\/storage.googleapis.com\/cz-shopatoa-img\/ro\/4e59db73-unnamed-file.webp","datePublished":"2025-06-17T19:15:30+00:00","dateModified":"2025-12-12T16:15:14+00:00","breadcrumb":{"@id":"https:\/\/shopatoa.com\/ro\/colgate-max-white-purple-reveal-apa-de-gura-pentru-albire-500-ml\/#breadcrumb"},"inLanguage":"ro-RO","potentialAction":[{"@type":"ReadAction","target":["https:\/\/shopatoa.com\/ro\/colgate-max-white-purple-reveal-apa-de-gura-pentru-albire-500-ml\/"]}]},{"@type":"ImageObject","inLanguage":"ro-RO","@id":"https:\/\/shopatoa.com\/ro\/colgate-max-white-purple-reveal-apa-de-gura-pentru-albire-500-ml\/#primaryimage","url":"https:\/\/storage.googleapis.com\/cz-shopatoa-img\/ro\/4e59db73-unnamed-file.webp","contentUrl":"https:\/\/storage.googleapis.com\/cz-shopatoa-img\/ro\/4e59db73-unnamed-file.webp","width":800,"height":800},{"@type":"BreadcrumbList","@id":"https:\/\/shopatoa.com\/ro\/colgate-max-white-purple-reveal-apa-de-gura-pentru-albire-500-ml\/#breadcrumb","itemListElement":[{"@type":"ListItem","position":1,"name":"Dom\u016f","item":"https:\/\/shopatoa.com\/ro\/"},{"@type":"ListItem","position":2,"name":"Shop","item":"https:\/\/shopatoa.com\/ro\/shop\/"},{"@type":"ListItem","position":3,"name":"S\u0103n\u0103tate \u0219i frumuse\u021be","item":"https:\/\/shopatoa.com\/ro\/sanatate-si-frumusete\/"},{"@type":"ListItem","position":4,"name":"\u00cengrijire personal\u0103","item":"https:\/\/shopatoa.com\/ro\/ingrijire-personala\/"},{"@type":"ListItem","position":5,"name":"Igiena oral\u0103","item":"https:\/\/shopatoa.com\/ro\/igiena-orala\/"},{"@type":"ListItem","position":6,"name":"Gargar\u0103 de gur\u0103","item":"https:\/\/shopatoa.com\/ro\/gargara-de-gura\/"},{"@type":"ListItem","position":7,"name":"Colgate Max White Purple Reveal apa de gura pentru albire 500 ml"}]},{"@type":"WebSite","@id":"https:\/\/shopatoa.com\/ro\/#website","url":"https:\/\/shopatoa.com\/ro\/","name":"SHOPATOA","description":"","publisher":{"@id":"https:\/\/shopatoa.com\/ro\/#organization"},"potentialAction":[{"@type":"SearchAction","target":{"@type":"EntryPoint","urlTemplate":"https:\/\/shopatoa.com\/ro\/?s={search_term_string}"},"query-input":{"@type":"PropertyValueSpecification","valueRequired":true,"valueName":"search_term_string"}}],"inLanguage":"ro-RO"},{"@type":"Organization","@id":"https:\/\/shopatoa.com\/ro\/#organization","name":"SHOPATOA","url":"https:\/\/shopatoa.com\/ro\/","logo":{"@type":"ImageObject","inLanguage":"ro-RO","@id":"https:\/\/shopatoa.com\/ro\/#\/schema\/logo\/image\/","url":"https:\/\/storage.googleapis.com\/cz-shopatoa-img\/ro\/b4dac915-shopatoa_logo.png","contentUrl":"https:\/\/storage.googleapis.com\/cz-shopatoa-img\/ro\/b4dac915-shopatoa_logo.png","width":416,"height":63,"caption":"SHOPATOA"},"image":{"@id":"https:\/\/shopatoa.com\/ro\/#\/schema\/logo\/image\/"}}]}},"_links":{"self":[{"href":"https:\/\/shopatoa.com\/ro\/wp-json\/wp\/v2\/product\/402176","targetHints":{"allow":["GET"]}}],"collection":[{"href":"https:\/\/shopatoa.com\/ro\/wp-json\/wp\/v2\/product"}],"about":[{"href":"https:\/\/shopatoa.com\/ro\/wp-json\/wp\/v2\/types\/product"}],"replies":[{"embeddable":true,"href":"https:\/\/shopatoa.com\/ro\/wp-json\/wp\/v2\/comments?post=402176"}],"wp:featuredmedia":[{"embeddable":true,"href":"https:\/\/shopatoa.com\/ro\/wp-json\/wp\/v2\/media\/402177"}],"wp:attachment":[{"href":"https:\/\/shopatoa.com\/ro\/wp-json\/wp\/v2\/media?parent=402176"}],"wp:term":[{"taxonomy":"product_brand","embeddable":true,"href":"https:\/\/shopatoa.com\/ro\/wp-json\/wp\/v2\/product_brand?post=402176"},{"taxonomy":"product_cat","embeddable":true,"href":"https:\/\/shopatoa.com\/ro\/wp-json\/wp\/v2\/product_cat?post=402176"},{"taxonomy":"product_tag","embeddable":true,"href":"https:\/\/shopatoa.com\/ro\/wp-json\/wp\/v2\/product_tag?post=402176"}],"curies":[{"name":"wp","href":"https:\/\/api.w.org\/{rel}","templated":true}]}}