{"id":403680,"date":"2025-06-17T23:49:07","date_gmt":"2025-06-17T21:49:07","guid":{"rendered":"https:\/\/shopatoa.com\/ro\/augustinus-bader-the-serum-nomad-ser-cu-efect-de-hidratare-30-ml\/"},"modified":"2025-12-13T04:02:43","modified_gmt":"2025-12-13T03:02:43","slug":"augustinus-bader-the-serum-nomad-ser-cu-efect-de-hidratare-30-ml","status":"publish","type":"product","link":"https:\/\/shopatoa.com\/ro\/augustinus-bader-the-serum-nomad-ser-cu-efect-de-hidratare-30-ml\/","title":{"rendered":"Augustinus Bader The Serum Nomad ser cu efect de hidratare 30 ml"},"content":{"rendered":"<p>Augustinus Bader The Serum Nomad, 30 ml, Seruri pentru piele pentru femei, Serul facial Augustinus Bader The Serum Nomad este un produs cu un con\u021binut de substan\u021be active ridicat. De aceea, ofer\u0103 tenului cea mai luxoas\u0103 \u00eengrijire.  Caracteristici:  uniformizeaz\u0103 nuan\u021ba tenului elimin\u0103 semnele de oboseal\u0103 red\u0103 pielii prospe\u021bimea \u0219i frumuse\u021bea tinereasc\u0103 hidrateaz\u0103 \u0219i hr\u0103ne\u0219te eficient  Cum se utilizeaz\u0103: Se tapoteaz\u0103 o cantitate adecvat\u0103 de ser pe pielea curat\u0103, cu v\u00e2rfurile degetelor. Se aplic\u0103 pe fa\u021b\u0103, pe g\u00e2t \u0219i pe decolteu.<\/p>\n","protected":false},"excerpt":{"rendered":"<p>Augustinus Bader The Serum Nomad, 30 ml, Seruri pentru piele pentru femei, Serul facial Augustinus Bader The Serum Nomad este un produs cu un con\u021binut de substan\u021be active ridicat. De aceea, ofer\u0103 tenului cea mai luxoas\u0103 \u00eengrijire. Caracteristici: uniformizeaz\u0103 nuan\u021ba tenului elimin\u0103 semnele de oboseal\u0103 red\u0103 pielii prospe\u021bimea \u0219i frumuse\u021bea tinereasc\u0103 hidrateaz\u0103 \u0219i hr\u0103ne\u0219te eficient&#8230;<\/p>\n","protected":false},"featured_media":403681,"comment_status":"closed","ping_status":"open","template":"","meta":{"_acf_changed":false,"_kadence_starter_templates_imported_post":false,"_kad_post_transparent":"","_kad_post_title":"","_kad_post_layout":"","_kad_post_sidebar_id":"","_kad_post_content_style":"","_kad_post_vertical_padding":"","_kad_post_feature":"","_kad_post_feature_position":"","_kad_post_header":false,"_kad_post_footer":false,"_kad_post_classname":""},"product_brand":[2821],"product_cat":[1564,1563,1565,1562],"product_tag":[],"class_list":{"0":"post-403680","1":"product","2":"type-product","3":"status-publish","4":"has-post-thumbnail","6":"product_brand-augustinus-bader","7":"product_cat-cosmetice-ingrijire-personala","8":"product_cat-ingrijire-personala","9":"product_cat-ingrijirea-pielii","10":"product_cat-sanatate-si-frumusete","11":"pa_gen-female","12":"pa_marime-30-ml","14":"first","15":"instock","16":"sale","17":"product-type-external","18":"entry","19":"content-bg","20":"loop-entry"},"acf":[],"yoast_head":"<!-- This site is optimized with the Yoast SEO plugin v27.3 - https:\/\/yoast.com\/product\/yoast-seo-wordpress\/ -->\n<title>Augustinus Bader The Serum Nomad ser cu efect de hidratare 30 ml - SHOPATOA.COM<\/title>\n<meta name=\"robots\" content=\"index, follow, max-snippet:-1, max-image-preview:large, max-video-preview:-1\" \/>\n<link rel=\"canonical\" href=\"https:\/\/shopatoa.com\/ro\/augustinus-bader-the-serum-nomad-ser-cu-efect-de-hidratare-30-ml\/\" \/>\n<meta property=\"og:locale\" content=\"ro_RO\" \/>\n<meta property=\"og:type\" content=\"article\" \/>\n<meta property=\"og:title\" content=\"Augustinus Bader The Serum Nomad ser cu efect de hidratare 30 ml - SHOPATOA.COM\" \/>\n<meta property=\"og:description\" content=\"Augustinus Bader The Serum Nomad, 30 ml, Seruri pentru piele pentru femei, Serul facial Augustinus Bader The Serum Nomad este un produs cu un con\u021binut de substan\u021be active ridicat. De aceea, ofer\u0103 tenului cea mai luxoas\u0103 \u00eengrijire. Caracteristici: uniformizeaz\u0103 nuan\u021ba tenului elimin\u0103 semnele de oboseal\u0103 red\u0103 pielii prospe\u021bimea \u0219i frumuse\u021bea tinereasc\u0103 hidrateaz\u0103 \u0219i hr\u0103ne\u0219te eficient...\" \/>\n<meta property=\"og:url\" content=\"https:\/\/shopatoa.com\/ro\/augustinus-bader-the-serum-nomad-ser-cu-efect-de-hidratare-30-ml\/\" \/>\n<meta property=\"og:site_name\" content=\"SHOPATOA\" \/>\n<meta property=\"article:modified_time\" content=\"2025-12-13T03:02:43+00:00\" \/>\n<meta property=\"og:image\" content=\"https:\/\/storage.googleapis.com\/cz-shopatoa-img\/ro\/ced1d612-unnamed-file.webp\" \/>\n\t<meta property=\"og:image:width\" content=\"800\" \/>\n\t<meta property=\"og:image:height\" content=\"800\" \/>\n\t<meta property=\"og:image:type\" content=\"image\/webp\" \/>\n<meta name=\"twitter:card\" content=\"summary_large_image\" \/>\n<script type=\"application\/ld+json\" class=\"yoast-schema-graph\">{\"@context\":\"https:\\\/\\\/schema.org\",\"@graph\":[{\"@type\":\"WebPage\",\"@id\":\"https:\\\/\\\/shopatoa.com\\\/ro\\\/augustinus-bader-the-serum-nomad-ser-cu-efect-de-hidratare-30-ml\\\/\",\"url\":\"https:\\\/\\\/shopatoa.com\\\/ro\\\/augustinus-bader-the-serum-nomad-ser-cu-efect-de-hidratare-30-ml\\\/\",\"name\":\"Augustinus Bader The Serum Nomad ser cu efect de hidratare 30 ml - SHOPATOA.COM\",\"isPartOf\":{\"@id\":\"https:\\\/\\\/shopatoa.com\\\/ro\\\/#website\"},\"primaryImageOfPage\":{\"@id\":\"https:\\\/\\\/shopatoa.com\\\/ro\\\/augustinus-bader-the-serum-nomad-ser-cu-efect-de-hidratare-30-ml\\\/#primaryimage\"},\"image\":{\"@id\":\"https:\\\/\\\/shopatoa.com\\\/ro\\\/augustinus-bader-the-serum-nomad-ser-cu-efect-de-hidratare-30-ml\\\/#primaryimage\"},\"thumbnailUrl\":\"https:\\\/\\\/storage.googleapis.com\\\/cz-shopatoa-img\\\/ro\\\/ced1d612-unnamed-file.webp\",\"datePublished\":\"2025-06-17T21:49:07+00:00\",\"dateModified\":\"2025-12-13T03:02:43+00:00\",\"breadcrumb\":{\"@id\":\"https:\\\/\\\/shopatoa.com\\\/ro\\\/augustinus-bader-the-serum-nomad-ser-cu-efect-de-hidratare-30-ml\\\/#breadcrumb\"},\"inLanguage\":\"ro-RO\",\"potentialAction\":[{\"@type\":\"ReadAction\",\"target\":[\"https:\\\/\\\/shopatoa.com\\\/ro\\\/augustinus-bader-the-serum-nomad-ser-cu-efect-de-hidratare-30-ml\\\/\"]}]},{\"@type\":\"ImageObject\",\"inLanguage\":\"ro-RO\",\"@id\":\"https:\\\/\\\/shopatoa.com\\\/ro\\\/augustinus-bader-the-serum-nomad-ser-cu-efect-de-hidratare-30-ml\\\/#primaryimage\",\"url\":\"https:\\\/\\\/storage.googleapis.com\\\/cz-shopatoa-img\\\/ro\\\/ced1d612-unnamed-file.webp\",\"contentUrl\":\"https:\\\/\\\/storage.googleapis.com\\\/cz-shopatoa-img\\\/ro\\\/ced1d612-unnamed-file.webp\",\"width\":800,\"height\":800},{\"@type\":\"BreadcrumbList\",\"@id\":\"https:\\\/\\\/shopatoa.com\\\/ro\\\/augustinus-bader-the-serum-nomad-ser-cu-efect-de-hidratare-30-ml\\\/#breadcrumb\",\"itemListElement\":[{\"@type\":\"ListItem\",\"position\":1,\"name\":\"Dom\u016f\",\"item\":\"https:\\\/\\\/shopatoa.com\\\/ro\\\/\"},{\"@type\":\"ListItem\",\"position\":2,\"name\":\"Shop\",\"item\":\"https:\\\/\\\/shopatoa.com\\\/ro\\\/shop\\\/\"},{\"@type\":\"ListItem\",\"position\":3,\"name\":\"S\u0103n\u0103tate \u0219i frumuse\u021be\",\"item\":\"https:\\\/\\\/shopatoa.com\\\/ro\\\/sanatate-si-frumusete\\\/\"},{\"@type\":\"ListItem\",\"position\":4,\"name\":\"\u00cengrijire personal\u0103\",\"item\":\"https:\\\/\\\/shopatoa.com\\\/ro\\\/ingrijire-personala\\\/\"},{\"@type\":\"ListItem\",\"position\":5,\"name\":\"Cosmetice\",\"item\":\"https:\\\/\\\/shopatoa.com\\\/ro\\\/cosmetice-ingrijire-personala\\\/\"},{\"@type\":\"ListItem\",\"position\":6,\"name\":\"\u00cengrijirea pielii\",\"item\":\"https:\\\/\\\/shopatoa.com\\\/ro\\\/ingrijirea-pielii\\\/\"},{\"@type\":\"ListItem\",\"position\":7,\"name\":\"Augustinus Bader The Serum Nomad ser cu efect de hidratare 30 ml\"}]},{\"@type\":\"WebSite\",\"@id\":\"https:\\\/\\\/shopatoa.com\\\/ro\\\/#website\",\"url\":\"https:\\\/\\\/shopatoa.com\\\/ro\\\/\",\"name\":\"SHOPATOA\",\"description\":\"\",\"publisher\":{\"@id\":\"https:\\\/\\\/shopatoa.com\\\/ro\\\/#organization\"},\"potentialAction\":[{\"@type\":\"SearchAction\",\"target\":{\"@type\":\"EntryPoint\",\"urlTemplate\":\"https:\\\/\\\/shopatoa.com\\\/ro\\\/?s={search_term_string}\"},\"query-input\":{\"@type\":\"PropertyValueSpecification\",\"valueRequired\":true,\"valueName\":\"search_term_string\"}}],\"inLanguage\":\"ro-RO\"},{\"@type\":\"Organization\",\"@id\":\"https:\\\/\\\/shopatoa.com\\\/ro\\\/#organization\",\"name\":\"SHOPATOA\",\"url\":\"https:\\\/\\\/shopatoa.com\\\/ro\\\/\",\"logo\":{\"@type\":\"ImageObject\",\"inLanguage\":\"ro-RO\",\"@id\":\"https:\\\/\\\/shopatoa.com\\\/ro\\\/#\\\/schema\\\/logo\\\/image\\\/\",\"url\":\"https:\\\/\\\/storage.googleapis.com\\\/cz-shopatoa-img\\\/ro\\\/b4dac915-shopatoa_logo.png\",\"contentUrl\":\"https:\\\/\\\/storage.googleapis.com\\\/cz-shopatoa-img\\\/ro\\\/b4dac915-shopatoa_logo.png\",\"width\":416,\"height\":63,\"caption\":\"SHOPATOA\"},\"image\":{\"@id\":\"https:\\\/\\\/shopatoa.com\\\/ro\\\/#\\\/schema\\\/logo\\\/image\\\/\"}}]}<\/script>\n<!-- \/ Yoast SEO plugin. -->","yoast_head_json":{"title":"Augustinus Bader The Serum Nomad ser cu efect de hidratare 30 ml - SHOPATOA.COM","robots":{"index":"index","follow":"follow","max-snippet":"max-snippet:-1","max-image-preview":"max-image-preview:large","max-video-preview":"max-video-preview:-1"},"canonical":"https:\/\/shopatoa.com\/ro\/augustinus-bader-the-serum-nomad-ser-cu-efect-de-hidratare-30-ml\/","og_locale":"ro_RO","og_type":"article","og_title":"Augustinus Bader The Serum Nomad ser cu efect de hidratare 30 ml - SHOPATOA.COM","og_description":"Augustinus Bader The Serum Nomad, 30 ml, Seruri pentru piele pentru femei, Serul facial Augustinus Bader The Serum Nomad este un produs cu un con\u021binut de substan\u021be active ridicat. De aceea, ofer\u0103 tenului cea mai luxoas\u0103 \u00eengrijire. Caracteristici: uniformizeaz\u0103 nuan\u021ba tenului elimin\u0103 semnele de oboseal\u0103 red\u0103 pielii prospe\u021bimea \u0219i frumuse\u021bea tinereasc\u0103 hidrateaz\u0103 \u0219i hr\u0103ne\u0219te eficient...","og_url":"https:\/\/shopatoa.com\/ro\/augustinus-bader-the-serum-nomad-ser-cu-efect-de-hidratare-30-ml\/","og_site_name":"SHOPATOA","article_modified_time":"2025-12-13T03:02:43+00:00","og_image":[{"width":800,"height":800,"url":"https:\/\/storage.googleapis.com\/cz-shopatoa-img\/ro\/ced1d612-unnamed-file.webp","type":"image\/webp"}],"twitter_card":"summary_large_image","schema":{"@context":"https:\/\/schema.org","@graph":[{"@type":"WebPage","@id":"https:\/\/shopatoa.com\/ro\/augustinus-bader-the-serum-nomad-ser-cu-efect-de-hidratare-30-ml\/","url":"https:\/\/shopatoa.com\/ro\/augustinus-bader-the-serum-nomad-ser-cu-efect-de-hidratare-30-ml\/","name":"Augustinus Bader The Serum Nomad ser cu efect de hidratare 30 ml - SHOPATOA.COM","isPartOf":{"@id":"https:\/\/shopatoa.com\/ro\/#website"},"primaryImageOfPage":{"@id":"https:\/\/shopatoa.com\/ro\/augustinus-bader-the-serum-nomad-ser-cu-efect-de-hidratare-30-ml\/#primaryimage"},"image":{"@id":"https:\/\/shopatoa.com\/ro\/augustinus-bader-the-serum-nomad-ser-cu-efect-de-hidratare-30-ml\/#primaryimage"},"thumbnailUrl":"https:\/\/storage.googleapis.com\/cz-shopatoa-img\/ro\/ced1d612-unnamed-file.webp","datePublished":"2025-06-17T21:49:07+00:00","dateModified":"2025-12-13T03:02:43+00:00","breadcrumb":{"@id":"https:\/\/shopatoa.com\/ro\/augustinus-bader-the-serum-nomad-ser-cu-efect-de-hidratare-30-ml\/#breadcrumb"},"inLanguage":"ro-RO","potentialAction":[{"@type":"ReadAction","target":["https:\/\/shopatoa.com\/ro\/augustinus-bader-the-serum-nomad-ser-cu-efect-de-hidratare-30-ml\/"]}]},{"@type":"ImageObject","inLanguage":"ro-RO","@id":"https:\/\/shopatoa.com\/ro\/augustinus-bader-the-serum-nomad-ser-cu-efect-de-hidratare-30-ml\/#primaryimage","url":"https:\/\/storage.googleapis.com\/cz-shopatoa-img\/ro\/ced1d612-unnamed-file.webp","contentUrl":"https:\/\/storage.googleapis.com\/cz-shopatoa-img\/ro\/ced1d612-unnamed-file.webp","width":800,"height":800},{"@type":"BreadcrumbList","@id":"https:\/\/shopatoa.com\/ro\/augustinus-bader-the-serum-nomad-ser-cu-efect-de-hidratare-30-ml\/#breadcrumb","itemListElement":[{"@type":"ListItem","position":1,"name":"Dom\u016f","item":"https:\/\/shopatoa.com\/ro\/"},{"@type":"ListItem","position":2,"name":"Shop","item":"https:\/\/shopatoa.com\/ro\/shop\/"},{"@type":"ListItem","position":3,"name":"S\u0103n\u0103tate \u0219i frumuse\u021be","item":"https:\/\/shopatoa.com\/ro\/sanatate-si-frumusete\/"},{"@type":"ListItem","position":4,"name":"\u00cengrijire personal\u0103","item":"https:\/\/shopatoa.com\/ro\/ingrijire-personala\/"},{"@type":"ListItem","position":5,"name":"Cosmetice","item":"https:\/\/shopatoa.com\/ro\/cosmetice-ingrijire-personala\/"},{"@type":"ListItem","position":6,"name":"\u00cengrijirea pielii","item":"https:\/\/shopatoa.com\/ro\/ingrijirea-pielii\/"},{"@type":"ListItem","position":7,"name":"Augustinus Bader The Serum Nomad ser cu efect de hidratare 30 ml"}]},{"@type":"WebSite","@id":"https:\/\/shopatoa.com\/ro\/#website","url":"https:\/\/shopatoa.com\/ro\/","name":"SHOPATOA","description":"","publisher":{"@id":"https:\/\/shopatoa.com\/ro\/#organization"},"potentialAction":[{"@type":"SearchAction","target":{"@type":"EntryPoint","urlTemplate":"https:\/\/shopatoa.com\/ro\/?s={search_term_string}"},"query-input":{"@type":"PropertyValueSpecification","valueRequired":true,"valueName":"search_term_string"}}],"inLanguage":"ro-RO"},{"@type":"Organization","@id":"https:\/\/shopatoa.com\/ro\/#organization","name":"SHOPATOA","url":"https:\/\/shopatoa.com\/ro\/","logo":{"@type":"ImageObject","inLanguage":"ro-RO","@id":"https:\/\/shopatoa.com\/ro\/#\/schema\/logo\/image\/","url":"https:\/\/storage.googleapis.com\/cz-shopatoa-img\/ro\/b4dac915-shopatoa_logo.png","contentUrl":"https:\/\/storage.googleapis.com\/cz-shopatoa-img\/ro\/b4dac915-shopatoa_logo.png","width":416,"height":63,"caption":"SHOPATOA"},"image":{"@id":"https:\/\/shopatoa.com\/ro\/#\/schema\/logo\/image\/"}}]}},"_links":{"self":[{"href":"https:\/\/shopatoa.com\/ro\/wp-json\/wp\/v2\/product\/403680","targetHints":{"allow":["GET"]}}],"collection":[{"href":"https:\/\/shopatoa.com\/ro\/wp-json\/wp\/v2\/product"}],"about":[{"href":"https:\/\/shopatoa.com\/ro\/wp-json\/wp\/v2\/types\/product"}],"replies":[{"embeddable":true,"href":"https:\/\/shopatoa.com\/ro\/wp-json\/wp\/v2\/comments?post=403680"}],"wp:featuredmedia":[{"embeddable":true,"href":"https:\/\/shopatoa.com\/ro\/wp-json\/wp\/v2\/media\/403681"}],"wp:attachment":[{"href":"https:\/\/shopatoa.com\/ro\/wp-json\/wp\/v2\/media?parent=403680"}],"wp:term":[{"taxonomy":"product_brand","embeddable":true,"href":"https:\/\/shopatoa.com\/ro\/wp-json\/wp\/v2\/product_brand?post=403680"},{"taxonomy":"product_cat","embeddable":true,"href":"https:\/\/shopatoa.com\/ro\/wp-json\/wp\/v2\/product_cat?post=403680"},{"taxonomy":"product_tag","embeddable":true,"href":"https:\/\/shopatoa.com\/ro\/wp-json\/wp\/v2\/product_tag?post=403680"}],"curies":[{"name":"wp","href":"https:\/\/api.w.org\/{rel}","templated":true}]}}