{"id":403907,"date":"2025-06-18T00:21:50","date_gmt":"2025-06-17T22:21:50","guid":{"rendered":"https:\/\/shopatoa.com\/ro\/nivea-men-sensitive-gel-pentru-barbierit-pentru-barbati-200-ml-2\/"},"modified":"2025-12-13T02:26:53","modified_gmt":"2025-12-13T01:26:53","slug":"nivea-men-sensitive-gel-pentru-barbierit-pentru-barbati-200-ml-2","status":"publish","type":"product","link":"https:\/\/shopatoa.com\/ro\/nivea-men-sensitive-gel-pentru-barbierit-pentru-barbati-200-ml-2\/","title":{"rendered":"Nivea Men Sensitive gel pentru b\u0103rbierit pentru barbati 200 ml"},"content":{"rendered":"<p>Nivea Men Sensitive, 200 ml, Produse pentru b\u0103rbierit pentru b\u0103rba\u021bi, Dori\u021bi s\u0103 v\u0103 facilita\u021bi b\u0103rbieritul \u0219i s\u0103 \u00eel transforma\u021bi \u00eentr-un proces c\u00e2t mai pl\u0103cut posibil? Produsul de b\u0103rbierit Nivea Men Sensitive va asigura o alunecare lin\u0103 a aparatului de ras \u0219i, datorit\u0103 protec\u021biei pe care o ofer\u0103 tenului, va permite un b\u0103rbierit precis al b\u0103rbii, f\u0103r\u0103 riscul de irita\u021bii sau r\u0103niri cu lama. Uita\u021bi de disconfortul \u0219i senza\u021bia nepl\u0103cut\u0103 din timpul b\u0103rbieritului \u0219i bucura\u021bi-v\u0103 \u00een schimb de o rutin\u0103 de b\u0103rbierit u\u0219oar\u0103, ob\u021bin\u00e2nd ca rezultat o fa\u021b\u0103 perfect neted\u0103.  Caracteristici:  hidrateaz\u0103 \u0219i nu usuc\u0103 pielea \u00eemprosp\u0103teaz\u0103 pl\u0103cut faciliteaz\u0103 b\u0103rbieritul  Cum se utilizeaz\u0103: Pe fa\u021ba \u0219i pe g\u00e2tul umezite, se aplic\u0103 o cantitate suficient\u0103 de preparat. Se \u00eentinde uniform, cu mi\u0219c\u0103ri circulare, p\u00e2n\u0103 c\u00e2nd se formeaz\u0103 o spum\u0103. Dup\u0103 b\u0103rbierit, se spal\u0103 bine.<\/p>\n","protected":false},"excerpt":{"rendered":"<p>Nivea Men Sensitive, 200 ml, Produse pentru b\u0103rbierit pentru b\u0103rba\u021bi, Dori\u021bi s\u0103 v\u0103 facilita\u021bi b\u0103rbieritul \u0219i s\u0103 \u00eel transforma\u021bi \u00eentr-un proces c\u00e2t mai pl\u0103cut posibil? Produsul de b\u0103rbierit Nivea Men Sensitive va asigura o alunecare lin\u0103 a aparatului de ras \u0219i, datorit\u0103 protec\u021biei pe care o ofer\u0103 tenului, va permite un b\u0103rbierit precis al b\u0103rbii,&#8230;<\/p>\n","protected":false},"featured_media":403908,"comment_status":"closed","ping_status":"open","template":"","meta":{"_acf_changed":false,"_kadence_starter_templates_imported_post":false,"_kad_post_transparent":"","_kad_post_title":"","_kad_post_layout":"","_kad_post_sidebar_id":"","_kad_post_content_style":"","_kad_post_vertical_padding":"","_kad_post_feature":"","_kad_post_feature_position":"","_kad_post_header":false,"_kad_post_footer":false,"_kad_post_classname":""},"product_brand":[91],"product_cat":[1593,1563,1562],"product_tag":[],"class_list":{"0":"post-403907","1":"product","2":"type-product","3":"status-publish","4":"has-post-thumbnail","6":"product_brand-nivea","7":"product_cat-barbierit-si-ingrijire-personala","8":"product_cat-ingrijire-personala","9":"product_cat-sanatate-si-frumusete","10":"pa_gen-male","11":"pa_marime-200-ml","13":"first","14":"instock","15":"sale","16":"product-type-external","17":"entry","18":"content-bg","19":"loop-entry"},"acf":[],"yoast_head":"<!-- This site is optimized with the Yoast SEO plugin v27.3 - https:\/\/yoast.com\/product\/yoast-seo-wordpress\/ -->\n<title>Nivea Men Sensitive gel pentru b\u0103rbierit pentru barbati 200 ml - SHOPATOA.COM<\/title>\n<meta name=\"robots\" content=\"index, follow, max-snippet:-1, max-image-preview:large, max-video-preview:-1\" \/>\n<link rel=\"canonical\" href=\"https:\/\/shopatoa.com\/ro\/nivea-men-sensitive-gel-pentru-barbierit-pentru-barbati-200-ml-2\/\" \/>\n<meta property=\"og:locale\" content=\"ro_RO\" \/>\n<meta property=\"og:type\" content=\"article\" \/>\n<meta property=\"og:title\" content=\"Nivea Men Sensitive gel pentru b\u0103rbierit pentru barbati 200 ml - SHOPATOA.COM\" \/>\n<meta property=\"og:description\" content=\"Nivea Men Sensitive, 200 ml, Produse pentru b\u0103rbierit pentru b\u0103rba\u021bi, Dori\u021bi s\u0103 v\u0103 facilita\u021bi b\u0103rbieritul \u0219i s\u0103 \u00eel transforma\u021bi \u00eentr-un proces c\u00e2t mai pl\u0103cut posibil? Produsul de b\u0103rbierit Nivea Men Sensitive va asigura o alunecare lin\u0103 a aparatului de ras \u0219i, datorit\u0103 protec\u021biei pe care o ofer\u0103 tenului, va permite un b\u0103rbierit precis al b\u0103rbii,...\" \/>\n<meta property=\"og:url\" content=\"https:\/\/shopatoa.com\/ro\/nivea-men-sensitive-gel-pentru-barbierit-pentru-barbati-200-ml-2\/\" \/>\n<meta property=\"og:site_name\" content=\"SHOPATOA\" \/>\n<meta property=\"article:modified_time\" content=\"2025-12-13T01:26:53+00:00\" \/>\n<meta property=\"og:image\" content=\"https:\/\/storage.googleapis.com\/cz-shopatoa-img\/ro\/c07ccf72-unnamed-file.webp\" \/>\n\t<meta property=\"og:image:width\" content=\"800\" \/>\n\t<meta property=\"og:image:height\" content=\"800\" \/>\n\t<meta property=\"og:image:type\" content=\"image\/webp\" \/>\n<meta name=\"twitter:card\" content=\"summary_large_image\" \/>\n<meta name=\"twitter:label1\" content=\"Timp estimat pentru citire\" \/>\n\t<meta name=\"twitter:data1\" content=\"1 minut\" \/>\n<script type=\"application\/ld+json\" class=\"yoast-schema-graph\">{\"@context\":\"https:\\\/\\\/schema.org\",\"@graph\":[{\"@type\":\"WebPage\",\"@id\":\"https:\\\/\\\/shopatoa.com\\\/ro\\\/nivea-men-sensitive-gel-pentru-barbierit-pentru-barbati-200-ml-2\\\/\",\"url\":\"https:\\\/\\\/shopatoa.com\\\/ro\\\/nivea-men-sensitive-gel-pentru-barbierit-pentru-barbati-200-ml-2\\\/\",\"name\":\"Nivea Men Sensitive gel pentru b\u0103rbierit pentru barbati 200 ml - SHOPATOA.COM\",\"isPartOf\":{\"@id\":\"https:\\\/\\\/shopatoa.com\\\/ro\\\/#website\"},\"primaryImageOfPage\":{\"@id\":\"https:\\\/\\\/shopatoa.com\\\/ro\\\/nivea-men-sensitive-gel-pentru-barbierit-pentru-barbati-200-ml-2\\\/#primaryimage\"},\"image\":{\"@id\":\"https:\\\/\\\/shopatoa.com\\\/ro\\\/nivea-men-sensitive-gel-pentru-barbierit-pentru-barbati-200-ml-2\\\/#primaryimage\"},\"thumbnailUrl\":\"https:\\\/\\\/storage.googleapis.com\\\/cz-shopatoa-img\\\/ro\\\/c07ccf72-unnamed-file.webp\",\"datePublished\":\"2025-06-17T22:21:50+00:00\",\"dateModified\":\"2025-12-13T01:26:53+00:00\",\"breadcrumb\":{\"@id\":\"https:\\\/\\\/shopatoa.com\\\/ro\\\/nivea-men-sensitive-gel-pentru-barbierit-pentru-barbati-200-ml-2\\\/#breadcrumb\"},\"inLanguage\":\"ro-RO\",\"potentialAction\":[{\"@type\":\"ReadAction\",\"target\":[\"https:\\\/\\\/shopatoa.com\\\/ro\\\/nivea-men-sensitive-gel-pentru-barbierit-pentru-barbati-200-ml-2\\\/\"]}]},{\"@type\":\"ImageObject\",\"inLanguage\":\"ro-RO\",\"@id\":\"https:\\\/\\\/shopatoa.com\\\/ro\\\/nivea-men-sensitive-gel-pentru-barbierit-pentru-barbati-200-ml-2\\\/#primaryimage\",\"url\":\"https:\\\/\\\/storage.googleapis.com\\\/cz-shopatoa-img\\\/ro\\\/c07ccf72-unnamed-file.webp\",\"contentUrl\":\"https:\\\/\\\/storage.googleapis.com\\\/cz-shopatoa-img\\\/ro\\\/c07ccf72-unnamed-file.webp\",\"width\":800,\"height\":800},{\"@type\":\"BreadcrumbList\",\"@id\":\"https:\\\/\\\/shopatoa.com\\\/ro\\\/nivea-men-sensitive-gel-pentru-barbierit-pentru-barbati-200-ml-2\\\/#breadcrumb\",\"itemListElement\":[{\"@type\":\"ListItem\",\"position\":1,\"name\":\"Dom\u016f\",\"item\":\"https:\\\/\\\/shopatoa.com\\\/ro\\\/\"},{\"@type\":\"ListItem\",\"position\":2,\"name\":\"Shop\",\"item\":\"https:\\\/\\\/shopatoa.com\\\/ro\\\/shop\\\/\"},{\"@type\":\"ListItem\",\"position\":3,\"name\":\"S\u0103n\u0103tate \u0219i frumuse\u021be\",\"item\":\"https:\\\/\\\/shopatoa.com\\\/ro\\\/sanatate-si-frumusete\\\/\"},{\"@type\":\"ListItem\",\"position\":4,\"name\":\"\u00cengrijire personal\u0103\",\"item\":\"https:\\\/\\\/shopatoa.com\\\/ro\\\/ingrijire-personala\\\/\"},{\"@type\":\"ListItem\",\"position\":5,\"name\":\"B\u0103rbierit \u0219i \u00eengrijire personal\u0103\",\"item\":\"https:\\\/\\\/shopatoa.com\\\/ro\\\/barbierit-si-ingrijire-personala\\\/\"},{\"@type\":\"ListItem\",\"position\":6,\"name\":\"Nivea Men Sensitive gel pentru b\u0103rbierit pentru barbati 200 ml\"}]},{\"@type\":\"WebSite\",\"@id\":\"https:\\\/\\\/shopatoa.com\\\/ro\\\/#website\",\"url\":\"https:\\\/\\\/shopatoa.com\\\/ro\\\/\",\"name\":\"SHOPATOA\",\"description\":\"\",\"publisher\":{\"@id\":\"https:\\\/\\\/shopatoa.com\\\/ro\\\/#organization\"},\"potentialAction\":[{\"@type\":\"SearchAction\",\"target\":{\"@type\":\"EntryPoint\",\"urlTemplate\":\"https:\\\/\\\/shopatoa.com\\\/ro\\\/?s={search_term_string}\"},\"query-input\":{\"@type\":\"PropertyValueSpecification\",\"valueRequired\":true,\"valueName\":\"search_term_string\"}}],\"inLanguage\":\"ro-RO\"},{\"@type\":\"Organization\",\"@id\":\"https:\\\/\\\/shopatoa.com\\\/ro\\\/#organization\",\"name\":\"SHOPATOA\",\"url\":\"https:\\\/\\\/shopatoa.com\\\/ro\\\/\",\"logo\":{\"@type\":\"ImageObject\",\"inLanguage\":\"ro-RO\",\"@id\":\"https:\\\/\\\/shopatoa.com\\\/ro\\\/#\\\/schema\\\/logo\\\/image\\\/\",\"url\":\"https:\\\/\\\/storage.googleapis.com\\\/cz-shopatoa-img\\\/ro\\\/b4dac915-shopatoa_logo.png\",\"contentUrl\":\"https:\\\/\\\/storage.googleapis.com\\\/cz-shopatoa-img\\\/ro\\\/b4dac915-shopatoa_logo.png\",\"width\":416,\"height\":63,\"caption\":\"SHOPATOA\"},\"image\":{\"@id\":\"https:\\\/\\\/shopatoa.com\\\/ro\\\/#\\\/schema\\\/logo\\\/image\\\/\"}}]}<\/script>\n<!-- \/ Yoast SEO plugin. -->","yoast_head_json":{"title":"Nivea Men Sensitive gel pentru b\u0103rbierit pentru barbati 200 ml - SHOPATOA.COM","robots":{"index":"index","follow":"follow","max-snippet":"max-snippet:-1","max-image-preview":"max-image-preview:large","max-video-preview":"max-video-preview:-1"},"canonical":"https:\/\/shopatoa.com\/ro\/nivea-men-sensitive-gel-pentru-barbierit-pentru-barbati-200-ml-2\/","og_locale":"ro_RO","og_type":"article","og_title":"Nivea Men Sensitive gel pentru b\u0103rbierit pentru barbati 200 ml - SHOPATOA.COM","og_description":"Nivea Men Sensitive, 200 ml, Produse pentru b\u0103rbierit pentru b\u0103rba\u021bi, Dori\u021bi s\u0103 v\u0103 facilita\u021bi b\u0103rbieritul \u0219i s\u0103 \u00eel transforma\u021bi \u00eentr-un proces c\u00e2t mai pl\u0103cut posibil? Produsul de b\u0103rbierit Nivea Men Sensitive va asigura o alunecare lin\u0103 a aparatului de ras \u0219i, datorit\u0103 protec\u021biei pe care o ofer\u0103 tenului, va permite un b\u0103rbierit precis al b\u0103rbii,...","og_url":"https:\/\/shopatoa.com\/ro\/nivea-men-sensitive-gel-pentru-barbierit-pentru-barbati-200-ml-2\/","og_site_name":"SHOPATOA","article_modified_time":"2025-12-13T01:26:53+00:00","og_image":[{"width":800,"height":800,"url":"https:\/\/storage.googleapis.com\/cz-shopatoa-img\/ro\/c07ccf72-unnamed-file.webp","type":"image\/webp"}],"twitter_card":"summary_large_image","twitter_misc":{"Timp estimat pentru citire":"1 minut"},"schema":{"@context":"https:\/\/schema.org","@graph":[{"@type":"WebPage","@id":"https:\/\/shopatoa.com\/ro\/nivea-men-sensitive-gel-pentru-barbierit-pentru-barbati-200-ml-2\/","url":"https:\/\/shopatoa.com\/ro\/nivea-men-sensitive-gel-pentru-barbierit-pentru-barbati-200-ml-2\/","name":"Nivea Men Sensitive gel pentru b\u0103rbierit pentru barbati 200 ml - SHOPATOA.COM","isPartOf":{"@id":"https:\/\/shopatoa.com\/ro\/#website"},"primaryImageOfPage":{"@id":"https:\/\/shopatoa.com\/ro\/nivea-men-sensitive-gel-pentru-barbierit-pentru-barbati-200-ml-2\/#primaryimage"},"image":{"@id":"https:\/\/shopatoa.com\/ro\/nivea-men-sensitive-gel-pentru-barbierit-pentru-barbati-200-ml-2\/#primaryimage"},"thumbnailUrl":"https:\/\/storage.googleapis.com\/cz-shopatoa-img\/ro\/c07ccf72-unnamed-file.webp","datePublished":"2025-06-17T22:21:50+00:00","dateModified":"2025-12-13T01:26:53+00:00","breadcrumb":{"@id":"https:\/\/shopatoa.com\/ro\/nivea-men-sensitive-gel-pentru-barbierit-pentru-barbati-200-ml-2\/#breadcrumb"},"inLanguage":"ro-RO","potentialAction":[{"@type":"ReadAction","target":["https:\/\/shopatoa.com\/ro\/nivea-men-sensitive-gel-pentru-barbierit-pentru-barbati-200-ml-2\/"]}]},{"@type":"ImageObject","inLanguage":"ro-RO","@id":"https:\/\/shopatoa.com\/ro\/nivea-men-sensitive-gel-pentru-barbierit-pentru-barbati-200-ml-2\/#primaryimage","url":"https:\/\/storage.googleapis.com\/cz-shopatoa-img\/ro\/c07ccf72-unnamed-file.webp","contentUrl":"https:\/\/storage.googleapis.com\/cz-shopatoa-img\/ro\/c07ccf72-unnamed-file.webp","width":800,"height":800},{"@type":"BreadcrumbList","@id":"https:\/\/shopatoa.com\/ro\/nivea-men-sensitive-gel-pentru-barbierit-pentru-barbati-200-ml-2\/#breadcrumb","itemListElement":[{"@type":"ListItem","position":1,"name":"Dom\u016f","item":"https:\/\/shopatoa.com\/ro\/"},{"@type":"ListItem","position":2,"name":"Shop","item":"https:\/\/shopatoa.com\/ro\/shop\/"},{"@type":"ListItem","position":3,"name":"S\u0103n\u0103tate \u0219i frumuse\u021be","item":"https:\/\/shopatoa.com\/ro\/sanatate-si-frumusete\/"},{"@type":"ListItem","position":4,"name":"\u00cengrijire personal\u0103","item":"https:\/\/shopatoa.com\/ro\/ingrijire-personala\/"},{"@type":"ListItem","position":5,"name":"B\u0103rbierit \u0219i \u00eengrijire personal\u0103","item":"https:\/\/shopatoa.com\/ro\/barbierit-si-ingrijire-personala\/"},{"@type":"ListItem","position":6,"name":"Nivea Men Sensitive gel pentru b\u0103rbierit pentru barbati 200 ml"}]},{"@type":"WebSite","@id":"https:\/\/shopatoa.com\/ro\/#website","url":"https:\/\/shopatoa.com\/ro\/","name":"SHOPATOA","description":"","publisher":{"@id":"https:\/\/shopatoa.com\/ro\/#organization"},"potentialAction":[{"@type":"SearchAction","target":{"@type":"EntryPoint","urlTemplate":"https:\/\/shopatoa.com\/ro\/?s={search_term_string}"},"query-input":{"@type":"PropertyValueSpecification","valueRequired":true,"valueName":"search_term_string"}}],"inLanguage":"ro-RO"},{"@type":"Organization","@id":"https:\/\/shopatoa.com\/ro\/#organization","name":"SHOPATOA","url":"https:\/\/shopatoa.com\/ro\/","logo":{"@type":"ImageObject","inLanguage":"ro-RO","@id":"https:\/\/shopatoa.com\/ro\/#\/schema\/logo\/image\/","url":"https:\/\/storage.googleapis.com\/cz-shopatoa-img\/ro\/b4dac915-shopatoa_logo.png","contentUrl":"https:\/\/storage.googleapis.com\/cz-shopatoa-img\/ro\/b4dac915-shopatoa_logo.png","width":416,"height":63,"caption":"SHOPATOA"},"image":{"@id":"https:\/\/shopatoa.com\/ro\/#\/schema\/logo\/image\/"}}]}},"_links":{"self":[{"href":"https:\/\/shopatoa.com\/ro\/wp-json\/wp\/v2\/product\/403907","targetHints":{"allow":["GET"]}}],"collection":[{"href":"https:\/\/shopatoa.com\/ro\/wp-json\/wp\/v2\/product"}],"about":[{"href":"https:\/\/shopatoa.com\/ro\/wp-json\/wp\/v2\/types\/product"}],"replies":[{"embeddable":true,"href":"https:\/\/shopatoa.com\/ro\/wp-json\/wp\/v2\/comments?post=403907"}],"wp:featuredmedia":[{"embeddable":true,"href":"https:\/\/shopatoa.com\/ro\/wp-json\/wp\/v2\/media\/403908"}],"wp:attachment":[{"href":"https:\/\/shopatoa.com\/ro\/wp-json\/wp\/v2\/media?parent=403907"}],"wp:term":[{"taxonomy":"product_brand","embeddable":true,"href":"https:\/\/shopatoa.com\/ro\/wp-json\/wp\/v2\/product_brand?post=403907"},{"taxonomy":"product_cat","embeddable":true,"href":"https:\/\/shopatoa.com\/ro\/wp-json\/wp\/v2\/product_cat?post=403907"},{"taxonomy":"product_tag","embeddable":true,"href":"https:\/\/shopatoa.com\/ro\/wp-json\/wp\/v2\/product_tag?post=403907"}],"curies":[{"name":"wp","href":"https:\/\/api.w.org\/{rel}","templated":true}]}}