{"id":404061,"date":"2025-06-18T00:38:09","date_gmt":"2025-06-17T22:38:09","guid":{"rendered":"https:\/\/shopatoa.com\/ro\/wella-professionals-blondor-pudra-decoloranta-800-g\/"},"modified":"2025-12-13T01:24:31","modified_gmt":"2025-12-13T00:24:31","slug":"wella-professionals-blondor-pudra-decoloranta-800-g","status":"publish","type":"product","link":"https:\/\/shopatoa.com\/ro\/wella-professionals-blondor-pudra-decoloranta-800-g\/","title":{"rendered":"Wella Professionals Blondor pudra decoloranta 800 g"},"content":{"rendered":"<p>Wella Professionals Blondor, 800 g, Decoloran\u021bi pentru p\u0103r pentru femei, Decolorarea p\u0103rului necesit\u0103 adesea vizit\u0103 la coafor, \u00eens\u0103 acum nu mai este nevoie s\u0103 merge\u021bi nic\u0103ieri. Produsul Wella Professionals Blondor garanteaz\u0103 un rezultat ca din m\u00e2inile unui profesional. Elimin\u0103 eficient din p\u0103r pigmen\u021bii \u00eenchi\u0219i, astfel \u00eenc\u00e2t s\u0103 ob\u021bine\u021bi rapid \u0219i u\u0219or nuan\u021ba dorit\u0103.  Caracteristici:  decoloreaz\u0103 p\u0103rul natural \u0219i vopsit asigur\u0103 decolorarea uniform\u0103  Cum se utilizeaz\u0103: \u00cenainte de aplicare, este necesar\u0103 testarea eventualei reac\u021bii negative la substan\u021ba decolorant\u0103. Se va testa pe o por\u021biune mic\u0103 de piele \u0219i p\u0103r. Numai pentru uz profesional.<\/p>\n","protected":false},"excerpt":{"rendered":"<p>Wella Professionals Blondor, 800 g, Decoloran\u021bi pentru p\u0103r pentru femei, Decolorarea p\u0103rului necesit\u0103 adesea vizit\u0103 la coafor, \u00eens\u0103 acum nu mai este nevoie s\u0103 merge\u021bi nic\u0103ieri. Produsul Wella Professionals Blondor garanteaz\u0103 un rezultat ca din m\u00e2inile unui profesional. Elimin\u0103 eficient din p\u0103r pigmen\u021bii \u00eenchi\u0219i, astfel \u00eenc\u00e2t s\u0103 ob\u021bine\u021bi rapid \u0219i u\u0219or nuan\u021ba dorit\u0103. Caracteristici: decoloreaz\u0103&#8230;<\/p>\n","protected":false},"featured_media":406366,"comment_status":"closed","ping_status":"open","template":"","meta":{"_acf_changed":false,"_kadence_starter_templates_imported_post":false,"_kad_post_transparent":"","_kad_post_title":"","_kad_post_layout":"","_kad_post_sidebar_id":"","_kad_post_content_style":"","_kad_post_vertical_padding":"","_kad_post_feature":"","_kad_post_feature_position":"","_kad_post_header":false,"_kad_post_footer":false,"_kad_post_classname":""},"product_brand":[189],"product_cat":[1563,1590,1562,1675],"product_tag":[],"class_list":{"0":"post-404061","1":"product","2":"type-product","3":"status-publish","4":"has-post-thumbnail","6":"product_brand-wella-professionals","7":"product_cat-ingrijire-personala","8":"product_cat-ingrijirea-parului","9":"product_cat-sanatate-si-frumusete","10":"product_cat-vopsirea-parului","11":"pa_gen-female","12":"pa_marime-800-g","14":"first","15":"instock","16":"sale","17":"product-type-external","18":"entry","19":"content-bg","20":"loop-entry"},"acf":[],"yoast_head":"<!-- This site is optimized with the Yoast SEO plugin v27.4 - https:\/\/yoast.com\/product\/yoast-seo-wordpress\/ -->\n<title>Wella Professionals Blondor pudra decoloranta 800 g - SHOPATOA.COM<\/title>\n<meta name=\"robots\" content=\"index, follow, max-snippet:-1, max-image-preview:large, max-video-preview:-1\" \/>\n<link rel=\"canonical\" href=\"https:\/\/shopatoa.com\/ro\/wella-professionals-blondor-pudra-decoloranta-800-g\/\" \/>\n<meta property=\"og:locale\" content=\"ro_RO\" \/>\n<meta property=\"og:type\" content=\"article\" \/>\n<meta property=\"og:title\" content=\"Wella Professionals Blondor pudra decoloranta 800 g - SHOPATOA.COM\" \/>\n<meta property=\"og:description\" content=\"Wella Professionals Blondor, 800 g, Decoloran\u021bi pentru p\u0103r pentru femei, Decolorarea p\u0103rului necesit\u0103 adesea vizit\u0103 la coafor, \u00eens\u0103 acum nu mai este nevoie s\u0103 merge\u021bi nic\u0103ieri. Produsul Wella Professionals Blondor garanteaz\u0103 un rezultat ca din m\u00e2inile unui profesional. Elimin\u0103 eficient din p\u0103r pigmen\u021bii \u00eenchi\u0219i, astfel \u00eenc\u00e2t s\u0103 ob\u021bine\u021bi rapid \u0219i u\u0219or nuan\u021ba dorit\u0103. Caracteristici: decoloreaz\u0103...\" \/>\n<meta property=\"og:url\" content=\"https:\/\/shopatoa.com\/ro\/wella-professionals-blondor-pudra-decoloranta-800-g\/\" \/>\n<meta property=\"og:site_name\" content=\"SHOPATOA\" \/>\n<meta property=\"article:modified_time\" content=\"2025-12-13T00:24:31+00:00\" \/>\n<meta property=\"og:image\" content=\"https:\/\/storage.googleapis.com\/cz-shopatoa-img\/ro\/b8316b69-unnamed-file.webp\" \/>\n\t<meta property=\"og:image:width\" content=\"800\" \/>\n\t<meta property=\"og:image:height\" content=\"800\" \/>\n\t<meta property=\"og:image:type\" content=\"image\/webp\" \/>\n<meta name=\"twitter:card\" content=\"summary_large_image\" \/>\n<meta name=\"twitter:label1\" content=\"Timp estimat pentru citire\" \/>\n\t<meta name=\"twitter:data1\" content=\"1 minut\" \/>\n<script type=\"application\/ld+json\" class=\"yoast-schema-graph\">{\"@context\":\"https:\\\/\\\/schema.org\",\"@graph\":[{\"@type\":\"WebPage\",\"@id\":\"https:\\\/\\\/shopatoa.com\\\/ro\\\/wella-professionals-blondor-pudra-decoloranta-800-g\\\/\",\"url\":\"https:\\\/\\\/shopatoa.com\\\/ro\\\/wella-professionals-blondor-pudra-decoloranta-800-g\\\/\",\"name\":\"Wella Professionals Blondor pudra decoloranta 800 g - SHOPATOA.COM\",\"isPartOf\":{\"@id\":\"https:\\\/\\\/shopatoa.com\\\/ro\\\/#website\"},\"primaryImageOfPage\":{\"@id\":\"https:\\\/\\\/shopatoa.com\\\/ro\\\/wella-professionals-blondor-pudra-decoloranta-800-g\\\/#primaryimage\"},\"image\":{\"@id\":\"https:\\\/\\\/shopatoa.com\\\/ro\\\/wella-professionals-blondor-pudra-decoloranta-800-g\\\/#primaryimage\"},\"thumbnailUrl\":\"https:\\\/\\\/storage.googleapis.com\\\/cz-shopatoa-img\\\/ro\\\/b8316b69-unnamed-file.webp\",\"datePublished\":\"2025-06-17T22:38:09+00:00\",\"dateModified\":\"2025-12-13T00:24:31+00:00\",\"breadcrumb\":{\"@id\":\"https:\\\/\\\/shopatoa.com\\\/ro\\\/wella-professionals-blondor-pudra-decoloranta-800-g\\\/#breadcrumb\"},\"inLanguage\":\"ro-RO\",\"potentialAction\":[{\"@type\":\"ReadAction\",\"target\":[\"https:\\\/\\\/shopatoa.com\\\/ro\\\/wella-professionals-blondor-pudra-decoloranta-800-g\\\/\"]}]},{\"@type\":\"ImageObject\",\"inLanguage\":\"ro-RO\",\"@id\":\"https:\\\/\\\/shopatoa.com\\\/ro\\\/wella-professionals-blondor-pudra-decoloranta-800-g\\\/#primaryimage\",\"url\":\"https:\\\/\\\/storage.googleapis.com\\\/cz-shopatoa-img\\\/ro\\\/b8316b69-unnamed-file.webp\",\"contentUrl\":\"https:\\\/\\\/storage.googleapis.com\\\/cz-shopatoa-img\\\/ro\\\/b8316b69-unnamed-file.webp\",\"width\":800,\"height\":800},{\"@type\":\"BreadcrumbList\",\"@id\":\"https:\\\/\\\/shopatoa.com\\\/ro\\\/wella-professionals-blondor-pudra-decoloranta-800-g\\\/#breadcrumb\",\"itemListElement\":[{\"@type\":\"ListItem\",\"position\":1,\"name\":\"Dom\u016f\",\"item\":\"https:\\\/\\\/shopatoa.com\\\/ro\\\/\"},{\"@type\":\"ListItem\",\"position\":2,\"name\":\"Shop\",\"item\":\"https:\\\/\\\/shopatoa.com\\\/ro\\\/shop\\\/\"},{\"@type\":\"ListItem\",\"position\":3,\"name\":\"S\u0103n\u0103tate \u0219i frumuse\u021be\",\"item\":\"https:\\\/\\\/shopatoa.com\\\/ro\\\/sanatate-si-frumusete\\\/\"},{\"@type\":\"ListItem\",\"position\":4,\"name\":\"\u00cengrijire personal\u0103\",\"item\":\"https:\\\/\\\/shopatoa.com\\\/ro\\\/ingrijire-personala\\\/\"},{\"@type\":\"ListItem\",\"position\":5,\"name\":\"\u00cengrijirea p\u0103rului\",\"item\":\"https:\\\/\\\/shopatoa.com\\\/ro\\\/ingrijirea-parului\\\/\"},{\"@type\":\"ListItem\",\"position\":6,\"name\":\"Vopsirea p\u0103rului\",\"item\":\"https:\\\/\\\/shopatoa.com\\\/ro\\\/vopsirea-parului\\\/\"},{\"@type\":\"ListItem\",\"position\":7,\"name\":\"Wella Professionals Blondor pudra decoloranta 800 g\"}]},{\"@type\":\"WebSite\",\"@id\":\"https:\\\/\\\/shopatoa.com\\\/ro\\\/#website\",\"url\":\"https:\\\/\\\/shopatoa.com\\\/ro\\\/\",\"name\":\"SHOPATOA\",\"description\":\"\",\"publisher\":{\"@id\":\"https:\\\/\\\/shopatoa.com\\\/ro\\\/#organization\"},\"potentialAction\":[{\"@type\":\"SearchAction\",\"target\":{\"@type\":\"EntryPoint\",\"urlTemplate\":\"https:\\\/\\\/shopatoa.com\\\/ro\\\/?s={search_term_string}\"},\"query-input\":{\"@type\":\"PropertyValueSpecification\",\"valueRequired\":true,\"valueName\":\"search_term_string\"}}],\"inLanguage\":\"ro-RO\"},{\"@type\":\"Organization\",\"@id\":\"https:\\\/\\\/shopatoa.com\\\/ro\\\/#organization\",\"name\":\"SHOPATOA\",\"url\":\"https:\\\/\\\/shopatoa.com\\\/ro\\\/\",\"logo\":{\"@type\":\"ImageObject\",\"inLanguage\":\"ro-RO\",\"@id\":\"https:\\\/\\\/shopatoa.com\\\/ro\\\/#\\\/schema\\\/logo\\\/image\\\/\",\"url\":\"https:\\\/\\\/storage.googleapis.com\\\/cz-shopatoa-img\\\/ro\\\/b4dac915-shopatoa_logo.png\",\"contentUrl\":\"https:\\\/\\\/storage.googleapis.com\\\/cz-shopatoa-img\\\/ro\\\/b4dac915-shopatoa_logo.png\",\"width\":416,\"height\":63,\"caption\":\"SHOPATOA\"},\"image\":{\"@id\":\"https:\\\/\\\/shopatoa.com\\\/ro\\\/#\\\/schema\\\/logo\\\/image\\\/\"}}]}<\/script>\n<!-- \/ Yoast SEO plugin. -->","yoast_head_json":{"title":"Wella Professionals Blondor pudra decoloranta 800 g - SHOPATOA.COM","robots":{"index":"index","follow":"follow","max-snippet":"max-snippet:-1","max-image-preview":"max-image-preview:large","max-video-preview":"max-video-preview:-1"},"canonical":"https:\/\/shopatoa.com\/ro\/wella-professionals-blondor-pudra-decoloranta-800-g\/","og_locale":"ro_RO","og_type":"article","og_title":"Wella Professionals Blondor pudra decoloranta 800 g - SHOPATOA.COM","og_description":"Wella Professionals Blondor, 800 g, Decoloran\u021bi pentru p\u0103r pentru femei, Decolorarea p\u0103rului necesit\u0103 adesea vizit\u0103 la coafor, \u00eens\u0103 acum nu mai este nevoie s\u0103 merge\u021bi nic\u0103ieri. Produsul Wella Professionals Blondor garanteaz\u0103 un rezultat ca din m\u00e2inile unui profesional. Elimin\u0103 eficient din p\u0103r pigmen\u021bii \u00eenchi\u0219i, astfel \u00eenc\u00e2t s\u0103 ob\u021bine\u021bi rapid \u0219i u\u0219or nuan\u021ba dorit\u0103. Caracteristici: decoloreaz\u0103...","og_url":"https:\/\/shopatoa.com\/ro\/wella-professionals-blondor-pudra-decoloranta-800-g\/","og_site_name":"SHOPATOA","article_modified_time":"2025-12-13T00:24:31+00:00","og_image":[{"width":800,"height":800,"url":"https:\/\/storage.googleapis.com\/cz-shopatoa-img\/ro\/b8316b69-unnamed-file.webp","type":"image\/webp"}],"twitter_card":"summary_large_image","twitter_misc":{"Timp estimat pentru citire":"1 minut"},"schema":{"@context":"https:\/\/schema.org","@graph":[{"@type":"WebPage","@id":"https:\/\/shopatoa.com\/ro\/wella-professionals-blondor-pudra-decoloranta-800-g\/","url":"https:\/\/shopatoa.com\/ro\/wella-professionals-blondor-pudra-decoloranta-800-g\/","name":"Wella Professionals Blondor pudra decoloranta 800 g - SHOPATOA.COM","isPartOf":{"@id":"https:\/\/shopatoa.com\/ro\/#website"},"primaryImageOfPage":{"@id":"https:\/\/shopatoa.com\/ro\/wella-professionals-blondor-pudra-decoloranta-800-g\/#primaryimage"},"image":{"@id":"https:\/\/shopatoa.com\/ro\/wella-professionals-blondor-pudra-decoloranta-800-g\/#primaryimage"},"thumbnailUrl":"https:\/\/storage.googleapis.com\/cz-shopatoa-img\/ro\/b8316b69-unnamed-file.webp","datePublished":"2025-06-17T22:38:09+00:00","dateModified":"2025-12-13T00:24:31+00:00","breadcrumb":{"@id":"https:\/\/shopatoa.com\/ro\/wella-professionals-blondor-pudra-decoloranta-800-g\/#breadcrumb"},"inLanguage":"ro-RO","potentialAction":[{"@type":"ReadAction","target":["https:\/\/shopatoa.com\/ro\/wella-professionals-blondor-pudra-decoloranta-800-g\/"]}]},{"@type":"ImageObject","inLanguage":"ro-RO","@id":"https:\/\/shopatoa.com\/ro\/wella-professionals-blondor-pudra-decoloranta-800-g\/#primaryimage","url":"https:\/\/storage.googleapis.com\/cz-shopatoa-img\/ro\/b8316b69-unnamed-file.webp","contentUrl":"https:\/\/storage.googleapis.com\/cz-shopatoa-img\/ro\/b8316b69-unnamed-file.webp","width":800,"height":800},{"@type":"BreadcrumbList","@id":"https:\/\/shopatoa.com\/ro\/wella-professionals-blondor-pudra-decoloranta-800-g\/#breadcrumb","itemListElement":[{"@type":"ListItem","position":1,"name":"Dom\u016f","item":"https:\/\/shopatoa.com\/ro\/"},{"@type":"ListItem","position":2,"name":"Shop","item":"https:\/\/shopatoa.com\/ro\/shop\/"},{"@type":"ListItem","position":3,"name":"S\u0103n\u0103tate \u0219i frumuse\u021be","item":"https:\/\/shopatoa.com\/ro\/sanatate-si-frumusete\/"},{"@type":"ListItem","position":4,"name":"\u00cengrijire personal\u0103","item":"https:\/\/shopatoa.com\/ro\/ingrijire-personala\/"},{"@type":"ListItem","position":5,"name":"\u00cengrijirea p\u0103rului","item":"https:\/\/shopatoa.com\/ro\/ingrijirea-parului\/"},{"@type":"ListItem","position":6,"name":"Vopsirea p\u0103rului","item":"https:\/\/shopatoa.com\/ro\/vopsirea-parului\/"},{"@type":"ListItem","position":7,"name":"Wella Professionals Blondor pudra decoloranta 800 g"}]},{"@type":"WebSite","@id":"https:\/\/shopatoa.com\/ro\/#website","url":"https:\/\/shopatoa.com\/ro\/","name":"SHOPATOA","description":"","publisher":{"@id":"https:\/\/shopatoa.com\/ro\/#organization"},"potentialAction":[{"@type":"SearchAction","target":{"@type":"EntryPoint","urlTemplate":"https:\/\/shopatoa.com\/ro\/?s={search_term_string}"},"query-input":{"@type":"PropertyValueSpecification","valueRequired":true,"valueName":"search_term_string"}}],"inLanguage":"ro-RO"},{"@type":"Organization","@id":"https:\/\/shopatoa.com\/ro\/#organization","name":"SHOPATOA","url":"https:\/\/shopatoa.com\/ro\/","logo":{"@type":"ImageObject","inLanguage":"ro-RO","@id":"https:\/\/shopatoa.com\/ro\/#\/schema\/logo\/image\/","url":"https:\/\/storage.googleapis.com\/cz-shopatoa-img\/ro\/b4dac915-shopatoa_logo.png","contentUrl":"https:\/\/storage.googleapis.com\/cz-shopatoa-img\/ro\/b4dac915-shopatoa_logo.png","width":416,"height":63,"caption":"SHOPATOA"},"image":{"@id":"https:\/\/shopatoa.com\/ro\/#\/schema\/logo\/image\/"}}]}},"_links":{"self":[{"href":"https:\/\/shopatoa.com\/ro\/wp-json\/wp\/v2\/product\/404061","targetHints":{"allow":["GET"]}}],"collection":[{"href":"https:\/\/shopatoa.com\/ro\/wp-json\/wp\/v2\/product"}],"about":[{"href":"https:\/\/shopatoa.com\/ro\/wp-json\/wp\/v2\/types\/product"}],"replies":[{"embeddable":true,"href":"https:\/\/shopatoa.com\/ro\/wp-json\/wp\/v2\/comments?post=404061"}],"wp:featuredmedia":[{"embeddable":true,"href":"https:\/\/shopatoa.com\/ro\/wp-json\/wp\/v2\/media\/406366"}],"wp:attachment":[{"href":"https:\/\/shopatoa.com\/ro\/wp-json\/wp\/v2\/media?parent=404061"}],"wp:term":[{"taxonomy":"product_brand","embeddable":true,"href":"https:\/\/shopatoa.com\/ro\/wp-json\/wp\/v2\/product_brand?post=404061"},{"taxonomy":"product_cat","embeddable":true,"href":"https:\/\/shopatoa.com\/ro\/wp-json\/wp\/v2\/product_cat?post=404061"},{"taxonomy":"product_tag","embeddable":true,"href":"https:\/\/shopatoa.com\/ro\/wp-json\/wp\/v2\/product_tag?post=404061"}],"curies":[{"name":"wp","href":"https:\/\/api.w.org\/{rel}","templated":true}]}}