{"id":404219,"date":"2025-06-18T01:02:15","date_gmt":"2025-06-17T23:02:15","guid":{"rendered":"https:\/\/shopatoa.com\/ro\/ardell-naked-lashes-multipack-pentru-fixarea-genelor-big-pack-tip-421\/"},"modified":"2025-12-13T00:13:02","modified_gmt":"2025-12-12T23:13:02","slug":"ardell-naked-lashes-multipack-pentru-fixarea-genelor-big-pack-tip-421","status":"publish","type":"product","link":"https:\/\/shopatoa.com\/ro\/ardell-naked-lashes-multipack-pentru-fixarea-genelor-big-pack-tip-421\/","title":{"rendered":"Ardell Naked Lashes Multipack Pentru fixarea genelor big pack tip 421"},"content":{"rendered":"<p>Ardell Naked Lashes Multipack, Gene false pentru femei, Dori\u021bi s\u0103 oferi\u021bi machiajului dvs. o nou\u0103 dimensiune \u0219i s\u0103 v\u0103 sim\u021bi\u021bi cu adev\u0103rat special\u0103 cu un evantai superb de gene dese? Genele false ArdellNaked LashesMultipack vor oferi privirii dvs. o intensitate maxim\u0103, pentru ca ochii dvs. s\u0103 devin\u0103 un magnet care s\u0103 atrag\u0103 privirile tuturor celor din jur. F\u0103r\u0103 a fi nevoie s\u0103 aplica\u021bi mai multe straturi de rimel sau s\u0103 merge\u021bi la un salon specializat pentru extensii, pute\u021bi ob\u021bine u\u0219or \u0219i rapid eviden\u021bierea dorit\u0103 a ochilor \u0219i intensificarea privirii.  Caracteristici:  creeaz\u0103 un efect dramatic arat\u0103 foarte natural intersectarea genelor fir cu fir asigur\u0103 un efect natural adezivul pentru gene nu este inclus \u00een pachet  Cum se utilizeaz\u0103: Pute\u021bi scurta mai \u00eent\u00e2i genele false, la o lungime adecvat\u0103 m\u0103rimii ochilor dvs. \u00centinde\u021bi adezivul pe band\u0103, l\u0103sa\u021bi scurt timp s\u0103 se usuce \u0219i lipi\u021bi banda pe pleoap\u0103, c\u00e2t mai aproape de genele naturale. La final, pute\u021bi r\u0103suci genele cu un cle\u0219te pentru gene.<\/p>\n","protected":false},"excerpt":{"rendered":"<p>Ardell Naked Lashes Multipack, Gene false pentru femei, Dori\u021bi s\u0103 oferi\u021bi machiajului dvs. o nou\u0103 dimensiune \u0219i s\u0103 v\u0103 sim\u021bi\u021bi cu adev\u0103rat special\u0103 cu un evantai superb de gene dese? Genele false ArdellNaked LashesMultipack vor oferi privirii dvs. o intensitate maxim\u0103, pentru ca ochii dvs. s\u0103 devin\u0103 un magnet care s\u0103 atrag\u0103 privirile tuturor celor&#8230;<\/p>\n","protected":false},"featured_media":406516,"comment_status":"closed","ping_status":"open","template":"","meta":{"_acf_changed":false,"_kadence_starter_templates_imported_post":false,"_kad_post_transparent":"","_kad_post_title":"","_kad_post_layout":"","_kad_post_sidebar_id":"","_kad_post_content_style":"","_kad_post_vertical_padding":"","_kad_post_feature":"","_kad_post_feature_position":"","_kad_post_header":false,"_kad_post_footer":false,"_kad_post_classname":""},"product_brand":[1575],"product_cat":[1564,1578,1563,1576,1577,1562],"product_tag":[],"class_list":{"0":"post-404219","1":"product","2":"type-product","3":"status-publish","4":"has-post-thumbnail","6":"product_brand-ardell","7":"product_cat-cosmetice-ingrijire-personala","8":"product_cat-gene-false-machiaj-ochi","9":"product_cat-ingrijire-personala","10":"product_cat-machiaj","11":"product_cat-machiaj-ochi","12":"product_cat-sanatate-si-frumusete","13":"pa_gen-female","15":"first","16":"instock","17":"sale","18":"product-type-external","19":"entry","20":"content-bg","21":"loop-entry"},"acf":[],"yoast_head":"<!-- This site is optimized with the Yoast SEO plugin v27.3 - https:\/\/yoast.com\/product\/yoast-seo-wordpress\/ -->\n<title>Ardell Naked Lashes Multipack Pentru fixarea genelor big pack tip 421 - SHOPATOA.COM<\/title>\n<meta name=\"robots\" content=\"index, follow, max-snippet:-1, max-image-preview:large, max-video-preview:-1\" \/>\n<link rel=\"canonical\" href=\"https:\/\/shopatoa.com\/ro\/ardell-naked-lashes-multipack-pentru-fixarea-genelor-big-pack-tip-421\/\" \/>\n<meta property=\"og:locale\" content=\"ro_RO\" \/>\n<meta property=\"og:type\" content=\"article\" \/>\n<meta property=\"og:title\" content=\"Ardell Naked Lashes Multipack Pentru fixarea genelor big pack tip 421 - SHOPATOA.COM\" \/>\n<meta property=\"og:description\" content=\"Ardell Naked Lashes Multipack, Gene false pentru femei, Dori\u021bi s\u0103 oferi\u021bi machiajului dvs. o nou\u0103 dimensiune \u0219i s\u0103 v\u0103 sim\u021bi\u021bi cu adev\u0103rat special\u0103 cu un evantai superb de gene dese? Genele false ArdellNaked LashesMultipack vor oferi privirii dvs. o intensitate maxim\u0103, pentru ca ochii dvs. s\u0103 devin\u0103 un magnet care s\u0103 atrag\u0103 privirile tuturor celor...\" \/>\n<meta property=\"og:url\" content=\"https:\/\/shopatoa.com\/ro\/ardell-naked-lashes-multipack-pentru-fixarea-genelor-big-pack-tip-421\/\" \/>\n<meta property=\"og:site_name\" content=\"SHOPATOA\" \/>\n<meta property=\"article:modified_time\" content=\"2025-12-12T23:13:02+00:00\" \/>\n<meta property=\"og:image\" content=\"https:\/\/storage.googleapis.com\/cz-shopatoa-img\/ro\/09aec974-unnamed-file.webp\" \/>\n\t<meta property=\"og:image:width\" content=\"800\" \/>\n\t<meta property=\"og:image:height\" content=\"800\" \/>\n\t<meta property=\"og:image:type\" content=\"image\/webp\" \/>\n<meta name=\"twitter:card\" content=\"summary_large_image\" \/>\n<meta name=\"twitter:label1\" content=\"Timp estimat pentru citire\" \/>\n\t<meta name=\"twitter:data1\" content=\"1 minut\" \/>\n<script type=\"application\/ld+json\" class=\"yoast-schema-graph\">{\"@context\":\"https:\\\/\\\/schema.org\",\"@graph\":[{\"@type\":\"WebPage\",\"@id\":\"https:\\\/\\\/shopatoa.com\\\/ro\\\/ardell-naked-lashes-multipack-pentru-fixarea-genelor-big-pack-tip-421\\\/\",\"url\":\"https:\\\/\\\/shopatoa.com\\\/ro\\\/ardell-naked-lashes-multipack-pentru-fixarea-genelor-big-pack-tip-421\\\/\",\"name\":\"Ardell Naked Lashes Multipack Pentru fixarea genelor big pack tip 421 - SHOPATOA.COM\",\"isPartOf\":{\"@id\":\"https:\\\/\\\/shopatoa.com\\\/ro\\\/#website\"},\"primaryImageOfPage\":{\"@id\":\"https:\\\/\\\/shopatoa.com\\\/ro\\\/ardell-naked-lashes-multipack-pentru-fixarea-genelor-big-pack-tip-421\\\/#primaryimage\"},\"image\":{\"@id\":\"https:\\\/\\\/shopatoa.com\\\/ro\\\/ardell-naked-lashes-multipack-pentru-fixarea-genelor-big-pack-tip-421\\\/#primaryimage\"},\"thumbnailUrl\":\"https:\\\/\\\/storage.googleapis.com\\\/cz-shopatoa-img\\\/ro\\\/09aec974-unnamed-file.webp\",\"datePublished\":\"2025-06-17T23:02:15+00:00\",\"dateModified\":\"2025-12-12T23:13:02+00:00\",\"breadcrumb\":{\"@id\":\"https:\\\/\\\/shopatoa.com\\\/ro\\\/ardell-naked-lashes-multipack-pentru-fixarea-genelor-big-pack-tip-421\\\/#breadcrumb\"},\"inLanguage\":\"ro-RO\",\"potentialAction\":[{\"@type\":\"ReadAction\",\"target\":[\"https:\\\/\\\/shopatoa.com\\\/ro\\\/ardell-naked-lashes-multipack-pentru-fixarea-genelor-big-pack-tip-421\\\/\"]}]},{\"@type\":\"ImageObject\",\"inLanguage\":\"ro-RO\",\"@id\":\"https:\\\/\\\/shopatoa.com\\\/ro\\\/ardell-naked-lashes-multipack-pentru-fixarea-genelor-big-pack-tip-421\\\/#primaryimage\",\"url\":\"https:\\\/\\\/storage.googleapis.com\\\/cz-shopatoa-img\\\/ro\\\/09aec974-unnamed-file.webp\",\"contentUrl\":\"https:\\\/\\\/storage.googleapis.com\\\/cz-shopatoa-img\\\/ro\\\/09aec974-unnamed-file.webp\",\"width\":800,\"height\":800},{\"@type\":\"BreadcrumbList\",\"@id\":\"https:\\\/\\\/shopatoa.com\\\/ro\\\/ardell-naked-lashes-multipack-pentru-fixarea-genelor-big-pack-tip-421\\\/#breadcrumb\",\"itemListElement\":[{\"@type\":\"ListItem\",\"position\":1,\"name\":\"Dom\u016f\",\"item\":\"https:\\\/\\\/shopatoa.com\\\/ro\\\/\"},{\"@type\":\"ListItem\",\"position\":2,\"name\":\"Shop\",\"item\":\"https:\\\/\\\/shopatoa.com\\\/ro\\\/shop\\\/\"},{\"@type\":\"ListItem\",\"position\":3,\"name\":\"S\u0103n\u0103tate \u0219i frumuse\u021be\",\"item\":\"https:\\\/\\\/shopatoa.com\\\/ro\\\/sanatate-si-frumusete\\\/\"},{\"@type\":\"ListItem\",\"position\":4,\"name\":\"\u00cengrijire personal\u0103\",\"item\":\"https:\\\/\\\/shopatoa.com\\\/ro\\\/ingrijire-personala\\\/\"},{\"@type\":\"ListItem\",\"position\":5,\"name\":\"Cosmetice\",\"item\":\"https:\\\/\\\/shopatoa.com\\\/ro\\\/cosmetice-ingrijire-personala\\\/\"},{\"@type\":\"ListItem\",\"position\":6,\"name\":\"Machiaj\",\"item\":\"https:\\\/\\\/shopatoa.com\\\/ro\\\/machiaj\\\/\"},{\"@type\":\"ListItem\",\"position\":7,\"name\":\"Machiaj ochi\",\"item\":\"https:\\\/\\\/shopatoa.com\\\/ro\\\/machiaj-ochi\\\/\"},{\"@type\":\"ListItem\",\"position\":8,\"name\":\"Gene false\",\"item\":\"https:\\\/\\\/shopatoa.com\\\/ro\\\/gene-false-machiaj-ochi\\\/\"},{\"@type\":\"ListItem\",\"position\":9,\"name\":\"Ardell Naked Lashes Multipack Pentru fixarea genelor big pack tip 421\"}]},{\"@type\":\"WebSite\",\"@id\":\"https:\\\/\\\/shopatoa.com\\\/ro\\\/#website\",\"url\":\"https:\\\/\\\/shopatoa.com\\\/ro\\\/\",\"name\":\"SHOPATOA\",\"description\":\"\",\"publisher\":{\"@id\":\"https:\\\/\\\/shopatoa.com\\\/ro\\\/#organization\"},\"potentialAction\":[{\"@type\":\"SearchAction\",\"target\":{\"@type\":\"EntryPoint\",\"urlTemplate\":\"https:\\\/\\\/shopatoa.com\\\/ro\\\/?s={search_term_string}\"},\"query-input\":{\"@type\":\"PropertyValueSpecification\",\"valueRequired\":true,\"valueName\":\"search_term_string\"}}],\"inLanguage\":\"ro-RO\"},{\"@type\":\"Organization\",\"@id\":\"https:\\\/\\\/shopatoa.com\\\/ro\\\/#organization\",\"name\":\"SHOPATOA\",\"url\":\"https:\\\/\\\/shopatoa.com\\\/ro\\\/\",\"logo\":{\"@type\":\"ImageObject\",\"inLanguage\":\"ro-RO\",\"@id\":\"https:\\\/\\\/shopatoa.com\\\/ro\\\/#\\\/schema\\\/logo\\\/image\\\/\",\"url\":\"https:\\\/\\\/storage.googleapis.com\\\/cz-shopatoa-img\\\/ro\\\/b4dac915-shopatoa_logo.png\",\"contentUrl\":\"https:\\\/\\\/storage.googleapis.com\\\/cz-shopatoa-img\\\/ro\\\/b4dac915-shopatoa_logo.png\",\"width\":416,\"height\":63,\"caption\":\"SHOPATOA\"},\"image\":{\"@id\":\"https:\\\/\\\/shopatoa.com\\\/ro\\\/#\\\/schema\\\/logo\\\/image\\\/\"}}]}<\/script>\n<!-- \/ Yoast SEO plugin. -->","yoast_head_json":{"title":"Ardell Naked Lashes Multipack Pentru fixarea genelor big pack tip 421 - SHOPATOA.COM","robots":{"index":"index","follow":"follow","max-snippet":"max-snippet:-1","max-image-preview":"max-image-preview:large","max-video-preview":"max-video-preview:-1"},"canonical":"https:\/\/shopatoa.com\/ro\/ardell-naked-lashes-multipack-pentru-fixarea-genelor-big-pack-tip-421\/","og_locale":"ro_RO","og_type":"article","og_title":"Ardell Naked Lashes Multipack Pentru fixarea genelor big pack tip 421 - SHOPATOA.COM","og_description":"Ardell Naked Lashes Multipack, Gene false pentru femei, Dori\u021bi s\u0103 oferi\u021bi machiajului dvs. o nou\u0103 dimensiune \u0219i s\u0103 v\u0103 sim\u021bi\u021bi cu adev\u0103rat special\u0103 cu un evantai superb de gene dese? Genele false ArdellNaked LashesMultipack vor oferi privirii dvs. o intensitate maxim\u0103, pentru ca ochii dvs. s\u0103 devin\u0103 un magnet care s\u0103 atrag\u0103 privirile tuturor celor...","og_url":"https:\/\/shopatoa.com\/ro\/ardell-naked-lashes-multipack-pentru-fixarea-genelor-big-pack-tip-421\/","og_site_name":"SHOPATOA","article_modified_time":"2025-12-12T23:13:02+00:00","og_image":[{"width":800,"height":800,"url":"https:\/\/storage.googleapis.com\/cz-shopatoa-img\/ro\/09aec974-unnamed-file.webp","type":"image\/webp"}],"twitter_card":"summary_large_image","twitter_misc":{"Timp estimat pentru citire":"1 minut"},"schema":{"@context":"https:\/\/schema.org","@graph":[{"@type":"WebPage","@id":"https:\/\/shopatoa.com\/ro\/ardell-naked-lashes-multipack-pentru-fixarea-genelor-big-pack-tip-421\/","url":"https:\/\/shopatoa.com\/ro\/ardell-naked-lashes-multipack-pentru-fixarea-genelor-big-pack-tip-421\/","name":"Ardell Naked Lashes Multipack Pentru fixarea genelor big pack tip 421 - SHOPATOA.COM","isPartOf":{"@id":"https:\/\/shopatoa.com\/ro\/#website"},"primaryImageOfPage":{"@id":"https:\/\/shopatoa.com\/ro\/ardell-naked-lashes-multipack-pentru-fixarea-genelor-big-pack-tip-421\/#primaryimage"},"image":{"@id":"https:\/\/shopatoa.com\/ro\/ardell-naked-lashes-multipack-pentru-fixarea-genelor-big-pack-tip-421\/#primaryimage"},"thumbnailUrl":"https:\/\/storage.googleapis.com\/cz-shopatoa-img\/ro\/09aec974-unnamed-file.webp","datePublished":"2025-06-17T23:02:15+00:00","dateModified":"2025-12-12T23:13:02+00:00","breadcrumb":{"@id":"https:\/\/shopatoa.com\/ro\/ardell-naked-lashes-multipack-pentru-fixarea-genelor-big-pack-tip-421\/#breadcrumb"},"inLanguage":"ro-RO","potentialAction":[{"@type":"ReadAction","target":["https:\/\/shopatoa.com\/ro\/ardell-naked-lashes-multipack-pentru-fixarea-genelor-big-pack-tip-421\/"]}]},{"@type":"ImageObject","inLanguage":"ro-RO","@id":"https:\/\/shopatoa.com\/ro\/ardell-naked-lashes-multipack-pentru-fixarea-genelor-big-pack-tip-421\/#primaryimage","url":"https:\/\/storage.googleapis.com\/cz-shopatoa-img\/ro\/09aec974-unnamed-file.webp","contentUrl":"https:\/\/storage.googleapis.com\/cz-shopatoa-img\/ro\/09aec974-unnamed-file.webp","width":800,"height":800},{"@type":"BreadcrumbList","@id":"https:\/\/shopatoa.com\/ro\/ardell-naked-lashes-multipack-pentru-fixarea-genelor-big-pack-tip-421\/#breadcrumb","itemListElement":[{"@type":"ListItem","position":1,"name":"Dom\u016f","item":"https:\/\/shopatoa.com\/ro\/"},{"@type":"ListItem","position":2,"name":"Shop","item":"https:\/\/shopatoa.com\/ro\/shop\/"},{"@type":"ListItem","position":3,"name":"S\u0103n\u0103tate \u0219i frumuse\u021be","item":"https:\/\/shopatoa.com\/ro\/sanatate-si-frumusete\/"},{"@type":"ListItem","position":4,"name":"\u00cengrijire personal\u0103","item":"https:\/\/shopatoa.com\/ro\/ingrijire-personala\/"},{"@type":"ListItem","position":5,"name":"Cosmetice","item":"https:\/\/shopatoa.com\/ro\/cosmetice-ingrijire-personala\/"},{"@type":"ListItem","position":6,"name":"Machiaj","item":"https:\/\/shopatoa.com\/ro\/machiaj\/"},{"@type":"ListItem","position":7,"name":"Machiaj ochi","item":"https:\/\/shopatoa.com\/ro\/machiaj-ochi\/"},{"@type":"ListItem","position":8,"name":"Gene false","item":"https:\/\/shopatoa.com\/ro\/gene-false-machiaj-ochi\/"},{"@type":"ListItem","position":9,"name":"Ardell Naked Lashes Multipack Pentru fixarea genelor big pack tip 421"}]},{"@type":"WebSite","@id":"https:\/\/shopatoa.com\/ro\/#website","url":"https:\/\/shopatoa.com\/ro\/","name":"SHOPATOA","description":"","publisher":{"@id":"https:\/\/shopatoa.com\/ro\/#organization"},"potentialAction":[{"@type":"SearchAction","target":{"@type":"EntryPoint","urlTemplate":"https:\/\/shopatoa.com\/ro\/?s={search_term_string}"},"query-input":{"@type":"PropertyValueSpecification","valueRequired":true,"valueName":"search_term_string"}}],"inLanguage":"ro-RO"},{"@type":"Organization","@id":"https:\/\/shopatoa.com\/ro\/#organization","name":"SHOPATOA","url":"https:\/\/shopatoa.com\/ro\/","logo":{"@type":"ImageObject","inLanguage":"ro-RO","@id":"https:\/\/shopatoa.com\/ro\/#\/schema\/logo\/image\/","url":"https:\/\/storage.googleapis.com\/cz-shopatoa-img\/ro\/b4dac915-shopatoa_logo.png","contentUrl":"https:\/\/storage.googleapis.com\/cz-shopatoa-img\/ro\/b4dac915-shopatoa_logo.png","width":416,"height":63,"caption":"SHOPATOA"},"image":{"@id":"https:\/\/shopatoa.com\/ro\/#\/schema\/logo\/image\/"}}]}},"_links":{"self":[{"href":"https:\/\/shopatoa.com\/ro\/wp-json\/wp\/v2\/product\/404219","targetHints":{"allow":["GET"]}}],"collection":[{"href":"https:\/\/shopatoa.com\/ro\/wp-json\/wp\/v2\/product"}],"about":[{"href":"https:\/\/shopatoa.com\/ro\/wp-json\/wp\/v2\/types\/product"}],"replies":[{"embeddable":true,"href":"https:\/\/shopatoa.com\/ro\/wp-json\/wp\/v2\/comments?post=404219"}],"wp:featuredmedia":[{"embeddable":true,"href":"https:\/\/shopatoa.com\/ro\/wp-json\/wp\/v2\/media\/406516"}],"wp:attachment":[{"href":"https:\/\/shopatoa.com\/ro\/wp-json\/wp\/v2\/media?parent=404219"}],"wp:term":[{"taxonomy":"product_brand","embeddable":true,"href":"https:\/\/shopatoa.com\/ro\/wp-json\/wp\/v2\/product_brand?post=404219"},{"taxonomy":"product_cat","embeddable":true,"href":"https:\/\/shopatoa.com\/ro\/wp-json\/wp\/v2\/product_cat?post=404219"},{"taxonomy":"product_tag","embeddable":true,"href":"https:\/\/shopatoa.com\/ro\/wp-json\/wp\/v2\/product_tag?post=404219"}],"curies":[{"name":"wp","href":"https:\/\/api.w.org\/{rel}","templated":true}]}}