{"id":404238,"date":"2025-06-18T01:05:30","date_gmt":"2025-06-17T23:05:30","guid":{"rendered":"https:\/\/shopatoa.com\/ro\/gk-hair-leave-in-conditioner-balsam-fara-clatire-cu-efect-de-netezire-pentru-par-usor-de-pieptanat-in-spray-120-ml\/"},"modified":"2025-12-13T00:04:00","modified_gmt":"2025-12-12T23:04:00","slug":"gk-hair-leave-in-conditioner-balsam-fara-clatire-cu-efect-de-netezire-pentru-par-usor-de-pieptanat-in-spray-120-ml","status":"publish","type":"product","link":"https:\/\/shopatoa.com\/ro\/gk-hair-leave-in-conditioner-balsam-fara-clatire-cu-efect-de-netezire-pentru-par-usor-de-pieptanat-in-spray-120-ml\/","title":{"rendered":"GK Hair Leave In Conditioner balsam f\u0103r\u0103 cl\u0103tire, cu efect de netezire pentru par usor de pieptanat in spray 120 ml"},"content":{"rendered":"<p>GK Hair Leave In Conditioner, 120 ml, Balsam f\u0103r\u0103 cl\u0103tire pentru femei, Balsamul f\u0103r\u0103 cl\u0103tire GK Hair Leave In Conditioner asigur\u0103 o doz\u0103 instantanee de hidratare \u0219i o nutri\u021bie intens\u0103. Va conferi p\u0103rului dvs. tot ce are nevoie dup\u0103 sp\u0103lare. Va ajuta la netezirea lui, \u00eei va reda str\u0103lucirea natural\u0103 \u0219i va restabili integritatea structurii sale. Va favoriza regenerarea \u0219i va facilita descurcarea. Toate acestea u\u0219or, rapid \u0219i f\u0103r\u0103 s\u0103 necesite cl\u0103tire. Este suficient s\u0103 aplica\u021bi, s\u0103 str\u00e2nge\u021bi p\u0103rul \u00een palme, eventual s\u0103 piept\u0103na\u021bi, iar frumuse\u021bea \u0219i s\u0103n\u0103tatea p\u0103rului dvs. vor fi asigurate. \u00cencerca\u021bi acest balsam f\u0103r\u0103 cl\u0103tire \u0219i descoperi\u021bi un mod simplu \u0219i rapid de a v\u0103 regenera p\u0103rul, cu multe alte beneficii.  Caracteristici:  efect de nutri\u021bie \u0219i de regenerare p\u0103rul este lucios \u0219i neted la atingere faciliteaz\u0103 descurcarea \u0219i modelarea ulterioar\u0103 hidrateaz\u0103 firul de p\u0103r \u00eembun\u0103t\u0103\u021be\u0219te structura p\u0103rului efect de netezire se aplic\u0103 u\u0219or \u00eempiedic\u0103 electrizarea neteze\u0219te fibra p\u0103rului  Cum se utilizeaz\u0103: Se aplic\u0103 pe p\u0103rul umed. Nu se cl\u0103te\u0219te, se continu\u0103 aranjarea p\u0103rului ca de obicei.<\/p>\n","protected":false},"excerpt":{"rendered":"<p>GK Hair Leave In Conditioner, 120 ml, Balsam f\u0103r\u0103 cl\u0103tire pentru femei, Balsamul f\u0103r\u0103 cl\u0103tire GK Hair Leave In Conditioner asigur\u0103 o doz\u0103 instantanee de hidratare \u0219i o nutri\u021bie intens\u0103. Va conferi p\u0103rului dvs. tot ce are nevoie dup\u0103 sp\u0103lare. Va ajuta la netezirea lui, \u00eei va reda str\u0103lucirea natural\u0103 \u0219i va restabili integritatea structurii&#8230;<\/p>\n","protected":false},"featured_media":406535,"comment_status":"closed","ping_status":"open","template":"","meta":{"_acf_changed":false,"_kadence_starter_templates_imported_post":false,"_kad_post_transparent":"","_kad_post_title":"","_kad_post_layout":"","_kad_post_sidebar_id":"","_kad_post_content_style":"","_kad_post_vertical_padding":"","_kad_post_feature":"","_kad_post_feature_position":"","_kad_post_header":false,"_kad_post_footer":false,"_kad_post_classname":""},"product_brand":[2414],"product_cat":[1563,1590,1562],"product_tag":[],"class_list":{"0":"post-404238","1":"product","2":"type-product","3":"status-publish","4":"has-post-thumbnail","6":"product_brand-gk-hair","7":"product_cat-ingrijire-personala","8":"product_cat-ingrijirea-parului","9":"product_cat-sanatate-si-frumusete","10":"pa_gen-female","11":"pa_marime-120-ml","13":"first","14":"instock","15":"sale","16":"product-type-external","17":"entry","18":"content-bg","19":"loop-entry"},"acf":[],"yoast_head":"<!-- This site is optimized with the Yoast SEO plugin v27.4 - https:\/\/yoast.com\/product\/yoast-seo-wordpress\/ -->\n<title>GK Hair Leave In Conditioner balsam f\u0103r\u0103 cl\u0103tire, cu efect de netezire pentru par usor de pieptanat in spray 120 ml - SHOPATOA.COM<\/title>\n<meta name=\"robots\" content=\"index, follow, max-snippet:-1, max-image-preview:large, max-video-preview:-1\" \/>\n<link rel=\"canonical\" href=\"https:\/\/shopatoa.com\/ro\/gk-hair-leave-in-conditioner-balsam-fara-clatire-cu-efect-de-netezire-pentru-par-usor-de-pieptanat-in-spray-120-ml\/\" \/>\n<meta property=\"og:locale\" content=\"ro_RO\" \/>\n<meta property=\"og:type\" content=\"article\" \/>\n<meta property=\"og:title\" content=\"GK Hair Leave In Conditioner balsam f\u0103r\u0103 cl\u0103tire, cu efect de netezire pentru par usor de pieptanat in spray 120 ml - SHOPATOA.COM\" \/>\n<meta property=\"og:description\" content=\"GK Hair Leave In Conditioner, 120 ml, Balsam f\u0103r\u0103 cl\u0103tire pentru femei, Balsamul f\u0103r\u0103 cl\u0103tire GK Hair Leave In Conditioner asigur\u0103 o doz\u0103 instantanee de hidratare \u0219i o nutri\u021bie intens\u0103. Va conferi p\u0103rului dvs. tot ce are nevoie dup\u0103 sp\u0103lare. Va ajuta la netezirea lui, \u00eei va reda str\u0103lucirea natural\u0103 \u0219i va restabili integritatea structurii...\" \/>\n<meta property=\"og:url\" content=\"https:\/\/shopatoa.com\/ro\/gk-hair-leave-in-conditioner-balsam-fara-clatire-cu-efect-de-netezire-pentru-par-usor-de-pieptanat-in-spray-120-ml\/\" \/>\n<meta property=\"og:site_name\" content=\"SHOPATOA\" \/>\n<meta property=\"article:modified_time\" content=\"2025-12-12T23:04:00+00:00\" \/>\n<meta property=\"og:image\" content=\"https:\/\/storage.googleapis.com\/cz-shopatoa-img\/ro\/40d0e7db-unnamed-file.webp\" \/>\n\t<meta property=\"og:image:width\" content=\"800\" \/>\n\t<meta property=\"og:image:height\" content=\"800\" \/>\n\t<meta property=\"og:image:type\" content=\"image\/webp\" \/>\n<meta name=\"twitter:card\" content=\"summary_large_image\" \/>\n<meta name=\"twitter:label1\" content=\"Timp estimat pentru citire\" \/>\n\t<meta name=\"twitter:data1\" content=\"1 minut\" \/>\n<script type=\"application\/ld+json\" class=\"yoast-schema-graph\">{\"@context\":\"https:\\\/\\\/schema.org\",\"@graph\":[{\"@type\":\"WebPage\",\"@id\":\"https:\\\/\\\/shopatoa.com\\\/ro\\\/gk-hair-leave-in-conditioner-balsam-fara-clatire-cu-efect-de-netezire-pentru-par-usor-de-pieptanat-in-spray-120-ml\\\/\",\"url\":\"https:\\\/\\\/shopatoa.com\\\/ro\\\/gk-hair-leave-in-conditioner-balsam-fara-clatire-cu-efect-de-netezire-pentru-par-usor-de-pieptanat-in-spray-120-ml\\\/\",\"name\":\"GK Hair Leave In Conditioner balsam f\u0103r\u0103 cl\u0103tire, cu efect de netezire pentru par usor de pieptanat in spray 120 ml - SHOPATOA.COM\",\"isPartOf\":{\"@id\":\"https:\\\/\\\/shopatoa.com\\\/ro\\\/#website\"},\"primaryImageOfPage\":{\"@id\":\"https:\\\/\\\/shopatoa.com\\\/ro\\\/gk-hair-leave-in-conditioner-balsam-fara-clatire-cu-efect-de-netezire-pentru-par-usor-de-pieptanat-in-spray-120-ml\\\/#primaryimage\"},\"image\":{\"@id\":\"https:\\\/\\\/shopatoa.com\\\/ro\\\/gk-hair-leave-in-conditioner-balsam-fara-clatire-cu-efect-de-netezire-pentru-par-usor-de-pieptanat-in-spray-120-ml\\\/#primaryimage\"},\"thumbnailUrl\":\"https:\\\/\\\/storage.googleapis.com\\\/cz-shopatoa-img\\\/ro\\\/40d0e7db-unnamed-file.webp\",\"datePublished\":\"2025-06-17T23:05:30+00:00\",\"dateModified\":\"2025-12-12T23:04:00+00:00\",\"breadcrumb\":{\"@id\":\"https:\\\/\\\/shopatoa.com\\\/ro\\\/gk-hair-leave-in-conditioner-balsam-fara-clatire-cu-efect-de-netezire-pentru-par-usor-de-pieptanat-in-spray-120-ml\\\/#breadcrumb\"},\"inLanguage\":\"ro-RO\",\"potentialAction\":[{\"@type\":\"ReadAction\",\"target\":[\"https:\\\/\\\/shopatoa.com\\\/ro\\\/gk-hair-leave-in-conditioner-balsam-fara-clatire-cu-efect-de-netezire-pentru-par-usor-de-pieptanat-in-spray-120-ml\\\/\"]}]},{\"@type\":\"ImageObject\",\"inLanguage\":\"ro-RO\",\"@id\":\"https:\\\/\\\/shopatoa.com\\\/ro\\\/gk-hair-leave-in-conditioner-balsam-fara-clatire-cu-efect-de-netezire-pentru-par-usor-de-pieptanat-in-spray-120-ml\\\/#primaryimage\",\"url\":\"https:\\\/\\\/storage.googleapis.com\\\/cz-shopatoa-img\\\/ro\\\/40d0e7db-unnamed-file.webp\",\"contentUrl\":\"https:\\\/\\\/storage.googleapis.com\\\/cz-shopatoa-img\\\/ro\\\/40d0e7db-unnamed-file.webp\",\"width\":800,\"height\":800},{\"@type\":\"BreadcrumbList\",\"@id\":\"https:\\\/\\\/shopatoa.com\\\/ro\\\/gk-hair-leave-in-conditioner-balsam-fara-clatire-cu-efect-de-netezire-pentru-par-usor-de-pieptanat-in-spray-120-ml\\\/#breadcrumb\",\"itemListElement\":[{\"@type\":\"ListItem\",\"position\":1,\"name\":\"Dom\u016f\",\"item\":\"https:\\\/\\\/shopatoa.com\\\/ro\\\/\"},{\"@type\":\"ListItem\",\"position\":2,\"name\":\"Shop\",\"item\":\"https:\\\/\\\/shopatoa.com\\\/ro\\\/shop\\\/\"},{\"@type\":\"ListItem\",\"position\":3,\"name\":\"S\u0103n\u0103tate \u0219i frumuse\u021be\",\"item\":\"https:\\\/\\\/shopatoa.com\\\/ro\\\/sanatate-si-frumusete\\\/\"},{\"@type\":\"ListItem\",\"position\":4,\"name\":\"\u00cengrijire personal\u0103\",\"item\":\"https:\\\/\\\/shopatoa.com\\\/ro\\\/ingrijire-personala\\\/\"},{\"@type\":\"ListItem\",\"position\":5,\"name\":\"\u00cengrijirea p\u0103rului\",\"item\":\"https:\\\/\\\/shopatoa.com\\\/ro\\\/ingrijirea-parului\\\/\"},{\"@type\":\"ListItem\",\"position\":6,\"name\":\"GK Hair Leave In Conditioner balsam f\u0103r\u0103 cl\u0103tire, cu efect de netezire pentru par usor de pieptanat in spray 120 ml\"}]},{\"@type\":\"WebSite\",\"@id\":\"https:\\\/\\\/shopatoa.com\\\/ro\\\/#website\",\"url\":\"https:\\\/\\\/shopatoa.com\\\/ro\\\/\",\"name\":\"SHOPATOA\",\"description\":\"\",\"publisher\":{\"@id\":\"https:\\\/\\\/shopatoa.com\\\/ro\\\/#organization\"},\"potentialAction\":[{\"@type\":\"SearchAction\",\"target\":{\"@type\":\"EntryPoint\",\"urlTemplate\":\"https:\\\/\\\/shopatoa.com\\\/ro\\\/?s={search_term_string}\"},\"query-input\":{\"@type\":\"PropertyValueSpecification\",\"valueRequired\":true,\"valueName\":\"search_term_string\"}}],\"inLanguage\":\"ro-RO\"},{\"@type\":\"Organization\",\"@id\":\"https:\\\/\\\/shopatoa.com\\\/ro\\\/#organization\",\"name\":\"SHOPATOA\",\"url\":\"https:\\\/\\\/shopatoa.com\\\/ro\\\/\",\"logo\":{\"@type\":\"ImageObject\",\"inLanguage\":\"ro-RO\",\"@id\":\"https:\\\/\\\/shopatoa.com\\\/ro\\\/#\\\/schema\\\/logo\\\/image\\\/\",\"url\":\"https:\\\/\\\/storage.googleapis.com\\\/cz-shopatoa-img\\\/ro\\\/b4dac915-shopatoa_logo.png\",\"contentUrl\":\"https:\\\/\\\/storage.googleapis.com\\\/cz-shopatoa-img\\\/ro\\\/b4dac915-shopatoa_logo.png\",\"width\":416,\"height\":63,\"caption\":\"SHOPATOA\"},\"image\":{\"@id\":\"https:\\\/\\\/shopatoa.com\\\/ro\\\/#\\\/schema\\\/logo\\\/image\\\/\"}}]}<\/script>\n<!-- \/ Yoast SEO plugin. -->","yoast_head_json":{"title":"GK Hair Leave In Conditioner balsam f\u0103r\u0103 cl\u0103tire, cu efect de netezire pentru par usor de pieptanat in spray 120 ml - SHOPATOA.COM","robots":{"index":"index","follow":"follow","max-snippet":"max-snippet:-1","max-image-preview":"max-image-preview:large","max-video-preview":"max-video-preview:-1"},"canonical":"https:\/\/shopatoa.com\/ro\/gk-hair-leave-in-conditioner-balsam-fara-clatire-cu-efect-de-netezire-pentru-par-usor-de-pieptanat-in-spray-120-ml\/","og_locale":"ro_RO","og_type":"article","og_title":"GK Hair Leave In Conditioner balsam f\u0103r\u0103 cl\u0103tire, cu efect de netezire pentru par usor de pieptanat in spray 120 ml - SHOPATOA.COM","og_description":"GK Hair Leave In Conditioner, 120 ml, Balsam f\u0103r\u0103 cl\u0103tire pentru femei, Balsamul f\u0103r\u0103 cl\u0103tire GK Hair Leave In Conditioner asigur\u0103 o doz\u0103 instantanee de hidratare \u0219i o nutri\u021bie intens\u0103. Va conferi p\u0103rului dvs. tot ce are nevoie dup\u0103 sp\u0103lare. Va ajuta la netezirea lui, \u00eei va reda str\u0103lucirea natural\u0103 \u0219i va restabili integritatea structurii...","og_url":"https:\/\/shopatoa.com\/ro\/gk-hair-leave-in-conditioner-balsam-fara-clatire-cu-efect-de-netezire-pentru-par-usor-de-pieptanat-in-spray-120-ml\/","og_site_name":"SHOPATOA","article_modified_time":"2025-12-12T23:04:00+00:00","og_image":[{"width":800,"height":800,"url":"https:\/\/storage.googleapis.com\/cz-shopatoa-img\/ro\/40d0e7db-unnamed-file.webp","type":"image\/webp"}],"twitter_card":"summary_large_image","twitter_misc":{"Timp estimat pentru citire":"1 minut"},"schema":{"@context":"https:\/\/schema.org","@graph":[{"@type":"WebPage","@id":"https:\/\/shopatoa.com\/ro\/gk-hair-leave-in-conditioner-balsam-fara-clatire-cu-efect-de-netezire-pentru-par-usor-de-pieptanat-in-spray-120-ml\/","url":"https:\/\/shopatoa.com\/ro\/gk-hair-leave-in-conditioner-balsam-fara-clatire-cu-efect-de-netezire-pentru-par-usor-de-pieptanat-in-spray-120-ml\/","name":"GK Hair Leave In Conditioner balsam f\u0103r\u0103 cl\u0103tire, cu efect de netezire pentru par usor de pieptanat in spray 120 ml - SHOPATOA.COM","isPartOf":{"@id":"https:\/\/shopatoa.com\/ro\/#website"},"primaryImageOfPage":{"@id":"https:\/\/shopatoa.com\/ro\/gk-hair-leave-in-conditioner-balsam-fara-clatire-cu-efect-de-netezire-pentru-par-usor-de-pieptanat-in-spray-120-ml\/#primaryimage"},"image":{"@id":"https:\/\/shopatoa.com\/ro\/gk-hair-leave-in-conditioner-balsam-fara-clatire-cu-efect-de-netezire-pentru-par-usor-de-pieptanat-in-spray-120-ml\/#primaryimage"},"thumbnailUrl":"https:\/\/storage.googleapis.com\/cz-shopatoa-img\/ro\/40d0e7db-unnamed-file.webp","datePublished":"2025-06-17T23:05:30+00:00","dateModified":"2025-12-12T23:04:00+00:00","breadcrumb":{"@id":"https:\/\/shopatoa.com\/ro\/gk-hair-leave-in-conditioner-balsam-fara-clatire-cu-efect-de-netezire-pentru-par-usor-de-pieptanat-in-spray-120-ml\/#breadcrumb"},"inLanguage":"ro-RO","potentialAction":[{"@type":"ReadAction","target":["https:\/\/shopatoa.com\/ro\/gk-hair-leave-in-conditioner-balsam-fara-clatire-cu-efect-de-netezire-pentru-par-usor-de-pieptanat-in-spray-120-ml\/"]}]},{"@type":"ImageObject","inLanguage":"ro-RO","@id":"https:\/\/shopatoa.com\/ro\/gk-hair-leave-in-conditioner-balsam-fara-clatire-cu-efect-de-netezire-pentru-par-usor-de-pieptanat-in-spray-120-ml\/#primaryimage","url":"https:\/\/storage.googleapis.com\/cz-shopatoa-img\/ro\/40d0e7db-unnamed-file.webp","contentUrl":"https:\/\/storage.googleapis.com\/cz-shopatoa-img\/ro\/40d0e7db-unnamed-file.webp","width":800,"height":800},{"@type":"BreadcrumbList","@id":"https:\/\/shopatoa.com\/ro\/gk-hair-leave-in-conditioner-balsam-fara-clatire-cu-efect-de-netezire-pentru-par-usor-de-pieptanat-in-spray-120-ml\/#breadcrumb","itemListElement":[{"@type":"ListItem","position":1,"name":"Dom\u016f","item":"https:\/\/shopatoa.com\/ro\/"},{"@type":"ListItem","position":2,"name":"Shop","item":"https:\/\/shopatoa.com\/ro\/shop\/"},{"@type":"ListItem","position":3,"name":"S\u0103n\u0103tate \u0219i frumuse\u021be","item":"https:\/\/shopatoa.com\/ro\/sanatate-si-frumusete\/"},{"@type":"ListItem","position":4,"name":"\u00cengrijire personal\u0103","item":"https:\/\/shopatoa.com\/ro\/ingrijire-personala\/"},{"@type":"ListItem","position":5,"name":"\u00cengrijirea p\u0103rului","item":"https:\/\/shopatoa.com\/ro\/ingrijirea-parului\/"},{"@type":"ListItem","position":6,"name":"GK Hair Leave In Conditioner balsam f\u0103r\u0103 cl\u0103tire, cu efect de netezire pentru par usor de pieptanat in spray 120 ml"}]},{"@type":"WebSite","@id":"https:\/\/shopatoa.com\/ro\/#website","url":"https:\/\/shopatoa.com\/ro\/","name":"SHOPATOA","description":"","publisher":{"@id":"https:\/\/shopatoa.com\/ro\/#organization"},"potentialAction":[{"@type":"SearchAction","target":{"@type":"EntryPoint","urlTemplate":"https:\/\/shopatoa.com\/ro\/?s={search_term_string}"},"query-input":{"@type":"PropertyValueSpecification","valueRequired":true,"valueName":"search_term_string"}}],"inLanguage":"ro-RO"},{"@type":"Organization","@id":"https:\/\/shopatoa.com\/ro\/#organization","name":"SHOPATOA","url":"https:\/\/shopatoa.com\/ro\/","logo":{"@type":"ImageObject","inLanguage":"ro-RO","@id":"https:\/\/shopatoa.com\/ro\/#\/schema\/logo\/image\/","url":"https:\/\/storage.googleapis.com\/cz-shopatoa-img\/ro\/b4dac915-shopatoa_logo.png","contentUrl":"https:\/\/storage.googleapis.com\/cz-shopatoa-img\/ro\/b4dac915-shopatoa_logo.png","width":416,"height":63,"caption":"SHOPATOA"},"image":{"@id":"https:\/\/shopatoa.com\/ro\/#\/schema\/logo\/image\/"}}]}},"_links":{"self":[{"href":"https:\/\/shopatoa.com\/ro\/wp-json\/wp\/v2\/product\/404238","targetHints":{"allow":["GET"]}}],"collection":[{"href":"https:\/\/shopatoa.com\/ro\/wp-json\/wp\/v2\/product"}],"about":[{"href":"https:\/\/shopatoa.com\/ro\/wp-json\/wp\/v2\/types\/product"}],"replies":[{"embeddable":true,"href":"https:\/\/shopatoa.com\/ro\/wp-json\/wp\/v2\/comments?post=404238"}],"wp:featuredmedia":[{"embeddable":true,"href":"https:\/\/shopatoa.com\/ro\/wp-json\/wp\/v2\/media\/406535"}],"wp:attachment":[{"href":"https:\/\/shopatoa.com\/ro\/wp-json\/wp\/v2\/media?parent=404238"}],"wp:term":[{"taxonomy":"product_brand","embeddable":true,"href":"https:\/\/shopatoa.com\/ro\/wp-json\/wp\/v2\/product_brand?post=404238"},{"taxonomy":"product_cat","embeddable":true,"href":"https:\/\/shopatoa.com\/ro\/wp-json\/wp\/v2\/product_cat?post=404238"},{"taxonomy":"product_tag","embeddable":true,"href":"https:\/\/shopatoa.com\/ro\/wp-json\/wp\/v2\/product_tag?post=404238"}],"curies":[{"name":"wp","href":"https:\/\/api.w.org\/{rel}","templated":true}]}}