{"id":404536,"date":"2025-06-18T02:03:03","date_gmt":"2025-06-18T00:03:03","guid":{"rendered":"https:\/\/shopatoa.com\/ro\/uppercut-deluxe-comb-ct5-tortoise-pieptene-de-par-pentru-barbati-1-buc\/"},"modified":"2025-10-08T19:36:13","modified_gmt":"2025-10-08T17:36:13","slug":"uppercut-deluxe-comb-ct5-tortoise-pieptene-de-par-pentru-barbati-1-buc","status":"publish","type":"product","link":"https:\/\/shopatoa.com\/ro\/uppercut-deluxe-comb-ct5-tortoise-pieptene-de-par-pentru-barbati-1-buc\/","title":{"rendered":"Uppercut Deluxe Comb CT5 Tortoise pieptene de p\u0103r pentru barbati 1 buc"},"content":{"rendered":"<p>Uppercut Deluxe Comb CT5 Tortoise, 1 buc, Piepteni pentru b\u0103rba\u021bi, Dori\u021bi s\u0103 ave\u021bi mereu controlul asupra p\u0103rului \u0219i a coafurii? Din trusa dvs. nu ar trebui s\u0103 lipseasc\u0103 pieptenele de p\u0103r Uppercut Deluxe Comb CT5 Tortoise. Este un ajutor indispensabil, at\u00e2t pentru coafatul zilnic, c\u00e2t \u0219i pentru coafurile complicate. Ofer\u0103 beneficii care completeaz\u0103 perfect periile rotunde \u0219i plate \u0219i alte accesorii pentru coafarea p\u0103rului. Permite piept\u0103narea p\u0103rului uscat sau umed, \u00een plus, \u00eel pute\u021bi folosi pentru stabilirea c\u0103r\u0103rii, \u00een timpul tunsului, tap\u0103rii \u0219i altor aranj\u0103ri ale p\u0103rului.  Caracteristici:  design de lux material rezistent extrem de flexibil \u0219i u\u0219or pentru toate tipurile de p\u0103r potrivit \u0219i pentru p\u0103rul facial  Ingrediente:  m\u00e2ner realizat din materiale naturale  Cum se utilizeaz\u0103: Se piept\u0103n\u0103 p\u0103rul cu treceri lungi, de la r\u0103d\u0103cini la v\u00e2rfuri.<\/p>\n","protected":false},"excerpt":{"rendered":"<p>Uppercut Deluxe Comb CT5 Tortoise, 1 buc, Piepteni pentru b\u0103rba\u021bi, Dori\u021bi s\u0103 ave\u021bi mereu controlul asupra p\u0103rului \u0219i a coafurii? Din trusa dvs. nu ar trebui s\u0103 lipseasc\u0103 pieptenele de p\u0103r Uppercut Deluxe Comb CT5 Tortoise. Este un ajutor indispensabil, at\u00e2t pentru coafatul zilnic, c\u00e2t \u0219i pentru coafurile complicate. Ofer\u0103 beneficii care completeaz\u0103 perfect periile&#8230;<\/p>\n","protected":false},"featured_media":406832,"comment_status":"closed","ping_status":"open","template":"","meta":{"_acf_changed":false,"_kadence_starter_templates_imported_post":false,"_kad_post_transparent":"","_kad_post_title":"","_kad_post_layout":"","_kad_post_sidebar_id":"","_kad_post_content_style":"","_kad_post_vertical_padding":"","_kad_post_feature":"","_kad_post_feature_position":"","_kad_post_header":false,"_kad_post_footer":false,"_kad_post_classname":""},"product_brand":[2102],"product_cat":[1563,1590,1652,1653,1562],"product_tag":[],"class_list":{"0":"post-404536","1":"product","2":"type-product","3":"status-publish","4":"has-post-thumbnail","6":"product_brand-uppercut-deluxe","7":"product_cat-ingrijire-personala","8":"product_cat-ingrijirea-parului","9":"product_cat-instrumente-de-coafat","10":"product_cat-piepteni-si-perii","11":"product_cat-sanatate-si-frumusete","12":"pa_gen-male","13":"pa_marime-1-buc","15":"first","16":"instock","17":"product-type-external","18":"entry","19":"content-bg","20":"loop-entry"},"acf":[],"yoast_head":"<!-- This site is optimized with the Yoast SEO plugin v27.4 - https:\/\/yoast.com\/product\/yoast-seo-wordpress\/ -->\n<title>Uppercut Deluxe Comb CT5 Tortoise pieptene de p\u0103r pentru barbati 1 buc - SHOPATOA.COM<\/title>\n<meta name=\"robots\" content=\"index, follow, max-snippet:-1, max-image-preview:large, max-video-preview:-1\" \/>\n<link rel=\"canonical\" href=\"https:\/\/shopatoa.com\/ro\/uppercut-deluxe-comb-ct5-tortoise-pieptene-de-par-pentru-barbati-1-buc\/\" \/>\n<meta property=\"og:locale\" content=\"ro_RO\" \/>\n<meta property=\"og:type\" content=\"article\" \/>\n<meta property=\"og:title\" content=\"Uppercut Deluxe Comb CT5 Tortoise pieptene de p\u0103r pentru barbati 1 buc - SHOPATOA.COM\" \/>\n<meta property=\"og:description\" content=\"Uppercut Deluxe Comb CT5 Tortoise, 1 buc, Piepteni pentru b\u0103rba\u021bi, Dori\u021bi s\u0103 ave\u021bi mereu controlul asupra p\u0103rului \u0219i a coafurii? Din trusa dvs. nu ar trebui s\u0103 lipseasc\u0103 pieptenele de p\u0103r Uppercut Deluxe Comb CT5 Tortoise. Este un ajutor indispensabil, at\u00e2t pentru coafatul zilnic, c\u00e2t \u0219i pentru coafurile complicate. Ofer\u0103 beneficii care completeaz\u0103 perfect periile...\" \/>\n<meta property=\"og:url\" content=\"https:\/\/shopatoa.com\/ro\/uppercut-deluxe-comb-ct5-tortoise-pieptene-de-par-pentru-barbati-1-buc\/\" \/>\n<meta property=\"og:site_name\" content=\"SHOPATOA\" \/>\n<meta property=\"article:modified_time\" content=\"2025-10-08T17:36:13+00:00\" \/>\n<meta property=\"og:image\" content=\"https:\/\/storage.googleapis.com\/cz-shopatoa-img\/ro\/b8b62814-unnamed-file.webp\" \/>\n\t<meta property=\"og:image:width\" content=\"800\" \/>\n\t<meta property=\"og:image:height\" content=\"800\" \/>\n\t<meta property=\"og:image:type\" content=\"image\/webp\" \/>\n<meta name=\"twitter:card\" content=\"summary_large_image\" \/>\n<meta name=\"twitter:label1\" content=\"Timp estimat pentru citire\" \/>\n\t<meta name=\"twitter:data1\" content=\"1 minut\" \/>\n<script type=\"application\/ld+json\" class=\"yoast-schema-graph\">{\"@context\":\"https:\\\/\\\/schema.org\",\"@graph\":[{\"@type\":\"WebPage\",\"@id\":\"https:\\\/\\\/shopatoa.com\\\/ro\\\/uppercut-deluxe-comb-ct5-tortoise-pieptene-de-par-pentru-barbati-1-buc\\\/\",\"url\":\"https:\\\/\\\/shopatoa.com\\\/ro\\\/uppercut-deluxe-comb-ct5-tortoise-pieptene-de-par-pentru-barbati-1-buc\\\/\",\"name\":\"Uppercut Deluxe Comb CT5 Tortoise pieptene de p\u0103r pentru barbati 1 buc - SHOPATOA.COM\",\"isPartOf\":{\"@id\":\"https:\\\/\\\/shopatoa.com\\\/ro\\\/#website\"},\"primaryImageOfPage\":{\"@id\":\"https:\\\/\\\/shopatoa.com\\\/ro\\\/uppercut-deluxe-comb-ct5-tortoise-pieptene-de-par-pentru-barbati-1-buc\\\/#primaryimage\"},\"image\":{\"@id\":\"https:\\\/\\\/shopatoa.com\\\/ro\\\/uppercut-deluxe-comb-ct5-tortoise-pieptene-de-par-pentru-barbati-1-buc\\\/#primaryimage\"},\"thumbnailUrl\":\"https:\\\/\\\/storage.googleapis.com\\\/cz-shopatoa-img\\\/ro\\\/b8b62814-unnamed-file.webp\",\"datePublished\":\"2025-06-18T00:03:03+00:00\",\"dateModified\":\"2025-10-08T17:36:13+00:00\",\"breadcrumb\":{\"@id\":\"https:\\\/\\\/shopatoa.com\\\/ro\\\/uppercut-deluxe-comb-ct5-tortoise-pieptene-de-par-pentru-barbati-1-buc\\\/#breadcrumb\"},\"inLanguage\":\"ro-RO\",\"potentialAction\":[{\"@type\":\"ReadAction\",\"target\":[\"https:\\\/\\\/shopatoa.com\\\/ro\\\/uppercut-deluxe-comb-ct5-tortoise-pieptene-de-par-pentru-barbati-1-buc\\\/\"]}]},{\"@type\":\"ImageObject\",\"inLanguage\":\"ro-RO\",\"@id\":\"https:\\\/\\\/shopatoa.com\\\/ro\\\/uppercut-deluxe-comb-ct5-tortoise-pieptene-de-par-pentru-barbati-1-buc\\\/#primaryimage\",\"url\":\"https:\\\/\\\/storage.googleapis.com\\\/cz-shopatoa-img\\\/ro\\\/b8b62814-unnamed-file.webp\",\"contentUrl\":\"https:\\\/\\\/storage.googleapis.com\\\/cz-shopatoa-img\\\/ro\\\/b8b62814-unnamed-file.webp\",\"width\":800,\"height\":800},{\"@type\":\"BreadcrumbList\",\"@id\":\"https:\\\/\\\/shopatoa.com\\\/ro\\\/uppercut-deluxe-comb-ct5-tortoise-pieptene-de-par-pentru-barbati-1-buc\\\/#breadcrumb\",\"itemListElement\":[{\"@type\":\"ListItem\",\"position\":1,\"name\":\"Dom\u016f\",\"item\":\"https:\\\/\\\/shopatoa.com\\\/ro\\\/\"},{\"@type\":\"ListItem\",\"position\":2,\"name\":\"Shop\",\"item\":\"https:\\\/\\\/shopatoa.com\\\/ro\\\/shop\\\/\"},{\"@type\":\"ListItem\",\"position\":3,\"name\":\"S\u0103n\u0103tate \u0219i frumuse\u021be\",\"item\":\"https:\\\/\\\/shopatoa.com\\\/ro\\\/sanatate-si-frumusete\\\/\"},{\"@type\":\"ListItem\",\"position\":4,\"name\":\"\u00cengrijire personal\u0103\",\"item\":\"https:\\\/\\\/shopatoa.com\\\/ro\\\/ingrijire-personala\\\/\"},{\"@type\":\"ListItem\",\"position\":5,\"name\":\"\u00cengrijirea p\u0103rului\",\"item\":\"https:\\\/\\\/shopatoa.com\\\/ro\\\/ingrijirea-parului\\\/\"},{\"@type\":\"ListItem\",\"position\":6,\"name\":\"Instrumente de coafat\",\"item\":\"https:\\\/\\\/shopatoa.com\\\/ro\\\/instrumente-de-coafat\\\/\"},{\"@type\":\"ListItem\",\"position\":7,\"name\":\"Piepteni \u0219i perii\",\"item\":\"https:\\\/\\\/shopatoa.com\\\/ro\\\/piepteni-si-perii\\\/\"},{\"@type\":\"ListItem\",\"position\":8,\"name\":\"Uppercut Deluxe Comb CT5 Tortoise pieptene de p\u0103r pentru barbati 1 buc\"}]},{\"@type\":\"WebSite\",\"@id\":\"https:\\\/\\\/shopatoa.com\\\/ro\\\/#website\",\"url\":\"https:\\\/\\\/shopatoa.com\\\/ro\\\/\",\"name\":\"SHOPATOA\",\"description\":\"\",\"publisher\":{\"@id\":\"https:\\\/\\\/shopatoa.com\\\/ro\\\/#organization\"},\"potentialAction\":[{\"@type\":\"SearchAction\",\"target\":{\"@type\":\"EntryPoint\",\"urlTemplate\":\"https:\\\/\\\/shopatoa.com\\\/ro\\\/?s={search_term_string}\"},\"query-input\":{\"@type\":\"PropertyValueSpecification\",\"valueRequired\":true,\"valueName\":\"search_term_string\"}}],\"inLanguage\":\"ro-RO\"},{\"@type\":\"Organization\",\"@id\":\"https:\\\/\\\/shopatoa.com\\\/ro\\\/#organization\",\"name\":\"SHOPATOA\",\"url\":\"https:\\\/\\\/shopatoa.com\\\/ro\\\/\",\"logo\":{\"@type\":\"ImageObject\",\"inLanguage\":\"ro-RO\",\"@id\":\"https:\\\/\\\/shopatoa.com\\\/ro\\\/#\\\/schema\\\/logo\\\/image\\\/\",\"url\":\"https:\\\/\\\/storage.googleapis.com\\\/cz-shopatoa-img\\\/ro\\\/b4dac915-shopatoa_logo.png\",\"contentUrl\":\"https:\\\/\\\/storage.googleapis.com\\\/cz-shopatoa-img\\\/ro\\\/b4dac915-shopatoa_logo.png\",\"width\":416,\"height\":63,\"caption\":\"SHOPATOA\"},\"image\":{\"@id\":\"https:\\\/\\\/shopatoa.com\\\/ro\\\/#\\\/schema\\\/logo\\\/image\\\/\"}}]}<\/script>\n<!-- \/ Yoast SEO plugin. -->","yoast_head_json":{"title":"Uppercut Deluxe Comb CT5 Tortoise pieptene de p\u0103r pentru barbati 1 buc - SHOPATOA.COM","robots":{"index":"index","follow":"follow","max-snippet":"max-snippet:-1","max-image-preview":"max-image-preview:large","max-video-preview":"max-video-preview:-1"},"canonical":"https:\/\/shopatoa.com\/ro\/uppercut-deluxe-comb-ct5-tortoise-pieptene-de-par-pentru-barbati-1-buc\/","og_locale":"ro_RO","og_type":"article","og_title":"Uppercut Deluxe Comb CT5 Tortoise pieptene de p\u0103r pentru barbati 1 buc - SHOPATOA.COM","og_description":"Uppercut Deluxe Comb CT5 Tortoise, 1 buc, Piepteni pentru b\u0103rba\u021bi, Dori\u021bi s\u0103 ave\u021bi mereu controlul asupra p\u0103rului \u0219i a coafurii? Din trusa dvs. nu ar trebui s\u0103 lipseasc\u0103 pieptenele de p\u0103r Uppercut Deluxe Comb CT5 Tortoise. Este un ajutor indispensabil, at\u00e2t pentru coafatul zilnic, c\u00e2t \u0219i pentru coafurile complicate. Ofer\u0103 beneficii care completeaz\u0103 perfect periile...","og_url":"https:\/\/shopatoa.com\/ro\/uppercut-deluxe-comb-ct5-tortoise-pieptene-de-par-pentru-barbati-1-buc\/","og_site_name":"SHOPATOA","article_modified_time":"2025-10-08T17:36:13+00:00","og_image":[{"width":800,"height":800,"url":"https:\/\/storage.googleapis.com\/cz-shopatoa-img\/ro\/b8b62814-unnamed-file.webp","type":"image\/webp"}],"twitter_card":"summary_large_image","twitter_misc":{"Timp estimat pentru citire":"1 minut"},"schema":{"@context":"https:\/\/schema.org","@graph":[{"@type":"WebPage","@id":"https:\/\/shopatoa.com\/ro\/uppercut-deluxe-comb-ct5-tortoise-pieptene-de-par-pentru-barbati-1-buc\/","url":"https:\/\/shopatoa.com\/ro\/uppercut-deluxe-comb-ct5-tortoise-pieptene-de-par-pentru-barbati-1-buc\/","name":"Uppercut Deluxe Comb CT5 Tortoise pieptene de p\u0103r pentru barbati 1 buc - SHOPATOA.COM","isPartOf":{"@id":"https:\/\/shopatoa.com\/ro\/#website"},"primaryImageOfPage":{"@id":"https:\/\/shopatoa.com\/ro\/uppercut-deluxe-comb-ct5-tortoise-pieptene-de-par-pentru-barbati-1-buc\/#primaryimage"},"image":{"@id":"https:\/\/shopatoa.com\/ro\/uppercut-deluxe-comb-ct5-tortoise-pieptene-de-par-pentru-barbati-1-buc\/#primaryimage"},"thumbnailUrl":"https:\/\/storage.googleapis.com\/cz-shopatoa-img\/ro\/b8b62814-unnamed-file.webp","datePublished":"2025-06-18T00:03:03+00:00","dateModified":"2025-10-08T17:36:13+00:00","breadcrumb":{"@id":"https:\/\/shopatoa.com\/ro\/uppercut-deluxe-comb-ct5-tortoise-pieptene-de-par-pentru-barbati-1-buc\/#breadcrumb"},"inLanguage":"ro-RO","potentialAction":[{"@type":"ReadAction","target":["https:\/\/shopatoa.com\/ro\/uppercut-deluxe-comb-ct5-tortoise-pieptene-de-par-pentru-barbati-1-buc\/"]}]},{"@type":"ImageObject","inLanguage":"ro-RO","@id":"https:\/\/shopatoa.com\/ro\/uppercut-deluxe-comb-ct5-tortoise-pieptene-de-par-pentru-barbati-1-buc\/#primaryimage","url":"https:\/\/storage.googleapis.com\/cz-shopatoa-img\/ro\/b8b62814-unnamed-file.webp","contentUrl":"https:\/\/storage.googleapis.com\/cz-shopatoa-img\/ro\/b8b62814-unnamed-file.webp","width":800,"height":800},{"@type":"BreadcrumbList","@id":"https:\/\/shopatoa.com\/ro\/uppercut-deluxe-comb-ct5-tortoise-pieptene-de-par-pentru-barbati-1-buc\/#breadcrumb","itemListElement":[{"@type":"ListItem","position":1,"name":"Dom\u016f","item":"https:\/\/shopatoa.com\/ro\/"},{"@type":"ListItem","position":2,"name":"Shop","item":"https:\/\/shopatoa.com\/ro\/shop\/"},{"@type":"ListItem","position":3,"name":"S\u0103n\u0103tate \u0219i frumuse\u021be","item":"https:\/\/shopatoa.com\/ro\/sanatate-si-frumusete\/"},{"@type":"ListItem","position":4,"name":"\u00cengrijire personal\u0103","item":"https:\/\/shopatoa.com\/ro\/ingrijire-personala\/"},{"@type":"ListItem","position":5,"name":"\u00cengrijirea p\u0103rului","item":"https:\/\/shopatoa.com\/ro\/ingrijirea-parului\/"},{"@type":"ListItem","position":6,"name":"Instrumente de coafat","item":"https:\/\/shopatoa.com\/ro\/instrumente-de-coafat\/"},{"@type":"ListItem","position":7,"name":"Piepteni \u0219i perii","item":"https:\/\/shopatoa.com\/ro\/piepteni-si-perii\/"},{"@type":"ListItem","position":8,"name":"Uppercut Deluxe Comb CT5 Tortoise pieptene de p\u0103r pentru barbati 1 buc"}]},{"@type":"WebSite","@id":"https:\/\/shopatoa.com\/ro\/#website","url":"https:\/\/shopatoa.com\/ro\/","name":"SHOPATOA","description":"","publisher":{"@id":"https:\/\/shopatoa.com\/ro\/#organization"},"potentialAction":[{"@type":"SearchAction","target":{"@type":"EntryPoint","urlTemplate":"https:\/\/shopatoa.com\/ro\/?s={search_term_string}"},"query-input":{"@type":"PropertyValueSpecification","valueRequired":true,"valueName":"search_term_string"}}],"inLanguage":"ro-RO"},{"@type":"Organization","@id":"https:\/\/shopatoa.com\/ro\/#organization","name":"SHOPATOA","url":"https:\/\/shopatoa.com\/ro\/","logo":{"@type":"ImageObject","inLanguage":"ro-RO","@id":"https:\/\/shopatoa.com\/ro\/#\/schema\/logo\/image\/","url":"https:\/\/storage.googleapis.com\/cz-shopatoa-img\/ro\/b4dac915-shopatoa_logo.png","contentUrl":"https:\/\/storage.googleapis.com\/cz-shopatoa-img\/ro\/b4dac915-shopatoa_logo.png","width":416,"height":63,"caption":"SHOPATOA"},"image":{"@id":"https:\/\/shopatoa.com\/ro\/#\/schema\/logo\/image\/"}}]}},"_links":{"self":[{"href":"https:\/\/shopatoa.com\/ro\/wp-json\/wp\/v2\/product\/404536","targetHints":{"allow":["GET"]}}],"collection":[{"href":"https:\/\/shopatoa.com\/ro\/wp-json\/wp\/v2\/product"}],"about":[{"href":"https:\/\/shopatoa.com\/ro\/wp-json\/wp\/v2\/types\/product"}],"replies":[{"embeddable":true,"href":"https:\/\/shopatoa.com\/ro\/wp-json\/wp\/v2\/comments?post=404536"}],"wp:featuredmedia":[{"embeddable":true,"href":"https:\/\/shopatoa.com\/ro\/wp-json\/wp\/v2\/media\/406832"}],"wp:attachment":[{"href":"https:\/\/shopatoa.com\/ro\/wp-json\/wp\/v2\/media?parent=404536"}],"wp:term":[{"taxonomy":"product_brand","embeddable":true,"href":"https:\/\/shopatoa.com\/ro\/wp-json\/wp\/v2\/product_brand?post=404536"},{"taxonomy":"product_cat","embeddable":true,"href":"https:\/\/shopatoa.com\/ro\/wp-json\/wp\/v2\/product_cat?post=404536"},{"taxonomy":"product_tag","embeddable":true,"href":"https:\/\/shopatoa.com\/ro\/wp-json\/wp\/v2\/product_tag?post=404536"}],"curies":[{"name":"wp","href":"https:\/\/api.w.org\/{rel}","templated":true}]}}