{"id":404643,"date":"2025-06-18T02:23:32","date_gmt":"2025-06-18T00:23:32","guid":{"rendered":"https:\/\/shopatoa.com\/ro\/lamel-all-in-one-lip-tinted-plumping-oil-ulei-nuantator-pentru-buze-pentru-volum-maxim-%e2%84%96-401-peachy-3-ml\/"},"modified":"2025-12-15T04:33:29","modified_gmt":"2025-12-15T03:33:29","slug":"lamel-all-in-one-lip-tinted-plumping-oil-ulei-nuantator-pentru-buze-pentru-volum-maxim-%e2%84%96-401-peachy-3-ml","status":"publish","type":"product","link":"https:\/\/shopatoa.com\/ro\/lamel-all-in-one-lip-tinted-plumping-oil-ulei-nuantator-pentru-buze-pentru-volum-maxim-%e2%84%96-401-peachy-3-ml\/","title":{"rendered":"LAMEL All in One Lip Tinted Plumping Oil ulei nuan\u021bator pentru buze pentru volum maxim \u2116 401 Peachy 3 ml"},"content":{"rendered":"<p>LAMEL All in One Lip Tinted Plumping Oil, 3 ml, Balsam pentru buze pentru femei, Buze netede ca sticla \u0219i reflectorizante ca o oglind\u0103? Luciul de buze LAMELAll in OneLip Tinted Plumping Oil transform\u0103 acest vis \u00een realitate. Acoper\u0103 buzele cu un strat str\u0103lucitor, neteze\u0219te \u0219i uniformizeaz\u0103 suprafa\u021ba acestora, pentru a masca perfect orice linii sau riduri, oferind \u00een plus buzelor o senza\u021bie de confort de lung\u0103 durat\u0103. Favorizeaz\u0103 un aspect catifelat \u0219i \u00eempiedic\u0103 uscarea vizibil\u0103 s\u0103 interfereze cu machiajul impecabil. \u00centr-un timp scurt, v\u0103 va ajuta s\u0103 ob\u021bine\u021bi buze frumoase, str\u0103lucitoare \u0219i luxuriante, care atrag privirile \u0219i tenteaz\u0103 la s\u0103rut\u0103ri.  Caracteristici:  confer\u0103 volum buzelor hidrateaz\u0103 \u0219i catifeleaz\u0103 buzele coloreaz\u0103 u\u0219or buzele efect de lung\u0103 durat\u0103 creeaz\u0103 un efect de buze pline buzele devin moi \u0219i fine ca m\u0103tasea str\u0103luce\u0219te  Cum se utilizeaz\u0103: Se aplic\u0103 pe buze un strat uniform, cu aplicatorul.<\/p>\n","protected":false},"excerpt":{"rendered":"<p>LAMEL All in One Lip Tinted Plumping Oil, 3 ml, Balsam pentru buze pentru femei, Buze netede ca sticla \u0219i reflectorizante ca o oglind\u0103? Luciul de buze LAMELAll in OneLip Tinted Plumping Oil transform\u0103 acest vis \u00een realitate. Acoper\u0103 buzele cu un strat str\u0103lucitor, neteze\u0219te \u0219i uniformizeaz\u0103 suprafa\u021ba acestora, pentru a masca perfect orice linii&#8230;<\/p>\n","protected":false},"featured_media":406935,"comment_status":"closed","ping_status":"open","template":"","meta":{"_acf_changed":false,"_kadence_starter_templates_imported_post":false,"_kad_post_transparent":"","_kad_post_title":"","_kad_post_layout":"","_kad_post_sidebar_id":"","_kad_post_content_style":"","_kad_post_vertical_padding":"","_kad_post_feature":"","_kad_post_feature_position":"","_kad_post_header":false,"_kad_post_footer":false,"_kad_post_classname":""},"product_brand":[1702],"product_cat":[1628,1564,1563,1565,1562],"product_tag":[],"class_list":{"0":"post-404643","1":"product","2":"type-product","3":"status-publish","4":"has-post-thumbnail","6":"product_brand-lamel","7":"product_cat-balsamuri-si-tratamente-pentru-buze","8":"product_cat-cosmetice-ingrijire-personala","9":"product_cat-ingrijire-personala","10":"product_cat-ingrijirea-pielii","11":"product_cat-sanatate-si-frumusete","12":"pa_gen-female","13":"pa_marime-3-ml","15":"first","16":"instock","17":"sale","18":"product-type-external","19":"entry","20":"content-bg","21":"loop-entry"},"acf":[],"yoast_head":"<!-- This site is optimized with the Yoast SEO plugin v27.4 - https:\/\/yoast.com\/product\/yoast-seo-wordpress\/ -->\n<title>LAMEL All in One Lip Tinted Plumping Oil ulei nuan\u021bator pentru buze pentru volum maxim \u2116 401 Peachy 3 ml - SHOPATOA.COM<\/title>\n<meta name=\"robots\" content=\"index, follow, max-snippet:-1, max-image-preview:large, max-video-preview:-1\" \/>\n<link rel=\"canonical\" href=\"https:\/\/shopatoa.com\/ro\/lamel-all-in-one-lip-tinted-plumping-oil-ulei-nuantator-pentru-buze-pentru-volum-maxim-\u2116-401-peachy-3-ml\/\" \/>\n<meta property=\"og:locale\" content=\"ro_RO\" \/>\n<meta property=\"og:type\" content=\"article\" \/>\n<meta property=\"og:title\" content=\"LAMEL All in One Lip Tinted Plumping Oil ulei nuan\u021bator pentru buze pentru volum maxim \u2116 401 Peachy 3 ml - SHOPATOA.COM\" \/>\n<meta property=\"og:description\" content=\"LAMEL All in One Lip Tinted Plumping Oil, 3 ml, Balsam pentru buze pentru femei, Buze netede ca sticla \u0219i reflectorizante ca o oglind\u0103? Luciul de buze LAMELAll in OneLip Tinted Plumping Oil transform\u0103 acest vis \u00een realitate. Acoper\u0103 buzele cu un strat str\u0103lucitor, neteze\u0219te \u0219i uniformizeaz\u0103 suprafa\u021ba acestora, pentru a masca perfect orice linii...\" \/>\n<meta property=\"og:url\" content=\"https:\/\/shopatoa.com\/ro\/lamel-all-in-one-lip-tinted-plumping-oil-ulei-nuantator-pentru-buze-pentru-volum-maxim-\u2116-401-peachy-3-ml\/\" \/>\n<meta property=\"og:site_name\" content=\"SHOPATOA\" \/>\n<meta property=\"article:modified_time\" content=\"2025-12-15T03:33:29+00:00\" \/>\n<meta property=\"og:image\" content=\"https:\/\/storage.googleapis.com\/cz-shopatoa-img\/ro\/0c7b501f-unnamed-file.webp\" \/>\n\t<meta property=\"og:image:width\" content=\"800\" \/>\n\t<meta property=\"og:image:height\" content=\"800\" \/>\n\t<meta property=\"og:image:type\" content=\"image\/webp\" \/>\n<meta name=\"twitter:card\" content=\"summary_large_image\" \/>\n<meta name=\"twitter:label1\" content=\"Timp estimat pentru citire\" \/>\n\t<meta name=\"twitter:data1\" content=\"1 minut\" \/>\n<script type=\"application\/ld+json\" class=\"yoast-schema-graph\">{\"@context\":\"https:\\\/\\\/schema.org\",\"@graph\":[{\"@type\":\"WebPage\",\"@id\":\"https:\\\/\\\/shopatoa.com\\\/ro\\\/lamel-all-in-one-lip-tinted-plumping-oil-ulei-nuantator-pentru-buze-pentru-volum-maxim-%e2%84%96-401-peachy-3-ml\\\/\",\"url\":\"https:\\\/\\\/shopatoa.com\\\/ro\\\/lamel-all-in-one-lip-tinted-plumping-oil-ulei-nuantator-pentru-buze-pentru-volum-maxim-%e2%84%96-401-peachy-3-ml\\\/\",\"name\":\"LAMEL All in One Lip Tinted Plumping Oil ulei nuan\u021bator pentru buze pentru volum maxim \u2116 401 Peachy 3 ml - SHOPATOA.COM\",\"isPartOf\":{\"@id\":\"https:\\\/\\\/shopatoa.com\\\/ro\\\/#website\"},\"primaryImageOfPage\":{\"@id\":\"https:\\\/\\\/shopatoa.com\\\/ro\\\/lamel-all-in-one-lip-tinted-plumping-oil-ulei-nuantator-pentru-buze-pentru-volum-maxim-%e2%84%96-401-peachy-3-ml\\\/#primaryimage\"},\"image\":{\"@id\":\"https:\\\/\\\/shopatoa.com\\\/ro\\\/lamel-all-in-one-lip-tinted-plumping-oil-ulei-nuantator-pentru-buze-pentru-volum-maxim-%e2%84%96-401-peachy-3-ml\\\/#primaryimage\"},\"thumbnailUrl\":\"https:\\\/\\\/storage.googleapis.com\\\/cz-shopatoa-img\\\/ro\\\/0c7b501f-unnamed-file.webp\",\"datePublished\":\"2025-06-18T00:23:32+00:00\",\"dateModified\":\"2025-12-15T03:33:29+00:00\",\"breadcrumb\":{\"@id\":\"https:\\\/\\\/shopatoa.com\\\/ro\\\/lamel-all-in-one-lip-tinted-plumping-oil-ulei-nuantator-pentru-buze-pentru-volum-maxim-%e2%84%96-401-peachy-3-ml\\\/#breadcrumb\"},\"inLanguage\":\"ro-RO\",\"potentialAction\":[{\"@type\":\"ReadAction\",\"target\":[\"https:\\\/\\\/shopatoa.com\\\/ro\\\/lamel-all-in-one-lip-tinted-plumping-oil-ulei-nuantator-pentru-buze-pentru-volum-maxim-%e2%84%96-401-peachy-3-ml\\\/\"]}]},{\"@type\":\"ImageObject\",\"inLanguage\":\"ro-RO\",\"@id\":\"https:\\\/\\\/shopatoa.com\\\/ro\\\/lamel-all-in-one-lip-tinted-plumping-oil-ulei-nuantator-pentru-buze-pentru-volum-maxim-%e2%84%96-401-peachy-3-ml\\\/#primaryimage\",\"url\":\"https:\\\/\\\/storage.googleapis.com\\\/cz-shopatoa-img\\\/ro\\\/0c7b501f-unnamed-file.webp\",\"contentUrl\":\"https:\\\/\\\/storage.googleapis.com\\\/cz-shopatoa-img\\\/ro\\\/0c7b501f-unnamed-file.webp\",\"width\":800,\"height\":800},{\"@type\":\"BreadcrumbList\",\"@id\":\"https:\\\/\\\/shopatoa.com\\\/ro\\\/lamel-all-in-one-lip-tinted-plumping-oil-ulei-nuantator-pentru-buze-pentru-volum-maxim-%e2%84%96-401-peachy-3-ml\\\/#breadcrumb\",\"itemListElement\":[{\"@type\":\"ListItem\",\"position\":1,\"name\":\"Dom\u016f\",\"item\":\"https:\\\/\\\/shopatoa.com\\\/ro\\\/\"},{\"@type\":\"ListItem\",\"position\":2,\"name\":\"Shop\",\"item\":\"https:\\\/\\\/shopatoa.com\\\/ro\\\/shop\\\/\"},{\"@type\":\"ListItem\",\"position\":3,\"name\":\"S\u0103n\u0103tate \u0219i frumuse\u021be\",\"item\":\"https:\\\/\\\/shopatoa.com\\\/ro\\\/sanatate-si-frumusete\\\/\"},{\"@type\":\"ListItem\",\"position\":4,\"name\":\"\u00cengrijire personal\u0103\",\"item\":\"https:\\\/\\\/shopatoa.com\\\/ro\\\/ingrijire-personala\\\/\"},{\"@type\":\"ListItem\",\"position\":5,\"name\":\"Cosmetice\",\"item\":\"https:\\\/\\\/shopatoa.com\\\/ro\\\/cosmetice-ingrijire-personala\\\/\"},{\"@type\":\"ListItem\",\"position\":6,\"name\":\"\u00cengrijirea pielii\",\"item\":\"https:\\\/\\\/shopatoa.com\\\/ro\\\/ingrijirea-pielii\\\/\"},{\"@type\":\"ListItem\",\"position\":7,\"name\":\"Balsamuri \u0219i tratamente pentru buze\",\"item\":\"https:\\\/\\\/shopatoa.com\\\/ro\\\/balsamuri-si-tratamente-pentru-buze\\\/\"},{\"@type\":\"ListItem\",\"position\":8,\"name\":\"LAMEL All in One Lip Tinted Plumping Oil ulei nuan\u021bator pentru buze pentru volum maxim \u2116 401 Peachy 3 ml\"}]},{\"@type\":\"WebSite\",\"@id\":\"https:\\\/\\\/shopatoa.com\\\/ro\\\/#website\",\"url\":\"https:\\\/\\\/shopatoa.com\\\/ro\\\/\",\"name\":\"SHOPATOA\",\"description\":\"\",\"publisher\":{\"@id\":\"https:\\\/\\\/shopatoa.com\\\/ro\\\/#organization\"},\"potentialAction\":[{\"@type\":\"SearchAction\",\"target\":{\"@type\":\"EntryPoint\",\"urlTemplate\":\"https:\\\/\\\/shopatoa.com\\\/ro\\\/?s={search_term_string}\"},\"query-input\":{\"@type\":\"PropertyValueSpecification\",\"valueRequired\":true,\"valueName\":\"search_term_string\"}}],\"inLanguage\":\"ro-RO\"},{\"@type\":\"Organization\",\"@id\":\"https:\\\/\\\/shopatoa.com\\\/ro\\\/#organization\",\"name\":\"SHOPATOA\",\"url\":\"https:\\\/\\\/shopatoa.com\\\/ro\\\/\",\"logo\":{\"@type\":\"ImageObject\",\"inLanguage\":\"ro-RO\",\"@id\":\"https:\\\/\\\/shopatoa.com\\\/ro\\\/#\\\/schema\\\/logo\\\/image\\\/\",\"url\":\"https:\\\/\\\/storage.googleapis.com\\\/cz-shopatoa-img\\\/ro\\\/b4dac915-shopatoa_logo.png\",\"contentUrl\":\"https:\\\/\\\/storage.googleapis.com\\\/cz-shopatoa-img\\\/ro\\\/b4dac915-shopatoa_logo.png\",\"width\":416,\"height\":63,\"caption\":\"SHOPATOA\"},\"image\":{\"@id\":\"https:\\\/\\\/shopatoa.com\\\/ro\\\/#\\\/schema\\\/logo\\\/image\\\/\"}}]}<\/script>\n<!-- \/ Yoast SEO plugin. -->","yoast_head_json":{"title":"LAMEL All in One Lip Tinted Plumping Oil ulei nuan\u021bator pentru buze pentru volum maxim \u2116 401 Peachy 3 ml - SHOPATOA.COM","robots":{"index":"index","follow":"follow","max-snippet":"max-snippet:-1","max-image-preview":"max-image-preview:large","max-video-preview":"max-video-preview:-1"},"canonical":"https:\/\/shopatoa.com\/ro\/lamel-all-in-one-lip-tinted-plumping-oil-ulei-nuantator-pentru-buze-pentru-volum-maxim-\u2116-401-peachy-3-ml\/","og_locale":"ro_RO","og_type":"article","og_title":"LAMEL All in One Lip Tinted Plumping Oil ulei nuan\u021bator pentru buze pentru volum maxim \u2116 401 Peachy 3 ml - SHOPATOA.COM","og_description":"LAMEL All in One Lip Tinted Plumping Oil, 3 ml, Balsam pentru buze pentru femei, Buze netede ca sticla \u0219i reflectorizante ca o oglind\u0103? Luciul de buze LAMELAll in OneLip Tinted Plumping Oil transform\u0103 acest vis \u00een realitate. Acoper\u0103 buzele cu un strat str\u0103lucitor, neteze\u0219te \u0219i uniformizeaz\u0103 suprafa\u021ba acestora, pentru a masca perfect orice linii...","og_url":"https:\/\/shopatoa.com\/ro\/lamel-all-in-one-lip-tinted-plumping-oil-ulei-nuantator-pentru-buze-pentru-volum-maxim-\u2116-401-peachy-3-ml\/","og_site_name":"SHOPATOA","article_modified_time":"2025-12-15T03:33:29+00:00","og_image":[{"width":800,"height":800,"url":"https:\/\/storage.googleapis.com\/cz-shopatoa-img\/ro\/0c7b501f-unnamed-file.webp","type":"image\/webp"}],"twitter_card":"summary_large_image","twitter_misc":{"Timp estimat pentru citire":"1 minut"},"schema":{"@context":"https:\/\/schema.org","@graph":[{"@type":"WebPage","@id":"https:\/\/shopatoa.com\/ro\/lamel-all-in-one-lip-tinted-plumping-oil-ulei-nuantator-pentru-buze-pentru-volum-maxim-%e2%84%96-401-peachy-3-ml\/","url":"https:\/\/shopatoa.com\/ro\/lamel-all-in-one-lip-tinted-plumping-oil-ulei-nuantator-pentru-buze-pentru-volum-maxim-%e2%84%96-401-peachy-3-ml\/","name":"LAMEL All in One Lip Tinted Plumping Oil ulei nuan\u021bator pentru buze pentru volum maxim \u2116 401 Peachy 3 ml - SHOPATOA.COM","isPartOf":{"@id":"https:\/\/shopatoa.com\/ro\/#website"},"primaryImageOfPage":{"@id":"https:\/\/shopatoa.com\/ro\/lamel-all-in-one-lip-tinted-plumping-oil-ulei-nuantator-pentru-buze-pentru-volum-maxim-%e2%84%96-401-peachy-3-ml\/#primaryimage"},"image":{"@id":"https:\/\/shopatoa.com\/ro\/lamel-all-in-one-lip-tinted-plumping-oil-ulei-nuantator-pentru-buze-pentru-volum-maxim-%e2%84%96-401-peachy-3-ml\/#primaryimage"},"thumbnailUrl":"https:\/\/storage.googleapis.com\/cz-shopatoa-img\/ro\/0c7b501f-unnamed-file.webp","datePublished":"2025-06-18T00:23:32+00:00","dateModified":"2025-12-15T03:33:29+00:00","breadcrumb":{"@id":"https:\/\/shopatoa.com\/ro\/lamel-all-in-one-lip-tinted-plumping-oil-ulei-nuantator-pentru-buze-pentru-volum-maxim-%e2%84%96-401-peachy-3-ml\/#breadcrumb"},"inLanguage":"ro-RO","potentialAction":[{"@type":"ReadAction","target":["https:\/\/shopatoa.com\/ro\/lamel-all-in-one-lip-tinted-plumping-oil-ulei-nuantator-pentru-buze-pentru-volum-maxim-%e2%84%96-401-peachy-3-ml\/"]}]},{"@type":"ImageObject","inLanguage":"ro-RO","@id":"https:\/\/shopatoa.com\/ro\/lamel-all-in-one-lip-tinted-plumping-oil-ulei-nuantator-pentru-buze-pentru-volum-maxim-%e2%84%96-401-peachy-3-ml\/#primaryimage","url":"https:\/\/storage.googleapis.com\/cz-shopatoa-img\/ro\/0c7b501f-unnamed-file.webp","contentUrl":"https:\/\/storage.googleapis.com\/cz-shopatoa-img\/ro\/0c7b501f-unnamed-file.webp","width":800,"height":800},{"@type":"BreadcrumbList","@id":"https:\/\/shopatoa.com\/ro\/lamel-all-in-one-lip-tinted-plumping-oil-ulei-nuantator-pentru-buze-pentru-volum-maxim-%e2%84%96-401-peachy-3-ml\/#breadcrumb","itemListElement":[{"@type":"ListItem","position":1,"name":"Dom\u016f","item":"https:\/\/shopatoa.com\/ro\/"},{"@type":"ListItem","position":2,"name":"Shop","item":"https:\/\/shopatoa.com\/ro\/shop\/"},{"@type":"ListItem","position":3,"name":"S\u0103n\u0103tate \u0219i frumuse\u021be","item":"https:\/\/shopatoa.com\/ro\/sanatate-si-frumusete\/"},{"@type":"ListItem","position":4,"name":"\u00cengrijire personal\u0103","item":"https:\/\/shopatoa.com\/ro\/ingrijire-personala\/"},{"@type":"ListItem","position":5,"name":"Cosmetice","item":"https:\/\/shopatoa.com\/ro\/cosmetice-ingrijire-personala\/"},{"@type":"ListItem","position":6,"name":"\u00cengrijirea pielii","item":"https:\/\/shopatoa.com\/ro\/ingrijirea-pielii\/"},{"@type":"ListItem","position":7,"name":"Balsamuri \u0219i tratamente pentru buze","item":"https:\/\/shopatoa.com\/ro\/balsamuri-si-tratamente-pentru-buze\/"},{"@type":"ListItem","position":8,"name":"LAMEL All in One Lip Tinted Plumping Oil ulei nuan\u021bator pentru buze pentru volum maxim \u2116 401 Peachy 3 ml"}]},{"@type":"WebSite","@id":"https:\/\/shopatoa.com\/ro\/#website","url":"https:\/\/shopatoa.com\/ro\/","name":"SHOPATOA","description":"","publisher":{"@id":"https:\/\/shopatoa.com\/ro\/#organization"},"potentialAction":[{"@type":"SearchAction","target":{"@type":"EntryPoint","urlTemplate":"https:\/\/shopatoa.com\/ro\/?s={search_term_string}"},"query-input":{"@type":"PropertyValueSpecification","valueRequired":true,"valueName":"search_term_string"}}],"inLanguage":"ro-RO"},{"@type":"Organization","@id":"https:\/\/shopatoa.com\/ro\/#organization","name":"SHOPATOA","url":"https:\/\/shopatoa.com\/ro\/","logo":{"@type":"ImageObject","inLanguage":"ro-RO","@id":"https:\/\/shopatoa.com\/ro\/#\/schema\/logo\/image\/","url":"https:\/\/storage.googleapis.com\/cz-shopatoa-img\/ro\/b4dac915-shopatoa_logo.png","contentUrl":"https:\/\/storage.googleapis.com\/cz-shopatoa-img\/ro\/b4dac915-shopatoa_logo.png","width":416,"height":63,"caption":"SHOPATOA"},"image":{"@id":"https:\/\/shopatoa.com\/ro\/#\/schema\/logo\/image\/"}}]}},"_links":{"self":[{"href":"https:\/\/shopatoa.com\/ro\/wp-json\/wp\/v2\/product\/404643","targetHints":{"allow":["GET"]}}],"collection":[{"href":"https:\/\/shopatoa.com\/ro\/wp-json\/wp\/v2\/product"}],"about":[{"href":"https:\/\/shopatoa.com\/ro\/wp-json\/wp\/v2\/types\/product"}],"replies":[{"embeddable":true,"href":"https:\/\/shopatoa.com\/ro\/wp-json\/wp\/v2\/comments?post=404643"}],"wp:featuredmedia":[{"embeddable":true,"href":"https:\/\/shopatoa.com\/ro\/wp-json\/wp\/v2\/media\/406935"}],"wp:attachment":[{"href":"https:\/\/shopatoa.com\/ro\/wp-json\/wp\/v2\/media?parent=404643"}],"wp:term":[{"taxonomy":"product_brand","embeddable":true,"href":"https:\/\/shopatoa.com\/ro\/wp-json\/wp\/v2\/product_brand?post=404643"},{"taxonomy":"product_cat","embeddable":true,"href":"https:\/\/shopatoa.com\/ro\/wp-json\/wp\/v2\/product_cat?post=404643"},{"taxonomy":"product_tag","embeddable":true,"href":"https:\/\/shopatoa.com\/ro\/wp-json\/wp\/v2\/product_tag?post=404643"}],"curies":[{"name":"wp","href":"https:\/\/api.w.org\/{rel}","templated":true}]}}