{"id":404773,"date":"2025-06-18T02:55:07","date_gmt":"2025-06-18T00:55:07","guid":{"rendered":"https:\/\/shopatoa.com\/ro\/madara-plant-stem-cell-concentrat-cu-efect-de-nutritiv-17-5-ml\/"},"modified":"2025-12-15T03:02:06","modified_gmt":"2025-12-15T02:02:06","slug":"madara-plant-stem-cell-concentrat-cu-efect-de-nutritiv-17-5-ml","status":"publish","type":"product","link":"https:\/\/shopatoa.com\/ro\/madara-plant-stem-cell-concentrat-cu-efect-de-nutritiv-17-5-ml\/","title":{"rendered":"M\u00c1DARA Plant Stem Cell concentrat cu efect de nutritiv 17.5 ml"},"content":{"rendered":"<p>M\u00c1DARA Plant Stem Cell, 17,5 ml, Seruri pentru piele pentru femei, Dori\u021bi s\u0103 v\u0103 \u00eembog\u0103\u021bi\u021bi rutina de \u00eengrijire cu un ulei hr\u0103nitor, dar s\u0103 evita\u021bi senza\u021bia nedorit\u0103 de gr\u0103sime? Uleiul uscat M\u00c1DARA Plant Stem Cell v\u0103 va oferi o doz\u0103 suplimentar\u0103 de nutri\u021bie \u0219i de catifelare, iar datorit\u0103 formulei sale, se va absorbi foarte repede.  Caracteristici:  hr\u0103ne\u0219te \u0219i trateaz\u0103 pielea \u00eencetine\u0219te \u00eemb\u0103tr\u00e2nirea reducerea petelor pigmentare \u00eent\u0103re\u0219te bariera de protec\u021bie a pielii  Ingrediente:  produs vegan<\/p>\n","protected":false},"excerpt":{"rendered":"<p>M\u00c1DARA Plant Stem Cell, 17,5 ml, Seruri pentru piele pentru femei, Dori\u021bi s\u0103 v\u0103 \u00eembog\u0103\u021bi\u021bi rutina de \u00eengrijire cu un ulei hr\u0103nitor, dar s\u0103 evita\u021bi senza\u021bia nedorit\u0103 de gr\u0103sime? Uleiul uscat M\u00c1DARA Plant Stem Cell v\u0103 va oferi o doz\u0103 suplimentar\u0103 de nutri\u021bie \u0219i de catifelare, iar datorit\u0103 formulei sale, se va absorbi foarte repede&#8230;.<\/p>\n","protected":false},"featured_media":407053,"comment_status":"closed","ping_status":"open","template":"","meta":{"_acf_changed":false,"_kadence_starter_templates_imported_post":false,"_kad_post_transparent":"","_kad_post_title":"","_kad_post_layout":"","_kad_post_sidebar_id":"","_kad_post_content_style":"","_kad_post_vertical_padding":"","_kad_post_feature":"","_kad_post_feature_position":"","_kad_post_header":false,"_kad_post_footer":false,"_kad_post_classname":""},"product_brand":[454],"product_cat":[1564,1563,1565,1562],"product_tag":[],"class_list":{"0":"post-404773","1":"product","2":"type-product","3":"status-publish","4":"has-post-thumbnail","6":"product_brand-madara","7":"product_cat-cosmetice-ingrijire-personala","8":"product_cat-ingrijire-personala","9":"product_cat-ingrijirea-pielii","10":"product_cat-sanatate-si-frumusete","11":"pa_gen-female","12":"pa_marime-175-ml","14":"first","15":"instock","16":"sale","17":"product-type-external","18":"entry","19":"content-bg","20":"loop-entry"},"acf":[],"yoast_head":"<!-- This site is optimized with the Yoast SEO plugin v27.3 - https:\/\/yoast.com\/product\/yoast-seo-wordpress\/ -->\n<title>M\u00c1DARA Plant Stem Cell concentrat cu efect de nutritiv 17.5 ml - SHOPATOA.COM<\/title>\n<meta name=\"robots\" content=\"index, follow, max-snippet:-1, max-image-preview:large, max-video-preview:-1\" \/>\n<link rel=\"canonical\" href=\"https:\/\/shopatoa.com\/ro\/madara-plant-stem-cell-concentrat-cu-efect-de-nutritiv-17-5-ml\/\" \/>\n<meta property=\"og:locale\" content=\"ro_RO\" \/>\n<meta property=\"og:type\" content=\"article\" \/>\n<meta property=\"og:title\" content=\"M\u00c1DARA Plant Stem Cell concentrat cu efect de nutritiv 17.5 ml - SHOPATOA.COM\" \/>\n<meta property=\"og:description\" content=\"M\u00c1DARA Plant Stem Cell, 17,5 ml, Seruri pentru piele pentru femei, Dori\u021bi s\u0103 v\u0103 \u00eembog\u0103\u021bi\u021bi rutina de \u00eengrijire cu un ulei hr\u0103nitor, dar s\u0103 evita\u021bi senza\u021bia nedorit\u0103 de gr\u0103sime? Uleiul uscat M\u00c1DARA Plant Stem Cell v\u0103 va oferi o doz\u0103 suplimentar\u0103 de nutri\u021bie \u0219i de catifelare, iar datorit\u0103 formulei sale, se va absorbi foarte repede....\" \/>\n<meta property=\"og:url\" content=\"https:\/\/shopatoa.com\/ro\/madara-plant-stem-cell-concentrat-cu-efect-de-nutritiv-17-5-ml\/\" \/>\n<meta property=\"og:site_name\" content=\"SHOPATOA\" \/>\n<meta property=\"article:modified_time\" content=\"2025-12-15T02:02:06+00:00\" \/>\n<meta property=\"og:image\" content=\"https:\/\/storage.googleapis.com\/cz-shopatoa-img\/ro\/6a34cffa-unnamed-file.webp\" \/>\n\t<meta property=\"og:image:width\" content=\"800\" \/>\n\t<meta property=\"og:image:height\" content=\"800\" \/>\n\t<meta property=\"og:image:type\" content=\"image\/webp\" \/>\n<meta name=\"twitter:card\" content=\"summary_large_image\" \/>\n<script type=\"application\/ld+json\" class=\"yoast-schema-graph\">{\"@context\":\"https:\\\/\\\/schema.org\",\"@graph\":[{\"@type\":\"WebPage\",\"@id\":\"https:\\\/\\\/shopatoa.com\\\/ro\\\/madara-plant-stem-cell-concentrat-cu-efect-de-nutritiv-17-5-ml\\\/\",\"url\":\"https:\\\/\\\/shopatoa.com\\\/ro\\\/madara-plant-stem-cell-concentrat-cu-efect-de-nutritiv-17-5-ml\\\/\",\"name\":\"M\u00c1DARA Plant Stem Cell concentrat cu efect de nutritiv 17.5 ml - SHOPATOA.COM\",\"isPartOf\":{\"@id\":\"https:\\\/\\\/shopatoa.com\\\/ro\\\/#website\"},\"primaryImageOfPage\":{\"@id\":\"https:\\\/\\\/shopatoa.com\\\/ro\\\/madara-plant-stem-cell-concentrat-cu-efect-de-nutritiv-17-5-ml\\\/#primaryimage\"},\"image\":{\"@id\":\"https:\\\/\\\/shopatoa.com\\\/ro\\\/madara-plant-stem-cell-concentrat-cu-efect-de-nutritiv-17-5-ml\\\/#primaryimage\"},\"thumbnailUrl\":\"https:\\\/\\\/storage.googleapis.com\\\/cz-shopatoa-img\\\/ro\\\/6a34cffa-unnamed-file.webp\",\"datePublished\":\"2025-06-18T00:55:07+00:00\",\"dateModified\":\"2025-12-15T02:02:06+00:00\",\"breadcrumb\":{\"@id\":\"https:\\\/\\\/shopatoa.com\\\/ro\\\/madara-plant-stem-cell-concentrat-cu-efect-de-nutritiv-17-5-ml\\\/#breadcrumb\"},\"inLanguage\":\"ro-RO\",\"potentialAction\":[{\"@type\":\"ReadAction\",\"target\":[\"https:\\\/\\\/shopatoa.com\\\/ro\\\/madara-plant-stem-cell-concentrat-cu-efect-de-nutritiv-17-5-ml\\\/\"]}]},{\"@type\":\"ImageObject\",\"inLanguage\":\"ro-RO\",\"@id\":\"https:\\\/\\\/shopatoa.com\\\/ro\\\/madara-plant-stem-cell-concentrat-cu-efect-de-nutritiv-17-5-ml\\\/#primaryimage\",\"url\":\"https:\\\/\\\/storage.googleapis.com\\\/cz-shopatoa-img\\\/ro\\\/6a34cffa-unnamed-file.webp\",\"contentUrl\":\"https:\\\/\\\/storage.googleapis.com\\\/cz-shopatoa-img\\\/ro\\\/6a34cffa-unnamed-file.webp\",\"width\":800,\"height\":800},{\"@type\":\"BreadcrumbList\",\"@id\":\"https:\\\/\\\/shopatoa.com\\\/ro\\\/madara-plant-stem-cell-concentrat-cu-efect-de-nutritiv-17-5-ml\\\/#breadcrumb\",\"itemListElement\":[{\"@type\":\"ListItem\",\"position\":1,\"name\":\"Dom\u016f\",\"item\":\"https:\\\/\\\/shopatoa.com\\\/ro\\\/\"},{\"@type\":\"ListItem\",\"position\":2,\"name\":\"Shop\",\"item\":\"https:\\\/\\\/shopatoa.com\\\/ro\\\/shop\\\/\"},{\"@type\":\"ListItem\",\"position\":3,\"name\":\"S\u0103n\u0103tate \u0219i frumuse\u021be\",\"item\":\"https:\\\/\\\/shopatoa.com\\\/ro\\\/sanatate-si-frumusete\\\/\"},{\"@type\":\"ListItem\",\"position\":4,\"name\":\"\u00cengrijire personal\u0103\",\"item\":\"https:\\\/\\\/shopatoa.com\\\/ro\\\/ingrijire-personala\\\/\"},{\"@type\":\"ListItem\",\"position\":5,\"name\":\"Cosmetice\",\"item\":\"https:\\\/\\\/shopatoa.com\\\/ro\\\/cosmetice-ingrijire-personala\\\/\"},{\"@type\":\"ListItem\",\"position\":6,\"name\":\"\u00cengrijirea pielii\",\"item\":\"https:\\\/\\\/shopatoa.com\\\/ro\\\/ingrijirea-pielii\\\/\"},{\"@type\":\"ListItem\",\"position\":7,\"name\":\"M\u00c1DARA Plant Stem Cell concentrat cu efect de nutritiv 17.5 ml\"}]},{\"@type\":\"WebSite\",\"@id\":\"https:\\\/\\\/shopatoa.com\\\/ro\\\/#website\",\"url\":\"https:\\\/\\\/shopatoa.com\\\/ro\\\/\",\"name\":\"SHOPATOA\",\"description\":\"\",\"publisher\":{\"@id\":\"https:\\\/\\\/shopatoa.com\\\/ro\\\/#organization\"},\"potentialAction\":[{\"@type\":\"SearchAction\",\"target\":{\"@type\":\"EntryPoint\",\"urlTemplate\":\"https:\\\/\\\/shopatoa.com\\\/ro\\\/?s={search_term_string}\"},\"query-input\":{\"@type\":\"PropertyValueSpecification\",\"valueRequired\":true,\"valueName\":\"search_term_string\"}}],\"inLanguage\":\"ro-RO\"},{\"@type\":\"Organization\",\"@id\":\"https:\\\/\\\/shopatoa.com\\\/ro\\\/#organization\",\"name\":\"SHOPATOA\",\"url\":\"https:\\\/\\\/shopatoa.com\\\/ro\\\/\",\"logo\":{\"@type\":\"ImageObject\",\"inLanguage\":\"ro-RO\",\"@id\":\"https:\\\/\\\/shopatoa.com\\\/ro\\\/#\\\/schema\\\/logo\\\/image\\\/\",\"url\":\"https:\\\/\\\/storage.googleapis.com\\\/cz-shopatoa-img\\\/ro\\\/b4dac915-shopatoa_logo.png\",\"contentUrl\":\"https:\\\/\\\/storage.googleapis.com\\\/cz-shopatoa-img\\\/ro\\\/b4dac915-shopatoa_logo.png\",\"width\":416,\"height\":63,\"caption\":\"SHOPATOA\"},\"image\":{\"@id\":\"https:\\\/\\\/shopatoa.com\\\/ro\\\/#\\\/schema\\\/logo\\\/image\\\/\"}}]}<\/script>\n<!-- \/ Yoast SEO plugin. -->","yoast_head_json":{"title":"M\u00c1DARA Plant Stem Cell concentrat cu efect de nutritiv 17.5 ml - SHOPATOA.COM","robots":{"index":"index","follow":"follow","max-snippet":"max-snippet:-1","max-image-preview":"max-image-preview:large","max-video-preview":"max-video-preview:-1"},"canonical":"https:\/\/shopatoa.com\/ro\/madara-plant-stem-cell-concentrat-cu-efect-de-nutritiv-17-5-ml\/","og_locale":"ro_RO","og_type":"article","og_title":"M\u00c1DARA Plant Stem Cell concentrat cu efect de nutritiv 17.5 ml - SHOPATOA.COM","og_description":"M\u00c1DARA Plant Stem Cell, 17,5 ml, Seruri pentru piele pentru femei, Dori\u021bi s\u0103 v\u0103 \u00eembog\u0103\u021bi\u021bi rutina de \u00eengrijire cu un ulei hr\u0103nitor, dar s\u0103 evita\u021bi senza\u021bia nedorit\u0103 de gr\u0103sime? Uleiul uscat M\u00c1DARA Plant Stem Cell v\u0103 va oferi o doz\u0103 suplimentar\u0103 de nutri\u021bie \u0219i de catifelare, iar datorit\u0103 formulei sale, se va absorbi foarte repede....","og_url":"https:\/\/shopatoa.com\/ro\/madara-plant-stem-cell-concentrat-cu-efect-de-nutritiv-17-5-ml\/","og_site_name":"SHOPATOA","article_modified_time":"2025-12-15T02:02:06+00:00","og_image":[{"width":800,"height":800,"url":"https:\/\/storage.googleapis.com\/cz-shopatoa-img\/ro\/6a34cffa-unnamed-file.webp","type":"image\/webp"}],"twitter_card":"summary_large_image","schema":{"@context":"https:\/\/schema.org","@graph":[{"@type":"WebPage","@id":"https:\/\/shopatoa.com\/ro\/madara-plant-stem-cell-concentrat-cu-efect-de-nutritiv-17-5-ml\/","url":"https:\/\/shopatoa.com\/ro\/madara-plant-stem-cell-concentrat-cu-efect-de-nutritiv-17-5-ml\/","name":"M\u00c1DARA Plant Stem Cell concentrat cu efect de nutritiv 17.5 ml - SHOPATOA.COM","isPartOf":{"@id":"https:\/\/shopatoa.com\/ro\/#website"},"primaryImageOfPage":{"@id":"https:\/\/shopatoa.com\/ro\/madara-plant-stem-cell-concentrat-cu-efect-de-nutritiv-17-5-ml\/#primaryimage"},"image":{"@id":"https:\/\/shopatoa.com\/ro\/madara-plant-stem-cell-concentrat-cu-efect-de-nutritiv-17-5-ml\/#primaryimage"},"thumbnailUrl":"https:\/\/storage.googleapis.com\/cz-shopatoa-img\/ro\/6a34cffa-unnamed-file.webp","datePublished":"2025-06-18T00:55:07+00:00","dateModified":"2025-12-15T02:02:06+00:00","breadcrumb":{"@id":"https:\/\/shopatoa.com\/ro\/madara-plant-stem-cell-concentrat-cu-efect-de-nutritiv-17-5-ml\/#breadcrumb"},"inLanguage":"ro-RO","potentialAction":[{"@type":"ReadAction","target":["https:\/\/shopatoa.com\/ro\/madara-plant-stem-cell-concentrat-cu-efect-de-nutritiv-17-5-ml\/"]}]},{"@type":"ImageObject","inLanguage":"ro-RO","@id":"https:\/\/shopatoa.com\/ro\/madara-plant-stem-cell-concentrat-cu-efect-de-nutritiv-17-5-ml\/#primaryimage","url":"https:\/\/storage.googleapis.com\/cz-shopatoa-img\/ro\/6a34cffa-unnamed-file.webp","contentUrl":"https:\/\/storage.googleapis.com\/cz-shopatoa-img\/ro\/6a34cffa-unnamed-file.webp","width":800,"height":800},{"@type":"BreadcrumbList","@id":"https:\/\/shopatoa.com\/ro\/madara-plant-stem-cell-concentrat-cu-efect-de-nutritiv-17-5-ml\/#breadcrumb","itemListElement":[{"@type":"ListItem","position":1,"name":"Dom\u016f","item":"https:\/\/shopatoa.com\/ro\/"},{"@type":"ListItem","position":2,"name":"Shop","item":"https:\/\/shopatoa.com\/ro\/shop\/"},{"@type":"ListItem","position":3,"name":"S\u0103n\u0103tate \u0219i frumuse\u021be","item":"https:\/\/shopatoa.com\/ro\/sanatate-si-frumusete\/"},{"@type":"ListItem","position":4,"name":"\u00cengrijire personal\u0103","item":"https:\/\/shopatoa.com\/ro\/ingrijire-personala\/"},{"@type":"ListItem","position":5,"name":"Cosmetice","item":"https:\/\/shopatoa.com\/ro\/cosmetice-ingrijire-personala\/"},{"@type":"ListItem","position":6,"name":"\u00cengrijirea pielii","item":"https:\/\/shopatoa.com\/ro\/ingrijirea-pielii\/"},{"@type":"ListItem","position":7,"name":"M\u00c1DARA Plant Stem Cell concentrat cu efect de nutritiv 17.5 ml"}]},{"@type":"WebSite","@id":"https:\/\/shopatoa.com\/ro\/#website","url":"https:\/\/shopatoa.com\/ro\/","name":"SHOPATOA","description":"","publisher":{"@id":"https:\/\/shopatoa.com\/ro\/#organization"},"potentialAction":[{"@type":"SearchAction","target":{"@type":"EntryPoint","urlTemplate":"https:\/\/shopatoa.com\/ro\/?s={search_term_string}"},"query-input":{"@type":"PropertyValueSpecification","valueRequired":true,"valueName":"search_term_string"}}],"inLanguage":"ro-RO"},{"@type":"Organization","@id":"https:\/\/shopatoa.com\/ro\/#organization","name":"SHOPATOA","url":"https:\/\/shopatoa.com\/ro\/","logo":{"@type":"ImageObject","inLanguage":"ro-RO","@id":"https:\/\/shopatoa.com\/ro\/#\/schema\/logo\/image\/","url":"https:\/\/storage.googleapis.com\/cz-shopatoa-img\/ro\/b4dac915-shopatoa_logo.png","contentUrl":"https:\/\/storage.googleapis.com\/cz-shopatoa-img\/ro\/b4dac915-shopatoa_logo.png","width":416,"height":63,"caption":"SHOPATOA"},"image":{"@id":"https:\/\/shopatoa.com\/ro\/#\/schema\/logo\/image\/"}}]}},"_links":{"self":[{"href":"https:\/\/shopatoa.com\/ro\/wp-json\/wp\/v2\/product\/404773","targetHints":{"allow":["GET"]}}],"collection":[{"href":"https:\/\/shopatoa.com\/ro\/wp-json\/wp\/v2\/product"}],"about":[{"href":"https:\/\/shopatoa.com\/ro\/wp-json\/wp\/v2\/types\/product"}],"replies":[{"embeddable":true,"href":"https:\/\/shopatoa.com\/ro\/wp-json\/wp\/v2\/comments?post=404773"}],"wp:featuredmedia":[{"embeddable":true,"href":"https:\/\/shopatoa.com\/ro\/wp-json\/wp\/v2\/media\/407053"}],"wp:attachment":[{"href":"https:\/\/shopatoa.com\/ro\/wp-json\/wp\/v2\/media?parent=404773"}],"wp:term":[{"taxonomy":"product_brand","embeddable":true,"href":"https:\/\/shopatoa.com\/ro\/wp-json\/wp\/v2\/product_brand?post=404773"},{"taxonomy":"product_cat","embeddable":true,"href":"https:\/\/shopatoa.com\/ro\/wp-json\/wp\/v2\/product_cat?post=404773"},{"taxonomy":"product_tag","embeddable":true,"href":"https:\/\/shopatoa.com\/ro\/wp-json\/wp\/v2\/product_tag?post=404773"}],"curies":[{"name":"wp","href":"https:\/\/api.w.org\/{rel}","templated":true}]}}