{"id":404869,"date":"2025-06-18T03:10:50","date_gmt":"2025-06-18T01:10:50","guid":{"rendered":"https:\/\/shopatoa.com\/ro\/artdeco-adhesive-for-lashes-clei-transparent-pentru-gene-false-5-ml\/"},"modified":"2025-12-15T02:03:54","modified_gmt":"2025-12-15T01:03:54","slug":"artdeco-adhesive-for-lashes-clei-transparent-pentru-gene-false-5-ml","status":"publish","type":"product","link":"https:\/\/shopatoa.com\/ro\/artdeco-adhesive-for-lashes-clei-transparent-pentru-gene-false-5-ml\/","title":{"rendered":"ARTDECO Adhesive for Lashes clei transparent pentru gene false 5 ml"},"content":{"rendered":"<p>ARTDECO Adhesive for Lashes, 5 ml, Gene false pentru femei, Merit\u0103 s\u0103 ave\u021bi grij\u0103 de genele dvs. \u2013 acestea pot accentua perfect aspectul \u0219i v\u0103 pot eviden\u021bia frumuse\u021bea ochilor. Produsul ARTDECOAdhesive for Lashes v\u0103 va ajuta s\u0103 v\u0103 \u00eengriji\u021bi genele, oferindu-le un aspect perfect \u0219i contribuind la accentuarea privirii dvs. \u0219i a atuurilor \u00eentregii fe\u021be.  Caracteristici:  ajut\u0103 la fixarea simpl\u0103 \u0219i precis\u0103 a genelor false transparen\u021b\u0103 ridicat\u0103 \u2013 invizibil la ochi produsul este rezistent la ap\u0103  Cum se utilizeaz\u0103: Se aplic\u0103 o cantitate rezonabil\u0103 de lipici pe genele false, iar acestea se lipesc pe pleoapa de sus, c\u00e2t mai aproape de r\u0103d\u0103cinile propriilor gene.<\/p>\n","protected":false},"excerpt":{"rendered":"<p>ARTDECO Adhesive for Lashes, 5 ml, Gene false pentru femei, Merit\u0103 s\u0103 ave\u021bi grij\u0103 de genele dvs. \u2013 acestea pot accentua perfect aspectul \u0219i v\u0103 pot eviden\u021bia frumuse\u021bea ochilor. Produsul ARTDECOAdhesive for Lashes v\u0103 va ajuta s\u0103 v\u0103 \u00eengriji\u021bi genele, oferindu-le un aspect perfect \u0219i contribuind la accentuarea privirii dvs. \u0219i a atuurilor \u00eentregii fe\u021be&#8230;.<\/p>\n","protected":false},"featured_media":407144,"comment_status":"closed","ping_status":"open","template":"","meta":{"_acf_changed":false,"_kadence_starter_templates_imported_post":false,"_kad_post_transparent":"","_kad_post_title":"","_kad_post_layout":"","_kad_post_sidebar_id":"","_kad_post_content_style":"","_kad_post_vertical_padding":"","_kad_post_feature":"","_kad_post_feature_position":"","_kad_post_header":false,"_kad_post_footer":false,"_kad_post_classname":""},"product_brand":[795],"product_cat":[1564,1578,1563,1576,1577,1562],"product_tag":[],"class_list":{"0":"post-404869","1":"product","2":"type-product","3":"status-publish","4":"has-post-thumbnail","6":"product_brand-artdeco","7":"product_cat-cosmetice-ingrijire-personala","8":"product_cat-gene-false-machiaj-ochi","9":"product_cat-ingrijire-personala","10":"product_cat-machiaj","11":"product_cat-machiaj-ochi","12":"product_cat-sanatate-si-frumusete","13":"pa_gen-female","14":"pa_marime-5-ml","16":"first","17":"instock","18":"sale","19":"product-type-external","20":"entry","21":"content-bg","22":"loop-entry"},"acf":[],"yoast_head":"<!-- This site is optimized with the Yoast SEO plugin v27.3 - https:\/\/yoast.com\/product\/yoast-seo-wordpress\/ -->\n<title>ARTDECO Adhesive for Lashes clei transparent pentru gene false 5 ml - SHOPATOA.COM<\/title>\n<meta name=\"robots\" content=\"index, follow, max-snippet:-1, max-image-preview:large, max-video-preview:-1\" \/>\n<link rel=\"canonical\" href=\"https:\/\/shopatoa.com\/ro\/artdeco-adhesive-for-lashes-clei-transparent-pentru-gene-false-5-ml\/\" \/>\n<meta property=\"og:locale\" content=\"ro_RO\" \/>\n<meta property=\"og:type\" content=\"article\" \/>\n<meta property=\"og:title\" content=\"ARTDECO Adhesive for Lashes clei transparent pentru gene false 5 ml - SHOPATOA.COM\" \/>\n<meta property=\"og:description\" content=\"ARTDECO Adhesive for Lashes, 5 ml, Gene false pentru femei, Merit\u0103 s\u0103 ave\u021bi grij\u0103 de genele dvs. \u2013 acestea pot accentua perfect aspectul \u0219i v\u0103 pot eviden\u021bia frumuse\u021bea ochilor. Produsul ARTDECOAdhesive for Lashes v\u0103 va ajuta s\u0103 v\u0103 \u00eengriji\u021bi genele, oferindu-le un aspect perfect \u0219i contribuind la accentuarea privirii dvs. \u0219i a atuurilor \u00eentregii fe\u021be....\" \/>\n<meta property=\"og:url\" content=\"https:\/\/shopatoa.com\/ro\/artdeco-adhesive-for-lashes-clei-transparent-pentru-gene-false-5-ml\/\" \/>\n<meta property=\"og:site_name\" content=\"SHOPATOA\" \/>\n<meta property=\"article:modified_time\" content=\"2025-12-15T01:03:54+00:00\" \/>\n<meta property=\"og:image\" content=\"https:\/\/storage.googleapis.com\/cz-shopatoa-img\/ro\/80548a59-unnamed-file.webp\" \/>\n\t<meta property=\"og:image:width\" content=\"800\" \/>\n\t<meta property=\"og:image:height\" content=\"800\" \/>\n\t<meta property=\"og:image:type\" content=\"image\/webp\" \/>\n<meta name=\"twitter:card\" content=\"summary_large_image\" \/>\n<meta name=\"twitter:label1\" content=\"Timp estimat pentru citire\" \/>\n\t<meta name=\"twitter:data1\" content=\"1 minut\" \/>\n<script type=\"application\/ld+json\" class=\"yoast-schema-graph\">{\"@context\":\"https:\\\/\\\/schema.org\",\"@graph\":[{\"@type\":\"WebPage\",\"@id\":\"https:\\\/\\\/shopatoa.com\\\/ro\\\/artdeco-adhesive-for-lashes-clei-transparent-pentru-gene-false-5-ml\\\/\",\"url\":\"https:\\\/\\\/shopatoa.com\\\/ro\\\/artdeco-adhesive-for-lashes-clei-transparent-pentru-gene-false-5-ml\\\/\",\"name\":\"ARTDECO Adhesive for Lashes clei transparent pentru gene false 5 ml - SHOPATOA.COM\",\"isPartOf\":{\"@id\":\"https:\\\/\\\/shopatoa.com\\\/ro\\\/#website\"},\"primaryImageOfPage\":{\"@id\":\"https:\\\/\\\/shopatoa.com\\\/ro\\\/artdeco-adhesive-for-lashes-clei-transparent-pentru-gene-false-5-ml\\\/#primaryimage\"},\"image\":{\"@id\":\"https:\\\/\\\/shopatoa.com\\\/ro\\\/artdeco-adhesive-for-lashes-clei-transparent-pentru-gene-false-5-ml\\\/#primaryimage\"},\"thumbnailUrl\":\"https:\\\/\\\/storage.googleapis.com\\\/cz-shopatoa-img\\\/ro\\\/80548a59-unnamed-file.webp\",\"datePublished\":\"2025-06-18T01:10:50+00:00\",\"dateModified\":\"2025-12-15T01:03:54+00:00\",\"breadcrumb\":{\"@id\":\"https:\\\/\\\/shopatoa.com\\\/ro\\\/artdeco-adhesive-for-lashes-clei-transparent-pentru-gene-false-5-ml\\\/#breadcrumb\"},\"inLanguage\":\"ro-RO\",\"potentialAction\":[{\"@type\":\"ReadAction\",\"target\":[\"https:\\\/\\\/shopatoa.com\\\/ro\\\/artdeco-adhesive-for-lashes-clei-transparent-pentru-gene-false-5-ml\\\/\"]}]},{\"@type\":\"ImageObject\",\"inLanguage\":\"ro-RO\",\"@id\":\"https:\\\/\\\/shopatoa.com\\\/ro\\\/artdeco-adhesive-for-lashes-clei-transparent-pentru-gene-false-5-ml\\\/#primaryimage\",\"url\":\"https:\\\/\\\/storage.googleapis.com\\\/cz-shopatoa-img\\\/ro\\\/80548a59-unnamed-file.webp\",\"contentUrl\":\"https:\\\/\\\/storage.googleapis.com\\\/cz-shopatoa-img\\\/ro\\\/80548a59-unnamed-file.webp\",\"width\":800,\"height\":800},{\"@type\":\"BreadcrumbList\",\"@id\":\"https:\\\/\\\/shopatoa.com\\\/ro\\\/artdeco-adhesive-for-lashes-clei-transparent-pentru-gene-false-5-ml\\\/#breadcrumb\",\"itemListElement\":[{\"@type\":\"ListItem\",\"position\":1,\"name\":\"Dom\u016f\",\"item\":\"https:\\\/\\\/shopatoa.com\\\/ro\\\/\"},{\"@type\":\"ListItem\",\"position\":2,\"name\":\"Shop\",\"item\":\"https:\\\/\\\/shopatoa.com\\\/ro\\\/shop\\\/\"},{\"@type\":\"ListItem\",\"position\":3,\"name\":\"S\u0103n\u0103tate \u0219i frumuse\u021be\",\"item\":\"https:\\\/\\\/shopatoa.com\\\/ro\\\/sanatate-si-frumusete\\\/\"},{\"@type\":\"ListItem\",\"position\":4,\"name\":\"\u00cengrijire personal\u0103\",\"item\":\"https:\\\/\\\/shopatoa.com\\\/ro\\\/ingrijire-personala\\\/\"},{\"@type\":\"ListItem\",\"position\":5,\"name\":\"Cosmetice\",\"item\":\"https:\\\/\\\/shopatoa.com\\\/ro\\\/cosmetice-ingrijire-personala\\\/\"},{\"@type\":\"ListItem\",\"position\":6,\"name\":\"Machiaj\",\"item\":\"https:\\\/\\\/shopatoa.com\\\/ro\\\/machiaj\\\/\"},{\"@type\":\"ListItem\",\"position\":7,\"name\":\"Machiaj ochi\",\"item\":\"https:\\\/\\\/shopatoa.com\\\/ro\\\/machiaj-ochi\\\/\"},{\"@type\":\"ListItem\",\"position\":8,\"name\":\"Gene false\",\"item\":\"https:\\\/\\\/shopatoa.com\\\/ro\\\/gene-false-machiaj-ochi\\\/\"},{\"@type\":\"ListItem\",\"position\":9,\"name\":\"ARTDECO Adhesive for Lashes clei transparent pentru gene false 5 ml\"}]},{\"@type\":\"WebSite\",\"@id\":\"https:\\\/\\\/shopatoa.com\\\/ro\\\/#website\",\"url\":\"https:\\\/\\\/shopatoa.com\\\/ro\\\/\",\"name\":\"SHOPATOA\",\"description\":\"\",\"publisher\":{\"@id\":\"https:\\\/\\\/shopatoa.com\\\/ro\\\/#organization\"},\"potentialAction\":[{\"@type\":\"SearchAction\",\"target\":{\"@type\":\"EntryPoint\",\"urlTemplate\":\"https:\\\/\\\/shopatoa.com\\\/ro\\\/?s={search_term_string}\"},\"query-input\":{\"@type\":\"PropertyValueSpecification\",\"valueRequired\":true,\"valueName\":\"search_term_string\"}}],\"inLanguage\":\"ro-RO\"},{\"@type\":\"Organization\",\"@id\":\"https:\\\/\\\/shopatoa.com\\\/ro\\\/#organization\",\"name\":\"SHOPATOA\",\"url\":\"https:\\\/\\\/shopatoa.com\\\/ro\\\/\",\"logo\":{\"@type\":\"ImageObject\",\"inLanguage\":\"ro-RO\",\"@id\":\"https:\\\/\\\/shopatoa.com\\\/ro\\\/#\\\/schema\\\/logo\\\/image\\\/\",\"url\":\"https:\\\/\\\/storage.googleapis.com\\\/cz-shopatoa-img\\\/ro\\\/b4dac915-shopatoa_logo.png\",\"contentUrl\":\"https:\\\/\\\/storage.googleapis.com\\\/cz-shopatoa-img\\\/ro\\\/b4dac915-shopatoa_logo.png\",\"width\":416,\"height\":63,\"caption\":\"SHOPATOA\"},\"image\":{\"@id\":\"https:\\\/\\\/shopatoa.com\\\/ro\\\/#\\\/schema\\\/logo\\\/image\\\/\"}}]}<\/script>\n<!-- \/ Yoast SEO plugin. -->","yoast_head_json":{"title":"ARTDECO Adhesive for Lashes clei transparent pentru gene false 5 ml - SHOPATOA.COM","robots":{"index":"index","follow":"follow","max-snippet":"max-snippet:-1","max-image-preview":"max-image-preview:large","max-video-preview":"max-video-preview:-1"},"canonical":"https:\/\/shopatoa.com\/ro\/artdeco-adhesive-for-lashes-clei-transparent-pentru-gene-false-5-ml\/","og_locale":"ro_RO","og_type":"article","og_title":"ARTDECO Adhesive for Lashes clei transparent pentru gene false 5 ml - SHOPATOA.COM","og_description":"ARTDECO Adhesive for Lashes, 5 ml, Gene false pentru femei, Merit\u0103 s\u0103 ave\u021bi grij\u0103 de genele dvs. \u2013 acestea pot accentua perfect aspectul \u0219i v\u0103 pot eviden\u021bia frumuse\u021bea ochilor. Produsul ARTDECOAdhesive for Lashes v\u0103 va ajuta s\u0103 v\u0103 \u00eengriji\u021bi genele, oferindu-le un aspect perfect \u0219i contribuind la accentuarea privirii dvs. \u0219i a atuurilor \u00eentregii fe\u021be....","og_url":"https:\/\/shopatoa.com\/ro\/artdeco-adhesive-for-lashes-clei-transparent-pentru-gene-false-5-ml\/","og_site_name":"SHOPATOA","article_modified_time":"2025-12-15T01:03:54+00:00","og_image":[{"width":800,"height":800,"url":"https:\/\/storage.googleapis.com\/cz-shopatoa-img\/ro\/80548a59-unnamed-file.webp","type":"image\/webp"}],"twitter_card":"summary_large_image","twitter_misc":{"Timp estimat pentru citire":"1 minut"},"schema":{"@context":"https:\/\/schema.org","@graph":[{"@type":"WebPage","@id":"https:\/\/shopatoa.com\/ro\/artdeco-adhesive-for-lashes-clei-transparent-pentru-gene-false-5-ml\/","url":"https:\/\/shopatoa.com\/ro\/artdeco-adhesive-for-lashes-clei-transparent-pentru-gene-false-5-ml\/","name":"ARTDECO Adhesive for Lashes clei transparent pentru gene false 5 ml - SHOPATOA.COM","isPartOf":{"@id":"https:\/\/shopatoa.com\/ro\/#website"},"primaryImageOfPage":{"@id":"https:\/\/shopatoa.com\/ro\/artdeco-adhesive-for-lashes-clei-transparent-pentru-gene-false-5-ml\/#primaryimage"},"image":{"@id":"https:\/\/shopatoa.com\/ro\/artdeco-adhesive-for-lashes-clei-transparent-pentru-gene-false-5-ml\/#primaryimage"},"thumbnailUrl":"https:\/\/storage.googleapis.com\/cz-shopatoa-img\/ro\/80548a59-unnamed-file.webp","datePublished":"2025-06-18T01:10:50+00:00","dateModified":"2025-12-15T01:03:54+00:00","breadcrumb":{"@id":"https:\/\/shopatoa.com\/ro\/artdeco-adhesive-for-lashes-clei-transparent-pentru-gene-false-5-ml\/#breadcrumb"},"inLanguage":"ro-RO","potentialAction":[{"@type":"ReadAction","target":["https:\/\/shopatoa.com\/ro\/artdeco-adhesive-for-lashes-clei-transparent-pentru-gene-false-5-ml\/"]}]},{"@type":"ImageObject","inLanguage":"ro-RO","@id":"https:\/\/shopatoa.com\/ro\/artdeco-adhesive-for-lashes-clei-transparent-pentru-gene-false-5-ml\/#primaryimage","url":"https:\/\/storage.googleapis.com\/cz-shopatoa-img\/ro\/80548a59-unnamed-file.webp","contentUrl":"https:\/\/storage.googleapis.com\/cz-shopatoa-img\/ro\/80548a59-unnamed-file.webp","width":800,"height":800},{"@type":"BreadcrumbList","@id":"https:\/\/shopatoa.com\/ro\/artdeco-adhesive-for-lashes-clei-transparent-pentru-gene-false-5-ml\/#breadcrumb","itemListElement":[{"@type":"ListItem","position":1,"name":"Dom\u016f","item":"https:\/\/shopatoa.com\/ro\/"},{"@type":"ListItem","position":2,"name":"Shop","item":"https:\/\/shopatoa.com\/ro\/shop\/"},{"@type":"ListItem","position":3,"name":"S\u0103n\u0103tate \u0219i frumuse\u021be","item":"https:\/\/shopatoa.com\/ro\/sanatate-si-frumusete\/"},{"@type":"ListItem","position":4,"name":"\u00cengrijire personal\u0103","item":"https:\/\/shopatoa.com\/ro\/ingrijire-personala\/"},{"@type":"ListItem","position":5,"name":"Cosmetice","item":"https:\/\/shopatoa.com\/ro\/cosmetice-ingrijire-personala\/"},{"@type":"ListItem","position":6,"name":"Machiaj","item":"https:\/\/shopatoa.com\/ro\/machiaj\/"},{"@type":"ListItem","position":7,"name":"Machiaj ochi","item":"https:\/\/shopatoa.com\/ro\/machiaj-ochi\/"},{"@type":"ListItem","position":8,"name":"Gene false","item":"https:\/\/shopatoa.com\/ro\/gene-false-machiaj-ochi\/"},{"@type":"ListItem","position":9,"name":"ARTDECO Adhesive for Lashes clei transparent pentru gene false 5 ml"}]},{"@type":"WebSite","@id":"https:\/\/shopatoa.com\/ro\/#website","url":"https:\/\/shopatoa.com\/ro\/","name":"SHOPATOA","description":"","publisher":{"@id":"https:\/\/shopatoa.com\/ro\/#organization"},"potentialAction":[{"@type":"SearchAction","target":{"@type":"EntryPoint","urlTemplate":"https:\/\/shopatoa.com\/ro\/?s={search_term_string}"},"query-input":{"@type":"PropertyValueSpecification","valueRequired":true,"valueName":"search_term_string"}}],"inLanguage":"ro-RO"},{"@type":"Organization","@id":"https:\/\/shopatoa.com\/ro\/#organization","name":"SHOPATOA","url":"https:\/\/shopatoa.com\/ro\/","logo":{"@type":"ImageObject","inLanguage":"ro-RO","@id":"https:\/\/shopatoa.com\/ro\/#\/schema\/logo\/image\/","url":"https:\/\/storage.googleapis.com\/cz-shopatoa-img\/ro\/b4dac915-shopatoa_logo.png","contentUrl":"https:\/\/storage.googleapis.com\/cz-shopatoa-img\/ro\/b4dac915-shopatoa_logo.png","width":416,"height":63,"caption":"SHOPATOA"},"image":{"@id":"https:\/\/shopatoa.com\/ro\/#\/schema\/logo\/image\/"}}]}},"_links":{"self":[{"href":"https:\/\/shopatoa.com\/ro\/wp-json\/wp\/v2\/product\/404869","targetHints":{"allow":["GET"]}}],"collection":[{"href":"https:\/\/shopatoa.com\/ro\/wp-json\/wp\/v2\/product"}],"about":[{"href":"https:\/\/shopatoa.com\/ro\/wp-json\/wp\/v2\/types\/product"}],"replies":[{"embeddable":true,"href":"https:\/\/shopatoa.com\/ro\/wp-json\/wp\/v2\/comments?post=404869"}],"wp:featuredmedia":[{"embeddable":true,"href":"https:\/\/shopatoa.com\/ro\/wp-json\/wp\/v2\/media\/407144"}],"wp:attachment":[{"href":"https:\/\/shopatoa.com\/ro\/wp-json\/wp\/v2\/media?parent=404869"}],"wp:term":[{"taxonomy":"product_brand","embeddable":true,"href":"https:\/\/shopatoa.com\/ro\/wp-json\/wp\/v2\/product_brand?post=404869"},{"taxonomy":"product_cat","embeddable":true,"href":"https:\/\/shopatoa.com\/ro\/wp-json\/wp\/v2\/product_cat?post=404869"},{"taxonomy":"product_tag","embeddable":true,"href":"https:\/\/shopatoa.com\/ro\/wp-json\/wp\/v2\/product_tag?post=404869"}],"curies":[{"name":"wp","href":"https:\/\/api.w.org\/{rel}","templated":true}]}}