{"id":405112,"date":"2025-06-18T03:48:31","date_gmt":"2025-06-18T01:48:31","guid":{"rendered":"https:\/\/shopatoa.com\/ro\/gk-hair-easy-control-titanium-flat-iron-placa-de-intins-parul-1-buc\/"},"modified":"2025-12-14T22:32:43","modified_gmt":"2025-12-14T21:32:43","slug":"gk-hair-easy-control-titanium-flat-iron-placa-de-intins-parul-1-buc","status":"publish","type":"product","link":"https:\/\/shopatoa.com\/ro\/gk-hair-easy-control-titanium-flat-iron-placa-de-intins-parul-1-buc\/","title":{"rendered":"GK Hair Easy Control Titanium Flat Iron placa de intins parul 1 buc"},"content":{"rendered":"<p>GK Hair Easy Control Titanium Flat Iron, 1 buc, Placi de indreptat parul pentru femei, Placa de \u00eendreptat p\u0103rul GK Hair Easy Control asigur\u0103 \u00eentotdeauna coafura perfect\u0103. P\u0103rul va fi \u00eentotdeauna frumos aranjat, flexibil \u0219i cu un luciu superb.  Caracteristici:  cu temperatur\u0103 reglabil\u0103 nu deterioreaz\u0103 \u0219i nu usuc\u0103 p\u0103rul las\u0103 p\u0103rul str\u0103lucitor \u0219i rezistent la frizz suprafa\u021b\u0103 acoperit\u0103 cu titan ideal\u0103 pentru utilizarea acas\u0103, dar \u0219i pentru saloanele profesionale de coafur\u0103  Cum se utilizeaz\u0103: Se prinde o \u0219uvi\u021b\u0103 de p\u0103r \u00eentre pl\u0103ci \u0219i se apas\u0103 u\u0219or m\u00e2nerul pl\u0103cii. Se gliseaz\u0103 placa prin tragere, p\u00e2n\u0103 la v\u00e2rfurile p\u0103rului. Se repet\u0103 procesul, p\u00e2n\u0103 la ob\u021binerea coafurii dorite. Scoate\u021bi \u00eentotdeauna aparatul din priz\u0103.<\/p>\n","protected":false},"excerpt":{"rendered":"<p>GK Hair Easy Control Titanium Flat Iron, 1 buc, Placi de indreptat parul pentru femei, Placa de \u00eendreptat p\u0103rul GK Hair Easy Control asigur\u0103 \u00eentotdeauna coafura perfect\u0103. P\u0103rul va fi \u00eentotdeauna frumos aranjat, flexibil \u0219i cu un luciu superb. Caracteristici: cu temperatur\u0103 reglabil\u0103 nu deterioreaz\u0103 \u0219i nu usuc\u0103 p\u0103rul las\u0103 p\u0103rul str\u0103lucitor \u0219i rezistent la&#8230;<\/p>\n","protected":false},"featured_media":407377,"comment_status":"closed","ping_status":"open","template":"","meta":{"_acf_changed":false,"_kadence_starter_templates_imported_post":false,"_kad_post_transparent":"","_kad_post_title":"","_kad_post_layout":"","_kad_post_sidebar_id":"","_kad_post_content_style":"","_kad_post_vertical_padding":"","_kad_post_feature":"","_kad_post_feature_position":"","_kad_post_header":false,"_kad_post_footer":false,"_kad_post_classname":""},"product_brand":[2414],"product_cat":[1563,1590,1921,1562,1657],"product_tag":[],"class_list":{"0":"post-405112","1":"product","2":"type-product","3":"status-publish","4":"has-post-thumbnail","6":"product_brand-gk-hair","7":"product_cat-ingrijire-personala","8":"product_cat-ingrijirea-parului","9":"product_cat-placi-de-indreptat-parul","10":"product_cat-sanatate-si-frumusete","11":"product_cat-unelte-de-coafat","12":"pa_gen-female","13":"pa_marime-1-buc","15":"first","16":"instock","17":"sale","18":"product-type-external","19":"entry","20":"content-bg","21":"loop-entry"},"acf":[],"yoast_head":"<!-- This site is optimized with the Yoast SEO plugin v27.4 - https:\/\/yoast.com\/product\/yoast-seo-wordpress\/ -->\n<title>GK Hair Easy Control Titanium Flat Iron placa de intins parul 1 buc - SHOPATOA.COM<\/title>\n<meta name=\"robots\" content=\"index, follow, max-snippet:-1, max-image-preview:large, max-video-preview:-1\" \/>\n<link rel=\"canonical\" href=\"https:\/\/shopatoa.com\/ro\/gk-hair-easy-control-titanium-flat-iron-placa-de-intins-parul-1-buc\/\" \/>\n<meta property=\"og:locale\" content=\"ro_RO\" \/>\n<meta property=\"og:type\" content=\"article\" \/>\n<meta property=\"og:title\" content=\"GK Hair Easy Control Titanium Flat Iron placa de intins parul 1 buc - SHOPATOA.COM\" \/>\n<meta property=\"og:description\" content=\"GK Hair Easy Control Titanium Flat Iron, 1 buc, Placi de indreptat parul pentru femei, Placa de \u00eendreptat p\u0103rul GK Hair Easy Control asigur\u0103 \u00eentotdeauna coafura perfect\u0103. P\u0103rul va fi \u00eentotdeauna frumos aranjat, flexibil \u0219i cu un luciu superb. Caracteristici: cu temperatur\u0103 reglabil\u0103 nu deterioreaz\u0103 \u0219i nu usuc\u0103 p\u0103rul las\u0103 p\u0103rul str\u0103lucitor \u0219i rezistent la...\" \/>\n<meta property=\"og:url\" content=\"https:\/\/shopatoa.com\/ro\/gk-hair-easy-control-titanium-flat-iron-placa-de-intins-parul-1-buc\/\" \/>\n<meta property=\"og:site_name\" content=\"SHOPATOA\" \/>\n<meta property=\"article:modified_time\" content=\"2025-12-14T21:32:43+00:00\" \/>\n<meta property=\"og:image\" content=\"https:\/\/storage.googleapis.com\/cz-shopatoa-img\/ro\/2f8a5b12-unnamed-file.webp\" \/>\n\t<meta property=\"og:image:width\" content=\"800\" \/>\n\t<meta property=\"og:image:height\" content=\"800\" \/>\n\t<meta property=\"og:image:type\" content=\"image\/webp\" \/>\n<meta name=\"twitter:card\" content=\"summary_large_image\" \/>\n<meta name=\"twitter:label1\" content=\"Timp estimat pentru citire\" \/>\n\t<meta name=\"twitter:data1\" content=\"1 minut\" \/>\n<script type=\"application\/ld+json\" class=\"yoast-schema-graph\">{\"@context\":\"https:\\\/\\\/schema.org\",\"@graph\":[{\"@type\":\"WebPage\",\"@id\":\"https:\\\/\\\/shopatoa.com\\\/ro\\\/gk-hair-easy-control-titanium-flat-iron-placa-de-intins-parul-1-buc\\\/\",\"url\":\"https:\\\/\\\/shopatoa.com\\\/ro\\\/gk-hair-easy-control-titanium-flat-iron-placa-de-intins-parul-1-buc\\\/\",\"name\":\"GK Hair Easy Control Titanium Flat Iron placa de intins parul 1 buc - SHOPATOA.COM\",\"isPartOf\":{\"@id\":\"https:\\\/\\\/shopatoa.com\\\/ro\\\/#website\"},\"primaryImageOfPage\":{\"@id\":\"https:\\\/\\\/shopatoa.com\\\/ro\\\/gk-hair-easy-control-titanium-flat-iron-placa-de-intins-parul-1-buc\\\/#primaryimage\"},\"image\":{\"@id\":\"https:\\\/\\\/shopatoa.com\\\/ro\\\/gk-hair-easy-control-titanium-flat-iron-placa-de-intins-parul-1-buc\\\/#primaryimage\"},\"thumbnailUrl\":\"https:\\\/\\\/storage.googleapis.com\\\/cz-shopatoa-img\\\/ro\\\/2f8a5b12-unnamed-file.webp\",\"datePublished\":\"2025-06-18T01:48:31+00:00\",\"dateModified\":\"2025-12-14T21:32:43+00:00\",\"breadcrumb\":{\"@id\":\"https:\\\/\\\/shopatoa.com\\\/ro\\\/gk-hair-easy-control-titanium-flat-iron-placa-de-intins-parul-1-buc\\\/#breadcrumb\"},\"inLanguage\":\"ro-RO\",\"potentialAction\":[{\"@type\":\"ReadAction\",\"target\":[\"https:\\\/\\\/shopatoa.com\\\/ro\\\/gk-hair-easy-control-titanium-flat-iron-placa-de-intins-parul-1-buc\\\/\"]}]},{\"@type\":\"ImageObject\",\"inLanguage\":\"ro-RO\",\"@id\":\"https:\\\/\\\/shopatoa.com\\\/ro\\\/gk-hair-easy-control-titanium-flat-iron-placa-de-intins-parul-1-buc\\\/#primaryimage\",\"url\":\"https:\\\/\\\/storage.googleapis.com\\\/cz-shopatoa-img\\\/ro\\\/2f8a5b12-unnamed-file.webp\",\"contentUrl\":\"https:\\\/\\\/storage.googleapis.com\\\/cz-shopatoa-img\\\/ro\\\/2f8a5b12-unnamed-file.webp\",\"width\":800,\"height\":800},{\"@type\":\"BreadcrumbList\",\"@id\":\"https:\\\/\\\/shopatoa.com\\\/ro\\\/gk-hair-easy-control-titanium-flat-iron-placa-de-intins-parul-1-buc\\\/#breadcrumb\",\"itemListElement\":[{\"@type\":\"ListItem\",\"position\":1,\"name\":\"Dom\u016f\",\"item\":\"https:\\\/\\\/shopatoa.com\\\/ro\\\/\"},{\"@type\":\"ListItem\",\"position\":2,\"name\":\"Shop\",\"item\":\"https:\\\/\\\/shopatoa.com\\\/ro\\\/shop\\\/\"},{\"@type\":\"ListItem\",\"position\":3,\"name\":\"S\u0103n\u0103tate \u0219i frumuse\u021be\",\"item\":\"https:\\\/\\\/shopatoa.com\\\/ro\\\/sanatate-si-frumusete\\\/\"},{\"@type\":\"ListItem\",\"position\":4,\"name\":\"\u00cengrijire personal\u0103\",\"item\":\"https:\\\/\\\/shopatoa.com\\\/ro\\\/ingrijire-personala\\\/\"},{\"@type\":\"ListItem\",\"position\":5,\"name\":\"\u00cengrijirea p\u0103rului\",\"item\":\"https:\\\/\\\/shopatoa.com\\\/ro\\\/ingrijirea-parului\\\/\"},{\"@type\":\"ListItem\",\"position\":6,\"name\":\"Unelte de coafat\",\"item\":\"https:\\\/\\\/shopatoa.com\\\/ro\\\/unelte-de-coafat\\\/\"},{\"@type\":\"ListItem\",\"position\":7,\"name\":\"Pl\u0103ci de \u00eendreptat p\u0103rul\",\"item\":\"https:\\\/\\\/shopatoa.com\\\/ro\\\/placi-de-indreptat-parul\\\/\"},{\"@type\":\"ListItem\",\"position\":8,\"name\":\"GK Hair Easy Control Titanium Flat Iron placa de intins parul 1 buc\"}]},{\"@type\":\"WebSite\",\"@id\":\"https:\\\/\\\/shopatoa.com\\\/ro\\\/#website\",\"url\":\"https:\\\/\\\/shopatoa.com\\\/ro\\\/\",\"name\":\"SHOPATOA\",\"description\":\"\",\"publisher\":{\"@id\":\"https:\\\/\\\/shopatoa.com\\\/ro\\\/#organization\"},\"potentialAction\":[{\"@type\":\"SearchAction\",\"target\":{\"@type\":\"EntryPoint\",\"urlTemplate\":\"https:\\\/\\\/shopatoa.com\\\/ro\\\/?s={search_term_string}\"},\"query-input\":{\"@type\":\"PropertyValueSpecification\",\"valueRequired\":true,\"valueName\":\"search_term_string\"}}],\"inLanguage\":\"ro-RO\"},{\"@type\":\"Organization\",\"@id\":\"https:\\\/\\\/shopatoa.com\\\/ro\\\/#organization\",\"name\":\"SHOPATOA\",\"url\":\"https:\\\/\\\/shopatoa.com\\\/ro\\\/\",\"logo\":{\"@type\":\"ImageObject\",\"inLanguage\":\"ro-RO\",\"@id\":\"https:\\\/\\\/shopatoa.com\\\/ro\\\/#\\\/schema\\\/logo\\\/image\\\/\",\"url\":\"https:\\\/\\\/storage.googleapis.com\\\/cz-shopatoa-img\\\/ro\\\/b4dac915-shopatoa_logo.png\",\"contentUrl\":\"https:\\\/\\\/storage.googleapis.com\\\/cz-shopatoa-img\\\/ro\\\/b4dac915-shopatoa_logo.png\",\"width\":416,\"height\":63,\"caption\":\"SHOPATOA\"},\"image\":{\"@id\":\"https:\\\/\\\/shopatoa.com\\\/ro\\\/#\\\/schema\\\/logo\\\/image\\\/\"}}]}<\/script>\n<!-- \/ Yoast SEO plugin. -->","yoast_head_json":{"title":"GK Hair Easy Control Titanium Flat Iron placa de intins parul 1 buc - SHOPATOA.COM","robots":{"index":"index","follow":"follow","max-snippet":"max-snippet:-1","max-image-preview":"max-image-preview:large","max-video-preview":"max-video-preview:-1"},"canonical":"https:\/\/shopatoa.com\/ro\/gk-hair-easy-control-titanium-flat-iron-placa-de-intins-parul-1-buc\/","og_locale":"ro_RO","og_type":"article","og_title":"GK Hair Easy Control Titanium Flat Iron placa de intins parul 1 buc - SHOPATOA.COM","og_description":"GK Hair Easy Control Titanium Flat Iron, 1 buc, Placi de indreptat parul pentru femei, Placa de \u00eendreptat p\u0103rul GK Hair Easy Control asigur\u0103 \u00eentotdeauna coafura perfect\u0103. P\u0103rul va fi \u00eentotdeauna frumos aranjat, flexibil \u0219i cu un luciu superb. Caracteristici: cu temperatur\u0103 reglabil\u0103 nu deterioreaz\u0103 \u0219i nu usuc\u0103 p\u0103rul las\u0103 p\u0103rul str\u0103lucitor \u0219i rezistent la...","og_url":"https:\/\/shopatoa.com\/ro\/gk-hair-easy-control-titanium-flat-iron-placa-de-intins-parul-1-buc\/","og_site_name":"SHOPATOA","article_modified_time":"2025-12-14T21:32:43+00:00","og_image":[{"width":800,"height":800,"url":"https:\/\/storage.googleapis.com\/cz-shopatoa-img\/ro\/2f8a5b12-unnamed-file.webp","type":"image\/webp"}],"twitter_card":"summary_large_image","twitter_misc":{"Timp estimat pentru citire":"1 minut"},"schema":{"@context":"https:\/\/schema.org","@graph":[{"@type":"WebPage","@id":"https:\/\/shopatoa.com\/ro\/gk-hair-easy-control-titanium-flat-iron-placa-de-intins-parul-1-buc\/","url":"https:\/\/shopatoa.com\/ro\/gk-hair-easy-control-titanium-flat-iron-placa-de-intins-parul-1-buc\/","name":"GK Hair Easy Control Titanium Flat Iron placa de intins parul 1 buc - SHOPATOA.COM","isPartOf":{"@id":"https:\/\/shopatoa.com\/ro\/#website"},"primaryImageOfPage":{"@id":"https:\/\/shopatoa.com\/ro\/gk-hair-easy-control-titanium-flat-iron-placa-de-intins-parul-1-buc\/#primaryimage"},"image":{"@id":"https:\/\/shopatoa.com\/ro\/gk-hair-easy-control-titanium-flat-iron-placa-de-intins-parul-1-buc\/#primaryimage"},"thumbnailUrl":"https:\/\/storage.googleapis.com\/cz-shopatoa-img\/ro\/2f8a5b12-unnamed-file.webp","datePublished":"2025-06-18T01:48:31+00:00","dateModified":"2025-12-14T21:32:43+00:00","breadcrumb":{"@id":"https:\/\/shopatoa.com\/ro\/gk-hair-easy-control-titanium-flat-iron-placa-de-intins-parul-1-buc\/#breadcrumb"},"inLanguage":"ro-RO","potentialAction":[{"@type":"ReadAction","target":["https:\/\/shopatoa.com\/ro\/gk-hair-easy-control-titanium-flat-iron-placa-de-intins-parul-1-buc\/"]}]},{"@type":"ImageObject","inLanguage":"ro-RO","@id":"https:\/\/shopatoa.com\/ro\/gk-hair-easy-control-titanium-flat-iron-placa-de-intins-parul-1-buc\/#primaryimage","url":"https:\/\/storage.googleapis.com\/cz-shopatoa-img\/ro\/2f8a5b12-unnamed-file.webp","contentUrl":"https:\/\/storage.googleapis.com\/cz-shopatoa-img\/ro\/2f8a5b12-unnamed-file.webp","width":800,"height":800},{"@type":"BreadcrumbList","@id":"https:\/\/shopatoa.com\/ro\/gk-hair-easy-control-titanium-flat-iron-placa-de-intins-parul-1-buc\/#breadcrumb","itemListElement":[{"@type":"ListItem","position":1,"name":"Dom\u016f","item":"https:\/\/shopatoa.com\/ro\/"},{"@type":"ListItem","position":2,"name":"Shop","item":"https:\/\/shopatoa.com\/ro\/shop\/"},{"@type":"ListItem","position":3,"name":"S\u0103n\u0103tate \u0219i frumuse\u021be","item":"https:\/\/shopatoa.com\/ro\/sanatate-si-frumusete\/"},{"@type":"ListItem","position":4,"name":"\u00cengrijire personal\u0103","item":"https:\/\/shopatoa.com\/ro\/ingrijire-personala\/"},{"@type":"ListItem","position":5,"name":"\u00cengrijirea p\u0103rului","item":"https:\/\/shopatoa.com\/ro\/ingrijirea-parului\/"},{"@type":"ListItem","position":6,"name":"Unelte de coafat","item":"https:\/\/shopatoa.com\/ro\/unelte-de-coafat\/"},{"@type":"ListItem","position":7,"name":"Pl\u0103ci de \u00eendreptat p\u0103rul","item":"https:\/\/shopatoa.com\/ro\/placi-de-indreptat-parul\/"},{"@type":"ListItem","position":8,"name":"GK Hair Easy Control Titanium Flat Iron placa de intins parul 1 buc"}]},{"@type":"WebSite","@id":"https:\/\/shopatoa.com\/ro\/#website","url":"https:\/\/shopatoa.com\/ro\/","name":"SHOPATOA","description":"","publisher":{"@id":"https:\/\/shopatoa.com\/ro\/#organization"},"potentialAction":[{"@type":"SearchAction","target":{"@type":"EntryPoint","urlTemplate":"https:\/\/shopatoa.com\/ro\/?s={search_term_string}"},"query-input":{"@type":"PropertyValueSpecification","valueRequired":true,"valueName":"search_term_string"}}],"inLanguage":"ro-RO"},{"@type":"Organization","@id":"https:\/\/shopatoa.com\/ro\/#organization","name":"SHOPATOA","url":"https:\/\/shopatoa.com\/ro\/","logo":{"@type":"ImageObject","inLanguage":"ro-RO","@id":"https:\/\/shopatoa.com\/ro\/#\/schema\/logo\/image\/","url":"https:\/\/storage.googleapis.com\/cz-shopatoa-img\/ro\/b4dac915-shopatoa_logo.png","contentUrl":"https:\/\/storage.googleapis.com\/cz-shopatoa-img\/ro\/b4dac915-shopatoa_logo.png","width":416,"height":63,"caption":"SHOPATOA"},"image":{"@id":"https:\/\/shopatoa.com\/ro\/#\/schema\/logo\/image\/"}}]}},"_links":{"self":[{"href":"https:\/\/shopatoa.com\/ro\/wp-json\/wp\/v2\/product\/405112","targetHints":{"allow":["GET"]}}],"collection":[{"href":"https:\/\/shopatoa.com\/ro\/wp-json\/wp\/v2\/product"}],"about":[{"href":"https:\/\/shopatoa.com\/ro\/wp-json\/wp\/v2\/types\/product"}],"replies":[{"embeddable":true,"href":"https:\/\/shopatoa.com\/ro\/wp-json\/wp\/v2\/comments?post=405112"}],"wp:featuredmedia":[{"embeddable":true,"href":"https:\/\/shopatoa.com\/ro\/wp-json\/wp\/v2\/media\/407377"}],"wp:attachment":[{"href":"https:\/\/shopatoa.com\/ro\/wp-json\/wp\/v2\/media?parent=405112"}],"wp:term":[{"taxonomy":"product_brand","embeddable":true,"href":"https:\/\/shopatoa.com\/ro\/wp-json\/wp\/v2\/product_brand?post=405112"},{"taxonomy":"product_cat","embeddable":true,"href":"https:\/\/shopatoa.com\/ro\/wp-json\/wp\/v2\/product_cat?post=405112"},{"taxonomy":"product_tag","embeddable":true,"href":"https:\/\/shopatoa.com\/ro\/wp-json\/wp\/v2\/product_tag?post=405112"}],"curies":[{"name":"wp","href":"https:\/\/api.w.org\/{rel}","templated":true}]}}