{"id":405498,"date":"2025-06-18T04:51:04","date_gmt":"2025-06-18T02:51:04","guid":{"rendered":"https:\/\/shopatoa.com\/ro\/nickelodeon-paw-patrol-body-and-hair-set-cadou-pentru-copii\/"},"modified":"2025-12-08T17:05:03","modified_gmt":"2025-12-08T16:05:03","slug":"nickelodeon-paw-patrol-body-and-hair-set-cadou-pentru-copii","status":"publish","type":"product","link":"https:\/\/shopatoa.com\/ro\/nickelodeon-paw-patrol-body-and-hair-set-cadou-pentru-copii\/","title":{"rendered":"Nickelodeon Paw Patrol Body and Hair set cadou pentru copii"},"content":{"rendered":"<p>Nickelodeon Paw Patrol Body and Hair, Geluri de du\u0219 pentru copii pentru copii, Totul pentru copilul dvs. \u00eentr-un singur pachet. Setul cosmetic Nickelodeon Paw Patrol Body and Hair con\u021bine nu unul, ci mai multe produse care vor facilita \u00eengrijirea pielii \u0219i a tenului bebelu\u0219ului dvs.  Caracteristici:  compozi\u021bia este delicat\u0103 cu pielea copilului bucur\u0103 to\u021bi copiii foarte potrivit ca un cadou setul \u00eenc\u00e2nt\u0103 de la prima vedere, datorit\u0103 ambalajului frumos dup\u0103 celebrul basm ecranizat pentru copii  Setul con\u021bine:  spray pentru corp 200 ml  Nickelodeon Paw Patrol Shower Gel &amp; Shampoo 2 in 1 gel de dus si sampon pentru copii 400 ml<\/p>\n","protected":false},"excerpt":{"rendered":"<p>Nickelodeon Paw Patrol Body and Hair, Geluri de du\u0219 pentru copii pentru copii, Totul pentru copilul dvs. \u00eentr-un singur pachet. Setul cosmetic Nickelodeon Paw Patrol Body and Hair con\u021bine nu unul, ci mai multe produse care vor facilita \u00eengrijirea pielii \u0219i a tenului bebelu\u0219ului dvs. Caracteristici: compozi\u021bia este delicat\u0103 cu pielea copilului bucur\u0103 to\u021bi copiii&#8230;<\/p>\n","protected":false},"featured_media":407735,"comment_status":"closed","ping_status":"open","template":"","meta":{"_acf_changed":false,"_kadence_starter_templates_imported_post":false,"_kad_post_transparent":"","_kad_post_title":"","_kad_post_layout":"","_kad_post_sidebar_id":"","_kad_post_content_style":"","_kad_post_vertical_padding":"","_kad_post_feature":"","_kad_post_feature_position":"","_kad_post_header":false,"_kad_post_footer":false,"_kad_post_classname":""},"product_brand":[1689],"product_cat":[1564,1563,1565,1562],"product_tag":[],"class_list":{"0":"post-405498","1":"product","2":"type-product","3":"status-publish","4":"has-post-thumbnail","6":"product_brand-nickelodeon","7":"product_cat-cosmetice-ingrijire-personala","8":"product_cat-ingrijire-personala","9":"product_cat-ingrijirea-pielii","10":"product_cat-sanatate-si-frumusete","11":"pa_gen-unisex","13":"first","14":"instock","15":"product-type-external","16":"entry","17":"content-bg","18":"loop-entry"},"acf":[],"yoast_head":"<!-- This site is optimized with the Yoast SEO plugin v27.4 - https:\/\/yoast.com\/product\/yoast-seo-wordpress\/ -->\n<title>Nickelodeon Paw Patrol Body and Hair set cadou pentru copii - SHOPATOA.COM<\/title>\n<meta name=\"robots\" content=\"index, follow, max-snippet:-1, max-image-preview:large, max-video-preview:-1\" \/>\n<link rel=\"canonical\" href=\"https:\/\/shopatoa.com\/ro\/nickelodeon-paw-patrol-body-and-hair-set-cadou-pentru-copii\/\" \/>\n<meta property=\"og:locale\" content=\"ro_RO\" \/>\n<meta property=\"og:type\" content=\"article\" \/>\n<meta property=\"og:title\" content=\"Nickelodeon Paw Patrol Body and Hair set cadou pentru copii - SHOPATOA.COM\" \/>\n<meta property=\"og:description\" content=\"Nickelodeon Paw Patrol Body and Hair, Geluri de du\u0219 pentru copii pentru copii, Totul pentru copilul dvs. \u00eentr-un singur pachet. Setul cosmetic Nickelodeon Paw Patrol Body and Hair con\u021bine nu unul, ci mai multe produse care vor facilita \u00eengrijirea pielii \u0219i a tenului bebelu\u0219ului dvs. Caracteristici: compozi\u021bia este delicat\u0103 cu pielea copilului bucur\u0103 to\u021bi copiii...\" \/>\n<meta property=\"og:url\" content=\"https:\/\/shopatoa.com\/ro\/nickelodeon-paw-patrol-body-and-hair-set-cadou-pentru-copii\/\" \/>\n<meta property=\"og:site_name\" content=\"SHOPATOA\" \/>\n<meta property=\"article:modified_time\" content=\"2025-12-08T16:05:03+00:00\" \/>\n<meta property=\"og:image\" content=\"https:\/\/storage.googleapis.com\/cz-shopatoa-img\/ro\/62788190-unnamed-file.webp\" \/>\n\t<meta property=\"og:image:width\" content=\"800\" \/>\n\t<meta property=\"og:image:height\" content=\"800\" \/>\n\t<meta property=\"og:image:type\" content=\"image\/webp\" \/>\n<meta name=\"twitter:card\" content=\"summary_large_image\" \/>\n<meta name=\"twitter:label1\" content=\"Timp estimat pentru citire\" \/>\n\t<meta name=\"twitter:data1\" content=\"1 minut\" \/>\n<script type=\"application\/ld+json\" class=\"yoast-schema-graph\">{\"@context\":\"https:\\\/\\\/schema.org\",\"@graph\":[{\"@type\":\"WebPage\",\"@id\":\"https:\\\/\\\/shopatoa.com\\\/ro\\\/nickelodeon-paw-patrol-body-and-hair-set-cadou-pentru-copii\\\/\",\"url\":\"https:\\\/\\\/shopatoa.com\\\/ro\\\/nickelodeon-paw-patrol-body-and-hair-set-cadou-pentru-copii\\\/\",\"name\":\"Nickelodeon Paw Patrol Body and Hair set cadou pentru copii - SHOPATOA.COM\",\"isPartOf\":{\"@id\":\"https:\\\/\\\/shopatoa.com\\\/ro\\\/#website\"},\"primaryImageOfPage\":{\"@id\":\"https:\\\/\\\/shopatoa.com\\\/ro\\\/nickelodeon-paw-patrol-body-and-hair-set-cadou-pentru-copii\\\/#primaryimage\"},\"image\":{\"@id\":\"https:\\\/\\\/shopatoa.com\\\/ro\\\/nickelodeon-paw-patrol-body-and-hair-set-cadou-pentru-copii\\\/#primaryimage\"},\"thumbnailUrl\":\"https:\\\/\\\/storage.googleapis.com\\\/cz-shopatoa-img\\\/ro\\\/62788190-unnamed-file.webp\",\"datePublished\":\"2025-06-18T02:51:04+00:00\",\"dateModified\":\"2025-12-08T16:05:03+00:00\",\"breadcrumb\":{\"@id\":\"https:\\\/\\\/shopatoa.com\\\/ro\\\/nickelodeon-paw-patrol-body-and-hair-set-cadou-pentru-copii\\\/#breadcrumb\"},\"inLanguage\":\"ro-RO\",\"potentialAction\":[{\"@type\":\"ReadAction\",\"target\":[\"https:\\\/\\\/shopatoa.com\\\/ro\\\/nickelodeon-paw-patrol-body-and-hair-set-cadou-pentru-copii\\\/\"]}]},{\"@type\":\"ImageObject\",\"inLanguage\":\"ro-RO\",\"@id\":\"https:\\\/\\\/shopatoa.com\\\/ro\\\/nickelodeon-paw-patrol-body-and-hair-set-cadou-pentru-copii\\\/#primaryimage\",\"url\":\"https:\\\/\\\/storage.googleapis.com\\\/cz-shopatoa-img\\\/ro\\\/62788190-unnamed-file.webp\",\"contentUrl\":\"https:\\\/\\\/storage.googleapis.com\\\/cz-shopatoa-img\\\/ro\\\/62788190-unnamed-file.webp\",\"width\":800,\"height\":800},{\"@type\":\"BreadcrumbList\",\"@id\":\"https:\\\/\\\/shopatoa.com\\\/ro\\\/nickelodeon-paw-patrol-body-and-hair-set-cadou-pentru-copii\\\/#breadcrumb\",\"itemListElement\":[{\"@type\":\"ListItem\",\"position\":1,\"name\":\"Dom\u016f\",\"item\":\"https:\\\/\\\/shopatoa.com\\\/ro\\\/\"},{\"@type\":\"ListItem\",\"position\":2,\"name\":\"Shop\",\"item\":\"https:\\\/\\\/shopatoa.com\\\/ro\\\/shop\\\/\"},{\"@type\":\"ListItem\",\"position\":3,\"name\":\"S\u0103n\u0103tate \u0219i frumuse\u021be\",\"item\":\"https:\\\/\\\/shopatoa.com\\\/ro\\\/sanatate-si-frumusete\\\/\"},{\"@type\":\"ListItem\",\"position\":4,\"name\":\"\u00cengrijire personal\u0103\",\"item\":\"https:\\\/\\\/shopatoa.com\\\/ro\\\/ingrijire-personala\\\/\"},{\"@type\":\"ListItem\",\"position\":5,\"name\":\"Cosmetice\",\"item\":\"https:\\\/\\\/shopatoa.com\\\/ro\\\/cosmetice-ingrijire-personala\\\/\"},{\"@type\":\"ListItem\",\"position\":6,\"name\":\"\u00cengrijirea pielii\",\"item\":\"https:\\\/\\\/shopatoa.com\\\/ro\\\/ingrijirea-pielii\\\/\"},{\"@type\":\"ListItem\",\"position\":7,\"name\":\"Nickelodeon Paw Patrol Body and Hair set cadou pentru copii\"}]},{\"@type\":\"WebSite\",\"@id\":\"https:\\\/\\\/shopatoa.com\\\/ro\\\/#website\",\"url\":\"https:\\\/\\\/shopatoa.com\\\/ro\\\/\",\"name\":\"SHOPATOA\",\"description\":\"\",\"publisher\":{\"@id\":\"https:\\\/\\\/shopatoa.com\\\/ro\\\/#organization\"},\"potentialAction\":[{\"@type\":\"SearchAction\",\"target\":{\"@type\":\"EntryPoint\",\"urlTemplate\":\"https:\\\/\\\/shopatoa.com\\\/ro\\\/?s={search_term_string}\"},\"query-input\":{\"@type\":\"PropertyValueSpecification\",\"valueRequired\":true,\"valueName\":\"search_term_string\"}}],\"inLanguage\":\"ro-RO\"},{\"@type\":\"Organization\",\"@id\":\"https:\\\/\\\/shopatoa.com\\\/ro\\\/#organization\",\"name\":\"SHOPATOA\",\"url\":\"https:\\\/\\\/shopatoa.com\\\/ro\\\/\",\"logo\":{\"@type\":\"ImageObject\",\"inLanguage\":\"ro-RO\",\"@id\":\"https:\\\/\\\/shopatoa.com\\\/ro\\\/#\\\/schema\\\/logo\\\/image\\\/\",\"url\":\"https:\\\/\\\/storage.googleapis.com\\\/cz-shopatoa-img\\\/ro\\\/b4dac915-shopatoa_logo.png\",\"contentUrl\":\"https:\\\/\\\/storage.googleapis.com\\\/cz-shopatoa-img\\\/ro\\\/b4dac915-shopatoa_logo.png\",\"width\":416,\"height\":63,\"caption\":\"SHOPATOA\"},\"image\":{\"@id\":\"https:\\\/\\\/shopatoa.com\\\/ro\\\/#\\\/schema\\\/logo\\\/image\\\/\"}}]}<\/script>\n<!-- \/ Yoast SEO plugin. -->","yoast_head_json":{"title":"Nickelodeon Paw Patrol Body and Hair set cadou pentru copii - SHOPATOA.COM","robots":{"index":"index","follow":"follow","max-snippet":"max-snippet:-1","max-image-preview":"max-image-preview:large","max-video-preview":"max-video-preview:-1"},"canonical":"https:\/\/shopatoa.com\/ro\/nickelodeon-paw-patrol-body-and-hair-set-cadou-pentru-copii\/","og_locale":"ro_RO","og_type":"article","og_title":"Nickelodeon Paw Patrol Body and Hair set cadou pentru copii - SHOPATOA.COM","og_description":"Nickelodeon Paw Patrol Body and Hair, Geluri de du\u0219 pentru copii pentru copii, Totul pentru copilul dvs. \u00eentr-un singur pachet. Setul cosmetic Nickelodeon Paw Patrol Body and Hair con\u021bine nu unul, ci mai multe produse care vor facilita \u00eengrijirea pielii \u0219i a tenului bebelu\u0219ului dvs. Caracteristici: compozi\u021bia este delicat\u0103 cu pielea copilului bucur\u0103 to\u021bi copiii...","og_url":"https:\/\/shopatoa.com\/ro\/nickelodeon-paw-patrol-body-and-hair-set-cadou-pentru-copii\/","og_site_name":"SHOPATOA","article_modified_time":"2025-12-08T16:05:03+00:00","og_image":[{"width":800,"height":800,"url":"https:\/\/storage.googleapis.com\/cz-shopatoa-img\/ro\/62788190-unnamed-file.webp","type":"image\/webp"}],"twitter_card":"summary_large_image","twitter_misc":{"Timp estimat pentru citire":"1 minut"},"schema":{"@context":"https:\/\/schema.org","@graph":[{"@type":"WebPage","@id":"https:\/\/shopatoa.com\/ro\/nickelodeon-paw-patrol-body-and-hair-set-cadou-pentru-copii\/","url":"https:\/\/shopatoa.com\/ro\/nickelodeon-paw-patrol-body-and-hair-set-cadou-pentru-copii\/","name":"Nickelodeon Paw Patrol Body and Hair set cadou pentru copii - SHOPATOA.COM","isPartOf":{"@id":"https:\/\/shopatoa.com\/ro\/#website"},"primaryImageOfPage":{"@id":"https:\/\/shopatoa.com\/ro\/nickelodeon-paw-patrol-body-and-hair-set-cadou-pentru-copii\/#primaryimage"},"image":{"@id":"https:\/\/shopatoa.com\/ro\/nickelodeon-paw-patrol-body-and-hair-set-cadou-pentru-copii\/#primaryimage"},"thumbnailUrl":"https:\/\/storage.googleapis.com\/cz-shopatoa-img\/ro\/62788190-unnamed-file.webp","datePublished":"2025-06-18T02:51:04+00:00","dateModified":"2025-12-08T16:05:03+00:00","breadcrumb":{"@id":"https:\/\/shopatoa.com\/ro\/nickelodeon-paw-patrol-body-and-hair-set-cadou-pentru-copii\/#breadcrumb"},"inLanguage":"ro-RO","potentialAction":[{"@type":"ReadAction","target":["https:\/\/shopatoa.com\/ro\/nickelodeon-paw-patrol-body-and-hair-set-cadou-pentru-copii\/"]}]},{"@type":"ImageObject","inLanguage":"ro-RO","@id":"https:\/\/shopatoa.com\/ro\/nickelodeon-paw-patrol-body-and-hair-set-cadou-pentru-copii\/#primaryimage","url":"https:\/\/storage.googleapis.com\/cz-shopatoa-img\/ro\/62788190-unnamed-file.webp","contentUrl":"https:\/\/storage.googleapis.com\/cz-shopatoa-img\/ro\/62788190-unnamed-file.webp","width":800,"height":800},{"@type":"BreadcrumbList","@id":"https:\/\/shopatoa.com\/ro\/nickelodeon-paw-patrol-body-and-hair-set-cadou-pentru-copii\/#breadcrumb","itemListElement":[{"@type":"ListItem","position":1,"name":"Dom\u016f","item":"https:\/\/shopatoa.com\/ro\/"},{"@type":"ListItem","position":2,"name":"Shop","item":"https:\/\/shopatoa.com\/ro\/shop\/"},{"@type":"ListItem","position":3,"name":"S\u0103n\u0103tate \u0219i frumuse\u021be","item":"https:\/\/shopatoa.com\/ro\/sanatate-si-frumusete\/"},{"@type":"ListItem","position":4,"name":"\u00cengrijire personal\u0103","item":"https:\/\/shopatoa.com\/ro\/ingrijire-personala\/"},{"@type":"ListItem","position":5,"name":"Cosmetice","item":"https:\/\/shopatoa.com\/ro\/cosmetice-ingrijire-personala\/"},{"@type":"ListItem","position":6,"name":"\u00cengrijirea pielii","item":"https:\/\/shopatoa.com\/ro\/ingrijirea-pielii\/"},{"@type":"ListItem","position":7,"name":"Nickelodeon Paw Patrol Body and Hair set cadou pentru copii"}]},{"@type":"WebSite","@id":"https:\/\/shopatoa.com\/ro\/#website","url":"https:\/\/shopatoa.com\/ro\/","name":"SHOPATOA","description":"","publisher":{"@id":"https:\/\/shopatoa.com\/ro\/#organization"},"potentialAction":[{"@type":"SearchAction","target":{"@type":"EntryPoint","urlTemplate":"https:\/\/shopatoa.com\/ro\/?s={search_term_string}"},"query-input":{"@type":"PropertyValueSpecification","valueRequired":true,"valueName":"search_term_string"}}],"inLanguage":"ro-RO"},{"@type":"Organization","@id":"https:\/\/shopatoa.com\/ro\/#organization","name":"SHOPATOA","url":"https:\/\/shopatoa.com\/ro\/","logo":{"@type":"ImageObject","inLanguage":"ro-RO","@id":"https:\/\/shopatoa.com\/ro\/#\/schema\/logo\/image\/","url":"https:\/\/storage.googleapis.com\/cz-shopatoa-img\/ro\/b4dac915-shopatoa_logo.png","contentUrl":"https:\/\/storage.googleapis.com\/cz-shopatoa-img\/ro\/b4dac915-shopatoa_logo.png","width":416,"height":63,"caption":"SHOPATOA"},"image":{"@id":"https:\/\/shopatoa.com\/ro\/#\/schema\/logo\/image\/"}}]}},"_links":{"self":[{"href":"https:\/\/shopatoa.com\/ro\/wp-json\/wp\/v2\/product\/405498","targetHints":{"allow":["GET"]}}],"collection":[{"href":"https:\/\/shopatoa.com\/ro\/wp-json\/wp\/v2\/product"}],"about":[{"href":"https:\/\/shopatoa.com\/ro\/wp-json\/wp\/v2\/types\/product"}],"replies":[{"embeddable":true,"href":"https:\/\/shopatoa.com\/ro\/wp-json\/wp\/v2\/comments?post=405498"}],"wp:featuredmedia":[{"embeddable":true,"href":"https:\/\/shopatoa.com\/ro\/wp-json\/wp\/v2\/media\/407735"}],"wp:attachment":[{"href":"https:\/\/shopatoa.com\/ro\/wp-json\/wp\/v2\/media?parent=405498"}],"wp:term":[{"taxonomy":"product_brand","embeddable":true,"href":"https:\/\/shopatoa.com\/ro\/wp-json\/wp\/v2\/product_brand?post=405498"},{"taxonomy":"product_cat","embeddable":true,"href":"https:\/\/shopatoa.com\/ro\/wp-json\/wp\/v2\/product_cat?post=405498"},{"taxonomy":"product_tag","embeddable":true,"href":"https:\/\/shopatoa.com\/ro\/wp-json\/wp\/v2\/product_tag?post=405498"}],"curies":[{"name":"wp","href":"https:\/\/api.w.org\/{rel}","templated":true}]}}