{"id":405509,"date":"2025-06-18T04:52:36","date_gmt":"2025-06-18T02:52:36","guid":{"rendered":"https:\/\/shopatoa.com\/ro\/zwilling-premium-gold-pila-de-unghii-13-cm\/"},"modified":"2025-12-08T17:03:11","modified_gmt":"2025-12-08T16:03:11","slug":"zwilling-premium-gold-pila-de-unghii-13-cm","status":"publish","type":"product","link":"https:\/\/shopatoa.com\/ro\/zwilling-premium-gold-pila-de-unghii-13-cm\/","title":{"rendered":"Zwilling Premium Gold pil\u0103 de unghii 13 cm"},"content":{"rendered":"<p>Zwilling Premium Gold, 13 cm, tratament unghii pentru femei, Unghiile \u00eengrijite sunt cartea dvs. de vizit\u0103 \u2013 prezenta\u021bi-v\u0103 \u00eentr-o lumin\u0103 bun\u0103. Pila Zwilling Premium Gold v\u0103 va permite s\u0103 le modela\u021bi cu precizie \u00een confortul de acas\u0103 \u0219i s\u0103 face\u021bi mici ajust\u0103ri, pentru un aspect ca la salon. Unghiile dvs. vor ar\u0103ta \u00eentotdeauna \u00eengrijite, aranjate \u0219i perfecte.  Caracteristici:  modeleaz\u0103 \u0219i scurteaz\u0103 unghiile suprafa\u021ba pilei are o mare durabilitate aplicarea facil\u0103 permite ob\u021binerea unor rezultate rapide \u0219i precise  Cum se utilizeaz\u0103: Se plaseaz\u0103 pe unghie \u0219i se pile\u0219te u\u0219or, \u00eentr-un singur sens.<\/p>\n","protected":false},"excerpt":{"rendered":"<p>Zwilling Premium Gold, 13 cm, tratament unghii pentru femei, Unghiile \u00eengrijite sunt cartea dvs. de vizit\u0103 \u2013 prezenta\u021bi-v\u0103 \u00eentr-o lumin\u0103 bun\u0103. Pila Zwilling Premium Gold v\u0103 va permite s\u0103 le modela\u021bi cu precizie \u00een confortul de acas\u0103 \u0219i s\u0103 face\u021bi mici ajust\u0103ri, pentru un aspect ca la salon. Unghiile dvs. vor ar\u0103ta \u00eentotdeauna \u00eengrijite, aranjate&#8230;<\/p>\n","protected":false},"featured_media":407746,"comment_status":"closed","ping_status":"open","template":"","meta":{"_acf_changed":false,"_kadence_starter_templates_imported_post":false,"_kad_post_transparent":"","_kad_post_title":"","_kad_post_layout":"","_kad_post_sidebar_id":"","_kad_post_content_style":"","_kad_post_vertical_padding":"","_kad_post_feature":"","_kad_post_feature_position":"","_kad_post_header":false,"_kad_post_footer":false,"_kad_post_classname":""},"product_brand":[2228],"product_cat":[1564,1563,1581,1562],"product_tag":[],"class_list":{"0":"post-405509","1":"product","2":"type-product","3":"status-publish","4":"has-post-thumbnail","6":"product_brand-zwilling","7":"product_cat-cosmetice-ingrijire-personala","8":"product_cat-ingrijire-personala","9":"product_cat-ingrijirea-unghiilor","10":"product_cat-sanatate-si-frumusete","11":"pa_gen-female","12":"pa_marime-13-cm","14":"first","15":"instock","16":"sale","17":"product-type-external","18":"entry","19":"content-bg","20":"loop-entry"},"acf":[],"yoast_head":"<!-- This site is optimized with the Yoast SEO plugin v27.4 - https:\/\/yoast.com\/product\/yoast-seo-wordpress\/ -->\n<title>Zwilling Premium Gold pil\u0103 de unghii 13 cm - SHOPATOA.COM<\/title>\n<meta name=\"robots\" content=\"index, follow, max-snippet:-1, max-image-preview:large, max-video-preview:-1\" \/>\n<link rel=\"canonical\" href=\"https:\/\/shopatoa.com\/ro\/zwilling-premium-gold-pila-de-unghii-13-cm\/\" \/>\n<meta property=\"og:locale\" content=\"ro_RO\" \/>\n<meta property=\"og:type\" content=\"article\" \/>\n<meta property=\"og:title\" content=\"Zwilling Premium Gold pil\u0103 de unghii 13 cm - SHOPATOA.COM\" \/>\n<meta property=\"og:description\" content=\"Zwilling Premium Gold, 13 cm, tratament unghii pentru femei, Unghiile \u00eengrijite sunt cartea dvs. de vizit\u0103 \u2013 prezenta\u021bi-v\u0103 \u00eentr-o lumin\u0103 bun\u0103. Pila Zwilling Premium Gold v\u0103 va permite s\u0103 le modela\u021bi cu precizie \u00een confortul de acas\u0103 \u0219i s\u0103 face\u021bi mici ajust\u0103ri, pentru un aspect ca la salon. Unghiile dvs. vor ar\u0103ta \u00eentotdeauna \u00eengrijite, aranjate...\" \/>\n<meta property=\"og:url\" content=\"https:\/\/shopatoa.com\/ro\/zwilling-premium-gold-pila-de-unghii-13-cm\/\" \/>\n<meta property=\"og:site_name\" content=\"SHOPATOA\" \/>\n<meta property=\"article:modified_time\" content=\"2025-12-08T16:03:11+00:00\" \/>\n<meta property=\"og:image\" content=\"https:\/\/storage.googleapis.com\/cz-shopatoa-img\/ro\/b00f49a5-unnamed-file.webp\" \/>\n\t<meta property=\"og:image:width\" content=\"800\" \/>\n\t<meta property=\"og:image:height\" content=\"800\" \/>\n\t<meta property=\"og:image:type\" content=\"image\/webp\" \/>\n<meta name=\"twitter:card\" content=\"summary_large_image\" \/>\n<script type=\"application\/ld+json\" class=\"yoast-schema-graph\">{\"@context\":\"https:\\\/\\\/schema.org\",\"@graph\":[{\"@type\":\"WebPage\",\"@id\":\"https:\\\/\\\/shopatoa.com\\\/ro\\\/zwilling-premium-gold-pila-de-unghii-13-cm\\\/\",\"url\":\"https:\\\/\\\/shopatoa.com\\\/ro\\\/zwilling-premium-gold-pila-de-unghii-13-cm\\\/\",\"name\":\"Zwilling Premium Gold pil\u0103 de unghii 13 cm - SHOPATOA.COM\",\"isPartOf\":{\"@id\":\"https:\\\/\\\/shopatoa.com\\\/ro\\\/#website\"},\"primaryImageOfPage\":{\"@id\":\"https:\\\/\\\/shopatoa.com\\\/ro\\\/zwilling-premium-gold-pila-de-unghii-13-cm\\\/#primaryimage\"},\"image\":{\"@id\":\"https:\\\/\\\/shopatoa.com\\\/ro\\\/zwilling-premium-gold-pila-de-unghii-13-cm\\\/#primaryimage\"},\"thumbnailUrl\":\"https:\\\/\\\/storage.googleapis.com\\\/cz-shopatoa-img\\\/ro\\\/b00f49a5-unnamed-file.webp\",\"datePublished\":\"2025-06-18T02:52:36+00:00\",\"dateModified\":\"2025-12-08T16:03:11+00:00\",\"breadcrumb\":{\"@id\":\"https:\\\/\\\/shopatoa.com\\\/ro\\\/zwilling-premium-gold-pila-de-unghii-13-cm\\\/#breadcrumb\"},\"inLanguage\":\"ro-RO\",\"potentialAction\":[{\"@type\":\"ReadAction\",\"target\":[\"https:\\\/\\\/shopatoa.com\\\/ro\\\/zwilling-premium-gold-pila-de-unghii-13-cm\\\/\"]}]},{\"@type\":\"ImageObject\",\"inLanguage\":\"ro-RO\",\"@id\":\"https:\\\/\\\/shopatoa.com\\\/ro\\\/zwilling-premium-gold-pila-de-unghii-13-cm\\\/#primaryimage\",\"url\":\"https:\\\/\\\/storage.googleapis.com\\\/cz-shopatoa-img\\\/ro\\\/b00f49a5-unnamed-file.webp\",\"contentUrl\":\"https:\\\/\\\/storage.googleapis.com\\\/cz-shopatoa-img\\\/ro\\\/b00f49a5-unnamed-file.webp\",\"width\":800,\"height\":800},{\"@type\":\"BreadcrumbList\",\"@id\":\"https:\\\/\\\/shopatoa.com\\\/ro\\\/zwilling-premium-gold-pila-de-unghii-13-cm\\\/#breadcrumb\",\"itemListElement\":[{\"@type\":\"ListItem\",\"position\":1,\"name\":\"Dom\u016f\",\"item\":\"https:\\\/\\\/shopatoa.com\\\/ro\\\/\"},{\"@type\":\"ListItem\",\"position\":2,\"name\":\"Shop\",\"item\":\"https:\\\/\\\/shopatoa.com\\\/ro\\\/shop\\\/\"},{\"@type\":\"ListItem\",\"position\":3,\"name\":\"S\u0103n\u0103tate \u0219i frumuse\u021be\",\"item\":\"https:\\\/\\\/shopatoa.com\\\/ro\\\/sanatate-si-frumusete\\\/\"},{\"@type\":\"ListItem\",\"position\":4,\"name\":\"\u00cengrijire personal\u0103\",\"item\":\"https:\\\/\\\/shopatoa.com\\\/ro\\\/ingrijire-personala\\\/\"},{\"@type\":\"ListItem\",\"position\":5,\"name\":\"Cosmetice\",\"item\":\"https:\\\/\\\/shopatoa.com\\\/ro\\\/cosmetice-ingrijire-personala\\\/\"},{\"@type\":\"ListItem\",\"position\":6,\"name\":\"\u00cengrijirea unghiilor\",\"item\":\"https:\\\/\\\/shopatoa.com\\\/ro\\\/ingrijirea-unghiilor\\\/\"},{\"@type\":\"ListItem\",\"position\":7,\"name\":\"Zwilling Premium Gold pil\u0103 de unghii 13 cm\"}]},{\"@type\":\"WebSite\",\"@id\":\"https:\\\/\\\/shopatoa.com\\\/ro\\\/#website\",\"url\":\"https:\\\/\\\/shopatoa.com\\\/ro\\\/\",\"name\":\"SHOPATOA\",\"description\":\"\",\"publisher\":{\"@id\":\"https:\\\/\\\/shopatoa.com\\\/ro\\\/#organization\"},\"potentialAction\":[{\"@type\":\"SearchAction\",\"target\":{\"@type\":\"EntryPoint\",\"urlTemplate\":\"https:\\\/\\\/shopatoa.com\\\/ro\\\/?s={search_term_string}\"},\"query-input\":{\"@type\":\"PropertyValueSpecification\",\"valueRequired\":true,\"valueName\":\"search_term_string\"}}],\"inLanguage\":\"ro-RO\"},{\"@type\":\"Organization\",\"@id\":\"https:\\\/\\\/shopatoa.com\\\/ro\\\/#organization\",\"name\":\"SHOPATOA\",\"url\":\"https:\\\/\\\/shopatoa.com\\\/ro\\\/\",\"logo\":{\"@type\":\"ImageObject\",\"inLanguage\":\"ro-RO\",\"@id\":\"https:\\\/\\\/shopatoa.com\\\/ro\\\/#\\\/schema\\\/logo\\\/image\\\/\",\"url\":\"https:\\\/\\\/storage.googleapis.com\\\/cz-shopatoa-img\\\/ro\\\/b4dac915-shopatoa_logo.png\",\"contentUrl\":\"https:\\\/\\\/storage.googleapis.com\\\/cz-shopatoa-img\\\/ro\\\/b4dac915-shopatoa_logo.png\",\"width\":416,\"height\":63,\"caption\":\"SHOPATOA\"},\"image\":{\"@id\":\"https:\\\/\\\/shopatoa.com\\\/ro\\\/#\\\/schema\\\/logo\\\/image\\\/\"}}]}<\/script>\n<!-- \/ Yoast SEO plugin. -->","yoast_head_json":{"title":"Zwilling Premium Gold pil\u0103 de unghii 13 cm - SHOPATOA.COM","robots":{"index":"index","follow":"follow","max-snippet":"max-snippet:-1","max-image-preview":"max-image-preview:large","max-video-preview":"max-video-preview:-1"},"canonical":"https:\/\/shopatoa.com\/ro\/zwilling-premium-gold-pila-de-unghii-13-cm\/","og_locale":"ro_RO","og_type":"article","og_title":"Zwilling Premium Gold pil\u0103 de unghii 13 cm - SHOPATOA.COM","og_description":"Zwilling Premium Gold, 13 cm, tratament unghii pentru femei, Unghiile \u00eengrijite sunt cartea dvs. de vizit\u0103 \u2013 prezenta\u021bi-v\u0103 \u00eentr-o lumin\u0103 bun\u0103. Pila Zwilling Premium Gold v\u0103 va permite s\u0103 le modela\u021bi cu precizie \u00een confortul de acas\u0103 \u0219i s\u0103 face\u021bi mici ajust\u0103ri, pentru un aspect ca la salon. Unghiile dvs. vor ar\u0103ta \u00eentotdeauna \u00eengrijite, aranjate...","og_url":"https:\/\/shopatoa.com\/ro\/zwilling-premium-gold-pila-de-unghii-13-cm\/","og_site_name":"SHOPATOA","article_modified_time":"2025-12-08T16:03:11+00:00","og_image":[{"width":800,"height":800,"url":"https:\/\/storage.googleapis.com\/cz-shopatoa-img\/ro\/b00f49a5-unnamed-file.webp","type":"image\/webp"}],"twitter_card":"summary_large_image","schema":{"@context":"https:\/\/schema.org","@graph":[{"@type":"WebPage","@id":"https:\/\/shopatoa.com\/ro\/zwilling-premium-gold-pila-de-unghii-13-cm\/","url":"https:\/\/shopatoa.com\/ro\/zwilling-premium-gold-pila-de-unghii-13-cm\/","name":"Zwilling Premium Gold pil\u0103 de unghii 13 cm - SHOPATOA.COM","isPartOf":{"@id":"https:\/\/shopatoa.com\/ro\/#website"},"primaryImageOfPage":{"@id":"https:\/\/shopatoa.com\/ro\/zwilling-premium-gold-pila-de-unghii-13-cm\/#primaryimage"},"image":{"@id":"https:\/\/shopatoa.com\/ro\/zwilling-premium-gold-pila-de-unghii-13-cm\/#primaryimage"},"thumbnailUrl":"https:\/\/storage.googleapis.com\/cz-shopatoa-img\/ro\/b00f49a5-unnamed-file.webp","datePublished":"2025-06-18T02:52:36+00:00","dateModified":"2025-12-08T16:03:11+00:00","breadcrumb":{"@id":"https:\/\/shopatoa.com\/ro\/zwilling-premium-gold-pila-de-unghii-13-cm\/#breadcrumb"},"inLanguage":"ro-RO","potentialAction":[{"@type":"ReadAction","target":["https:\/\/shopatoa.com\/ro\/zwilling-premium-gold-pila-de-unghii-13-cm\/"]}]},{"@type":"ImageObject","inLanguage":"ro-RO","@id":"https:\/\/shopatoa.com\/ro\/zwilling-premium-gold-pila-de-unghii-13-cm\/#primaryimage","url":"https:\/\/storage.googleapis.com\/cz-shopatoa-img\/ro\/b00f49a5-unnamed-file.webp","contentUrl":"https:\/\/storage.googleapis.com\/cz-shopatoa-img\/ro\/b00f49a5-unnamed-file.webp","width":800,"height":800},{"@type":"BreadcrumbList","@id":"https:\/\/shopatoa.com\/ro\/zwilling-premium-gold-pila-de-unghii-13-cm\/#breadcrumb","itemListElement":[{"@type":"ListItem","position":1,"name":"Dom\u016f","item":"https:\/\/shopatoa.com\/ro\/"},{"@type":"ListItem","position":2,"name":"Shop","item":"https:\/\/shopatoa.com\/ro\/shop\/"},{"@type":"ListItem","position":3,"name":"S\u0103n\u0103tate \u0219i frumuse\u021be","item":"https:\/\/shopatoa.com\/ro\/sanatate-si-frumusete\/"},{"@type":"ListItem","position":4,"name":"\u00cengrijire personal\u0103","item":"https:\/\/shopatoa.com\/ro\/ingrijire-personala\/"},{"@type":"ListItem","position":5,"name":"Cosmetice","item":"https:\/\/shopatoa.com\/ro\/cosmetice-ingrijire-personala\/"},{"@type":"ListItem","position":6,"name":"\u00cengrijirea unghiilor","item":"https:\/\/shopatoa.com\/ro\/ingrijirea-unghiilor\/"},{"@type":"ListItem","position":7,"name":"Zwilling Premium Gold pil\u0103 de unghii 13 cm"}]},{"@type":"WebSite","@id":"https:\/\/shopatoa.com\/ro\/#website","url":"https:\/\/shopatoa.com\/ro\/","name":"SHOPATOA","description":"","publisher":{"@id":"https:\/\/shopatoa.com\/ro\/#organization"},"potentialAction":[{"@type":"SearchAction","target":{"@type":"EntryPoint","urlTemplate":"https:\/\/shopatoa.com\/ro\/?s={search_term_string}"},"query-input":{"@type":"PropertyValueSpecification","valueRequired":true,"valueName":"search_term_string"}}],"inLanguage":"ro-RO"},{"@type":"Organization","@id":"https:\/\/shopatoa.com\/ro\/#organization","name":"SHOPATOA","url":"https:\/\/shopatoa.com\/ro\/","logo":{"@type":"ImageObject","inLanguage":"ro-RO","@id":"https:\/\/shopatoa.com\/ro\/#\/schema\/logo\/image\/","url":"https:\/\/storage.googleapis.com\/cz-shopatoa-img\/ro\/b4dac915-shopatoa_logo.png","contentUrl":"https:\/\/storage.googleapis.com\/cz-shopatoa-img\/ro\/b4dac915-shopatoa_logo.png","width":416,"height":63,"caption":"SHOPATOA"},"image":{"@id":"https:\/\/shopatoa.com\/ro\/#\/schema\/logo\/image\/"}}]}},"_links":{"self":[{"href":"https:\/\/shopatoa.com\/ro\/wp-json\/wp\/v2\/product\/405509","targetHints":{"allow":["GET"]}}],"collection":[{"href":"https:\/\/shopatoa.com\/ro\/wp-json\/wp\/v2\/product"}],"about":[{"href":"https:\/\/shopatoa.com\/ro\/wp-json\/wp\/v2\/types\/product"}],"replies":[{"embeddable":true,"href":"https:\/\/shopatoa.com\/ro\/wp-json\/wp\/v2\/comments?post=405509"}],"wp:featuredmedia":[{"embeddable":true,"href":"https:\/\/shopatoa.com\/ro\/wp-json\/wp\/v2\/media\/407746"}],"wp:attachment":[{"href":"https:\/\/shopatoa.com\/ro\/wp-json\/wp\/v2\/media?parent=405509"}],"wp:term":[{"taxonomy":"product_brand","embeddable":true,"href":"https:\/\/shopatoa.com\/ro\/wp-json\/wp\/v2\/product_brand?post=405509"},{"taxonomy":"product_cat","embeddable":true,"href":"https:\/\/shopatoa.com\/ro\/wp-json\/wp\/v2\/product_cat?post=405509"},{"taxonomy":"product_tag","embeddable":true,"href":"https:\/\/shopatoa.com\/ro\/wp-json\/wp\/v2\/product_tag?post=405509"}],"curies":[{"name":"wp","href":"https:\/\/api.w.org\/{rel}","templated":true}]}}