{"id":406162,"date":"2025-06-18T06:45:30","date_gmt":"2025-06-18T04:45:30","guid":{"rendered":"https:\/\/shopatoa.com\/ro\/gosh-defining-brow-gel-gel-pentru-sprancene-culoare-001-transparent-8-ml\/"},"modified":"2025-12-15T11:02:42","modified_gmt":"2025-12-15T10:02:42","slug":"gosh-defining-brow-gel-gel-pentru-sprancene-culoare-001-transparent-8-ml","status":"publish","type":"product","link":"https:\/\/shopatoa.com\/ro\/gosh-defining-brow-gel-gel-pentru-sprancene-culoare-001-transparent-8-ml\/","title":{"rendered":"Gosh Defining Brow Gel gel pentru sprancene culoare 001 Transparent 8 ml"},"content":{"rendered":"<p>Gosh Defining Brow Gel, 8 ml, Rimeluri \u0219i geluri pentru spr\u00e2ncene pentru femei, Merit\u0103 s\u0103 ave\u021bi grij\u0103 de genele dvs. \u2013 acestea pot accentua perfect aspectul \u0219i v\u0103 pot eviden\u021bia frumuse\u021bea ochilor. Produsul GoshDefining Brow Gel v\u0103 va ajuta s\u0103 v\u0103 \u00eengriji\u021bi genele, oferindu-le un aspect perfect \u0219i contribuind la accentuarea privirii dvs. \u0219i a atuurilor \u00eentregii fe\u021be.  Caracteristici:  ajut\u0103 la modelarea, la definirea \u0219i la fixarea spr\u00e2ncenelor transparen\u021b\u0103 ridicat\u0103 \u2013 invizibil la ochi eviden\u021biaz\u0103 culoarea natural\u0103 a spr\u00e2ncenelor ajut\u0103 la fixarea simpl\u0103 \u0219i precis\u0103 a genelor false impresie natural\u0103  Cum se utilizeaz\u0103: Folosind peria, se piept\u0103n\u0103 linia natural\u0103 a genelor \u0219i a spr\u00e2ncenelor. Produsul se poate utiliza singur sau peste fond de ten.<\/p>\n","protected":false},"excerpt":{"rendered":"<p>Gosh Defining Brow Gel, 8 ml, Rimeluri \u0219i geluri pentru spr\u00e2ncene pentru femei, Merit\u0103 s\u0103 ave\u021bi grij\u0103 de genele dvs. \u2013 acestea pot accentua perfect aspectul \u0219i v\u0103 pot eviden\u021bia frumuse\u021bea ochilor. Produsul GoshDefining Brow Gel v\u0103 va ajuta s\u0103 v\u0103 \u00eengriji\u021bi genele, oferindu-le un aspect perfect \u0219i contribuind la accentuarea privirii dvs. \u0219i a&#8230;<\/p>\n","protected":false},"featured_media":408377,"comment_status":"closed","ping_status":"open","template":"","meta":{"_acf_changed":false,"_kadence_starter_templates_imported_post":false,"_kad_post_transparent":"","_kad_post_title":"","_kad_post_layout":"","_kad_post_sidebar_id":"","_kad_post_content_style":"","_kad_post_vertical_padding":"","_kad_post_feature":"","_kad_post_feature_position":"","_kad_post_header":false,"_kad_post_footer":false,"_kad_post_classname":""},"product_brand":[2465],"product_cat":[1564,1563,1664,1576,1599,1562],"product_tag":[],"class_list":{"0":"post-406162","1":"product","2":"type-product","3":"status-publish","4":"has-post-thumbnail","6":"product_brand-gosh","7":"product_cat-cosmetice-ingrijire-personala","8":"product_cat-ingrijire-personala","9":"product_cat-intaritori-pentru-sprancene","10":"product_cat-machiaj","11":"product_cat-machiaj-pentru-ochi-machiaj","12":"product_cat-sanatate-si-frumusete","13":"pa_gen-female","14":"pa_marime-8-ml","16":"first","17":"instock","18":"sale","19":"product-type-external","20":"entry","21":"content-bg","22":"loop-entry"},"acf":[],"yoast_head":"<!-- This site is optimized with the Yoast SEO plugin v27.3 - https:\/\/yoast.com\/product\/yoast-seo-wordpress\/ -->\n<title>Gosh Defining Brow Gel gel pentru sprancene culoare 001 Transparent 8 ml - SHOPATOA.COM<\/title>\n<meta name=\"robots\" content=\"index, follow, max-snippet:-1, max-image-preview:large, max-video-preview:-1\" \/>\n<link rel=\"canonical\" href=\"https:\/\/shopatoa.com\/ro\/gosh-defining-brow-gel-gel-pentru-sprancene-culoare-001-transparent-8-ml\/\" \/>\n<meta property=\"og:locale\" content=\"ro_RO\" \/>\n<meta property=\"og:type\" content=\"article\" \/>\n<meta property=\"og:title\" content=\"Gosh Defining Brow Gel gel pentru sprancene culoare 001 Transparent 8 ml - SHOPATOA.COM\" \/>\n<meta property=\"og:description\" content=\"Gosh Defining Brow Gel, 8 ml, Rimeluri \u0219i geluri pentru spr\u00e2ncene pentru femei, Merit\u0103 s\u0103 ave\u021bi grij\u0103 de genele dvs. \u2013 acestea pot accentua perfect aspectul \u0219i v\u0103 pot eviden\u021bia frumuse\u021bea ochilor. Produsul GoshDefining Brow Gel v\u0103 va ajuta s\u0103 v\u0103 \u00eengriji\u021bi genele, oferindu-le un aspect perfect \u0219i contribuind la accentuarea privirii dvs. \u0219i a...\" \/>\n<meta property=\"og:url\" content=\"https:\/\/shopatoa.com\/ro\/gosh-defining-brow-gel-gel-pentru-sprancene-culoare-001-transparent-8-ml\/\" \/>\n<meta property=\"og:site_name\" content=\"SHOPATOA\" \/>\n<meta property=\"article:modified_time\" content=\"2025-12-15T10:02:42+00:00\" \/>\n<meta property=\"og:image\" content=\"https:\/\/storage.googleapis.com\/cz-shopatoa-img\/ro\/5e006c2f-unnamed-file.webp\" \/>\n\t<meta property=\"og:image:width\" content=\"800\" \/>\n\t<meta property=\"og:image:height\" content=\"800\" \/>\n\t<meta property=\"og:image:type\" content=\"image\/webp\" \/>\n<meta name=\"twitter:card\" content=\"summary_large_image\" \/>\n<meta name=\"twitter:label1\" content=\"Timp estimat pentru citire\" \/>\n\t<meta name=\"twitter:data1\" content=\"1 minut\" \/>\n<script type=\"application\/ld+json\" class=\"yoast-schema-graph\">{\"@context\":\"https:\\\/\\\/schema.org\",\"@graph\":[{\"@type\":\"WebPage\",\"@id\":\"https:\\\/\\\/shopatoa.com\\\/ro\\\/gosh-defining-brow-gel-gel-pentru-sprancene-culoare-001-transparent-8-ml\\\/\",\"url\":\"https:\\\/\\\/shopatoa.com\\\/ro\\\/gosh-defining-brow-gel-gel-pentru-sprancene-culoare-001-transparent-8-ml\\\/\",\"name\":\"Gosh Defining Brow Gel gel pentru sprancene culoare 001 Transparent 8 ml - SHOPATOA.COM\",\"isPartOf\":{\"@id\":\"https:\\\/\\\/shopatoa.com\\\/ro\\\/#website\"},\"primaryImageOfPage\":{\"@id\":\"https:\\\/\\\/shopatoa.com\\\/ro\\\/gosh-defining-brow-gel-gel-pentru-sprancene-culoare-001-transparent-8-ml\\\/#primaryimage\"},\"image\":{\"@id\":\"https:\\\/\\\/shopatoa.com\\\/ro\\\/gosh-defining-brow-gel-gel-pentru-sprancene-culoare-001-transparent-8-ml\\\/#primaryimage\"},\"thumbnailUrl\":\"https:\\\/\\\/storage.googleapis.com\\\/cz-shopatoa-img\\\/ro\\\/5e006c2f-unnamed-file.webp\",\"datePublished\":\"2025-06-18T04:45:30+00:00\",\"dateModified\":\"2025-12-15T10:02:42+00:00\",\"breadcrumb\":{\"@id\":\"https:\\\/\\\/shopatoa.com\\\/ro\\\/gosh-defining-brow-gel-gel-pentru-sprancene-culoare-001-transparent-8-ml\\\/#breadcrumb\"},\"inLanguage\":\"ro-RO\",\"potentialAction\":[{\"@type\":\"ReadAction\",\"target\":[\"https:\\\/\\\/shopatoa.com\\\/ro\\\/gosh-defining-brow-gel-gel-pentru-sprancene-culoare-001-transparent-8-ml\\\/\"]}]},{\"@type\":\"ImageObject\",\"inLanguage\":\"ro-RO\",\"@id\":\"https:\\\/\\\/shopatoa.com\\\/ro\\\/gosh-defining-brow-gel-gel-pentru-sprancene-culoare-001-transparent-8-ml\\\/#primaryimage\",\"url\":\"https:\\\/\\\/storage.googleapis.com\\\/cz-shopatoa-img\\\/ro\\\/5e006c2f-unnamed-file.webp\",\"contentUrl\":\"https:\\\/\\\/storage.googleapis.com\\\/cz-shopatoa-img\\\/ro\\\/5e006c2f-unnamed-file.webp\",\"width\":800,\"height\":800},{\"@type\":\"BreadcrumbList\",\"@id\":\"https:\\\/\\\/shopatoa.com\\\/ro\\\/gosh-defining-brow-gel-gel-pentru-sprancene-culoare-001-transparent-8-ml\\\/#breadcrumb\",\"itemListElement\":[{\"@type\":\"ListItem\",\"position\":1,\"name\":\"Dom\u016f\",\"item\":\"https:\\\/\\\/shopatoa.com\\\/ro\\\/\"},{\"@type\":\"ListItem\",\"position\":2,\"name\":\"Shop\",\"item\":\"https:\\\/\\\/shopatoa.com\\\/ro\\\/shop\\\/\"},{\"@type\":\"ListItem\",\"position\":3,\"name\":\"S\u0103n\u0103tate \u0219i frumuse\u021be\",\"item\":\"https:\\\/\\\/shopatoa.com\\\/ro\\\/sanatate-si-frumusete\\\/\"},{\"@type\":\"ListItem\",\"position\":4,\"name\":\"\u00cengrijire personal\u0103\",\"item\":\"https:\\\/\\\/shopatoa.com\\\/ro\\\/ingrijire-personala\\\/\"},{\"@type\":\"ListItem\",\"position\":5,\"name\":\"Cosmetice\",\"item\":\"https:\\\/\\\/shopatoa.com\\\/ro\\\/cosmetice-ingrijire-personala\\\/\"},{\"@type\":\"ListItem\",\"position\":6,\"name\":\"Machiaj\",\"item\":\"https:\\\/\\\/shopatoa.com\\\/ro\\\/machiaj\\\/\"},{\"@type\":\"ListItem\",\"position\":7,\"name\":\"Machiaj pentru ochi\",\"item\":\"https:\\\/\\\/shopatoa.com\\\/ro\\\/machiaj-pentru-ochi-machiaj\\\/\"},{\"@type\":\"ListItem\",\"position\":8,\"name\":\"\u00cent\u0103ritori pentru spr\u00e2ncene\",\"item\":\"https:\\\/\\\/shopatoa.com\\\/ro\\\/intaritori-pentru-sprancene\\\/\"},{\"@type\":\"ListItem\",\"position\":9,\"name\":\"Gosh Defining Brow Gel gel pentru sprancene culoare 001 Transparent 8 ml\"}]},{\"@type\":\"WebSite\",\"@id\":\"https:\\\/\\\/shopatoa.com\\\/ro\\\/#website\",\"url\":\"https:\\\/\\\/shopatoa.com\\\/ro\\\/\",\"name\":\"SHOPATOA\",\"description\":\"\",\"publisher\":{\"@id\":\"https:\\\/\\\/shopatoa.com\\\/ro\\\/#organization\"},\"potentialAction\":[{\"@type\":\"SearchAction\",\"target\":{\"@type\":\"EntryPoint\",\"urlTemplate\":\"https:\\\/\\\/shopatoa.com\\\/ro\\\/?s={search_term_string}\"},\"query-input\":{\"@type\":\"PropertyValueSpecification\",\"valueRequired\":true,\"valueName\":\"search_term_string\"}}],\"inLanguage\":\"ro-RO\"},{\"@type\":\"Organization\",\"@id\":\"https:\\\/\\\/shopatoa.com\\\/ro\\\/#organization\",\"name\":\"SHOPATOA\",\"url\":\"https:\\\/\\\/shopatoa.com\\\/ro\\\/\",\"logo\":{\"@type\":\"ImageObject\",\"inLanguage\":\"ro-RO\",\"@id\":\"https:\\\/\\\/shopatoa.com\\\/ro\\\/#\\\/schema\\\/logo\\\/image\\\/\",\"url\":\"https:\\\/\\\/storage.googleapis.com\\\/cz-shopatoa-img\\\/ro\\\/b4dac915-shopatoa_logo.png\",\"contentUrl\":\"https:\\\/\\\/storage.googleapis.com\\\/cz-shopatoa-img\\\/ro\\\/b4dac915-shopatoa_logo.png\",\"width\":416,\"height\":63,\"caption\":\"SHOPATOA\"},\"image\":{\"@id\":\"https:\\\/\\\/shopatoa.com\\\/ro\\\/#\\\/schema\\\/logo\\\/image\\\/\"}}]}<\/script>\n<!-- \/ Yoast SEO plugin. -->","yoast_head_json":{"title":"Gosh Defining Brow Gel gel pentru sprancene culoare 001 Transparent 8 ml - SHOPATOA.COM","robots":{"index":"index","follow":"follow","max-snippet":"max-snippet:-1","max-image-preview":"max-image-preview:large","max-video-preview":"max-video-preview:-1"},"canonical":"https:\/\/shopatoa.com\/ro\/gosh-defining-brow-gel-gel-pentru-sprancene-culoare-001-transparent-8-ml\/","og_locale":"ro_RO","og_type":"article","og_title":"Gosh Defining Brow Gel gel pentru sprancene culoare 001 Transparent 8 ml - SHOPATOA.COM","og_description":"Gosh Defining Brow Gel, 8 ml, Rimeluri \u0219i geluri pentru spr\u00e2ncene pentru femei, Merit\u0103 s\u0103 ave\u021bi grij\u0103 de genele dvs. \u2013 acestea pot accentua perfect aspectul \u0219i v\u0103 pot eviden\u021bia frumuse\u021bea ochilor. Produsul GoshDefining Brow Gel v\u0103 va ajuta s\u0103 v\u0103 \u00eengriji\u021bi genele, oferindu-le un aspect perfect \u0219i contribuind la accentuarea privirii dvs. \u0219i a...","og_url":"https:\/\/shopatoa.com\/ro\/gosh-defining-brow-gel-gel-pentru-sprancene-culoare-001-transparent-8-ml\/","og_site_name":"SHOPATOA","article_modified_time":"2025-12-15T10:02:42+00:00","og_image":[{"width":800,"height":800,"url":"https:\/\/storage.googleapis.com\/cz-shopatoa-img\/ro\/5e006c2f-unnamed-file.webp","type":"image\/webp"}],"twitter_card":"summary_large_image","twitter_misc":{"Timp estimat pentru citire":"1 minut"},"schema":{"@context":"https:\/\/schema.org","@graph":[{"@type":"WebPage","@id":"https:\/\/shopatoa.com\/ro\/gosh-defining-brow-gel-gel-pentru-sprancene-culoare-001-transparent-8-ml\/","url":"https:\/\/shopatoa.com\/ro\/gosh-defining-brow-gel-gel-pentru-sprancene-culoare-001-transparent-8-ml\/","name":"Gosh Defining Brow Gel gel pentru sprancene culoare 001 Transparent 8 ml - SHOPATOA.COM","isPartOf":{"@id":"https:\/\/shopatoa.com\/ro\/#website"},"primaryImageOfPage":{"@id":"https:\/\/shopatoa.com\/ro\/gosh-defining-brow-gel-gel-pentru-sprancene-culoare-001-transparent-8-ml\/#primaryimage"},"image":{"@id":"https:\/\/shopatoa.com\/ro\/gosh-defining-brow-gel-gel-pentru-sprancene-culoare-001-transparent-8-ml\/#primaryimage"},"thumbnailUrl":"https:\/\/storage.googleapis.com\/cz-shopatoa-img\/ro\/5e006c2f-unnamed-file.webp","datePublished":"2025-06-18T04:45:30+00:00","dateModified":"2025-12-15T10:02:42+00:00","breadcrumb":{"@id":"https:\/\/shopatoa.com\/ro\/gosh-defining-brow-gel-gel-pentru-sprancene-culoare-001-transparent-8-ml\/#breadcrumb"},"inLanguage":"ro-RO","potentialAction":[{"@type":"ReadAction","target":["https:\/\/shopatoa.com\/ro\/gosh-defining-brow-gel-gel-pentru-sprancene-culoare-001-transparent-8-ml\/"]}]},{"@type":"ImageObject","inLanguage":"ro-RO","@id":"https:\/\/shopatoa.com\/ro\/gosh-defining-brow-gel-gel-pentru-sprancene-culoare-001-transparent-8-ml\/#primaryimage","url":"https:\/\/storage.googleapis.com\/cz-shopatoa-img\/ro\/5e006c2f-unnamed-file.webp","contentUrl":"https:\/\/storage.googleapis.com\/cz-shopatoa-img\/ro\/5e006c2f-unnamed-file.webp","width":800,"height":800},{"@type":"BreadcrumbList","@id":"https:\/\/shopatoa.com\/ro\/gosh-defining-brow-gel-gel-pentru-sprancene-culoare-001-transparent-8-ml\/#breadcrumb","itemListElement":[{"@type":"ListItem","position":1,"name":"Dom\u016f","item":"https:\/\/shopatoa.com\/ro\/"},{"@type":"ListItem","position":2,"name":"Shop","item":"https:\/\/shopatoa.com\/ro\/shop\/"},{"@type":"ListItem","position":3,"name":"S\u0103n\u0103tate \u0219i frumuse\u021be","item":"https:\/\/shopatoa.com\/ro\/sanatate-si-frumusete\/"},{"@type":"ListItem","position":4,"name":"\u00cengrijire personal\u0103","item":"https:\/\/shopatoa.com\/ro\/ingrijire-personala\/"},{"@type":"ListItem","position":5,"name":"Cosmetice","item":"https:\/\/shopatoa.com\/ro\/cosmetice-ingrijire-personala\/"},{"@type":"ListItem","position":6,"name":"Machiaj","item":"https:\/\/shopatoa.com\/ro\/machiaj\/"},{"@type":"ListItem","position":7,"name":"Machiaj pentru ochi","item":"https:\/\/shopatoa.com\/ro\/machiaj-pentru-ochi-machiaj\/"},{"@type":"ListItem","position":8,"name":"\u00cent\u0103ritori pentru spr\u00e2ncene","item":"https:\/\/shopatoa.com\/ro\/intaritori-pentru-sprancene\/"},{"@type":"ListItem","position":9,"name":"Gosh Defining Brow Gel gel pentru sprancene culoare 001 Transparent 8 ml"}]},{"@type":"WebSite","@id":"https:\/\/shopatoa.com\/ro\/#website","url":"https:\/\/shopatoa.com\/ro\/","name":"SHOPATOA","description":"","publisher":{"@id":"https:\/\/shopatoa.com\/ro\/#organization"},"potentialAction":[{"@type":"SearchAction","target":{"@type":"EntryPoint","urlTemplate":"https:\/\/shopatoa.com\/ro\/?s={search_term_string}"},"query-input":{"@type":"PropertyValueSpecification","valueRequired":true,"valueName":"search_term_string"}}],"inLanguage":"ro-RO"},{"@type":"Organization","@id":"https:\/\/shopatoa.com\/ro\/#organization","name":"SHOPATOA","url":"https:\/\/shopatoa.com\/ro\/","logo":{"@type":"ImageObject","inLanguage":"ro-RO","@id":"https:\/\/shopatoa.com\/ro\/#\/schema\/logo\/image\/","url":"https:\/\/storage.googleapis.com\/cz-shopatoa-img\/ro\/b4dac915-shopatoa_logo.png","contentUrl":"https:\/\/storage.googleapis.com\/cz-shopatoa-img\/ro\/b4dac915-shopatoa_logo.png","width":416,"height":63,"caption":"SHOPATOA"},"image":{"@id":"https:\/\/shopatoa.com\/ro\/#\/schema\/logo\/image\/"}}]}},"_links":{"self":[{"href":"https:\/\/shopatoa.com\/ro\/wp-json\/wp\/v2\/product\/406162","targetHints":{"allow":["GET"]}}],"collection":[{"href":"https:\/\/shopatoa.com\/ro\/wp-json\/wp\/v2\/product"}],"about":[{"href":"https:\/\/shopatoa.com\/ro\/wp-json\/wp\/v2\/types\/product"}],"replies":[{"embeddable":true,"href":"https:\/\/shopatoa.com\/ro\/wp-json\/wp\/v2\/comments?post=406162"}],"wp:featuredmedia":[{"embeddable":true,"href":"https:\/\/shopatoa.com\/ro\/wp-json\/wp\/v2\/media\/408377"}],"wp:attachment":[{"href":"https:\/\/shopatoa.com\/ro\/wp-json\/wp\/v2\/media?parent=406162"}],"wp:term":[{"taxonomy":"product_brand","embeddable":true,"href":"https:\/\/shopatoa.com\/ro\/wp-json\/wp\/v2\/product_brand?post=406162"},{"taxonomy":"product_cat","embeddable":true,"href":"https:\/\/shopatoa.com\/ro\/wp-json\/wp\/v2\/product_cat?post=406162"},{"taxonomy":"product_tag","embeddable":true,"href":"https:\/\/shopatoa.com\/ro\/wp-json\/wp\/v2\/product_tag?post=406162"}],"curies":[{"name":"wp","href":"https:\/\/api.w.org\/{rel}","templated":true}]}}