{"id":408943,"date":"2025-06-19T22:52:08","date_gmt":"2025-06-19T20:52:08","guid":{"rendered":"https:\/\/shopatoa.com\/ro\/zoeva-velvet-love-duo-sharpener-ascutitoare-dubla-pentru-creion-de-ochi-1-buc\/"},"modified":"2025-12-09T18:35:52","modified_gmt":"2025-12-09T17:35:52","slug":"zoeva-velvet-love-duo-sharpener-ascutitoare-dubla-pentru-creion-de-ochi-1-buc","status":"publish","type":"product","link":"https:\/\/shopatoa.com\/ro\/zoeva-velvet-love-duo-sharpener-ascutitoare-dubla-pentru-creion-de-ochi-1-buc\/","title":{"rendered":"ZOEVA Velvet Love Duo Sharpener ascutitoare dubla pentru creion de ochi 1 buc"},"content":{"rendered":"<p>ZOEVA Velvet Love Duo Sharpener, 1 buc, Ascutitoare pentru femei, Un creion cosmetic perfect ascu\u021bit este cheia succesului \u0219i a machiajului de precizie, indiferent dac\u0103 trasa\u021bi linii de ochi, v\u0103 contura\u021bi buzele sau v\u0103 finisa\u021bi spr\u00e2ncenele. Ascu\u021bitoarea ZOEVA Velvet Love Duo Sharpener transform\u0103 \u00een c\u00e2teva clipe v\u00e2rful bont al creionului \u00eentr-unul ascu\u021bit, care s\u0103 asigure un machiaj precis \u0219i perfect. Uita\u021bi de v\u00e2rfurile tocite \u0219i de \u00eencerc\u0103rile de\u0219arte de a crea cu ele machiaje sofisticate \u0219i duce\u021bi rezultatele ob\u021binute cu produsele dvs. preferate de machiaj la un nou nivel, datorit\u0103 ascu\u021birii perfecte.  Caracteristici:  ascute u\u0219or \u0219i rapid v\u00e2rful bont al creionului din lemn are o lam\u0103 foarte ascu\u021bit\u0103 gaur\u0103 dubl\u0103 &#8211; pentru creioane clasice \u0219i groase  Cum se utilizeaz\u0103: Ascu\u021bitoarea este destinat\u0103 exclusiv ascu\u021birii accesoriilor cosmetice. Se introduce creionul \u00een gaura ascu\u021bitorii \u0219i se r\u0103suce\u0219te \u00eentr-un singur sens, p\u00e2n\u0103 la ascu\u021birea dorit\u0103. Dup\u0103 scoaterea creionului, se \u00eendep\u0103rteaz\u0103 de\u0219eurile din ascu\u021bitoare.<\/p>\n","protected":false},"excerpt":{"rendered":"<p>ZOEVA Velvet Love Duo Sharpener, 1 buc, Ascutitoare pentru femei, Un creion cosmetic perfect ascu\u021bit este cheia succesului \u0219i a machiajului de precizie, indiferent dac\u0103 trasa\u021bi linii de ochi, v\u0103 contura\u021bi buzele sau v\u0103 finisa\u021bi spr\u00e2ncenele. Ascu\u021bitoarea ZOEVA Velvet Love Duo Sharpener transform\u0103 \u00een c\u00e2teva clipe v\u00e2rful bont al creionului \u00eentr-unul ascu\u021bit, care s\u0103 asigure&#8230;<\/p>\n","protected":false},"featured_media":408944,"comment_status":"closed","ping_status":"open","template":"","meta":{"_acf_changed":false,"_kadence_starter_templates_imported_post":false,"_kad_post_transparent":"","_kad_post_title":"","_kad_post_layout":"","_kad_post_sidebar_id":"","_kad_post_content_style":"","_kad_post_vertical_padding":"","_kad_post_feature":"","_kad_post_feature_position":"","_kad_post_header":false,"_kad_post_footer":false,"_kad_post_classname":""},"product_brand":[2147],"product_cat":[3217,3230,1564,1563,1576,1562],"product_tag":[],"class_list":{"0":"post-408943","1":"product","2":"type-product","3":"status-publish","4":"has-post-thumbnail","6":"product_brand-zoeva","7":"product_cat-accesorii","8":"product_cat-ascutitoare","9":"product_cat-cosmetice-ingrijire-personala","10":"product_cat-ingrijire-personala","11":"product_cat-machiaj","12":"product_cat-sanatate-si-frumusete","13":"pa_gen-female","14":"pa_marime-1-buc","16":"first","17":"instock","18":"sale","19":"product-type-external","20":"entry","21":"content-bg","22":"loop-entry"},"acf":[],"yoast_head":"<!-- This site is optimized with the Yoast SEO plugin v27.4 - https:\/\/yoast.com\/product\/yoast-seo-wordpress\/ -->\n<title>ZOEVA Velvet Love Duo Sharpener ascutitoare dubla pentru creion de ochi 1 buc - SHOPATOA.COM<\/title>\n<meta name=\"robots\" content=\"index, follow, max-snippet:-1, max-image-preview:large, max-video-preview:-1\" \/>\n<link rel=\"canonical\" href=\"https:\/\/shopatoa.com\/ro\/zoeva-velvet-love-duo-sharpener-ascutitoare-dubla-pentru-creion-de-ochi-1-buc\/\" \/>\n<meta property=\"og:locale\" content=\"ro_RO\" \/>\n<meta property=\"og:type\" content=\"article\" \/>\n<meta property=\"og:title\" content=\"ZOEVA Velvet Love Duo Sharpener ascutitoare dubla pentru creion de ochi 1 buc - SHOPATOA.COM\" \/>\n<meta property=\"og:description\" content=\"ZOEVA Velvet Love Duo Sharpener, 1 buc, Ascutitoare pentru femei, Un creion cosmetic perfect ascu\u021bit este cheia succesului \u0219i a machiajului de precizie, indiferent dac\u0103 trasa\u021bi linii de ochi, v\u0103 contura\u021bi buzele sau v\u0103 finisa\u021bi spr\u00e2ncenele. Ascu\u021bitoarea ZOEVA Velvet Love Duo Sharpener transform\u0103 \u00een c\u00e2teva clipe v\u00e2rful bont al creionului \u00eentr-unul ascu\u021bit, care s\u0103 asigure...\" \/>\n<meta property=\"og:url\" content=\"https:\/\/shopatoa.com\/ro\/zoeva-velvet-love-duo-sharpener-ascutitoare-dubla-pentru-creion-de-ochi-1-buc\/\" \/>\n<meta property=\"og:site_name\" content=\"SHOPATOA\" \/>\n<meta property=\"article:modified_time\" content=\"2025-12-09T17:35:52+00:00\" \/>\n<meta property=\"og:image\" content=\"https:\/\/storage.googleapis.com\/cz-shopatoa-img\/ro\/b95e7388-unnamed-file.webp\" \/>\n\t<meta property=\"og:image:width\" content=\"800\" \/>\n\t<meta property=\"og:image:height\" content=\"800\" \/>\n\t<meta property=\"og:image:type\" content=\"image\/webp\" \/>\n<meta name=\"twitter:card\" content=\"summary_large_image\" \/>\n<meta name=\"twitter:label1\" content=\"Timp estimat pentru citire\" \/>\n\t<meta name=\"twitter:data1\" content=\"1 minut\" \/>\n<script type=\"application\/ld+json\" class=\"yoast-schema-graph\">{\"@context\":\"https:\\\/\\\/schema.org\",\"@graph\":[{\"@type\":\"WebPage\",\"@id\":\"https:\\\/\\\/shopatoa.com\\\/ro\\\/zoeva-velvet-love-duo-sharpener-ascutitoare-dubla-pentru-creion-de-ochi-1-buc\\\/\",\"url\":\"https:\\\/\\\/shopatoa.com\\\/ro\\\/zoeva-velvet-love-duo-sharpener-ascutitoare-dubla-pentru-creion-de-ochi-1-buc\\\/\",\"name\":\"ZOEVA Velvet Love Duo Sharpener ascutitoare dubla pentru creion de ochi 1 buc - SHOPATOA.COM\",\"isPartOf\":{\"@id\":\"https:\\\/\\\/shopatoa.com\\\/ro\\\/#website\"},\"primaryImageOfPage\":{\"@id\":\"https:\\\/\\\/shopatoa.com\\\/ro\\\/zoeva-velvet-love-duo-sharpener-ascutitoare-dubla-pentru-creion-de-ochi-1-buc\\\/#primaryimage\"},\"image\":{\"@id\":\"https:\\\/\\\/shopatoa.com\\\/ro\\\/zoeva-velvet-love-duo-sharpener-ascutitoare-dubla-pentru-creion-de-ochi-1-buc\\\/#primaryimage\"},\"thumbnailUrl\":\"https:\\\/\\\/storage.googleapis.com\\\/cz-shopatoa-img\\\/ro\\\/b95e7388-unnamed-file.webp\",\"datePublished\":\"2025-06-19T20:52:08+00:00\",\"dateModified\":\"2025-12-09T17:35:52+00:00\",\"breadcrumb\":{\"@id\":\"https:\\\/\\\/shopatoa.com\\\/ro\\\/zoeva-velvet-love-duo-sharpener-ascutitoare-dubla-pentru-creion-de-ochi-1-buc\\\/#breadcrumb\"},\"inLanguage\":\"ro-RO\",\"potentialAction\":[{\"@type\":\"ReadAction\",\"target\":[\"https:\\\/\\\/shopatoa.com\\\/ro\\\/zoeva-velvet-love-duo-sharpener-ascutitoare-dubla-pentru-creion-de-ochi-1-buc\\\/\"]}]},{\"@type\":\"ImageObject\",\"inLanguage\":\"ro-RO\",\"@id\":\"https:\\\/\\\/shopatoa.com\\\/ro\\\/zoeva-velvet-love-duo-sharpener-ascutitoare-dubla-pentru-creion-de-ochi-1-buc\\\/#primaryimage\",\"url\":\"https:\\\/\\\/storage.googleapis.com\\\/cz-shopatoa-img\\\/ro\\\/b95e7388-unnamed-file.webp\",\"contentUrl\":\"https:\\\/\\\/storage.googleapis.com\\\/cz-shopatoa-img\\\/ro\\\/b95e7388-unnamed-file.webp\",\"width\":800,\"height\":800},{\"@type\":\"BreadcrumbList\",\"@id\":\"https:\\\/\\\/shopatoa.com\\\/ro\\\/zoeva-velvet-love-duo-sharpener-ascutitoare-dubla-pentru-creion-de-ochi-1-buc\\\/#breadcrumb\",\"itemListElement\":[{\"@type\":\"ListItem\",\"position\":1,\"name\":\"Dom\u016f\",\"item\":\"https:\\\/\\\/shopatoa.com\\\/ro\\\/\"},{\"@type\":\"ListItem\",\"position\":2,\"name\":\"Shop\",\"item\":\"https:\\\/\\\/shopatoa.com\\\/ro\\\/shop\\\/\"},{\"@type\":\"ListItem\",\"position\":3,\"name\":\"S\u0103n\u0103tate \u0219i frumuse\u021be\",\"item\":\"https:\\\/\\\/shopatoa.com\\\/ro\\\/sanatate-si-frumusete\\\/\"},{\"@type\":\"ListItem\",\"position\":4,\"name\":\"\u00cengrijire personal\u0103\",\"item\":\"https:\\\/\\\/shopatoa.com\\\/ro\\\/ingrijire-personala\\\/\"},{\"@type\":\"ListItem\",\"position\":5,\"name\":\"Cosmetice\",\"item\":\"https:\\\/\\\/shopatoa.com\\\/ro\\\/cosmetice-ingrijire-personala\\\/\"},{\"@type\":\"ListItem\",\"position\":6,\"name\":\"Machiaj\",\"item\":\"https:\\\/\\\/shopatoa.com\\\/ro\\\/machiaj\\\/\"},{\"@type\":\"ListItem\",\"position\":7,\"name\":\"Accesorii\",\"item\":\"https:\\\/\\\/shopatoa.com\\\/ro\\\/accesorii\\\/\"},{\"@type\":\"ListItem\",\"position\":8,\"name\":\"Ascu\u021bitoare\",\"item\":\"https:\\\/\\\/shopatoa.com\\\/ro\\\/ascutitoare\\\/\"},{\"@type\":\"ListItem\",\"position\":9,\"name\":\"ZOEVA Velvet Love Duo Sharpener ascutitoare dubla pentru creion de ochi 1 buc\"}]},{\"@type\":\"WebSite\",\"@id\":\"https:\\\/\\\/shopatoa.com\\\/ro\\\/#website\",\"url\":\"https:\\\/\\\/shopatoa.com\\\/ro\\\/\",\"name\":\"SHOPATOA\",\"description\":\"\",\"publisher\":{\"@id\":\"https:\\\/\\\/shopatoa.com\\\/ro\\\/#organization\"},\"potentialAction\":[{\"@type\":\"SearchAction\",\"target\":{\"@type\":\"EntryPoint\",\"urlTemplate\":\"https:\\\/\\\/shopatoa.com\\\/ro\\\/?s={search_term_string}\"},\"query-input\":{\"@type\":\"PropertyValueSpecification\",\"valueRequired\":true,\"valueName\":\"search_term_string\"}}],\"inLanguage\":\"ro-RO\"},{\"@type\":\"Organization\",\"@id\":\"https:\\\/\\\/shopatoa.com\\\/ro\\\/#organization\",\"name\":\"SHOPATOA\",\"url\":\"https:\\\/\\\/shopatoa.com\\\/ro\\\/\",\"logo\":{\"@type\":\"ImageObject\",\"inLanguage\":\"ro-RO\",\"@id\":\"https:\\\/\\\/shopatoa.com\\\/ro\\\/#\\\/schema\\\/logo\\\/image\\\/\",\"url\":\"https:\\\/\\\/storage.googleapis.com\\\/cz-shopatoa-img\\\/ro\\\/b4dac915-shopatoa_logo.png\",\"contentUrl\":\"https:\\\/\\\/storage.googleapis.com\\\/cz-shopatoa-img\\\/ro\\\/b4dac915-shopatoa_logo.png\",\"width\":416,\"height\":63,\"caption\":\"SHOPATOA\"},\"image\":{\"@id\":\"https:\\\/\\\/shopatoa.com\\\/ro\\\/#\\\/schema\\\/logo\\\/image\\\/\"}}]}<\/script>\n<!-- \/ Yoast SEO plugin. -->","yoast_head_json":{"title":"ZOEVA Velvet Love Duo Sharpener ascutitoare dubla pentru creion de ochi 1 buc - SHOPATOA.COM","robots":{"index":"index","follow":"follow","max-snippet":"max-snippet:-1","max-image-preview":"max-image-preview:large","max-video-preview":"max-video-preview:-1"},"canonical":"https:\/\/shopatoa.com\/ro\/zoeva-velvet-love-duo-sharpener-ascutitoare-dubla-pentru-creion-de-ochi-1-buc\/","og_locale":"ro_RO","og_type":"article","og_title":"ZOEVA Velvet Love Duo Sharpener ascutitoare dubla pentru creion de ochi 1 buc - SHOPATOA.COM","og_description":"ZOEVA Velvet Love Duo Sharpener, 1 buc, Ascutitoare pentru femei, Un creion cosmetic perfect ascu\u021bit este cheia succesului \u0219i a machiajului de precizie, indiferent dac\u0103 trasa\u021bi linii de ochi, v\u0103 contura\u021bi buzele sau v\u0103 finisa\u021bi spr\u00e2ncenele. Ascu\u021bitoarea ZOEVA Velvet Love Duo Sharpener transform\u0103 \u00een c\u00e2teva clipe v\u00e2rful bont al creionului \u00eentr-unul ascu\u021bit, care s\u0103 asigure...","og_url":"https:\/\/shopatoa.com\/ro\/zoeva-velvet-love-duo-sharpener-ascutitoare-dubla-pentru-creion-de-ochi-1-buc\/","og_site_name":"SHOPATOA","article_modified_time":"2025-12-09T17:35:52+00:00","og_image":[{"width":800,"height":800,"url":"https:\/\/storage.googleapis.com\/cz-shopatoa-img\/ro\/b95e7388-unnamed-file.webp","type":"image\/webp"}],"twitter_card":"summary_large_image","twitter_misc":{"Timp estimat pentru citire":"1 minut"},"schema":{"@context":"https:\/\/schema.org","@graph":[{"@type":"WebPage","@id":"https:\/\/shopatoa.com\/ro\/zoeva-velvet-love-duo-sharpener-ascutitoare-dubla-pentru-creion-de-ochi-1-buc\/","url":"https:\/\/shopatoa.com\/ro\/zoeva-velvet-love-duo-sharpener-ascutitoare-dubla-pentru-creion-de-ochi-1-buc\/","name":"ZOEVA Velvet Love Duo Sharpener ascutitoare dubla pentru creion de ochi 1 buc - SHOPATOA.COM","isPartOf":{"@id":"https:\/\/shopatoa.com\/ro\/#website"},"primaryImageOfPage":{"@id":"https:\/\/shopatoa.com\/ro\/zoeva-velvet-love-duo-sharpener-ascutitoare-dubla-pentru-creion-de-ochi-1-buc\/#primaryimage"},"image":{"@id":"https:\/\/shopatoa.com\/ro\/zoeva-velvet-love-duo-sharpener-ascutitoare-dubla-pentru-creion-de-ochi-1-buc\/#primaryimage"},"thumbnailUrl":"https:\/\/storage.googleapis.com\/cz-shopatoa-img\/ro\/b95e7388-unnamed-file.webp","datePublished":"2025-06-19T20:52:08+00:00","dateModified":"2025-12-09T17:35:52+00:00","breadcrumb":{"@id":"https:\/\/shopatoa.com\/ro\/zoeva-velvet-love-duo-sharpener-ascutitoare-dubla-pentru-creion-de-ochi-1-buc\/#breadcrumb"},"inLanguage":"ro-RO","potentialAction":[{"@type":"ReadAction","target":["https:\/\/shopatoa.com\/ro\/zoeva-velvet-love-duo-sharpener-ascutitoare-dubla-pentru-creion-de-ochi-1-buc\/"]}]},{"@type":"ImageObject","inLanguage":"ro-RO","@id":"https:\/\/shopatoa.com\/ro\/zoeva-velvet-love-duo-sharpener-ascutitoare-dubla-pentru-creion-de-ochi-1-buc\/#primaryimage","url":"https:\/\/storage.googleapis.com\/cz-shopatoa-img\/ro\/b95e7388-unnamed-file.webp","contentUrl":"https:\/\/storage.googleapis.com\/cz-shopatoa-img\/ro\/b95e7388-unnamed-file.webp","width":800,"height":800},{"@type":"BreadcrumbList","@id":"https:\/\/shopatoa.com\/ro\/zoeva-velvet-love-duo-sharpener-ascutitoare-dubla-pentru-creion-de-ochi-1-buc\/#breadcrumb","itemListElement":[{"@type":"ListItem","position":1,"name":"Dom\u016f","item":"https:\/\/shopatoa.com\/ro\/"},{"@type":"ListItem","position":2,"name":"Shop","item":"https:\/\/shopatoa.com\/ro\/shop\/"},{"@type":"ListItem","position":3,"name":"S\u0103n\u0103tate \u0219i frumuse\u021be","item":"https:\/\/shopatoa.com\/ro\/sanatate-si-frumusete\/"},{"@type":"ListItem","position":4,"name":"\u00cengrijire personal\u0103","item":"https:\/\/shopatoa.com\/ro\/ingrijire-personala\/"},{"@type":"ListItem","position":5,"name":"Cosmetice","item":"https:\/\/shopatoa.com\/ro\/cosmetice-ingrijire-personala\/"},{"@type":"ListItem","position":6,"name":"Machiaj","item":"https:\/\/shopatoa.com\/ro\/machiaj\/"},{"@type":"ListItem","position":7,"name":"Accesorii","item":"https:\/\/shopatoa.com\/ro\/accesorii\/"},{"@type":"ListItem","position":8,"name":"Ascu\u021bitoare","item":"https:\/\/shopatoa.com\/ro\/ascutitoare\/"},{"@type":"ListItem","position":9,"name":"ZOEVA Velvet Love Duo Sharpener ascutitoare dubla pentru creion de ochi 1 buc"}]},{"@type":"WebSite","@id":"https:\/\/shopatoa.com\/ro\/#website","url":"https:\/\/shopatoa.com\/ro\/","name":"SHOPATOA","description":"","publisher":{"@id":"https:\/\/shopatoa.com\/ro\/#organization"},"potentialAction":[{"@type":"SearchAction","target":{"@type":"EntryPoint","urlTemplate":"https:\/\/shopatoa.com\/ro\/?s={search_term_string}"},"query-input":{"@type":"PropertyValueSpecification","valueRequired":true,"valueName":"search_term_string"}}],"inLanguage":"ro-RO"},{"@type":"Organization","@id":"https:\/\/shopatoa.com\/ro\/#organization","name":"SHOPATOA","url":"https:\/\/shopatoa.com\/ro\/","logo":{"@type":"ImageObject","inLanguage":"ro-RO","@id":"https:\/\/shopatoa.com\/ro\/#\/schema\/logo\/image\/","url":"https:\/\/storage.googleapis.com\/cz-shopatoa-img\/ro\/b4dac915-shopatoa_logo.png","contentUrl":"https:\/\/storage.googleapis.com\/cz-shopatoa-img\/ro\/b4dac915-shopatoa_logo.png","width":416,"height":63,"caption":"SHOPATOA"},"image":{"@id":"https:\/\/shopatoa.com\/ro\/#\/schema\/logo\/image\/"}}]}},"_links":{"self":[{"href":"https:\/\/shopatoa.com\/ro\/wp-json\/wp\/v2\/product\/408943","targetHints":{"allow":["GET"]}}],"collection":[{"href":"https:\/\/shopatoa.com\/ro\/wp-json\/wp\/v2\/product"}],"about":[{"href":"https:\/\/shopatoa.com\/ro\/wp-json\/wp\/v2\/types\/product"}],"replies":[{"embeddable":true,"href":"https:\/\/shopatoa.com\/ro\/wp-json\/wp\/v2\/comments?post=408943"}],"wp:featuredmedia":[{"embeddable":true,"href":"https:\/\/shopatoa.com\/ro\/wp-json\/wp\/v2\/media\/408944"}],"wp:attachment":[{"href":"https:\/\/shopatoa.com\/ro\/wp-json\/wp\/v2\/media?parent=408943"}],"wp:term":[{"taxonomy":"product_brand","embeddable":true,"href":"https:\/\/shopatoa.com\/ro\/wp-json\/wp\/v2\/product_brand?post=408943"},{"taxonomy":"product_cat","embeddable":true,"href":"https:\/\/shopatoa.com\/ro\/wp-json\/wp\/v2\/product_cat?post=408943"},{"taxonomy":"product_tag","embeddable":true,"href":"https:\/\/shopatoa.com\/ro\/wp-json\/wp\/v2\/product_tag?post=408943"}],"curies":[{"name":"wp","href":"https:\/\/api.w.org\/{rel}","templated":true}]}}