{"id":409379,"date":"2025-06-19T23:44:39","date_gmt":"2025-06-19T21:44:39","guid":{"rendered":"https:\/\/shopatoa.com\/ro\/afnan-fakhar-al-jamal-ulei-parfumat-unisex-20-ml\/"},"modified":"2025-12-09T14:45:45","modified_gmt":"2025-12-09T13:45:45","slug":"afnan-fakhar-al-jamal-ulei-parfumat-unisex-20-ml","status":"publish","type":"product","link":"https:\/\/shopatoa.com\/ro\/afnan-fakhar-al-jamal-ulei-parfumat-unisex-20-ml\/","title":{"rendered":"Afnan Fakhar Al Jamal ulei parfumat unisex 20 ml"},"content":{"rendered":"<p>Afnan Fakhar Al Jamal, 20 ml, Uleiuri parfumate unisex, L\u0103sa\u021bi g\u00e2ndurile s\u0103 v\u0103 poarte spre Orientul \u00cendep\u0103rtat, unde aerul este p\u0103truns de aroma mirodeniilor exotice \u0219i de vibra\u021biile muzicii, iar ornamentele aurii str\u0103lucesc orbitor. Uleiul parfumat Afnan Fakhar Al Jamal v\u0103 farmec\u0103 sim\u021burile cu o compozi\u021bie cald\u0103, \u00eenv\u0103luit\u0103 \u00een lux.  parfum de fructe parfum picant un parfum original, pentru personalit\u0103\u021bi originale<\/p>\n","protected":false},"excerpt":{"rendered":"<p>Afnan Fakhar Al Jamal, 20 ml, Uleiuri parfumate unisex, L\u0103sa\u021bi g\u00e2ndurile s\u0103 v\u0103 poarte spre Orientul \u00cendep\u0103rtat, unde aerul este p\u0103truns de aroma mirodeniilor exotice \u0219i de vibra\u021biile muzicii, iar ornamentele aurii str\u0103lucesc orbitor. Uleiul parfumat Afnan Fakhar Al Jamal v\u0103 farmec\u0103 sim\u021burile cu o compozi\u021bie cald\u0103, \u00eenv\u0103luit\u0103 \u00een lux. parfum de fructe parfum picant&#8230;<\/p>\n","protected":false},"featured_media":409380,"comment_status":"closed","ping_status":"open","template":"","meta":{"_acf_changed":false,"_kadence_starter_templates_imported_post":false,"_kad_post_transparent":"","_kad_post_title":"","_kad_post_layout":"","_kad_post_sidebar_id":"","_kad_post_content_style":"","_kad_post_vertical_padding":"","_kad_post_feature":"","_kad_post_feature_position":"","_kad_post_header":false,"_kad_post_footer":false,"_kad_post_classname":""},"product_brand":[118],"product_cat":[1564,1563,3200,1562,3228],"product_tag":[],"class_list":{"0":"post-409379","1":"product","2":"type-product","3":"status-publish","4":"has-post-thumbnail","6":"product_brand-afnan","7":"product_cat-cosmetice-ingrijire-personala","8":"product_cat-ingrijire-personala","9":"product_cat-parfumuri-si-colonii","10":"product_cat-sanatate-si-frumusete","11":"product_cat-uleiuri-parfumate","12":"pa_gen-unisex","13":"pa_marime-20-ml","15":"first","16":"instock","17":"sale","18":"product-type-external","19":"entry","20":"content-bg","21":"loop-entry"},"acf":[],"yoast_head":"<!-- This site is optimized with the Yoast SEO plugin v27.3 - https:\/\/yoast.com\/product\/yoast-seo-wordpress\/ -->\n<title>Afnan Fakhar Al Jamal ulei parfumat unisex 20 ml - SHOPATOA.COM<\/title>\n<meta name=\"robots\" content=\"index, follow, max-snippet:-1, max-image-preview:large, max-video-preview:-1\" \/>\n<link rel=\"canonical\" href=\"https:\/\/shopatoa.com\/ro\/afnan-fakhar-al-jamal-ulei-parfumat-unisex-20-ml\/\" \/>\n<meta property=\"og:locale\" content=\"ro_RO\" \/>\n<meta property=\"og:type\" content=\"article\" \/>\n<meta property=\"og:title\" content=\"Afnan Fakhar Al Jamal ulei parfumat unisex 20 ml - SHOPATOA.COM\" \/>\n<meta property=\"og:description\" content=\"Afnan Fakhar Al Jamal, 20 ml, Uleiuri parfumate unisex, L\u0103sa\u021bi g\u00e2ndurile s\u0103 v\u0103 poarte spre Orientul \u00cendep\u0103rtat, unde aerul este p\u0103truns de aroma mirodeniilor exotice \u0219i de vibra\u021biile muzicii, iar ornamentele aurii str\u0103lucesc orbitor. Uleiul parfumat Afnan Fakhar Al Jamal v\u0103 farmec\u0103 sim\u021burile cu o compozi\u021bie cald\u0103, \u00eenv\u0103luit\u0103 \u00een lux. parfum de fructe parfum picant...\" \/>\n<meta property=\"og:url\" content=\"https:\/\/shopatoa.com\/ro\/afnan-fakhar-al-jamal-ulei-parfumat-unisex-20-ml\/\" \/>\n<meta property=\"og:site_name\" content=\"SHOPATOA\" \/>\n<meta property=\"article:modified_time\" content=\"2025-12-09T13:45:45+00:00\" \/>\n<meta property=\"og:image\" content=\"https:\/\/storage.googleapis.com\/cz-shopatoa-img\/ro\/8f0cf08d-unnamed-file.webp\" \/>\n\t<meta property=\"og:image:width\" content=\"800\" \/>\n\t<meta property=\"og:image:height\" content=\"800\" \/>\n\t<meta property=\"og:image:type\" content=\"image\/webp\" \/>\n<meta name=\"twitter:card\" content=\"summary_large_image\" \/>\n<script type=\"application\/ld+json\" class=\"yoast-schema-graph\">{\"@context\":\"https:\\\/\\\/schema.org\",\"@graph\":[{\"@type\":\"WebPage\",\"@id\":\"https:\\\/\\\/shopatoa.com\\\/ro\\\/afnan-fakhar-al-jamal-ulei-parfumat-unisex-20-ml\\\/\",\"url\":\"https:\\\/\\\/shopatoa.com\\\/ro\\\/afnan-fakhar-al-jamal-ulei-parfumat-unisex-20-ml\\\/\",\"name\":\"Afnan Fakhar Al Jamal ulei parfumat unisex 20 ml - SHOPATOA.COM\",\"isPartOf\":{\"@id\":\"https:\\\/\\\/shopatoa.com\\\/ro\\\/#website\"},\"primaryImageOfPage\":{\"@id\":\"https:\\\/\\\/shopatoa.com\\\/ro\\\/afnan-fakhar-al-jamal-ulei-parfumat-unisex-20-ml\\\/#primaryimage\"},\"image\":{\"@id\":\"https:\\\/\\\/shopatoa.com\\\/ro\\\/afnan-fakhar-al-jamal-ulei-parfumat-unisex-20-ml\\\/#primaryimage\"},\"thumbnailUrl\":\"https:\\\/\\\/storage.googleapis.com\\\/cz-shopatoa-img\\\/ro\\\/8f0cf08d-unnamed-file.webp\",\"datePublished\":\"2025-06-19T21:44:39+00:00\",\"dateModified\":\"2025-12-09T13:45:45+00:00\",\"breadcrumb\":{\"@id\":\"https:\\\/\\\/shopatoa.com\\\/ro\\\/afnan-fakhar-al-jamal-ulei-parfumat-unisex-20-ml\\\/#breadcrumb\"},\"inLanguage\":\"ro-RO\",\"potentialAction\":[{\"@type\":\"ReadAction\",\"target\":[\"https:\\\/\\\/shopatoa.com\\\/ro\\\/afnan-fakhar-al-jamal-ulei-parfumat-unisex-20-ml\\\/\"]}]},{\"@type\":\"ImageObject\",\"inLanguage\":\"ro-RO\",\"@id\":\"https:\\\/\\\/shopatoa.com\\\/ro\\\/afnan-fakhar-al-jamal-ulei-parfumat-unisex-20-ml\\\/#primaryimage\",\"url\":\"https:\\\/\\\/storage.googleapis.com\\\/cz-shopatoa-img\\\/ro\\\/8f0cf08d-unnamed-file.webp\",\"contentUrl\":\"https:\\\/\\\/storage.googleapis.com\\\/cz-shopatoa-img\\\/ro\\\/8f0cf08d-unnamed-file.webp\",\"width\":800,\"height\":800},{\"@type\":\"BreadcrumbList\",\"@id\":\"https:\\\/\\\/shopatoa.com\\\/ro\\\/afnan-fakhar-al-jamal-ulei-parfumat-unisex-20-ml\\\/#breadcrumb\",\"itemListElement\":[{\"@type\":\"ListItem\",\"position\":1,\"name\":\"Dom\u016f\",\"item\":\"https:\\\/\\\/shopatoa.com\\\/ro\\\/\"},{\"@type\":\"ListItem\",\"position\":2,\"name\":\"Shop\",\"item\":\"https:\\\/\\\/shopatoa.com\\\/ro\\\/shop\\\/\"},{\"@type\":\"ListItem\",\"position\":3,\"name\":\"S\u0103n\u0103tate \u0219i frumuse\u021be\",\"item\":\"https:\\\/\\\/shopatoa.com\\\/ro\\\/sanatate-si-frumusete\\\/\"},{\"@type\":\"ListItem\",\"position\":4,\"name\":\"\u00cengrijire personal\u0103\",\"item\":\"https:\\\/\\\/shopatoa.com\\\/ro\\\/ingrijire-personala\\\/\"},{\"@type\":\"ListItem\",\"position\":5,\"name\":\"Cosmetice\",\"item\":\"https:\\\/\\\/shopatoa.com\\\/ro\\\/cosmetice-ingrijire-personala\\\/\"},{\"@type\":\"ListItem\",\"position\":6,\"name\":\"Parfumuri \u0219i colonii\",\"item\":\"https:\\\/\\\/shopatoa.com\\\/ro\\\/parfumuri-si-colonii\\\/\"},{\"@type\":\"ListItem\",\"position\":7,\"name\":\"Uleiuri parfumate\",\"item\":\"https:\\\/\\\/shopatoa.com\\\/ro\\\/uleiuri-parfumate\\\/\"},{\"@type\":\"ListItem\",\"position\":8,\"name\":\"Afnan Fakhar Al Jamal ulei parfumat unisex 20 ml\"}]},{\"@type\":\"WebSite\",\"@id\":\"https:\\\/\\\/shopatoa.com\\\/ro\\\/#website\",\"url\":\"https:\\\/\\\/shopatoa.com\\\/ro\\\/\",\"name\":\"SHOPATOA\",\"description\":\"\",\"publisher\":{\"@id\":\"https:\\\/\\\/shopatoa.com\\\/ro\\\/#organization\"},\"potentialAction\":[{\"@type\":\"SearchAction\",\"target\":{\"@type\":\"EntryPoint\",\"urlTemplate\":\"https:\\\/\\\/shopatoa.com\\\/ro\\\/?s={search_term_string}\"},\"query-input\":{\"@type\":\"PropertyValueSpecification\",\"valueRequired\":true,\"valueName\":\"search_term_string\"}}],\"inLanguage\":\"ro-RO\"},{\"@type\":\"Organization\",\"@id\":\"https:\\\/\\\/shopatoa.com\\\/ro\\\/#organization\",\"name\":\"SHOPATOA\",\"url\":\"https:\\\/\\\/shopatoa.com\\\/ro\\\/\",\"logo\":{\"@type\":\"ImageObject\",\"inLanguage\":\"ro-RO\",\"@id\":\"https:\\\/\\\/shopatoa.com\\\/ro\\\/#\\\/schema\\\/logo\\\/image\\\/\",\"url\":\"https:\\\/\\\/storage.googleapis.com\\\/cz-shopatoa-img\\\/ro\\\/b4dac915-shopatoa_logo.png\",\"contentUrl\":\"https:\\\/\\\/storage.googleapis.com\\\/cz-shopatoa-img\\\/ro\\\/b4dac915-shopatoa_logo.png\",\"width\":416,\"height\":63,\"caption\":\"SHOPATOA\"},\"image\":{\"@id\":\"https:\\\/\\\/shopatoa.com\\\/ro\\\/#\\\/schema\\\/logo\\\/image\\\/\"}}]}<\/script>\n<!-- \/ Yoast SEO plugin. -->","yoast_head_json":{"title":"Afnan Fakhar Al Jamal ulei parfumat unisex 20 ml - SHOPATOA.COM","robots":{"index":"index","follow":"follow","max-snippet":"max-snippet:-1","max-image-preview":"max-image-preview:large","max-video-preview":"max-video-preview:-1"},"canonical":"https:\/\/shopatoa.com\/ro\/afnan-fakhar-al-jamal-ulei-parfumat-unisex-20-ml\/","og_locale":"ro_RO","og_type":"article","og_title":"Afnan Fakhar Al Jamal ulei parfumat unisex 20 ml - SHOPATOA.COM","og_description":"Afnan Fakhar Al Jamal, 20 ml, Uleiuri parfumate unisex, L\u0103sa\u021bi g\u00e2ndurile s\u0103 v\u0103 poarte spre Orientul \u00cendep\u0103rtat, unde aerul este p\u0103truns de aroma mirodeniilor exotice \u0219i de vibra\u021biile muzicii, iar ornamentele aurii str\u0103lucesc orbitor. Uleiul parfumat Afnan Fakhar Al Jamal v\u0103 farmec\u0103 sim\u021burile cu o compozi\u021bie cald\u0103, \u00eenv\u0103luit\u0103 \u00een lux. parfum de fructe parfum picant...","og_url":"https:\/\/shopatoa.com\/ro\/afnan-fakhar-al-jamal-ulei-parfumat-unisex-20-ml\/","og_site_name":"SHOPATOA","article_modified_time":"2025-12-09T13:45:45+00:00","og_image":[{"width":800,"height":800,"url":"https:\/\/storage.googleapis.com\/cz-shopatoa-img\/ro\/8f0cf08d-unnamed-file.webp","type":"image\/webp"}],"twitter_card":"summary_large_image","schema":{"@context":"https:\/\/schema.org","@graph":[{"@type":"WebPage","@id":"https:\/\/shopatoa.com\/ro\/afnan-fakhar-al-jamal-ulei-parfumat-unisex-20-ml\/","url":"https:\/\/shopatoa.com\/ro\/afnan-fakhar-al-jamal-ulei-parfumat-unisex-20-ml\/","name":"Afnan Fakhar Al Jamal ulei parfumat unisex 20 ml - SHOPATOA.COM","isPartOf":{"@id":"https:\/\/shopatoa.com\/ro\/#website"},"primaryImageOfPage":{"@id":"https:\/\/shopatoa.com\/ro\/afnan-fakhar-al-jamal-ulei-parfumat-unisex-20-ml\/#primaryimage"},"image":{"@id":"https:\/\/shopatoa.com\/ro\/afnan-fakhar-al-jamal-ulei-parfumat-unisex-20-ml\/#primaryimage"},"thumbnailUrl":"https:\/\/storage.googleapis.com\/cz-shopatoa-img\/ro\/8f0cf08d-unnamed-file.webp","datePublished":"2025-06-19T21:44:39+00:00","dateModified":"2025-12-09T13:45:45+00:00","breadcrumb":{"@id":"https:\/\/shopatoa.com\/ro\/afnan-fakhar-al-jamal-ulei-parfumat-unisex-20-ml\/#breadcrumb"},"inLanguage":"ro-RO","potentialAction":[{"@type":"ReadAction","target":["https:\/\/shopatoa.com\/ro\/afnan-fakhar-al-jamal-ulei-parfumat-unisex-20-ml\/"]}]},{"@type":"ImageObject","inLanguage":"ro-RO","@id":"https:\/\/shopatoa.com\/ro\/afnan-fakhar-al-jamal-ulei-parfumat-unisex-20-ml\/#primaryimage","url":"https:\/\/storage.googleapis.com\/cz-shopatoa-img\/ro\/8f0cf08d-unnamed-file.webp","contentUrl":"https:\/\/storage.googleapis.com\/cz-shopatoa-img\/ro\/8f0cf08d-unnamed-file.webp","width":800,"height":800},{"@type":"BreadcrumbList","@id":"https:\/\/shopatoa.com\/ro\/afnan-fakhar-al-jamal-ulei-parfumat-unisex-20-ml\/#breadcrumb","itemListElement":[{"@type":"ListItem","position":1,"name":"Dom\u016f","item":"https:\/\/shopatoa.com\/ro\/"},{"@type":"ListItem","position":2,"name":"Shop","item":"https:\/\/shopatoa.com\/ro\/shop\/"},{"@type":"ListItem","position":3,"name":"S\u0103n\u0103tate \u0219i frumuse\u021be","item":"https:\/\/shopatoa.com\/ro\/sanatate-si-frumusete\/"},{"@type":"ListItem","position":4,"name":"\u00cengrijire personal\u0103","item":"https:\/\/shopatoa.com\/ro\/ingrijire-personala\/"},{"@type":"ListItem","position":5,"name":"Cosmetice","item":"https:\/\/shopatoa.com\/ro\/cosmetice-ingrijire-personala\/"},{"@type":"ListItem","position":6,"name":"Parfumuri \u0219i colonii","item":"https:\/\/shopatoa.com\/ro\/parfumuri-si-colonii\/"},{"@type":"ListItem","position":7,"name":"Uleiuri parfumate","item":"https:\/\/shopatoa.com\/ro\/uleiuri-parfumate\/"},{"@type":"ListItem","position":8,"name":"Afnan Fakhar Al Jamal ulei parfumat unisex 20 ml"}]},{"@type":"WebSite","@id":"https:\/\/shopatoa.com\/ro\/#website","url":"https:\/\/shopatoa.com\/ro\/","name":"SHOPATOA","description":"","publisher":{"@id":"https:\/\/shopatoa.com\/ro\/#organization"},"potentialAction":[{"@type":"SearchAction","target":{"@type":"EntryPoint","urlTemplate":"https:\/\/shopatoa.com\/ro\/?s={search_term_string}"},"query-input":{"@type":"PropertyValueSpecification","valueRequired":true,"valueName":"search_term_string"}}],"inLanguage":"ro-RO"},{"@type":"Organization","@id":"https:\/\/shopatoa.com\/ro\/#organization","name":"SHOPATOA","url":"https:\/\/shopatoa.com\/ro\/","logo":{"@type":"ImageObject","inLanguage":"ro-RO","@id":"https:\/\/shopatoa.com\/ro\/#\/schema\/logo\/image\/","url":"https:\/\/storage.googleapis.com\/cz-shopatoa-img\/ro\/b4dac915-shopatoa_logo.png","contentUrl":"https:\/\/storage.googleapis.com\/cz-shopatoa-img\/ro\/b4dac915-shopatoa_logo.png","width":416,"height":63,"caption":"SHOPATOA"},"image":{"@id":"https:\/\/shopatoa.com\/ro\/#\/schema\/logo\/image\/"}}]}},"_links":{"self":[{"href":"https:\/\/shopatoa.com\/ro\/wp-json\/wp\/v2\/product\/409379","targetHints":{"allow":["GET"]}}],"collection":[{"href":"https:\/\/shopatoa.com\/ro\/wp-json\/wp\/v2\/product"}],"about":[{"href":"https:\/\/shopatoa.com\/ro\/wp-json\/wp\/v2\/types\/product"}],"replies":[{"embeddable":true,"href":"https:\/\/shopatoa.com\/ro\/wp-json\/wp\/v2\/comments?post=409379"}],"wp:featuredmedia":[{"embeddable":true,"href":"https:\/\/shopatoa.com\/ro\/wp-json\/wp\/v2\/media\/409380"}],"wp:attachment":[{"href":"https:\/\/shopatoa.com\/ro\/wp-json\/wp\/v2\/media?parent=409379"}],"wp:term":[{"taxonomy":"product_brand","embeddable":true,"href":"https:\/\/shopatoa.com\/ro\/wp-json\/wp\/v2\/product_brand?post=409379"},{"taxonomy":"product_cat","embeddable":true,"href":"https:\/\/shopatoa.com\/ro\/wp-json\/wp\/v2\/product_cat?post=409379"},{"taxonomy":"product_tag","embeddable":true,"href":"https:\/\/shopatoa.com\/ro\/wp-json\/wp\/v2\/product_tag?post=409379"}],"curies":[{"name":"wp","href":"https:\/\/api.w.org\/{rel}","templated":true}]}}