{"id":409781,"date":"2025-06-20T00:26:40","date_gmt":"2025-06-19T22:26:40","guid":{"rendered":"https:\/\/shopatoa.com\/ro\/calvin-klein-ck-one-lapte-de-corp-unisex-250-ml\/"},"modified":"2025-12-09T12:43:25","modified_gmt":"2025-12-09T11:43:25","slug":"calvin-klein-ck-one-lapte-de-corp-unisex-250-ml","status":"publish","type":"product","link":"https:\/\/shopatoa.com\/ro\/calvin-klein-ck-one-lapte-de-corp-unisex-250-ml\/","title":{"rendered":"Calvin Klein CK One lapte de corp unisex 250 ml"},"content":{"rendered":"<p>Calvin Klein CK One, 250 ml, \u00cengrijirea corpului unisex, \u00cenconjura\u021bi-v\u0103 cu arome luxoase \u0219i \u00een baie, \u00een timpul ritualurilor dvs. matinale sau de sear\u0103. Produsul pentru \u00eengrijirea corpului Calvin Klein CK One v\u0103 \u00eenc\u00e2nt\u0103 sim\u021burile \u0219i v\u0103 parfumeaz\u0103 pielea cu parfumul preferat.  Caracteristici:  ofer\u0103 hidratare \u0219i suple\u021be de lung\u0103 durat\u0103 u\u0219or de aplicat, se absoarbe bine completeaz\u0103 parfumul din aceea\u0219i linie<\/p>\n","protected":false},"excerpt":{"rendered":"<p>Calvin Klein CK One, 250 ml, \u00cengrijirea corpului unisex, \u00cenconjura\u021bi-v\u0103 cu arome luxoase \u0219i \u00een baie, \u00een timpul ritualurilor dvs. matinale sau de sear\u0103. Produsul pentru \u00eengrijirea corpului Calvin Klein CK One v\u0103 \u00eenc\u00e2nt\u0103 sim\u021burile \u0219i v\u0103 parfumeaz\u0103 pielea cu parfumul preferat. Caracteristici: ofer\u0103 hidratare \u0219i suple\u021be de lung\u0103 durat\u0103 u\u0219or de aplicat, se absoarbe&#8230;<\/p>\n","protected":false},"featured_media":409782,"comment_status":"closed","ping_status":"open","template":"","meta":{"_acf_changed":false,"_kadence_starter_templates_imported_post":false,"_kad_post_transparent":"","_kad_post_title":"","_kad_post_layout":"","_kad_post_sidebar_id":"","_kad_post_content_style":"","_kad_post_vertical_padding":"","_kad_post_feature":"","_kad_post_feature_position":"","_kad_post_header":false,"_kad_post_footer":false,"_kad_post_classname":""},"product_brand":[77],"product_cat":[1564,3208,1563,3222,3200,1562],"product_tag":[],"class_list":{"0":"post-409781","1":"product","2":"type-product","3":"status-publish","4":"has-post-thumbnail","6":"product_brand-calvin-klein","7":"product_cat-cosmetice-ingrijire-personala","8":"product_cat-cosmetice-parfumate","9":"product_cat-ingrijire-personala","10":"product_cat-ingrijirea-corpului","11":"product_cat-parfumuri-si-colonii","12":"product_cat-sanatate-si-frumusete","13":"pa_gen-unisex","14":"pa_marime-250-ml","16":"first","17":"instock","18":"sale","19":"product-type-external","20":"entry","21":"content-bg","22":"loop-entry"},"acf":[],"yoast_head":"<!-- This site is optimized with the Yoast SEO plugin v27.3 - https:\/\/yoast.com\/product\/yoast-seo-wordpress\/ -->\n<title>Calvin Klein CK One lapte de corp unisex 250 ml - SHOPATOA.COM<\/title>\n<meta name=\"robots\" content=\"index, follow, max-snippet:-1, max-image-preview:large, max-video-preview:-1\" \/>\n<link rel=\"canonical\" href=\"https:\/\/shopatoa.com\/ro\/calvin-klein-ck-one-lapte-de-corp-unisex-250-ml\/\" \/>\n<meta property=\"og:locale\" content=\"ro_RO\" \/>\n<meta property=\"og:type\" content=\"article\" \/>\n<meta property=\"og:title\" content=\"Calvin Klein CK One lapte de corp unisex 250 ml - SHOPATOA.COM\" \/>\n<meta property=\"og:description\" content=\"Calvin Klein CK One, 250 ml, \u00cengrijirea corpului unisex, \u00cenconjura\u021bi-v\u0103 cu arome luxoase \u0219i \u00een baie, \u00een timpul ritualurilor dvs. matinale sau de sear\u0103. Produsul pentru \u00eengrijirea corpului Calvin Klein CK One v\u0103 \u00eenc\u00e2nt\u0103 sim\u021burile \u0219i v\u0103 parfumeaz\u0103 pielea cu parfumul preferat. Caracteristici: ofer\u0103 hidratare \u0219i suple\u021be de lung\u0103 durat\u0103 u\u0219or de aplicat, se absoarbe...\" \/>\n<meta property=\"og:url\" content=\"https:\/\/shopatoa.com\/ro\/calvin-klein-ck-one-lapte-de-corp-unisex-250-ml\/\" \/>\n<meta property=\"og:site_name\" content=\"SHOPATOA\" \/>\n<meta property=\"article:modified_time\" content=\"2025-12-09T11:43:25+00:00\" \/>\n<meta property=\"og:image\" content=\"https:\/\/storage.googleapis.com\/cz-shopatoa-img\/ro\/b092a9b8-unnamed-file.webp\" \/>\n\t<meta property=\"og:image:width\" content=\"800\" \/>\n\t<meta property=\"og:image:height\" content=\"800\" \/>\n\t<meta property=\"og:image:type\" content=\"image\/webp\" \/>\n<meta name=\"twitter:card\" content=\"summary_large_image\" \/>\n<script type=\"application\/ld+json\" class=\"yoast-schema-graph\">{\"@context\":\"https:\\\/\\\/schema.org\",\"@graph\":[{\"@type\":\"WebPage\",\"@id\":\"https:\\\/\\\/shopatoa.com\\\/ro\\\/calvin-klein-ck-one-lapte-de-corp-unisex-250-ml\\\/\",\"url\":\"https:\\\/\\\/shopatoa.com\\\/ro\\\/calvin-klein-ck-one-lapte-de-corp-unisex-250-ml\\\/\",\"name\":\"Calvin Klein CK One lapte de corp unisex 250 ml - SHOPATOA.COM\",\"isPartOf\":{\"@id\":\"https:\\\/\\\/shopatoa.com\\\/ro\\\/#website\"},\"primaryImageOfPage\":{\"@id\":\"https:\\\/\\\/shopatoa.com\\\/ro\\\/calvin-klein-ck-one-lapte-de-corp-unisex-250-ml\\\/#primaryimage\"},\"image\":{\"@id\":\"https:\\\/\\\/shopatoa.com\\\/ro\\\/calvin-klein-ck-one-lapte-de-corp-unisex-250-ml\\\/#primaryimage\"},\"thumbnailUrl\":\"https:\\\/\\\/storage.googleapis.com\\\/cz-shopatoa-img\\\/ro\\\/b092a9b8-unnamed-file.webp\",\"datePublished\":\"2025-06-19T22:26:40+00:00\",\"dateModified\":\"2025-12-09T11:43:25+00:00\",\"breadcrumb\":{\"@id\":\"https:\\\/\\\/shopatoa.com\\\/ro\\\/calvin-klein-ck-one-lapte-de-corp-unisex-250-ml\\\/#breadcrumb\"},\"inLanguage\":\"ro-RO\",\"potentialAction\":[{\"@type\":\"ReadAction\",\"target\":[\"https:\\\/\\\/shopatoa.com\\\/ro\\\/calvin-klein-ck-one-lapte-de-corp-unisex-250-ml\\\/\"]}]},{\"@type\":\"ImageObject\",\"inLanguage\":\"ro-RO\",\"@id\":\"https:\\\/\\\/shopatoa.com\\\/ro\\\/calvin-klein-ck-one-lapte-de-corp-unisex-250-ml\\\/#primaryimage\",\"url\":\"https:\\\/\\\/storage.googleapis.com\\\/cz-shopatoa-img\\\/ro\\\/b092a9b8-unnamed-file.webp\",\"contentUrl\":\"https:\\\/\\\/storage.googleapis.com\\\/cz-shopatoa-img\\\/ro\\\/b092a9b8-unnamed-file.webp\",\"width\":800,\"height\":800},{\"@type\":\"BreadcrumbList\",\"@id\":\"https:\\\/\\\/shopatoa.com\\\/ro\\\/calvin-klein-ck-one-lapte-de-corp-unisex-250-ml\\\/#breadcrumb\",\"itemListElement\":[{\"@type\":\"ListItem\",\"position\":1,\"name\":\"Dom\u016f\",\"item\":\"https:\\\/\\\/shopatoa.com\\\/ro\\\/\"},{\"@type\":\"ListItem\",\"position\":2,\"name\":\"Shop\",\"item\":\"https:\\\/\\\/shopatoa.com\\\/ro\\\/shop\\\/\"},{\"@type\":\"ListItem\",\"position\":3,\"name\":\"S\u0103n\u0103tate \u0219i frumuse\u021be\",\"item\":\"https:\\\/\\\/shopatoa.com\\\/ro\\\/sanatate-si-frumusete\\\/\"},{\"@type\":\"ListItem\",\"position\":4,\"name\":\"\u00cengrijire personal\u0103\",\"item\":\"https:\\\/\\\/shopatoa.com\\\/ro\\\/ingrijire-personala\\\/\"},{\"@type\":\"ListItem\",\"position\":5,\"name\":\"Cosmetice\",\"item\":\"https:\\\/\\\/shopatoa.com\\\/ro\\\/cosmetice-ingrijire-personala\\\/\"},{\"@type\":\"ListItem\",\"position\":6,\"name\":\"Parfumuri \u0219i colonii\",\"item\":\"https:\\\/\\\/shopatoa.com\\\/ro\\\/parfumuri-si-colonii\\\/\"},{\"@type\":\"ListItem\",\"position\":7,\"name\":\"Cosmetice parfumate\",\"item\":\"https:\\\/\\\/shopatoa.com\\\/ro\\\/cosmetice-parfumate\\\/\"},{\"@type\":\"ListItem\",\"position\":8,\"name\":\"\u00cengrijirea corpului\",\"item\":\"https:\\\/\\\/shopatoa.com\\\/ro\\\/ingrijirea-corpului\\\/\"},{\"@type\":\"ListItem\",\"position\":9,\"name\":\"Calvin Klein CK One lapte de corp unisex 250 ml\"}]},{\"@type\":\"WebSite\",\"@id\":\"https:\\\/\\\/shopatoa.com\\\/ro\\\/#website\",\"url\":\"https:\\\/\\\/shopatoa.com\\\/ro\\\/\",\"name\":\"SHOPATOA\",\"description\":\"\",\"publisher\":{\"@id\":\"https:\\\/\\\/shopatoa.com\\\/ro\\\/#organization\"},\"potentialAction\":[{\"@type\":\"SearchAction\",\"target\":{\"@type\":\"EntryPoint\",\"urlTemplate\":\"https:\\\/\\\/shopatoa.com\\\/ro\\\/?s={search_term_string}\"},\"query-input\":{\"@type\":\"PropertyValueSpecification\",\"valueRequired\":true,\"valueName\":\"search_term_string\"}}],\"inLanguage\":\"ro-RO\"},{\"@type\":\"Organization\",\"@id\":\"https:\\\/\\\/shopatoa.com\\\/ro\\\/#organization\",\"name\":\"SHOPATOA\",\"url\":\"https:\\\/\\\/shopatoa.com\\\/ro\\\/\",\"logo\":{\"@type\":\"ImageObject\",\"inLanguage\":\"ro-RO\",\"@id\":\"https:\\\/\\\/shopatoa.com\\\/ro\\\/#\\\/schema\\\/logo\\\/image\\\/\",\"url\":\"https:\\\/\\\/storage.googleapis.com\\\/cz-shopatoa-img\\\/ro\\\/b4dac915-shopatoa_logo.png\",\"contentUrl\":\"https:\\\/\\\/storage.googleapis.com\\\/cz-shopatoa-img\\\/ro\\\/b4dac915-shopatoa_logo.png\",\"width\":416,\"height\":63,\"caption\":\"SHOPATOA\"},\"image\":{\"@id\":\"https:\\\/\\\/shopatoa.com\\\/ro\\\/#\\\/schema\\\/logo\\\/image\\\/\"}}]}<\/script>\n<!-- \/ Yoast SEO plugin. -->","yoast_head_json":{"title":"Calvin Klein CK One lapte de corp unisex 250 ml - SHOPATOA.COM","robots":{"index":"index","follow":"follow","max-snippet":"max-snippet:-1","max-image-preview":"max-image-preview:large","max-video-preview":"max-video-preview:-1"},"canonical":"https:\/\/shopatoa.com\/ro\/calvin-klein-ck-one-lapte-de-corp-unisex-250-ml\/","og_locale":"ro_RO","og_type":"article","og_title":"Calvin Klein CK One lapte de corp unisex 250 ml - SHOPATOA.COM","og_description":"Calvin Klein CK One, 250 ml, \u00cengrijirea corpului unisex, \u00cenconjura\u021bi-v\u0103 cu arome luxoase \u0219i \u00een baie, \u00een timpul ritualurilor dvs. matinale sau de sear\u0103. Produsul pentru \u00eengrijirea corpului Calvin Klein CK One v\u0103 \u00eenc\u00e2nt\u0103 sim\u021burile \u0219i v\u0103 parfumeaz\u0103 pielea cu parfumul preferat. Caracteristici: ofer\u0103 hidratare \u0219i suple\u021be de lung\u0103 durat\u0103 u\u0219or de aplicat, se absoarbe...","og_url":"https:\/\/shopatoa.com\/ro\/calvin-klein-ck-one-lapte-de-corp-unisex-250-ml\/","og_site_name":"SHOPATOA","article_modified_time":"2025-12-09T11:43:25+00:00","og_image":[{"width":800,"height":800,"url":"https:\/\/storage.googleapis.com\/cz-shopatoa-img\/ro\/b092a9b8-unnamed-file.webp","type":"image\/webp"}],"twitter_card":"summary_large_image","schema":{"@context":"https:\/\/schema.org","@graph":[{"@type":"WebPage","@id":"https:\/\/shopatoa.com\/ro\/calvin-klein-ck-one-lapte-de-corp-unisex-250-ml\/","url":"https:\/\/shopatoa.com\/ro\/calvin-klein-ck-one-lapte-de-corp-unisex-250-ml\/","name":"Calvin Klein CK One lapte de corp unisex 250 ml - SHOPATOA.COM","isPartOf":{"@id":"https:\/\/shopatoa.com\/ro\/#website"},"primaryImageOfPage":{"@id":"https:\/\/shopatoa.com\/ro\/calvin-klein-ck-one-lapte-de-corp-unisex-250-ml\/#primaryimage"},"image":{"@id":"https:\/\/shopatoa.com\/ro\/calvin-klein-ck-one-lapte-de-corp-unisex-250-ml\/#primaryimage"},"thumbnailUrl":"https:\/\/storage.googleapis.com\/cz-shopatoa-img\/ro\/b092a9b8-unnamed-file.webp","datePublished":"2025-06-19T22:26:40+00:00","dateModified":"2025-12-09T11:43:25+00:00","breadcrumb":{"@id":"https:\/\/shopatoa.com\/ro\/calvin-klein-ck-one-lapte-de-corp-unisex-250-ml\/#breadcrumb"},"inLanguage":"ro-RO","potentialAction":[{"@type":"ReadAction","target":["https:\/\/shopatoa.com\/ro\/calvin-klein-ck-one-lapte-de-corp-unisex-250-ml\/"]}]},{"@type":"ImageObject","inLanguage":"ro-RO","@id":"https:\/\/shopatoa.com\/ro\/calvin-klein-ck-one-lapte-de-corp-unisex-250-ml\/#primaryimage","url":"https:\/\/storage.googleapis.com\/cz-shopatoa-img\/ro\/b092a9b8-unnamed-file.webp","contentUrl":"https:\/\/storage.googleapis.com\/cz-shopatoa-img\/ro\/b092a9b8-unnamed-file.webp","width":800,"height":800},{"@type":"BreadcrumbList","@id":"https:\/\/shopatoa.com\/ro\/calvin-klein-ck-one-lapte-de-corp-unisex-250-ml\/#breadcrumb","itemListElement":[{"@type":"ListItem","position":1,"name":"Dom\u016f","item":"https:\/\/shopatoa.com\/ro\/"},{"@type":"ListItem","position":2,"name":"Shop","item":"https:\/\/shopatoa.com\/ro\/shop\/"},{"@type":"ListItem","position":3,"name":"S\u0103n\u0103tate \u0219i frumuse\u021be","item":"https:\/\/shopatoa.com\/ro\/sanatate-si-frumusete\/"},{"@type":"ListItem","position":4,"name":"\u00cengrijire personal\u0103","item":"https:\/\/shopatoa.com\/ro\/ingrijire-personala\/"},{"@type":"ListItem","position":5,"name":"Cosmetice","item":"https:\/\/shopatoa.com\/ro\/cosmetice-ingrijire-personala\/"},{"@type":"ListItem","position":6,"name":"Parfumuri \u0219i colonii","item":"https:\/\/shopatoa.com\/ro\/parfumuri-si-colonii\/"},{"@type":"ListItem","position":7,"name":"Cosmetice parfumate","item":"https:\/\/shopatoa.com\/ro\/cosmetice-parfumate\/"},{"@type":"ListItem","position":8,"name":"\u00cengrijirea corpului","item":"https:\/\/shopatoa.com\/ro\/ingrijirea-corpului\/"},{"@type":"ListItem","position":9,"name":"Calvin Klein CK One lapte de corp unisex 250 ml"}]},{"@type":"WebSite","@id":"https:\/\/shopatoa.com\/ro\/#website","url":"https:\/\/shopatoa.com\/ro\/","name":"SHOPATOA","description":"","publisher":{"@id":"https:\/\/shopatoa.com\/ro\/#organization"},"potentialAction":[{"@type":"SearchAction","target":{"@type":"EntryPoint","urlTemplate":"https:\/\/shopatoa.com\/ro\/?s={search_term_string}"},"query-input":{"@type":"PropertyValueSpecification","valueRequired":true,"valueName":"search_term_string"}}],"inLanguage":"ro-RO"},{"@type":"Organization","@id":"https:\/\/shopatoa.com\/ro\/#organization","name":"SHOPATOA","url":"https:\/\/shopatoa.com\/ro\/","logo":{"@type":"ImageObject","inLanguage":"ro-RO","@id":"https:\/\/shopatoa.com\/ro\/#\/schema\/logo\/image\/","url":"https:\/\/storage.googleapis.com\/cz-shopatoa-img\/ro\/b4dac915-shopatoa_logo.png","contentUrl":"https:\/\/storage.googleapis.com\/cz-shopatoa-img\/ro\/b4dac915-shopatoa_logo.png","width":416,"height":63,"caption":"SHOPATOA"},"image":{"@id":"https:\/\/shopatoa.com\/ro\/#\/schema\/logo\/image\/"}}]}},"_links":{"self":[{"href":"https:\/\/shopatoa.com\/ro\/wp-json\/wp\/v2\/product\/409781","targetHints":{"allow":["GET"]}}],"collection":[{"href":"https:\/\/shopatoa.com\/ro\/wp-json\/wp\/v2\/product"}],"about":[{"href":"https:\/\/shopatoa.com\/ro\/wp-json\/wp\/v2\/types\/product"}],"replies":[{"embeddable":true,"href":"https:\/\/shopatoa.com\/ro\/wp-json\/wp\/v2\/comments?post=409781"}],"wp:featuredmedia":[{"embeddable":true,"href":"https:\/\/shopatoa.com\/ro\/wp-json\/wp\/v2\/media\/409782"}],"wp:attachment":[{"href":"https:\/\/shopatoa.com\/ro\/wp-json\/wp\/v2\/media?parent=409781"}],"wp:term":[{"taxonomy":"product_brand","embeddable":true,"href":"https:\/\/shopatoa.com\/ro\/wp-json\/wp\/v2\/product_brand?post=409781"},{"taxonomy":"product_cat","embeddable":true,"href":"https:\/\/shopatoa.com\/ro\/wp-json\/wp\/v2\/product_cat?post=409781"},{"taxonomy":"product_tag","embeddable":true,"href":"https:\/\/shopatoa.com\/ro\/wp-json\/wp\/v2\/product_tag?post=409781"}],"curies":[{"name":"wp","href":"https:\/\/api.w.org\/{rel}","templated":true}]}}