{"id":410023,"date":"2025-06-20T00:52:31","date_gmt":"2025-06-19T22:52:31","guid":{"rendered":"https:\/\/shopatoa.com\/ro\/skkn-by-kim-home-accessories-vanity-bag-geanta-de-cosmetice-pentru-femei-1-buc\/"},"modified":"2025-12-09T11:34:39","modified_gmt":"2025-12-09T10:34:39","slug":"skkn-by-kim-home-accessories-vanity-bag-geanta-de-cosmetice-pentru-femei-1-buc","status":"publish","type":"product","link":"https:\/\/shopatoa.com\/ro\/skkn-by-kim-home-accessories-vanity-bag-geanta-de-cosmetice-pentru-femei-1-buc\/","title":{"rendered":"SKKN BY KIM Home accessories Vanity Bag geanta de cosmetice pentru femei 1 buc"},"content":{"rendered":"<p>SKKN BY KIM Home accessories Vanity Bag, 1 buc, Gen\u021bi cosmetice pentru femei, Dori\u021bi s\u0103 ave\u021bi toate articolele dvs. esen\u021biale de beauty ordonate \u0219i sub control? Atunci geanta cosmetic\u0103 stilat\u0103 SKKN by KimHome accessoriesVanity Bag este alegerea potrivit\u0103 pentru dvs. Este perfect\u0103 pentru c\u0103l\u0103torii, precum \u0219i pentru depozitarea produselor de machiaj sau de \u00eengrijire \u00een baie. Combin\u0103 caracterul practic, func\u021bionalitatea \u0219i stilul, elimin\u00e2nd riscul scurgerilor sau v\u0103rs\u0103rilor, totul are locul s\u0103u \u0219i pute\u021bi \u021bine cu u\u0219urin\u021b\u0103 eviden\u021ba produselor dvs. cosmetice.  Caracteristici:  geant\u0103 spa\u021bioas\u0103 pentru cosmetice, ideal\u0103 pentru c\u0103l\u0103torii lungi \u00eenchidere practic\u0103, cu fermoar<\/p>\n","protected":false},"excerpt":{"rendered":"<p>SKKN BY KIM Home accessories Vanity Bag, 1 buc, Gen\u021bi cosmetice pentru femei, Dori\u021bi s\u0103 ave\u021bi toate articolele dvs. esen\u021biale de beauty ordonate \u0219i sub control? Atunci geanta cosmetic\u0103 stilat\u0103 SKKN by KimHome accessoriesVanity Bag este alegerea potrivit\u0103 pentru dvs. Este perfect\u0103 pentru c\u0103l\u0103torii, precum \u0219i pentru depozitarea produselor de machiaj sau de \u00eengrijire \u00een&#8230;<\/p>\n","protected":false},"featured_media":410024,"comment_status":"closed","ping_status":"open","template":"","meta":{"_acf_changed":false,"_kadence_starter_templates_imported_post":false,"_kad_post_transparent":"","_kad_post_title":"","_kad_post_layout":"","_kad_post_sidebar_id":"","_kad_post_content_style":"","_kad_post_vertical_padding":"","_kad_post_feature":"","_kad_post_feature_position":"","_kad_post_header":false,"_kad_post_footer":false,"_kad_post_classname":""},"product_brand":[1809],"product_cat":[3217,1564,3218,1563,1576,1562],"product_tag":[],"class_list":{"0":"post-410023","1":"product","2":"type-product","3":"status-publish","4":"has-post-thumbnail","6":"product_brand-skkn-by-kim","7":"product_cat-accesorii","8":"product_cat-cosmetice-ingrijire-personala","9":"product_cat-genti-cosmetice","10":"product_cat-ingrijire-personala","11":"product_cat-machiaj","12":"product_cat-sanatate-si-frumusete","13":"pa_gen-female","14":"pa_marime-1-buc","16":"first","17":"instock","18":"sale","19":"product-type-external","20":"entry","21":"content-bg","22":"loop-entry"},"acf":[],"yoast_head":"<!-- This site is optimized with the Yoast SEO plugin v27.4 - https:\/\/yoast.com\/product\/yoast-seo-wordpress\/ -->\n<title>SKKN BY KIM Home accessories Vanity Bag geanta de cosmetice pentru femei 1 buc - SHOPATOA.COM<\/title>\n<meta name=\"robots\" content=\"index, follow, max-snippet:-1, max-image-preview:large, max-video-preview:-1\" \/>\n<link rel=\"canonical\" href=\"https:\/\/shopatoa.com\/ro\/skkn-by-kim-home-accessories-vanity-bag-geanta-de-cosmetice-pentru-femei-1-buc\/\" \/>\n<meta property=\"og:locale\" content=\"ro_RO\" \/>\n<meta property=\"og:type\" content=\"article\" \/>\n<meta property=\"og:title\" content=\"SKKN BY KIM Home accessories Vanity Bag geanta de cosmetice pentru femei 1 buc - SHOPATOA.COM\" \/>\n<meta property=\"og:description\" content=\"SKKN BY KIM Home accessories Vanity Bag, 1 buc, Gen\u021bi cosmetice pentru femei, Dori\u021bi s\u0103 ave\u021bi toate articolele dvs. esen\u021biale de beauty ordonate \u0219i sub control? Atunci geanta cosmetic\u0103 stilat\u0103 SKKN by KimHome accessoriesVanity Bag este alegerea potrivit\u0103 pentru dvs. Este perfect\u0103 pentru c\u0103l\u0103torii, precum \u0219i pentru depozitarea produselor de machiaj sau de \u00eengrijire \u00een...\" \/>\n<meta property=\"og:url\" content=\"https:\/\/shopatoa.com\/ro\/skkn-by-kim-home-accessories-vanity-bag-geanta-de-cosmetice-pentru-femei-1-buc\/\" \/>\n<meta property=\"og:site_name\" content=\"SHOPATOA\" \/>\n<meta property=\"article:modified_time\" content=\"2025-12-09T10:34:39+00:00\" \/>\n<meta property=\"og:image\" content=\"https:\/\/storage.googleapis.com\/cz-shopatoa-img\/ro\/ffb526b4-unnamed-file.webp\" \/>\n\t<meta property=\"og:image:width\" content=\"800\" \/>\n\t<meta property=\"og:image:height\" content=\"800\" \/>\n\t<meta property=\"og:image:type\" content=\"image\/webp\" \/>\n<meta name=\"twitter:card\" content=\"summary_large_image\" \/>\n<meta name=\"twitter:label1\" content=\"Timp estimat pentru citire\" \/>\n\t<meta name=\"twitter:data1\" content=\"1 minut\" \/>\n<script type=\"application\/ld+json\" class=\"yoast-schema-graph\">{\"@context\":\"https:\\\/\\\/schema.org\",\"@graph\":[{\"@type\":\"WebPage\",\"@id\":\"https:\\\/\\\/shopatoa.com\\\/ro\\\/skkn-by-kim-home-accessories-vanity-bag-geanta-de-cosmetice-pentru-femei-1-buc\\\/\",\"url\":\"https:\\\/\\\/shopatoa.com\\\/ro\\\/skkn-by-kim-home-accessories-vanity-bag-geanta-de-cosmetice-pentru-femei-1-buc\\\/\",\"name\":\"SKKN BY KIM Home accessories Vanity Bag geanta de cosmetice pentru femei 1 buc - SHOPATOA.COM\",\"isPartOf\":{\"@id\":\"https:\\\/\\\/shopatoa.com\\\/ro\\\/#website\"},\"primaryImageOfPage\":{\"@id\":\"https:\\\/\\\/shopatoa.com\\\/ro\\\/skkn-by-kim-home-accessories-vanity-bag-geanta-de-cosmetice-pentru-femei-1-buc\\\/#primaryimage\"},\"image\":{\"@id\":\"https:\\\/\\\/shopatoa.com\\\/ro\\\/skkn-by-kim-home-accessories-vanity-bag-geanta-de-cosmetice-pentru-femei-1-buc\\\/#primaryimage\"},\"thumbnailUrl\":\"https:\\\/\\\/storage.googleapis.com\\\/cz-shopatoa-img\\\/ro\\\/ffb526b4-unnamed-file.webp\",\"datePublished\":\"2025-06-19T22:52:31+00:00\",\"dateModified\":\"2025-12-09T10:34:39+00:00\",\"breadcrumb\":{\"@id\":\"https:\\\/\\\/shopatoa.com\\\/ro\\\/skkn-by-kim-home-accessories-vanity-bag-geanta-de-cosmetice-pentru-femei-1-buc\\\/#breadcrumb\"},\"inLanguage\":\"ro-RO\",\"potentialAction\":[{\"@type\":\"ReadAction\",\"target\":[\"https:\\\/\\\/shopatoa.com\\\/ro\\\/skkn-by-kim-home-accessories-vanity-bag-geanta-de-cosmetice-pentru-femei-1-buc\\\/\"]}]},{\"@type\":\"ImageObject\",\"inLanguage\":\"ro-RO\",\"@id\":\"https:\\\/\\\/shopatoa.com\\\/ro\\\/skkn-by-kim-home-accessories-vanity-bag-geanta-de-cosmetice-pentru-femei-1-buc\\\/#primaryimage\",\"url\":\"https:\\\/\\\/storage.googleapis.com\\\/cz-shopatoa-img\\\/ro\\\/ffb526b4-unnamed-file.webp\",\"contentUrl\":\"https:\\\/\\\/storage.googleapis.com\\\/cz-shopatoa-img\\\/ro\\\/ffb526b4-unnamed-file.webp\",\"width\":800,\"height\":800},{\"@type\":\"BreadcrumbList\",\"@id\":\"https:\\\/\\\/shopatoa.com\\\/ro\\\/skkn-by-kim-home-accessories-vanity-bag-geanta-de-cosmetice-pentru-femei-1-buc\\\/#breadcrumb\",\"itemListElement\":[{\"@type\":\"ListItem\",\"position\":1,\"name\":\"Dom\u016f\",\"item\":\"https:\\\/\\\/shopatoa.com\\\/ro\\\/\"},{\"@type\":\"ListItem\",\"position\":2,\"name\":\"Shop\",\"item\":\"https:\\\/\\\/shopatoa.com\\\/ro\\\/shop\\\/\"},{\"@type\":\"ListItem\",\"position\":3,\"name\":\"S\u0103n\u0103tate \u0219i frumuse\u021be\",\"item\":\"https:\\\/\\\/shopatoa.com\\\/ro\\\/sanatate-si-frumusete\\\/\"},{\"@type\":\"ListItem\",\"position\":4,\"name\":\"\u00cengrijire personal\u0103\",\"item\":\"https:\\\/\\\/shopatoa.com\\\/ro\\\/ingrijire-personala\\\/\"},{\"@type\":\"ListItem\",\"position\":5,\"name\":\"Cosmetice\",\"item\":\"https:\\\/\\\/shopatoa.com\\\/ro\\\/cosmetice-ingrijire-personala\\\/\"},{\"@type\":\"ListItem\",\"position\":6,\"name\":\"Machiaj\",\"item\":\"https:\\\/\\\/shopatoa.com\\\/ro\\\/machiaj\\\/\"},{\"@type\":\"ListItem\",\"position\":7,\"name\":\"Accesorii\",\"item\":\"https:\\\/\\\/shopatoa.com\\\/ro\\\/accesorii\\\/\"},{\"@type\":\"ListItem\",\"position\":8,\"name\":\"Gen\u021bi cosmetice\",\"item\":\"https:\\\/\\\/shopatoa.com\\\/ro\\\/genti-cosmetice\\\/\"},{\"@type\":\"ListItem\",\"position\":9,\"name\":\"SKKN BY KIM Home accessories Vanity Bag geanta de cosmetice pentru femei 1 buc\"}]},{\"@type\":\"WebSite\",\"@id\":\"https:\\\/\\\/shopatoa.com\\\/ro\\\/#website\",\"url\":\"https:\\\/\\\/shopatoa.com\\\/ro\\\/\",\"name\":\"SHOPATOA\",\"description\":\"\",\"publisher\":{\"@id\":\"https:\\\/\\\/shopatoa.com\\\/ro\\\/#organization\"},\"potentialAction\":[{\"@type\":\"SearchAction\",\"target\":{\"@type\":\"EntryPoint\",\"urlTemplate\":\"https:\\\/\\\/shopatoa.com\\\/ro\\\/?s={search_term_string}\"},\"query-input\":{\"@type\":\"PropertyValueSpecification\",\"valueRequired\":true,\"valueName\":\"search_term_string\"}}],\"inLanguage\":\"ro-RO\"},{\"@type\":\"Organization\",\"@id\":\"https:\\\/\\\/shopatoa.com\\\/ro\\\/#organization\",\"name\":\"SHOPATOA\",\"url\":\"https:\\\/\\\/shopatoa.com\\\/ro\\\/\",\"logo\":{\"@type\":\"ImageObject\",\"inLanguage\":\"ro-RO\",\"@id\":\"https:\\\/\\\/shopatoa.com\\\/ro\\\/#\\\/schema\\\/logo\\\/image\\\/\",\"url\":\"https:\\\/\\\/storage.googleapis.com\\\/cz-shopatoa-img\\\/ro\\\/b4dac915-shopatoa_logo.png\",\"contentUrl\":\"https:\\\/\\\/storage.googleapis.com\\\/cz-shopatoa-img\\\/ro\\\/b4dac915-shopatoa_logo.png\",\"width\":416,\"height\":63,\"caption\":\"SHOPATOA\"},\"image\":{\"@id\":\"https:\\\/\\\/shopatoa.com\\\/ro\\\/#\\\/schema\\\/logo\\\/image\\\/\"}}]}<\/script>\n<!-- \/ Yoast SEO plugin. -->","yoast_head_json":{"title":"SKKN BY KIM Home accessories Vanity Bag geanta de cosmetice pentru femei 1 buc - SHOPATOA.COM","robots":{"index":"index","follow":"follow","max-snippet":"max-snippet:-1","max-image-preview":"max-image-preview:large","max-video-preview":"max-video-preview:-1"},"canonical":"https:\/\/shopatoa.com\/ro\/skkn-by-kim-home-accessories-vanity-bag-geanta-de-cosmetice-pentru-femei-1-buc\/","og_locale":"ro_RO","og_type":"article","og_title":"SKKN BY KIM Home accessories Vanity Bag geanta de cosmetice pentru femei 1 buc - SHOPATOA.COM","og_description":"SKKN BY KIM Home accessories Vanity Bag, 1 buc, Gen\u021bi cosmetice pentru femei, Dori\u021bi s\u0103 ave\u021bi toate articolele dvs. esen\u021biale de beauty ordonate \u0219i sub control? Atunci geanta cosmetic\u0103 stilat\u0103 SKKN by KimHome accessoriesVanity Bag este alegerea potrivit\u0103 pentru dvs. Este perfect\u0103 pentru c\u0103l\u0103torii, precum \u0219i pentru depozitarea produselor de machiaj sau de \u00eengrijire \u00een...","og_url":"https:\/\/shopatoa.com\/ro\/skkn-by-kim-home-accessories-vanity-bag-geanta-de-cosmetice-pentru-femei-1-buc\/","og_site_name":"SHOPATOA","article_modified_time":"2025-12-09T10:34:39+00:00","og_image":[{"width":800,"height":800,"url":"https:\/\/storage.googleapis.com\/cz-shopatoa-img\/ro\/ffb526b4-unnamed-file.webp","type":"image\/webp"}],"twitter_card":"summary_large_image","twitter_misc":{"Timp estimat pentru citire":"1 minut"},"schema":{"@context":"https:\/\/schema.org","@graph":[{"@type":"WebPage","@id":"https:\/\/shopatoa.com\/ro\/skkn-by-kim-home-accessories-vanity-bag-geanta-de-cosmetice-pentru-femei-1-buc\/","url":"https:\/\/shopatoa.com\/ro\/skkn-by-kim-home-accessories-vanity-bag-geanta-de-cosmetice-pentru-femei-1-buc\/","name":"SKKN BY KIM Home accessories Vanity Bag geanta de cosmetice pentru femei 1 buc - SHOPATOA.COM","isPartOf":{"@id":"https:\/\/shopatoa.com\/ro\/#website"},"primaryImageOfPage":{"@id":"https:\/\/shopatoa.com\/ro\/skkn-by-kim-home-accessories-vanity-bag-geanta-de-cosmetice-pentru-femei-1-buc\/#primaryimage"},"image":{"@id":"https:\/\/shopatoa.com\/ro\/skkn-by-kim-home-accessories-vanity-bag-geanta-de-cosmetice-pentru-femei-1-buc\/#primaryimage"},"thumbnailUrl":"https:\/\/storage.googleapis.com\/cz-shopatoa-img\/ro\/ffb526b4-unnamed-file.webp","datePublished":"2025-06-19T22:52:31+00:00","dateModified":"2025-12-09T10:34:39+00:00","breadcrumb":{"@id":"https:\/\/shopatoa.com\/ro\/skkn-by-kim-home-accessories-vanity-bag-geanta-de-cosmetice-pentru-femei-1-buc\/#breadcrumb"},"inLanguage":"ro-RO","potentialAction":[{"@type":"ReadAction","target":["https:\/\/shopatoa.com\/ro\/skkn-by-kim-home-accessories-vanity-bag-geanta-de-cosmetice-pentru-femei-1-buc\/"]}]},{"@type":"ImageObject","inLanguage":"ro-RO","@id":"https:\/\/shopatoa.com\/ro\/skkn-by-kim-home-accessories-vanity-bag-geanta-de-cosmetice-pentru-femei-1-buc\/#primaryimage","url":"https:\/\/storage.googleapis.com\/cz-shopatoa-img\/ro\/ffb526b4-unnamed-file.webp","contentUrl":"https:\/\/storage.googleapis.com\/cz-shopatoa-img\/ro\/ffb526b4-unnamed-file.webp","width":800,"height":800},{"@type":"BreadcrumbList","@id":"https:\/\/shopatoa.com\/ro\/skkn-by-kim-home-accessories-vanity-bag-geanta-de-cosmetice-pentru-femei-1-buc\/#breadcrumb","itemListElement":[{"@type":"ListItem","position":1,"name":"Dom\u016f","item":"https:\/\/shopatoa.com\/ro\/"},{"@type":"ListItem","position":2,"name":"Shop","item":"https:\/\/shopatoa.com\/ro\/shop\/"},{"@type":"ListItem","position":3,"name":"S\u0103n\u0103tate \u0219i frumuse\u021be","item":"https:\/\/shopatoa.com\/ro\/sanatate-si-frumusete\/"},{"@type":"ListItem","position":4,"name":"\u00cengrijire personal\u0103","item":"https:\/\/shopatoa.com\/ro\/ingrijire-personala\/"},{"@type":"ListItem","position":5,"name":"Cosmetice","item":"https:\/\/shopatoa.com\/ro\/cosmetice-ingrijire-personala\/"},{"@type":"ListItem","position":6,"name":"Machiaj","item":"https:\/\/shopatoa.com\/ro\/machiaj\/"},{"@type":"ListItem","position":7,"name":"Accesorii","item":"https:\/\/shopatoa.com\/ro\/accesorii\/"},{"@type":"ListItem","position":8,"name":"Gen\u021bi cosmetice","item":"https:\/\/shopatoa.com\/ro\/genti-cosmetice\/"},{"@type":"ListItem","position":9,"name":"SKKN BY KIM Home accessories Vanity Bag geanta de cosmetice pentru femei 1 buc"}]},{"@type":"WebSite","@id":"https:\/\/shopatoa.com\/ro\/#website","url":"https:\/\/shopatoa.com\/ro\/","name":"SHOPATOA","description":"","publisher":{"@id":"https:\/\/shopatoa.com\/ro\/#organization"},"potentialAction":[{"@type":"SearchAction","target":{"@type":"EntryPoint","urlTemplate":"https:\/\/shopatoa.com\/ro\/?s={search_term_string}"},"query-input":{"@type":"PropertyValueSpecification","valueRequired":true,"valueName":"search_term_string"}}],"inLanguage":"ro-RO"},{"@type":"Organization","@id":"https:\/\/shopatoa.com\/ro\/#organization","name":"SHOPATOA","url":"https:\/\/shopatoa.com\/ro\/","logo":{"@type":"ImageObject","inLanguage":"ro-RO","@id":"https:\/\/shopatoa.com\/ro\/#\/schema\/logo\/image\/","url":"https:\/\/storage.googleapis.com\/cz-shopatoa-img\/ro\/b4dac915-shopatoa_logo.png","contentUrl":"https:\/\/storage.googleapis.com\/cz-shopatoa-img\/ro\/b4dac915-shopatoa_logo.png","width":416,"height":63,"caption":"SHOPATOA"},"image":{"@id":"https:\/\/shopatoa.com\/ro\/#\/schema\/logo\/image\/"}}]}},"_links":{"self":[{"href":"https:\/\/shopatoa.com\/ro\/wp-json\/wp\/v2\/product\/410023","targetHints":{"allow":["GET"]}}],"collection":[{"href":"https:\/\/shopatoa.com\/ro\/wp-json\/wp\/v2\/product"}],"about":[{"href":"https:\/\/shopatoa.com\/ro\/wp-json\/wp\/v2\/types\/product"}],"replies":[{"embeddable":true,"href":"https:\/\/shopatoa.com\/ro\/wp-json\/wp\/v2\/comments?post=410023"}],"wp:featuredmedia":[{"embeddable":true,"href":"https:\/\/shopatoa.com\/ro\/wp-json\/wp\/v2\/media\/410024"}],"wp:attachment":[{"href":"https:\/\/shopatoa.com\/ro\/wp-json\/wp\/v2\/media?parent=410023"}],"wp:term":[{"taxonomy":"product_brand","embeddable":true,"href":"https:\/\/shopatoa.com\/ro\/wp-json\/wp\/v2\/product_brand?post=410023"},{"taxonomy":"product_cat","embeddable":true,"href":"https:\/\/shopatoa.com\/ro\/wp-json\/wp\/v2\/product_cat?post=410023"},{"taxonomy":"product_tag","embeddable":true,"href":"https:\/\/shopatoa.com\/ro\/wp-json\/wp\/v2\/product_tag?post=410023"}],"curies":[{"name":"wp","href":"https:\/\/api.w.org\/{rel}","templated":true}]}}