{"id":410103,"date":"2025-06-20T00:59:39","date_gmt":"2025-06-19T22:59:39","guid":{"rendered":"https:\/\/shopatoa.com\/ro\/str8-fr34k-deodorant-deodorant-pentru-barbati-150-ml\/"},"modified":"2025-12-09T11:13:05","modified_gmt":"2025-12-09T10:13:05","slug":"str8-fr34k-deodorant-deodorant-pentru-barbati-150-ml","status":"publish","type":"product","link":"https:\/\/shopatoa.com\/ro\/str8-fr34k-deodorant-deodorant-pentru-barbati-150-ml\/","title":{"rendered":"STR8 FR34K Deodorant deodorant pentru b\u0103rba\u021bi 150 ml"},"content":{"rendered":"<p>STR8 FR34K Deodorant, 150 ml, Deodorante \u0219i antiperspirante pentru b\u0103rba\u021bi, Oricare ar fi programul zilei, pute\u021bi l\u0103sa \u00een urm\u0103 grijile privind mirosul nepl\u0103cut al transpira\u021biei. Deodorantul STR8 FR34K Deodorant previne nepl\u0103cerea pe care o reprezint\u0103 mirosul corporal. Las\u0103 pielea pl\u0103cut parfumat\u0103 \u0219i combate mirosul nepl\u0103cut, care se produce atunci c\u00e2nd transpira\u021bia reac\u021bioneaz\u0103 cu bacteriile de pe piele. V\u0103 va asigura o protec\u021bie de lung\u0103 durat\u0103, datorit\u0103 efectului s\u0103u deodorant eficient, pentru a v\u0103 bucura de o senza\u021bie de prospe\u021bime \u0219i curat pe tot parcursul zilei.  Caracteristici:  amplific\u0103 intensitatea parfumului din aceea\u0219i colec\u021bie confer\u0103 prospe\u021bime face pl\u0103cere oric\u0103rui b\u0103rbat  Cum se utilizeaz\u0103: Ideal pentru utilizarea zilnic\u0103.<\/p>\n","protected":false},"excerpt":{"rendered":"<p>STR8 FR34K Deodorant, 150 ml, Deodorante \u0219i antiperspirante pentru b\u0103rba\u021bi, Oricare ar fi programul zilei, pute\u021bi l\u0103sa \u00een urm\u0103 grijile privind mirosul nepl\u0103cut al transpira\u021biei. Deodorantul STR8 FR34K Deodorant previne nepl\u0103cerea pe care o reprezint\u0103 mirosul corporal. Las\u0103 pielea pl\u0103cut parfumat\u0103 \u0219i combate mirosul nepl\u0103cut, care se produce atunci c\u00e2nd transpira\u021bia reac\u021bioneaz\u0103 cu bacteriile de&#8230;<\/p>\n","protected":false},"featured_media":410104,"comment_status":"closed","ping_status":"open","template":"","meta":{"_acf_changed":false,"_kadence_starter_templates_imported_post":false,"_kad_post_transparent":"","_kad_post_title":"","_kad_post_layout":"","_kad_post_sidebar_id":"","_kad_post_content_style":"","_kad_post_vertical_padding":"","_kad_post_feature":"","_kad_post_feature_position":"","_kad_post_header":false,"_kad_post_footer":false,"_kad_post_classname":""},"product_brand":[363],"product_cat":[1564,3208,3223,1563,3200,1562],"product_tag":[],"class_list":{"0":"post-410103","1":"product","2":"type-product","3":"status-publish","4":"has-post-thumbnail","6":"product_brand-str8","7":"product_cat-cosmetice-ingrijire-personala","8":"product_cat-cosmetice-parfumate","9":"product_cat-deodorante-si-antiperspirante","10":"product_cat-ingrijire-personala","11":"product_cat-parfumuri-si-colonii","12":"product_cat-sanatate-si-frumusete","13":"pa_gen-male","14":"pa_marime-150-ml","16":"first","17":"instock","18":"product-type-external","19":"entry","20":"content-bg","21":"loop-entry"},"acf":[],"yoast_head":"<!-- This site is optimized with the Yoast SEO plugin v27.3 - https:\/\/yoast.com\/product\/yoast-seo-wordpress\/ -->\n<title>STR8 FR34K Deodorant deodorant pentru b\u0103rba\u021bi 150 ml - SHOPATOA.COM<\/title>\n<meta name=\"robots\" content=\"index, follow, max-snippet:-1, max-image-preview:large, max-video-preview:-1\" \/>\n<link rel=\"canonical\" href=\"https:\/\/shopatoa.com\/ro\/str8-fr34k-deodorant-deodorant-pentru-barbati-150-ml\/\" \/>\n<meta property=\"og:locale\" content=\"ro_RO\" \/>\n<meta property=\"og:type\" content=\"article\" \/>\n<meta property=\"og:title\" content=\"STR8 FR34K Deodorant deodorant pentru b\u0103rba\u021bi 150 ml - SHOPATOA.COM\" \/>\n<meta property=\"og:description\" content=\"STR8 FR34K Deodorant, 150 ml, Deodorante \u0219i antiperspirante pentru b\u0103rba\u021bi, Oricare ar fi programul zilei, pute\u021bi l\u0103sa \u00een urm\u0103 grijile privind mirosul nepl\u0103cut al transpira\u021biei. Deodorantul STR8 FR34K Deodorant previne nepl\u0103cerea pe care o reprezint\u0103 mirosul corporal. Las\u0103 pielea pl\u0103cut parfumat\u0103 \u0219i combate mirosul nepl\u0103cut, care se produce atunci c\u00e2nd transpira\u021bia reac\u021bioneaz\u0103 cu bacteriile de...\" \/>\n<meta property=\"og:url\" content=\"https:\/\/shopatoa.com\/ro\/str8-fr34k-deodorant-deodorant-pentru-barbati-150-ml\/\" \/>\n<meta property=\"og:site_name\" content=\"SHOPATOA\" \/>\n<meta property=\"article:modified_time\" content=\"2025-12-09T10:13:05+00:00\" \/>\n<meta property=\"og:image\" content=\"https:\/\/storage.googleapis.com\/cz-shopatoa-img\/ro\/8622798a-.webp\" \/>\n\t<meta property=\"og:image:width\" content=\"800\" \/>\n\t<meta property=\"og:image:height\" content=\"800\" \/>\n\t<meta property=\"og:image:type\" content=\"image\/webp\" \/>\n<meta name=\"twitter:card\" content=\"summary_large_image\" \/>\n<meta name=\"twitter:label1\" content=\"Timp estimat pentru citire\" \/>\n\t<meta name=\"twitter:data1\" content=\"1 minut\" \/>\n<script type=\"application\/ld+json\" class=\"yoast-schema-graph\">{\"@context\":\"https:\\\/\\\/schema.org\",\"@graph\":[{\"@type\":\"WebPage\",\"@id\":\"https:\\\/\\\/shopatoa.com\\\/ro\\\/str8-fr34k-deodorant-deodorant-pentru-barbati-150-ml\\\/\",\"url\":\"https:\\\/\\\/shopatoa.com\\\/ro\\\/str8-fr34k-deodorant-deodorant-pentru-barbati-150-ml\\\/\",\"name\":\"STR8 FR34K Deodorant deodorant pentru b\u0103rba\u021bi 150 ml - SHOPATOA.COM\",\"isPartOf\":{\"@id\":\"https:\\\/\\\/shopatoa.com\\\/ro\\\/#website\"},\"primaryImageOfPage\":{\"@id\":\"https:\\\/\\\/shopatoa.com\\\/ro\\\/str8-fr34k-deodorant-deodorant-pentru-barbati-150-ml\\\/#primaryimage\"},\"image\":{\"@id\":\"https:\\\/\\\/shopatoa.com\\\/ro\\\/str8-fr34k-deodorant-deodorant-pentru-barbati-150-ml\\\/#primaryimage\"},\"thumbnailUrl\":\"https:\\\/\\\/storage.googleapis.com\\\/cz-shopatoa-img\\\/ro\\\/8622798a-.webp\",\"datePublished\":\"2025-06-19T22:59:39+00:00\",\"dateModified\":\"2025-12-09T10:13:05+00:00\",\"breadcrumb\":{\"@id\":\"https:\\\/\\\/shopatoa.com\\\/ro\\\/str8-fr34k-deodorant-deodorant-pentru-barbati-150-ml\\\/#breadcrumb\"},\"inLanguage\":\"ro-RO\",\"potentialAction\":[{\"@type\":\"ReadAction\",\"target\":[\"https:\\\/\\\/shopatoa.com\\\/ro\\\/str8-fr34k-deodorant-deodorant-pentru-barbati-150-ml\\\/\"]}]},{\"@type\":\"ImageObject\",\"inLanguage\":\"ro-RO\",\"@id\":\"https:\\\/\\\/shopatoa.com\\\/ro\\\/str8-fr34k-deodorant-deodorant-pentru-barbati-150-ml\\\/#primaryimage\",\"url\":\"https:\\\/\\\/storage.googleapis.com\\\/cz-shopatoa-img\\\/ro\\\/8622798a-.webp\",\"contentUrl\":\"https:\\\/\\\/storage.googleapis.com\\\/cz-shopatoa-img\\\/ro\\\/8622798a-.webp\",\"width\":800,\"height\":800},{\"@type\":\"BreadcrumbList\",\"@id\":\"https:\\\/\\\/shopatoa.com\\\/ro\\\/str8-fr34k-deodorant-deodorant-pentru-barbati-150-ml\\\/#breadcrumb\",\"itemListElement\":[{\"@type\":\"ListItem\",\"position\":1,\"name\":\"Dom\u016f\",\"item\":\"https:\\\/\\\/shopatoa.com\\\/ro\\\/\"},{\"@type\":\"ListItem\",\"position\":2,\"name\":\"Shop\",\"item\":\"https:\\\/\\\/shopatoa.com\\\/ro\\\/shop\\\/\"},{\"@type\":\"ListItem\",\"position\":3,\"name\":\"S\u0103n\u0103tate \u0219i frumuse\u021be\",\"item\":\"https:\\\/\\\/shopatoa.com\\\/ro\\\/sanatate-si-frumusete\\\/\"},{\"@type\":\"ListItem\",\"position\":4,\"name\":\"\u00cengrijire personal\u0103\",\"item\":\"https:\\\/\\\/shopatoa.com\\\/ro\\\/ingrijire-personala\\\/\"},{\"@type\":\"ListItem\",\"position\":5,\"name\":\"Cosmetice\",\"item\":\"https:\\\/\\\/shopatoa.com\\\/ro\\\/cosmetice-ingrijire-personala\\\/\"},{\"@type\":\"ListItem\",\"position\":6,\"name\":\"Parfumuri \u0219i colonii\",\"item\":\"https:\\\/\\\/shopatoa.com\\\/ro\\\/parfumuri-si-colonii\\\/\"},{\"@type\":\"ListItem\",\"position\":7,\"name\":\"Cosmetice parfumate\",\"item\":\"https:\\\/\\\/shopatoa.com\\\/ro\\\/cosmetice-parfumate\\\/\"},{\"@type\":\"ListItem\",\"position\":8,\"name\":\"Deodorante \u0219i antiperspirante\",\"item\":\"https:\\\/\\\/shopatoa.com\\\/ro\\\/deodorante-si-antiperspirante\\\/\"},{\"@type\":\"ListItem\",\"position\":9,\"name\":\"STR8 FR34K Deodorant deodorant pentru b\u0103rba\u021bi 150 ml\"}]},{\"@type\":\"WebSite\",\"@id\":\"https:\\\/\\\/shopatoa.com\\\/ro\\\/#website\",\"url\":\"https:\\\/\\\/shopatoa.com\\\/ro\\\/\",\"name\":\"SHOPATOA\",\"description\":\"\",\"publisher\":{\"@id\":\"https:\\\/\\\/shopatoa.com\\\/ro\\\/#organization\"},\"potentialAction\":[{\"@type\":\"SearchAction\",\"target\":{\"@type\":\"EntryPoint\",\"urlTemplate\":\"https:\\\/\\\/shopatoa.com\\\/ro\\\/?s={search_term_string}\"},\"query-input\":{\"@type\":\"PropertyValueSpecification\",\"valueRequired\":true,\"valueName\":\"search_term_string\"}}],\"inLanguage\":\"ro-RO\"},{\"@type\":\"Organization\",\"@id\":\"https:\\\/\\\/shopatoa.com\\\/ro\\\/#organization\",\"name\":\"SHOPATOA\",\"url\":\"https:\\\/\\\/shopatoa.com\\\/ro\\\/\",\"logo\":{\"@type\":\"ImageObject\",\"inLanguage\":\"ro-RO\",\"@id\":\"https:\\\/\\\/shopatoa.com\\\/ro\\\/#\\\/schema\\\/logo\\\/image\\\/\",\"url\":\"https:\\\/\\\/storage.googleapis.com\\\/cz-shopatoa-img\\\/ro\\\/b4dac915-shopatoa_logo.png\",\"contentUrl\":\"https:\\\/\\\/storage.googleapis.com\\\/cz-shopatoa-img\\\/ro\\\/b4dac915-shopatoa_logo.png\",\"width\":416,\"height\":63,\"caption\":\"SHOPATOA\"},\"image\":{\"@id\":\"https:\\\/\\\/shopatoa.com\\\/ro\\\/#\\\/schema\\\/logo\\\/image\\\/\"}}]}<\/script>\n<!-- \/ Yoast SEO plugin. -->","yoast_head_json":{"title":"STR8 FR34K Deodorant deodorant pentru b\u0103rba\u021bi 150 ml - SHOPATOA.COM","robots":{"index":"index","follow":"follow","max-snippet":"max-snippet:-1","max-image-preview":"max-image-preview:large","max-video-preview":"max-video-preview:-1"},"canonical":"https:\/\/shopatoa.com\/ro\/str8-fr34k-deodorant-deodorant-pentru-barbati-150-ml\/","og_locale":"ro_RO","og_type":"article","og_title":"STR8 FR34K Deodorant deodorant pentru b\u0103rba\u021bi 150 ml - SHOPATOA.COM","og_description":"STR8 FR34K Deodorant, 150 ml, Deodorante \u0219i antiperspirante pentru b\u0103rba\u021bi, Oricare ar fi programul zilei, pute\u021bi l\u0103sa \u00een urm\u0103 grijile privind mirosul nepl\u0103cut al transpira\u021biei. Deodorantul STR8 FR34K Deodorant previne nepl\u0103cerea pe care o reprezint\u0103 mirosul corporal. Las\u0103 pielea pl\u0103cut parfumat\u0103 \u0219i combate mirosul nepl\u0103cut, care se produce atunci c\u00e2nd transpira\u021bia reac\u021bioneaz\u0103 cu bacteriile de...","og_url":"https:\/\/shopatoa.com\/ro\/str8-fr34k-deodorant-deodorant-pentru-barbati-150-ml\/","og_site_name":"SHOPATOA","article_modified_time":"2025-12-09T10:13:05+00:00","og_image":[{"width":800,"height":800,"url":"https:\/\/storage.googleapis.com\/cz-shopatoa-img\/ro\/8622798a-.webp","type":"image\/webp"}],"twitter_card":"summary_large_image","twitter_misc":{"Timp estimat pentru citire":"1 minut"},"schema":{"@context":"https:\/\/schema.org","@graph":[{"@type":"WebPage","@id":"https:\/\/shopatoa.com\/ro\/str8-fr34k-deodorant-deodorant-pentru-barbati-150-ml\/","url":"https:\/\/shopatoa.com\/ro\/str8-fr34k-deodorant-deodorant-pentru-barbati-150-ml\/","name":"STR8 FR34K Deodorant deodorant pentru b\u0103rba\u021bi 150 ml - SHOPATOA.COM","isPartOf":{"@id":"https:\/\/shopatoa.com\/ro\/#website"},"primaryImageOfPage":{"@id":"https:\/\/shopatoa.com\/ro\/str8-fr34k-deodorant-deodorant-pentru-barbati-150-ml\/#primaryimage"},"image":{"@id":"https:\/\/shopatoa.com\/ro\/str8-fr34k-deodorant-deodorant-pentru-barbati-150-ml\/#primaryimage"},"thumbnailUrl":"https:\/\/storage.googleapis.com\/cz-shopatoa-img\/ro\/8622798a-.webp","datePublished":"2025-06-19T22:59:39+00:00","dateModified":"2025-12-09T10:13:05+00:00","breadcrumb":{"@id":"https:\/\/shopatoa.com\/ro\/str8-fr34k-deodorant-deodorant-pentru-barbati-150-ml\/#breadcrumb"},"inLanguage":"ro-RO","potentialAction":[{"@type":"ReadAction","target":["https:\/\/shopatoa.com\/ro\/str8-fr34k-deodorant-deodorant-pentru-barbati-150-ml\/"]}]},{"@type":"ImageObject","inLanguage":"ro-RO","@id":"https:\/\/shopatoa.com\/ro\/str8-fr34k-deodorant-deodorant-pentru-barbati-150-ml\/#primaryimage","url":"https:\/\/storage.googleapis.com\/cz-shopatoa-img\/ro\/8622798a-.webp","contentUrl":"https:\/\/storage.googleapis.com\/cz-shopatoa-img\/ro\/8622798a-.webp","width":800,"height":800},{"@type":"BreadcrumbList","@id":"https:\/\/shopatoa.com\/ro\/str8-fr34k-deodorant-deodorant-pentru-barbati-150-ml\/#breadcrumb","itemListElement":[{"@type":"ListItem","position":1,"name":"Dom\u016f","item":"https:\/\/shopatoa.com\/ro\/"},{"@type":"ListItem","position":2,"name":"Shop","item":"https:\/\/shopatoa.com\/ro\/shop\/"},{"@type":"ListItem","position":3,"name":"S\u0103n\u0103tate \u0219i frumuse\u021be","item":"https:\/\/shopatoa.com\/ro\/sanatate-si-frumusete\/"},{"@type":"ListItem","position":4,"name":"\u00cengrijire personal\u0103","item":"https:\/\/shopatoa.com\/ro\/ingrijire-personala\/"},{"@type":"ListItem","position":5,"name":"Cosmetice","item":"https:\/\/shopatoa.com\/ro\/cosmetice-ingrijire-personala\/"},{"@type":"ListItem","position":6,"name":"Parfumuri \u0219i colonii","item":"https:\/\/shopatoa.com\/ro\/parfumuri-si-colonii\/"},{"@type":"ListItem","position":7,"name":"Cosmetice parfumate","item":"https:\/\/shopatoa.com\/ro\/cosmetice-parfumate\/"},{"@type":"ListItem","position":8,"name":"Deodorante \u0219i antiperspirante","item":"https:\/\/shopatoa.com\/ro\/deodorante-si-antiperspirante\/"},{"@type":"ListItem","position":9,"name":"STR8 FR34K Deodorant deodorant pentru b\u0103rba\u021bi 150 ml"}]},{"@type":"WebSite","@id":"https:\/\/shopatoa.com\/ro\/#website","url":"https:\/\/shopatoa.com\/ro\/","name":"SHOPATOA","description":"","publisher":{"@id":"https:\/\/shopatoa.com\/ro\/#organization"},"potentialAction":[{"@type":"SearchAction","target":{"@type":"EntryPoint","urlTemplate":"https:\/\/shopatoa.com\/ro\/?s={search_term_string}"},"query-input":{"@type":"PropertyValueSpecification","valueRequired":true,"valueName":"search_term_string"}}],"inLanguage":"ro-RO"},{"@type":"Organization","@id":"https:\/\/shopatoa.com\/ro\/#organization","name":"SHOPATOA","url":"https:\/\/shopatoa.com\/ro\/","logo":{"@type":"ImageObject","inLanguage":"ro-RO","@id":"https:\/\/shopatoa.com\/ro\/#\/schema\/logo\/image\/","url":"https:\/\/storage.googleapis.com\/cz-shopatoa-img\/ro\/b4dac915-shopatoa_logo.png","contentUrl":"https:\/\/storage.googleapis.com\/cz-shopatoa-img\/ro\/b4dac915-shopatoa_logo.png","width":416,"height":63,"caption":"SHOPATOA"},"image":{"@id":"https:\/\/shopatoa.com\/ro\/#\/schema\/logo\/image\/"}}]}},"_links":{"self":[{"href":"https:\/\/shopatoa.com\/ro\/wp-json\/wp\/v2\/product\/410103","targetHints":{"allow":["GET"]}}],"collection":[{"href":"https:\/\/shopatoa.com\/ro\/wp-json\/wp\/v2\/product"}],"about":[{"href":"https:\/\/shopatoa.com\/ro\/wp-json\/wp\/v2\/types\/product"}],"replies":[{"embeddable":true,"href":"https:\/\/shopatoa.com\/ro\/wp-json\/wp\/v2\/comments?post=410103"}],"wp:featuredmedia":[{"embeddable":true,"href":"https:\/\/shopatoa.com\/ro\/wp-json\/wp\/v2\/media\/410104"}],"wp:attachment":[{"href":"https:\/\/shopatoa.com\/ro\/wp-json\/wp\/v2\/media?parent=410103"}],"wp:term":[{"taxonomy":"product_brand","embeddable":true,"href":"https:\/\/shopatoa.com\/ro\/wp-json\/wp\/v2\/product_brand?post=410103"},{"taxonomy":"product_cat","embeddable":true,"href":"https:\/\/shopatoa.com\/ro\/wp-json\/wp\/v2\/product_cat?post=410103"},{"taxonomy":"product_tag","embeddable":true,"href":"https:\/\/shopatoa.com\/ro\/wp-json\/wp\/v2\/product_tag?post=410103"}],"curies":[{"name":"wp","href":"https:\/\/api.w.org\/{rel}","templated":true}]}}