{"id":411015,"date":"2025-06-20T10:59:11","date_gmt":"2025-06-20T08:59:11","guid":{"rendered":"https:\/\/shopatoa.com\/ro\/emper-unplugged-event-eau-de-parfum-pentru-barbati-80-ml\/"},"modified":"2025-12-10T18:15:07","modified_gmt":"2025-12-10T17:15:07","slug":"emper-unplugged-event-eau-de-parfum-pentru-barbati-80-ml","status":"publish","type":"product","link":"https:\/\/shopatoa.com\/ro\/emper-unplugged-event-eau-de-parfum-pentru-barbati-80-ml\/","title":{"rendered":"Emper Unplugged Event Eau de Parfum pentru b\u0103rba\u021bi 80 ml"},"content":{"rendered":"<p>Emper Unplugged Event, 80 ml, Ap\u0103 de parfum pentru b\u0103rba\u021bi, Apa de parfum pentru b\u0103rba\u021bi Emper Unplugged Event v\u0103 captiveaz\u0103 ca o nou\u0103 dependen\u021b\u0103, la care nu ve\u021bi dori s\u0103 renun\u021ba\u021bi. V\u0103 convinge, \u00eenc\u0103 de la prima parfumare, c\u0103, de acum \u00eenainte, este indispensabil\u0103 pentru fiecare zi.  parfum de fructe parfum floral parfum de mosc un parfum juc\u0103u\u0219, de care nu v\u0103 plictisi\u021bi niciodat\u0103<\/p>\n","protected":false},"excerpt":{"rendered":"<p>Emper Unplugged Event, 80 ml, Ap\u0103 de parfum pentru b\u0103rba\u021bi, Apa de parfum pentru b\u0103rba\u021bi Emper Unplugged Event v\u0103 captiveaz\u0103 ca o nou\u0103 dependen\u021b\u0103, la care nu ve\u021bi dori s\u0103 renun\u021ba\u021bi. V\u0103 convinge, \u00eenc\u0103 de la prima parfumare, c\u0103, de acum \u00eenainte, este indispensabil\u0103 pentru fiecare zi. parfum de fructe parfum floral parfum de mosc&#8230;<\/p>\n","protected":false},"featured_media":411016,"comment_status":"closed","ping_status":"open","template":"","meta":{"_acf_changed":false,"_kadence_starter_templates_imported_post":false,"_kad_post_transparent":"","_kad_post_title":"","_kad_post_layout":"","_kad_post_sidebar_id":"","_kad_post_content_style":"","_kad_post_vertical_padding":"","_kad_post_feature":"","_kad_post_feature_position":"","_kad_post_header":false,"_kad_post_footer":false,"_kad_post_classname":""},"product_brand":[3212],"product_cat":[3202,1564,1563,3200,1562],"product_tag":[],"class_list":{"0":"post-411015","1":"product","2":"type-product","3":"status-publish","4":"has-post-thumbnail","6":"product_brand-emper","7":"product_cat-ape-de-parfum","8":"product_cat-cosmetice-ingrijire-personala","9":"product_cat-ingrijire-personala","10":"product_cat-parfumuri-si-colonii","11":"product_cat-sanatate-si-frumusete","12":"pa_gen-male","13":"pa_marime-80-ml","15":"first","16":"instock","17":"sale","18":"product-type-external","19":"entry","20":"content-bg","21":"loop-entry"},"acf":[],"yoast_head":"<!-- This site is optimized with the Yoast SEO plugin v27.3 - https:\/\/yoast.com\/product\/yoast-seo-wordpress\/ -->\n<title>Emper Unplugged Event Eau de Parfum pentru b\u0103rba\u021bi 80 ml - SHOPATOA.COM<\/title>\n<meta name=\"robots\" content=\"index, follow, max-snippet:-1, max-image-preview:large, max-video-preview:-1\" \/>\n<link rel=\"canonical\" href=\"https:\/\/shopatoa.com\/ro\/emper-unplugged-event-eau-de-parfum-pentru-barbati-80-ml\/\" \/>\n<meta property=\"og:locale\" content=\"ro_RO\" \/>\n<meta property=\"og:type\" content=\"article\" \/>\n<meta property=\"og:title\" content=\"Emper Unplugged Event Eau de Parfum pentru b\u0103rba\u021bi 80 ml - SHOPATOA.COM\" \/>\n<meta property=\"og:description\" content=\"Emper Unplugged Event, 80 ml, Ap\u0103 de parfum pentru b\u0103rba\u021bi, Apa de parfum pentru b\u0103rba\u021bi Emper Unplugged Event v\u0103 captiveaz\u0103 ca o nou\u0103 dependen\u021b\u0103, la care nu ve\u021bi dori s\u0103 renun\u021ba\u021bi. V\u0103 convinge, \u00eenc\u0103 de la prima parfumare, c\u0103, de acum \u00eenainte, este indispensabil\u0103 pentru fiecare zi. parfum de fructe parfum floral parfum de mosc...\" \/>\n<meta property=\"og:url\" content=\"https:\/\/shopatoa.com\/ro\/emper-unplugged-event-eau-de-parfum-pentru-barbati-80-ml\/\" \/>\n<meta property=\"og:site_name\" content=\"SHOPATOA\" \/>\n<meta property=\"article:modified_time\" content=\"2025-12-10T17:15:07+00:00\" \/>\n<meta property=\"og:image\" content=\"https:\/\/storage.googleapis.com\/cz-shopatoa-img\/ro\/54b086a0-unnamed-file.webp\" \/>\n\t<meta property=\"og:image:width\" content=\"800\" \/>\n\t<meta property=\"og:image:height\" content=\"800\" \/>\n\t<meta property=\"og:image:type\" content=\"image\/webp\" \/>\n<meta name=\"twitter:card\" content=\"summary_large_image\" \/>\n<script type=\"application\/ld+json\" class=\"yoast-schema-graph\">{\"@context\":\"https:\\\/\\\/schema.org\",\"@graph\":[{\"@type\":\"WebPage\",\"@id\":\"https:\\\/\\\/shopatoa.com\\\/ro\\\/emper-unplugged-event-eau-de-parfum-pentru-barbati-80-ml\\\/\",\"url\":\"https:\\\/\\\/shopatoa.com\\\/ro\\\/emper-unplugged-event-eau-de-parfum-pentru-barbati-80-ml\\\/\",\"name\":\"Emper Unplugged Event Eau de Parfum pentru b\u0103rba\u021bi 80 ml - SHOPATOA.COM\",\"isPartOf\":{\"@id\":\"https:\\\/\\\/shopatoa.com\\\/ro\\\/#website\"},\"primaryImageOfPage\":{\"@id\":\"https:\\\/\\\/shopatoa.com\\\/ro\\\/emper-unplugged-event-eau-de-parfum-pentru-barbati-80-ml\\\/#primaryimage\"},\"image\":{\"@id\":\"https:\\\/\\\/shopatoa.com\\\/ro\\\/emper-unplugged-event-eau-de-parfum-pentru-barbati-80-ml\\\/#primaryimage\"},\"thumbnailUrl\":\"https:\\\/\\\/storage.googleapis.com\\\/cz-shopatoa-img\\\/ro\\\/54b086a0-unnamed-file.webp\",\"datePublished\":\"2025-06-20T08:59:11+00:00\",\"dateModified\":\"2025-12-10T17:15:07+00:00\",\"breadcrumb\":{\"@id\":\"https:\\\/\\\/shopatoa.com\\\/ro\\\/emper-unplugged-event-eau-de-parfum-pentru-barbati-80-ml\\\/#breadcrumb\"},\"inLanguage\":\"ro-RO\",\"potentialAction\":[{\"@type\":\"ReadAction\",\"target\":[\"https:\\\/\\\/shopatoa.com\\\/ro\\\/emper-unplugged-event-eau-de-parfum-pentru-barbati-80-ml\\\/\"]}]},{\"@type\":\"ImageObject\",\"inLanguage\":\"ro-RO\",\"@id\":\"https:\\\/\\\/shopatoa.com\\\/ro\\\/emper-unplugged-event-eau-de-parfum-pentru-barbati-80-ml\\\/#primaryimage\",\"url\":\"https:\\\/\\\/storage.googleapis.com\\\/cz-shopatoa-img\\\/ro\\\/54b086a0-unnamed-file.webp\",\"contentUrl\":\"https:\\\/\\\/storage.googleapis.com\\\/cz-shopatoa-img\\\/ro\\\/54b086a0-unnamed-file.webp\",\"width\":800,\"height\":800},{\"@type\":\"BreadcrumbList\",\"@id\":\"https:\\\/\\\/shopatoa.com\\\/ro\\\/emper-unplugged-event-eau-de-parfum-pentru-barbati-80-ml\\\/#breadcrumb\",\"itemListElement\":[{\"@type\":\"ListItem\",\"position\":1,\"name\":\"Dom\u016f\",\"item\":\"https:\\\/\\\/shopatoa.com\\\/ro\\\/\"},{\"@type\":\"ListItem\",\"position\":2,\"name\":\"Shop\",\"item\":\"https:\\\/\\\/shopatoa.com\\\/ro\\\/shop\\\/\"},{\"@type\":\"ListItem\",\"position\":3,\"name\":\"S\u0103n\u0103tate \u0219i frumuse\u021be\",\"item\":\"https:\\\/\\\/shopatoa.com\\\/ro\\\/sanatate-si-frumusete\\\/\"},{\"@type\":\"ListItem\",\"position\":4,\"name\":\"\u00cengrijire personal\u0103\",\"item\":\"https:\\\/\\\/shopatoa.com\\\/ro\\\/ingrijire-personala\\\/\"},{\"@type\":\"ListItem\",\"position\":5,\"name\":\"Cosmetice\",\"item\":\"https:\\\/\\\/shopatoa.com\\\/ro\\\/cosmetice-ingrijire-personala\\\/\"},{\"@type\":\"ListItem\",\"position\":6,\"name\":\"Parfumuri \u0219i colonii\",\"item\":\"https:\\\/\\\/shopatoa.com\\\/ro\\\/parfumuri-si-colonii\\\/\"},{\"@type\":\"ListItem\",\"position\":7,\"name\":\"Ape de parfum\",\"item\":\"https:\\\/\\\/shopatoa.com\\\/ro\\\/ape-de-parfum\\\/\"},{\"@type\":\"ListItem\",\"position\":8,\"name\":\"Emper Unplugged Event Eau de Parfum pentru b\u0103rba\u021bi 80 ml\"}]},{\"@type\":\"WebSite\",\"@id\":\"https:\\\/\\\/shopatoa.com\\\/ro\\\/#website\",\"url\":\"https:\\\/\\\/shopatoa.com\\\/ro\\\/\",\"name\":\"SHOPATOA\",\"description\":\"\",\"publisher\":{\"@id\":\"https:\\\/\\\/shopatoa.com\\\/ro\\\/#organization\"},\"potentialAction\":[{\"@type\":\"SearchAction\",\"target\":{\"@type\":\"EntryPoint\",\"urlTemplate\":\"https:\\\/\\\/shopatoa.com\\\/ro\\\/?s={search_term_string}\"},\"query-input\":{\"@type\":\"PropertyValueSpecification\",\"valueRequired\":true,\"valueName\":\"search_term_string\"}}],\"inLanguage\":\"ro-RO\"},{\"@type\":\"Organization\",\"@id\":\"https:\\\/\\\/shopatoa.com\\\/ro\\\/#organization\",\"name\":\"SHOPATOA\",\"url\":\"https:\\\/\\\/shopatoa.com\\\/ro\\\/\",\"logo\":{\"@type\":\"ImageObject\",\"inLanguage\":\"ro-RO\",\"@id\":\"https:\\\/\\\/shopatoa.com\\\/ro\\\/#\\\/schema\\\/logo\\\/image\\\/\",\"url\":\"https:\\\/\\\/storage.googleapis.com\\\/cz-shopatoa-img\\\/ro\\\/b4dac915-shopatoa_logo.png\",\"contentUrl\":\"https:\\\/\\\/storage.googleapis.com\\\/cz-shopatoa-img\\\/ro\\\/b4dac915-shopatoa_logo.png\",\"width\":416,\"height\":63,\"caption\":\"SHOPATOA\"},\"image\":{\"@id\":\"https:\\\/\\\/shopatoa.com\\\/ro\\\/#\\\/schema\\\/logo\\\/image\\\/\"}}]}<\/script>\n<!-- \/ Yoast SEO plugin. -->","yoast_head_json":{"title":"Emper Unplugged Event Eau de Parfum pentru b\u0103rba\u021bi 80 ml - SHOPATOA.COM","robots":{"index":"index","follow":"follow","max-snippet":"max-snippet:-1","max-image-preview":"max-image-preview:large","max-video-preview":"max-video-preview:-1"},"canonical":"https:\/\/shopatoa.com\/ro\/emper-unplugged-event-eau-de-parfum-pentru-barbati-80-ml\/","og_locale":"ro_RO","og_type":"article","og_title":"Emper Unplugged Event Eau de Parfum pentru b\u0103rba\u021bi 80 ml - SHOPATOA.COM","og_description":"Emper Unplugged Event, 80 ml, Ap\u0103 de parfum pentru b\u0103rba\u021bi, Apa de parfum pentru b\u0103rba\u021bi Emper Unplugged Event v\u0103 captiveaz\u0103 ca o nou\u0103 dependen\u021b\u0103, la care nu ve\u021bi dori s\u0103 renun\u021ba\u021bi. V\u0103 convinge, \u00eenc\u0103 de la prima parfumare, c\u0103, de acum \u00eenainte, este indispensabil\u0103 pentru fiecare zi. parfum de fructe parfum floral parfum de mosc...","og_url":"https:\/\/shopatoa.com\/ro\/emper-unplugged-event-eau-de-parfum-pentru-barbati-80-ml\/","og_site_name":"SHOPATOA","article_modified_time":"2025-12-10T17:15:07+00:00","og_image":[{"width":800,"height":800,"url":"https:\/\/storage.googleapis.com\/cz-shopatoa-img\/ro\/54b086a0-unnamed-file.webp","type":"image\/webp"}],"twitter_card":"summary_large_image","schema":{"@context":"https:\/\/schema.org","@graph":[{"@type":"WebPage","@id":"https:\/\/shopatoa.com\/ro\/emper-unplugged-event-eau-de-parfum-pentru-barbati-80-ml\/","url":"https:\/\/shopatoa.com\/ro\/emper-unplugged-event-eau-de-parfum-pentru-barbati-80-ml\/","name":"Emper Unplugged Event Eau de Parfum pentru b\u0103rba\u021bi 80 ml - SHOPATOA.COM","isPartOf":{"@id":"https:\/\/shopatoa.com\/ro\/#website"},"primaryImageOfPage":{"@id":"https:\/\/shopatoa.com\/ro\/emper-unplugged-event-eau-de-parfum-pentru-barbati-80-ml\/#primaryimage"},"image":{"@id":"https:\/\/shopatoa.com\/ro\/emper-unplugged-event-eau-de-parfum-pentru-barbati-80-ml\/#primaryimage"},"thumbnailUrl":"https:\/\/storage.googleapis.com\/cz-shopatoa-img\/ro\/54b086a0-unnamed-file.webp","datePublished":"2025-06-20T08:59:11+00:00","dateModified":"2025-12-10T17:15:07+00:00","breadcrumb":{"@id":"https:\/\/shopatoa.com\/ro\/emper-unplugged-event-eau-de-parfum-pentru-barbati-80-ml\/#breadcrumb"},"inLanguage":"ro-RO","potentialAction":[{"@type":"ReadAction","target":["https:\/\/shopatoa.com\/ro\/emper-unplugged-event-eau-de-parfum-pentru-barbati-80-ml\/"]}]},{"@type":"ImageObject","inLanguage":"ro-RO","@id":"https:\/\/shopatoa.com\/ro\/emper-unplugged-event-eau-de-parfum-pentru-barbati-80-ml\/#primaryimage","url":"https:\/\/storage.googleapis.com\/cz-shopatoa-img\/ro\/54b086a0-unnamed-file.webp","contentUrl":"https:\/\/storage.googleapis.com\/cz-shopatoa-img\/ro\/54b086a0-unnamed-file.webp","width":800,"height":800},{"@type":"BreadcrumbList","@id":"https:\/\/shopatoa.com\/ro\/emper-unplugged-event-eau-de-parfum-pentru-barbati-80-ml\/#breadcrumb","itemListElement":[{"@type":"ListItem","position":1,"name":"Dom\u016f","item":"https:\/\/shopatoa.com\/ro\/"},{"@type":"ListItem","position":2,"name":"Shop","item":"https:\/\/shopatoa.com\/ro\/shop\/"},{"@type":"ListItem","position":3,"name":"S\u0103n\u0103tate \u0219i frumuse\u021be","item":"https:\/\/shopatoa.com\/ro\/sanatate-si-frumusete\/"},{"@type":"ListItem","position":4,"name":"\u00cengrijire personal\u0103","item":"https:\/\/shopatoa.com\/ro\/ingrijire-personala\/"},{"@type":"ListItem","position":5,"name":"Cosmetice","item":"https:\/\/shopatoa.com\/ro\/cosmetice-ingrijire-personala\/"},{"@type":"ListItem","position":6,"name":"Parfumuri \u0219i colonii","item":"https:\/\/shopatoa.com\/ro\/parfumuri-si-colonii\/"},{"@type":"ListItem","position":7,"name":"Ape de parfum","item":"https:\/\/shopatoa.com\/ro\/ape-de-parfum\/"},{"@type":"ListItem","position":8,"name":"Emper Unplugged Event Eau de Parfum pentru b\u0103rba\u021bi 80 ml"}]},{"@type":"WebSite","@id":"https:\/\/shopatoa.com\/ro\/#website","url":"https:\/\/shopatoa.com\/ro\/","name":"SHOPATOA","description":"","publisher":{"@id":"https:\/\/shopatoa.com\/ro\/#organization"},"potentialAction":[{"@type":"SearchAction","target":{"@type":"EntryPoint","urlTemplate":"https:\/\/shopatoa.com\/ro\/?s={search_term_string}"},"query-input":{"@type":"PropertyValueSpecification","valueRequired":true,"valueName":"search_term_string"}}],"inLanguage":"ro-RO"},{"@type":"Organization","@id":"https:\/\/shopatoa.com\/ro\/#organization","name":"SHOPATOA","url":"https:\/\/shopatoa.com\/ro\/","logo":{"@type":"ImageObject","inLanguage":"ro-RO","@id":"https:\/\/shopatoa.com\/ro\/#\/schema\/logo\/image\/","url":"https:\/\/storage.googleapis.com\/cz-shopatoa-img\/ro\/b4dac915-shopatoa_logo.png","contentUrl":"https:\/\/storage.googleapis.com\/cz-shopatoa-img\/ro\/b4dac915-shopatoa_logo.png","width":416,"height":63,"caption":"SHOPATOA"},"image":{"@id":"https:\/\/shopatoa.com\/ro\/#\/schema\/logo\/image\/"}}]}},"_links":{"self":[{"href":"https:\/\/shopatoa.com\/ro\/wp-json\/wp\/v2\/product\/411015","targetHints":{"allow":["GET"]}}],"collection":[{"href":"https:\/\/shopatoa.com\/ro\/wp-json\/wp\/v2\/product"}],"about":[{"href":"https:\/\/shopatoa.com\/ro\/wp-json\/wp\/v2\/types\/product"}],"replies":[{"embeddable":true,"href":"https:\/\/shopatoa.com\/ro\/wp-json\/wp\/v2\/comments?post=411015"}],"wp:featuredmedia":[{"embeddable":true,"href":"https:\/\/shopatoa.com\/ro\/wp-json\/wp\/v2\/media\/411016"}],"wp:attachment":[{"href":"https:\/\/shopatoa.com\/ro\/wp-json\/wp\/v2\/media?parent=411015"}],"wp:term":[{"taxonomy":"product_brand","embeddable":true,"href":"https:\/\/shopatoa.com\/ro\/wp-json\/wp\/v2\/product_brand?post=411015"},{"taxonomy":"product_cat","embeddable":true,"href":"https:\/\/shopatoa.com\/ro\/wp-json\/wp\/v2\/product_cat?post=411015"},{"taxonomy":"product_tag","embeddable":true,"href":"https:\/\/shopatoa.com\/ro\/wp-json\/wp\/v2\/product_tag?post=411015"}],"curies":[{"name":"wp","href":"https:\/\/api.w.org\/{rel}","templated":true}]}}