{"id":411615,"date":"2025-06-20T12:01:24","date_gmt":"2025-06-20T10:01:24","guid":{"rendered":"https:\/\/shopatoa.com\/ro\/cuba-vip-eau-de-parfum-pentru-femei-35-ml\/"},"modified":"2025-12-10T14:35:17","modified_gmt":"2025-12-10T13:35:17","slug":"cuba-vip-eau-de-parfum-pentru-femei-35-ml","status":"publish","type":"product","link":"https:\/\/shopatoa.com\/ro\/cuba-vip-eau-de-parfum-pentru-femei-35-ml\/","title":{"rendered":"Cuba VIP Eau de Parfum pentru femei 35 ml"},"content":{"rendered":"<p>Cuba VIP, 35 ml, Ap\u0103 de parfum pentru femei, Nu v\u0103 ascunde\u021bi latura pasional\u0103 a personalit\u0103\u021bii. Apa de parfum pentru femei Cuba VIP este plin\u0103 de emo\u021bii, de dorin\u021be \u0219i de provoc\u0103ri, iar senzualitatea dvs. radiant\u0103 va fi remarcat\u0103 de to\u021bi cei din jur.  parfum floral parfum gurmand pentru femeia senzual\u0103 subliniaz\u0103 senzualitatea fiec\u0103rei femei parfum potrivit pentru fiecare zi<\/p>\n","protected":false},"excerpt":{"rendered":"<p>Cuba VIP, 35 ml, Ap\u0103 de parfum pentru femei, Nu v\u0103 ascunde\u021bi latura pasional\u0103 a personalit\u0103\u021bii. Apa de parfum pentru femei Cuba VIP este plin\u0103 de emo\u021bii, de dorin\u021be \u0219i de provoc\u0103ri, iar senzualitatea dvs. radiant\u0103 va fi remarcat\u0103 de to\u021bi cei din jur. parfum floral parfum gurmand pentru femeia senzual\u0103 subliniaz\u0103 senzualitatea fiec\u0103rei femei&#8230;<\/p>\n","protected":false},"featured_media":411616,"comment_status":"closed","ping_status":"open","template":"","meta":{"_acf_changed":false,"_kadence_starter_templates_imported_post":false,"_kad_post_transparent":"","_kad_post_title":"","_kad_post_layout":"","_kad_post_sidebar_id":"","_kad_post_content_style":"","_kad_post_vertical_padding":"","_kad_post_feature":"","_kad_post_feature_position":"","_kad_post_header":false,"_kad_post_footer":false,"_kad_post_classname":""},"product_brand":[104],"product_cat":[3202,1564,1563,3200,1562],"product_tag":[],"class_list":{"0":"post-411615","1":"product","2":"type-product","3":"status-publish","4":"has-post-thumbnail","6":"product_brand-cuba","7":"product_cat-ape-de-parfum","8":"product_cat-cosmetice-ingrijire-personala","9":"product_cat-ingrijire-personala","10":"product_cat-parfumuri-si-colonii","11":"product_cat-sanatate-si-frumusete","12":"pa_gen-female","13":"pa_marime-35-ml","15":"first","16":"instock","17":"product-type-external","18":"entry","19":"content-bg","20":"loop-entry"},"acf":[],"yoast_head":"<!-- This site is optimized with the Yoast SEO plugin v27.3 - https:\/\/yoast.com\/product\/yoast-seo-wordpress\/ -->\n<title>Cuba VIP Eau de Parfum pentru femei 35 ml - SHOPATOA.COM<\/title>\n<meta name=\"robots\" content=\"index, follow, max-snippet:-1, max-image-preview:large, max-video-preview:-1\" \/>\n<link rel=\"canonical\" href=\"https:\/\/shopatoa.com\/ro\/cuba-vip-eau-de-parfum-pentru-femei-35-ml\/\" \/>\n<meta property=\"og:locale\" content=\"ro_RO\" \/>\n<meta property=\"og:type\" content=\"article\" \/>\n<meta property=\"og:title\" content=\"Cuba VIP Eau de Parfum pentru femei 35 ml - SHOPATOA.COM\" \/>\n<meta property=\"og:description\" content=\"Cuba VIP, 35 ml, Ap\u0103 de parfum pentru femei, Nu v\u0103 ascunde\u021bi latura pasional\u0103 a personalit\u0103\u021bii. Apa de parfum pentru femei Cuba VIP este plin\u0103 de emo\u021bii, de dorin\u021be \u0219i de provoc\u0103ri, iar senzualitatea dvs. radiant\u0103 va fi remarcat\u0103 de to\u021bi cei din jur. parfum floral parfum gurmand pentru femeia senzual\u0103 subliniaz\u0103 senzualitatea fiec\u0103rei femei...\" \/>\n<meta property=\"og:url\" content=\"https:\/\/shopatoa.com\/ro\/cuba-vip-eau-de-parfum-pentru-femei-35-ml\/\" \/>\n<meta property=\"og:site_name\" content=\"SHOPATOA\" \/>\n<meta property=\"article:modified_time\" content=\"2025-12-10T13:35:17+00:00\" \/>\n<meta property=\"og:image\" content=\"https:\/\/storage.googleapis.com\/cz-shopatoa-img\/ro\/849e8153-unnamed-file.webp\" \/>\n\t<meta property=\"og:image:width\" content=\"800\" \/>\n\t<meta property=\"og:image:height\" content=\"800\" \/>\n\t<meta property=\"og:image:type\" content=\"image\/webp\" \/>\n<meta name=\"twitter:card\" content=\"summary_large_image\" \/>\n<script type=\"application\/ld+json\" class=\"yoast-schema-graph\">{\"@context\":\"https:\\\/\\\/schema.org\",\"@graph\":[{\"@type\":\"WebPage\",\"@id\":\"https:\\\/\\\/shopatoa.com\\\/ro\\\/cuba-vip-eau-de-parfum-pentru-femei-35-ml\\\/\",\"url\":\"https:\\\/\\\/shopatoa.com\\\/ro\\\/cuba-vip-eau-de-parfum-pentru-femei-35-ml\\\/\",\"name\":\"Cuba VIP Eau de Parfum pentru femei 35 ml - SHOPATOA.COM\",\"isPartOf\":{\"@id\":\"https:\\\/\\\/shopatoa.com\\\/ro\\\/#website\"},\"primaryImageOfPage\":{\"@id\":\"https:\\\/\\\/shopatoa.com\\\/ro\\\/cuba-vip-eau-de-parfum-pentru-femei-35-ml\\\/#primaryimage\"},\"image\":{\"@id\":\"https:\\\/\\\/shopatoa.com\\\/ro\\\/cuba-vip-eau-de-parfum-pentru-femei-35-ml\\\/#primaryimage\"},\"thumbnailUrl\":\"https:\\\/\\\/storage.googleapis.com\\\/cz-shopatoa-img\\\/ro\\\/849e8153-unnamed-file.webp\",\"datePublished\":\"2025-06-20T10:01:24+00:00\",\"dateModified\":\"2025-12-10T13:35:17+00:00\",\"breadcrumb\":{\"@id\":\"https:\\\/\\\/shopatoa.com\\\/ro\\\/cuba-vip-eau-de-parfum-pentru-femei-35-ml\\\/#breadcrumb\"},\"inLanguage\":\"ro-RO\",\"potentialAction\":[{\"@type\":\"ReadAction\",\"target\":[\"https:\\\/\\\/shopatoa.com\\\/ro\\\/cuba-vip-eau-de-parfum-pentru-femei-35-ml\\\/\"]}]},{\"@type\":\"ImageObject\",\"inLanguage\":\"ro-RO\",\"@id\":\"https:\\\/\\\/shopatoa.com\\\/ro\\\/cuba-vip-eau-de-parfum-pentru-femei-35-ml\\\/#primaryimage\",\"url\":\"https:\\\/\\\/storage.googleapis.com\\\/cz-shopatoa-img\\\/ro\\\/849e8153-unnamed-file.webp\",\"contentUrl\":\"https:\\\/\\\/storage.googleapis.com\\\/cz-shopatoa-img\\\/ro\\\/849e8153-unnamed-file.webp\",\"width\":800,\"height\":800},{\"@type\":\"BreadcrumbList\",\"@id\":\"https:\\\/\\\/shopatoa.com\\\/ro\\\/cuba-vip-eau-de-parfum-pentru-femei-35-ml\\\/#breadcrumb\",\"itemListElement\":[{\"@type\":\"ListItem\",\"position\":1,\"name\":\"Dom\u016f\",\"item\":\"https:\\\/\\\/shopatoa.com\\\/ro\\\/\"},{\"@type\":\"ListItem\",\"position\":2,\"name\":\"Shop\",\"item\":\"https:\\\/\\\/shopatoa.com\\\/ro\\\/shop\\\/\"},{\"@type\":\"ListItem\",\"position\":3,\"name\":\"S\u0103n\u0103tate \u0219i frumuse\u021be\",\"item\":\"https:\\\/\\\/shopatoa.com\\\/ro\\\/sanatate-si-frumusete\\\/\"},{\"@type\":\"ListItem\",\"position\":4,\"name\":\"\u00cengrijire personal\u0103\",\"item\":\"https:\\\/\\\/shopatoa.com\\\/ro\\\/ingrijire-personala\\\/\"},{\"@type\":\"ListItem\",\"position\":5,\"name\":\"Cosmetice\",\"item\":\"https:\\\/\\\/shopatoa.com\\\/ro\\\/cosmetice-ingrijire-personala\\\/\"},{\"@type\":\"ListItem\",\"position\":6,\"name\":\"Parfumuri \u0219i colonii\",\"item\":\"https:\\\/\\\/shopatoa.com\\\/ro\\\/parfumuri-si-colonii\\\/\"},{\"@type\":\"ListItem\",\"position\":7,\"name\":\"Ape de parfum\",\"item\":\"https:\\\/\\\/shopatoa.com\\\/ro\\\/ape-de-parfum\\\/\"},{\"@type\":\"ListItem\",\"position\":8,\"name\":\"Cuba VIP Eau de Parfum pentru femei 35 ml\"}]},{\"@type\":\"WebSite\",\"@id\":\"https:\\\/\\\/shopatoa.com\\\/ro\\\/#website\",\"url\":\"https:\\\/\\\/shopatoa.com\\\/ro\\\/\",\"name\":\"SHOPATOA\",\"description\":\"\",\"publisher\":{\"@id\":\"https:\\\/\\\/shopatoa.com\\\/ro\\\/#organization\"},\"potentialAction\":[{\"@type\":\"SearchAction\",\"target\":{\"@type\":\"EntryPoint\",\"urlTemplate\":\"https:\\\/\\\/shopatoa.com\\\/ro\\\/?s={search_term_string}\"},\"query-input\":{\"@type\":\"PropertyValueSpecification\",\"valueRequired\":true,\"valueName\":\"search_term_string\"}}],\"inLanguage\":\"ro-RO\"},{\"@type\":\"Organization\",\"@id\":\"https:\\\/\\\/shopatoa.com\\\/ro\\\/#organization\",\"name\":\"SHOPATOA\",\"url\":\"https:\\\/\\\/shopatoa.com\\\/ro\\\/\",\"logo\":{\"@type\":\"ImageObject\",\"inLanguage\":\"ro-RO\",\"@id\":\"https:\\\/\\\/shopatoa.com\\\/ro\\\/#\\\/schema\\\/logo\\\/image\\\/\",\"url\":\"https:\\\/\\\/storage.googleapis.com\\\/cz-shopatoa-img\\\/ro\\\/b4dac915-shopatoa_logo.png\",\"contentUrl\":\"https:\\\/\\\/storage.googleapis.com\\\/cz-shopatoa-img\\\/ro\\\/b4dac915-shopatoa_logo.png\",\"width\":416,\"height\":63,\"caption\":\"SHOPATOA\"},\"image\":{\"@id\":\"https:\\\/\\\/shopatoa.com\\\/ro\\\/#\\\/schema\\\/logo\\\/image\\\/\"}}]}<\/script>\n<!-- \/ Yoast SEO plugin. -->","yoast_head_json":{"title":"Cuba VIP Eau de Parfum pentru femei 35 ml - SHOPATOA.COM","robots":{"index":"index","follow":"follow","max-snippet":"max-snippet:-1","max-image-preview":"max-image-preview:large","max-video-preview":"max-video-preview:-1"},"canonical":"https:\/\/shopatoa.com\/ro\/cuba-vip-eau-de-parfum-pentru-femei-35-ml\/","og_locale":"ro_RO","og_type":"article","og_title":"Cuba VIP Eau de Parfum pentru femei 35 ml - SHOPATOA.COM","og_description":"Cuba VIP, 35 ml, Ap\u0103 de parfum pentru femei, Nu v\u0103 ascunde\u021bi latura pasional\u0103 a personalit\u0103\u021bii. Apa de parfum pentru femei Cuba VIP este plin\u0103 de emo\u021bii, de dorin\u021be \u0219i de provoc\u0103ri, iar senzualitatea dvs. radiant\u0103 va fi remarcat\u0103 de to\u021bi cei din jur. parfum floral parfum gurmand pentru femeia senzual\u0103 subliniaz\u0103 senzualitatea fiec\u0103rei femei...","og_url":"https:\/\/shopatoa.com\/ro\/cuba-vip-eau-de-parfum-pentru-femei-35-ml\/","og_site_name":"SHOPATOA","article_modified_time":"2025-12-10T13:35:17+00:00","og_image":[{"width":800,"height":800,"url":"https:\/\/storage.googleapis.com\/cz-shopatoa-img\/ro\/849e8153-unnamed-file.webp","type":"image\/webp"}],"twitter_card":"summary_large_image","schema":{"@context":"https:\/\/schema.org","@graph":[{"@type":"WebPage","@id":"https:\/\/shopatoa.com\/ro\/cuba-vip-eau-de-parfum-pentru-femei-35-ml\/","url":"https:\/\/shopatoa.com\/ro\/cuba-vip-eau-de-parfum-pentru-femei-35-ml\/","name":"Cuba VIP Eau de Parfum pentru femei 35 ml - SHOPATOA.COM","isPartOf":{"@id":"https:\/\/shopatoa.com\/ro\/#website"},"primaryImageOfPage":{"@id":"https:\/\/shopatoa.com\/ro\/cuba-vip-eau-de-parfum-pentru-femei-35-ml\/#primaryimage"},"image":{"@id":"https:\/\/shopatoa.com\/ro\/cuba-vip-eau-de-parfum-pentru-femei-35-ml\/#primaryimage"},"thumbnailUrl":"https:\/\/storage.googleapis.com\/cz-shopatoa-img\/ro\/849e8153-unnamed-file.webp","datePublished":"2025-06-20T10:01:24+00:00","dateModified":"2025-12-10T13:35:17+00:00","breadcrumb":{"@id":"https:\/\/shopatoa.com\/ro\/cuba-vip-eau-de-parfum-pentru-femei-35-ml\/#breadcrumb"},"inLanguage":"ro-RO","potentialAction":[{"@type":"ReadAction","target":["https:\/\/shopatoa.com\/ro\/cuba-vip-eau-de-parfum-pentru-femei-35-ml\/"]}]},{"@type":"ImageObject","inLanguage":"ro-RO","@id":"https:\/\/shopatoa.com\/ro\/cuba-vip-eau-de-parfum-pentru-femei-35-ml\/#primaryimage","url":"https:\/\/storage.googleapis.com\/cz-shopatoa-img\/ro\/849e8153-unnamed-file.webp","contentUrl":"https:\/\/storage.googleapis.com\/cz-shopatoa-img\/ro\/849e8153-unnamed-file.webp","width":800,"height":800},{"@type":"BreadcrumbList","@id":"https:\/\/shopatoa.com\/ro\/cuba-vip-eau-de-parfum-pentru-femei-35-ml\/#breadcrumb","itemListElement":[{"@type":"ListItem","position":1,"name":"Dom\u016f","item":"https:\/\/shopatoa.com\/ro\/"},{"@type":"ListItem","position":2,"name":"Shop","item":"https:\/\/shopatoa.com\/ro\/shop\/"},{"@type":"ListItem","position":3,"name":"S\u0103n\u0103tate \u0219i frumuse\u021be","item":"https:\/\/shopatoa.com\/ro\/sanatate-si-frumusete\/"},{"@type":"ListItem","position":4,"name":"\u00cengrijire personal\u0103","item":"https:\/\/shopatoa.com\/ro\/ingrijire-personala\/"},{"@type":"ListItem","position":5,"name":"Cosmetice","item":"https:\/\/shopatoa.com\/ro\/cosmetice-ingrijire-personala\/"},{"@type":"ListItem","position":6,"name":"Parfumuri \u0219i colonii","item":"https:\/\/shopatoa.com\/ro\/parfumuri-si-colonii\/"},{"@type":"ListItem","position":7,"name":"Ape de parfum","item":"https:\/\/shopatoa.com\/ro\/ape-de-parfum\/"},{"@type":"ListItem","position":8,"name":"Cuba VIP Eau de Parfum pentru femei 35 ml"}]},{"@type":"WebSite","@id":"https:\/\/shopatoa.com\/ro\/#website","url":"https:\/\/shopatoa.com\/ro\/","name":"SHOPATOA","description":"","publisher":{"@id":"https:\/\/shopatoa.com\/ro\/#organization"},"potentialAction":[{"@type":"SearchAction","target":{"@type":"EntryPoint","urlTemplate":"https:\/\/shopatoa.com\/ro\/?s={search_term_string}"},"query-input":{"@type":"PropertyValueSpecification","valueRequired":true,"valueName":"search_term_string"}}],"inLanguage":"ro-RO"},{"@type":"Organization","@id":"https:\/\/shopatoa.com\/ro\/#organization","name":"SHOPATOA","url":"https:\/\/shopatoa.com\/ro\/","logo":{"@type":"ImageObject","inLanguage":"ro-RO","@id":"https:\/\/shopatoa.com\/ro\/#\/schema\/logo\/image\/","url":"https:\/\/storage.googleapis.com\/cz-shopatoa-img\/ro\/b4dac915-shopatoa_logo.png","contentUrl":"https:\/\/storage.googleapis.com\/cz-shopatoa-img\/ro\/b4dac915-shopatoa_logo.png","width":416,"height":63,"caption":"SHOPATOA"},"image":{"@id":"https:\/\/shopatoa.com\/ro\/#\/schema\/logo\/image\/"}}]}},"_links":{"self":[{"href":"https:\/\/shopatoa.com\/ro\/wp-json\/wp\/v2\/product\/411615","targetHints":{"allow":["GET"]}}],"collection":[{"href":"https:\/\/shopatoa.com\/ro\/wp-json\/wp\/v2\/product"}],"about":[{"href":"https:\/\/shopatoa.com\/ro\/wp-json\/wp\/v2\/types\/product"}],"replies":[{"embeddable":true,"href":"https:\/\/shopatoa.com\/ro\/wp-json\/wp\/v2\/comments?post=411615"}],"wp:featuredmedia":[{"embeddable":true,"href":"https:\/\/shopatoa.com\/ro\/wp-json\/wp\/v2\/media\/411616"}],"wp:attachment":[{"href":"https:\/\/shopatoa.com\/ro\/wp-json\/wp\/v2\/media?parent=411615"}],"wp:term":[{"taxonomy":"product_brand","embeddable":true,"href":"https:\/\/shopatoa.com\/ro\/wp-json\/wp\/v2\/product_brand?post=411615"},{"taxonomy":"product_cat","embeddable":true,"href":"https:\/\/shopatoa.com\/ro\/wp-json\/wp\/v2\/product_cat?post=411615"},{"taxonomy":"product_tag","embeddable":true,"href":"https:\/\/shopatoa.com\/ro\/wp-json\/wp\/v2\/product_tag?post=411615"}],"curies":[{"name":"wp","href":"https:\/\/api.w.org\/{rel}","templated":true}]}}