{"id":411681,"date":"2025-06-20T12:09:36","date_gmt":"2025-06-20T10:09:36","guid":{"rendered":"https:\/\/shopatoa.com\/ro\/maybelline-new-york-city-bronzer-bronzer-si-pudra-pentru-contur-culoare-200-medium-cool-8-g\/"},"modified":"2025-12-10T14:12:43","modified_gmt":"2025-12-10T13:12:43","slug":"maybelline-new-york-city-bronzer-bronzer-si-pudra-pentru-contur-culoare-200-medium-cool-8-g","status":"publish","type":"product","link":"https:\/\/shopatoa.com\/ro\/maybelline-new-york-city-bronzer-bronzer-si-pudra-pentru-contur-culoare-200-medium-cool-8-g\/","title":{"rendered":"MAYBELLINE NEW YORK City Bronzer bronzer \u0219i pudr\u0103 pentru contur culoare 200 Medium Cool 8 g"},"content":{"rendered":"<p>MAYBELLINE NEW YORK City Bronzer, 8 g, Blush, Autobronzant pentru femei, Dori\u021bi ca fa\u021ba dvs. s\u0103 par\u0103 bronzat\u0103 chiar \u0219i \u00een zilele \u00een care nu petrece\u021bi timp \u00een aer liber sau c\u00e2nd soarele \u00eenc\u0103 se ascunde dup\u0103 nori? Bronzerul MAYBELLINE NEW YORKCity Bronzer v\u0103 va ajuta s\u0103 crea\u021bi \u00een c\u00e2teva clipe un aspect bronzat \u0219i s\u0103rutat de soare, din confortul casei dvs. Acesta ofer\u0103 o nuan\u021bare delicat\u0103, care faciliteaz\u0103 crearea unui efect de bronz natural. Acest bronzer v\u0103 permite, de asemenea, s\u0103 v\u0103 contura\u021bi \u0219i s\u0103 v\u0103 corecta\u021bi forma fe\u021bei. Fi\u021bi o zei\u021b\u0103 a bronzului ori de c\u00e2te ori sim\u021bi\u021bi nevoia.  Caracteristici:  se \u00eentinde perfect pe piele \u0219i nu las\u0103 pete produsul se poate folosi \u0219i la conturare are efect mat  Cum se utilizeaz\u0103: Pentru definirea fe\u021bei \u0219i eviden\u021bierea contururilor, se va aplica pe p\u0103r\u021bile laterale ale frun\u021bii, sub pome\u021bi, \u00een josul b\u0103rbiei \u0219i pe marginile nasului. Pentru un efect de bronz, se aplic\u0103 o cantitate mic\u0103 pe \u00eentreaga fa\u021b\u0103.<\/p>\n","protected":false},"excerpt":{"rendered":"<p>MAYBELLINE NEW YORK City Bronzer, 8 g, Blush, Autobronzant pentru femei, Dori\u021bi ca fa\u021ba dvs. s\u0103 par\u0103 bronzat\u0103 chiar \u0219i \u00een zilele \u00een care nu petrece\u021bi timp \u00een aer liber sau c\u00e2nd soarele \u00eenc\u0103 se ascunde dup\u0103 nori? Bronzerul MAYBELLINE NEW YORKCity Bronzer v\u0103 va ajuta s\u0103 crea\u021bi \u00een c\u00e2teva clipe un aspect bronzat \u0219i&#8230;<\/p>\n","protected":false},"featured_media":411682,"comment_status":"closed","ping_status":"open","template":"","meta":{"_acf_changed":false,"_kadence_starter_templates_imported_post":false,"_kad_post_transparent":"","_kad_post_title":"","_kad_post_layout":"","_kad_post_sidebar_id":"","_kad_post_content_style":"","_kad_post_vertical_padding":"","_kad_post_feature":"","_kad_post_feature_position":"","_kad_post_header":false,"_kad_post_footer":false,"_kad_post_classname":""},"product_brand":[1716],"product_cat":[1564,3214,1563,1576,3213,1562],"product_tag":[],"class_list":{"0":"post-411681","1":"product","2":"type-product","3":"status-publish","4":"has-post-thumbnail","6":"product_brand-maybelline-new-york","7":"product_cat-cosmetice-ingrijire-personala","8":"product_cat-farduri-si-pudre-bronzante","9":"product_cat-ingrijire-personala","10":"product_cat-machiaj","11":"product_cat-machiaj-pentru-fata-si-obraji","12":"product_cat-sanatate-si-frumusete","13":"pa_gen-female","14":"pa_marime-8-g","16":"first","17":"instock","18":"sale","19":"product-type-external","20":"entry","21":"content-bg","22":"loop-entry"},"acf":[],"yoast_head":"<!-- This site is optimized with the Yoast SEO plugin v27.3 - https:\/\/yoast.com\/product\/yoast-seo-wordpress\/ -->\n<title>MAYBELLINE NEW YORK City Bronzer bronzer \u0219i pudr\u0103 pentru contur culoare 200 Medium Cool 8 g - SHOPATOA.COM<\/title>\n<meta name=\"robots\" content=\"index, follow, max-snippet:-1, max-image-preview:large, max-video-preview:-1\" \/>\n<link rel=\"canonical\" href=\"https:\/\/shopatoa.com\/ro\/maybelline-new-york-city-bronzer-bronzer-si-pudra-pentru-contur-culoare-200-medium-cool-8-g\/\" \/>\n<meta property=\"og:locale\" content=\"ro_RO\" \/>\n<meta property=\"og:type\" content=\"article\" \/>\n<meta property=\"og:title\" content=\"MAYBELLINE NEW YORK City Bronzer bronzer \u0219i pudr\u0103 pentru contur culoare 200 Medium Cool 8 g - SHOPATOA.COM\" \/>\n<meta property=\"og:description\" content=\"MAYBELLINE NEW YORK City Bronzer, 8 g, Blush, Autobronzant pentru femei, Dori\u021bi ca fa\u021ba dvs. s\u0103 par\u0103 bronzat\u0103 chiar \u0219i \u00een zilele \u00een care nu petrece\u021bi timp \u00een aer liber sau c\u00e2nd soarele \u00eenc\u0103 se ascunde dup\u0103 nori? Bronzerul MAYBELLINE NEW YORKCity Bronzer v\u0103 va ajuta s\u0103 crea\u021bi \u00een c\u00e2teva clipe un aspect bronzat \u0219i...\" \/>\n<meta property=\"og:url\" content=\"https:\/\/shopatoa.com\/ro\/maybelline-new-york-city-bronzer-bronzer-si-pudra-pentru-contur-culoare-200-medium-cool-8-g\/\" \/>\n<meta property=\"og:site_name\" content=\"SHOPATOA\" \/>\n<meta property=\"article:modified_time\" content=\"2025-12-10T13:12:43+00:00\" \/>\n<meta property=\"og:image\" content=\"https:\/\/storage.googleapis.com\/cz-shopatoa-img\/ro\/f90047af-unnamed-file.webp\" \/>\n\t<meta property=\"og:image:width\" content=\"800\" \/>\n\t<meta property=\"og:image:height\" content=\"800\" \/>\n\t<meta property=\"og:image:type\" content=\"image\/webp\" \/>\n<meta name=\"twitter:card\" content=\"summary_large_image\" \/>\n<meta name=\"twitter:label1\" content=\"Timp estimat pentru citire\" \/>\n\t<meta name=\"twitter:data1\" content=\"1 minut\" \/>\n<script type=\"application\/ld+json\" class=\"yoast-schema-graph\">{\"@context\":\"https:\\\/\\\/schema.org\",\"@graph\":[{\"@type\":\"WebPage\",\"@id\":\"https:\\\/\\\/shopatoa.com\\\/ro\\\/maybelline-new-york-city-bronzer-bronzer-si-pudra-pentru-contur-culoare-200-medium-cool-8-g\\\/\",\"url\":\"https:\\\/\\\/shopatoa.com\\\/ro\\\/maybelline-new-york-city-bronzer-bronzer-si-pudra-pentru-contur-culoare-200-medium-cool-8-g\\\/\",\"name\":\"MAYBELLINE NEW YORK City Bronzer bronzer \u0219i pudr\u0103 pentru contur culoare 200 Medium Cool 8 g - SHOPATOA.COM\",\"isPartOf\":{\"@id\":\"https:\\\/\\\/shopatoa.com\\\/ro\\\/#website\"},\"primaryImageOfPage\":{\"@id\":\"https:\\\/\\\/shopatoa.com\\\/ro\\\/maybelline-new-york-city-bronzer-bronzer-si-pudra-pentru-contur-culoare-200-medium-cool-8-g\\\/#primaryimage\"},\"image\":{\"@id\":\"https:\\\/\\\/shopatoa.com\\\/ro\\\/maybelline-new-york-city-bronzer-bronzer-si-pudra-pentru-contur-culoare-200-medium-cool-8-g\\\/#primaryimage\"},\"thumbnailUrl\":\"https:\\\/\\\/storage.googleapis.com\\\/cz-shopatoa-img\\\/ro\\\/f90047af-unnamed-file.webp\",\"datePublished\":\"2025-06-20T10:09:36+00:00\",\"dateModified\":\"2025-12-10T13:12:43+00:00\",\"breadcrumb\":{\"@id\":\"https:\\\/\\\/shopatoa.com\\\/ro\\\/maybelline-new-york-city-bronzer-bronzer-si-pudra-pentru-contur-culoare-200-medium-cool-8-g\\\/#breadcrumb\"},\"inLanguage\":\"ro-RO\",\"potentialAction\":[{\"@type\":\"ReadAction\",\"target\":[\"https:\\\/\\\/shopatoa.com\\\/ro\\\/maybelline-new-york-city-bronzer-bronzer-si-pudra-pentru-contur-culoare-200-medium-cool-8-g\\\/\"]}]},{\"@type\":\"ImageObject\",\"inLanguage\":\"ro-RO\",\"@id\":\"https:\\\/\\\/shopatoa.com\\\/ro\\\/maybelline-new-york-city-bronzer-bronzer-si-pudra-pentru-contur-culoare-200-medium-cool-8-g\\\/#primaryimage\",\"url\":\"https:\\\/\\\/storage.googleapis.com\\\/cz-shopatoa-img\\\/ro\\\/f90047af-unnamed-file.webp\",\"contentUrl\":\"https:\\\/\\\/storage.googleapis.com\\\/cz-shopatoa-img\\\/ro\\\/f90047af-unnamed-file.webp\",\"width\":800,\"height\":800},{\"@type\":\"BreadcrumbList\",\"@id\":\"https:\\\/\\\/shopatoa.com\\\/ro\\\/maybelline-new-york-city-bronzer-bronzer-si-pudra-pentru-contur-culoare-200-medium-cool-8-g\\\/#breadcrumb\",\"itemListElement\":[{\"@type\":\"ListItem\",\"position\":1,\"name\":\"Dom\u016f\",\"item\":\"https:\\\/\\\/shopatoa.com\\\/ro\\\/\"},{\"@type\":\"ListItem\",\"position\":2,\"name\":\"Shop\",\"item\":\"https:\\\/\\\/shopatoa.com\\\/ro\\\/shop\\\/\"},{\"@type\":\"ListItem\",\"position\":3,\"name\":\"S\u0103n\u0103tate \u0219i frumuse\u021be\",\"item\":\"https:\\\/\\\/shopatoa.com\\\/ro\\\/sanatate-si-frumusete\\\/\"},{\"@type\":\"ListItem\",\"position\":4,\"name\":\"\u00cengrijire personal\u0103\",\"item\":\"https:\\\/\\\/shopatoa.com\\\/ro\\\/ingrijire-personala\\\/\"},{\"@type\":\"ListItem\",\"position\":5,\"name\":\"Cosmetice\",\"item\":\"https:\\\/\\\/shopatoa.com\\\/ro\\\/cosmetice-ingrijire-personala\\\/\"},{\"@type\":\"ListItem\",\"position\":6,\"name\":\"Machiaj\",\"item\":\"https:\\\/\\\/shopatoa.com\\\/ro\\\/machiaj\\\/\"},{\"@type\":\"ListItem\",\"position\":7,\"name\":\"Machiaj pentru fa\u021b\u0103 \u0219i obraji\",\"item\":\"https:\\\/\\\/shopatoa.com\\\/ro\\\/machiaj-pentru-fata-si-obraji\\\/\"},{\"@type\":\"ListItem\",\"position\":8,\"name\":\"Farduri \u0219i pudre bronzante\",\"item\":\"https:\\\/\\\/shopatoa.com\\\/ro\\\/farduri-si-pudre-bronzante\\\/\"},{\"@type\":\"ListItem\",\"position\":9,\"name\":\"MAYBELLINE NEW YORK City Bronzer bronzer \u0219i pudr\u0103 pentru contur culoare 200 Medium Cool 8 g\"}]},{\"@type\":\"WebSite\",\"@id\":\"https:\\\/\\\/shopatoa.com\\\/ro\\\/#website\",\"url\":\"https:\\\/\\\/shopatoa.com\\\/ro\\\/\",\"name\":\"SHOPATOA\",\"description\":\"\",\"publisher\":{\"@id\":\"https:\\\/\\\/shopatoa.com\\\/ro\\\/#organization\"},\"potentialAction\":[{\"@type\":\"SearchAction\",\"target\":{\"@type\":\"EntryPoint\",\"urlTemplate\":\"https:\\\/\\\/shopatoa.com\\\/ro\\\/?s={search_term_string}\"},\"query-input\":{\"@type\":\"PropertyValueSpecification\",\"valueRequired\":true,\"valueName\":\"search_term_string\"}}],\"inLanguage\":\"ro-RO\"},{\"@type\":\"Organization\",\"@id\":\"https:\\\/\\\/shopatoa.com\\\/ro\\\/#organization\",\"name\":\"SHOPATOA\",\"url\":\"https:\\\/\\\/shopatoa.com\\\/ro\\\/\",\"logo\":{\"@type\":\"ImageObject\",\"inLanguage\":\"ro-RO\",\"@id\":\"https:\\\/\\\/shopatoa.com\\\/ro\\\/#\\\/schema\\\/logo\\\/image\\\/\",\"url\":\"https:\\\/\\\/storage.googleapis.com\\\/cz-shopatoa-img\\\/ro\\\/b4dac915-shopatoa_logo.png\",\"contentUrl\":\"https:\\\/\\\/storage.googleapis.com\\\/cz-shopatoa-img\\\/ro\\\/b4dac915-shopatoa_logo.png\",\"width\":416,\"height\":63,\"caption\":\"SHOPATOA\"},\"image\":{\"@id\":\"https:\\\/\\\/shopatoa.com\\\/ro\\\/#\\\/schema\\\/logo\\\/image\\\/\"}}]}<\/script>\n<!-- \/ Yoast SEO plugin. -->","yoast_head_json":{"title":"MAYBELLINE NEW YORK City Bronzer bronzer \u0219i pudr\u0103 pentru contur culoare 200 Medium Cool 8 g - SHOPATOA.COM","robots":{"index":"index","follow":"follow","max-snippet":"max-snippet:-1","max-image-preview":"max-image-preview:large","max-video-preview":"max-video-preview:-1"},"canonical":"https:\/\/shopatoa.com\/ro\/maybelline-new-york-city-bronzer-bronzer-si-pudra-pentru-contur-culoare-200-medium-cool-8-g\/","og_locale":"ro_RO","og_type":"article","og_title":"MAYBELLINE NEW YORK City Bronzer bronzer \u0219i pudr\u0103 pentru contur culoare 200 Medium Cool 8 g - SHOPATOA.COM","og_description":"MAYBELLINE NEW YORK City Bronzer, 8 g, Blush, Autobronzant pentru femei, Dori\u021bi ca fa\u021ba dvs. s\u0103 par\u0103 bronzat\u0103 chiar \u0219i \u00een zilele \u00een care nu petrece\u021bi timp \u00een aer liber sau c\u00e2nd soarele \u00eenc\u0103 se ascunde dup\u0103 nori? Bronzerul MAYBELLINE NEW YORKCity Bronzer v\u0103 va ajuta s\u0103 crea\u021bi \u00een c\u00e2teva clipe un aspect bronzat \u0219i...","og_url":"https:\/\/shopatoa.com\/ro\/maybelline-new-york-city-bronzer-bronzer-si-pudra-pentru-contur-culoare-200-medium-cool-8-g\/","og_site_name":"SHOPATOA","article_modified_time":"2025-12-10T13:12:43+00:00","og_image":[{"width":800,"height":800,"url":"https:\/\/storage.googleapis.com\/cz-shopatoa-img\/ro\/f90047af-unnamed-file.webp","type":"image\/webp"}],"twitter_card":"summary_large_image","twitter_misc":{"Timp estimat pentru citire":"1 minut"},"schema":{"@context":"https:\/\/schema.org","@graph":[{"@type":"WebPage","@id":"https:\/\/shopatoa.com\/ro\/maybelline-new-york-city-bronzer-bronzer-si-pudra-pentru-contur-culoare-200-medium-cool-8-g\/","url":"https:\/\/shopatoa.com\/ro\/maybelline-new-york-city-bronzer-bronzer-si-pudra-pentru-contur-culoare-200-medium-cool-8-g\/","name":"MAYBELLINE NEW YORK City Bronzer bronzer \u0219i pudr\u0103 pentru contur culoare 200 Medium Cool 8 g - SHOPATOA.COM","isPartOf":{"@id":"https:\/\/shopatoa.com\/ro\/#website"},"primaryImageOfPage":{"@id":"https:\/\/shopatoa.com\/ro\/maybelline-new-york-city-bronzer-bronzer-si-pudra-pentru-contur-culoare-200-medium-cool-8-g\/#primaryimage"},"image":{"@id":"https:\/\/shopatoa.com\/ro\/maybelline-new-york-city-bronzer-bronzer-si-pudra-pentru-contur-culoare-200-medium-cool-8-g\/#primaryimage"},"thumbnailUrl":"https:\/\/storage.googleapis.com\/cz-shopatoa-img\/ro\/f90047af-unnamed-file.webp","datePublished":"2025-06-20T10:09:36+00:00","dateModified":"2025-12-10T13:12:43+00:00","breadcrumb":{"@id":"https:\/\/shopatoa.com\/ro\/maybelline-new-york-city-bronzer-bronzer-si-pudra-pentru-contur-culoare-200-medium-cool-8-g\/#breadcrumb"},"inLanguage":"ro-RO","potentialAction":[{"@type":"ReadAction","target":["https:\/\/shopatoa.com\/ro\/maybelline-new-york-city-bronzer-bronzer-si-pudra-pentru-contur-culoare-200-medium-cool-8-g\/"]}]},{"@type":"ImageObject","inLanguage":"ro-RO","@id":"https:\/\/shopatoa.com\/ro\/maybelline-new-york-city-bronzer-bronzer-si-pudra-pentru-contur-culoare-200-medium-cool-8-g\/#primaryimage","url":"https:\/\/storage.googleapis.com\/cz-shopatoa-img\/ro\/f90047af-unnamed-file.webp","contentUrl":"https:\/\/storage.googleapis.com\/cz-shopatoa-img\/ro\/f90047af-unnamed-file.webp","width":800,"height":800},{"@type":"BreadcrumbList","@id":"https:\/\/shopatoa.com\/ro\/maybelline-new-york-city-bronzer-bronzer-si-pudra-pentru-contur-culoare-200-medium-cool-8-g\/#breadcrumb","itemListElement":[{"@type":"ListItem","position":1,"name":"Dom\u016f","item":"https:\/\/shopatoa.com\/ro\/"},{"@type":"ListItem","position":2,"name":"Shop","item":"https:\/\/shopatoa.com\/ro\/shop\/"},{"@type":"ListItem","position":3,"name":"S\u0103n\u0103tate \u0219i frumuse\u021be","item":"https:\/\/shopatoa.com\/ro\/sanatate-si-frumusete\/"},{"@type":"ListItem","position":4,"name":"\u00cengrijire personal\u0103","item":"https:\/\/shopatoa.com\/ro\/ingrijire-personala\/"},{"@type":"ListItem","position":5,"name":"Cosmetice","item":"https:\/\/shopatoa.com\/ro\/cosmetice-ingrijire-personala\/"},{"@type":"ListItem","position":6,"name":"Machiaj","item":"https:\/\/shopatoa.com\/ro\/machiaj\/"},{"@type":"ListItem","position":7,"name":"Machiaj pentru fa\u021b\u0103 \u0219i obraji","item":"https:\/\/shopatoa.com\/ro\/machiaj-pentru-fata-si-obraji\/"},{"@type":"ListItem","position":8,"name":"Farduri \u0219i pudre bronzante","item":"https:\/\/shopatoa.com\/ro\/farduri-si-pudre-bronzante\/"},{"@type":"ListItem","position":9,"name":"MAYBELLINE NEW YORK City Bronzer bronzer \u0219i pudr\u0103 pentru contur culoare 200 Medium Cool 8 g"}]},{"@type":"WebSite","@id":"https:\/\/shopatoa.com\/ro\/#website","url":"https:\/\/shopatoa.com\/ro\/","name":"SHOPATOA","description":"","publisher":{"@id":"https:\/\/shopatoa.com\/ro\/#organization"},"potentialAction":[{"@type":"SearchAction","target":{"@type":"EntryPoint","urlTemplate":"https:\/\/shopatoa.com\/ro\/?s={search_term_string}"},"query-input":{"@type":"PropertyValueSpecification","valueRequired":true,"valueName":"search_term_string"}}],"inLanguage":"ro-RO"},{"@type":"Organization","@id":"https:\/\/shopatoa.com\/ro\/#organization","name":"SHOPATOA","url":"https:\/\/shopatoa.com\/ro\/","logo":{"@type":"ImageObject","inLanguage":"ro-RO","@id":"https:\/\/shopatoa.com\/ro\/#\/schema\/logo\/image\/","url":"https:\/\/storage.googleapis.com\/cz-shopatoa-img\/ro\/b4dac915-shopatoa_logo.png","contentUrl":"https:\/\/storage.googleapis.com\/cz-shopatoa-img\/ro\/b4dac915-shopatoa_logo.png","width":416,"height":63,"caption":"SHOPATOA"},"image":{"@id":"https:\/\/shopatoa.com\/ro\/#\/schema\/logo\/image\/"}}]}},"_links":{"self":[{"href":"https:\/\/shopatoa.com\/ro\/wp-json\/wp\/v2\/product\/411681","targetHints":{"allow":["GET"]}}],"collection":[{"href":"https:\/\/shopatoa.com\/ro\/wp-json\/wp\/v2\/product"}],"about":[{"href":"https:\/\/shopatoa.com\/ro\/wp-json\/wp\/v2\/types\/product"}],"replies":[{"embeddable":true,"href":"https:\/\/shopatoa.com\/ro\/wp-json\/wp\/v2\/comments?post=411681"}],"wp:featuredmedia":[{"embeddable":true,"href":"https:\/\/shopatoa.com\/ro\/wp-json\/wp\/v2\/media\/411682"}],"wp:attachment":[{"href":"https:\/\/shopatoa.com\/ro\/wp-json\/wp\/v2\/media?parent=411681"}],"wp:term":[{"taxonomy":"product_brand","embeddable":true,"href":"https:\/\/shopatoa.com\/ro\/wp-json\/wp\/v2\/product_brand?post=411681"},{"taxonomy":"product_cat","embeddable":true,"href":"https:\/\/shopatoa.com\/ro\/wp-json\/wp\/v2\/product_cat?post=411681"},{"taxonomy":"product_tag","embeddable":true,"href":"https:\/\/shopatoa.com\/ro\/wp-json\/wp\/v2\/product_tag?post=411681"}],"curies":[{"name":"wp","href":"https:\/\/api.w.org\/{rel}","templated":true}]}}