{"id":411913,"date":"2025-06-20T12:32:27","date_gmt":"2025-06-20T10:32:27","guid":{"rendered":"https:\/\/shopatoa.com\/ro\/lattafa-jasoor-eau-de-parfum-unisex-100-ml\/"},"modified":"2025-12-10T12:45:16","modified_gmt":"2025-12-10T11:45:16","slug":"lattafa-jasoor-eau-de-parfum-unisex-100-ml","status":"publish","type":"product","link":"https:\/\/shopatoa.com\/ro\/lattafa-jasoor-eau-de-parfum-unisex-100-ml\/","title":{"rendered":"Lattafa Jasoor Eau de Parfum unisex 100 ml"},"content":{"rendered":"<p>Lattafa Jasoor, 100 ml, Ap\u0103 de parfum unisex, O nou\u0103 zi, o nou\u0103 ocazie de a trece peste noi provoc\u0103ri. Apa de parfum unisex Lattafa Jasoor v\u0103 \u00eenvioreaz\u0103 spiritul, astfel \u00eenc\u00e2t s\u0103 v\u0103 pute\u021bi urma cu \u00eendr\u0103zneal\u0103 instinctele. Porni\u021bi zilnic spre noi aventuri.  parfum aromatic, cu tonuri ierboase parfum pielos pentru to\u021bi cei care nu se tem s\u0103 ias\u0103 \u00een eviden\u021b\u0103 parfum cald, ideal pentru vreme rece<\/p>\n","protected":false},"excerpt":{"rendered":"<p>Lattafa Jasoor, 100 ml, Ap\u0103 de parfum unisex, O nou\u0103 zi, o nou\u0103 ocazie de a trece peste noi provoc\u0103ri. Apa de parfum unisex Lattafa Jasoor v\u0103 \u00eenvioreaz\u0103 spiritul, astfel \u00eenc\u00e2t s\u0103 v\u0103 pute\u021bi urma cu \u00eendr\u0103zneal\u0103 instinctele. Porni\u021bi zilnic spre noi aventuri. parfum aromatic, cu tonuri ierboase parfum pielos pentru to\u021bi cei care nu&#8230;<\/p>\n","protected":false},"featured_media":411914,"comment_status":"closed","ping_status":"open","template":"","meta":{"_acf_changed":false,"_kadence_starter_templates_imported_post":false,"_kad_post_transparent":"","_kad_post_title":"","_kad_post_layout":"","_kad_post_sidebar_id":"","_kad_post_content_style":"","_kad_post_vertical_padding":"","_kad_post_feature":"","_kad_post_feature_position":"","_kad_post_header":false,"_kad_post_footer":false,"_kad_post_classname":""},"product_brand":[493],"product_cat":[3202,1564,1563,3200,1562],"product_tag":[],"class_list":{"0":"post-411913","1":"product","2":"type-product","3":"status-publish","4":"has-post-thumbnail","6":"product_brand-lattafa","7":"product_cat-ape-de-parfum","8":"product_cat-cosmetice-ingrijire-personala","9":"product_cat-ingrijire-personala","10":"product_cat-parfumuri-si-colonii","11":"product_cat-sanatate-si-frumusete","12":"pa_gen-unisex","13":"pa_marime-100-ml","15":"first","16":"instock","17":"product-type-external","18":"entry","19":"content-bg","20":"loop-entry"},"acf":[],"yoast_head":"<!-- This site is optimized with the Yoast SEO plugin v27.3 - https:\/\/yoast.com\/product\/yoast-seo-wordpress\/ -->\n<title>Lattafa Jasoor Eau de Parfum unisex 100 ml - SHOPATOA.COM<\/title>\n<meta name=\"robots\" content=\"index, follow, max-snippet:-1, max-image-preview:large, max-video-preview:-1\" \/>\n<link rel=\"canonical\" href=\"https:\/\/shopatoa.com\/ro\/lattafa-jasoor-eau-de-parfum-unisex-100-ml\/\" \/>\n<meta property=\"og:locale\" content=\"ro_RO\" \/>\n<meta property=\"og:type\" content=\"article\" \/>\n<meta property=\"og:title\" content=\"Lattafa Jasoor Eau de Parfum unisex 100 ml - SHOPATOA.COM\" \/>\n<meta property=\"og:description\" content=\"Lattafa Jasoor, 100 ml, Ap\u0103 de parfum unisex, O nou\u0103 zi, o nou\u0103 ocazie de a trece peste noi provoc\u0103ri. Apa de parfum unisex Lattafa Jasoor v\u0103 \u00eenvioreaz\u0103 spiritul, astfel \u00eenc\u00e2t s\u0103 v\u0103 pute\u021bi urma cu \u00eendr\u0103zneal\u0103 instinctele. Porni\u021bi zilnic spre noi aventuri. parfum aromatic, cu tonuri ierboase parfum pielos pentru to\u021bi cei care nu...\" \/>\n<meta property=\"og:url\" content=\"https:\/\/shopatoa.com\/ro\/lattafa-jasoor-eau-de-parfum-unisex-100-ml\/\" \/>\n<meta property=\"og:site_name\" content=\"SHOPATOA\" \/>\n<meta property=\"article:modified_time\" content=\"2025-12-10T11:45:16+00:00\" \/>\n<meta property=\"og:image\" content=\"https:\/\/storage.googleapis.com\/cz-shopatoa-img\/ro\/e2a7cee1-unnamed-file.webp\" \/>\n\t<meta property=\"og:image:width\" content=\"800\" \/>\n\t<meta property=\"og:image:height\" content=\"800\" \/>\n\t<meta property=\"og:image:type\" content=\"image\/webp\" \/>\n<meta name=\"twitter:card\" content=\"summary_large_image\" \/>\n<script type=\"application\/ld+json\" class=\"yoast-schema-graph\">{\"@context\":\"https:\\\/\\\/schema.org\",\"@graph\":[{\"@type\":\"WebPage\",\"@id\":\"https:\\\/\\\/shopatoa.com\\\/ro\\\/lattafa-jasoor-eau-de-parfum-unisex-100-ml\\\/\",\"url\":\"https:\\\/\\\/shopatoa.com\\\/ro\\\/lattafa-jasoor-eau-de-parfum-unisex-100-ml\\\/\",\"name\":\"Lattafa Jasoor Eau de Parfum unisex 100 ml - SHOPATOA.COM\",\"isPartOf\":{\"@id\":\"https:\\\/\\\/shopatoa.com\\\/ro\\\/#website\"},\"primaryImageOfPage\":{\"@id\":\"https:\\\/\\\/shopatoa.com\\\/ro\\\/lattafa-jasoor-eau-de-parfum-unisex-100-ml\\\/#primaryimage\"},\"image\":{\"@id\":\"https:\\\/\\\/shopatoa.com\\\/ro\\\/lattafa-jasoor-eau-de-parfum-unisex-100-ml\\\/#primaryimage\"},\"thumbnailUrl\":\"https:\\\/\\\/storage.googleapis.com\\\/cz-shopatoa-img\\\/ro\\\/e2a7cee1-unnamed-file.webp\",\"datePublished\":\"2025-06-20T10:32:27+00:00\",\"dateModified\":\"2025-12-10T11:45:16+00:00\",\"breadcrumb\":{\"@id\":\"https:\\\/\\\/shopatoa.com\\\/ro\\\/lattafa-jasoor-eau-de-parfum-unisex-100-ml\\\/#breadcrumb\"},\"inLanguage\":\"ro-RO\",\"potentialAction\":[{\"@type\":\"ReadAction\",\"target\":[\"https:\\\/\\\/shopatoa.com\\\/ro\\\/lattafa-jasoor-eau-de-parfum-unisex-100-ml\\\/\"]}]},{\"@type\":\"ImageObject\",\"inLanguage\":\"ro-RO\",\"@id\":\"https:\\\/\\\/shopatoa.com\\\/ro\\\/lattafa-jasoor-eau-de-parfum-unisex-100-ml\\\/#primaryimage\",\"url\":\"https:\\\/\\\/storage.googleapis.com\\\/cz-shopatoa-img\\\/ro\\\/e2a7cee1-unnamed-file.webp\",\"contentUrl\":\"https:\\\/\\\/storage.googleapis.com\\\/cz-shopatoa-img\\\/ro\\\/e2a7cee1-unnamed-file.webp\",\"width\":800,\"height\":800},{\"@type\":\"BreadcrumbList\",\"@id\":\"https:\\\/\\\/shopatoa.com\\\/ro\\\/lattafa-jasoor-eau-de-parfum-unisex-100-ml\\\/#breadcrumb\",\"itemListElement\":[{\"@type\":\"ListItem\",\"position\":1,\"name\":\"Dom\u016f\",\"item\":\"https:\\\/\\\/shopatoa.com\\\/ro\\\/\"},{\"@type\":\"ListItem\",\"position\":2,\"name\":\"Shop\",\"item\":\"https:\\\/\\\/shopatoa.com\\\/ro\\\/shop\\\/\"},{\"@type\":\"ListItem\",\"position\":3,\"name\":\"S\u0103n\u0103tate \u0219i frumuse\u021be\",\"item\":\"https:\\\/\\\/shopatoa.com\\\/ro\\\/sanatate-si-frumusete\\\/\"},{\"@type\":\"ListItem\",\"position\":4,\"name\":\"\u00cengrijire personal\u0103\",\"item\":\"https:\\\/\\\/shopatoa.com\\\/ro\\\/ingrijire-personala\\\/\"},{\"@type\":\"ListItem\",\"position\":5,\"name\":\"Cosmetice\",\"item\":\"https:\\\/\\\/shopatoa.com\\\/ro\\\/cosmetice-ingrijire-personala\\\/\"},{\"@type\":\"ListItem\",\"position\":6,\"name\":\"Parfumuri \u0219i colonii\",\"item\":\"https:\\\/\\\/shopatoa.com\\\/ro\\\/parfumuri-si-colonii\\\/\"},{\"@type\":\"ListItem\",\"position\":7,\"name\":\"Ape de parfum\",\"item\":\"https:\\\/\\\/shopatoa.com\\\/ro\\\/ape-de-parfum\\\/\"},{\"@type\":\"ListItem\",\"position\":8,\"name\":\"Lattafa Jasoor Eau de Parfum unisex 100 ml\"}]},{\"@type\":\"WebSite\",\"@id\":\"https:\\\/\\\/shopatoa.com\\\/ro\\\/#website\",\"url\":\"https:\\\/\\\/shopatoa.com\\\/ro\\\/\",\"name\":\"SHOPATOA\",\"description\":\"\",\"publisher\":{\"@id\":\"https:\\\/\\\/shopatoa.com\\\/ro\\\/#organization\"},\"potentialAction\":[{\"@type\":\"SearchAction\",\"target\":{\"@type\":\"EntryPoint\",\"urlTemplate\":\"https:\\\/\\\/shopatoa.com\\\/ro\\\/?s={search_term_string}\"},\"query-input\":{\"@type\":\"PropertyValueSpecification\",\"valueRequired\":true,\"valueName\":\"search_term_string\"}}],\"inLanguage\":\"ro-RO\"},{\"@type\":\"Organization\",\"@id\":\"https:\\\/\\\/shopatoa.com\\\/ro\\\/#organization\",\"name\":\"SHOPATOA\",\"url\":\"https:\\\/\\\/shopatoa.com\\\/ro\\\/\",\"logo\":{\"@type\":\"ImageObject\",\"inLanguage\":\"ro-RO\",\"@id\":\"https:\\\/\\\/shopatoa.com\\\/ro\\\/#\\\/schema\\\/logo\\\/image\\\/\",\"url\":\"https:\\\/\\\/storage.googleapis.com\\\/cz-shopatoa-img\\\/ro\\\/b4dac915-shopatoa_logo.png\",\"contentUrl\":\"https:\\\/\\\/storage.googleapis.com\\\/cz-shopatoa-img\\\/ro\\\/b4dac915-shopatoa_logo.png\",\"width\":416,\"height\":63,\"caption\":\"SHOPATOA\"},\"image\":{\"@id\":\"https:\\\/\\\/shopatoa.com\\\/ro\\\/#\\\/schema\\\/logo\\\/image\\\/\"}}]}<\/script>\n<!-- \/ Yoast SEO plugin. -->","yoast_head_json":{"title":"Lattafa Jasoor Eau de Parfum unisex 100 ml - SHOPATOA.COM","robots":{"index":"index","follow":"follow","max-snippet":"max-snippet:-1","max-image-preview":"max-image-preview:large","max-video-preview":"max-video-preview:-1"},"canonical":"https:\/\/shopatoa.com\/ro\/lattafa-jasoor-eau-de-parfum-unisex-100-ml\/","og_locale":"ro_RO","og_type":"article","og_title":"Lattafa Jasoor Eau de Parfum unisex 100 ml - SHOPATOA.COM","og_description":"Lattafa Jasoor, 100 ml, Ap\u0103 de parfum unisex, O nou\u0103 zi, o nou\u0103 ocazie de a trece peste noi provoc\u0103ri. Apa de parfum unisex Lattafa Jasoor v\u0103 \u00eenvioreaz\u0103 spiritul, astfel \u00eenc\u00e2t s\u0103 v\u0103 pute\u021bi urma cu \u00eendr\u0103zneal\u0103 instinctele. Porni\u021bi zilnic spre noi aventuri. parfum aromatic, cu tonuri ierboase parfum pielos pentru to\u021bi cei care nu...","og_url":"https:\/\/shopatoa.com\/ro\/lattafa-jasoor-eau-de-parfum-unisex-100-ml\/","og_site_name":"SHOPATOA","article_modified_time":"2025-12-10T11:45:16+00:00","og_image":[{"width":800,"height":800,"url":"https:\/\/storage.googleapis.com\/cz-shopatoa-img\/ro\/e2a7cee1-unnamed-file.webp","type":"image\/webp"}],"twitter_card":"summary_large_image","schema":{"@context":"https:\/\/schema.org","@graph":[{"@type":"WebPage","@id":"https:\/\/shopatoa.com\/ro\/lattafa-jasoor-eau-de-parfum-unisex-100-ml\/","url":"https:\/\/shopatoa.com\/ro\/lattafa-jasoor-eau-de-parfum-unisex-100-ml\/","name":"Lattafa Jasoor Eau de Parfum unisex 100 ml - SHOPATOA.COM","isPartOf":{"@id":"https:\/\/shopatoa.com\/ro\/#website"},"primaryImageOfPage":{"@id":"https:\/\/shopatoa.com\/ro\/lattafa-jasoor-eau-de-parfum-unisex-100-ml\/#primaryimage"},"image":{"@id":"https:\/\/shopatoa.com\/ro\/lattafa-jasoor-eau-de-parfum-unisex-100-ml\/#primaryimage"},"thumbnailUrl":"https:\/\/storage.googleapis.com\/cz-shopatoa-img\/ro\/e2a7cee1-unnamed-file.webp","datePublished":"2025-06-20T10:32:27+00:00","dateModified":"2025-12-10T11:45:16+00:00","breadcrumb":{"@id":"https:\/\/shopatoa.com\/ro\/lattafa-jasoor-eau-de-parfum-unisex-100-ml\/#breadcrumb"},"inLanguage":"ro-RO","potentialAction":[{"@type":"ReadAction","target":["https:\/\/shopatoa.com\/ro\/lattafa-jasoor-eau-de-parfum-unisex-100-ml\/"]}]},{"@type":"ImageObject","inLanguage":"ro-RO","@id":"https:\/\/shopatoa.com\/ro\/lattafa-jasoor-eau-de-parfum-unisex-100-ml\/#primaryimage","url":"https:\/\/storage.googleapis.com\/cz-shopatoa-img\/ro\/e2a7cee1-unnamed-file.webp","contentUrl":"https:\/\/storage.googleapis.com\/cz-shopatoa-img\/ro\/e2a7cee1-unnamed-file.webp","width":800,"height":800},{"@type":"BreadcrumbList","@id":"https:\/\/shopatoa.com\/ro\/lattafa-jasoor-eau-de-parfum-unisex-100-ml\/#breadcrumb","itemListElement":[{"@type":"ListItem","position":1,"name":"Dom\u016f","item":"https:\/\/shopatoa.com\/ro\/"},{"@type":"ListItem","position":2,"name":"Shop","item":"https:\/\/shopatoa.com\/ro\/shop\/"},{"@type":"ListItem","position":3,"name":"S\u0103n\u0103tate \u0219i frumuse\u021be","item":"https:\/\/shopatoa.com\/ro\/sanatate-si-frumusete\/"},{"@type":"ListItem","position":4,"name":"\u00cengrijire personal\u0103","item":"https:\/\/shopatoa.com\/ro\/ingrijire-personala\/"},{"@type":"ListItem","position":5,"name":"Cosmetice","item":"https:\/\/shopatoa.com\/ro\/cosmetice-ingrijire-personala\/"},{"@type":"ListItem","position":6,"name":"Parfumuri \u0219i colonii","item":"https:\/\/shopatoa.com\/ro\/parfumuri-si-colonii\/"},{"@type":"ListItem","position":7,"name":"Ape de parfum","item":"https:\/\/shopatoa.com\/ro\/ape-de-parfum\/"},{"@type":"ListItem","position":8,"name":"Lattafa Jasoor Eau de Parfum unisex 100 ml"}]},{"@type":"WebSite","@id":"https:\/\/shopatoa.com\/ro\/#website","url":"https:\/\/shopatoa.com\/ro\/","name":"SHOPATOA","description":"","publisher":{"@id":"https:\/\/shopatoa.com\/ro\/#organization"},"potentialAction":[{"@type":"SearchAction","target":{"@type":"EntryPoint","urlTemplate":"https:\/\/shopatoa.com\/ro\/?s={search_term_string}"},"query-input":{"@type":"PropertyValueSpecification","valueRequired":true,"valueName":"search_term_string"}}],"inLanguage":"ro-RO"},{"@type":"Organization","@id":"https:\/\/shopatoa.com\/ro\/#organization","name":"SHOPATOA","url":"https:\/\/shopatoa.com\/ro\/","logo":{"@type":"ImageObject","inLanguage":"ro-RO","@id":"https:\/\/shopatoa.com\/ro\/#\/schema\/logo\/image\/","url":"https:\/\/storage.googleapis.com\/cz-shopatoa-img\/ro\/b4dac915-shopatoa_logo.png","contentUrl":"https:\/\/storage.googleapis.com\/cz-shopatoa-img\/ro\/b4dac915-shopatoa_logo.png","width":416,"height":63,"caption":"SHOPATOA"},"image":{"@id":"https:\/\/shopatoa.com\/ro\/#\/schema\/logo\/image\/"}}]}},"_links":{"self":[{"href":"https:\/\/shopatoa.com\/ro\/wp-json\/wp\/v2\/product\/411913","targetHints":{"allow":["GET"]}}],"collection":[{"href":"https:\/\/shopatoa.com\/ro\/wp-json\/wp\/v2\/product"}],"about":[{"href":"https:\/\/shopatoa.com\/ro\/wp-json\/wp\/v2\/types\/product"}],"replies":[{"embeddable":true,"href":"https:\/\/shopatoa.com\/ro\/wp-json\/wp\/v2\/comments?post=411913"}],"wp:featuredmedia":[{"embeddable":true,"href":"https:\/\/shopatoa.com\/ro\/wp-json\/wp\/v2\/media\/411914"}],"wp:attachment":[{"href":"https:\/\/shopatoa.com\/ro\/wp-json\/wp\/v2\/media?parent=411913"}],"wp:term":[{"taxonomy":"product_brand","embeddable":true,"href":"https:\/\/shopatoa.com\/ro\/wp-json\/wp\/v2\/product_brand?post=411913"},{"taxonomy":"product_cat","embeddable":true,"href":"https:\/\/shopatoa.com\/ro\/wp-json\/wp\/v2\/product_cat?post=411913"},{"taxonomy":"product_tag","embeddable":true,"href":"https:\/\/shopatoa.com\/ro\/wp-json\/wp\/v2\/product_tag?post=411913"}],"curies":[{"name":"wp","href":"https:\/\/api.w.org\/{rel}","templated":true}]}}