{"id":412259,"date":"2025-06-20T13:17:23","date_gmt":"2025-06-20T11:17:23","guid":{"rendered":"https:\/\/shopatoa.com\/ro\/joanna-styling-effect-guma-pentru-styling-100-g\/"},"modified":"2025-12-12T18:34:12","modified_gmt":"2025-12-12T17:34:12","slug":"joanna-styling-effect-guma-pentru-styling-100-g","status":"publish","type":"product","link":"https:\/\/shopatoa.com\/ro\/joanna-styling-effect-guma-pentru-styling-100-g\/","title":{"rendered":"Joanna Styling Effect guma pentru styling 100 g"},"content":{"rendered":"<p>Joanna Styling Effect, 100 g, Gume modelatoare pentru p\u0103r pentru femei, Dori\u021bi s\u0103 oferi\u021bi p\u0103rului dvs. un aspect dezordonat, av\u00e2nd \u00een acela\u0219i timp fiecare \u0219uvi\u021b\u0103 sub control? Alegerea ideal\u0103 este guma modelatoare pentru p\u0103r Joanna Styling Effect . Reprezint\u0103 un compromis \u00eentre gel \u0219i cear\u0103 \u0219i este perfect\u0103 pentru a crea o coafur\u0103 dezordonat\u0103, \u00een special pentru coafarea p\u0103rului scurt. Permite modelarea perfect\u0103 a p\u0103rului la forma dorit\u0103 \u0219i fixarea permanent\u0103 a coafurii create, f\u0103r\u0103 lipire nedorit\u0103, precum \u00een cazul anumitor geluri.  Caracteristici:  fixeaz\u0103 coafura \u00een forma dorit\u0103 modeleaz\u0103 \u0219i stilizeaz\u0103 p\u0103rul ofer\u0103 o fixare puternic\u0103  Cum se utilizeaz\u0103: Se ia \u00een palm\u0103 o cantitate mic\u0103 de produs \u0219i se aplic\u0103 pe p\u0103r. Se modeleaz\u0103 cu ajutorul degetelor.<\/p>\n","protected":false},"excerpt":{"rendered":"<p>Joanna Styling Effect, 100 g, Gume modelatoare pentru p\u0103r pentru femei, Dori\u021bi s\u0103 oferi\u021bi p\u0103rului dvs. un aspect dezordonat, av\u00e2nd \u00een acela\u0219i timp fiecare \u0219uvi\u021b\u0103 sub control? Alegerea ideal\u0103 este guma modelatoare pentru p\u0103r Joanna Styling Effect . Reprezint\u0103 un compromis \u00eentre gel \u0219i cear\u0103 \u0219i este perfect\u0103 pentru a crea o coafur\u0103 dezordonat\u0103, \u00een&#8230;<\/p>\n","protected":false},"featured_media":412260,"comment_status":"closed","ping_status":"open","template":"","meta":{"_acf_changed":false,"_kadence_starter_templates_imported_post":false,"_kad_post_transparent":"","_kad_post_title":"","_kad_post_layout":"","_kad_post_sidebar_id":"","_kad_post_content_style":"","_kad_post_vertical_padding":"","_kad_post_feature":"","_kad_post_feature_position":"","_kad_post_header":false,"_kad_post_footer":false,"_kad_post_classname":""},"product_brand":[2614],"product_cat":[1563,1590,1633,1562],"product_tag":[],"class_list":{"0":"post-412259","1":"product","2":"type-product","3":"status-publish","4":"has-post-thumbnail","6":"product_brand-joanna","7":"product_cat-ingrijire-personala","8":"product_cat-ingrijirea-parului","9":"product_cat-produse-de-coafare-a-parului","10":"product_cat-sanatate-si-frumusete","11":"pa_gen-female","12":"pa_marime-100-g","14":"first","15":"instock","16":"sale","17":"product-type-external","18":"entry","19":"content-bg","20":"loop-entry"},"acf":[],"yoast_head":"<!-- This site is optimized with the Yoast SEO plugin v27.4 - https:\/\/yoast.com\/product\/yoast-seo-wordpress\/ -->\n<title>Joanna Styling Effect guma pentru styling 100 g - SHOPATOA.COM<\/title>\n<meta name=\"robots\" content=\"index, follow, max-snippet:-1, max-image-preview:large, max-video-preview:-1\" \/>\n<link rel=\"canonical\" href=\"https:\/\/shopatoa.com\/ro\/joanna-styling-effect-guma-pentru-styling-100-g\/\" \/>\n<meta property=\"og:locale\" content=\"ro_RO\" \/>\n<meta property=\"og:type\" content=\"article\" \/>\n<meta property=\"og:title\" content=\"Joanna Styling Effect guma pentru styling 100 g - SHOPATOA.COM\" \/>\n<meta property=\"og:description\" content=\"Joanna Styling Effect, 100 g, Gume modelatoare pentru p\u0103r pentru femei, Dori\u021bi s\u0103 oferi\u021bi p\u0103rului dvs. un aspect dezordonat, av\u00e2nd \u00een acela\u0219i timp fiecare \u0219uvi\u021b\u0103 sub control? Alegerea ideal\u0103 este guma modelatoare pentru p\u0103r Joanna Styling Effect . Reprezint\u0103 un compromis \u00eentre gel \u0219i cear\u0103 \u0219i este perfect\u0103 pentru a crea o coafur\u0103 dezordonat\u0103, \u00een...\" \/>\n<meta property=\"og:url\" content=\"https:\/\/shopatoa.com\/ro\/joanna-styling-effect-guma-pentru-styling-100-g\/\" \/>\n<meta property=\"og:site_name\" content=\"SHOPATOA\" \/>\n<meta property=\"article:modified_time\" content=\"2025-12-12T17:34:12+00:00\" \/>\n<meta property=\"og:image\" content=\"https:\/\/storage.googleapis.com\/cz-shopatoa-img\/ro\/6a79258d-unnamed-file.webp\" \/>\n\t<meta property=\"og:image:width\" content=\"800\" \/>\n\t<meta property=\"og:image:height\" content=\"800\" \/>\n\t<meta property=\"og:image:type\" content=\"image\/webp\" \/>\n<meta name=\"twitter:card\" content=\"summary_large_image\" \/>\n<meta name=\"twitter:label1\" content=\"Timp estimat pentru citire\" \/>\n\t<meta name=\"twitter:data1\" content=\"1 minut\" \/>\n<script type=\"application\/ld+json\" class=\"yoast-schema-graph\">{\"@context\":\"https:\\\/\\\/schema.org\",\"@graph\":[{\"@type\":\"WebPage\",\"@id\":\"https:\\\/\\\/shopatoa.com\\\/ro\\\/joanna-styling-effect-guma-pentru-styling-100-g\\\/\",\"url\":\"https:\\\/\\\/shopatoa.com\\\/ro\\\/joanna-styling-effect-guma-pentru-styling-100-g\\\/\",\"name\":\"Joanna Styling Effect guma pentru styling 100 g - SHOPATOA.COM\",\"isPartOf\":{\"@id\":\"https:\\\/\\\/shopatoa.com\\\/ro\\\/#website\"},\"primaryImageOfPage\":{\"@id\":\"https:\\\/\\\/shopatoa.com\\\/ro\\\/joanna-styling-effect-guma-pentru-styling-100-g\\\/#primaryimage\"},\"image\":{\"@id\":\"https:\\\/\\\/shopatoa.com\\\/ro\\\/joanna-styling-effect-guma-pentru-styling-100-g\\\/#primaryimage\"},\"thumbnailUrl\":\"https:\\\/\\\/storage.googleapis.com\\\/cz-shopatoa-img\\\/ro\\\/6a79258d-unnamed-file.webp\",\"datePublished\":\"2025-06-20T11:17:23+00:00\",\"dateModified\":\"2025-12-12T17:34:12+00:00\",\"breadcrumb\":{\"@id\":\"https:\\\/\\\/shopatoa.com\\\/ro\\\/joanna-styling-effect-guma-pentru-styling-100-g\\\/#breadcrumb\"},\"inLanguage\":\"ro-RO\",\"potentialAction\":[{\"@type\":\"ReadAction\",\"target\":[\"https:\\\/\\\/shopatoa.com\\\/ro\\\/joanna-styling-effect-guma-pentru-styling-100-g\\\/\"]}]},{\"@type\":\"ImageObject\",\"inLanguage\":\"ro-RO\",\"@id\":\"https:\\\/\\\/shopatoa.com\\\/ro\\\/joanna-styling-effect-guma-pentru-styling-100-g\\\/#primaryimage\",\"url\":\"https:\\\/\\\/storage.googleapis.com\\\/cz-shopatoa-img\\\/ro\\\/6a79258d-unnamed-file.webp\",\"contentUrl\":\"https:\\\/\\\/storage.googleapis.com\\\/cz-shopatoa-img\\\/ro\\\/6a79258d-unnamed-file.webp\",\"width\":800,\"height\":800},{\"@type\":\"BreadcrumbList\",\"@id\":\"https:\\\/\\\/shopatoa.com\\\/ro\\\/joanna-styling-effect-guma-pentru-styling-100-g\\\/#breadcrumb\",\"itemListElement\":[{\"@type\":\"ListItem\",\"position\":1,\"name\":\"Dom\u016f\",\"item\":\"https:\\\/\\\/shopatoa.com\\\/ro\\\/\"},{\"@type\":\"ListItem\",\"position\":2,\"name\":\"Shop\",\"item\":\"https:\\\/\\\/shopatoa.com\\\/ro\\\/shop\\\/\"},{\"@type\":\"ListItem\",\"position\":3,\"name\":\"S\u0103n\u0103tate \u0219i frumuse\u021be\",\"item\":\"https:\\\/\\\/shopatoa.com\\\/ro\\\/sanatate-si-frumusete\\\/\"},{\"@type\":\"ListItem\",\"position\":4,\"name\":\"\u00cengrijire personal\u0103\",\"item\":\"https:\\\/\\\/shopatoa.com\\\/ro\\\/ingrijire-personala\\\/\"},{\"@type\":\"ListItem\",\"position\":5,\"name\":\"\u00cengrijirea p\u0103rului\",\"item\":\"https:\\\/\\\/shopatoa.com\\\/ro\\\/ingrijirea-parului\\\/\"},{\"@type\":\"ListItem\",\"position\":6,\"name\":\"Produse de coafare a p\u0103rului\",\"item\":\"https:\\\/\\\/shopatoa.com\\\/ro\\\/produse-de-coafare-a-parului\\\/\"},{\"@type\":\"ListItem\",\"position\":7,\"name\":\"Joanna Styling Effect guma pentru styling 100 g\"}]},{\"@type\":\"WebSite\",\"@id\":\"https:\\\/\\\/shopatoa.com\\\/ro\\\/#website\",\"url\":\"https:\\\/\\\/shopatoa.com\\\/ro\\\/\",\"name\":\"SHOPATOA\",\"description\":\"\",\"publisher\":{\"@id\":\"https:\\\/\\\/shopatoa.com\\\/ro\\\/#organization\"},\"potentialAction\":[{\"@type\":\"SearchAction\",\"target\":{\"@type\":\"EntryPoint\",\"urlTemplate\":\"https:\\\/\\\/shopatoa.com\\\/ro\\\/?s={search_term_string}\"},\"query-input\":{\"@type\":\"PropertyValueSpecification\",\"valueRequired\":true,\"valueName\":\"search_term_string\"}}],\"inLanguage\":\"ro-RO\"},{\"@type\":\"Organization\",\"@id\":\"https:\\\/\\\/shopatoa.com\\\/ro\\\/#organization\",\"name\":\"SHOPATOA\",\"url\":\"https:\\\/\\\/shopatoa.com\\\/ro\\\/\",\"logo\":{\"@type\":\"ImageObject\",\"inLanguage\":\"ro-RO\",\"@id\":\"https:\\\/\\\/shopatoa.com\\\/ro\\\/#\\\/schema\\\/logo\\\/image\\\/\",\"url\":\"https:\\\/\\\/storage.googleapis.com\\\/cz-shopatoa-img\\\/ro\\\/b4dac915-shopatoa_logo.png\",\"contentUrl\":\"https:\\\/\\\/storage.googleapis.com\\\/cz-shopatoa-img\\\/ro\\\/b4dac915-shopatoa_logo.png\",\"width\":416,\"height\":63,\"caption\":\"SHOPATOA\"},\"image\":{\"@id\":\"https:\\\/\\\/shopatoa.com\\\/ro\\\/#\\\/schema\\\/logo\\\/image\\\/\"}}]}<\/script>\n<!-- \/ Yoast SEO plugin. -->","yoast_head_json":{"title":"Joanna Styling Effect guma pentru styling 100 g - SHOPATOA.COM","robots":{"index":"index","follow":"follow","max-snippet":"max-snippet:-1","max-image-preview":"max-image-preview:large","max-video-preview":"max-video-preview:-1"},"canonical":"https:\/\/shopatoa.com\/ro\/joanna-styling-effect-guma-pentru-styling-100-g\/","og_locale":"ro_RO","og_type":"article","og_title":"Joanna Styling Effect guma pentru styling 100 g - SHOPATOA.COM","og_description":"Joanna Styling Effect, 100 g, Gume modelatoare pentru p\u0103r pentru femei, Dori\u021bi s\u0103 oferi\u021bi p\u0103rului dvs. un aspect dezordonat, av\u00e2nd \u00een acela\u0219i timp fiecare \u0219uvi\u021b\u0103 sub control? Alegerea ideal\u0103 este guma modelatoare pentru p\u0103r Joanna Styling Effect . Reprezint\u0103 un compromis \u00eentre gel \u0219i cear\u0103 \u0219i este perfect\u0103 pentru a crea o coafur\u0103 dezordonat\u0103, \u00een...","og_url":"https:\/\/shopatoa.com\/ro\/joanna-styling-effect-guma-pentru-styling-100-g\/","og_site_name":"SHOPATOA","article_modified_time":"2025-12-12T17:34:12+00:00","og_image":[{"width":800,"height":800,"url":"https:\/\/storage.googleapis.com\/cz-shopatoa-img\/ro\/6a79258d-unnamed-file.webp","type":"image\/webp"}],"twitter_card":"summary_large_image","twitter_misc":{"Timp estimat pentru citire":"1 minut"},"schema":{"@context":"https:\/\/schema.org","@graph":[{"@type":"WebPage","@id":"https:\/\/shopatoa.com\/ro\/joanna-styling-effect-guma-pentru-styling-100-g\/","url":"https:\/\/shopatoa.com\/ro\/joanna-styling-effect-guma-pentru-styling-100-g\/","name":"Joanna Styling Effect guma pentru styling 100 g - SHOPATOA.COM","isPartOf":{"@id":"https:\/\/shopatoa.com\/ro\/#website"},"primaryImageOfPage":{"@id":"https:\/\/shopatoa.com\/ro\/joanna-styling-effect-guma-pentru-styling-100-g\/#primaryimage"},"image":{"@id":"https:\/\/shopatoa.com\/ro\/joanna-styling-effect-guma-pentru-styling-100-g\/#primaryimage"},"thumbnailUrl":"https:\/\/storage.googleapis.com\/cz-shopatoa-img\/ro\/6a79258d-unnamed-file.webp","datePublished":"2025-06-20T11:17:23+00:00","dateModified":"2025-12-12T17:34:12+00:00","breadcrumb":{"@id":"https:\/\/shopatoa.com\/ro\/joanna-styling-effect-guma-pentru-styling-100-g\/#breadcrumb"},"inLanguage":"ro-RO","potentialAction":[{"@type":"ReadAction","target":["https:\/\/shopatoa.com\/ro\/joanna-styling-effect-guma-pentru-styling-100-g\/"]}]},{"@type":"ImageObject","inLanguage":"ro-RO","@id":"https:\/\/shopatoa.com\/ro\/joanna-styling-effect-guma-pentru-styling-100-g\/#primaryimage","url":"https:\/\/storage.googleapis.com\/cz-shopatoa-img\/ro\/6a79258d-unnamed-file.webp","contentUrl":"https:\/\/storage.googleapis.com\/cz-shopatoa-img\/ro\/6a79258d-unnamed-file.webp","width":800,"height":800},{"@type":"BreadcrumbList","@id":"https:\/\/shopatoa.com\/ro\/joanna-styling-effect-guma-pentru-styling-100-g\/#breadcrumb","itemListElement":[{"@type":"ListItem","position":1,"name":"Dom\u016f","item":"https:\/\/shopatoa.com\/ro\/"},{"@type":"ListItem","position":2,"name":"Shop","item":"https:\/\/shopatoa.com\/ro\/shop\/"},{"@type":"ListItem","position":3,"name":"S\u0103n\u0103tate \u0219i frumuse\u021be","item":"https:\/\/shopatoa.com\/ro\/sanatate-si-frumusete\/"},{"@type":"ListItem","position":4,"name":"\u00cengrijire personal\u0103","item":"https:\/\/shopatoa.com\/ro\/ingrijire-personala\/"},{"@type":"ListItem","position":5,"name":"\u00cengrijirea p\u0103rului","item":"https:\/\/shopatoa.com\/ro\/ingrijirea-parului\/"},{"@type":"ListItem","position":6,"name":"Produse de coafare a p\u0103rului","item":"https:\/\/shopatoa.com\/ro\/produse-de-coafare-a-parului\/"},{"@type":"ListItem","position":7,"name":"Joanna Styling Effect guma pentru styling 100 g"}]},{"@type":"WebSite","@id":"https:\/\/shopatoa.com\/ro\/#website","url":"https:\/\/shopatoa.com\/ro\/","name":"SHOPATOA","description":"","publisher":{"@id":"https:\/\/shopatoa.com\/ro\/#organization"},"potentialAction":[{"@type":"SearchAction","target":{"@type":"EntryPoint","urlTemplate":"https:\/\/shopatoa.com\/ro\/?s={search_term_string}"},"query-input":{"@type":"PropertyValueSpecification","valueRequired":true,"valueName":"search_term_string"}}],"inLanguage":"ro-RO"},{"@type":"Organization","@id":"https:\/\/shopatoa.com\/ro\/#organization","name":"SHOPATOA","url":"https:\/\/shopatoa.com\/ro\/","logo":{"@type":"ImageObject","inLanguage":"ro-RO","@id":"https:\/\/shopatoa.com\/ro\/#\/schema\/logo\/image\/","url":"https:\/\/storage.googleapis.com\/cz-shopatoa-img\/ro\/b4dac915-shopatoa_logo.png","contentUrl":"https:\/\/storage.googleapis.com\/cz-shopatoa-img\/ro\/b4dac915-shopatoa_logo.png","width":416,"height":63,"caption":"SHOPATOA"},"image":{"@id":"https:\/\/shopatoa.com\/ro\/#\/schema\/logo\/image\/"}}]}},"_links":{"self":[{"href":"https:\/\/shopatoa.com\/ro\/wp-json\/wp\/v2\/product\/412259","targetHints":{"allow":["GET"]}}],"collection":[{"href":"https:\/\/shopatoa.com\/ro\/wp-json\/wp\/v2\/product"}],"about":[{"href":"https:\/\/shopatoa.com\/ro\/wp-json\/wp\/v2\/types\/product"}],"replies":[{"embeddable":true,"href":"https:\/\/shopatoa.com\/ro\/wp-json\/wp\/v2\/comments?post=412259"}],"wp:featuredmedia":[{"embeddable":true,"href":"https:\/\/shopatoa.com\/ro\/wp-json\/wp\/v2\/media\/412260"}],"wp:attachment":[{"href":"https:\/\/shopatoa.com\/ro\/wp-json\/wp\/v2\/media?parent=412259"}],"wp:term":[{"taxonomy":"product_brand","embeddable":true,"href":"https:\/\/shopatoa.com\/ro\/wp-json\/wp\/v2\/product_brand?post=412259"},{"taxonomy":"product_cat","embeddable":true,"href":"https:\/\/shopatoa.com\/ro\/wp-json\/wp\/v2\/product_cat?post=412259"},{"taxonomy":"product_tag","embeddable":true,"href":"https:\/\/shopatoa.com\/ro\/wp-json\/wp\/v2\/product_tag?post=412259"}],"curies":[{"name":"wp","href":"https:\/\/api.w.org\/{rel}","templated":true}]}}