{"id":412421,"date":"2025-06-20T13:31:36","date_gmt":"2025-06-20T11:31:36","guid":{"rendered":"https:\/\/shopatoa.com\/ro\/bel-premium-servetele-micelare-decorative-cu-aloe-vera-30-buc\/"},"modified":"2025-11-09T23:23:50","modified_gmt":"2025-11-09T22:23:50","slug":"bel-premium-servetele-micelare-decorative-cu-aloe-vera-30-buc","status":"publish","type":"product","link":"https:\/\/shopatoa.com\/ro\/bel-premium-servetele-micelare-decorative-cu-aloe-vera-30-buc\/","title":{"rendered":"Bel Premium servetele micelare decorative cu aloe vera 30 buc"},"content":{"rendered":"<p>Bel Premium, 30 buc, Demachiante pentru femei, Demachierea este un pas esen\u021bial pentru \u00eengrijirea tenului, care nu ar trebui omis niciodat\u0103. Demachiantul Bel Premium \u00eendep\u0103rteaz\u0103 eficient tot machiajul \u0219i v\u0103 las\u0103 tenul delicat, perfect curat \u0219i preg\u0103tit pentru \u00eengrijirea ulterioar\u0103.  Caracteristici:  \u00eenl\u0103tur\u0103 eficient fondul de ten fe\u021bei r\u0103core\u0219te \u0219i calmeaz\u0103  Cum se utilizeaz\u0103: Se scoate un \u0219erve\u021bel \u0219i se \u00eendep\u0103rteaz\u0103 u\u0219or din piele fondul de ten \u0219i impurit\u0103\u021bile. Se cl\u0103te\u0219te bine cu ap\u0103 c\u0103ldu\u021b\u0103.<\/p>\n","protected":false},"excerpt":{"rendered":"<p>Bel Premium, 30 buc, Demachiante pentru femei, Demachierea este un pas esen\u021bial pentru \u00eengrijirea tenului, care nu ar trebui omis niciodat\u0103. Demachiantul Bel Premium \u00eendep\u0103rteaz\u0103 eficient tot machiajul \u0219i v\u0103 las\u0103 tenul delicat, perfect curat \u0219i preg\u0103tit pentru \u00eengrijirea ulterioar\u0103. Caracteristici: \u00eenl\u0103tur\u0103 eficient fondul de ten fe\u021bei r\u0103core\u0219te \u0219i calmeaz\u0103 Cum se utilizeaz\u0103: Se scoate&#8230;<\/p>\n","protected":false},"featured_media":412422,"comment_status":"closed","ping_status":"open","template":"","meta":{"_acf_changed":false,"_kadence_starter_templates_imported_post":false,"_kad_post_transparent":"","_kad_post_title":"","_kad_post_layout":"","_kad_post_sidebar_id":"","_kad_post_content_style":"","_kad_post_vertical_padding":"","_kad_post_feature":"","_kad_post_feature_position":"","_kad_post_header":false,"_kad_post_footer":false,"_kad_post_classname":""},"product_brand":[3292],"product_cat":[1564,1566,1563,1565,1562],"product_tag":[],"class_list":{"0":"post-412421","1":"product","2":"type-product","3":"status-publish","4":"has-post-thumbnail","6":"product_brand-bel","7":"product_cat-cosmetice-ingrijire-personala","8":"product_cat-demachiere","9":"product_cat-ingrijire-personala","10":"product_cat-ingrijirea-pielii","11":"product_cat-sanatate-si-frumusete","12":"pa_gen-female","13":"pa_marime-30-buc","15":"first","16":"instock","17":"sale","18":"product-type-external","19":"entry","20":"content-bg","21":"loop-entry"},"acf":[],"yoast_head":"<!-- This site is optimized with the Yoast SEO plugin v27.4 - https:\/\/yoast.com\/product\/yoast-seo-wordpress\/ -->\n<title>Bel Premium servetele micelare decorative cu aloe vera 30 buc - SHOPATOA.COM<\/title>\n<meta name=\"robots\" content=\"index, follow, max-snippet:-1, max-image-preview:large, max-video-preview:-1\" \/>\n<link rel=\"canonical\" href=\"https:\/\/shopatoa.com\/ro\/bel-premium-servetele-micelare-decorative-cu-aloe-vera-30-buc\/\" \/>\n<meta property=\"og:locale\" content=\"ro_RO\" \/>\n<meta property=\"og:type\" content=\"article\" \/>\n<meta property=\"og:title\" content=\"Bel Premium servetele micelare decorative cu aloe vera 30 buc - SHOPATOA.COM\" \/>\n<meta property=\"og:description\" content=\"Bel Premium, 30 buc, Demachiante pentru femei, Demachierea este un pas esen\u021bial pentru \u00eengrijirea tenului, care nu ar trebui omis niciodat\u0103. Demachiantul Bel Premium \u00eendep\u0103rteaz\u0103 eficient tot machiajul \u0219i v\u0103 las\u0103 tenul delicat, perfect curat \u0219i preg\u0103tit pentru \u00eengrijirea ulterioar\u0103. Caracteristici: \u00eenl\u0103tur\u0103 eficient fondul de ten fe\u021bei r\u0103core\u0219te \u0219i calmeaz\u0103 Cum se utilizeaz\u0103: Se scoate...\" \/>\n<meta property=\"og:url\" content=\"https:\/\/shopatoa.com\/ro\/bel-premium-servetele-micelare-decorative-cu-aloe-vera-30-buc\/\" \/>\n<meta property=\"og:site_name\" content=\"SHOPATOA\" \/>\n<meta property=\"article:modified_time\" content=\"2025-11-09T22:23:50+00:00\" \/>\n<meta property=\"og:image\" content=\"https:\/\/storage.googleapis.com\/cz-shopatoa-img\/ro\/c20af4f5-unnamed-file.webp\" \/>\n\t<meta property=\"og:image:width\" content=\"800\" \/>\n\t<meta property=\"og:image:height\" content=\"800\" \/>\n\t<meta property=\"og:image:type\" content=\"image\/webp\" \/>\n<meta name=\"twitter:card\" content=\"summary_large_image\" \/>\n<script type=\"application\/ld+json\" class=\"yoast-schema-graph\">{\"@context\":\"https:\\\/\\\/schema.org\",\"@graph\":[{\"@type\":\"WebPage\",\"@id\":\"https:\\\/\\\/shopatoa.com\\\/ro\\\/bel-premium-servetele-micelare-decorative-cu-aloe-vera-30-buc\\\/\",\"url\":\"https:\\\/\\\/shopatoa.com\\\/ro\\\/bel-premium-servetele-micelare-decorative-cu-aloe-vera-30-buc\\\/\",\"name\":\"Bel Premium servetele micelare decorative cu aloe vera 30 buc - SHOPATOA.COM\",\"isPartOf\":{\"@id\":\"https:\\\/\\\/shopatoa.com\\\/ro\\\/#website\"},\"primaryImageOfPage\":{\"@id\":\"https:\\\/\\\/shopatoa.com\\\/ro\\\/bel-premium-servetele-micelare-decorative-cu-aloe-vera-30-buc\\\/#primaryimage\"},\"image\":{\"@id\":\"https:\\\/\\\/shopatoa.com\\\/ro\\\/bel-premium-servetele-micelare-decorative-cu-aloe-vera-30-buc\\\/#primaryimage\"},\"thumbnailUrl\":\"https:\\\/\\\/storage.googleapis.com\\\/cz-shopatoa-img\\\/ro\\\/c20af4f5-unnamed-file.webp\",\"datePublished\":\"2025-06-20T11:31:36+00:00\",\"dateModified\":\"2025-11-09T22:23:50+00:00\",\"breadcrumb\":{\"@id\":\"https:\\\/\\\/shopatoa.com\\\/ro\\\/bel-premium-servetele-micelare-decorative-cu-aloe-vera-30-buc\\\/#breadcrumb\"},\"inLanguage\":\"ro-RO\",\"potentialAction\":[{\"@type\":\"ReadAction\",\"target\":[\"https:\\\/\\\/shopatoa.com\\\/ro\\\/bel-premium-servetele-micelare-decorative-cu-aloe-vera-30-buc\\\/\"]}]},{\"@type\":\"ImageObject\",\"inLanguage\":\"ro-RO\",\"@id\":\"https:\\\/\\\/shopatoa.com\\\/ro\\\/bel-premium-servetele-micelare-decorative-cu-aloe-vera-30-buc\\\/#primaryimage\",\"url\":\"https:\\\/\\\/storage.googleapis.com\\\/cz-shopatoa-img\\\/ro\\\/c20af4f5-unnamed-file.webp\",\"contentUrl\":\"https:\\\/\\\/storage.googleapis.com\\\/cz-shopatoa-img\\\/ro\\\/c20af4f5-unnamed-file.webp\",\"width\":800,\"height\":800},{\"@type\":\"BreadcrumbList\",\"@id\":\"https:\\\/\\\/shopatoa.com\\\/ro\\\/bel-premium-servetele-micelare-decorative-cu-aloe-vera-30-buc\\\/#breadcrumb\",\"itemListElement\":[{\"@type\":\"ListItem\",\"position\":1,\"name\":\"Dom\u016f\",\"item\":\"https:\\\/\\\/shopatoa.com\\\/ro\\\/\"},{\"@type\":\"ListItem\",\"position\":2,\"name\":\"Shop\",\"item\":\"https:\\\/\\\/shopatoa.com\\\/ro\\\/shop\\\/\"},{\"@type\":\"ListItem\",\"position\":3,\"name\":\"S\u0103n\u0103tate \u0219i frumuse\u021be\",\"item\":\"https:\\\/\\\/shopatoa.com\\\/ro\\\/sanatate-si-frumusete\\\/\"},{\"@type\":\"ListItem\",\"position\":4,\"name\":\"\u00cengrijire personal\u0103\",\"item\":\"https:\\\/\\\/shopatoa.com\\\/ro\\\/ingrijire-personala\\\/\"},{\"@type\":\"ListItem\",\"position\":5,\"name\":\"Cosmetice\",\"item\":\"https:\\\/\\\/shopatoa.com\\\/ro\\\/cosmetice-ingrijire-personala\\\/\"},{\"@type\":\"ListItem\",\"position\":6,\"name\":\"\u00cengrijirea pielii\",\"item\":\"https:\\\/\\\/shopatoa.com\\\/ro\\\/ingrijirea-pielii\\\/\"},{\"@type\":\"ListItem\",\"position\":7,\"name\":\"Demachiere\",\"item\":\"https:\\\/\\\/shopatoa.com\\\/ro\\\/demachiere\\\/\"},{\"@type\":\"ListItem\",\"position\":8,\"name\":\"Bel Premium servetele micelare decorative cu aloe vera 30 buc\"}]},{\"@type\":\"WebSite\",\"@id\":\"https:\\\/\\\/shopatoa.com\\\/ro\\\/#website\",\"url\":\"https:\\\/\\\/shopatoa.com\\\/ro\\\/\",\"name\":\"SHOPATOA\",\"description\":\"\",\"publisher\":{\"@id\":\"https:\\\/\\\/shopatoa.com\\\/ro\\\/#organization\"},\"potentialAction\":[{\"@type\":\"SearchAction\",\"target\":{\"@type\":\"EntryPoint\",\"urlTemplate\":\"https:\\\/\\\/shopatoa.com\\\/ro\\\/?s={search_term_string}\"},\"query-input\":{\"@type\":\"PropertyValueSpecification\",\"valueRequired\":true,\"valueName\":\"search_term_string\"}}],\"inLanguage\":\"ro-RO\"},{\"@type\":\"Organization\",\"@id\":\"https:\\\/\\\/shopatoa.com\\\/ro\\\/#organization\",\"name\":\"SHOPATOA\",\"url\":\"https:\\\/\\\/shopatoa.com\\\/ro\\\/\",\"logo\":{\"@type\":\"ImageObject\",\"inLanguage\":\"ro-RO\",\"@id\":\"https:\\\/\\\/shopatoa.com\\\/ro\\\/#\\\/schema\\\/logo\\\/image\\\/\",\"url\":\"https:\\\/\\\/storage.googleapis.com\\\/cz-shopatoa-img\\\/ro\\\/b4dac915-shopatoa_logo.png\",\"contentUrl\":\"https:\\\/\\\/storage.googleapis.com\\\/cz-shopatoa-img\\\/ro\\\/b4dac915-shopatoa_logo.png\",\"width\":416,\"height\":63,\"caption\":\"SHOPATOA\"},\"image\":{\"@id\":\"https:\\\/\\\/shopatoa.com\\\/ro\\\/#\\\/schema\\\/logo\\\/image\\\/\"}}]}<\/script>\n<!-- \/ Yoast SEO plugin. -->","yoast_head_json":{"title":"Bel Premium servetele micelare decorative cu aloe vera 30 buc - SHOPATOA.COM","robots":{"index":"index","follow":"follow","max-snippet":"max-snippet:-1","max-image-preview":"max-image-preview:large","max-video-preview":"max-video-preview:-1"},"canonical":"https:\/\/shopatoa.com\/ro\/bel-premium-servetele-micelare-decorative-cu-aloe-vera-30-buc\/","og_locale":"ro_RO","og_type":"article","og_title":"Bel Premium servetele micelare decorative cu aloe vera 30 buc - SHOPATOA.COM","og_description":"Bel Premium, 30 buc, Demachiante pentru femei, Demachierea este un pas esen\u021bial pentru \u00eengrijirea tenului, care nu ar trebui omis niciodat\u0103. Demachiantul Bel Premium \u00eendep\u0103rteaz\u0103 eficient tot machiajul \u0219i v\u0103 las\u0103 tenul delicat, perfect curat \u0219i preg\u0103tit pentru \u00eengrijirea ulterioar\u0103. Caracteristici: \u00eenl\u0103tur\u0103 eficient fondul de ten fe\u021bei r\u0103core\u0219te \u0219i calmeaz\u0103 Cum se utilizeaz\u0103: Se scoate...","og_url":"https:\/\/shopatoa.com\/ro\/bel-premium-servetele-micelare-decorative-cu-aloe-vera-30-buc\/","og_site_name":"SHOPATOA","article_modified_time":"2025-11-09T22:23:50+00:00","og_image":[{"width":800,"height":800,"url":"https:\/\/storage.googleapis.com\/cz-shopatoa-img\/ro\/c20af4f5-unnamed-file.webp","type":"image\/webp"}],"twitter_card":"summary_large_image","schema":{"@context":"https:\/\/schema.org","@graph":[{"@type":"WebPage","@id":"https:\/\/shopatoa.com\/ro\/bel-premium-servetele-micelare-decorative-cu-aloe-vera-30-buc\/","url":"https:\/\/shopatoa.com\/ro\/bel-premium-servetele-micelare-decorative-cu-aloe-vera-30-buc\/","name":"Bel Premium servetele micelare decorative cu aloe vera 30 buc - SHOPATOA.COM","isPartOf":{"@id":"https:\/\/shopatoa.com\/ro\/#website"},"primaryImageOfPage":{"@id":"https:\/\/shopatoa.com\/ro\/bel-premium-servetele-micelare-decorative-cu-aloe-vera-30-buc\/#primaryimage"},"image":{"@id":"https:\/\/shopatoa.com\/ro\/bel-premium-servetele-micelare-decorative-cu-aloe-vera-30-buc\/#primaryimage"},"thumbnailUrl":"https:\/\/storage.googleapis.com\/cz-shopatoa-img\/ro\/c20af4f5-unnamed-file.webp","datePublished":"2025-06-20T11:31:36+00:00","dateModified":"2025-11-09T22:23:50+00:00","breadcrumb":{"@id":"https:\/\/shopatoa.com\/ro\/bel-premium-servetele-micelare-decorative-cu-aloe-vera-30-buc\/#breadcrumb"},"inLanguage":"ro-RO","potentialAction":[{"@type":"ReadAction","target":["https:\/\/shopatoa.com\/ro\/bel-premium-servetele-micelare-decorative-cu-aloe-vera-30-buc\/"]}]},{"@type":"ImageObject","inLanguage":"ro-RO","@id":"https:\/\/shopatoa.com\/ro\/bel-premium-servetele-micelare-decorative-cu-aloe-vera-30-buc\/#primaryimage","url":"https:\/\/storage.googleapis.com\/cz-shopatoa-img\/ro\/c20af4f5-unnamed-file.webp","contentUrl":"https:\/\/storage.googleapis.com\/cz-shopatoa-img\/ro\/c20af4f5-unnamed-file.webp","width":800,"height":800},{"@type":"BreadcrumbList","@id":"https:\/\/shopatoa.com\/ro\/bel-premium-servetele-micelare-decorative-cu-aloe-vera-30-buc\/#breadcrumb","itemListElement":[{"@type":"ListItem","position":1,"name":"Dom\u016f","item":"https:\/\/shopatoa.com\/ro\/"},{"@type":"ListItem","position":2,"name":"Shop","item":"https:\/\/shopatoa.com\/ro\/shop\/"},{"@type":"ListItem","position":3,"name":"S\u0103n\u0103tate \u0219i frumuse\u021be","item":"https:\/\/shopatoa.com\/ro\/sanatate-si-frumusete\/"},{"@type":"ListItem","position":4,"name":"\u00cengrijire personal\u0103","item":"https:\/\/shopatoa.com\/ro\/ingrijire-personala\/"},{"@type":"ListItem","position":5,"name":"Cosmetice","item":"https:\/\/shopatoa.com\/ro\/cosmetice-ingrijire-personala\/"},{"@type":"ListItem","position":6,"name":"\u00cengrijirea pielii","item":"https:\/\/shopatoa.com\/ro\/ingrijirea-pielii\/"},{"@type":"ListItem","position":7,"name":"Demachiere","item":"https:\/\/shopatoa.com\/ro\/demachiere\/"},{"@type":"ListItem","position":8,"name":"Bel Premium servetele micelare decorative cu aloe vera 30 buc"}]},{"@type":"WebSite","@id":"https:\/\/shopatoa.com\/ro\/#website","url":"https:\/\/shopatoa.com\/ro\/","name":"SHOPATOA","description":"","publisher":{"@id":"https:\/\/shopatoa.com\/ro\/#organization"},"potentialAction":[{"@type":"SearchAction","target":{"@type":"EntryPoint","urlTemplate":"https:\/\/shopatoa.com\/ro\/?s={search_term_string}"},"query-input":{"@type":"PropertyValueSpecification","valueRequired":true,"valueName":"search_term_string"}}],"inLanguage":"ro-RO"},{"@type":"Organization","@id":"https:\/\/shopatoa.com\/ro\/#organization","name":"SHOPATOA","url":"https:\/\/shopatoa.com\/ro\/","logo":{"@type":"ImageObject","inLanguage":"ro-RO","@id":"https:\/\/shopatoa.com\/ro\/#\/schema\/logo\/image\/","url":"https:\/\/storage.googleapis.com\/cz-shopatoa-img\/ro\/b4dac915-shopatoa_logo.png","contentUrl":"https:\/\/storage.googleapis.com\/cz-shopatoa-img\/ro\/b4dac915-shopatoa_logo.png","width":416,"height":63,"caption":"SHOPATOA"},"image":{"@id":"https:\/\/shopatoa.com\/ro\/#\/schema\/logo\/image\/"}}]}},"_links":{"self":[{"href":"https:\/\/shopatoa.com\/ro\/wp-json\/wp\/v2\/product\/412421","targetHints":{"allow":["GET"]}}],"collection":[{"href":"https:\/\/shopatoa.com\/ro\/wp-json\/wp\/v2\/product"}],"about":[{"href":"https:\/\/shopatoa.com\/ro\/wp-json\/wp\/v2\/types\/product"}],"replies":[{"embeddable":true,"href":"https:\/\/shopatoa.com\/ro\/wp-json\/wp\/v2\/comments?post=412421"}],"wp:featuredmedia":[{"embeddable":true,"href":"https:\/\/shopatoa.com\/ro\/wp-json\/wp\/v2\/media\/412422"}],"wp:attachment":[{"href":"https:\/\/shopatoa.com\/ro\/wp-json\/wp\/v2\/media?parent=412421"}],"wp:term":[{"taxonomy":"product_brand","embeddable":true,"href":"https:\/\/shopatoa.com\/ro\/wp-json\/wp\/v2\/product_brand?post=412421"},{"taxonomy":"product_cat","embeddable":true,"href":"https:\/\/shopatoa.com\/ro\/wp-json\/wp\/v2\/product_cat?post=412421"},{"taxonomy":"product_tag","embeddable":true,"href":"https:\/\/shopatoa.com\/ro\/wp-json\/wp\/v2\/product_tag?post=412421"}],"curies":[{"name":"wp","href":"https:\/\/api.w.org\/{rel}","templated":true}]}}