{"id":412982,"date":"2025-06-20T14:42:07","date_gmt":"2025-06-20T12:42:07","guid":{"rendered":"https:\/\/shopatoa.com\/ro\/eta-fenite-black-edition-8333-90000-placa-de-par-mini-1-buc\/"},"modified":"2025-06-20T14:42:33","modified_gmt":"2025-06-20T12:42:33","slug":"eta-fenite-black-edition-8333-90000-placa-de-par-mini-1-buc","status":"publish","type":"product","link":"https:\/\/shopatoa.com\/ro\/eta-fenite-black-edition-8333-90000-placa-de-par-mini-1-buc\/","title":{"rendered":"ETA Fenit\u00e9 Black Edition 8333 90000 placa de par mini 1 buc"},"content":{"rendered":"<p>ETA Fenit\u00e9 Black Edition 8333 90000, 1 buc, Placi de indreptat parul pentru femei, Placa de \u00eendreptat p\u0103rul ETA Fenit\u00e9 Black Edition asigur\u0103 \u00eentotdeauna coafura perfect\u0103. P\u0103rul va fi \u00eentotdeauna frumos aranjat, flexibil \u0219i cu un luciu superb.  Caracteristici:  cu temperatur\u0103 reglabil\u0103 nu deterioreaz\u0103 \u0219i nu usuc\u0103 p\u0103rul neteze\u0219te perfect p\u0103rul ideal pentru c\u0103l\u0103torii m\u0103rime compact\u0103 pl\u0103ci ceramice afi\u0219aj LED oprire automat\u0103, dup\u0103 o perioad\u0103 de inactivitate siguran\u021b\u0103 \u00eempotriva suprasolicit\u0103rii \u0219i supra\u00eenc\u0103lzirii blocare \u0219i deblocare u\u0219oar\u0103 a suprafe\u021belor de \u00eendreptat carcas\u0103 termorezistent\u0103  Cum se utilizeaz\u0103: Se vor urma instruc\u021biunile de utilizare incluse.<\/p>\n","protected":false},"excerpt":{"rendered":"<p>ETA Fenit\u00e9 Black Edition 8333 90000, 1 buc, Placi de indreptat parul pentru femei, Placa de \u00eendreptat p\u0103rul ETA Fenit\u00e9 Black Edition asigur\u0103 \u00eentotdeauna coafura perfect\u0103. P\u0103rul va fi \u00eentotdeauna frumos aranjat, flexibil \u0219i cu un luciu superb. Caracteristici: cu temperatur\u0103 reglabil\u0103 nu deterioreaz\u0103 \u0219i nu usuc\u0103 p\u0103rul neteze\u0219te perfect p\u0103rul ideal pentru c\u0103l\u0103torii m\u0103rime&#8230;<\/p>\n","protected":false},"featured_media":412983,"comment_status":"closed","ping_status":"open","template":"","meta":{"_acf_changed":false,"_kadence_starter_templates_imported_post":false,"_kad_post_transparent":"","_kad_post_title":"","_kad_post_layout":"","_kad_post_sidebar_id":"","_kad_post_content_style":"","_kad_post_vertical_padding":"","_kad_post_feature":"","_kad_post_feature_position":"","_kad_post_header":false,"_kad_post_footer":false,"_kad_post_classname":""},"product_brand":[2303],"product_cat":[1563,1590,1921,1562,1657],"product_tag":[],"class_list":{"0":"post-412982","1":"product","2":"type-product","3":"status-publish","4":"has-post-thumbnail","6":"product_brand-eta","7":"product_cat-ingrijire-personala","8":"product_cat-ingrijirea-parului","9":"product_cat-placi-de-indreptat-parul","10":"product_cat-sanatate-si-frumusete","11":"product_cat-unelte-de-coafat","12":"pa_gen-female","13":"pa_marime-1-buc","15":"first","16":"instock","17":"product-type-external","18":"entry","19":"content-bg","20":"loop-entry"},"acf":[],"yoast_head":"<!-- This site is optimized with the Yoast SEO plugin v27.4 - https:\/\/yoast.com\/product\/yoast-seo-wordpress\/ -->\n<title>ETA Fenit\u00e9 Black Edition 8333 90000 placa de par mini 1 buc - SHOPATOA.COM<\/title>\n<meta name=\"robots\" content=\"index, follow, max-snippet:-1, max-image-preview:large, max-video-preview:-1\" \/>\n<link rel=\"canonical\" href=\"https:\/\/shopatoa.com\/ro\/eta-fenite-black-edition-8333-90000-placa-de-par-mini-1-buc\/\" \/>\n<meta property=\"og:locale\" content=\"ro_RO\" \/>\n<meta property=\"og:type\" content=\"article\" \/>\n<meta property=\"og:title\" content=\"ETA Fenit\u00e9 Black Edition 8333 90000 placa de par mini 1 buc - SHOPATOA.COM\" \/>\n<meta property=\"og:description\" content=\"ETA Fenit\u00e9 Black Edition 8333 90000, 1 buc, Placi de indreptat parul pentru femei, Placa de \u00eendreptat p\u0103rul ETA Fenit\u00e9 Black Edition asigur\u0103 \u00eentotdeauna coafura perfect\u0103. P\u0103rul va fi \u00eentotdeauna frumos aranjat, flexibil \u0219i cu un luciu superb. Caracteristici: cu temperatur\u0103 reglabil\u0103 nu deterioreaz\u0103 \u0219i nu usuc\u0103 p\u0103rul neteze\u0219te perfect p\u0103rul ideal pentru c\u0103l\u0103torii m\u0103rime...\" \/>\n<meta property=\"og:url\" content=\"https:\/\/shopatoa.com\/ro\/eta-fenite-black-edition-8333-90000-placa-de-par-mini-1-buc\/\" \/>\n<meta property=\"og:site_name\" content=\"SHOPATOA\" \/>\n<meta property=\"article:modified_time\" content=\"2025-06-20T12:42:33+00:00\" \/>\n<meta property=\"og:image\" content=\"https:\/\/storage.googleapis.com\/cz-shopatoa-img\/ro\/a6e2697e-unnamed-file.webp\" \/>\n\t<meta property=\"og:image:width\" content=\"800\" \/>\n\t<meta property=\"og:image:height\" content=\"800\" \/>\n\t<meta property=\"og:image:type\" content=\"image\/webp\" \/>\n<meta name=\"twitter:card\" content=\"summary_large_image\" \/>\n<meta name=\"twitter:label1\" content=\"Timp estimat pentru citire\" \/>\n\t<meta name=\"twitter:data1\" content=\"1 minut\" \/>\n<script type=\"application\/ld+json\" class=\"yoast-schema-graph\">{\"@context\":\"https:\\\/\\\/schema.org\",\"@graph\":[{\"@type\":\"WebPage\",\"@id\":\"https:\\\/\\\/shopatoa.com\\\/ro\\\/eta-fenite-black-edition-8333-90000-placa-de-par-mini-1-buc\\\/\",\"url\":\"https:\\\/\\\/shopatoa.com\\\/ro\\\/eta-fenite-black-edition-8333-90000-placa-de-par-mini-1-buc\\\/\",\"name\":\"ETA Fenit\u00e9 Black Edition 8333 90000 placa de par mini 1 buc - SHOPATOA.COM\",\"isPartOf\":{\"@id\":\"https:\\\/\\\/shopatoa.com\\\/ro\\\/#website\"},\"primaryImageOfPage\":{\"@id\":\"https:\\\/\\\/shopatoa.com\\\/ro\\\/eta-fenite-black-edition-8333-90000-placa-de-par-mini-1-buc\\\/#primaryimage\"},\"image\":{\"@id\":\"https:\\\/\\\/shopatoa.com\\\/ro\\\/eta-fenite-black-edition-8333-90000-placa-de-par-mini-1-buc\\\/#primaryimage\"},\"thumbnailUrl\":\"https:\\\/\\\/storage.googleapis.com\\\/cz-shopatoa-img\\\/ro\\\/a6e2697e-unnamed-file.webp\",\"datePublished\":\"2025-06-20T12:42:07+00:00\",\"dateModified\":\"2025-06-20T12:42:33+00:00\",\"breadcrumb\":{\"@id\":\"https:\\\/\\\/shopatoa.com\\\/ro\\\/eta-fenite-black-edition-8333-90000-placa-de-par-mini-1-buc\\\/#breadcrumb\"},\"inLanguage\":\"ro-RO\",\"potentialAction\":[{\"@type\":\"ReadAction\",\"target\":[\"https:\\\/\\\/shopatoa.com\\\/ro\\\/eta-fenite-black-edition-8333-90000-placa-de-par-mini-1-buc\\\/\"]}]},{\"@type\":\"ImageObject\",\"inLanguage\":\"ro-RO\",\"@id\":\"https:\\\/\\\/shopatoa.com\\\/ro\\\/eta-fenite-black-edition-8333-90000-placa-de-par-mini-1-buc\\\/#primaryimage\",\"url\":\"https:\\\/\\\/storage.googleapis.com\\\/cz-shopatoa-img\\\/ro\\\/a6e2697e-unnamed-file.webp\",\"contentUrl\":\"https:\\\/\\\/storage.googleapis.com\\\/cz-shopatoa-img\\\/ro\\\/a6e2697e-unnamed-file.webp\",\"width\":800,\"height\":800},{\"@type\":\"BreadcrumbList\",\"@id\":\"https:\\\/\\\/shopatoa.com\\\/ro\\\/eta-fenite-black-edition-8333-90000-placa-de-par-mini-1-buc\\\/#breadcrumb\",\"itemListElement\":[{\"@type\":\"ListItem\",\"position\":1,\"name\":\"Dom\u016f\",\"item\":\"https:\\\/\\\/shopatoa.com\\\/ro\\\/\"},{\"@type\":\"ListItem\",\"position\":2,\"name\":\"Shop\",\"item\":\"https:\\\/\\\/shopatoa.com\\\/ro\\\/shop\\\/\"},{\"@type\":\"ListItem\",\"position\":3,\"name\":\"ETA Fenit\u00e9 Black Edition 8333 90000 placa de par mini 1 buc\"}]},{\"@type\":\"WebSite\",\"@id\":\"https:\\\/\\\/shopatoa.com\\\/ro\\\/#website\",\"url\":\"https:\\\/\\\/shopatoa.com\\\/ro\\\/\",\"name\":\"SHOPATOA\",\"description\":\"\",\"publisher\":{\"@id\":\"https:\\\/\\\/shopatoa.com\\\/ro\\\/#organization\"},\"potentialAction\":[{\"@type\":\"SearchAction\",\"target\":{\"@type\":\"EntryPoint\",\"urlTemplate\":\"https:\\\/\\\/shopatoa.com\\\/ro\\\/?s={search_term_string}\"},\"query-input\":{\"@type\":\"PropertyValueSpecification\",\"valueRequired\":true,\"valueName\":\"search_term_string\"}}],\"inLanguage\":\"ro-RO\"},{\"@type\":\"Organization\",\"@id\":\"https:\\\/\\\/shopatoa.com\\\/ro\\\/#organization\",\"name\":\"SHOPATOA\",\"url\":\"https:\\\/\\\/shopatoa.com\\\/ro\\\/\",\"logo\":{\"@type\":\"ImageObject\",\"inLanguage\":\"ro-RO\",\"@id\":\"https:\\\/\\\/shopatoa.com\\\/ro\\\/#\\\/schema\\\/logo\\\/image\\\/\",\"url\":\"https:\\\/\\\/storage.googleapis.com\\\/cz-shopatoa-img\\\/ro\\\/b4dac915-shopatoa_logo.png\",\"contentUrl\":\"https:\\\/\\\/storage.googleapis.com\\\/cz-shopatoa-img\\\/ro\\\/b4dac915-shopatoa_logo.png\",\"width\":416,\"height\":63,\"caption\":\"SHOPATOA\"},\"image\":{\"@id\":\"https:\\\/\\\/shopatoa.com\\\/ro\\\/#\\\/schema\\\/logo\\\/image\\\/\"}}]}<\/script>\n<!-- \/ Yoast SEO plugin. -->","yoast_head_json":{"title":"ETA Fenit\u00e9 Black Edition 8333 90000 placa de par mini 1 buc - SHOPATOA.COM","robots":{"index":"index","follow":"follow","max-snippet":"max-snippet:-1","max-image-preview":"max-image-preview:large","max-video-preview":"max-video-preview:-1"},"canonical":"https:\/\/shopatoa.com\/ro\/eta-fenite-black-edition-8333-90000-placa-de-par-mini-1-buc\/","og_locale":"ro_RO","og_type":"article","og_title":"ETA Fenit\u00e9 Black Edition 8333 90000 placa de par mini 1 buc - SHOPATOA.COM","og_description":"ETA Fenit\u00e9 Black Edition 8333 90000, 1 buc, Placi de indreptat parul pentru femei, Placa de \u00eendreptat p\u0103rul ETA Fenit\u00e9 Black Edition asigur\u0103 \u00eentotdeauna coafura perfect\u0103. P\u0103rul va fi \u00eentotdeauna frumos aranjat, flexibil \u0219i cu un luciu superb. Caracteristici: cu temperatur\u0103 reglabil\u0103 nu deterioreaz\u0103 \u0219i nu usuc\u0103 p\u0103rul neteze\u0219te perfect p\u0103rul ideal pentru c\u0103l\u0103torii m\u0103rime...","og_url":"https:\/\/shopatoa.com\/ro\/eta-fenite-black-edition-8333-90000-placa-de-par-mini-1-buc\/","og_site_name":"SHOPATOA","article_modified_time":"2025-06-20T12:42:33+00:00","og_image":[{"width":800,"height":800,"url":"https:\/\/storage.googleapis.com\/cz-shopatoa-img\/ro\/a6e2697e-unnamed-file.webp","type":"image\/webp"}],"twitter_card":"summary_large_image","twitter_misc":{"Timp estimat pentru citire":"1 minut"},"schema":{"@context":"https:\/\/schema.org","@graph":[{"@type":"WebPage","@id":"https:\/\/shopatoa.com\/ro\/eta-fenite-black-edition-8333-90000-placa-de-par-mini-1-buc\/","url":"https:\/\/shopatoa.com\/ro\/eta-fenite-black-edition-8333-90000-placa-de-par-mini-1-buc\/","name":"ETA Fenit\u00e9 Black Edition 8333 90000 placa de par mini 1 buc - SHOPATOA.COM","isPartOf":{"@id":"https:\/\/shopatoa.com\/ro\/#website"},"primaryImageOfPage":{"@id":"https:\/\/shopatoa.com\/ro\/eta-fenite-black-edition-8333-90000-placa-de-par-mini-1-buc\/#primaryimage"},"image":{"@id":"https:\/\/shopatoa.com\/ro\/eta-fenite-black-edition-8333-90000-placa-de-par-mini-1-buc\/#primaryimage"},"thumbnailUrl":"https:\/\/storage.googleapis.com\/cz-shopatoa-img\/ro\/a6e2697e-unnamed-file.webp","datePublished":"2025-06-20T12:42:07+00:00","dateModified":"2025-06-20T12:42:33+00:00","breadcrumb":{"@id":"https:\/\/shopatoa.com\/ro\/eta-fenite-black-edition-8333-90000-placa-de-par-mini-1-buc\/#breadcrumb"},"inLanguage":"ro-RO","potentialAction":[{"@type":"ReadAction","target":["https:\/\/shopatoa.com\/ro\/eta-fenite-black-edition-8333-90000-placa-de-par-mini-1-buc\/"]}]},{"@type":"ImageObject","inLanguage":"ro-RO","@id":"https:\/\/shopatoa.com\/ro\/eta-fenite-black-edition-8333-90000-placa-de-par-mini-1-buc\/#primaryimage","url":"https:\/\/storage.googleapis.com\/cz-shopatoa-img\/ro\/a6e2697e-unnamed-file.webp","contentUrl":"https:\/\/storage.googleapis.com\/cz-shopatoa-img\/ro\/a6e2697e-unnamed-file.webp","width":800,"height":800},{"@type":"BreadcrumbList","@id":"https:\/\/shopatoa.com\/ro\/eta-fenite-black-edition-8333-90000-placa-de-par-mini-1-buc\/#breadcrumb","itemListElement":[{"@type":"ListItem","position":1,"name":"Dom\u016f","item":"https:\/\/shopatoa.com\/ro\/"},{"@type":"ListItem","position":2,"name":"Shop","item":"https:\/\/shopatoa.com\/ro\/shop\/"},{"@type":"ListItem","position":3,"name":"ETA Fenit\u00e9 Black Edition 8333 90000 placa de par mini 1 buc"}]},{"@type":"WebSite","@id":"https:\/\/shopatoa.com\/ro\/#website","url":"https:\/\/shopatoa.com\/ro\/","name":"SHOPATOA","description":"","publisher":{"@id":"https:\/\/shopatoa.com\/ro\/#organization"},"potentialAction":[{"@type":"SearchAction","target":{"@type":"EntryPoint","urlTemplate":"https:\/\/shopatoa.com\/ro\/?s={search_term_string}"},"query-input":{"@type":"PropertyValueSpecification","valueRequired":true,"valueName":"search_term_string"}}],"inLanguage":"ro-RO"},{"@type":"Organization","@id":"https:\/\/shopatoa.com\/ro\/#organization","name":"SHOPATOA","url":"https:\/\/shopatoa.com\/ro\/","logo":{"@type":"ImageObject","inLanguage":"ro-RO","@id":"https:\/\/shopatoa.com\/ro\/#\/schema\/logo\/image\/","url":"https:\/\/storage.googleapis.com\/cz-shopatoa-img\/ro\/b4dac915-shopatoa_logo.png","contentUrl":"https:\/\/storage.googleapis.com\/cz-shopatoa-img\/ro\/b4dac915-shopatoa_logo.png","width":416,"height":63,"caption":"SHOPATOA"},"image":{"@id":"https:\/\/shopatoa.com\/ro\/#\/schema\/logo\/image\/"}}]}},"_links":{"self":[{"href":"https:\/\/shopatoa.com\/ro\/wp-json\/wp\/v2\/product\/412982","targetHints":{"allow":["GET"]}}],"collection":[{"href":"https:\/\/shopatoa.com\/ro\/wp-json\/wp\/v2\/product"}],"about":[{"href":"https:\/\/shopatoa.com\/ro\/wp-json\/wp\/v2\/types\/product"}],"replies":[{"embeddable":true,"href":"https:\/\/shopatoa.com\/ro\/wp-json\/wp\/v2\/comments?post=412982"}],"wp:featuredmedia":[{"embeddable":true,"href":"https:\/\/shopatoa.com\/ro\/wp-json\/wp\/v2\/media\/412983"}],"wp:attachment":[{"href":"https:\/\/shopatoa.com\/ro\/wp-json\/wp\/v2\/media?parent=412982"}],"wp:term":[{"taxonomy":"product_brand","embeddable":true,"href":"https:\/\/shopatoa.com\/ro\/wp-json\/wp\/v2\/product_brand?post=412982"},{"taxonomy":"product_cat","embeddable":true,"href":"https:\/\/shopatoa.com\/ro\/wp-json\/wp\/v2\/product_cat?post=412982"},{"taxonomy":"product_tag","embeddable":true,"href":"https:\/\/shopatoa.com\/ro\/wp-json\/wp\/v2\/product_tag?post=412982"}],"curies":[{"name":"wp","href":"https:\/\/api.w.org\/{rel}","templated":true}]}}