{"id":413082,"date":"2025-06-20T14:51:33","date_gmt":"2025-06-20T12:51:33","guid":{"rendered":"https:\/\/shopatoa.com\/ro\/nacomi-next-level-moisturizing-set-cadou-pentru-hidratare-si-stralucire\/"},"modified":"2025-06-20T14:52:00","modified_gmt":"2025-06-20T12:52:00","slug":"nacomi-next-level-moisturizing-set-cadou-pentru-hidratare-si-stralucire","status":"publish","type":"product","link":"https:\/\/shopatoa.com\/ro\/nacomi-next-level-moisturizing-set-cadou-pentru-hidratare-si-stralucire\/","title":{"rendered":"Nacomi Next Level Moisturizing set cadou pentru hidratare si stralucire"},"content":{"rendered":"<p>Nacomi Next Level Moisturizing, 2 buc, Seruri pentru piele pentru femei, Totul pentru un ten frumos \u00eentr-un singur pachet. Setul de cosmetice Nacomi Next Level Moisturizing con\u021bine nu unul, ci mai multe produse, care v\u0103 vor ajuta s\u0103 v\u0103 crea\u021bi sau s\u0103 v\u0103 \u00eembog\u0103\u021bi\u021bi rutina zilnic\u0103 de \u00eengrijire \u0219i s\u0103 v\u0103 oferi\u021bi un moment de bucurie sau s\u0103 oferi\u021bi un cadou celor dragi.  Setul con\u021bine:   Nacomi Next Level Hyaluronic Bomb Hyaluronic 10% ser hidratant 30 ml  Nacomi Next Level Moisturizing face toner tonic hidratant 100 ml   Caracteristici:  preg\u0103te\u0219te tenul pentru aplicarea produselor de tratament pentru hidratarea intens\u0103 a tenului Ilumineaz\u0103  Ingrediente:  produs vegan acid hialuronic \u2013 leag\u0103 o cantitate mare de ap\u0103 \u0219i hidrateaz\u0103 intens  Cum se utilizeaz\u0103: Aplica\u021bi c\u00e2teva pic\u0103turi \u00een palme \u0219i apoi tapota\u021bi u\u0219or pe tenul cur\u0103\u021bat al fe\u021bei.<\/p>\n","protected":false},"excerpt":{"rendered":"<p>Nacomi Next Level Moisturizing, 2 buc, Seruri pentru piele pentru femei, Totul pentru un ten frumos \u00eentr-un singur pachet. Setul de cosmetice Nacomi Next Level Moisturizing con\u021bine nu unul, ci mai multe produse, care v\u0103 vor ajuta s\u0103 v\u0103 crea\u021bi sau s\u0103 v\u0103 \u00eembog\u0103\u021bi\u021bi rutina zilnic\u0103 de \u00eengrijire \u0219i s\u0103 v\u0103 oferi\u021bi un moment de&#8230;<\/p>\n","protected":false},"featured_media":413083,"comment_status":"closed","ping_status":"open","template":"","meta":{"_acf_changed":false,"_kadence_starter_templates_imported_post":false,"_kad_post_transparent":"","_kad_post_title":"","_kad_post_layout":"","_kad_post_sidebar_id":"","_kad_post_content_style":"","_kad_post_vertical_padding":"","_kad_post_feature":"","_kad_post_feature_position":"","_kad_post_header":false,"_kad_post_footer":false,"_kad_post_classname":""},"product_brand":[2516],"product_cat":[1564,1563,1565,1562],"product_tag":[],"class_list":{"0":"post-413082","1":"product","2":"type-product","3":"status-publish","4":"has-post-thumbnail","6":"product_brand-nacomi","7":"product_cat-cosmetice-ingrijire-personala","8":"product_cat-ingrijire-personala","9":"product_cat-ingrijirea-pielii","10":"product_cat-sanatate-si-frumusete","11":"pa_gen-female","12":"pa_marime-2-buc","14":"first","15":"instock","16":"sale","17":"product-type-external","18":"entry","19":"content-bg","20":"loop-entry"},"acf":[],"yoast_head":"<!-- This site is optimized with the Yoast SEO plugin v27.4 - https:\/\/yoast.com\/product\/yoast-seo-wordpress\/ -->\n<title>Nacomi Next Level Moisturizing set cadou pentru hidratare si stralucire - SHOPATOA.COM<\/title>\n<meta name=\"robots\" content=\"index, follow, max-snippet:-1, max-image-preview:large, max-video-preview:-1\" \/>\n<link rel=\"canonical\" href=\"https:\/\/shopatoa.com\/ro\/nacomi-next-level-moisturizing-set-cadou-pentru-hidratare-si-stralucire\/\" \/>\n<meta property=\"og:locale\" content=\"ro_RO\" \/>\n<meta property=\"og:type\" content=\"article\" \/>\n<meta property=\"og:title\" content=\"Nacomi Next Level Moisturizing set cadou pentru hidratare si stralucire - SHOPATOA.COM\" \/>\n<meta property=\"og:description\" content=\"Nacomi Next Level Moisturizing, 2 buc, Seruri pentru piele pentru femei, Totul pentru un ten frumos \u00eentr-un singur pachet. Setul de cosmetice Nacomi Next Level Moisturizing con\u021bine nu unul, ci mai multe produse, care v\u0103 vor ajuta s\u0103 v\u0103 crea\u021bi sau s\u0103 v\u0103 \u00eembog\u0103\u021bi\u021bi rutina zilnic\u0103 de \u00eengrijire \u0219i s\u0103 v\u0103 oferi\u021bi un moment de...\" \/>\n<meta property=\"og:url\" content=\"https:\/\/shopatoa.com\/ro\/nacomi-next-level-moisturizing-set-cadou-pentru-hidratare-si-stralucire\/\" \/>\n<meta property=\"og:site_name\" content=\"SHOPATOA\" \/>\n<meta property=\"article:modified_time\" content=\"2025-06-20T12:52:00+00:00\" \/>\n<meta property=\"og:image\" content=\"https:\/\/storage.googleapis.com\/cz-shopatoa-img\/ro\/b5a05760-unnamed-file.webp\" \/>\n\t<meta property=\"og:image:width\" content=\"800\" \/>\n\t<meta property=\"og:image:height\" content=\"800\" \/>\n\t<meta property=\"og:image:type\" content=\"image\/webp\" \/>\n<meta name=\"twitter:card\" content=\"summary_large_image\" \/>\n<meta name=\"twitter:label1\" content=\"Timp estimat pentru citire\" \/>\n\t<meta name=\"twitter:data1\" content=\"1 minut\" \/>\n<script type=\"application\/ld+json\" class=\"yoast-schema-graph\">{\"@context\":\"https:\\\/\\\/schema.org\",\"@graph\":[{\"@type\":\"WebPage\",\"@id\":\"https:\\\/\\\/shopatoa.com\\\/ro\\\/nacomi-next-level-moisturizing-set-cadou-pentru-hidratare-si-stralucire\\\/\",\"url\":\"https:\\\/\\\/shopatoa.com\\\/ro\\\/nacomi-next-level-moisturizing-set-cadou-pentru-hidratare-si-stralucire\\\/\",\"name\":\"Nacomi Next Level Moisturizing set cadou pentru hidratare si stralucire - SHOPATOA.COM\",\"isPartOf\":{\"@id\":\"https:\\\/\\\/shopatoa.com\\\/ro\\\/#website\"},\"primaryImageOfPage\":{\"@id\":\"https:\\\/\\\/shopatoa.com\\\/ro\\\/nacomi-next-level-moisturizing-set-cadou-pentru-hidratare-si-stralucire\\\/#primaryimage\"},\"image\":{\"@id\":\"https:\\\/\\\/shopatoa.com\\\/ro\\\/nacomi-next-level-moisturizing-set-cadou-pentru-hidratare-si-stralucire\\\/#primaryimage\"},\"thumbnailUrl\":\"https:\\\/\\\/storage.googleapis.com\\\/cz-shopatoa-img\\\/ro\\\/b5a05760-unnamed-file.webp\",\"datePublished\":\"2025-06-20T12:51:33+00:00\",\"dateModified\":\"2025-06-20T12:52:00+00:00\",\"breadcrumb\":{\"@id\":\"https:\\\/\\\/shopatoa.com\\\/ro\\\/nacomi-next-level-moisturizing-set-cadou-pentru-hidratare-si-stralucire\\\/#breadcrumb\"},\"inLanguage\":\"ro-RO\",\"potentialAction\":[{\"@type\":\"ReadAction\",\"target\":[\"https:\\\/\\\/shopatoa.com\\\/ro\\\/nacomi-next-level-moisturizing-set-cadou-pentru-hidratare-si-stralucire\\\/\"]}]},{\"@type\":\"ImageObject\",\"inLanguage\":\"ro-RO\",\"@id\":\"https:\\\/\\\/shopatoa.com\\\/ro\\\/nacomi-next-level-moisturizing-set-cadou-pentru-hidratare-si-stralucire\\\/#primaryimage\",\"url\":\"https:\\\/\\\/storage.googleapis.com\\\/cz-shopatoa-img\\\/ro\\\/b5a05760-unnamed-file.webp\",\"contentUrl\":\"https:\\\/\\\/storage.googleapis.com\\\/cz-shopatoa-img\\\/ro\\\/b5a05760-unnamed-file.webp\",\"width\":800,\"height\":800},{\"@type\":\"BreadcrumbList\",\"@id\":\"https:\\\/\\\/shopatoa.com\\\/ro\\\/nacomi-next-level-moisturizing-set-cadou-pentru-hidratare-si-stralucire\\\/#breadcrumb\",\"itemListElement\":[{\"@type\":\"ListItem\",\"position\":1,\"name\":\"Dom\u016f\",\"item\":\"https:\\\/\\\/shopatoa.com\\\/ro\\\/\"},{\"@type\":\"ListItem\",\"position\":2,\"name\":\"Shop\",\"item\":\"https:\\\/\\\/shopatoa.com\\\/ro\\\/shop\\\/\"},{\"@type\":\"ListItem\",\"position\":3,\"name\":\"Nacomi Next Level Moisturizing set cadou pentru hidratare si stralucire\"}]},{\"@type\":\"WebSite\",\"@id\":\"https:\\\/\\\/shopatoa.com\\\/ro\\\/#website\",\"url\":\"https:\\\/\\\/shopatoa.com\\\/ro\\\/\",\"name\":\"SHOPATOA\",\"description\":\"\",\"publisher\":{\"@id\":\"https:\\\/\\\/shopatoa.com\\\/ro\\\/#organization\"},\"potentialAction\":[{\"@type\":\"SearchAction\",\"target\":{\"@type\":\"EntryPoint\",\"urlTemplate\":\"https:\\\/\\\/shopatoa.com\\\/ro\\\/?s={search_term_string}\"},\"query-input\":{\"@type\":\"PropertyValueSpecification\",\"valueRequired\":true,\"valueName\":\"search_term_string\"}}],\"inLanguage\":\"ro-RO\"},{\"@type\":\"Organization\",\"@id\":\"https:\\\/\\\/shopatoa.com\\\/ro\\\/#organization\",\"name\":\"SHOPATOA\",\"url\":\"https:\\\/\\\/shopatoa.com\\\/ro\\\/\",\"logo\":{\"@type\":\"ImageObject\",\"inLanguage\":\"ro-RO\",\"@id\":\"https:\\\/\\\/shopatoa.com\\\/ro\\\/#\\\/schema\\\/logo\\\/image\\\/\",\"url\":\"https:\\\/\\\/storage.googleapis.com\\\/cz-shopatoa-img\\\/ro\\\/b4dac915-shopatoa_logo.png\",\"contentUrl\":\"https:\\\/\\\/storage.googleapis.com\\\/cz-shopatoa-img\\\/ro\\\/b4dac915-shopatoa_logo.png\",\"width\":416,\"height\":63,\"caption\":\"SHOPATOA\"},\"image\":{\"@id\":\"https:\\\/\\\/shopatoa.com\\\/ro\\\/#\\\/schema\\\/logo\\\/image\\\/\"}}]}<\/script>\n<!-- \/ Yoast SEO plugin. -->","yoast_head_json":{"title":"Nacomi Next Level Moisturizing set cadou pentru hidratare si stralucire - SHOPATOA.COM","robots":{"index":"index","follow":"follow","max-snippet":"max-snippet:-1","max-image-preview":"max-image-preview:large","max-video-preview":"max-video-preview:-1"},"canonical":"https:\/\/shopatoa.com\/ro\/nacomi-next-level-moisturizing-set-cadou-pentru-hidratare-si-stralucire\/","og_locale":"ro_RO","og_type":"article","og_title":"Nacomi Next Level Moisturizing set cadou pentru hidratare si stralucire - SHOPATOA.COM","og_description":"Nacomi Next Level Moisturizing, 2 buc, Seruri pentru piele pentru femei, Totul pentru un ten frumos \u00eentr-un singur pachet. Setul de cosmetice Nacomi Next Level Moisturizing con\u021bine nu unul, ci mai multe produse, care v\u0103 vor ajuta s\u0103 v\u0103 crea\u021bi sau s\u0103 v\u0103 \u00eembog\u0103\u021bi\u021bi rutina zilnic\u0103 de \u00eengrijire \u0219i s\u0103 v\u0103 oferi\u021bi un moment de...","og_url":"https:\/\/shopatoa.com\/ro\/nacomi-next-level-moisturizing-set-cadou-pentru-hidratare-si-stralucire\/","og_site_name":"SHOPATOA","article_modified_time":"2025-06-20T12:52:00+00:00","og_image":[{"width":800,"height":800,"url":"https:\/\/storage.googleapis.com\/cz-shopatoa-img\/ro\/b5a05760-unnamed-file.webp","type":"image\/webp"}],"twitter_card":"summary_large_image","twitter_misc":{"Timp estimat pentru citire":"1 minut"},"schema":{"@context":"https:\/\/schema.org","@graph":[{"@type":"WebPage","@id":"https:\/\/shopatoa.com\/ro\/nacomi-next-level-moisturizing-set-cadou-pentru-hidratare-si-stralucire\/","url":"https:\/\/shopatoa.com\/ro\/nacomi-next-level-moisturizing-set-cadou-pentru-hidratare-si-stralucire\/","name":"Nacomi Next Level Moisturizing set cadou pentru hidratare si stralucire - SHOPATOA.COM","isPartOf":{"@id":"https:\/\/shopatoa.com\/ro\/#website"},"primaryImageOfPage":{"@id":"https:\/\/shopatoa.com\/ro\/nacomi-next-level-moisturizing-set-cadou-pentru-hidratare-si-stralucire\/#primaryimage"},"image":{"@id":"https:\/\/shopatoa.com\/ro\/nacomi-next-level-moisturizing-set-cadou-pentru-hidratare-si-stralucire\/#primaryimage"},"thumbnailUrl":"https:\/\/storage.googleapis.com\/cz-shopatoa-img\/ro\/b5a05760-unnamed-file.webp","datePublished":"2025-06-20T12:51:33+00:00","dateModified":"2025-06-20T12:52:00+00:00","breadcrumb":{"@id":"https:\/\/shopatoa.com\/ro\/nacomi-next-level-moisturizing-set-cadou-pentru-hidratare-si-stralucire\/#breadcrumb"},"inLanguage":"ro-RO","potentialAction":[{"@type":"ReadAction","target":["https:\/\/shopatoa.com\/ro\/nacomi-next-level-moisturizing-set-cadou-pentru-hidratare-si-stralucire\/"]}]},{"@type":"ImageObject","inLanguage":"ro-RO","@id":"https:\/\/shopatoa.com\/ro\/nacomi-next-level-moisturizing-set-cadou-pentru-hidratare-si-stralucire\/#primaryimage","url":"https:\/\/storage.googleapis.com\/cz-shopatoa-img\/ro\/b5a05760-unnamed-file.webp","contentUrl":"https:\/\/storage.googleapis.com\/cz-shopatoa-img\/ro\/b5a05760-unnamed-file.webp","width":800,"height":800},{"@type":"BreadcrumbList","@id":"https:\/\/shopatoa.com\/ro\/nacomi-next-level-moisturizing-set-cadou-pentru-hidratare-si-stralucire\/#breadcrumb","itemListElement":[{"@type":"ListItem","position":1,"name":"Dom\u016f","item":"https:\/\/shopatoa.com\/ro\/"},{"@type":"ListItem","position":2,"name":"Shop","item":"https:\/\/shopatoa.com\/ro\/shop\/"},{"@type":"ListItem","position":3,"name":"Nacomi Next Level Moisturizing set cadou pentru hidratare si stralucire"}]},{"@type":"WebSite","@id":"https:\/\/shopatoa.com\/ro\/#website","url":"https:\/\/shopatoa.com\/ro\/","name":"SHOPATOA","description":"","publisher":{"@id":"https:\/\/shopatoa.com\/ro\/#organization"},"potentialAction":[{"@type":"SearchAction","target":{"@type":"EntryPoint","urlTemplate":"https:\/\/shopatoa.com\/ro\/?s={search_term_string}"},"query-input":{"@type":"PropertyValueSpecification","valueRequired":true,"valueName":"search_term_string"}}],"inLanguage":"ro-RO"},{"@type":"Organization","@id":"https:\/\/shopatoa.com\/ro\/#organization","name":"SHOPATOA","url":"https:\/\/shopatoa.com\/ro\/","logo":{"@type":"ImageObject","inLanguage":"ro-RO","@id":"https:\/\/shopatoa.com\/ro\/#\/schema\/logo\/image\/","url":"https:\/\/storage.googleapis.com\/cz-shopatoa-img\/ro\/b4dac915-shopatoa_logo.png","contentUrl":"https:\/\/storage.googleapis.com\/cz-shopatoa-img\/ro\/b4dac915-shopatoa_logo.png","width":416,"height":63,"caption":"SHOPATOA"},"image":{"@id":"https:\/\/shopatoa.com\/ro\/#\/schema\/logo\/image\/"}}]}},"_links":{"self":[{"href":"https:\/\/shopatoa.com\/ro\/wp-json\/wp\/v2\/product\/413082","targetHints":{"allow":["GET"]}}],"collection":[{"href":"https:\/\/shopatoa.com\/ro\/wp-json\/wp\/v2\/product"}],"about":[{"href":"https:\/\/shopatoa.com\/ro\/wp-json\/wp\/v2\/types\/product"}],"replies":[{"embeddable":true,"href":"https:\/\/shopatoa.com\/ro\/wp-json\/wp\/v2\/comments?post=413082"}],"wp:featuredmedia":[{"embeddable":true,"href":"https:\/\/shopatoa.com\/ro\/wp-json\/wp\/v2\/media\/413083"}],"wp:attachment":[{"href":"https:\/\/shopatoa.com\/ro\/wp-json\/wp\/v2\/media?parent=413082"}],"wp:term":[{"taxonomy":"product_brand","embeddable":true,"href":"https:\/\/shopatoa.com\/ro\/wp-json\/wp\/v2\/product_brand?post=413082"},{"taxonomy":"product_cat","embeddable":true,"href":"https:\/\/shopatoa.com\/ro\/wp-json\/wp\/v2\/product_cat?post=413082"},{"taxonomy":"product_tag","embeddable":true,"href":"https:\/\/shopatoa.com\/ro\/wp-json\/wp\/v2\/product_tag?post=413082"}],"curies":[{"name":"wp","href":"https:\/\/api.w.org\/{rel}","templated":true}]}}