{"id":413116,"date":"2025-06-20T14:53:23","date_gmt":"2025-06-20T12:53:23","guid":{"rendered":"https:\/\/shopatoa.com\/ro\/gabriella-salvete-tools-perie-aplicare-pudra-1-buc\/"},"modified":"2025-06-20T14:55:08","modified_gmt":"2025-06-20T12:55:08","slug":"gabriella-salvete-tools-perie-aplicare-pudra-1-buc","status":"publish","type":"product","link":"https:\/\/shopatoa.com\/ro\/gabriella-salvete-tools-perie-aplicare-pudra-1-buc\/","title":{"rendered":"Gabriella Salvete Tools perie aplicare pudr\u0103 1 buc"},"content":{"rendered":"<p>Gabriella Salvete Tools, 1 buc, Pensule \u0219i bure\u021bi de machiaj pentru femei, Make-up arti\u0219tii profesioni\u0219ti nu se pot lipsi de pensule de calitate atunci c\u00e2nd aplic\u0103 machiajul pe fa\u021b\u0103. Inspira\u021bi-v\u0103 din arta lor \u0219i oferi\u021bi-le o \u0219ans\u0103 \u0219i dvs. Pensula Gabriella SalveteTools v\u0103 duce machiajul facial la un nivel superior \u0219i v\u0103 va permite s\u0103 crea\u021bi un look ca un profesionist. Permite aplicarea cosmeticelor decorative pe fa\u021b\u0103 cu o u\u0219urin\u021b\u0103 \u0219i o precizie pe care nu le-a\u021bi putea ob\u021bine prin aplicarea cu degetele. Aceast\u0103 pensul\u0103 v\u0103 va oferi un machiaj impecabil, fie c\u0103 v\u0103 machia\u021bi acas\u0103 sau \u00een c\u0103l\u0103torii.  Caracteristici:  pentru aplicarea produselor pudrate cu fire fine se \u021bine confortabil \u00een m\u00e2n\u0103  Cum se utilizeaz\u0103: Se ia pe pensul\u0103 o cantitate mic\u0103 de fond de ten \u0219i se aplic\u0103 pe fa\u021b\u0103, dup\u0103 dorin\u021b\u0103.<\/p>\n","protected":false},"excerpt":{"rendered":"<p>Gabriella Salvete Tools, 1 buc, Pensule \u0219i bure\u021bi de machiaj pentru femei, Make-up arti\u0219tii profesioni\u0219ti nu se pot lipsi de pensule de calitate atunci c\u00e2nd aplic\u0103 machiajul pe fa\u021b\u0103. Inspira\u021bi-v\u0103 din arta lor \u0219i oferi\u021bi-le o \u0219ans\u0103 \u0219i dvs. Pensula Gabriella SalveteTools v\u0103 duce machiajul facial la un nivel superior \u0219i v\u0103 va permite s\u0103&#8230;<\/p>\n","protected":false},"featured_media":413117,"comment_status":"closed","ping_status":"open","template":"","meta":{"_acf_changed":false,"_kadence_starter_templates_imported_post":false,"_kad_post_transparent":"","_kad_post_title":"","_kad_post_layout":"","_kad_post_sidebar_id":"","_kad_post_content_style":"","_kad_post_vertical_padding":"","_kad_post_feature":"","_kad_post_feature_position":"","_kad_post_header":false,"_kad_post_footer":false,"_kad_post_classname":""},"product_brand":[430],"product_cat":[1564,1563,1620,1562,1618,1619],"product_tag":[],"class_list":{"0":"post-413116","1":"product","2":"type-product","3":"status-publish","4":"has-post-thumbnail","6":"product_brand-gabriella-salvete","7":"product_cat-cosmetice-ingrijire-personala","8":"product_cat-ingrijire-personala","9":"product_cat-pensule-de-machiaj","10":"product_cat-sanatate-si-frumusete","11":"product_cat-unelte-cosmetice","12":"product_cat-unelte-de-machiaj","13":"pa_gen-female","14":"pa_marime-1-buc","16":"first","17":"instock","18":"sale","19":"product-type-external","20":"entry","21":"content-bg","22":"loop-entry"},"acf":[],"yoast_head":"<!-- This site is optimized with the Yoast SEO plugin v27.3 - https:\/\/yoast.com\/product\/yoast-seo-wordpress\/ -->\n<title>Gabriella Salvete Tools perie aplicare pudr\u0103 1 buc - SHOPATOA.COM<\/title>\n<meta name=\"robots\" content=\"index, follow, max-snippet:-1, max-image-preview:large, max-video-preview:-1\" \/>\n<link rel=\"canonical\" href=\"https:\/\/shopatoa.com\/ro\/gabriella-salvete-tools-perie-aplicare-pudra-1-buc\/\" \/>\n<meta property=\"og:locale\" content=\"ro_RO\" \/>\n<meta property=\"og:type\" content=\"article\" \/>\n<meta property=\"og:title\" content=\"Gabriella Salvete Tools perie aplicare pudr\u0103 1 buc - SHOPATOA.COM\" \/>\n<meta property=\"og:description\" content=\"Gabriella Salvete Tools, 1 buc, Pensule \u0219i bure\u021bi de machiaj pentru femei, Make-up arti\u0219tii profesioni\u0219ti nu se pot lipsi de pensule de calitate atunci c\u00e2nd aplic\u0103 machiajul pe fa\u021b\u0103. Inspira\u021bi-v\u0103 din arta lor \u0219i oferi\u021bi-le o \u0219ans\u0103 \u0219i dvs. Pensula Gabriella SalveteTools v\u0103 duce machiajul facial la un nivel superior \u0219i v\u0103 va permite s\u0103...\" \/>\n<meta property=\"og:url\" content=\"https:\/\/shopatoa.com\/ro\/gabriella-salvete-tools-perie-aplicare-pudra-1-buc\/\" \/>\n<meta property=\"og:site_name\" content=\"SHOPATOA\" \/>\n<meta property=\"article:modified_time\" content=\"2025-06-20T12:55:08+00:00\" \/>\n<meta property=\"og:image\" content=\"https:\/\/storage.googleapis.com\/cz-shopatoa-img\/ro\/6d9391ef-unnamed-file.webp\" \/>\n\t<meta property=\"og:image:width\" content=\"800\" \/>\n\t<meta property=\"og:image:height\" content=\"800\" \/>\n\t<meta property=\"og:image:type\" content=\"image\/webp\" \/>\n<meta name=\"twitter:card\" content=\"summary_large_image\" \/>\n<meta name=\"twitter:label1\" content=\"Timp estimat pentru citire\" \/>\n\t<meta name=\"twitter:data1\" content=\"1 minut\" \/>\n<script type=\"application\/ld+json\" class=\"yoast-schema-graph\">{\"@context\":\"https:\\\/\\\/schema.org\",\"@graph\":[{\"@type\":\"WebPage\",\"@id\":\"https:\\\/\\\/shopatoa.com\\\/ro\\\/gabriella-salvete-tools-perie-aplicare-pudra-1-buc\\\/\",\"url\":\"https:\\\/\\\/shopatoa.com\\\/ro\\\/gabriella-salvete-tools-perie-aplicare-pudra-1-buc\\\/\",\"name\":\"Gabriella Salvete Tools perie aplicare pudr\u0103 1 buc - SHOPATOA.COM\",\"isPartOf\":{\"@id\":\"https:\\\/\\\/shopatoa.com\\\/ro\\\/#website\"},\"primaryImageOfPage\":{\"@id\":\"https:\\\/\\\/shopatoa.com\\\/ro\\\/gabriella-salvete-tools-perie-aplicare-pudra-1-buc\\\/#primaryimage\"},\"image\":{\"@id\":\"https:\\\/\\\/shopatoa.com\\\/ro\\\/gabriella-salvete-tools-perie-aplicare-pudra-1-buc\\\/#primaryimage\"},\"thumbnailUrl\":\"https:\\\/\\\/storage.googleapis.com\\\/cz-shopatoa-img\\\/ro\\\/6d9391ef-unnamed-file.webp\",\"datePublished\":\"2025-06-20T12:53:23+00:00\",\"dateModified\":\"2025-06-20T12:55:08+00:00\",\"breadcrumb\":{\"@id\":\"https:\\\/\\\/shopatoa.com\\\/ro\\\/gabriella-salvete-tools-perie-aplicare-pudra-1-buc\\\/#breadcrumb\"},\"inLanguage\":\"ro-RO\",\"potentialAction\":[{\"@type\":\"ReadAction\",\"target\":[\"https:\\\/\\\/shopatoa.com\\\/ro\\\/gabriella-salvete-tools-perie-aplicare-pudra-1-buc\\\/\"]}]},{\"@type\":\"ImageObject\",\"inLanguage\":\"ro-RO\",\"@id\":\"https:\\\/\\\/shopatoa.com\\\/ro\\\/gabriella-salvete-tools-perie-aplicare-pudra-1-buc\\\/#primaryimage\",\"url\":\"https:\\\/\\\/storage.googleapis.com\\\/cz-shopatoa-img\\\/ro\\\/6d9391ef-unnamed-file.webp\",\"contentUrl\":\"https:\\\/\\\/storage.googleapis.com\\\/cz-shopatoa-img\\\/ro\\\/6d9391ef-unnamed-file.webp\",\"width\":800,\"height\":800},{\"@type\":\"BreadcrumbList\",\"@id\":\"https:\\\/\\\/shopatoa.com\\\/ro\\\/gabriella-salvete-tools-perie-aplicare-pudra-1-buc\\\/#breadcrumb\",\"itemListElement\":[{\"@type\":\"ListItem\",\"position\":1,\"name\":\"Dom\u016f\",\"item\":\"https:\\\/\\\/shopatoa.com\\\/ro\\\/\"},{\"@type\":\"ListItem\",\"position\":2,\"name\":\"Shop\",\"item\":\"https:\\\/\\\/shopatoa.com\\\/ro\\\/shop\\\/\"},{\"@type\":\"ListItem\",\"position\":3,\"name\":\"Gabriella Salvete Tools perie aplicare pudr\u0103 1 buc\"}]},{\"@type\":\"WebSite\",\"@id\":\"https:\\\/\\\/shopatoa.com\\\/ro\\\/#website\",\"url\":\"https:\\\/\\\/shopatoa.com\\\/ro\\\/\",\"name\":\"SHOPATOA\",\"description\":\"\",\"publisher\":{\"@id\":\"https:\\\/\\\/shopatoa.com\\\/ro\\\/#organization\"},\"potentialAction\":[{\"@type\":\"SearchAction\",\"target\":{\"@type\":\"EntryPoint\",\"urlTemplate\":\"https:\\\/\\\/shopatoa.com\\\/ro\\\/?s={search_term_string}\"},\"query-input\":{\"@type\":\"PropertyValueSpecification\",\"valueRequired\":true,\"valueName\":\"search_term_string\"}}],\"inLanguage\":\"ro-RO\"},{\"@type\":\"Organization\",\"@id\":\"https:\\\/\\\/shopatoa.com\\\/ro\\\/#organization\",\"name\":\"SHOPATOA\",\"url\":\"https:\\\/\\\/shopatoa.com\\\/ro\\\/\",\"logo\":{\"@type\":\"ImageObject\",\"inLanguage\":\"ro-RO\",\"@id\":\"https:\\\/\\\/shopatoa.com\\\/ro\\\/#\\\/schema\\\/logo\\\/image\\\/\",\"url\":\"https:\\\/\\\/storage.googleapis.com\\\/cz-shopatoa-img\\\/ro\\\/b4dac915-shopatoa_logo.png\",\"contentUrl\":\"https:\\\/\\\/storage.googleapis.com\\\/cz-shopatoa-img\\\/ro\\\/b4dac915-shopatoa_logo.png\",\"width\":416,\"height\":63,\"caption\":\"SHOPATOA\"},\"image\":{\"@id\":\"https:\\\/\\\/shopatoa.com\\\/ro\\\/#\\\/schema\\\/logo\\\/image\\\/\"}}]}<\/script>\n<!-- \/ Yoast SEO plugin. -->","yoast_head_json":{"title":"Gabriella Salvete Tools perie aplicare pudr\u0103 1 buc - SHOPATOA.COM","robots":{"index":"index","follow":"follow","max-snippet":"max-snippet:-1","max-image-preview":"max-image-preview:large","max-video-preview":"max-video-preview:-1"},"canonical":"https:\/\/shopatoa.com\/ro\/gabriella-salvete-tools-perie-aplicare-pudra-1-buc\/","og_locale":"ro_RO","og_type":"article","og_title":"Gabriella Salvete Tools perie aplicare pudr\u0103 1 buc - SHOPATOA.COM","og_description":"Gabriella Salvete Tools, 1 buc, Pensule \u0219i bure\u021bi de machiaj pentru femei, Make-up arti\u0219tii profesioni\u0219ti nu se pot lipsi de pensule de calitate atunci c\u00e2nd aplic\u0103 machiajul pe fa\u021b\u0103. Inspira\u021bi-v\u0103 din arta lor \u0219i oferi\u021bi-le o \u0219ans\u0103 \u0219i dvs. Pensula Gabriella SalveteTools v\u0103 duce machiajul facial la un nivel superior \u0219i v\u0103 va permite s\u0103...","og_url":"https:\/\/shopatoa.com\/ro\/gabriella-salvete-tools-perie-aplicare-pudra-1-buc\/","og_site_name":"SHOPATOA","article_modified_time":"2025-06-20T12:55:08+00:00","og_image":[{"width":800,"height":800,"url":"https:\/\/storage.googleapis.com\/cz-shopatoa-img\/ro\/6d9391ef-unnamed-file.webp","type":"image\/webp"}],"twitter_card":"summary_large_image","twitter_misc":{"Timp estimat pentru citire":"1 minut"},"schema":{"@context":"https:\/\/schema.org","@graph":[{"@type":"WebPage","@id":"https:\/\/shopatoa.com\/ro\/gabriella-salvete-tools-perie-aplicare-pudra-1-buc\/","url":"https:\/\/shopatoa.com\/ro\/gabriella-salvete-tools-perie-aplicare-pudra-1-buc\/","name":"Gabriella Salvete Tools perie aplicare pudr\u0103 1 buc - SHOPATOA.COM","isPartOf":{"@id":"https:\/\/shopatoa.com\/ro\/#website"},"primaryImageOfPage":{"@id":"https:\/\/shopatoa.com\/ro\/gabriella-salvete-tools-perie-aplicare-pudra-1-buc\/#primaryimage"},"image":{"@id":"https:\/\/shopatoa.com\/ro\/gabriella-salvete-tools-perie-aplicare-pudra-1-buc\/#primaryimage"},"thumbnailUrl":"https:\/\/storage.googleapis.com\/cz-shopatoa-img\/ro\/6d9391ef-unnamed-file.webp","datePublished":"2025-06-20T12:53:23+00:00","dateModified":"2025-06-20T12:55:08+00:00","breadcrumb":{"@id":"https:\/\/shopatoa.com\/ro\/gabriella-salvete-tools-perie-aplicare-pudra-1-buc\/#breadcrumb"},"inLanguage":"ro-RO","potentialAction":[{"@type":"ReadAction","target":["https:\/\/shopatoa.com\/ro\/gabriella-salvete-tools-perie-aplicare-pudra-1-buc\/"]}]},{"@type":"ImageObject","inLanguage":"ro-RO","@id":"https:\/\/shopatoa.com\/ro\/gabriella-salvete-tools-perie-aplicare-pudra-1-buc\/#primaryimage","url":"https:\/\/storage.googleapis.com\/cz-shopatoa-img\/ro\/6d9391ef-unnamed-file.webp","contentUrl":"https:\/\/storage.googleapis.com\/cz-shopatoa-img\/ro\/6d9391ef-unnamed-file.webp","width":800,"height":800},{"@type":"BreadcrumbList","@id":"https:\/\/shopatoa.com\/ro\/gabriella-salvete-tools-perie-aplicare-pudra-1-buc\/#breadcrumb","itemListElement":[{"@type":"ListItem","position":1,"name":"Dom\u016f","item":"https:\/\/shopatoa.com\/ro\/"},{"@type":"ListItem","position":2,"name":"Shop","item":"https:\/\/shopatoa.com\/ro\/shop\/"},{"@type":"ListItem","position":3,"name":"Gabriella Salvete Tools perie aplicare pudr\u0103 1 buc"}]},{"@type":"WebSite","@id":"https:\/\/shopatoa.com\/ro\/#website","url":"https:\/\/shopatoa.com\/ro\/","name":"SHOPATOA","description":"","publisher":{"@id":"https:\/\/shopatoa.com\/ro\/#organization"},"potentialAction":[{"@type":"SearchAction","target":{"@type":"EntryPoint","urlTemplate":"https:\/\/shopatoa.com\/ro\/?s={search_term_string}"},"query-input":{"@type":"PropertyValueSpecification","valueRequired":true,"valueName":"search_term_string"}}],"inLanguage":"ro-RO"},{"@type":"Organization","@id":"https:\/\/shopatoa.com\/ro\/#organization","name":"SHOPATOA","url":"https:\/\/shopatoa.com\/ro\/","logo":{"@type":"ImageObject","inLanguage":"ro-RO","@id":"https:\/\/shopatoa.com\/ro\/#\/schema\/logo\/image\/","url":"https:\/\/storage.googleapis.com\/cz-shopatoa-img\/ro\/b4dac915-shopatoa_logo.png","contentUrl":"https:\/\/storage.googleapis.com\/cz-shopatoa-img\/ro\/b4dac915-shopatoa_logo.png","width":416,"height":63,"caption":"SHOPATOA"},"image":{"@id":"https:\/\/shopatoa.com\/ro\/#\/schema\/logo\/image\/"}}]}},"_links":{"self":[{"href":"https:\/\/shopatoa.com\/ro\/wp-json\/wp\/v2\/product\/413116","targetHints":{"allow":["GET"]}}],"collection":[{"href":"https:\/\/shopatoa.com\/ro\/wp-json\/wp\/v2\/product"}],"about":[{"href":"https:\/\/shopatoa.com\/ro\/wp-json\/wp\/v2\/types\/product"}],"replies":[{"embeddable":true,"href":"https:\/\/shopatoa.com\/ro\/wp-json\/wp\/v2\/comments?post=413116"}],"wp:featuredmedia":[{"embeddable":true,"href":"https:\/\/shopatoa.com\/ro\/wp-json\/wp\/v2\/media\/413117"}],"wp:attachment":[{"href":"https:\/\/shopatoa.com\/ro\/wp-json\/wp\/v2\/media?parent=413116"}],"wp:term":[{"taxonomy":"product_brand","embeddable":true,"href":"https:\/\/shopatoa.com\/ro\/wp-json\/wp\/v2\/product_brand?post=413116"},{"taxonomy":"product_cat","embeddable":true,"href":"https:\/\/shopatoa.com\/ro\/wp-json\/wp\/v2\/product_cat?post=413116"},{"taxonomy":"product_tag","embeddable":true,"href":"https:\/\/shopatoa.com\/ro\/wp-json\/wp\/v2\/product_tag?post=413116"}],"curies":[{"name":"wp","href":"https:\/\/api.w.org\/{rel}","templated":true}]}}