{"id":413240,"date":"2025-06-20T15:06:48","date_gmt":"2025-06-20T13:06:48","guid":{"rendered":"https:\/\/shopatoa.com\/ro\/minions-travel-kit-set-pentru-ingrijirea-dentara-pentru-copii-3y\/"},"modified":"2025-10-08T12:36:51","modified_gmt":"2025-10-08T10:36:51","slug":"minions-travel-kit-set-pentru-ingrijirea-dentara-pentru-copii-3y","status":"publish","type":"product","link":"https:\/\/shopatoa.com\/ro\/minions-travel-kit-set-pentru-ingrijirea-dentara-pentru-copii-3y\/","title":{"rendered":"Minions Travel Kit set pentru \u00eengrijirea dentar\u0103 pentru copii 3y+"},"content":{"rendered":"<p>Minions Travel Kit, Seturi pentru copii pentru copii, Din\u021bii s\u0103n\u0103to\u0219i \u0219i albi sunt cei mai frumo\u0219i. Setul de cosmetice Minions Travel Kit v\u0103 ofer\u0103 \u00eengrijirea necesar\u0103 pentru din\u021bi frumo\u0219i, datorit\u0103 c\u0103rora ve\u021bi dori s\u0103 z\u00e2mbi\u021bi mereu.  Caracteristici:  design juc\u0103u\u0219, pentru copii cur\u0103\u021b\u0103 din\u021bii u\u0219or \u0219i eficient se \u021bine comod \u00een m\u00e2n\u0103 \u00eemprosp\u0103teaz\u0103 respira\u021bia cur\u0103\u021b\u0103 din\u021bii \u00eempiedic\u0103 apari\u021bia cariilor dentare  Setul con\u021bine:  periuta de dinti pentru copii cu capac, pentru calatorie fin 1 buc Pasta de dinti pentru copii. cu aroma de capsuni 25 ml  Cum se utilizeaz\u0103: Se aplic\u0103 pasta de din\u021bi pe periu\u021b\u0103, se umeze\u0219te, apoi se cur\u0103\u021b\u0103 din\u021bii \u0219i cavitatea bucal\u0103.<\/p>\n","protected":false},"excerpt":{"rendered":"<p>Minions Travel Kit, Seturi pentru copii pentru copii, Din\u021bii s\u0103n\u0103to\u0219i \u0219i albi sunt cei mai frumo\u0219i. Setul de cosmetice Minions Travel Kit v\u0103 ofer\u0103 \u00eengrijirea necesar\u0103 pentru din\u021bi frumo\u0219i, datorit\u0103 c\u0103rora ve\u021bi dori s\u0103 z\u00e2mbi\u021bi mereu. Caracteristici: design juc\u0103u\u0219, pentru copii cur\u0103\u021b\u0103 din\u021bii u\u0219or \u0219i eficient se \u021bine comod \u00een m\u00e2n\u0103 \u00eemprosp\u0103teaz\u0103 respira\u021bia cur\u0103\u021b\u0103 din\u021bii&#8230;<\/p>\n","protected":false},"featured_media":413241,"comment_status":"closed","ping_status":"open","template":"","meta":{"_acf_changed":false,"_kadence_starter_templates_imported_post":false,"_kad_post_transparent":"","_kad_post_title":"","_kad_post_layout":"","_kad_post_sidebar_id":"","_kad_post_content_style":"","_kad_post_vertical_padding":"","_kad_post_feature":"","_kad_post_feature_position":"","_kad_post_header":false,"_kad_post_footer":false,"_kad_post_classname":""},"product_brand":[2835],"product_cat":[1605,1563,1606,1562],"product_tag":[],"class_list":{"0":"post-413240","1":"product","2":"type-product","3":"status-publish","4":"has-post-thumbnail","6":"product_brand-minions","7":"product_cat-ingrijire-orala","8":"product_cat-ingrijire-personala","9":"product_cat-periute-de-dinti-ingrijire-orala","10":"product_cat-sanatate-si-frumusete","11":"pa_gen-unisex","13":"first","14":"instock","15":"sale","16":"product-type-external","17":"entry","18":"content-bg","19":"loop-entry"},"acf":[],"yoast_head":"<!-- This site is optimized with the Yoast SEO plugin v27.4 - https:\/\/yoast.com\/product\/yoast-seo-wordpress\/ -->\n<title>Minions Travel Kit set pentru \u00eengrijirea dentar\u0103 pentru copii 3y+ - SHOPATOA.COM<\/title>\n<meta name=\"robots\" content=\"index, follow, max-snippet:-1, max-image-preview:large, max-video-preview:-1\" \/>\n<link rel=\"canonical\" href=\"https:\/\/shopatoa.com\/ro\/minions-travel-kit-set-pentru-ingrijirea-dentara-pentru-copii-3y\/\" \/>\n<meta property=\"og:locale\" content=\"ro_RO\" \/>\n<meta property=\"og:type\" content=\"article\" \/>\n<meta property=\"og:title\" content=\"Minions Travel Kit set pentru \u00eengrijirea dentar\u0103 pentru copii 3y+ - SHOPATOA.COM\" \/>\n<meta property=\"og:description\" content=\"Minions Travel Kit, Seturi pentru copii pentru copii, Din\u021bii s\u0103n\u0103to\u0219i \u0219i albi sunt cei mai frumo\u0219i. Setul de cosmetice Minions Travel Kit v\u0103 ofer\u0103 \u00eengrijirea necesar\u0103 pentru din\u021bi frumo\u0219i, datorit\u0103 c\u0103rora ve\u021bi dori s\u0103 z\u00e2mbi\u021bi mereu. Caracteristici: design juc\u0103u\u0219, pentru copii cur\u0103\u021b\u0103 din\u021bii u\u0219or \u0219i eficient se \u021bine comod \u00een m\u00e2n\u0103 \u00eemprosp\u0103teaz\u0103 respira\u021bia cur\u0103\u021b\u0103 din\u021bii...\" \/>\n<meta property=\"og:url\" content=\"https:\/\/shopatoa.com\/ro\/minions-travel-kit-set-pentru-ingrijirea-dentara-pentru-copii-3y\/\" \/>\n<meta property=\"og:site_name\" content=\"SHOPATOA\" \/>\n<meta property=\"article:modified_time\" content=\"2025-10-08T10:36:51+00:00\" \/>\n<meta property=\"og:image\" content=\"https:\/\/storage.googleapis.com\/cz-shopatoa-img\/ro\/81288dbe-unnamed-file.webp\" \/>\n\t<meta property=\"og:image:width\" content=\"800\" \/>\n\t<meta property=\"og:image:height\" content=\"800\" \/>\n\t<meta property=\"og:image:type\" content=\"image\/webp\" \/>\n<meta name=\"twitter:card\" content=\"summary_large_image\" \/>\n<meta name=\"twitter:label1\" content=\"Timp estimat pentru citire\" \/>\n\t<meta name=\"twitter:data1\" content=\"1 minut\" \/>\n<script type=\"application\/ld+json\" class=\"yoast-schema-graph\">{\"@context\":\"https:\\\/\\\/schema.org\",\"@graph\":[{\"@type\":\"WebPage\",\"@id\":\"https:\\\/\\\/shopatoa.com\\\/ro\\\/minions-travel-kit-set-pentru-ingrijirea-dentara-pentru-copii-3y\\\/\",\"url\":\"https:\\\/\\\/shopatoa.com\\\/ro\\\/minions-travel-kit-set-pentru-ingrijirea-dentara-pentru-copii-3y\\\/\",\"name\":\"Minions Travel Kit set pentru \u00eengrijirea dentar\u0103 pentru copii 3y+ - SHOPATOA.COM\",\"isPartOf\":{\"@id\":\"https:\\\/\\\/shopatoa.com\\\/ro\\\/#website\"},\"primaryImageOfPage\":{\"@id\":\"https:\\\/\\\/shopatoa.com\\\/ro\\\/minions-travel-kit-set-pentru-ingrijirea-dentara-pentru-copii-3y\\\/#primaryimage\"},\"image\":{\"@id\":\"https:\\\/\\\/shopatoa.com\\\/ro\\\/minions-travel-kit-set-pentru-ingrijirea-dentara-pentru-copii-3y\\\/#primaryimage\"},\"thumbnailUrl\":\"https:\\\/\\\/storage.googleapis.com\\\/cz-shopatoa-img\\\/ro\\\/81288dbe-unnamed-file.webp\",\"datePublished\":\"2025-06-20T13:06:48+00:00\",\"dateModified\":\"2025-10-08T10:36:51+00:00\",\"breadcrumb\":{\"@id\":\"https:\\\/\\\/shopatoa.com\\\/ro\\\/minions-travel-kit-set-pentru-ingrijirea-dentara-pentru-copii-3y\\\/#breadcrumb\"},\"inLanguage\":\"ro-RO\",\"potentialAction\":[{\"@type\":\"ReadAction\",\"target\":[\"https:\\\/\\\/shopatoa.com\\\/ro\\\/minions-travel-kit-set-pentru-ingrijirea-dentara-pentru-copii-3y\\\/\"]}]},{\"@type\":\"ImageObject\",\"inLanguage\":\"ro-RO\",\"@id\":\"https:\\\/\\\/shopatoa.com\\\/ro\\\/minions-travel-kit-set-pentru-ingrijirea-dentara-pentru-copii-3y\\\/#primaryimage\",\"url\":\"https:\\\/\\\/storage.googleapis.com\\\/cz-shopatoa-img\\\/ro\\\/81288dbe-unnamed-file.webp\",\"contentUrl\":\"https:\\\/\\\/storage.googleapis.com\\\/cz-shopatoa-img\\\/ro\\\/81288dbe-unnamed-file.webp\",\"width\":800,\"height\":800},{\"@type\":\"BreadcrumbList\",\"@id\":\"https:\\\/\\\/shopatoa.com\\\/ro\\\/minions-travel-kit-set-pentru-ingrijirea-dentara-pentru-copii-3y\\\/#breadcrumb\",\"itemListElement\":[{\"@type\":\"ListItem\",\"position\":1,\"name\":\"Dom\u016f\",\"item\":\"https:\\\/\\\/shopatoa.com\\\/ro\\\/\"},{\"@type\":\"ListItem\",\"position\":2,\"name\":\"Shop\",\"item\":\"https:\\\/\\\/shopatoa.com\\\/ro\\\/shop\\\/\"},{\"@type\":\"ListItem\",\"position\":3,\"name\":\"S\u0103n\u0103tate \u0219i frumuse\u021be\",\"item\":\"https:\\\/\\\/shopatoa.com\\\/ro\\\/sanatate-si-frumusete\\\/\"},{\"@type\":\"ListItem\",\"position\":4,\"name\":\"\u00cengrijire personal\u0103\",\"item\":\"https:\\\/\\\/shopatoa.com\\\/ro\\\/ingrijire-personala\\\/\"},{\"@type\":\"ListItem\",\"position\":5,\"name\":\"\u00cengrijire oral\u0103\",\"item\":\"https:\\\/\\\/shopatoa.com\\\/ro\\\/ingrijire-orala\\\/\"},{\"@type\":\"ListItem\",\"position\":6,\"name\":\"Periu\u021be de din\u021bi\",\"item\":\"https:\\\/\\\/shopatoa.com\\\/ro\\\/periute-de-dinti-ingrijire-orala\\\/\"},{\"@type\":\"ListItem\",\"position\":7,\"name\":\"Minions Travel Kit set pentru \u00eengrijirea dentar\u0103 pentru copii 3y+\"}]},{\"@type\":\"WebSite\",\"@id\":\"https:\\\/\\\/shopatoa.com\\\/ro\\\/#website\",\"url\":\"https:\\\/\\\/shopatoa.com\\\/ro\\\/\",\"name\":\"SHOPATOA\",\"description\":\"\",\"publisher\":{\"@id\":\"https:\\\/\\\/shopatoa.com\\\/ro\\\/#organization\"},\"potentialAction\":[{\"@type\":\"SearchAction\",\"target\":{\"@type\":\"EntryPoint\",\"urlTemplate\":\"https:\\\/\\\/shopatoa.com\\\/ro\\\/?s={search_term_string}\"},\"query-input\":{\"@type\":\"PropertyValueSpecification\",\"valueRequired\":true,\"valueName\":\"search_term_string\"}}],\"inLanguage\":\"ro-RO\"},{\"@type\":\"Organization\",\"@id\":\"https:\\\/\\\/shopatoa.com\\\/ro\\\/#organization\",\"name\":\"SHOPATOA\",\"url\":\"https:\\\/\\\/shopatoa.com\\\/ro\\\/\",\"logo\":{\"@type\":\"ImageObject\",\"inLanguage\":\"ro-RO\",\"@id\":\"https:\\\/\\\/shopatoa.com\\\/ro\\\/#\\\/schema\\\/logo\\\/image\\\/\",\"url\":\"https:\\\/\\\/storage.googleapis.com\\\/cz-shopatoa-img\\\/ro\\\/b4dac915-shopatoa_logo.png\",\"contentUrl\":\"https:\\\/\\\/storage.googleapis.com\\\/cz-shopatoa-img\\\/ro\\\/b4dac915-shopatoa_logo.png\",\"width\":416,\"height\":63,\"caption\":\"SHOPATOA\"},\"image\":{\"@id\":\"https:\\\/\\\/shopatoa.com\\\/ro\\\/#\\\/schema\\\/logo\\\/image\\\/\"}}]}<\/script>\n<!-- \/ Yoast SEO plugin. -->","yoast_head_json":{"title":"Minions Travel Kit set pentru \u00eengrijirea dentar\u0103 pentru copii 3y+ - SHOPATOA.COM","robots":{"index":"index","follow":"follow","max-snippet":"max-snippet:-1","max-image-preview":"max-image-preview:large","max-video-preview":"max-video-preview:-1"},"canonical":"https:\/\/shopatoa.com\/ro\/minions-travel-kit-set-pentru-ingrijirea-dentara-pentru-copii-3y\/","og_locale":"ro_RO","og_type":"article","og_title":"Minions Travel Kit set pentru \u00eengrijirea dentar\u0103 pentru copii 3y+ - SHOPATOA.COM","og_description":"Minions Travel Kit, Seturi pentru copii pentru copii, Din\u021bii s\u0103n\u0103to\u0219i \u0219i albi sunt cei mai frumo\u0219i. Setul de cosmetice Minions Travel Kit v\u0103 ofer\u0103 \u00eengrijirea necesar\u0103 pentru din\u021bi frumo\u0219i, datorit\u0103 c\u0103rora ve\u021bi dori s\u0103 z\u00e2mbi\u021bi mereu. Caracteristici: design juc\u0103u\u0219, pentru copii cur\u0103\u021b\u0103 din\u021bii u\u0219or \u0219i eficient se \u021bine comod \u00een m\u00e2n\u0103 \u00eemprosp\u0103teaz\u0103 respira\u021bia cur\u0103\u021b\u0103 din\u021bii...","og_url":"https:\/\/shopatoa.com\/ro\/minions-travel-kit-set-pentru-ingrijirea-dentara-pentru-copii-3y\/","og_site_name":"SHOPATOA","article_modified_time":"2025-10-08T10:36:51+00:00","og_image":[{"width":800,"height":800,"url":"https:\/\/storage.googleapis.com\/cz-shopatoa-img\/ro\/81288dbe-unnamed-file.webp","type":"image\/webp"}],"twitter_card":"summary_large_image","twitter_misc":{"Timp estimat pentru citire":"1 minut"},"schema":{"@context":"https:\/\/schema.org","@graph":[{"@type":"WebPage","@id":"https:\/\/shopatoa.com\/ro\/minions-travel-kit-set-pentru-ingrijirea-dentara-pentru-copii-3y\/","url":"https:\/\/shopatoa.com\/ro\/minions-travel-kit-set-pentru-ingrijirea-dentara-pentru-copii-3y\/","name":"Minions Travel Kit set pentru \u00eengrijirea dentar\u0103 pentru copii 3y+ - SHOPATOA.COM","isPartOf":{"@id":"https:\/\/shopatoa.com\/ro\/#website"},"primaryImageOfPage":{"@id":"https:\/\/shopatoa.com\/ro\/minions-travel-kit-set-pentru-ingrijirea-dentara-pentru-copii-3y\/#primaryimage"},"image":{"@id":"https:\/\/shopatoa.com\/ro\/minions-travel-kit-set-pentru-ingrijirea-dentara-pentru-copii-3y\/#primaryimage"},"thumbnailUrl":"https:\/\/storage.googleapis.com\/cz-shopatoa-img\/ro\/81288dbe-unnamed-file.webp","datePublished":"2025-06-20T13:06:48+00:00","dateModified":"2025-10-08T10:36:51+00:00","breadcrumb":{"@id":"https:\/\/shopatoa.com\/ro\/minions-travel-kit-set-pentru-ingrijirea-dentara-pentru-copii-3y\/#breadcrumb"},"inLanguage":"ro-RO","potentialAction":[{"@type":"ReadAction","target":["https:\/\/shopatoa.com\/ro\/minions-travel-kit-set-pentru-ingrijirea-dentara-pentru-copii-3y\/"]}]},{"@type":"ImageObject","inLanguage":"ro-RO","@id":"https:\/\/shopatoa.com\/ro\/minions-travel-kit-set-pentru-ingrijirea-dentara-pentru-copii-3y\/#primaryimage","url":"https:\/\/storage.googleapis.com\/cz-shopatoa-img\/ro\/81288dbe-unnamed-file.webp","contentUrl":"https:\/\/storage.googleapis.com\/cz-shopatoa-img\/ro\/81288dbe-unnamed-file.webp","width":800,"height":800},{"@type":"BreadcrumbList","@id":"https:\/\/shopatoa.com\/ro\/minions-travel-kit-set-pentru-ingrijirea-dentara-pentru-copii-3y\/#breadcrumb","itemListElement":[{"@type":"ListItem","position":1,"name":"Dom\u016f","item":"https:\/\/shopatoa.com\/ro\/"},{"@type":"ListItem","position":2,"name":"Shop","item":"https:\/\/shopatoa.com\/ro\/shop\/"},{"@type":"ListItem","position":3,"name":"S\u0103n\u0103tate \u0219i frumuse\u021be","item":"https:\/\/shopatoa.com\/ro\/sanatate-si-frumusete\/"},{"@type":"ListItem","position":4,"name":"\u00cengrijire personal\u0103","item":"https:\/\/shopatoa.com\/ro\/ingrijire-personala\/"},{"@type":"ListItem","position":5,"name":"\u00cengrijire oral\u0103","item":"https:\/\/shopatoa.com\/ro\/ingrijire-orala\/"},{"@type":"ListItem","position":6,"name":"Periu\u021be de din\u021bi","item":"https:\/\/shopatoa.com\/ro\/periute-de-dinti-ingrijire-orala\/"},{"@type":"ListItem","position":7,"name":"Minions Travel Kit set pentru \u00eengrijirea dentar\u0103 pentru copii 3y+"}]},{"@type":"WebSite","@id":"https:\/\/shopatoa.com\/ro\/#website","url":"https:\/\/shopatoa.com\/ro\/","name":"SHOPATOA","description":"","publisher":{"@id":"https:\/\/shopatoa.com\/ro\/#organization"},"potentialAction":[{"@type":"SearchAction","target":{"@type":"EntryPoint","urlTemplate":"https:\/\/shopatoa.com\/ro\/?s={search_term_string}"},"query-input":{"@type":"PropertyValueSpecification","valueRequired":true,"valueName":"search_term_string"}}],"inLanguage":"ro-RO"},{"@type":"Organization","@id":"https:\/\/shopatoa.com\/ro\/#organization","name":"SHOPATOA","url":"https:\/\/shopatoa.com\/ro\/","logo":{"@type":"ImageObject","inLanguage":"ro-RO","@id":"https:\/\/shopatoa.com\/ro\/#\/schema\/logo\/image\/","url":"https:\/\/storage.googleapis.com\/cz-shopatoa-img\/ro\/b4dac915-shopatoa_logo.png","contentUrl":"https:\/\/storage.googleapis.com\/cz-shopatoa-img\/ro\/b4dac915-shopatoa_logo.png","width":416,"height":63,"caption":"SHOPATOA"},"image":{"@id":"https:\/\/shopatoa.com\/ro\/#\/schema\/logo\/image\/"}}]}},"_links":{"self":[{"href":"https:\/\/shopatoa.com\/ro\/wp-json\/wp\/v2\/product\/413240","targetHints":{"allow":["GET"]}}],"collection":[{"href":"https:\/\/shopatoa.com\/ro\/wp-json\/wp\/v2\/product"}],"about":[{"href":"https:\/\/shopatoa.com\/ro\/wp-json\/wp\/v2\/types\/product"}],"replies":[{"embeddable":true,"href":"https:\/\/shopatoa.com\/ro\/wp-json\/wp\/v2\/comments?post=413240"}],"wp:featuredmedia":[{"embeddable":true,"href":"https:\/\/shopatoa.com\/ro\/wp-json\/wp\/v2\/media\/413241"}],"wp:attachment":[{"href":"https:\/\/shopatoa.com\/ro\/wp-json\/wp\/v2\/media?parent=413240"}],"wp:term":[{"taxonomy":"product_brand","embeddable":true,"href":"https:\/\/shopatoa.com\/ro\/wp-json\/wp\/v2\/product_brand?post=413240"},{"taxonomy":"product_cat","embeddable":true,"href":"https:\/\/shopatoa.com\/ro\/wp-json\/wp\/v2\/product_cat?post=413240"},{"taxonomy":"product_tag","embeddable":true,"href":"https:\/\/shopatoa.com\/ro\/wp-json\/wp\/v2\/product_tag?post=413240"}],"curies":[{"name":"wp","href":"https:\/\/api.w.org\/{rel}","templated":true}]}}