{"id":413776,"date":"2025-06-20T22:20:45","date_gmt":"2025-06-20T20:20:45","guid":{"rendered":"https:\/\/shopatoa.com\/ro\/gk-hair-thermalstyleher-crema-hranitoare-si-termo-protectoare-100-ml\/"},"modified":"2025-06-20T22:22:14","modified_gmt":"2025-06-20T20:22:14","slug":"gk-hair-thermalstyleher-crema-hranitoare-si-termo-protectoare-100-ml","status":"publish","type":"product","link":"https:\/\/shopatoa.com\/ro\/gk-hair-thermalstyleher-crema-hranitoare-si-termo-protectoare-100-ml\/","title":{"rendered":"GK Hair ThermalStyleHer crem\u0103 hr\u0103nitoare \u0219i termo-protectoare 100 ml"},"content":{"rendered":"<p>GK Hair ThermalStyleHer, 100 ml, Creme \u0219i geluri pentru p\u0103r pentru femei, \u00cen timpul utiliz\u0103rii usc\u0103torului de p\u0103r, a pl\u0103cii sau a ondulatorului, \u00een special \u00een mod repetat \u0219i frecvent, p\u0103rul este supus la stres, iar structura acestuia poate fi deteriorat\u0103 semnificativ. Produsul de protec\u021bie termic\u0103 a p\u0103rului GK Hair ThermalStyleHer ajut\u0103 la prevenirea acestui lucru. Creeaz\u0103 pe p\u0103r o pelicul\u0103 protectoare, care previne eficient deteriorarea termic\u0103 \u00een timpul utiliz\u0103rii aparatelor de styling. Substan\u021bele nutritive con\u021binute confer\u0103 p\u0103rului putere \u0219i \u00eei sporesc rezisten\u021ba la factorii externi d\u0103un\u0103tori.  Caracteristici:  ofer\u0103 o protec\u021bie eficient\u0103 a p\u0103rului, \u00een timpul tratamentului termic pentru un p\u0103r str\u0103lucitor \u0219i hidratat neteze\u0219te firele de p\u0103r combate electrizarea ofer\u0103 hidratare \u0219i str\u0103lucire confer\u0103 volum pentru un p\u0103r fin \u0219i neted la atingere  Cum se utilizeaz\u0103: Se aplic\u0103 pe p\u0103rul sp\u0103lat \u0219i uscat cu prosopul. Nu se cl\u0103te\u0219te. Se aranjeaz\u0103 p\u0103rul, ca de obicei.<\/p>\n","protected":false},"excerpt":{"rendered":"<p>GK Hair ThermalStyleHer, 100 ml, Creme \u0219i geluri pentru p\u0103r pentru femei, \u00cen timpul utiliz\u0103rii usc\u0103torului de p\u0103r, a pl\u0103cii sau a ondulatorului, \u00een special \u00een mod repetat \u0219i frecvent, p\u0103rul este supus la stres, iar structura acestuia poate fi deteriorat\u0103 semnificativ. Produsul de protec\u021bie termic\u0103 a p\u0103rului GK Hair ThermalStyleHer ajut\u0103 la prevenirea acestui&#8230;<\/p>\n","protected":false},"featured_media":413777,"comment_status":"closed","ping_status":"open","template":"","meta":{"_acf_changed":false,"_kadence_starter_templates_imported_post":false,"_kad_post_transparent":"","_kad_post_title":"","_kad_post_layout":"","_kad_post_sidebar_id":"","_kad_post_content_style":"","_kad_post_vertical_padding":"","_kad_post_feature":"","_kad_post_feature_position":"","_kad_post_header":false,"_kad_post_footer":false,"_kad_post_classname":""},"product_brand":[2414],"product_cat":[1563,1590,1562],"product_tag":[],"class_list":{"0":"post-413776","1":"product","2":"type-product","3":"status-publish","4":"has-post-thumbnail","6":"product_brand-gk-hair","7":"product_cat-ingrijire-personala","8":"product_cat-ingrijirea-parului","9":"product_cat-sanatate-si-frumusete","10":"pa_gen-female","11":"pa_marime-100-ml","13":"first","14":"instock","15":"sale","16":"product-type-external","17":"entry","18":"content-bg","19":"loop-entry"},"acf":[],"yoast_head":"<!-- This site is optimized with the Yoast SEO plugin v27.4 - https:\/\/yoast.com\/product\/yoast-seo-wordpress\/ -->\n<title>GK Hair ThermalStyleHer crem\u0103 hr\u0103nitoare \u0219i termo-protectoare 100 ml - SHOPATOA.COM<\/title>\n<meta name=\"robots\" content=\"index, follow, max-snippet:-1, max-image-preview:large, max-video-preview:-1\" \/>\n<link rel=\"canonical\" href=\"https:\/\/shopatoa.com\/ro\/gk-hair-thermalstyleher-crema-hranitoare-si-termo-protectoare-100-ml\/\" \/>\n<meta property=\"og:locale\" content=\"ro_RO\" \/>\n<meta property=\"og:type\" content=\"article\" \/>\n<meta property=\"og:title\" content=\"GK Hair ThermalStyleHer crem\u0103 hr\u0103nitoare \u0219i termo-protectoare 100 ml - SHOPATOA.COM\" \/>\n<meta property=\"og:description\" content=\"GK Hair ThermalStyleHer, 100 ml, Creme \u0219i geluri pentru p\u0103r pentru femei, \u00cen timpul utiliz\u0103rii usc\u0103torului de p\u0103r, a pl\u0103cii sau a ondulatorului, \u00een special \u00een mod repetat \u0219i frecvent, p\u0103rul este supus la stres, iar structura acestuia poate fi deteriorat\u0103 semnificativ. Produsul de protec\u021bie termic\u0103 a p\u0103rului GK Hair ThermalStyleHer ajut\u0103 la prevenirea acestui...\" \/>\n<meta property=\"og:url\" content=\"https:\/\/shopatoa.com\/ro\/gk-hair-thermalstyleher-crema-hranitoare-si-termo-protectoare-100-ml\/\" \/>\n<meta property=\"og:site_name\" content=\"SHOPATOA\" \/>\n<meta property=\"article:modified_time\" content=\"2025-06-20T20:22:14+00:00\" \/>\n<meta property=\"og:image\" content=\"https:\/\/storage.googleapis.com\/cz-shopatoa-img\/ro\/8fe9587b-unnamed-file.webp\" \/>\n\t<meta property=\"og:image:width\" content=\"800\" \/>\n\t<meta property=\"og:image:height\" content=\"800\" \/>\n\t<meta property=\"og:image:type\" content=\"image\/webp\" \/>\n<meta name=\"twitter:card\" content=\"summary_large_image\" \/>\n<meta name=\"twitter:label1\" content=\"Timp estimat pentru citire\" \/>\n\t<meta name=\"twitter:data1\" content=\"1 minut\" \/>\n<script type=\"application\/ld+json\" class=\"yoast-schema-graph\">{\"@context\":\"https:\\\/\\\/schema.org\",\"@graph\":[{\"@type\":\"WebPage\",\"@id\":\"https:\\\/\\\/shopatoa.com\\\/ro\\\/gk-hair-thermalstyleher-crema-hranitoare-si-termo-protectoare-100-ml\\\/\",\"url\":\"https:\\\/\\\/shopatoa.com\\\/ro\\\/gk-hair-thermalstyleher-crema-hranitoare-si-termo-protectoare-100-ml\\\/\",\"name\":\"GK Hair ThermalStyleHer crem\u0103 hr\u0103nitoare \u0219i termo-protectoare 100 ml - SHOPATOA.COM\",\"isPartOf\":{\"@id\":\"https:\\\/\\\/shopatoa.com\\\/ro\\\/#website\"},\"primaryImageOfPage\":{\"@id\":\"https:\\\/\\\/shopatoa.com\\\/ro\\\/gk-hair-thermalstyleher-crema-hranitoare-si-termo-protectoare-100-ml\\\/#primaryimage\"},\"image\":{\"@id\":\"https:\\\/\\\/shopatoa.com\\\/ro\\\/gk-hair-thermalstyleher-crema-hranitoare-si-termo-protectoare-100-ml\\\/#primaryimage\"},\"thumbnailUrl\":\"https:\\\/\\\/storage.googleapis.com\\\/cz-shopatoa-img\\\/ro\\\/8fe9587b-unnamed-file.webp\",\"datePublished\":\"2025-06-20T20:20:45+00:00\",\"dateModified\":\"2025-06-20T20:22:14+00:00\",\"breadcrumb\":{\"@id\":\"https:\\\/\\\/shopatoa.com\\\/ro\\\/gk-hair-thermalstyleher-crema-hranitoare-si-termo-protectoare-100-ml\\\/#breadcrumb\"},\"inLanguage\":\"ro-RO\",\"potentialAction\":[{\"@type\":\"ReadAction\",\"target\":[\"https:\\\/\\\/shopatoa.com\\\/ro\\\/gk-hair-thermalstyleher-crema-hranitoare-si-termo-protectoare-100-ml\\\/\"]}]},{\"@type\":\"ImageObject\",\"inLanguage\":\"ro-RO\",\"@id\":\"https:\\\/\\\/shopatoa.com\\\/ro\\\/gk-hair-thermalstyleher-crema-hranitoare-si-termo-protectoare-100-ml\\\/#primaryimage\",\"url\":\"https:\\\/\\\/storage.googleapis.com\\\/cz-shopatoa-img\\\/ro\\\/8fe9587b-unnamed-file.webp\",\"contentUrl\":\"https:\\\/\\\/storage.googleapis.com\\\/cz-shopatoa-img\\\/ro\\\/8fe9587b-unnamed-file.webp\",\"width\":800,\"height\":800},{\"@type\":\"BreadcrumbList\",\"@id\":\"https:\\\/\\\/shopatoa.com\\\/ro\\\/gk-hair-thermalstyleher-crema-hranitoare-si-termo-protectoare-100-ml\\\/#breadcrumb\",\"itemListElement\":[{\"@type\":\"ListItem\",\"position\":1,\"name\":\"Dom\u016f\",\"item\":\"https:\\\/\\\/shopatoa.com\\\/ro\\\/\"},{\"@type\":\"ListItem\",\"position\":2,\"name\":\"Shop\",\"item\":\"https:\\\/\\\/shopatoa.com\\\/ro\\\/shop\\\/\"},{\"@type\":\"ListItem\",\"position\":3,\"name\":\"GK Hair ThermalStyleHer crem\u0103 hr\u0103nitoare \u0219i termo-protectoare 100 ml\"}]},{\"@type\":\"WebSite\",\"@id\":\"https:\\\/\\\/shopatoa.com\\\/ro\\\/#website\",\"url\":\"https:\\\/\\\/shopatoa.com\\\/ro\\\/\",\"name\":\"SHOPATOA\",\"description\":\"\",\"publisher\":{\"@id\":\"https:\\\/\\\/shopatoa.com\\\/ro\\\/#organization\"},\"potentialAction\":[{\"@type\":\"SearchAction\",\"target\":{\"@type\":\"EntryPoint\",\"urlTemplate\":\"https:\\\/\\\/shopatoa.com\\\/ro\\\/?s={search_term_string}\"},\"query-input\":{\"@type\":\"PropertyValueSpecification\",\"valueRequired\":true,\"valueName\":\"search_term_string\"}}],\"inLanguage\":\"ro-RO\"},{\"@type\":\"Organization\",\"@id\":\"https:\\\/\\\/shopatoa.com\\\/ro\\\/#organization\",\"name\":\"SHOPATOA\",\"url\":\"https:\\\/\\\/shopatoa.com\\\/ro\\\/\",\"logo\":{\"@type\":\"ImageObject\",\"inLanguage\":\"ro-RO\",\"@id\":\"https:\\\/\\\/shopatoa.com\\\/ro\\\/#\\\/schema\\\/logo\\\/image\\\/\",\"url\":\"https:\\\/\\\/storage.googleapis.com\\\/cz-shopatoa-img\\\/ro\\\/b4dac915-shopatoa_logo.png\",\"contentUrl\":\"https:\\\/\\\/storage.googleapis.com\\\/cz-shopatoa-img\\\/ro\\\/b4dac915-shopatoa_logo.png\",\"width\":416,\"height\":63,\"caption\":\"SHOPATOA\"},\"image\":{\"@id\":\"https:\\\/\\\/shopatoa.com\\\/ro\\\/#\\\/schema\\\/logo\\\/image\\\/\"}}]}<\/script>\n<!-- \/ Yoast SEO plugin. -->","yoast_head_json":{"title":"GK Hair ThermalStyleHer crem\u0103 hr\u0103nitoare \u0219i termo-protectoare 100 ml - SHOPATOA.COM","robots":{"index":"index","follow":"follow","max-snippet":"max-snippet:-1","max-image-preview":"max-image-preview:large","max-video-preview":"max-video-preview:-1"},"canonical":"https:\/\/shopatoa.com\/ro\/gk-hair-thermalstyleher-crema-hranitoare-si-termo-protectoare-100-ml\/","og_locale":"ro_RO","og_type":"article","og_title":"GK Hair ThermalStyleHer crem\u0103 hr\u0103nitoare \u0219i termo-protectoare 100 ml - SHOPATOA.COM","og_description":"GK Hair ThermalStyleHer, 100 ml, Creme \u0219i geluri pentru p\u0103r pentru femei, \u00cen timpul utiliz\u0103rii usc\u0103torului de p\u0103r, a pl\u0103cii sau a ondulatorului, \u00een special \u00een mod repetat \u0219i frecvent, p\u0103rul este supus la stres, iar structura acestuia poate fi deteriorat\u0103 semnificativ. Produsul de protec\u021bie termic\u0103 a p\u0103rului GK Hair ThermalStyleHer ajut\u0103 la prevenirea acestui...","og_url":"https:\/\/shopatoa.com\/ro\/gk-hair-thermalstyleher-crema-hranitoare-si-termo-protectoare-100-ml\/","og_site_name":"SHOPATOA","article_modified_time":"2025-06-20T20:22:14+00:00","og_image":[{"width":800,"height":800,"url":"https:\/\/storage.googleapis.com\/cz-shopatoa-img\/ro\/8fe9587b-unnamed-file.webp","type":"image\/webp"}],"twitter_card":"summary_large_image","twitter_misc":{"Timp estimat pentru citire":"1 minut"},"schema":{"@context":"https:\/\/schema.org","@graph":[{"@type":"WebPage","@id":"https:\/\/shopatoa.com\/ro\/gk-hair-thermalstyleher-crema-hranitoare-si-termo-protectoare-100-ml\/","url":"https:\/\/shopatoa.com\/ro\/gk-hair-thermalstyleher-crema-hranitoare-si-termo-protectoare-100-ml\/","name":"GK Hair ThermalStyleHer crem\u0103 hr\u0103nitoare \u0219i termo-protectoare 100 ml - SHOPATOA.COM","isPartOf":{"@id":"https:\/\/shopatoa.com\/ro\/#website"},"primaryImageOfPage":{"@id":"https:\/\/shopatoa.com\/ro\/gk-hair-thermalstyleher-crema-hranitoare-si-termo-protectoare-100-ml\/#primaryimage"},"image":{"@id":"https:\/\/shopatoa.com\/ro\/gk-hair-thermalstyleher-crema-hranitoare-si-termo-protectoare-100-ml\/#primaryimage"},"thumbnailUrl":"https:\/\/storage.googleapis.com\/cz-shopatoa-img\/ro\/8fe9587b-unnamed-file.webp","datePublished":"2025-06-20T20:20:45+00:00","dateModified":"2025-06-20T20:22:14+00:00","breadcrumb":{"@id":"https:\/\/shopatoa.com\/ro\/gk-hair-thermalstyleher-crema-hranitoare-si-termo-protectoare-100-ml\/#breadcrumb"},"inLanguage":"ro-RO","potentialAction":[{"@type":"ReadAction","target":["https:\/\/shopatoa.com\/ro\/gk-hair-thermalstyleher-crema-hranitoare-si-termo-protectoare-100-ml\/"]}]},{"@type":"ImageObject","inLanguage":"ro-RO","@id":"https:\/\/shopatoa.com\/ro\/gk-hair-thermalstyleher-crema-hranitoare-si-termo-protectoare-100-ml\/#primaryimage","url":"https:\/\/storage.googleapis.com\/cz-shopatoa-img\/ro\/8fe9587b-unnamed-file.webp","contentUrl":"https:\/\/storage.googleapis.com\/cz-shopatoa-img\/ro\/8fe9587b-unnamed-file.webp","width":800,"height":800},{"@type":"BreadcrumbList","@id":"https:\/\/shopatoa.com\/ro\/gk-hair-thermalstyleher-crema-hranitoare-si-termo-protectoare-100-ml\/#breadcrumb","itemListElement":[{"@type":"ListItem","position":1,"name":"Dom\u016f","item":"https:\/\/shopatoa.com\/ro\/"},{"@type":"ListItem","position":2,"name":"Shop","item":"https:\/\/shopatoa.com\/ro\/shop\/"},{"@type":"ListItem","position":3,"name":"GK Hair ThermalStyleHer crem\u0103 hr\u0103nitoare \u0219i termo-protectoare 100 ml"}]},{"@type":"WebSite","@id":"https:\/\/shopatoa.com\/ro\/#website","url":"https:\/\/shopatoa.com\/ro\/","name":"SHOPATOA","description":"","publisher":{"@id":"https:\/\/shopatoa.com\/ro\/#organization"},"potentialAction":[{"@type":"SearchAction","target":{"@type":"EntryPoint","urlTemplate":"https:\/\/shopatoa.com\/ro\/?s={search_term_string}"},"query-input":{"@type":"PropertyValueSpecification","valueRequired":true,"valueName":"search_term_string"}}],"inLanguage":"ro-RO"},{"@type":"Organization","@id":"https:\/\/shopatoa.com\/ro\/#organization","name":"SHOPATOA","url":"https:\/\/shopatoa.com\/ro\/","logo":{"@type":"ImageObject","inLanguage":"ro-RO","@id":"https:\/\/shopatoa.com\/ro\/#\/schema\/logo\/image\/","url":"https:\/\/storage.googleapis.com\/cz-shopatoa-img\/ro\/b4dac915-shopatoa_logo.png","contentUrl":"https:\/\/storage.googleapis.com\/cz-shopatoa-img\/ro\/b4dac915-shopatoa_logo.png","width":416,"height":63,"caption":"SHOPATOA"},"image":{"@id":"https:\/\/shopatoa.com\/ro\/#\/schema\/logo\/image\/"}}]}},"_links":{"self":[{"href":"https:\/\/shopatoa.com\/ro\/wp-json\/wp\/v2\/product\/413776","targetHints":{"allow":["GET"]}}],"collection":[{"href":"https:\/\/shopatoa.com\/ro\/wp-json\/wp\/v2\/product"}],"about":[{"href":"https:\/\/shopatoa.com\/ro\/wp-json\/wp\/v2\/types\/product"}],"replies":[{"embeddable":true,"href":"https:\/\/shopatoa.com\/ro\/wp-json\/wp\/v2\/comments?post=413776"}],"wp:featuredmedia":[{"embeddable":true,"href":"https:\/\/shopatoa.com\/ro\/wp-json\/wp\/v2\/media\/413777"}],"wp:attachment":[{"href":"https:\/\/shopatoa.com\/ro\/wp-json\/wp\/v2\/media?parent=413776"}],"wp:term":[{"taxonomy":"product_brand","embeddable":true,"href":"https:\/\/shopatoa.com\/ro\/wp-json\/wp\/v2\/product_brand?post=413776"},{"taxonomy":"product_cat","embeddable":true,"href":"https:\/\/shopatoa.com\/ro\/wp-json\/wp\/v2\/product_cat?post=413776"},{"taxonomy":"product_tag","embeddable":true,"href":"https:\/\/shopatoa.com\/ro\/wp-json\/wp\/v2\/product_tag?post=413776"}],"curies":[{"name":"wp","href":"https:\/\/api.w.org\/{rel}","templated":true}]}}