{"id":414506,"date":"2025-06-20T23:37:07","date_gmt":"2025-06-20T21:37:07","guid":{"rendered":"https:\/\/shopatoa.com\/ro\/mi-amante-professional-ella-hydration-hair-mask-masca-pentru-hidratare-intensa-pentru-par-uscat-si-deteriorat-250-ml\/"},"modified":"2025-06-20T23:37:43","modified_gmt":"2025-06-20T21:37:43","slug":"mi-amante-professional-ella-hydration-hair-mask-masca-pentru-hidratare-intensa-pentru-par-uscat-si-deteriorat-250-ml","status":"publish","type":"product","link":"https:\/\/shopatoa.com\/ro\/mi-amante-professional-ella-hydration-hair-mask-masca-pentru-hidratare-intensa-pentru-par-uscat-si-deteriorat-250-ml\/","title":{"rendered":"Mi Amante Professional Ella Hydration Hair Mask masca pentru hidratare intensa pentru p\u0103r uscat \u0219i deteriorat 250 ml"},"content":{"rendered":"<p>Mi Amante Professional Ella Hydration Hair Mask, 250 ml, Masca pentru par pentru femei, Sim\u021bi\u021bi c\u0103 p\u0103rul dvs. are nevoie de o \u00eengrijire mai intens\u0103 dec\u00e2t v\u0103 pot oferi condi\u021bionerele sau balsamurile? Masca de p\u0103r Mi Amante Professional Ella Hydration Hair Mask v\u0103 va completa de minute rutina de \u00eengrijire. Datorit\u0103 concentra\u021biei ridicate de substan\u021be nutritive menite s\u0103 rezolve probleme specifice, red\u0103 p\u0103rului vitalitatea \u0219i frumuse\u021bea. P\u0103trunde ad\u00e2nc \u00een fibrele de p\u0103r pentru a le fortifica, pentru a le hr\u0103ni intensiv, pentru a favoriza regenerarea \u0219i pentru a le netezi suprafa\u021ba, l\u0103s\u00e2ndu-le fine la atingere, cu o str\u0103lucire radiant\u0103 \u0219i mai rezistente la deterior\u0103ri.  Caracteristici:  hidrateaz\u0103 intens reface structura p\u0103rului faciliteaz\u0103 descurcarea p\u0103rului \u0219i, astfel, previne deteriorarea sa protejeaz\u0103 p\u0103rul la temperaturi \u00eenalte  Cum se utilizeaz\u0103: Se aplic\u0103 pe p\u0103rul umed, sp\u0103lat \u00een prealabil cu \u0219ampon. Se las\u0103 s\u0103 ac\u021bioneze conform timpului specificat pe ambalaj, apoi se cl\u0103te\u0219te bine.<\/p>\n","protected":false},"excerpt":{"rendered":"<p>Mi Amante Professional Ella Hydration Hair Mask, 250 ml, Masca pentru par pentru femei, Sim\u021bi\u021bi c\u0103 p\u0103rul dvs. are nevoie de o \u00eengrijire mai intens\u0103 dec\u00e2t v\u0103 pot oferi condi\u021bionerele sau balsamurile? Masca de p\u0103r Mi Amante Professional Ella Hydration Hair Mask v\u0103 va completa de minute rutina de \u00eengrijire. Datorit\u0103 concentra\u021biei ridicate de substan\u021be&#8230;<\/p>\n","protected":false},"featured_media":414507,"comment_status":"closed","ping_status":"open","template":"","meta":{"_acf_changed":false,"_kadence_starter_templates_imported_post":false,"_kad_post_transparent":"","_kad_post_title":"","_kad_post_layout":"","_kad_post_sidebar_id":"","_kad_post_content_style":"","_kad_post_vertical_padding":"","_kad_post_feature":"","_kad_post_feature_position":"","_kad_post_header":false,"_kad_post_footer":false,"_kad_post_classname":""},"product_brand":[2378],"product_cat":[1564,1563,1565,1614,1562],"product_tag":[],"class_list":{"0":"post-414506","1":"product","2":"type-product","3":"status-publish","4":"has-post-thumbnail","6":"product_brand-mi-amante-professional","7":"product_cat-cosmetice-ingrijire-personala","8":"product_cat-ingrijire-personala","9":"product_cat-ingrijirea-pielii","10":"product_cat-masti-si-peelings-pentru-ten","11":"product_cat-sanatate-si-frumusete","12":"pa_gen-female","13":"pa_marime-250-ml","15":"first","16":"instock","17":"product-type-external","18":"entry","19":"content-bg","20":"loop-entry"},"acf":[],"yoast_head":"<!-- This site is optimized with the Yoast SEO plugin v27.4 - https:\/\/yoast.com\/product\/yoast-seo-wordpress\/ -->\n<title>Mi Amante Professional Ella Hydration Hair Mask masca pentru hidratare intensa pentru p\u0103r uscat \u0219i deteriorat 250 ml - SHOPATOA.COM<\/title>\n<meta name=\"robots\" content=\"index, follow, max-snippet:-1, max-image-preview:large, max-video-preview:-1\" \/>\n<link rel=\"canonical\" href=\"https:\/\/shopatoa.com\/ro\/mi-amante-professional-ella-hydration-hair-mask-masca-pentru-hidratare-intensa-pentru-par-uscat-si-deteriorat-250-ml\/\" \/>\n<meta property=\"og:locale\" content=\"ro_RO\" \/>\n<meta property=\"og:type\" content=\"article\" \/>\n<meta property=\"og:title\" content=\"Mi Amante Professional Ella Hydration Hair Mask masca pentru hidratare intensa pentru p\u0103r uscat \u0219i deteriorat 250 ml - SHOPATOA.COM\" \/>\n<meta property=\"og:description\" content=\"Mi Amante Professional Ella Hydration Hair Mask, 250 ml, Masca pentru par pentru femei, Sim\u021bi\u021bi c\u0103 p\u0103rul dvs. are nevoie de o \u00eengrijire mai intens\u0103 dec\u00e2t v\u0103 pot oferi condi\u021bionerele sau balsamurile? Masca de p\u0103r Mi Amante Professional Ella Hydration Hair Mask v\u0103 va completa de minute rutina de \u00eengrijire. Datorit\u0103 concentra\u021biei ridicate de substan\u021be...\" \/>\n<meta property=\"og:url\" content=\"https:\/\/shopatoa.com\/ro\/mi-amante-professional-ella-hydration-hair-mask-masca-pentru-hidratare-intensa-pentru-par-uscat-si-deteriorat-250-ml\/\" \/>\n<meta property=\"og:site_name\" content=\"SHOPATOA\" \/>\n<meta property=\"article:modified_time\" content=\"2025-06-20T21:37:43+00:00\" \/>\n<meta property=\"og:image\" content=\"https:\/\/storage.googleapis.com\/cz-shopatoa-img\/ro\/08331392-unnamed-file.webp\" \/>\n\t<meta property=\"og:image:width\" content=\"800\" \/>\n\t<meta property=\"og:image:height\" content=\"800\" \/>\n\t<meta property=\"og:image:type\" content=\"image\/webp\" \/>\n<meta name=\"twitter:card\" content=\"summary_large_image\" \/>\n<meta name=\"twitter:label1\" content=\"Timp estimat pentru citire\" \/>\n\t<meta name=\"twitter:data1\" content=\"1 minut\" \/>\n<script type=\"application\/ld+json\" class=\"yoast-schema-graph\">{\"@context\":\"https:\\\/\\\/schema.org\",\"@graph\":[{\"@type\":\"WebPage\",\"@id\":\"https:\\\/\\\/shopatoa.com\\\/ro\\\/mi-amante-professional-ella-hydration-hair-mask-masca-pentru-hidratare-intensa-pentru-par-uscat-si-deteriorat-250-ml\\\/\",\"url\":\"https:\\\/\\\/shopatoa.com\\\/ro\\\/mi-amante-professional-ella-hydration-hair-mask-masca-pentru-hidratare-intensa-pentru-par-uscat-si-deteriorat-250-ml\\\/\",\"name\":\"Mi Amante Professional Ella Hydration Hair Mask masca pentru hidratare intensa pentru p\u0103r uscat \u0219i deteriorat 250 ml - SHOPATOA.COM\",\"isPartOf\":{\"@id\":\"https:\\\/\\\/shopatoa.com\\\/ro\\\/#website\"},\"primaryImageOfPage\":{\"@id\":\"https:\\\/\\\/shopatoa.com\\\/ro\\\/mi-amante-professional-ella-hydration-hair-mask-masca-pentru-hidratare-intensa-pentru-par-uscat-si-deteriorat-250-ml\\\/#primaryimage\"},\"image\":{\"@id\":\"https:\\\/\\\/shopatoa.com\\\/ro\\\/mi-amante-professional-ella-hydration-hair-mask-masca-pentru-hidratare-intensa-pentru-par-uscat-si-deteriorat-250-ml\\\/#primaryimage\"},\"thumbnailUrl\":\"https:\\\/\\\/storage.googleapis.com\\\/cz-shopatoa-img\\\/ro\\\/08331392-unnamed-file.webp\",\"datePublished\":\"2025-06-20T21:37:07+00:00\",\"dateModified\":\"2025-06-20T21:37:43+00:00\",\"breadcrumb\":{\"@id\":\"https:\\\/\\\/shopatoa.com\\\/ro\\\/mi-amante-professional-ella-hydration-hair-mask-masca-pentru-hidratare-intensa-pentru-par-uscat-si-deteriorat-250-ml\\\/#breadcrumb\"},\"inLanguage\":\"ro-RO\",\"potentialAction\":[{\"@type\":\"ReadAction\",\"target\":[\"https:\\\/\\\/shopatoa.com\\\/ro\\\/mi-amante-professional-ella-hydration-hair-mask-masca-pentru-hidratare-intensa-pentru-par-uscat-si-deteriorat-250-ml\\\/\"]}]},{\"@type\":\"ImageObject\",\"inLanguage\":\"ro-RO\",\"@id\":\"https:\\\/\\\/shopatoa.com\\\/ro\\\/mi-amante-professional-ella-hydration-hair-mask-masca-pentru-hidratare-intensa-pentru-par-uscat-si-deteriorat-250-ml\\\/#primaryimage\",\"url\":\"https:\\\/\\\/storage.googleapis.com\\\/cz-shopatoa-img\\\/ro\\\/08331392-unnamed-file.webp\",\"contentUrl\":\"https:\\\/\\\/storage.googleapis.com\\\/cz-shopatoa-img\\\/ro\\\/08331392-unnamed-file.webp\",\"width\":800,\"height\":800},{\"@type\":\"BreadcrumbList\",\"@id\":\"https:\\\/\\\/shopatoa.com\\\/ro\\\/mi-amante-professional-ella-hydration-hair-mask-masca-pentru-hidratare-intensa-pentru-par-uscat-si-deteriorat-250-ml\\\/#breadcrumb\",\"itemListElement\":[{\"@type\":\"ListItem\",\"position\":1,\"name\":\"Dom\u016f\",\"item\":\"https:\\\/\\\/shopatoa.com\\\/ro\\\/\"},{\"@type\":\"ListItem\",\"position\":2,\"name\":\"Shop\",\"item\":\"https:\\\/\\\/shopatoa.com\\\/ro\\\/shop\\\/\"},{\"@type\":\"ListItem\",\"position\":3,\"name\":\"Mi Amante Professional Ella Hydration Hair Mask masca pentru hidratare intensa pentru p\u0103r uscat \u0219i deteriorat 250 ml\"}]},{\"@type\":\"WebSite\",\"@id\":\"https:\\\/\\\/shopatoa.com\\\/ro\\\/#website\",\"url\":\"https:\\\/\\\/shopatoa.com\\\/ro\\\/\",\"name\":\"SHOPATOA\",\"description\":\"\",\"publisher\":{\"@id\":\"https:\\\/\\\/shopatoa.com\\\/ro\\\/#organization\"},\"potentialAction\":[{\"@type\":\"SearchAction\",\"target\":{\"@type\":\"EntryPoint\",\"urlTemplate\":\"https:\\\/\\\/shopatoa.com\\\/ro\\\/?s={search_term_string}\"},\"query-input\":{\"@type\":\"PropertyValueSpecification\",\"valueRequired\":true,\"valueName\":\"search_term_string\"}}],\"inLanguage\":\"ro-RO\"},{\"@type\":\"Organization\",\"@id\":\"https:\\\/\\\/shopatoa.com\\\/ro\\\/#organization\",\"name\":\"SHOPATOA\",\"url\":\"https:\\\/\\\/shopatoa.com\\\/ro\\\/\",\"logo\":{\"@type\":\"ImageObject\",\"inLanguage\":\"ro-RO\",\"@id\":\"https:\\\/\\\/shopatoa.com\\\/ro\\\/#\\\/schema\\\/logo\\\/image\\\/\",\"url\":\"https:\\\/\\\/storage.googleapis.com\\\/cz-shopatoa-img\\\/ro\\\/b4dac915-shopatoa_logo.png\",\"contentUrl\":\"https:\\\/\\\/storage.googleapis.com\\\/cz-shopatoa-img\\\/ro\\\/b4dac915-shopatoa_logo.png\",\"width\":416,\"height\":63,\"caption\":\"SHOPATOA\"},\"image\":{\"@id\":\"https:\\\/\\\/shopatoa.com\\\/ro\\\/#\\\/schema\\\/logo\\\/image\\\/\"}}]}<\/script>\n<!-- \/ Yoast SEO plugin. -->","yoast_head_json":{"title":"Mi Amante Professional Ella Hydration Hair Mask masca pentru hidratare intensa pentru p\u0103r uscat \u0219i deteriorat 250 ml - SHOPATOA.COM","robots":{"index":"index","follow":"follow","max-snippet":"max-snippet:-1","max-image-preview":"max-image-preview:large","max-video-preview":"max-video-preview:-1"},"canonical":"https:\/\/shopatoa.com\/ro\/mi-amante-professional-ella-hydration-hair-mask-masca-pentru-hidratare-intensa-pentru-par-uscat-si-deteriorat-250-ml\/","og_locale":"ro_RO","og_type":"article","og_title":"Mi Amante Professional Ella Hydration Hair Mask masca pentru hidratare intensa pentru p\u0103r uscat \u0219i deteriorat 250 ml - SHOPATOA.COM","og_description":"Mi Amante Professional Ella Hydration Hair Mask, 250 ml, Masca pentru par pentru femei, Sim\u021bi\u021bi c\u0103 p\u0103rul dvs. are nevoie de o \u00eengrijire mai intens\u0103 dec\u00e2t v\u0103 pot oferi condi\u021bionerele sau balsamurile? Masca de p\u0103r Mi Amante Professional Ella Hydration Hair Mask v\u0103 va completa de minute rutina de \u00eengrijire. Datorit\u0103 concentra\u021biei ridicate de substan\u021be...","og_url":"https:\/\/shopatoa.com\/ro\/mi-amante-professional-ella-hydration-hair-mask-masca-pentru-hidratare-intensa-pentru-par-uscat-si-deteriorat-250-ml\/","og_site_name":"SHOPATOA","article_modified_time":"2025-06-20T21:37:43+00:00","og_image":[{"width":800,"height":800,"url":"https:\/\/storage.googleapis.com\/cz-shopatoa-img\/ro\/08331392-unnamed-file.webp","type":"image\/webp"}],"twitter_card":"summary_large_image","twitter_misc":{"Timp estimat pentru citire":"1 minut"},"schema":{"@context":"https:\/\/schema.org","@graph":[{"@type":"WebPage","@id":"https:\/\/shopatoa.com\/ro\/mi-amante-professional-ella-hydration-hair-mask-masca-pentru-hidratare-intensa-pentru-par-uscat-si-deteriorat-250-ml\/","url":"https:\/\/shopatoa.com\/ro\/mi-amante-professional-ella-hydration-hair-mask-masca-pentru-hidratare-intensa-pentru-par-uscat-si-deteriorat-250-ml\/","name":"Mi Amante Professional Ella Hydration Hair Mask masca pentru hidratare intensa pentru p\u0103r uscat \u0219i deteriorat 250 ml - SHOPATOA.COM","isPartOf":{"@id":"https:\/\/shopatoa.com\/ro\/#website"},"primaryImageOfPage":{"@id":"https:\/\/shopatoa.com\/ro\/mi-amante-professional-ella-hydration-hair-mask-masca-pentru-hidratare-intensa-pentru-par-uscat-si-deteriorat-250-ml\/#primaryimage"},"image":{"@id":"https:\/\/shopatoa.com\/ro\/mi-amante-professional-ella-hydration-hair-mask-masca-pentru-hidratare-intensa-pentru-par-uscat-si-deteriorat-250-ml\/#primaryimage"},"thumbnailUrl":"https:\/\/storage.googleapis.com\/cz-shopatoa-img\/ro\/08331392-unnamed-file.webp","datePublished":"2025-06-20T21:37:07+00:00","dateModified":"2025-06-20T21:37:43+00:00","breadcrumb":{"@id":"https:\/\/shopatoa.com\/ro\/mi-amante-professional-ella-hydration-hair-mask-masca-pentru-hidratare-intensa-pentru-par-uscat-si-deteriorat-250-ml\/#breadcrumb"},"inLanguage":"ro-RO","potentialAction":[{"@type":"ReadAction","target":["https:\/\/shopatoa.com\/ro\/mi-amante-professional-ella-hydration-hair-mask-masca-pentru-hidratare-intensa-pentru-par-uscat-si-deteriorat-250-ml\/"]}]},{"@type":"ImageObject","inLanguage":"ro-RO","@id":"https:\/\/shopatoa.com\/ro\/mi-amante-professional-ella-hydration-hair-mask-masca-pentru-hidratare-intensa-pentru-par-uscat-si-deteriorat-250-ml\/#primaryimage","url":"https:\/\/storage.googleapis.com\/cz-shopatoa-img\/ro\/08331392-unnamed-file.webp","contentUrl":"https:\/\/storage.googleapis.com\/cz-shopatoa-img\/ro\/08331392-unnamed-file.webp","width":800,"height":800},{"@type":"BreadcrumbList","@id":"https:\/\/shopatoa.com\/ro\/mi-amante-professional-ella-hydration-hair-mask-masca-pentru-hidratare-intensa-pentru-par-uscat-si-deteriorat-250-ml\/#breadcrumb","itemListElement":[{"@type":"ListItem","position":1,"name":"Dom\u016f","item":"https:\/\/shopatoa.com\/ro\/"},{"@type":"ListItem","position":2,"name":"Shop","item":"https:\/\/shopatoa.com\/ro\/shop\/"},{"@type":"ListItem","position":3,"name":"Mi Amante Professional Ella Hydration Hair Mask masca pentru hidratare intensa pentru p\u0103r uscat \u0219i deteriorat 250 ml"}]},{"@type":"WebSite","@id":"https:\/\/shopatoa.com\/ro\/#website","url":"https:\/\/shopatoa.com\/ro\/","name":"SHOPATOA","description":"","publisher":{"@id":"https:\/\/shopatoa.com\/ro\/#organization"},"potentialAction":[{"@type":"SearchAction","target":{"@type":"EntryPoint","urlTemplate":"https:\/\/shopatoa.com\/ro\/?s={search_term_string}"},"query-input":{"@type":"PropertyValueSpecification","valueRequired":true,"valueName":"search_term_string"}}],"inLanguage":"ro-RO"},{"@type":"Organization","@id":"https:\/\/shopatoa.com\/ro\/#organization","name":"SHOPATOA","url":"https:\/\/shopatoa.com\/ro\/","logo":{"@type":"ImageObject","inLanguage":"ro-RO","@id":"https:\/\/shopatoa.com\/ro\/#\/schema\/logo\/image\/","url":"https:\/\/storage.googleapis.com\/cz-shopatoa-img\/ro\/b4dac915-shopatoa_logo.png","contentUrl":"https:\/\/storage.googleapis.com\/cz-shopatoa-img\/ro\/b4dac915-shopatoa_logo.png","width":416,"height":63,"caption":"SHOPATOA"},"image":{"@id":"https:\/\/shopatoa.com\/ro\/#\/schema\/logo\/image\/"}}]}},"_links":{"self":[{"href":"https:\/\/shopatoa.com\/ro\/wp-json\/wp\/v2\/product\/414506","targetHints":{"allow":["GET"]}}],"collection":[{"href":"https:\/\/shopatoa.com\/ro\/wp-json\/wp\/v2\/product"}],"about":[{"href":"https:\/\/shopatoa.com\/ro\/wp-json\/wp\/v2\/types\/product"}],"replies":[{"embeddable":true,"href":"https:\/\/shopatoa.com\/ro\/wp-json\/wp\/v2\/comments?post=414506"}],"wp:featuredmedia":[{"embeddable":true,"href":"https:\/\/shopatoa.com\/ro\/wp-json\/wp\/v2\/media\/414507"}],"wp:attachment":[{"href":"https:\/\/shopatoa.com\/ro\/wp-json\/wp\/v2\/media?parent=414506"}],"wp:term":[{"taxonomy":"product_brand","embeddable":true,"href":"https:\/\/shopatoa.com\/ro\/wp-json\/wp\/v2\/product_brand?post=414506"},{"taxonomy":"product_cat","embeddable":true,"href":"https:\/\/shopatoa.com\/ro\/wp-json\/wp\/v2\/product_cat?post=414506"},{"taxonomy":"product_tag","embeddable":true,"href":"https:\/\/shopatoa.com\/ro\/wp-json\/wp\/v2\/product_tag?post=414506"}],"curies":[{"name":"wp","href":"https:\/\/api.w.org\/{rel}","templated":true}]}}