{"id":414796,"date":"2025-06-21T00:01:12","date_gmt":"2025-06-20T22:01:12","guid":{"rendered":"https:\/\/shopatoa.com\/ro\/nacomi-next-level-adios-acne-tonic-pentru-curatare-impotriva-acneei-100-ml\/"},"modified":"2025-06-21T00:02:46","modified_gmt":"2025-06-20T22:02:46","slug":"nacomi-next-level-adios-acne-tonic-pentru-curatare-impotriva-acneei-100-ml","status":"publish","type":"product","link":"https:\/\/shopatoa.com\/ro\/nacomi-next-level-adios-acne-tonic-pentru-curatare-impotriva-acneei-100-ml\/","title":{"rendered":"Nacomi Next Level Adi\u00f3s Acne tonic pentru curatare impotriva acneei 100 ml"},"content":{"rendered":"<p>Nacomi Next Level Adi\u00f3s Acne, 100 ml, lotiuni tonice pentru femei, Tranzi\u021bia dintre cur\u0103\u021bare \u0219i rutina ulterioar\u0103 de \u00eengrijire a tenului este la fel de important\u0103 ca \u0219i procesul de cur\u0103\u021bare \u00een sine. Tonicul facial Nacomi Next Level Adi\u00f3s Acne \u00eembog\u0103\u021be\u0219te \u00eentreaga rutin\u0103 de cur\u0103\u021bare a tenului, conect\u00e2nd perfect etapele individuale ale acestor procese. Acesta se va ocupa de procesul de dup\u0103 cur\u0103\u021barea tenului, \u00eendep\u0103rt\u00e2nd reziduurile de machiaj, impurit\u0103\u021bile \u0219i produsele de cur\u0103\u021bare, \u00een timp ce tonifiaz\u0103 delicat tenul. \u00cel l\u0103sa perfect cur\u0103\u021bat \u0219i preg\u0103tit pentru \u00eengrijirea ulterioar\u0103, dar \u0219i revigorat, calmat \u0219i echilibrat.  Caracteristici:  regleaz\u0103 produc\u021bia de sebum preg\u0103te\u0219te tenul pentru aplicarea produselor de tratament amelioreaz\u0103 simptomele acneei contract\u0103 porii  Ingrediente:  produs vegan f\u0103r\u0103 alcool  Cum se utilizeaz\u0103: Se aplic\u0103 pe un tampon cosmetic \u0219i se trateaz\u0103 pielea, cu mi\u0219c\u0103ri circulare.<\/p>\n","protected":false},"excerpt":{"rendered":"<p>Nacomi Next Level Adi\u00f3s Acne, 100 ml, lotiuni tonice pentru femei, Tranzi\u021bia dintre cur\u0103\u021bare \u0219i rutina ulterioar\u0103 de \u00eengrijire a tenului este la fel de important\u0103 ca \u0219i procesul de cur\u0103\u021bare \u00een sine. Tonicul facial Nacomi Next Level Adi\u00f3s Acne \u00eembog\u0103\u021be\u0219te \u00eentreaga rutin\u0103 de cur\u0103\u021bare a tenului, conect\u00e2nd perfect etapele individuale ale acestor procese. Acesta&#8230;<\/p>\n","protected":false},"featured_media":414797,"comment_status":"closed","ping_status":"open","template":"","meta":{"_acf_changed":false,"_kadence_starter_templates_imported_post":false,"_kad_post_transparent":"","_kad_post_title":"","_kad_post_layout":"","_kad_post_sidebar_id":"","_kad_post_content_style":"","_kad_post_vertical_padding":"","_kad_post_feature":"","_kad_post_feature_position":"","_kad_post_header":false,"_kad_post_footer":false,"_kad_post_classname":""},"product_brand":[2516],"product_cat":[1564,1563,1565,1562],"product_tag":[],"class_list":{"0":"post-414796","1":"product","2":"type-product","3":"status-publish","4":"has-post-thumbnail","6":"product_brand-nacomi","7":"product_cat-cosmetice-ingrijire-personala","8":"product_cat-ingrijire-personala","9":"product_cat-ingrijirea-pielii","10":"product_cat-sanatate-si-frumusete","11":"pa_gen-female","12":"pa_marime-100-ml","14":"first","15":"instock","16":"product-type-external","17":"entry","18":"content-bg","19":"loop-entry"},"acf":[],"yoast_head":"<!-- This site is optimized with the Yoast SEO plugin v27.4 - https:\/\/yoast.com\/product\/yoast-seo-wordpress\/ -->\n<title>Nacomi Next Level Adi\u00f3s Acne tonic pentru curatare impotriva acneei 100 ml - SHOPATOA.COM<\/title>\n<meta name=\"robots\" content=\"index, follow, max-snippet:-1, max-image-preview:large, max-video-preview:-1\" \/>\n<link rel=\"canonical\" href=\"https:\/\/shopatoa.com\/ro\/nacomi-next-level-adios-acne-tonic-pentru-curatare-impotriva-acneei-100-ml\/\" \/>\n<meta property=\"og:locale\" content=\"ro_RO\" \/>\n<meta property=\"og:type\" content=\"article\" \/>\n<meta property=\"og:title\" content=\"Nacomi Next Level Adi\u00f3s Acne tonic pentru curatare impotriva acneei 100 ml - SHOPATOA.COM\" \/>\n<meta property=\"og:description\" content=\"Nacomi Next Level Adi\u00f3s Acne, 100 ml, lotiuni tonice pentru femei, Tranzi\u021bia dintre cur\u0103\u021bare \u0219i rutina ulterioar\u0103 de \u00eengrijire a tenului este la fel de important\u0103 ca \u0219i procesul de cur\u0103\u021bare \u00een sine. Tonicul facial Nacomi Next Level Adi\u00f3s Acne \u00eembog\u0103\u021be\u0219te \u00eentreaga rutin\u0103 de cur\u0103\u021bare a tenului, conect\u00e2nd perfect etapele individuale ale acestor procese. Acesta...\" \/>\n<meta property=\"og:url\" content=\"https:\/\/shopatoa.com\/ro\/nacomi-next-level-adios-acne-tonic-pentru-curatare-impotriva-acneei-100-ml\/\" \/>\n<meta property=\"og:site_name\" content=\"SHOPATOA\" \/>\n<meta property=\"article:modified_time\" content=\"2025-06-20T22:02:46+00:00\" \/>\n<meta property=\"og:image\" content=\"https:\/\/storage.googleapis.com\/cz-shopatoa-img\/ro\/0c712e76-unnamed-file.webp\" \/>\n\t<meta property=\"og:image:width\" content=\"800\" \/>\n\t<meta property=\"og:image:height\" content=\"800\" \/>\n\t<meta property=\"og:image:type\" content=\"image\/webp\" \/>\n<meta name=\"twitter:card\" content=\"summary_large_image\" \/>\n<meta name=\"twitter:label1\" content=\"Timp estimat pentru citire\" \/>\n\t<meta name=\"twitter:data1\" content=\"1 minut\" \/>\n<script type=\"application\/ld+json\" class=\"yoast-schema-graph\">{\"@context\":\"https:\\\/\\\/schema.org\",\"@graph\":[{\"@type\":\"WebPage\",\"@id\":\"https:\\\/\\\/shopatoa.com\\\/ro\\\/nacomi-next-level-adios-acne-tonic-pentru-curatare-impotriva-acneei-100-ml\\\/\",\"url\":\"https:\\\/\\\/shopatoa.com\\\/ro\\\/nacomi-next-level-adios-acne-tonic-pentru-curatare-impotriva-acneei-100-ml\\\/\",\"name\":\"Nacomi Next Level Adi\u00f3s Acne tonic pentru curatare impotriva acneei 100 ml - SHOPATOA.COM\",\"isPartOf\":{\"@id\":\"https:\\\/\\\/shopatoa.com\\\/ro\\\/#website\"},\"primaryImageOfPage\":{\"@id\":\"https:\\\/\\\/shopatoa.com\\\/ro\\\/nacomi-next-level-adios-acne-tonic-pentru-curatare-impotriva-acneei-100-ml\\\/#primaryimage\"},\"image\":{\"@id\":\"https:\\\/\\\/shopatoa.com\\\/ro\\\/nacomi-next-level-adios-acne-tonic-pentru-curatare-impotriva-acneei-100-ml\\\/#primaryimage\"},\"thumbnailUrl\":\"https:\\\/\\\/storage.googleapis.com\\\/cz-shopatoa-img\\\/ro\\\/0c712e76-unnamed-file.webp\",\"datePublished\":\"2025-06-20T22:01:12+00:00\",\"dateModified\":\"2025-06-20T22:02:46+00:00\",\"breadcrumb\":{\"@id\":\"https:\\\/\\\/shopatoa.com\\\/ro\\\/nacomi-next-level-adios-acne-tonic-pentru-curatare-impotriva-acneei-100-ml\\\/#breadcrumb\"},\"inLanguage\":\"ro-RO\",\"potentialAction\":[{\"@type\":\"ReadAction\",\"target\":[\"https:\\\/\\\/shopatoa.com\\\/ro\\\/nacomi-next-level-adios-acne-tonic-pentru-curatare-impotriva-acneei-100-ml\\\/\"]}]},{\"@type\":\"ImageObject\",\"inLanguage\":\"ro-RO\",\"@id\":\"https:\\\/\\\/shopatoa.com\\\/ro\\\/nacomi-next-level-adios-acne-tonic-pentru-curatare-impotriva-acneei-100-ml\\\/#primaryimage\",\"url\":\"https:\\\/\\\/storage.googleapis.com\\\/cz-shopatoa-img\\\/ro\\\/0c712e76-unnamed-file.webp\",\"contentUrl\":\"https:\\\/\\\/storage.googleapis.com\\\/cz-shopatoa-img\\\/ro\\\/0c712e76-unnamed-file.webp\",\"width\":800,\"height\":800},{\"@type\":\"BreadcrumbList\",\"@id\":\"https:\\\/\\\/shopatoa.com\\\/ro\\\/nacomi-next-level-adios-acne-tonic-pentru-curatare-impotriva-acneei-100-ml\\\/#breadcrumb\",\"itemListElement\":[{\"@type\":\"ListItem\",\"position\":1,\"name\":\"Dom\u016f\",\"item\":\"https:\\\/\\\/shopatoa.com\\\/ro\\\/\"},{\"@type\":\"ListItem\",\"position\":2,\"name\":\"Shop\",\"item\":\"https:\\\/\\\/shopatoa.com\\\/ro\\\/shop\\\/\"},{\"@type\":\"ListItem\",\"position\":3,\"name\":\"Nacomi Next Level Adi\u00f3s Acne tonic pentru curatare impotriva acneei 100 ml\"}]},{\"@type\":\"WebSite\",\"@id\":\"https:\\\/\\\/shopatoa.com\\\/ro\\\/#website\",\"url\":\"https:\\\/\\\/shopatoa.com\\\/ro\\\/\",\"name\":\"SHOPATOA\",\"description\":\"\",\"publisher\":{\"@id\":\"https:\\\/\\\/shopatoa.com\\\/ro\\\/#organization\"},\"potentialAction\":[{\"@type\":\"SearchAction\",\"target\":{\"@type\":\"EntryPoint\",\"urlTemplate\":\"https:\\\/\\\/shopatoa.com\\\/ro\\\/?s={search_term_string}\"},\"query-input\":{\"@type\":\"PropertyValueSpecification\",\"valueRequired\":true,\"valueName\":\"search_term_string\"}}],\"inLanguage\":\"ro-RO\"},{\"@type\":\"Organization\",\"@id\":\"https:\\\/\\\/shopatoa.com\\\/ro\\\/#organization\",\"name\":\"SHOPATOA\",\"url\":\"https:\\\/\\\/shopatoa.com\\\/ro\\\/\",\"logo\":{\"@type\":\"ImageObject\",\"inLanguage\":\"ro-RO\",\"@id\":\"https:\\\/\\\/shopatoa.com\\\/ro\\\/#\\\/schema\\\/logo\\\/image\\\/\",\"url\":\"https:\\\/\\\/storage.googleapis.com\\\/cz-shopatoa-img\\\/ro\\\/b4dac915-shopatoa_logo.png\",\"contentUrl\":\"https:\\\/\\\/storage.googleapis.com\\\/cz-shopatoa-img\\\/ro\\\/b4dac915-shopatoa_logo.png\",\"width\":416,\"height\":63,\"caption\":\"SHOPATOA\"},\"image\":{\"@id\":\"https:\\\/\\\/shopatoa.com\\\/ro\\\/#\\\/schema\\\/logo\\\/image\\\/\"}}]}<\/script>\n<!-- \/ Yoast SEO plugin. -->","yoast_head_json":{"title":"Nacomi Next Level Adi\u00f3s Acne tonic pentru curatare impotriva acneei 100 ml - SHOPATOA.COM","robots":{"index":"index","follow":"follow","max-snippet":"max-snippet:-1","max-image-preview":"max-image-preview:large","max-video-preview":"max-video-preview:-1"},"canonical":"https:\/\/shopatoa.com\/ro\/nacomi-next-level-adios-acne-tonic-pentru-curatare-impotriva-acneei-100-ml\/","og_locale":"ro_RO","og_type":"article","og_title":"Nacomi Next Level Adi\u00f3s Acne tonic pentru curatare impotriva acneei 100 ml - SHOPATOA.COM","og_description":"Nacomi Next Level Adi\u00f3s Acne, 100 ml, lotiuni tonice pentru femei, Tranzi\u021bia dintre cur\u0103\u021bare \u0219i rutina ulterioar\u0103 de \u00eengrijire a tenului este la fel de important\u0103 ca \u0219i procesul de cur\u0103\u021bare \u00een sine. Tonicul facial Nacomi Next Level Adi\u00f3s Acne \u00eembog\u0103\u021be\u0219te \u00eentreaga rutin\u0103 de cur\u0103\u021bare a tenului, conect\u00e2nd perfect etapele individuale ale acestor procese. Acesta...","og_url":"https:\/\/shopatoa.com\/ro\/nacomi-next-level-adios-acne-tonic-pentru-curatare-impotriva-acneei-100-ml\/","og_site_name":"SHOPATOA","article_modified_time":"2025-06-20T22:02:46+00:00","og_image":[{"width":800,"height":800,"url":"https:\/\/storage.googleapis.com\/cz-shopatoa-img\/ro\/0c712e76-unnamed-file.webp","type":"image\/webp"}],"twitter_card":"summary_large_image","twitter_misc":{"Timp estimat pentru citire":"1 minut"},"schema":{"@context":"https:\/\/schema.org","@graph":[{"@type":"WebPage","@id":"https:\/\/shopatoa.com\/ro\/nacomi-next-level-adios-acne-tonic-pentru-curatare-impotriva-acneei-100-ml\/","url":"https:\/\/shopatoa.com\/ro\/nacomi-next-level-adios-acne-tonic-pentru-curatare-impotriva-acneei-100-ml\/","name":"Nacomi Next Level Adi\u00f3s Acne tonic pentru curatare impotriva acneei 100 ml - SHOPATOA.COM","isPartOf":{"@id":"https:\/\/shopatoa.com\/ro\/#website"},"primaryImageOfPage":{"@id":"https:\/\/shopatoa.com\/ro\/nacomi-next-level-adios-acne-tonic-pentru-curatare-impotriva-acneei-100-ml\/#primaryimage"},"image":{"@id":"https:\/\/shopatoa.com\/ro\/nacomi-next-level-adios-acne-tonic-pentru-curatare-impotriva-acneei-100-ml\/#primaryimage"},"thumbnailUrl":"https:\/\/storage.googleapis.com\/cz-shopatoa-img\/ro\/0c712e76-unnamed-file.webp","datePublished":"2025-06-20T22:01:12+00:00","dateModified":"2025-06-20T22:02:46+00:00","breadcrumb":{"@id":"https:\/\/shopatoa.com\/ro\/nacomi-next-level-adios-acne-tonic-pentru-curatare-impotriva-acneei-100-ml\/#breadcrumb"},"inLanguage":"ro-RO","potentialAction":[{"@type":"ReadAction","target":["https:\/\/shopatoa.com\/ro\/nacomi-next-level-adios-acne-tonic-pentru-curatare-impotriva-acneei-100-ml\/"]}]},{"@type":"ImageObject","inLanguage":"ro-RO","@id":"https:\/\/shopatoa.com\/ro\/nacomi-next-level-adios-acne-tonic-pentru-curatare-impotriva-acneei-100-ml\/#primaryimage","url":"https:\/\/storage.googleapis.com\/cz-shopatoa-img\/ro\/0c712e76-unnamed-file.webp","contentUrl":"https:\/\/storage.googleapis.com\/cz-shopatoa-img\/ro\/0c712e76-unnamed-file.webp","width":800,"height":800},{"@type":"BreadcrumbList","@id":"https:\/\/shopatoa.com\/ro\/nacomi-next-level-adios-acne-tonic-pentru-curatare-impotriva-acneei-100-ml\/#breadcrumb","itemListElement":[{"@type":"ListItem","position":1,"name":"Dom\u016f","item":"https:\/\/shopatoa.com\/ro\/"},{"@type":"ListItem","position":2,"name":"Shop","item":"https:\/\/shopatoa.com\/ro\/shop\/"},{"@type":"ListItem","position":3,"name":"Nacomi Next Level Adi\u00f3s Acne tonic pentru curatare impotriva acneei 100 ml"}]},{"@type":"WebSite","@id":"https:\/\/shopatoa.com\/ro\/#website","url":"https:\/\/shopatoa.com\/ro\/","name":"SHOPATOA","description":"","publisher":{"@id":"https:\/\/shopatoa.com\/ro\/#organization"},"potentialAction":[{"@type":"SearchAction","target":{"@type":"EntryPoint","urlTemplate":"https:\/\/shopatoa.com\/ro\/?s={search_term_string}"},"query-input":{"@type":"PropertyValueSpecification","valueRequired":true,"valueName":"search_term_string"}}],"inLanguage":"ro-RO"},{"@type":"Organization","@id":"https:\/\/shopatoa.com\/ro\/#organization","name":"SHOPATOA","url":"https:\/\/shopatoa.com\/ro\/","logo":{"@type":"ImageObject","inLanguage":"ro-RO","@id":"https:\/\/shopatoa.com\/ro\/#\/schema\/logo\/image\/","url":"https:\/\/storage.googleapis.com\/cz-shopatoa-img\/ro\/b4dac915-shopatoa_logo.png","contentUrl":"https:\/\/storage.googleapis.com\/cz-shopatoa-img\/ro\/b4dac915-shopatoa_logo.png","width":416,"height":63,"caption":"SHOPATOA"},"image":{"@id":"https:\/\/shopatoa.com\/ro\/#\/schema\/logo\/image\/"}}]}},"_links":{"self":[{"href":"https:\/\/shopatoa.com\/ro\/wp-json\/wp\/v2\/product\/414796","targetHints":{"allow":["GET"]}}],"collection":[{"href":"https:\/\/shopatoa.com\/ro\/wp-json\/wp\/v2\/product"}],"about":[{"href":"https:\/\/shopatoa.com\/ro\/wp-json\/wp\/v2\/types\/product"}],"replies":[{"embeddable":true,"href":"https:\/\/shopatoa.com\/ro\/wp-json\/wp\/v2\/comments?post=414796"}],"wp:featuredmedia":[{"embeddable":true,"href":"https:\/\/shopatoa.com\/ro\/wp-json\/wp\/v2\/media\/414797"}],"wp:attachment":[{"href":"https:\/\/shopatoa.com\/ro\/wp-json\/wp\/v2\/media?parent=414796"}],"wp:term":[{"taxonomy":"product_brand","embeddable":true,"href":"https:\/\/shopatoa.com\/ro\/wp-json\/wp\/v2\/product_brand?post=414796"},{"taxonomy":"product_cat","embeddable":true,"href":"https:\/\/shopatoa.com\/ro\/wp-json\/wp\/v2\/product_cat?post=414796"},{"taxonomy":"product_tag","embeddable":true,"href":"https:\/\/shopatoa.com\/ro\/wp-json\/wp\/v2\/product_tag?post=414796"}],"curies":[{"name":"wp","href":"https:\/\/api.w.org\/{rel}","templated":true}]}}