{"id":415076,"date":"2025-06-21T00:25:57","date_gmt":"2025-06-20T22:25:57","guid":{"rendered":"https:\/\/shopatoa.com\/ro\/pierre-rene-accessories-pensula-pentru-buze-1-buc\/"},"modified":"2025-12-12T02:52:44","modified_gmt":"2025-12-12T01:52:44","slug":"pierre-rene-accessories-pensula-pentru-buze-1-buc","status":"publish","type":"product","link":"https:\/\/shopatoa.com\/ro\/pierre-rene-accessories-pensula-pentru-buze-1-buc\/","title":{"rendered":"Pierre Ren\u00e9 Accessories pensula pentru buze 1 buc"},"content":{"rendered":"<p>Pierre Ren\u00e9 Accessories, 1 buc, Pensule \u0219i bure\u021bi de machiaj pentru femei, V\u0103 machia\u021bi buzele direct cu v\u00e2rful rujului \u0219i aplica\u021bi produsul din recipient sau tub cu degetul? \u00cencerca\u021bi \u00eentr-un mod mai profesional \u0219i mai igienic. Pensula pentru buze Pierre Ren\u00e9Accessories s\u0103 v\u0103 machia\u021bi buzele mai perfect \u0219i mai precis ca niciodat\u0103. Datorit\u0103 acesteia, culoarea rezist\u0103 pe loc mult mai mult timp dec\u00e2t prin aplicarea obi\u0219nuit\u0103 a rujului. Chiar \u0219i f\u0103r\u0103 un creion de contur, contururile vor fi precise \u0219i fiecare milimetru al buzelor dvs. va fi trasat cu precizie.  Caracteristici:  modeleaz\u0103 perfect buzele, datorit\u0103 aplic\u0103rii precise a rujului \u00eentinde rujul uniform pentru c\u0103l\u0103torii \u0219i \u00een po\u0219et\u0103  Cum se utilizeaz\u0103: Se ia pe pensul\u0103 o cantitate mic\u0103 de fond de ten \u0219i se aplic\u0103 pe buze, dup\u0103 dorin\u021b\u0103. Se utilizeaz\u0103 marginea pensulei pentru conturare \u0219i partea plat\u0103 pentru umplere.<\/p>\n","protected":false},"excerpt":{"rendered":"<p>Pierre Ren\u00e9 Accessories, 1 buc, Pensule \u0219i bure\u021bi de machiaj pentru femei, V\u0103 machia\u021bi buzele direct cu v\u00e2rful rujului \u0219i aplica\u021bi produsul din recipient sau tub cu degetul? \u00cencerca\u021bi \u00eentr-un mod mai profesional \u0219i mai igienic. Pensula pentru buze Pierre Ren\u00e9Accessories s\u0103 v\u0103 machia\u021bi buzele mai perfect \u0219i mai precis ca niciodat\u0103. Datorit\u0103 acesteia, culoarea&#8230;<\/p>\n","protected":false},"featured_media":415077,"comment_status":"closed","ping_status":"open","template":"","meta":{"_acf_changed":false,"_kadence_starter_templates_imported_post":false,"_kad_post_transparent":"","_kad_post_title":"","_kad_post_layout":"","_kad_post_sidebar_id":"","_kad_post_content_style":"","_kad_post_vertical_padding":"","_kad_post_feature":"","_kad_post_feature_position":"","_kad_post_header":false,"_kad_post_footer":false,"_kad_post_classname":""},"product_brand":[1800],"product_cat":[1564,1563,1576,1610,1562],"product_tag":[],"class_list":{"0":"post-415076","1":"product","2":"type-product","3":"status-publish","4":"has-post-thumbnail","6":"product_brand-pierre-rene","7":"product_cat-cosmetice-ingrijire-personala","8":"product_cat-ingrijire-personala","9":"product_cat-machiaj","10":"product_cat-machiaj-buze","11":"product_cat-sanatate-si-frumusete","12":"pa_gen-female","13":"pa_marime-1-buc","15":"first","16":"instock","17":"sale","18":"product-type-external","19":"entry","20":"content-bg","21":"loop-entry"},"acf":[],"yoast_head":"<!-- This site is optimized with the Yoast SEO plugin v27.4 - https:\/\/yoast.com\/product\/yoast-seo-wordpress\/ -->\n<title>Pierre Ren\u00e9 Accessories pensula pentru buze 1 buc - SHOPATOA.COM<\/title>\n<meta name=\"robots\" content=\"index, follow, max-snippet:-1, max-image-preview:large, max-video-preview:-1\" \/>\n<link rel=\"canonical\" href=\"https:\/\/shopatoa.com\/ro\/pierre-rene-accessories-pensula-pentru-buze-1-buc\/\" \/>\n<meta property=\"og:locale\" content=\"ro_RO\" \/>\n<meta property=\"og:type\" content=\"article\" \/>\n<meta property=\"og:title\" content=\"Pierre Ren\u00e9 Accessories pensula pentru buze 1 buc - SHOPATOA.COM\" \/>\n<meta property=\"og:description\" content=\"Pierre Ren\u00e9 Accessories, 1 buc, Pensule \u0219i bure\u021bi de machiaj pentru femei, V\u0103 machia\u021bi buzele direct cu v\u00e2rful rujului \u0219i aplica\u021bi produsul din recipient sau tub cu degetul? \u00cencerca\u021bi \u00eentr-un mod mai profesional \u0219i mai igienic. Pensula pentru buze Pierre Ren\u00e9Accessories s\u0103 v\u0103 machia\u021bi buzele mai perfect \u0219i mai precis ca niciodat\u0103. Datorit\u0103 acesteia, culoarea...\" \/>\n<meta property=\"og:url\" content=\"https:\/\/shopatoa.com\/ro\/pierre-rene-accessories-pensula-pentru-buze-1-buc\/\" \/>\n<meta property=\"og:site_name\" content=\"SHOPATOA\" \/>\n<meta property=\"article:modified_time\" content=\"2025-12-12T01:52:44+00:00\" \/>\n<meta property=\"og:image\" content=\"https:\/\/storage.googleapis.com\/cz-shopatoa-img\/ro\/5b85faac-unnamed-file.webp\" \/>\n\t<meta property=\"og:image:width\" content=\"800\" \/>\n\t<meta property=\"og:image:height\" content=\"800\" \/>\n\t<meta property=\"og:image:type\" content=\"image\/webp\" \/>\n<meta name=\"twitter:card\" content=\"summary_large_image\" \/>\n<meta name=\"twitter:label1\" content=\"Timp estimat pentru citire\" \/>\n\t<meta name=\"twitter:data1\" content=\"1 minut\" \/>\n<script type=\"application\/ld+json\" class=\"yoast-schema-graph\">{\"@context\":\"https:\\\/\\\/schema.org\",\"@graph\":[{\"@type\":\"WebPage\",\"@id\":\"https:\\\/\\\/shopatoa.com\\\/ro\\\/pierre-rene-accessories-pensula-pentru-buze-1-buc\\\/\",\"url\":\"https:\\\/\\\/shopatoa.com\\\/ro\\\/pierre-rene-accessories-pensula-pentru-buze-1-buc\\\/\",\"name\":\"Pierre Ren\u00e9 Accessories pensula pentru buze 1 buc - SHOPATOA.COM\",\"isPartOf\":{\"@id\":\"https:\\\/\\\/shopatoa.com\\\/ro\\\/#website\"},\"primaryImageOfPage\":{\"@id\":\"https:\\\/\\\/shopatoa.com\\\/ro\\\/pierre-rene-accessories-pensula-pentru-buze-1-buc\\\/#primaryimage\"},\"image\":{\"@id\":\"https:\\\/\\\/shopatoa.com\\\/ro\\\/pierre-rene-accessories-pensula-pentru-buze-1-buc\\\/#primaryimage\"},\"thumbnailUrl\":\"https:\\\/\\\/storage.googleapis.com\\\/cz-shopatoa-img\\\/ro\\\/5b85faac-unnamed-file.webp\",\"datePublished\":\"2025-06-20T22:25:57+00:00\",\"dateModified\":\"2025-12-12T01:52:44+00:00\",\"breadcrumb\":{\"@id\":\"https:\\\/\\\/shopatoa.com\\\/ro\\\/pierre-rene-accessories-pensula-pentru-buze-1-buc\\\/#breadcrumb\"},\"inLanguage\":\"ro-RO\",\"potentialAction\":[{\"@type\":\"ReadAction\",\"target\":[\"https:\\\/\\\/shopatoa.com\\\/ro\\\/pierre-rene-accessories-pensula-pentru-buze-1-buc\\\/\"]}]},{\"@type\":\"ImageObject\",\"inLanguage\":\"ro-RO\",\"@id\":\"https:\\\/\\\/shopatoa.com\\\/ro\\\/pierre-rene-accessories-pensula-pentru-buze-1-buc\\\/#primaryimage\",\"url\":\"https:\\\/\\\/storage.googleapis.com\\\/cz-shopatoa-img\\\/ro\\\/5b85faac-unnamed-file.webp\",\"contentUrl\":\"https:\\\/\\\/storage.googleapis.com\\\/cz-shopatoa-img\\\/ro\\\/5b85faac-unnamed-file.webp\",\"width\":800,\"height\":800},{\"@type\":\"BreadcrumbList\",\"@id\":\"https:\\\/\\\/shopatoa.com\\\/ro\\\/pierre-rene-accessories-pensula-pentru-buze-1-buc\\\/#breadcrumb\",\"itemListElement\":[{\"@type\":\"ListItem\",\"position\":1,\"name\":\"Dom\u016f\",\"item\":\"https:\\\/\\\/shopatoa.com\\\/ro\\\/\"},{\"@type\":\"ListItem\",\"position\":2,\"name\":\"Shop\",\"item\":\"https:\\\/\\\/shopatoa.com\\\/ro\\\/shop\\\/\"},{\"@type\":\"ListItem\",\"position\":3,\"name\":\"S\u0103n\u0103tate \u0219i frumuse\u021be\",\"item\":\"https:\\\/\\\/shopatoa.com\\\/ro\\\/sanatate-si-frumusete\\\/\"},{\"@type\":\"ListItem\",\"position\":4,\"name\":\"\u00cengrijire personal\u0103\",\"item\":\"https:\\\/\\\/shopatoa.com\\\/ro\\\/ingrijire-personala\\\/\"},{\"@type\":\"ListItem\",\"position\":5,\"name\":\"Cosmetice\",\"item\":\"https:\\\/\\\/shopatoa.com\\\/ro\\\/cosmetice-ingrijire-personala\\\/\"},{\"@type\":\"ListItem\",\"position\":6,\"name\":\"Machiaj\",\"item\":\"https:\\\/\\\/shopatoa.com\\\/ro\\\/machiaj\\\/\"},{\"@type\":\"ListItem\",\"position\":7,\"name\":\"Machiaj buze\",\"item\":\"https:\\\/\\\/shopatoa.com\\\/ro\\\/machiaj-buze\\\/\"},{\"@type\":\"ListItem\",\"position\":8,\"name\":\"Pierre Ren\u00e9 Accessories pensula pentru buze 1 buc\"}]},{\"@type\":\"WebSite\",\"@id\":\"https:\\\/\\\/shopatoa.com\\\/ro\\\/#website\",\"url\":\"https:\\\/\\\/shopatoa.com\\\/ro\\\/\",\"name\":\"SHOPATOA\",\"description\":\"\",\"publisher\":{\"@id\":\"https:\\\/\\\/shopatoa.com\\\/ro\\\/#organization\"},\"potentialAction\":[{\"@type\":\"SearchAction\",\"target\":{\"@type\":\"EntryPoint\",\"urlTemplate\":\"https:\\\/\\\/shopatoa.com\\\/ro\\\/?s={search_term_string}\"},\"query-input\":{\"@type\":\"PropertyValueSpecification\",\"valueRequired\":true,\"valueName\":\"search_term_string\"}}],\"inLanguage\":\"ro-RO\"},{\"@type\":\"Organization\",\"@id\":\"https:\\\/\\\/shopatoa.com\\\/ro\\\/#organization\",\"name\":\"SHOPATOA\",\"url\":\"https:\\\/\\\/shopatoa.com\\\/ro\\\/\",\"logo\":{\"@type\":\"ImageObject\",\"inLanguage\":\"ro-RO\",\"@id\":\"https:\\\/\\\/shopatoa.com\\\/ro\\\/#\\\/schema\\\/logo\\\/image\\\/\",\"url\":\"https:\\\/\\\/storage.googleapis.com\\\/cz-shopatoa-img\\\/ro\\\/b4dac915-shopatoa_logo.png\",\"contentUrl\":\"https:\\\/\\\/storage.googleapis.com\\\/cz-shopatoa-img\\\/ro\\\/b4dac915-shopatoa_logo.png\",\"width\":416,\"height\":63,\"caption\":\"SHOPATOA\"},\"image\":{\"@id\":\"https:\\\/\\\/shopatoa.com\\\/ro\\\/#\\\/schema\\\/logo\\\/image\\\/\"}}]}<\/script>\n<!-- \/ Yoast SEO plugin. -->","yoast_head_json":{"title":"Pierre Ren\u00e9 Accessories pensula pentru buze 1 buc - SHOPATOA.COM","robots":{"index":"index","follow":"follow","max-snippet":"max-snippet:-1","max-image-preview":"max-image-preview:large","max-video-preview":"max-video-preview:-1"},"canonical":"https:\/\/shopatoa.com\/ro\/pierre-rene-accessories-pensula-pentru-buze-1-buc\/","og_locale":"ro_RO","og_type":"article","og_title":"Pierre Ren\u00e9 Accessories pensula pentru buze 1 buc - SHOPATOA.COM","og_description":"Pierre Ren\u00e9 Accessories, 1 buc, Pensule \u0219i bure\u021bi de machiaj pentru femei, V\u0103 machia\u021bi buzele direct cu v\u00e2rful rujului \u0219i aplica\u021bi produsul din recipient sau tub cu degetul? \u00cencerca\u021bi \u00eentr-un mod mai profesional \u0219i mai igienic. Pensula pentru buze Pierre Ren\u00e9Accessories s\u0103 v\u0103 machia\u021bi buzele mai perfect \u0219i mai precis ca niciodat\u0103. Datorit\u0103 acesteia, culoarea...","og_url":"https:\/\/shopatoa.com\/ro\/pierre-rene-accessories-pensula-pentru-buze-1-buc\/","og_site_name":"SHOPATOA","article_modified_time":"2025-12-12T01:52:44+00:00","og_image":[{"width":800,"height":800,"url":"https:\/\/storage.googleapis.com\/cz-shopatoa-img\/ro\/5b85faac-unnamed-file.webp","type":"image\/webp"}],"twitter_card":"summary_large_image","twitter_misc":{"Timp estimat pentru citire":"1 minut"},"schema":{"@context":"https:\/\/schema.org","@graph":[{"@type":"WebPage","@id":"https:\/\/shopatoa.com\/ro\/pierre-rene-accessories-pensula-pentru-buze-1-buc\/","url":"https:\/\/shopatoa.com\/ro\/pierre-rene-accessories-pensula-pentru-buze-1-buc\/","name":"Pierre Ren\u00e9 Accessories pensula pentru buze 1 buc - SHOPATOA.COM","isPartOf":{"@id":"https:\/\/shopatoa.com\/ro\/#website"},"primaryImageOfPage":{"@id":"https:\/\/shopatoa.com\/ro\/pierre-rene-accessories-pensula-pentru-buze-1-buc\/#primaryimage"},"image":{"@id":"https:\/\/shopatoa.com\/ro\/pierre-rene-accessories-pensula-pentru-buze-1-buc\/#primaryimage"},"thumbnailUrl":"https:\/\/storage.googleapis.com\/cz-shopatoa-img\/ro\/5b85faac-unnamed-file.webp","datePublished":"2025-06-20T22:25:57+00:00","dateModified":"2025-12-12T01:52:44+00:00","breadcrumb":{"@id":"https:\/\/shopatoa.com\/ro\/pierre-rene-accessories-pensula-pentru-buze-1-buc\/#breadcrumb"},"inLanguage":"ro-RO","potentialAction":[{"@type":"ReadAction","target":["https:\/\/shopatoa.com\/ro\/pierre-rene-accessories-pensula-pentru-buze-1-buc\/"]}]},{"@type":"ImageObject","inLanguage":"ro-RO","@id":"https:\/\/shopatoa.com\/ro\/pierre-rene-accessories-pensula-pentru-buze-1-buc\/#primaryimage","url":"https:\/\/storage.googleapis.com\/cz-shopatoa-img\/ro\/5b85faac-unnamed-file.webp","contentUrl":"https:\/\/storage.googleapis.com\/cz-shopatoa-img\/ro\/5b85faac-unnamed-file.webp","width":800,"height":800},{"@type":"BreadcrumbList","@id":"https:\/\/shopatoa.com\/ro\/pierre-rene-accessories-pensula-pentru-buze-1-buc\/#breadcrumb","itemListElement":[{"@type":"ListItem","position":1,"name":"Dom\u016f","item":"https:\/\/shopatoa.com\/ro\/"},{"@type":"ListItem","position":2,"name":"Shop","item":"https:\/\/shopatoa.com\/ro\/shop\/"},{"@type":"ListItem","position":3,"name":"S\u0103n\u0103tate \u0219i frumuse\u021be","item":"https:\/\/shopatoa.com\/ro\/sanatate-si-frumusete\/"},{"@type":"ListItem","position":4,"name":"\u00cengrijire personal\u0103","item":"https:\/\/shopatoa.com\/ro\/ingrijire-personala\/"},{"@type":"ListItem","position":5,"name":"Cosmetice","item":"https:\/\/shopatoa.com\/ro\/cosmetice-ingrijire-personala\/"},{"@type":"ListItem","position":6,"name":"Machiaj","item":"https:\/\/shopatoa.com\/ro\/machiaj\/"},{"@type":"ListItem","position":7,"name":"Machiaj buze","item":"https:\/\/shopatoa.com\/ro\/machiaj-buze\/"},{"@type":"ListItem","position":8,"name":"Pierre Ren\u00e9 Accessories pensula pentru buze 1 buc"}]},{"@type":"WebSite","@id":"https:\/\/shopatoa.com\/ro\/#website","url":"https:\/\/shopatoa.com\/ro\/","name":"SHOPATOA","description":"","publisher":{"@id":"https:\/\/shopatoa.com\/ro\/#organization"},"potentialAction":[{"@type":"SearchAction","target":{"@type":"EntryPoint","urlTemplate":"https:\/\/shopatoa.com\/ro\/?s={search_term_string}"},"query-input":{"@type":"PropertyValueSpecification","valueRequired":true,"valueName":"search_term_string"}}],"inLanguage":"ro-RO"},{"@type":"Organization","@id":"https:\/\/shopatoa.com\/ro\/#organization","name":"SHOPATOA","url":"https:\/\/shopatoa.com\/ro\/","logo":{"@type":"ImageObject","inLanguage":"ro-RO","@id":"https:\/\/shopatoa.com\/ro\/#\/schema\/logo\/image\/","url":"https:\/\/storage.googleapis.com\/cz-shopatoa-img\/ro\/b4dac915-shopatoa_logo.png","contentUrl":"https:\/\/storage.googleapis.com\/cz-shopatoa-img\/ro\/b4dac915-shopatoa_logo.png","width":416,"height":63,"caption":"SHOPATOA"},"image":{"@id":"https:\/\/shopatoa.com\/ro\/#\/schema\/logo\/image\/"}}]}},"_links":{"self":[{"href":"https:\/\/shopatoa.com\/ro\/wp-json\/wp\/v2\/product\/415076","targetHints":{"allow":["GET"]}}],"collection":[{"href":"https:\/\/shopatoa.com\/ro\/wp-json\/wp\/v2\/product"}],"about":[{"href":"https:\/\/shopatoa.com\/ro\/wp-json\/wp\/v2\/types\/product"}],"replies":[{"embeddable":true,"href":"https:\/\/shopatoa.com\/ro\/wp-json\/wp\/v2\/comments?post=415076"}],"wp:featuredmedia":[{"embeddable":true,"href":"https:\/\/shopatoa.com\/ro\/wp-json\/wp\/v2\/media\/415077"}],"wp:attachment":[{"href":"https:\/\/shopatoa.com\/ro\/wp-json\/wp\/v2\/media?parent=415076"}],"wp:term":[{"taxonomy":"product_brand","embeddable":true,"href":"https:\/\/shopatoa.com\/ro\/wp-json\/wp\/v2\/product_brand?post=415076"},{"taxonomy":"product_cat","embeddable":true,"href":"https:\/\/shopatoa.com\/ro\/wp-json\/wp\/v2\/product_cat?post=415076"},{"taxonomy":"product_tag","embeddable":true,"href":"https:\/\/shopatoa.com\/ro\/wp-json\/wp\/v2\/product_tag?post=415076"}],"curies":[{"name":"wp","href":"https:\/\/api.w.org\/{rel}","templated":true}]}}