{"id":415086,"date":"2025-06-21T00:27:33","date_gmt":"2025-06-20T22:27:33","guid":{"rendered":"https:\/\/shopatoa.com\/ro\/burts-bees-lip-treatment-tratament-de-noapte-intensiv-de-buze-7-08-g\/"},"modified":"2025-11-17T23:53:03","modified_gmt":"2025-11-17T22:53:03","slug":"burts-bees-lip-treatment-tratament-de-noapte-intensiv-de-buze-7-08-g","status":"publish","type":"product","link":"https:\/\/shopatoa.com\/ro\/burts-bees-lip-treatment-tratament-de-noapte-intensiv-de-buze-7-08-g\/","title":{"rendered":"Burt\u2019s Bees Lip Treatment tratament de noapte intensiv de buze 7.08 g"},"content":{"rendered":"<p>Burt\u2019s Bees Lip Treatment, 7.08 g, M\u0103\u0219ti pentru buze pentru femei, Pielea delicat\u0103 a buzelor este expus\u0103 \u00een fiecare zi la diver\u0219i factori de stres, de la contactul frecvent cu alimentele p\u00e2n\u0103 la condi\u021biile meteorologice nefavorabile. De aceea, merit\u0103 o \u00eengrijire special\u0103. Masca pentru buze Burt\u2019s Bees Lip Treatment le va oferi hidratarea necesar\u0103, va favoriza regenerarea lor \u0219i le va l\u0103sa natural frumoase.  Caracteristici:  ac\u021biune intens hidratant\u0103 \u0219i hr\u0103nitoare repar\u0103 buzele uscate \u0219i cr\u0103pate las\u0103 buzele catifelate \u0219i suple ac\u021bioneaz\u0103 \u00een timpul somnului \u00een ambalaj de sticl\u0103  Ingrediente:  cear\u0103 de albine \u2013 creeaz\u0103 un strat protector rezistent la ap\u0103, datorit\u0103 c\u0103ruia pielea este catifelat\u0103, calmat\u0103, hr\u0103nit\u0103 \u0219i protejat\u0103 \u00eempotriva influen\u021belor externe, hidrateaz\u0103 \u0219i previne deshidratarea \u0219i deteriorarea, accelereaz\u0103 regenerarea  Cum se utilizeaz\u0103: Aplica\u021bi seara, \u00eenainte de culcare. Se aplic\u0103 pe buzele curate \u0219i uscate.<\/p>\n","protected":false},"excerpt":{"rendered":"<p>Burt\u2019s Bees Lip Treatment, 7.08 g, M\u0103\u0219ti pentru buze pentru femei, Pielea delicat\u0103 a buzelor este expus\u0103 \u00een fiecare zi la diver\u0219i factori de stres, de la contactul frecvent cu alimentele p\u00e2n\u0103 la condi\u021biile meteorologice nefavorabile. De aceea, merit\u0103 o \u00eengrijire special\u0103. Masca pentru buze Burt\u2019s Bees Lip Treatment le va oferi hidratarea necesar\u0103, va&#8230;<\/p>\n","protected":false},"featured_media":415087,"comment_status":"closed","ping_status":"open","template":"","meta":{"_acf_changed":false,"_kadence_starter_templates_imported_post":false,"_kad_post_transparent":"","_kad_post_title":"","_kad_post_layout":"","_kad_post_sidebar_id":"","_kad_post_content_style":"","_kad_post_vertical_padding":"","_kad_post_feature":"","_kad_post_feature_position":"","_kad_post_header":false,"_kad_post_footer":false,"_kad_post_classname":""},"product_brand":[2549],"product_cat":[1628,1564,1563,1565,1562],"product_tag":[],"class_list":{"0":"post-415086","1":"product","2":"type-product","3":"status-publish","4":"has-post-thumbnail","6":"product_brand-burts-bees","7":"product_cat-balsamuri-si-tratamente-pentru-buze","8":"product_cat-cosmetice-ingrijire-personala","9":"product_cat-ingrijire-personala","10":"product_cat-ingrijirea-pielii","11":"product_cat-sanatate-si-frumusete","12":"pa_gen-female","13":"pa_marime-7-08-g","15":"first","16":"instock","17":"sale","18":"product-type-external","19":"entry","20":"content-bg","21":"loop-entry"},"acf":[],"yoast_head":"<!-- This site is optimized with the Yoast SEO plugin v27.4 - https:\/\/yoast.com\/product\/yoast-seo-wordpress\/ -->\n<title>Burt\u2019s Bees Lip Treatment tratament de noapte intensiv de buze 7.08 g - SHOPATOA.COM<\/title>\n<meta name=\"robots\" content=\"index, follow, max-snippet:-1, max-image-preview:large, max-video-preview:-1\" \/>\n<link rel=\"canonical\" href=\"https:\/\/shopatoa.com\/ro\/burts-bees-lip-treatment-tratament-de-noapte-intensiv-de-buze-7-08-g\/\" \/>\n<meta property=\"og:locale\" content=\"ro_RO\" \/>\n<meta property=\"og:type\" content=\"article\" \/>\n<meta property=\"og:title\" content=\"Burt\u2019s Bees Lip Treatment tratament de noapte intensiv de buze 7.08 g - SHOPATOA.COM\" \/>\n<meta property=\"og:description\" content=\"Burt\u2019s Bees Lip Treatment, 7.08 g, M\u0103\u0219ti pentru buze pentru femei, Pielea delicat\u0103 a buzelor este expus\u0103 \u00een fiecare zi la diver\u0219i factori de stres, de la contactul frecvent cu alimentele p\u00e2n\u0103 la condi\u021biile meteorologice nefavorabile. De aceea, merit\u0103 o \u00eengrijire special\u0103. Masca pentru buze Burt\u2019s Bees Lip Treatment le va oferi hidratarea necesar\u0103, va...\" \/>\n<meta property=\"og:url\" content=\"https:\/\/shopatoa.com\/ro\/burts-bees-lip-treatment-tratament-de-noapte-intensiv-de-buze-7-08-g\/\" \/>\n<meta property=\"og:site_name\" content=\"SHOPATOA\" \/>\n<meta property=\"article:modified_time\" content=\"2025-11-17T22:53:03+00:00\" \/>\n<meta property=\"og:image\" content=\"https:\/\/storage.googleapis.com\/cz-shopatoa-img\/ro\/ce0b304f-unnamed-file.webp\" \/>\n\t<meta property=\"og:image:width\" content=\"800\" \/>\n\t<meta property=\"og:image:height\" content=\"800\" \/>\n\t<meta property=\"og:image:type\" content=\"image\/webp\" \/>\n<meta name=\"twitter:card\" content=\"summary_large_image\" \/>\n<meta name=\"twitter:label1\" content=\"Timp estimat pentru citire\" \/>\n\t<meta name=\"twitter:data1\" content=\"1 minut\" \/>\n<script type=\"application\/ld+json\" class=\"yoast-schema-graph\">{\"@context\":\"https:\\\/\\\/schema.org\",\"@graph\":[{\"@type\":\"WebPage\",\"@id\":\"https:\\\/\\\/shopatoa.com\\\/ro\\\/burts-bees-lip-treatment-tratament-de-noapte-intensiv-de-buze-7-08-g\\\/\",\"url\":\"https:\\\/\\\/shopatoa.com\\\/ro\\\/burts-bees-lip-treatment-tratament-de-noapte-intensiv-de-buze-7-08-g\\\/\",\"name\":\"Burt\u2019s Bees Lip Treatment tratament de noapte intensiv de buze 7.08 g - SHOPATOA.COM\",\"isPartOf\":{\"@id\":\"https:\\\/\\\/shopatoa.com\\\/ro\\\/#website\"},\"primaryImageOfPage\":{\"@id\":\"https:\\\/\\\/shopatoa.com\\\/ro\\\/burts-bees-lip-treatment-tratament-de-noapte-intensiv-de-buze-7-08-g\\\/#primaryimage\"},\"image\":{\"@id\":\"https:\\\/\\\/shopatoa.com\\\/ro\\\/burts-bees-lip-treatment-tratament-de-noapte-intensiv-de-buze-7-08-g\\\/#primaryimage\"},\"thumbnailUrl\":\"https:\\\/\\\/storage.googleapis.com\\\/cz-shopatoa-img\\\/ro\\\/ce0b304f-unnamed-file.webp\",\"datePublished\":\"2025-06-20T22:27:33+00:00\",\"dateModified\":\"2025-11-17T22:53:03+00:00\",\"breadcrumb\":{\"@id\":\"https:\\\/\\\/shopatoa.com\\\/ro\\\/burts-bees-lip-treatment-tratament-de-noapte-intensiv-de-buze-7-08-g\\\/#breadcrumb\"},\"inLanguage\":\"ro-RO\",\"potentialAction\":[{\"@type\":\"ReadAction\",\"target\":[\"https:\\\/\\\/shopatoa.com\\\/ro\\\/burts-bees-lip-treatment-tratament-de-noapte-intensiv-de-buze-7-08-g\\\/\"]}]},{\"@type\":\"ImageObject\",\"inLanguage\":\"ro-RO\",\"@id\":\"https:\\\/\\\/shopatoa.com\\\/ro\\\/burts-bees-lip-treatment-tratament-de-noapte-intensiv-de-buze-7-08-g\\\/#primaryimage\",\"url\":\"https:\\\/\\\/storage.googleapis.com\\\/cz-shopatoa-img\\\/ro\\\/ce0b304f-unnamed-file.webp\",\"contentUrl\":\"https:\\\/\\\/storage.googleapis.com\\\/cz-shopatoa-img\\\/ro\\\/ce0b304f-unnamed-file.webp\",\"width\":800,\"height\":800},{\"@type\":\"BreadcrumbList\",\"@id\":\"https:\\\/\\\/shopatoa.com\\\/ro\\\/burts-bees-lip-treatment-tratament-de-noapte-intensiv-de-buze-7-08-g\\\/#breadcrumb\",\"itemListElement\":[{\"@type\":\"ListItem\",\"position\":1,\"name\":\"Dom\u016f\",\"item\":\"https:\\\/\\\/shopatoa.com\\\/ro\\\/\"},{\"@type\":\"ListItem\",\"position\":2,\"name\":\"Shop\",\"item\":\"https:\\\/\\\/shopatoa.com\\\/ro\\\/shop\\\/\"},{\"@type\":\"ListItem\",\"position\":3,\"name\":\"S\u0103n\u0103tate \u0219i frumuse\u021be\",\"item\":\"https:\\\/\\\/shopatoa.com\\\/ro\\\/sanatate-si-frumusete\\\/\"},{\"@type\":\"ListItem\",\"position\":4,\"name\":\"\u00cengrijire personal\u0103\",\"item\":\"https:\\\/\\\/shopatoa.com\\\/ro\\\/ingrijire-personala\\\/\"},{\"@type\":\"ListItem\",\"position\":5,\"name\":\"Cosmetice\",\"item\":\"https:\\\/\\\/shopatoa.com\\\/ro\\\/cosmetice-ingrijire-personala\\\/\"},{\"@type\":\"ListItem\",\"position\":6,\"name\":\"\u00cengrijirea pielii\",\"item\":\"https:\\\/\\\/shopatoa.com\\\/ro\\\/ingrijirea-pielii\\\/\"},{\"@type\":\"ListItem\",\"position\":7,\"name\":\"Balsamuri \u0219i tratamente pentru buze\",\"item\":\"https:\\\/\\\/shopatoa.com\\\/ro\\\/balsamuri-si-tratamente-pentru-buze\\\/\"},{\"@type\":\"ListItem\",\"position\":8,\"name\":\"Burt\u2019s Bees Lip Treatment tratament de noapte intensiv de buze 7.08 g\"}]},{\"@type\":\"WebSite\",\"@id\":\"https:\\\/\\\/shopatoa.com\\\/ro\\\/#website\",\"url\":\"https:\\\/\\\/shopatoa.com\\\/ro\\\/\",\"name\":\"SHOPATOA\",\"description\":\"\",\"publisher\":{\"@id\":\"https:\\\/\\\/shopatoa.com\\\/ro\\\/#organization\"},\"potentialAction\":[{\"@type\":\"SearchAction\",\"target\":{\"@type\":\"EntryPoint\",\"urlTemplate\":\"https:\\\/\\\/shopatoa.com\\\/ro\\\/?s={search_term_string}\"},\"query-input\":{\"@type\":\"PropertyValueSpecification\",\"valueRequired\":true,\"valueName\":\"search_term_string\"}}],\"inLanguage\":\"ro-RO\"},{\"@type\":\"Organization\",\"@id\":\"https:\\\/\\\/shopatoa.com\\\/ro\\\/#organization\",\"name\":\"SHOPATOA\",\"url\":\"https:\\\/\\\/shopatoa.com\\\/ro\\\/\",\"logo\":{\"@type\":\"ImageObject\",\"inLanguage\":\"ro-RO\",\"@id\":\"https:\\\/\\\/shopatoa.com\\\/ro\\\/#\\\/schema\\\/logo\\\/image\\\/\",\"url\":\"https:\\\/\\\/storage.googleapis.com\\\/cz-shopatoa-img\\\/ro\\\/b4dac915-shopatoa_logo.png\",\"contentUrl\":\"https:\\\/\\\/storage.googleapis.com\\\/cz-shopatoa-img\\\/ro\\\/b4dac915-shopatoa_logo.png\",\"width\":416,\"height\":63,\"caption\":\"SHOPATOA\"},\"image\":{\"@id\":\"https:\\\/\\\/shopatoa.com\\\/ro\\\/#\\\/schema\\\/logo\\\/image\\\/\"}}]}<\/script>\n<!-- \/ Yoast SEO plugin. -->","yoast_head_json":{"title":"Burt\u2019s Bees Lip Treatment tratament de noapte intensiv de buze 7.08 g - SHOPATOA.COM","robots":{"index":"index","follow":"follow","max-snippet":"max-snippet:-1","max-image-preview":"max-image-preview:large","max-video-preview":"max-video-preview:-1"},"canonical":"https:\/\/shopatoa.com\/ro\/burts-bees-lip-treatment-tratament-de-noapte-intensiv-de-buze-7-08-g\/","og_locale":"ro_RO","og_type":"article","og_title":"Burt\u2019s Bees Lip Treatment tratament de noapte intensiv de buze 7.08 g - SHOPATOA.COM","og_description":"Burt\u2019s Bees Lip Treatment, 7.08 g, M\u0103\u0219ti pentru buze pentru femei, Pielea delicat\u0103 a buzelor este expus\u0103 \u00een fiecare zi la diver\u0219i factori de stres, de la contactul frecvent cu alimentele p\u00e2n\u0103 la condi\u021biile meteorologice nefavorabile. De aceea, merit\u0103 o \u00eengrijire special\u0103. Masca pentru buze Burt\u2019s Bees Lip Treatment le va oferi hidratarea necesar\u0103, va...","og_url":"https:\/\/shopatoa.com\/ro\/burts-bees-lip-treatment-tratament-de-noapte-intensiv-de-buze-7-08-g\/","og_site_name":"SHOPATOA","article_modified_time":"2025-11-17T22:53:03+00:00","og_image":[{"width":800,"height":800,"url":"https:\/\/storage.googleapis.com\/cz-shopatoa-img\/ro\/ce0b304f-unnamed-file.webp","type":"image\/webp"}],"twitter_card":"summary_large_image","twitter_misc":{"Timp estimat pentru citire":"1 minut"},"schema":{"@context":"https:\/\/schema.org","@graph":[{"@type":"WebPage","@id":"https:\/\/shopatoa.com\/ro\/burts-bees-lip-treatment-tratament-de-noapte-intensiv-de-buze-7-08-g\/","url":"https:\/\/shopatoa.com\/ro\/burts-bees-lip-treatment-tratament-de-noapte-intensiv-de-buze-7-08-g\/","name":"Burt\u2019s Bees Lip Treatment tratament de noapte intensiv de buze 7.08 g - SHOPATOA.COM","isPartOf":{"@id":"https:\/\/shopatoa.com\/ro\/#website"},"primaryImageOfPage":{"@id":"https:\/\/shopatoa.com\/ro\/burts-bees-lip-treatment-tratament-de-noapte-intensiv-de-buze-7-08-g\/#primaryimage"},"image":{"@id":"https:\/\/shopatoa.com\/ro\/burts-bees-lip-treatment-tratament-de-noapte-intensiv-de-buze-7-08-g\/#primaryimage"},"thumbnailUrl":"https:\/\/storage.googleapis.com\/cz-shopatoa-img\/ro\/ce0b304f-unnamed-file.webp","datePublished":"2025-06-20T22:27:33+00:00","dateModified":"2025-11-17T22:53:03+00:00","breadcrumb":{"@id":"https:\/\/shopatoa.com\/ro\/burts-bees-lip-treatment-tratament-de-noapte-intensiv-de-buze-7-08-g\/#breadcrumb"},"inLanguage":"ro-RO","potentialAction":[{"@type":"ReadAction","target":["https:\/\/shopatoa.com\/ro\/burts-bees-lip-treatment-tratament-de-noapte-intensiv-de-buze-7-08-g\/"]}]},{"@type":"ImageObject","inLanguage":"ro-RO","@id":"https:\/\/shopatoa.com\/ro\/burts-bees-lip-treatment-tratament-de-noapte-intensiv-de-buze-7-08-g\/#primaryimage","url":"https:\/\/storage.googleapis.com\/cz-shopatoa-img\/ro\/ce0b304f-unnamed-file.webp","contentUrl":"https:\/\/storage.googleapis.com\/cz-shopatoa-img\/ro\/ce0b304f-unnamed-file.webp","width":800,"height":800},{"@type":"BreadcrumbList","@id":"https:\/\/shopatoa.com\/ro\/burts-bees-lip-treatment-tratament-de-noapte-intensiv-de-buze-7-08-g\/#breadcrumb","itemListElement":[{"@type":"ListItem","position":1,"name":"Dom\u016f","item":"https:\/\/shopatoa.com\/ro\/"},{"@type":"ListItem","position":2,"name":"Shop","item":"https:\/\/shopatoa.com\/ro\/shop\/"},{"@type":"ListItem","position":3,"name":"S\u0103n\u0103tate \u0219i frumuse\u021be","item":"https:\/\/shopatoa.com\/ro\/sanatate-si-frumusete\/"},{"@type":"ListItem","position":4,"name":"\u00cengrijire personal\u0103","item":"https:\/\/shopatoa.com\/ro\/ingrijire-personala\/"},{"@type":"ListItem","position":5,"name":"Cosmetice","item":"https:\/\/shopatoa.com\/ro\/cosmetice-ingrijire-personala\/"},{"@type":"ListItem","position":6,"name":"\u00cengrijirea pielii","item":"https:\/\/shopatoa.com\/ro\/ingrijirea-pielii\/"},{"@type":"ListItem","position":7,"name":"Balsamuri \u0219i tratamente pentru buze","item":"https:\/\/shopatoa.com\/ro\/balsamuri-si-tratamente-pentru-buze\/"},{"@type":"ListItem","position":8,"name":"Burt\u2019s Bees Lip Treatment tratament de noapte intensiv de buze 7.08 g"}]},{"@type":"WebSite","@id":"https:\/\/shopatoa.com\/ro\/#website","url":"https:\/\/shopatoa.com\/ro\/","name":"SHOPATOA","description":"","publisher":{"@id":"https:\/\/shopatoa.com\/ro\/#organization"},"potentialAction":[{"@type":"SearchAction","target":{"@type":"EntryPoint","urlTemplate":"https:\/\/shopatoa.com\/ro\/?s={search_term_string}"},"query-input":{"@type":"PropertyValueSpecification","valueRequired":true,"valueName":"search_term_string"}}],"inLanguage":"ro-RO"},{"@type":"Organization","@id":"https:\/\/shopatoa.com\/ro\/#organization","name":"SHOPATOA","url":"https:\/\/shopatoa.com\/ro\/","logo":{"@type":"ImageObject","inLanguage":"ro-RO","@id":"https:\/\/shopatoa.com\/ro\/#\/schema\/logo\/image\/","url":"https:\/\/storage.googleapis.com\/cz-shopatoa-img\/ro\/b4dac915-shopatoa_logo.png","contentUrl":"https:\/\/storage.googleapis.com\/cz-shopatoa-img\/ro\/b4dac915-shopatoa_logo.png","width":416,"height":63,"caption":"SHOPATOA"},"image":{"@id":"https:\/\/shopatoa.com\/ro\/#\/schema\/logo\/image\/"}}]}},"_links":{"self":[{"href":"https:\/\/shopatoa.com\/ro\/wp-json\/wp\/v2\/product\/415086","targetHints":{"allow":["GET"]}}],"collection":[{"href":"https:\/\/shopatoa.com\/ro\/wp-json\/wp\/v2\/product"}],"about":[{"href":"https:\/\/shopatoa.com\/ro\/wp-json\/wp\/v2\/types\/product"}],"replies":[{"embeddable":true,"href":"https:\/\/shopatoa.com\/ro\/wp-json\/wp\/v2\/comments?post=415086"}],"wp:featuredmedia":[{"embeddable":true,"href":"https:\/\/shopatoa.com\/ro\/wp-json\/wp\/v2\/media\/415087"}],"wp:attachment":[{"href":"https:\/\/shopatoa.com\/ro\/wp-json\/wp\/v2\/media?parent=415086"}],"wp:term":[{"taxonomy":"product_brand","embeddable":true,"href":"https:\/\/shopatoa.com\/ro\/wp-json\/wp\/v2\/product_brand?post=415086"},{"taxonomy":"product_cat","embeddable":true,"href":"https:\/\/shopatoa.com\/ro\/wp-json\/wp\/v2\/product_cat?post=415086"},{"taxonomy":"product_tag","embeddable":true,"href":"https:\/\/shopatoa.com\/ro\/wp-json\/wp\/v2\/product_tag?post=415086"}],"curies":[{"name":"wp","href":"https:\/\/api.w.org\/{rel}","templated":true}]}}