{"id":415184,"date":"2025-06-21T00:47:10","date_gmt":"2025-06-20T22:47:10","guid":{"rendered":"https:\/\/shopatoa.com\/ro\/kundal-protein-bonding-care-no-wash-treatment-ingrijire-leave-in-pentru-par-deteriorat-cu-parfum-violet-muguet-130-ml\/"},"modified":"2025-12-12T01:42:46","modified_gmt":"2025-12-12T00:42:46","slug":"kundal-protein-bonding-care-no-wash-treatment-ingrijire-leave-in-pentru-par-deteriorat-cu-parfum-violet-muguet-130-ml","status":"publish","type":"product","link":"https:\/\/shopatoa.com\/ro\/kundal-protein-bonding-care-no-wash-treatment-ingrijire-leave-in-pentru-par-deteriorat-cu-parfum-violet-muguet-130-ml\/","title":{"rendered":"KUNDAL Protein Bonding Care No Wash Treatment ingrijire leave-in pentru par deteriorat cu parfum Violet Muguet 130 ml"},"content":{"rendered":"<p>KUNDAL Protein Bonding Care No Wash Treatment, 130 ml, Balsam f\u0103r\u0103 cl\u0103tire pentru femei, Sim\u021bi\u021bi c\u0103 p\u0103rul dvs. are nevoie de o \u00eengrijire mai intens\u0103 dec\u00e2t v\u0103 pot oferi condi\u021bionerele sau balsamurile? Masca de p\u0103r KUNDAL Protein Bonding Care No Wash Treatment v\u0103 va completa de minute rutina de \u00eengrijire. Datorit\u0103 concentra\u021biei ridicate de substan\u021be nutritive menite s\u0103 rezolve probleme specifice, red\u0103 p\u0103rului vitalitatea \u0219i frumuse\u021bea. P\u0103trunde ad\u00e2nc \u00een fibrele de p\u0103r pentru a le fortifica, pentru a le hr\u0103ni intensiv, pentru a favoriza regenerarea \u0219i pentru a le netezi suprafa\u021ba, l\u0103s\u00e2ndu-le fine la atingere, cu o str\u0103lucire radiant\u0103 \u0219i mai rezistente la deterior\u0103ri.  Caracteristici:  hidrateaz\u0103 intens \u00eent\u0103re\u0219te firul de p\u0103r regenereaz\u0103 p\u0103rul pe \u00eentreaga sa lungime ofer\u0103 p\u0103rului o str\u0103lucire radiant\u0103 \u00eembun\u0103t\u0103\u021be\u0219te elasticitatea fibrei p\u0103rului p\u0103rul este neted la atingere protejeaz\u0103 p\u0103rul la temperaturi \u00eenalte red\u0103 p\u0103rului aspectul natural \u0219i s\u0103n\u0103tos pentru p\u0103r natural \u0219i vopsit  Ingrediente:  ulei de avocado ulei de argan proteine vegetale ulei de argan \u2013 hidrateaz\u0103 p\u0103rul, \u00eei confer\u0103 str\u0103lucire, ajut\u0103 la prevenirea cas\u0103rii \u0219i favorizeaz\u0103 elasticitatea ulei de jojoba \u2013 men\u021bine scalpul \u0219i p\u0103rul hidratate \u0219i hr\u0103nite, stimul\u00e2nd astfel cre\u0219terea, fortific\u0103 p\u0103rul, oferindu-i str\u0103lucire, prevenind ruperea \u0219i despicarea proteine \u2013 hr\u0103nesc, revitalizeaz\u0103 \u0219i fortific\u0103 p\u0103rul, \u00eei sporesc rezisten\u021ba la rupere \u0219i despicare, netezesc fibrele de p\u0103r \u0219i ajut\u0103 la vindecarea suprafe\u021bei lor deteriorate, ceea ce contribuie la aspectul fin \u0219i str\u0103lucitor ulei de avocado \u2013 hidrateaz\u0103, hr\u0103ne\u0219te \u0219i fortific\u0103, ajut\u0103 la restabilirea frumuse\u021bii p\u0103rului deteriorat, favorizeaz\u0103 regenerarea  Cum se utilizeaz\u0103: Se aplic\u0103 pe p\u0103rul sp\u0103lat, pe lungime, p\u00e2n\u0103 la v\u00e2rfuri. Se maseaz\u0103 delicat. Nu cl\u0103ti\u021bi. Se poate utiliza \u00een fiecare zi. Pentru un efect maxim, combina\u021bi cu alte produse pentru p\u0103r, din aceea\u0219i gam\u0103.<\/p>\n","protected":false},"excerpt":{"rendered":"<p>KUNDAL Protein Bonding Care No Wash Treatment, 130 ml, Balsam f\u0103r\u0103 cl\u0103tire pentru femei, Sim\u021bi\u021bi c\u0103 p\u0103rul dvs. are nevoie de o \u00eengrijire mai intens\u0103 dec\u00e2t v\u0103 pot oferi condi\u021bionerele sau balsamurile? Masca de p\u0103r KUNDAL Protein Bonding Care No Wash Treatment v\u0103 va completa de minute rutina de \u00eengrijire. Datorit\u0103 concentra\u021biei ridicate de substan\u021be&#8230;<\/p>\n","protected":false},"featured_media":415185,"comment_status":"closed","ping_status":"open","template":"","meta":{"_acf_changed":false,"_kadence_starter_templates_imported_post":false,"_kad_post_transparent":"","_kad_post_title":"","_kad_post_layout":"","_kad_post_sidebar_id":"","_kad_post_content_style":"","_kad_post_vertical_padding":"","_kad_post_feature":"","_kad_post_feature_position":"","_kad_post_header":false,"_kad_post_footer":false,"_kad_post_classname":""},"product_brand":[2321],"product_cat":[1564,1563,1565,1614,1562],"product_tag":[],"class_list":{"0":"post-415184","1":"product","2":"type-product","3":"status-publish","4":"has-post-thumbnail","6":"product_brand-kundal","7":"product_cat-cosmetice-ingrijire-personala","8":"product_cat-ingrijire-personala","9":"product_cat-ingrijirea-pielii","10":"product_cat-masti-si-peelings-pentru-ten","11":"product_cat-sanatate-si-frumusete","12":"pa_gen-female","13":"pa_marime-130-ml","15":"first","16":"instock","17":"sale","18":"product-type-external","19":"entry","20":"content-bg","21":"loop-entry"},"acf":[],"yoast_head":"<!-- This site is optimized with the Yoast SEO plugin v27.4 - https:\/\/yoast.com\/product\/yoast-seo-wordpress\/ -->\n<title>KUNDAL Protein Bonding Care No Wash Treatment ingrijire leave-in pentru par deteriorat cu parfum Violet Muguet 130 ml - SHOPATOA.COM<\/title>\n<meta name=\"robots\" content=\"index, follow, max-snippet:-1, max-image-preview:large, max-video-preview:-1\" \/>\n<link rel=\"canonical\" href=\"https:\/\/shopatoa.com\/ro\/kundal-protein-bonding-care-no-wash-treatment-ingrijire-leave-in-pentru-par-deteriorat-cu-parfum-violet-muguet-130-ml\/\" \/>\n<meta property=\"og:locale\" content=\"ro_RO\" \/>\n<meta property=\"og:type\" content=\"article\" \/>\n<meta property=\"og:title\" content=\"KUNDAL Protein Bonding Care No Wash Treatment ingrijire leave-in pentru par deteriorat cu parfum Violet Muguet 130 ml - SHOPATOA.COM\" \/>\n<meta property=\"og:description\" content=\"KUNDAL Protein Bonding Care No Wash Treatment, 130 ml, Balsam f\u0103r\u0103 cl\u0103tire pentru femei, Sim\u021bi\u021bi c\u0103 p\u0103rul dvs. are nevoie de o \u00eengrijire mai intens\u0103 dec\u00e2t v\u0103 pot oferi condi\u021bionerele sau balsamurile? Masca de p\u0103r KUNDAL Protein Bonding Care No Wash Treatment v\u0103 va completa de minute rutina de \u00eengrijire. Datorit\u0103 concentra\u021biei ridicate de substan\u021be...\" \/>\n<meta property=\"og:url\" content=\"https:\/\/shopatoa.com\/ro\/kundal-protein-bonding-care-no-wash-treatment-ingrijire-leave-in-pentru-par-deteriorat-cu-parfum-violet-muguet-130-ml\/\" \/>\n<meta property=\"og:site_name\" content=\"SHOPATOA\" \/>\n<meta property=\"article:modified_time\" content=\"2025-12-12T00:42:46+00:00\" \/>\n<meta property=\"og:image\" content=\"https:\/\/storage.googleapis.com\/cz-shopatoa-img\/ro\/c8fa4279-unnamed-file.webp\" \/>\n\t<meta property=\"og:image:width\" content=\"800\" \/>\n\t<meta property=\"og:image:height\" content=\"800\" \/>\n\t<meta property=\"og:image:type\" content=\"image\/webp\" \/>\n<meta name=\"twitter:card\" content=\"summary_large_image\" \/>\n<meta name=\"twitter:label1\" content=\"Timp estimat pentru citire\" \/>\n\t<meta name=\"twitter:data1\" content=\"2 minute\" \/>\n<script type=\"application\/ld+json\" class=\"yoast-schema-graph\">{\"@context\":\"https:\\\/\\\/schema.org\",\"@graph\":[{\"@type\":\"WebPage\",\"@id\":\"https:\\\/\\\/shopatoa.com\\\/ro\\\/kundal-protein-bonding-care-no-wash-treatment-ingrijire-leave-in-pentru-par-deteriorat-cu-parfum-violet-muguet-130-ml\\\/\",\"url\":\"https:\\\/\\\/shopatoa.com\\\/ro\\\/kundal-protein-bonding-care-no-wash-treatment-ingrijire-leave-in-pentru-par-deteriorat-cu-parfum-violet-muguet-130-ml\\\/\",\"name\":\"KUNDAL Protein Bonding Care No Wash Treatment ingrijire leave-in pentru par deteriorat cu parfum Violet Muguet 130 ml - SHOPATOA.COM\",\"isPartOf\":{\"@id\":\"https:\\\/\\\/shopatoa.com\\\/ro\\\/#website\"},\"primaryImageOfPage\":{\"@id\":\"https:\\\/\\\/shopatoa.com\\\/ro\\\/kundal-protein-bonding-care-no-wash-treatment-ingrijire-leave-in-pentru-par-deteriorat-cu-parfum-violet-muguet-130-ml\\\/#primaryimage\"},\"image\":{\"@id\":\"https:\\\/\\\/shopatoa.com\\\/ro\\\/kundal-protein-bonding-care-no-wash-treatment-ingrijire-leave-in-pentru-par-deteriorat-cu-parfum-violet-muguet-130-ml\\\/#primaryimage\"},\"thumbnailUrl\":\"https:\\\/\\\/storage.googleapis.com\\\/cz-shopatoa-img\\\/ro\\\/c8fa4279-unnamed-file.webp\",\"datePublished\":\"2025-06-20T22:47:10+00:00\",\"dateModified\":\"2025-12-12T00:42:46+00:00\",\"breadcrumb\":{\"@id\":\"https:\\\/\\\/shopatoa.com\\\/ro\\\/kundal-protein-bonding-care-no-wash-treatment-ingrijire-leave-in-pentru-par-deteriorat-cu-parfum-violet-muguet-130-ml\\\/#breadcrumb\"},\"inLanguage\":\"ro-RO\",\"potentialAction\":[{\"@type\":\"ReadAction\",\"target\":[\"https:\\\/\\\/shopatoa.com\\\/ro\\\/kundal-protein-bonding-care-no-wash-treatment-ingrijire-leave-in-pentru-par-deteriorat-cu-parfum-violet-muguet-130-ml\\\/\"]}]},{\"@type\":\"ImageObject\",\"inLanguage\":\"ro-RO\",\"@id\":\"https:\\\/\\\/shopatoa.com\\\/ro\\\/kundal-protein-bonding-care-no-wash-treatment-ingrijire-leave-in-pentru-par-deteriorat-cu-parfum-violet-muguet-130-ml\\\/#primaryimage\",\"url\":\"https:\\\/\\\/storage.googleapis.com\\\/cz-shopatoa-img\\\/ro\\\/c8fa4279-unnamed-file.webp\",\"contentUrl\":\"https:\\\/\\\/storage.googleapis.com\\\/cz-shopatoa-img\\\/ro\\\/c8fa4279-unnamed-file.webp\",\"width\":800,\"height\":800},{\"@type\":\"BreadcrumbList\",\"@id\":\"https:\\\/\\\/shopatoa.com\\\/ro\\\/kundal-protein-bonding-care-no-wash-treatment-ingrijire-leave-in-pentru-par-deteriorat-cu-parfum-violet-muguet-130-ml\\\/#breadcrumb\",\"itemListElement\":[{\"@type\":\"ListItem\",\"position\":1,\"name\":\"Dom\u016f\",\"item\":\"https:\\\/\\\/shopatoa.com\\\/ro\\\/\"},{\"@type\":\"ListItem\",\"position\":2,\"name\":\"Shop\",\"item\":\"https:\\\/\\\/shopatoa.com\\\/ro\\\/shop\\\/\"},{\"@type\":\"ListItem\",\"position\":3,\"name\":\"S\u0103n\u0103tate \u0219i frumuse\u021be\",\"item\":\"https:\\\/\\\/shopatoa.com\\\/ro\\\/sanatate-si-frumusete\\\/\"},{\"@type\":\"ListItem\",\"position\":4,\"name\":\"\u00cengrijire personal\u0103\",\"item\":\"https:\\\/\\\/shopatoa.com\\\/ro\\\/ingrijire-personala\\\/\"},{\"@type\":\"ListItem\",\"position\":5,\"name\":\"Cosmetice\",\"item\":\"https:\\\/\\\/shopatoa.com\\\/ro\\\/cosmetice-ingrijire-personala\\\/\"},{\"@type\":\"ListItem\",\"position\":6,\"name\":\"\u00cengrijirea pielii\",\"item\":\"https:\\\/\\\/shopatoa.com\\\/ro\\\/ingrijirea-pielii\\\/\"},{\"@type\":\"ListItem\",\"position\":7,\"name\":\"M\u0103\u0219ti \u0219i peelings pentru ten\",\"item\":\"https:\\\/\\\/shopatoa.com\\\/ro\\\/masti-si-peelings-pentru-ten\\\/\"},{\"@type\":\"ListItem\",\"position\":8,\"name\":\"KUNDAL Protein Bonding Care No Wash Treatment ingrijire leave-in pentru par deteriorat cu parfum Violet Muguet 130 ml\"}]},{\"@type\":\"WebSite\",\"@id\":\"https:\\\/\\\/shopatoa.com\\\/ro\\\/#website\",\"url\":\"https:\\\/\\\/shopatoa.com\\\/ro\\\/\",\"name\":\"SHOPATOA\",\"description\":\"\",\"publisher\":{\"@id\":\"https:\\\/\\\/shopatoa.com\\\/ro\\\/#organization\"},\"potentialAction\":[{\"@type\":\"SearchAction\",\"target\":{\"@type\":\"EntryPoint\",\"urlTemplate\":\"https:\\\/\\\/shopatoa.com\\\/ro\\\/?s={search_term_string}\"},\"query-input\":{\"@type\":\"PropertyValueSpecification\",\"valueRequired\":true,\"valueName\":\"search_term_string\"}}],\"inLanguage\":\"ro-RO\"},{\"@type\":\"Organization\",\"@id\":\"https:\\\/\\\/shopatoa.com\\\/ro\\\/#organization\",\"name\":\"SHOPATOA\",\"url\":\"https:\\\/\\\/shopatoa.com\\\/ro\\\/\",\"logo\":{\"@type\":\"ImageObject\",\"inLanguage\":\"ro-RO\",\"@id\":\"https:\\\/\\\/shopatoa.com\\\/ro\\\/#\\\/schema\\\/logo\\\/image\\\/\",\"url\":\"https:\\\/\\\/storage.googleapis.com\\\/cz-shopatoa-img\\\/ro\\\/b4dac915-shopatoa_logo.png\",\"contentUrl\":\"https:\\\/\\\/storage.googleapis.com\\\/cz-shopatoa-img\\\/ro\\\/b4dac915-shopatoa_logo.png\",\"width\":416,\"height\":63,\"caption\":\"SHOPATOA\"},\"image\":{\"@id\":\"https:\\\/\\\/shopatoa.com\\\/ro\\\/#\\\/schema\\\/logo\\\/image\\\/\"}}]}<\/script>\n<!-- \/ Yoast SEO plugin. -->","yoast_head_json":{"title":"KUNDAL Protein Bonding Care No Wash Treatment ingrijire leave-in pentru par deteriorat cu parfum Violet Muguet 130 ml - SHOPATOA.COM","robots":{"index":"index","follow":"follow","max-snippet":"max-snippet:-1","max-image-preview":"max-image-preview:large","max-video-preview":"max-video-preview:-1"},"canonical":"https:\/\/shopatoa.com\/ro\/kundal-protein-bonding-care-no-wash-treatment-ingrijire-leave-in-pentru-par-deteriorat-cu-parfum-violet-muguet-130-ml\/","og_locale":"ro_RO","og_type":"article","og_title":"KUNDAL Protein Bonding Care No Wash Treatment ingrijire leave-in pentru par deteriorat cu parfum Violet Muguet 130 ml - SHOPATOA.COM","og_description":"KUNDAL Protein Bonding Care No Wash Treatment, 130 ml, Balsam f\u0103r\u0103 cl\u0103tire pentru femei, Sim\u021bi\u021bi c\u0103 p\u0103rul dvs. are nevoie de o \u00eengrijire mai intens\u0103 dec\u00e2t v\u0103 pot oferi condi\u021bionerele sau balsamurile? Masca de p\u0103r KUNDAL Protein Bonding Care No Wash Treatment v\u0103 va completa de minute rutina de \u00eengrijire. Datorit\u0103 concentra\u021biei ridicate de substan\u021be...","og_url":"https:\/\/shopatoa.com\/ro\/kundal-protein-bonding-care-no-wash-treatment-ingrijire-leave-in-pentru-par-deteriorat-cu-parfum-violet-muguet-130-ml\/","og_site_name":"SHOPATOA","article_modified_time":"2025-12-12T00:42:46+00:00","og_image":[{"width":800,"height":800,"url":"https:\/\/storage.googleapis.com\/cz-shopatoa-img\/ro\/c8fa4279-unnamed-file.webp","type":"image\/webp"}],"twitter_card":"summary_large_image","twitter_misc":{"Timp estimat pentru citire":"2 minute"},"schema":{"@context":"https:\/\/schema.org","@graph":[{"@type":"WebPage","@id":"https:\/\/shopatoa.com\/ro\/kundal-protein-bonding-care-no-wash-treatment-ingrijire-leave-in-pentru-par-deteriorat-cu-parfum-violet-muguet-130-ml\/","url":"https:\/\/shopatoa.com\/ro\/kundal-protein-bonding-care-no-wash-treatment-ingrijire-leave-in-pentru-par-deteriorat-cu-parfum-violet-muguet-130-ml\/","name":"KUNDAL Protein Bonding Care No Wash Treatment ingrijire leave-in pentru par deteriorat cu parfum Violet Muguet 130 ml - SHOPATOA.COM","isPartOf":{"@id":"https:\/\/shopatoa.com\/ro\/#website"},"primaryImageOfPage":{"@id":"https:\/\/shopatoa.com\/ro\/kundal-protein-bonding-care-no-wash-treatment-ingrijire-leave-in-pentru-par-deteriorat-cu-parfum-violet-muguet-130-ml\/#primaryimage"},"image":{"@id":"https:\/\/shopatoa.com\/ro\/kundal-protein-bonding-care-no-wash-treatment-ingrijire-leave-in-pentru-par-deteriorat-cu-parfum-violet-muguet-130-ml\/#primaryimage"},"thumbnailUrl":"https:\/\/storage.googleapis.com\/cz-shopatoa-img\/ro\/c8fa4279-unnamed-file.webp","datePublished":"2025-06-20T22:47:10+00:00","dateModified":"2025-12-12T00:42:46+00:00","breadcrumb":{"@id":"https:\/\/shopatoa.com\/ro\/kundal-protein-bonding-care-no-wash-treatment-ingrijire-leave-in-pentru-par-deteriorat-cu-parfum-violet-muguet-130-ml\/#breadcrumb"},"inLanguage":"ro-RO","potentialAction":[{"@type":"ReadAction","target":["https:\/\/shopatoa.com\/ro\/kundal-protein-bonding-care-no-wash-treatment-ingrijire-leave-in-pentru-par-deteriorat-cu-parfum-violet-muguet-130-ml\/"]}]},{"@type":"ImageObject","inLanguage":"ro-RO","@id":"https:\/\/shopatoa.com\/ro\/kundal-protein-bonding-care-no-wash-treatment-ingrijire-leave-in-pentru-par-deteriorat-cu-parfum-violet-muguet-130-ml\/#primaryimage","url":"https:\/\/storage.googleapis.com\/cz-shopatoa-img\/ro\/c8fa4279-unnamed-file.webp","contentUrl":"https:\/\/storage.googleapis.com\/cz-shopatoa-img\/ro\/c8fa4279-unnamed-file.webp","width":800,"height":800},{"@type":"BreadcrumbList","@id":"https:\/\/shopatoa.com\/ro\/kundal-protein-bonding-care-no-wash-treatment-ingrijire-leave-in-pentru-par-deteriorat-cu-parfum-violet-muguet-130-ml\/#breadcrumb","itemListElement":[{"@type":"ListItem","position":1,"name":"Dom\u016f","item":"https:\/\/shopatoa.com\/ro\/"},{"@type":"ListItem","position":2,"name":"Shop","item":"https:\/\/shopatoa.com\/ro\/shop\/"},{"@type":"ListItem","position":3,"name":"S\u0103n\u0103tate \u0219i frumuse\u021be","item":"https:\/\/shopatoa.com\/ro\/sanatate-si-frumusete\/"},{"@type":"ListItem","position":4,"name":"\u00cengrijire personal\u0103","item":"https:\/\/shopatoa.com\/ro\/ingrijire-personala\/"},{"@type":"ListItem","position":5,"name":"Cosmetice","item":"https:\/\/shopatoa.com\/ro\/cosmetice-ingrijire-personala\/"},{"@type":"ListItem","position":6,"name":"\u00cengrijirea pielii","item":"https:\/\/shopatoa.com\/ro\/ingrijirea-pielii\/"},{"@type":"ListItem","position":7,"name":"M\u0103\u0219ti \u0219i peelings pentru ten","item":"https:\/\/shopatoa.com\/ro\/masti-si-peelings-pentru-ten\/"},{"@type":"ListItem","position":8,"name":"KUNDAL Protein Bonding Care No Wash Treatment ingrijire leave-in pentru par deteriorat cu parfum Violet Muguet 130 ml"}]},{"@type":"WebSite","@id":"https:\/\/shopatoa.com\/ro\/#website","url":"https:\/\/shopatoa.com\/ro\/","name":"SHOPATOA","description":"","publisher":{"@id":"https:\/\/shopatoa.com\/ro\/#organization"},"potentialAction":[{"@type":"SearchAction","target":{"@type":"EntryPoint","urlTemplate":"https:\/\/shopatoa.com\/ro\/?s={search_term_string}"},"query-input":{"@type":"PropertyValueSpecification","valueRequired":true,"valueName":"search_term_string"}}],"inLanguage":"ro-RO"},{"@type":"Organization","@id":"https:\/\/shopatoa.com\/ro\/#organization","name":"SHOPATOA","url":"https:\/\/shopatoa.com\/ro\/","logo":{"@type":"ImageObject","inLanguage":"ro-RO","@id":"https:\/\/shopatoa.com\/ro\/#\/schema\/logo\/image\/","url":"https:\/\/storage.googleapis.com\/cz-shopatoa-img\/ro\/b4dac915-shopatoa_logo.png","contentUrl":"https:\/\/storage.googleapis.com\/cz-shopatoa-img\/ro\/b4dac915-shopatoa_logo.png","width":416,"height":63,"caption":"SHOPATOA"},"image":{"@id":"https:\/\/shopatoa.com\/ro\/#\/schema\/logo\/image\/"}}]}},"_links":{"self":[{"href":"https:\/\/shopatoa.com\/ro\/wp-json\/wp\/v2\/product\/415184","targetHints":{"allow":["GET"]}}],"collection":[{"href":"https:\/\/shopatoa.com\/ro\/wp-json\/wp\/v2\/product"}],"about":[{"href":"https:\/\/shopatoa.com\/ro\/wp-json\/wp\/v2\/types\/product"}],"replies":[{"embeddable":true,"href":"https:\/\/shopatoa.com\/ro\/wp-json\/wp\/v2\/comments?post=415184"}],"wp:featuredmedia":[{"embeddable":true,"href":"https:\/\/shopatoa.com\/ro\/wp-json\/wp\/v2\/media\/415185"}],"wp:attachment":[{"href":"https:\/\/shopatoa.com\/ro\/wp-json\/wp\/v2\/media?parent=415184"}],"wp:term":[{"taxonomy":"product_brand","embeddable":true,"href":"https:\/\/shopatoa.com\/ro\/wp-json\/wp\/v2\/product_brand?post=415184"},{"taxonomy":"product_cat","embeddable":true,"href":"https:\/\/shopatoa.com\/ro\/wp-json\/wp\/v2\/product_cat?post=415184"},{"taxonomy":"product_tag","embeddable":true,"href":"https:\/\/shopatoa.com\/ro\/wp-json\/wp\/v2\/product_tag?post=415184"}],"curies":[{"name":"wp","href":"https:\/\/api.w.org\/{rel}","templated":true}]}}