{"id":415186,"date":"2025-06-21T00:47:10","date_gmt":"2025-06-20T22:47:10","guid":{"rendered":"https:\/\/shopatoa.com\/ro\/kundal-protein-bonding-care-hair-mist-serum-ser-de-par-fortifiant-si-regenerator-pentru-par-uscat-si-deteriorat-cu-parfum-violet-muguet-150-ml\/"},"modified":"2025-12-12T01:37:38","modified_gmt":"2025-12-12T00:37:38","slug":"kundal-protein-bonding-care-hair-mist-serum-ser-de-par-fortifiant-si-regenerator-pentru-par-uscat-si-deteriorat-cu-parfum-violet-muguet-150-ml","status":"publish","type":"product","link":"https:\/\/shopatoa.com\/ro\/kundal-protein-bonding-care-hair-mist-serum-ser-de-par-fortifiant-si-regenerator-pentru-par-uscat-si-deteriorat-cu-parfum-violet-muguet-150-ml\/","title":{"rendered":"KUNDAL Protein Bonding Care Hair Mist Serum ser de p\u0103r fortifiant \u0219i regenerator pentru p\u0103r uscat \u0219i deteriorat cu parfum Violet Muguet 150 ml"},"content":{"rendered":"<p>KUNDAL Protein Bonding Care Hair Mist Serum, 150 ml, Seruri pentru p\u0103r pentru femei, Un p\u0103r superb, de la r\u0103d\u0103cini p\u00e2n\u0103 la v\u00e2rfuri. Serul KUNDAL Protein Bonding Care \u00eengrije\u0219te perfect p\u0103rul \u0219i \u00eei ofer\u0103 o nou\u0103 via\u021b\u0103.  Caracteristici:  ofer\u0103 p\u0103rului hidratare \u0219i nutri\u021bie \u00eembun\u0103t\u0103\u021be\u0219te calitatea \u0219i structura p\u0103rului previne despicarea v\u00e2rfurilor pentru un p\u0103r frumos, str\u0103lucitor \u0219i plin de vitalitate are efect regenerator confer\u0103 o str\u0103lucire atr\u0103g\u0103toare confer\u0103 o netezime de catifea \u00eempiedic\u0103 electrizarea ofer\u0103 p\u0103rului protec\u021bie termic\u0103 regenereaz\u0103 p\u0103rul uscat, casant \u0219i deteriorat  Ingrediente:  proteine vegetale ulei de argan proteine \u2013 hr\u0103nesc, revitalizeaz\u0103 \u0219i fortific\u0103 p\u0103rul, \u00eei sporesc rezisten\u021ba la rupere \u0219i despicare, netezesc fibrele de p\u0103r \u0219i ajut\u0103 la vindecarea suprafe\u021bei lor deteriorate, ceea ce contribuie la aspectul fin \u0219i str\u0103lucitor ceramide \u2013 lipide esen\u021biale care se g\u0103sesc natural \u00een foliculii de p\u0103r, fortific\u0103 p\u0103rul, ajut\u0103 la men\u021binerea hidrat\u0103rii \u0219i integrit\u0103\u021bii acestuia ulei de cocos \u2013 fortific\u0103, hidrateaz\u0103 \u0219i sus\u021bine regenerarea p\u0103rului uscat \u0219i deteriorat, ajut\u0103 \u00een cazul v\u00e2rfurilor despicate \u0219i al cas\u0103rii, restabile\u0219te str\u0103lucirea p\u0103rului, hr\u0103ne\u0219te scalpul \u0219i amelioreaz\u0103 problema m\u0103tre\u021bii ulei de argan \u2013 hidrateaz\u0103 p\u0103rul, \u00eei confer\u0103 str\u0103lucire, ajut\u0103 la prevenirea cas\u0103rii \u0219i favorizeaz\u0103 elasticitatea  Cum se utilizeaz\u0103: Se aplic\u0103 pe p\u0103rul sp\u0103lat, pe lungime, p\u00e2n\u0103 la v\u00e2rfuri. Nu cl\u0103ti\u021bi. Apoi se aranjeaz\u0103 p\u0103rul, ca de obicei.<\/p>\n","protected":false},"excerpt":{"rendered":"<p>KUNDAL Protein Bonding Care Hair Mist Serum, 150 ml, Seruri pentru p\u0103r pentru femei, Un p\u0103r superb, de la r\u0103d\u0103cini p\u00e2n\u0103 la v\u00e2rfuri. Serul KUNDAL Protein Bonding Care \u00eengrije\u0219te perfect p\u0103rul \u0219i \u00eei ofer\u0103 o nou\u0103 via\u021b\u0103. Caracteristici: ofer\u0103 p\u0103rului hidratare \u0219i nutri\u021bie \u00eembun\u0103t\u0103\u021be\u0219te calitatea \u0219i structura p\u0103rului previne despicarea v\u00e2rfurilor pentru un p\u0103r frumos,&#8230;<\/p>\n","protected":false},"featured_media":415187,"comment_status":"closed","ping_status":"open","template":"","meta":{"_acf_changed":false,"_kadence_starter_templates_imported_post":false,"_kad_post_transparent":"","_kad_post_title":"","_kad_post_layout":"","_kad_post_sidebar_id":"","_kad_post_content_style":"","_kad_post_vertical_padding":"","_kad_post_feature":"","_kad_post_feature_position":"","_kad_post_header":false,"_kad_post_footer":false,"_kad_post_classname":""},"product_brand":[2321],"product_cat":[1563,1590,1562],"product_tag":[],"class_list":{"0":"post-415186","1":"product","2":"type-product","3":"status-publish","4":"has-post-thumbnail","6":"product_brand-kundal","7":"product_cat-ingrijire-personala","8":"product_cat-ingrijirea-parului","9":"product_cat-sanatate-si-frumusete","10":"pa_gen-female","11":"pa_marime-150-ml","13":"first","14":"instock","15":"sale","16":"product-type-external","17":"entry","18":"content-bg","19":"loop-entry"},"acf":[],"yoast_head":"<!-- This site is optimized with the Yoast SEO plugin v27.4 - https:\/\/yoast.com\/product\/yoast-seo-wordpress\/ -->\n<title>KUNDAL Protein Bonding Care Hair Mist Serum ser de p\u0103r fortifiant \u0219i regenerator pentru p\u0103r uscat \u0219i deteriorat cu parfum Violet Muguet 150 ml - SHOPATOA.COM<\/title>\n<meta name=\"robots\" content=\"index, follow, max-snippet:-1, max-image-preview:large, max-video-preview:-1\" \/>\n<link rel=\"canonical\" href=\"https:\/\/shopatoa.com\/ro\/kundal-protein-bonding-care-hair-mist-serum-ser-de-par-fortifiant-si-regenerator-pentru-par-uscat-si-deteriorat-cu-parfum-violet-muguet-150-ml\/\" \/>\n<meta property=\"og:locale\" content=\"ro_RO\" \/>\n<meta property=\"og:type\" content=\"article\" \/>\n<meta property=\"og:title\" content=\"KUNDAL Protein Bonding Care Hair Mist Serum ser de p\u0103r fortifiant \u0219i regenerator pentru p\u0103r uscat \u0219i deteriorat cu parfum Violet Muguet 150 ml - SHOPATOA.COM\" \/>\n<meta property=\"og:description\" content=\"KUNDAL Protein Bonding Care Hair Mist Serum, 150 ml, Seruri pentru p\u0103r pentru femei, Un p\u0103r superb, de la r\u0103d\u0103cini p\u00e2n\u0103 la v\u00e2rfuri. Serul KUNDAL Protein Bonding Care \u00eengrije\u0219te perfect p\u0103rul \u0219i \u00eei ofer\u0103 o nou\u0103 via\u021b\u0103. Caracteristici: ofer\u0103 p\u0103rului hidratare \u0219i nutri\u021bie \u00eembun\u0103t\u0103\u021be\u0219te calitatea \u0219i structura p\u0103rului previne despicarea v\u00e2rfurilor pentru un p\u0103r frumos,...\" \/>\n<meta property=\"og:url\" content=\"https:\/\/shopatoa.com\/ro\/kundal-protein-bonding-care-hair-mist-serum-ser-de-par-fortifiant-si-regenerator-pentru-par-uscat-si-deteriorat-cu-parfum-violet-muguet-150-ml\/\" \/>\n<meta property=\"og:site_name\" content=\"SHOPATOA\" \/>\n<meta property=\"article:modified_time\" content=\"2025-12-12T00:37:38+00:00\" \/>\n<meta property=\"og:image\" content=\"https:\/\/storage.googleapis.com\/cz-shopatoa-img\/ro\/52ecd905-unnamed-file.webp\" \/>\n\t<meta property=\"og:image:width\" content=\"800\" \/>\n\t<meta property=\"og:image:height\" content=\"800\" \/>\n\t<meta property=\"og:image:type\" content=\"image\/webp\" \/>\n<meta name=\"twitter:card\" content=\"summary_large_image\" \/>\n<meta name=\"twitter:label1\" content=\"Timp estimat pentru citire\" \/>\n\t<meta name=\"twitter:data1\" content=\"1 minut\" \/>\n<script type=\"application\/ld+json\" class=\"yoast-schema-graph\">{\"@context\":\"https:\\\/\\\/schema.org\",\"@graph\":[{\"@type\":\"WebPage\",\"@id\":\"https:\\\/\\\/shopatoa.com\\\/ro\\\/kundal-protein-bonding-care-hair-mist-serum-ser-de-par-fortifiant-si-regenerator-pentru-par-uscat-si-deteriorat-cu-parfum-violet-muguet-150-ml\\\/\",\"url\":\"https:\\\/\\\/shopatoa.com\\\/ro\\\/kundal-protein-bonding-care-hair-mist-serum-ser-de-par-fortifiant-si-regenerator-pentru-par-uscat-si-deteriorat-cu-parfum-violet-muguet-150-ml\\\/\",\"name\":\"KUNDAL Protein Bonding Care Hair Mist Serum ser de p\u0103r fortifiant \u0219i regenerator pentru p\u0103r uscat \u0219i deteriorat cu parfum Violet Muguet 150 ml - SHOPATOA.COM\",\"isPartOf\":{\"@id\":\"https:\\\/\\\/shopatoa.com\\\/ro\\\/#website\"},\"primaryImageOfPage\":{\"@id\":\"https:\\\/\\\/shopatoa.com\\\/ro\\\/kundal-protein-bonding-care-hair-mist-serum-ser-de-par-fortifiant-si-regenerator-pentru-par-uscat-si-deteriorat-cu-parfum-violet-muguet-150-ml\\\/#primaryimage\"},\"image\":{\"@id\":\"https:\\\/\\\/shopatoa.com\\\/ro\\\/kundal-protein-bonding-care-hair-mist-serum-ser-de-par-fortifiant-si-regenerator-pentru-par-uscat-si-deteriorat-cu-parfum-violet-muguet-150-ml\\\/#primaryimage\"},\"thumbnailUrl\":\"https:\\\/\\\/storage.googleapis.com\\\/cz-shopatoa-img\\\/ro\\\/52ecd905-unnamed-file.webp\",\"datePublished\":\"2025-06-20T22:47:10+00:00\",\"dateModified\":\"2025-12-12T00:37:38+00:00\",\"breadcrumb\":{\"@id\":\"https:\\\/\\\/shopatoa.com\\\/ro\\\/kundal-protein-bonding-care-hair-mist-serum-ser-de-par-fortifiant-si-regenerator-pentru-par-uscat-si-deteriorat-cu-parfum-violet-muguet-150-ml\\\/#breadcrumb\"},\"inLanguage\":\"ro-RO\",\"potentialAction\":[{\"@type\":\"ReadAction\",\"target\":[\"https:\\\/\\\/shopatoa.com\\\/ro\\\/kundal-protein-bonding-care-hair-mist-serum-ser-de-par-fortifiant-si-regenerator-pentru-par-uscat-si-deteriorat-cu-parfum-violet-muguet-150-ml\\\/\"]}]},{\"@type\":\"ImageObject\",\"inLanguage\":\"ro-RO\",\"@id\":\"https:\\\/\\\/shopatoa.com\\\/ro\\\/kundal-protein-bonding-care-hair-mist-serum-ser-de-par-fortifiant-si-regenerator-pentru-par-uscat-si-deteriorat-cu-parfum-violet-muguet-150-ml\\\/#primaryimage\",\"url\":\"https:\\\/\\\/storage.googleapis.com\\\/cz-shopatoa-img\\\/ro\\\/52ecd905-unnamed-file.webp\",\"contentUrl\":\"https:\\\/\\\/storage.googleapis.com\\\/cz-shopatoa-img\\\/ro\\\/52ecd905-unnamed-file.webp\",\"width\":800,\"height\":800},{\"@type\":\"BreadcrumbList\",\"@id\":\"https:\\\/\\\/shopatoa.com\\\/ro\\\/kundal-protein-bonding-care-hair-mist-serum-ser-de-par-fortifiant-si-regenerator-pentru-par-uscat-si-deteriorat-cu-parfum-violet-muguet-150-ml\\\/#breadcrumb\",\"itemListElement\":[{\"@type\":\"ListItem\",\"position\":1,\"name\":\"Dom\u016f\",\"item\":\"https:\\\/\\\/shopatoa.com\\\/ro\\\/\"},{\"@type\":\"ListItem\",\"position\":2,\"name\":\"Shop\",\"item\":\"https:\\\/\\\/shopatoa.com\\\/ro\\\/shop\\\/\"},{\"@type\":\"ListItem\",\"position\":3,\"name\":\"S\u0103n\u0103tate \u0219i frumuse\u021be\",\"item\":\"https:\\\/\\\/shopatoa.com\\\/ro\\\/sanatate-si-frumusete\\\/\"},{\"@type\":\"ListItem\",\"position\":4,\"name\":\"\u00cengrijire personal\u0103\",\"item\":\"https:\\\/\\\/shopatoa.com\\\/ro\\\/ingrijire-personala\\\/\"},{\"@type\":\"ListItem\",\"position\":5,\"name\":\"\u00cengrijirea p\u0103rului\",\"item\":\"https:\\\/\\\/shopatoa.com\\\/ro\\\/ingrijirea-parului\\\/\"},{\"@type\":\"ListItem\",\"position\":6,\"name\":\"KUNDAL Protein Bonding Care Hair Mist Serum ser de p\u0103r fortifiant \u0219i regenerator pentru p\u0103r uscat \u0219i deteriorat cu parfum Violet Muguet 150 ml\"}]},{\"@type\":\"WebSite\",\"@id\":\"https:\\\/\\\/shopatoa.com\\\/ro\\\/#website\",\"url\":\"https:\\\/\\\/shopatoa.com\\\/ro\\\/\",\"name\":\"SHOPATOA\",\"description\":\"\",\"publisher\":{\"@id\":\"https:\\\/\\\/shopatoa.com\\\/ro\\\/#organization\"},\"potentialAction\":[{\"@type\":\"SearchAction\",\"target\":{\"@type\":\"EntryPoint\",\"urlTemplate\":\"https:\\\/\\\/shopatoa.com\\\/ro\\\/?s={search_term_string}\"},\"query-input\":{\"@type\":\"PropertyValueSpecification\",\"valueRequired\":true,\"valueName\":\"search_term_string\"}}],\"inLanguage\":\"ro-RO\"},{\"@type\":\"Organization\",\"@id\":\"https:\\\/\\\/shopatoa.com\\\/ro\\\/#organization\",\"name\":\"SHOPATOA\",\"url\":\"https:\\\/\\\/shopatoa.com\\\/ro\\\/\",\"logo\":{\"@type\":\"ImageObject\",\"inLanguage\":\"ro-RO\",\"@id\":\"https:\\\/\\\/shopatoa.com\\\/ro\\\/#\\\/schema\\\/logo\\\/image\\\/\",\"url\":\"https:\\\/\\\/storage.googleapis.com\\\/cz-shopatoa-img\\\/ro\\\/b4dac915-shopatoa_logo.png\",\"contentUrl\":\"https:\\\/\\\/storage.googleapis.com\\\/cz-shopatoa-img\\\/ro\\\/b4dac915-shopatoa_logo.png\",\"width\":416,\"height\":63,\"caption\":\"SHOPATOA\"},\"image\":{\"@id\":\"https:\\\/\\\/shopatoa.com\\\/ro\\\/#\\\/schema\\\/logo\\\/image\\\/\"}}]}<\/script>\n<!-- \/ Yoast SEO plugin. -->","yoast_head_json":{"title":"KUNDAL Protein Bonding Care Hair Mist Serum ser de p\u0103r fortifiant \u0219i regenerator pentru p\u0103r uscat \u0219i deteriorat cu parfum Violet Muguet 150 ml - SHOPATOA.COM","robots":{"index":"index","follow":"follow","max-snippet":"max-snippet:-1","max-image-preview":"max-image-preview:large","max-video-preview":"max-video-preview:-1"},"canonical":"https:\/\/shopatoa.com\/ro\/kundal-protein-bonding-care-hair-mist-serum-ser-de-par-fortifiant-si-regenerator-pentru-par-uscat-si-deteriorat-cu-parfum-violet-muguet-150-ml\/","og_locale":"ro_RO","og_type":"article","og_title":"KUNDAL Protein Bonding Care Hair Mist Serum ser de p\u0103r fortifiant \u0219i regenerator pentru p\u0103r uscat \u0219i deteriorat cu parfum Violet Muguet 150 ml - SHOPATOA.COM","og_description":"KUNDAL Protein Bonding Care Hair Mist Serum, 150 ml, Seruri pentru p\u0103r pentru femei, Un p\u0103r superb, de la r\u0103d\u0103cini p\u00e2n\u0103 la v\u00e2rfuri. Serul KUNDAL Protein Bonding Care \u00eengrije\u0219te perfect p\u0103rul \u0219i \u00eei ofer\u0103 o nou\u0103 via\u021b\u0103. Caracteristici: ofer\u0103 p\u0103rului hidratare \u0219i nutri\u021bie \u00eembun\u0103t\u0103\u021be\u0219te calitatea \u0219i structura p\u0103rului previne despicarea v\u00e2rfurilor pentru un p\u0103r frumos,...","og_url":"https:\/\/shopatoa.com\/ro\/kundal-protein-bonding-care-hair-mist-serum-ser-de-par-fortifiant-si-regenerator-pentru-par-uscat-si-deteriorat-cu-parfum-violet-muguet-150-ml\/","og_site_name":"SHOPATOA","article_modified_time":"2025-12-12T00:37:38+00:00","og_image":[{"width":800,"height":800,"url":"https:\/\/storage.googleapis.com\/cz-shopatoa-img\/ro\/52ecd905-unnamed-file.webp","type":"image\/webp"}],"twitter_card":"summary_large_image","twitter_misc":{"Timp estimat pentru citire":"1 minut"},"schema":{"@context":"https:\/\/schema.org","@graph":[{"@type":"WebPage","@id":"https:\/\/shopatoa.com\/ro\/kundal-protein-bonding-care-hair-mist-serum-ser-de-par-fortifiant-si-regenerator-pentru-par-uscat-si-deteriorat-cu-parfum-violet-muguet-150-ml\/","url":"https:\/\/shopatoa.com\/ro\/kundal-protein-bonding-care-hair-mist-serum-ser-de-par-fortifiant-si-regenerator-pentru-par-uscat-si-deteriorat-cu-parfum-violet-muguet-150-ml\/","name":"KUNDAL Protein Bonding Care Hair Mist Serum ser de p\u0103r fortifiant \u0219i regenerator pentru p\u0103r uscat \u0219i deteriorat cu parfum Violet Muguet 150 ml - SHOPATOA.COM","isPartOf":{"@id":"https:\/\/shopatoa.com\/ro\/#website"},"primaryImageOfPage":{"@id":"https:\/\/shopatoa.com\/ro\/kundal-protein-bonding-care-hair-mist-serum-ser-de-par-fortifiant-si-regenerator-pentru-par-uscat-si-deteriorat-cu-parfum-violet-muguet-150-ml\/#primaryimage"},"image":{"@id":"https:\/\/shopatoa.com\/ro\/kundal-protein-bonding-care-hair-mist-serum-ser-de-par-fortifiant-si-regenerator-pentru-par-uscat-si-deteriorat-cu-parfum-violet-muguet-150-ml\/#primaryimage"},"thumbnailUrl":"https:\/\/storage.googleapis.com\/cz-shopatoa-img\/ro\/52ecd905-unnamed-file.webp","datePublished":"2025-06-20T22:47:10+00:00","dateModified":"2025-12-12T00:37:38+00:00","breadcrumb":{"@id":"https:\/\/shopatoa.com\/ro\/kundal-protein-bonding-care-hair-mist-serum-ser-de-par-fortifiant-si-regenerator-pentru-par-uscat-si-deteriorat-cu-parfum-violet-muguet-150-ml\/#breadcrumb"},"inLanguage":"ro-RO","potentialAction":[{"@type":"ReadAction","target":["https:\/\/shopatoa.com\/ro\/kundal-protein-bonding-care-hair-mist-serum-ser-de-par-fortifiant-si-regenerator-pentru-par-uscat-si-deteriorat-cu-parfum-violet-muguet-150-ml\/"]}]},{"@type":"ImageObject","inLanguage":"ro-RO","@id":"https:\/\/shopatoa.com\/ro\/kundal-protein-bonding-care-hair-mist-serum-ser-de-par-fortifiant-si-regenerator-pentru-par-uscat-si-deteriorat-cu-parfum-violet-muguet-150-ml\/#primaryimage","url":"https:\/\/storage.googleapis.com\/cz-shopatoa-img\/ro\/52ecd905-unnamed-file.webp","contentUrl":"https:\/\/storage.googleapis.com\/cz-shopatoa-img\/ro\/52ecd905-unnamed-file.webp","width":800,"height":800},{"@type":"BreadcrumbList","@id":"https:\/\/shopatoa.com\/ro\/kundal-protein-bonding-care-hair-mist-serum-ser-de-par-fortifiant-si-regenerator-pentru-par-uscat-si-deteriorat-cu-parfum-violet-muguet-150-ml\/#breadcrumb","itemListElement":[{"@type":"ListItem","position":1,"name":"Dom\u016f","item":"https:\/\/shopatoa.com\/ro\/"},{"@type":"ListItem","position":2,"name":"Shop","item":"https:\/\/shopatoa.com\/ro\/shop\/"},{"@type":"ListItem","position":3,"name":"S\u0103n\u0103tate \u0219i frumuse\u021be","item":"https:\/\/shopatoa.com\/ro\/sanatate-si-frumusete\/"},{"@type":"ListItem","position":4,"name":"\u00cengrijire personal\u0103","item":"https:\/\/shopatoa.com\/ro\/ingrijire-personala\/"},{"@type":"ListItem","position":5,"name":"\u00cengrijirea p\u0103rului","item":"https:\/\/shopatoa.com\/ro\/ingrijirea-parului\/"},{"@type":"ListItem","position":6,"name":"KUNDAL Protein Bonding Care Hair Mist Serum ser de p\u0103r fortifiant \u0219i regenerator pentru p\u0103r uscat \u0219i deteriorat cu parfum Violet Muguet 150 ml"}]},{"@type":"WebSite","@id":"https:\/\/shopatoa.com\/ro\/#website","url":"https:\/\/shopatoa.com\/ro\/","name":"SHOPATOA","description":"","publisher":{"@id":"https:\/\/shopatoa.com\/ro\/#organization"},"potentialAction":[{"@type":"SearchAction","target":{"@type":"EntryPoint","urlTemplate":"https:\/\/shopatoa.com\/ro\/?s={search_term_string}"},"query-input":{"@type":"PropertyValueSpecification","valueRequired":true,"valueName":"search_term_string"}}],"inLanguage":"ro-RO"},{"@type":"Organization","@id":"https:\/\/shopatoa.com\/ro\/#organization","name":"SHOPATOA","url":"https:\/\/shopatoa.com\/ro\/","logo":{"@type":"ImageObject","inLanguage":"ro-RO","@id":"https:\/\/shopatoa.com\/ro\/#\/schema\/logo\/image\/","url":"https:\/\/storage.googleapis.com\/cz-shopatoa-img\/ro\/b4dac915-shopatoa_logo.png","contentUrl":"https:\/\/storage.googleapis.com\/cz-shopatoa-img\/ro\/b4dac915-shopatoa_logo.png","width":416,"height":63,"caption":"SHOPATOA"},"image":{"@id":"https:\/\/shopatoa.com\/ro\/#\/schema\/logo\/image\/"}}]}},"_links":{"self":[{"href":"https:\/\/shopatoa.com\/ro\/wp-json\/wp\/v2\/product\/415186","targetHints":{"allow":["GET"]}}],"collection":[{"href":"https:\/\/shopatoa.com\/ro\/wp-json\/wp\/v2\/product"}],"about":[{"href":"https:\/\/shopatoa.com\/ro\/wp-json\/wp\/v2\/types\/product"}],"replies":[{"embeddable":true,"href":"https:\/\/shopatoa.com\/ro\/wp-json\/wp\/v2\/comments?post=415186"}],"wp:featuredmedia":[{"embeddable":true,"href":"https:\/\/shopatoa.com\/ro\/wp-json\/wp\/v2\/media\/415187"}],"wp:attachment":[{"href":"https:\/\/shopatoa.com\/ro\/wp-json\/wp\/v2\/media?parent=415186"}],"wp:term":[{"taxonomy":"product_brand","embeddable":true,"href":"https:\/\/shopatoa.com\/ro\/wp-json\/wp\/v2\/product_brand?post=415186"},{"taxonomy":"product_cat","embeddable":true,"href":"https:\/\/shopatoa.com\/ro\/wp-json\/wp\/v2\/product_cat?post=415186"},{"taxonomy":"product_tag","embeddable":true,"href":"https:\/\/shopatoa.com\/ro\/wp-json\/wp\/v2\/product_tag?post=415186"}],"curies":[{"name":"wp","href":"https:\/\/api.w.org\/{rel}","templated":true}]}}