{"id":415218,"date":"2025-06-21T00:48:58","date_gmt":"2025-06-20T22:48:58","guid":{"rendered":"https:\/\/shopatoa.com\/ro\/aery-green-bamboo-amber-sapun-lichid-pentru-maini-300-ml\/"},"modified":"2025-12-12T01:37:08","modified_gmt":"2025-12-12T00:37:08","slug":"aery-green-bamboo-amber-sapun-lichid-pentru-maini-300-ml","status":"publish","type":"product","link":"https:\/\/shopatoa.com\/ro\/aery-green-bamboo-amber-sapun-lichid-pentru-maini-300-ml\/","title":{"rendered":"Aery Green Bamboo Amber S\u0103pun lichid pentru m\u00e2ini 300 ml"},"content":{"rendered":"<p>Aery Green Bamboo Amber, 300 ml, Sapunuri lichid pentru femei, Sp\u0103larea regulat\u0103 a m\u00e2inilor, \u00een special \u00eenainte de mas\u0103, dup\u0103 toalet\u0103 sau dup\u0103 revenirea de afar\u0103, este esen\u021bial\u0103 pentru men\u021binerea unei igiene corecte. S\u0103punul lichid Aery \u00eendep\u0103rteaz\u0103 delicat, dar eficient, impurit\u0103\u021bile de pe pielea m\u00e2inilor, l\u0103s\u00e2nd-o \u00een acela\u0219i timp m\u0103t\u0103soas\u0103 \u0219i catifelat\u0103 la atingere. Prin metoda de aplicare, este, \u00een plus, mai igienic, \u00een compara\u021bie cu s\u0103punurile solide obi\u0219nuite.  Caracteristici:  \u00eendep\u0103rteaz\u0103 impurit\u0103\u021bile \u0219i bacteriile protejeaz\u0103 m\u00e2inile \u00eempotriva \u00eemb\u0103tr\u00e2nirii premature miroase pl\u0103cut  Ingrediente:  con\u021bine cel pu\u021bin 98 % ingrediente de origine natural\u0103 produs vegan  Cum se utilizeaz\u0103: Se aplic\u0103 \u00een orice moment, \u00een timpul zilei.<\/p>\n","protected":false},"excerpt":{"rendered":"<p>Aery Green Bamboo Amber, 300 ml, Sapunuri lichid pentru femei, Sp\u0103larea regulat\u0103 a m\u00e2inilor, \u00een special \u00eenainte de mas\u0103, dup\u0103 toalet\u0103 sau dup\u0103 revenirea de afar\u0103, este esen\u021bial\u0103 pentru men\u021binerea unei igiene corecte. S\u0103punul lichid Aery \u00eendep\u0103rteaz\u0103 delicat, dar eficient, impurit\u0103\u021bile de pe pielea m\u00e2inilor, l\u0103s\u00e2nd-o \u00een acela\u0219i timp m\u0103t\u0103soas\u0103 \u0219i catifelat\u0103 la atingere. Prin&#8230;<\/p>\n","protected":false},"featured_media":415219,"comment_status":"closed","ping_status":"open","template":"","meta":{"_acf_changed":false,"_kadence_starter_templates_imported_post":false,"_kad_post_transparent":"","_kad_post_title":"","_kad_post_layout":"","_kad_post_sidebar_id":"","_kad_post_content_style":"","_kad_post_vertical_padding":"","_kad_post_feature":"","_kad_post_feature_position":"","_kad_post_header":false,"_kad_post_footer":false,"_kad_post_classname":""},"product_brand":[2499],"product_cat":[1570,1564,1563,1562,1811],"product_tag":[],"class_list":{"0":"post-415218","1":"product","2":"type-product","3":"status-publish","4":"has-post-thumbnail","6":"product_brand-aery","7":"product_cat-baie-si-corp","8":"product_cat-cosmetice-ingrijire-personala","9":"product_cat-ingrijire-personala","10":"product_cat-sanatate-si-frumusete","11":"product_cat-sapun-lichid-de-mana","12":"pa_gen-female","13":"pa_marime-300-ml","15":"first","16":"instock","17":"sale","18":"product-type-external","19":"entry","20":"content-bg","21":"loop-entry"},"acf":[],"yoast_head":"<!-- This site is optimized with the Yoast SEO plugin v27.3 - https:\/\/yoast.com\/product\/yoast-seo-wordpress\/ -->\n<title>Aery Green Bamboo Amber S\u0103pun lichid pentru m\u00e2ini 300 ml - SHOPATOA.COM<\/title>\n<meta name=\"robots\" content=\"index, follow, max-snippet:-1, max-image-preview:large, max-video-preview:-1\" \/>\n<link rel=\"canonical\" href=\"https:\/\/shopatoa.com\/ro\/aery-green-bamboo-amber-sapun-lichid-pentru-maini-300-ml\/\" \/>\n<meta property=\"og:locale\" content=\"ro_RO\" \/>\n<meta property=\"og:type\" content=\"article\" \/>\n<meta property=\"og:title\" content=\"Aery Green Bamboo Amber S\u0103pun lichid pentru m\u00e2ini 300 ml - SHOPATOA.COM\" \/>\n<meta property=\"og:description\" content=\"Aery Green Bamboo Amber, 300 ml, Sapunuri lichid pentru femei, Sp\u0103larea regulat\u0103 a m\u00e2inilor, \u00een special \u00eenainte de mas\u0103, dup\u0103 toalet\u0103 sau dup\u0103 revenirea de afar\u0103, este esen\u021bial\u0103 pentru men\u021binerea unei igiene corecte. S\u0103punul lichid Aery \u00eendep\u0103rteaz\u0103 delicat, dar eficient, impurit\u0103\u021bile de pe pielea m\u00e2inilor, l\u0103s\u00e2nd-o \u00een acela\u0219i timp m\u0103t\u0103soas\u0103 \u0219i catifelat\u0103 la atingere. Prin...\" \/>\n<meta property=\"og:url\" content=\"https:\/\/shopatoa.com\/ro\/aery-green-bamboo-amber-sapun-lichid-pentru-maini-300-ml\/\" \/>\n<meta property=\"og:site_name\" content=\"SHOPATOA\" \/>\n<meta property=\"article:modified_time\" content=\"2025-12-12T00:37:08+00:00\" \/>\n<meta property=\"og:image\" content=\"https:\/\/storage.googleapis.com\/cz-shopatoa-img\/ro\/53b5152c-unnamed-file.webp\" \/>\n\t<meta property=\"og:image:width\" content=\"800\" \/>\n\t<meta property=\"og:image:height\" content=\"800\" \/>\n\t<meta property=\"og:image:type\" content=\"image\/webp\" \/>\n<meta name=\"twitter:card\" content=\"summary_large_image\" \/>\n<meta name=\"twitter:label1\" content=\"Timp estimat pentru citire\" \/>\n\t<meta name=\"twitter:data1\" content=\"1 minut\" \/>\n<script type=\"application\/ld+json\" class=\"yoast-schema-graph\">{\"@context\":\"https:\\\/\\\/schema.org\",\"@graph\":[{\"@type\":\"WebPage\",\"@id\":\"https:\\\/\\\/shopatoa.com\\\/ro\\\/aery-green-bamboo-amber-sapun-lichid-pentru-maini-300-ml\\\/\",\"url\":\"https:\\\/\\\/shopatoa.com\\\/ro\\\/aery-green-bamboo-amber-sapun-lichid-pentru-maini-300-ml\\\/\",\"name\":\"Aery Green Bamboo Amber S\u0103pun lichid pentru m\u00e2ini 300 ml - SHOPATOA.COM\",\"isPartOf\":{\"@id\":\"https:\\\/\\\/shopatoa.com\\\/ro\\\/#website\"},\"primaryImageOfPage\":{\"@id\":\"https:\\\/\\\/shopatoa.com\\\/ro\\\/aery-green-bamboo-amber-sapun-lichid-pentru-maini-300-ml\\\/#primaryimage\"},\"image\":{\"@id\":\"https:\\\/\\\/shopatoa.com\\\/ro\\\/aery-green-bamboo-amber-sapun-lichid-pentru-maini-300-ml\\\/#primaryimage\"},\"thumbnailUrl\":\"https:\\\/\\\/storage.googleapis.com\\\/cz-shopatoa-img\\\/ro\\\/53b5152c-unnamed-file.webp\",\"datePublished\":\"2025-06-20T22:48:58+00:00\",\"dateModified\":\"2025-12-12T00:37:08+00:00\",\"breadcrumb\":{\"@id\":\"https:\\\/\\\/shopatoa.com\\\/ro\\\/aery-green-bamboo-amber-sapun-lichid-pentru-maini-300-ml\\\/#breadcrumb\"},\"inLanguage\":\"ro-RO\",\"potentialAction\":[{\"@type\":\"ReadAction\",\"target\":[\"https:\\\/\\\/shopatoa.com\\\/ro\\\/aery-green-bamboo-amber-sapun-lichid-pentru-maini-300-ml\\\/\"]}]},{\"@type\":\"ImageObject\",\"inLanguage\":\"ro-RO\",\"@id\":\"https:\\\/\\\/shopatoa.com\\\/ro\\\/aery-green-bamboo-amber-sapun-lichid-pentru-maini-300-ml\\\/#primaryimage\",\"url\":\"https:\\\/\\\/storage.googleapis.com\\\/cz-shopatoa-img\\\/ro\\\/53b5152c-unnamed-file.webp\",\"contentUrl\":\"https:\\\/\\\/storage.googleapis.com\\\/cz-shopatoa-img\\\/ro\\\/53b5152c-unnamed-file.webp\",\"width\":800,\"height\":800},{\"@type\":\"BreadcrumbList\",\"@id\":\"https:\\\/\\\/shopatoa.com\\\/ro\\\/aery-green-bamboo-amber-sapun-lichid-pentru-maini-300-ml\\\/#breadcrumb\",\"itemListElement\":[{\"@type\":\"ListItem\",\"position\":1,\"name\":\"Dom\u016f\",\"item\":\"https:\\\/\\\/shopatoa.com\\\/ro\\\/\"},{\"@type\":\"ListItem\",\"position\":2,\"name\":\"Shop\",\"item\":\"https:\\\/\\\/shopatoa.com\\\/ro\\\/shop\\\/\"},{\"@type\":\"ListItem\",\"position\":3,\"name\":\"S\u0103n\u0103tate \u0219i frumuse\u021be\",\"item\":\"https:\\\/\\\/shopatoa.com\\\/ro\\\/sanatate-si-frumusete\\\/\"},{\"@type\":\"ListItem\",\"position\":4,\"name\":\"\u00cengrijire personal\u0103\",\"item\":\"https:\\\/\\\/shopatoa.com\\\/ro\\\/ingrijire-personala\\\/\"},{\"@type\":\"ListItem\",\"position\":5,\"name\":\"Cosmetice\",\"item\":\"https:\\\/\\\/shopatoa.com\\\/ro\\\/cosmetice-ingrijire-personala\\\/\"},{\"@type\":\"ListItem\",\"position\":6,\"name\":\"Baie \u0219i corp\",\"item\":\"https:\\\/\\\/shopatoa.com\\\/ro\\\/baie-si-corp\\\/\"},{\"@type\":\"ListItem\",\"position\":7,\"name\":\"S\u0103pun lichid de m\u00e2n\u0103\",\"item\":\"https:\\\/\\\/shopatoa.com\\\/ro\\\/sapun-lichid-de-mana\\\/\"},{\"@type\":\"ListItem\",\"position\":8,\"name\":\"Aery Green Bamboo Amber S\u0103pun lichid pentru m\u00e2ini 300 ml\"}]},{\"@type\":\"WebSite\",\"@id\":\"https:\\\/\\\/shopatoa.com\\\/ro\\\/#website\",\"url\":\"https:\\\/\\\/shopatoa.com\\\/ro\\\/\",\"name\":\"SHOPATOA\",\"description\":\"\",\"publisher\":{\"@id\":\"https:\\\/\\\/shopatoa.com\\\/ro\\\/#organization\"},\"potentialAction\":[{\"@type\":\"SearchAction\",\"target\":{\"@type\":\"EntryPoint\",\"urlTemplate\":\"https:\\\/\\\/shopatoa.com\\\/ro\\\/?s={search_term_string}\"},\"query-input\":{\"@type\":\"PropertyValueSpecification\",\"valueRequired\":true,\"valueName\":\"search_term_string\"}}],\"inLanguage\":\"ro-RO\"},{\"@type\":\"Organization\",\"@id\":\"https:\\\/\\\/shopatoa.com\\\/ro\\\/#organization\",\"name\":\"SHOPATOA\",\"url\":\"https:\\\/\\\/shopatoa.com\\\/ro\\\/\",\"logo\":{\"@type\":\"ImageObject\",\"inLanguage\":\"ro-RO\",\"@id\":\"https:\\\/\\\/shopatoa.com\\\/ro\\\/#\\\/schema\\\/logo\\\/image\\\/\",\"url\":\"https:\\\/\\\/storage.googleapis.com\\\/cz-shopatoa-img\\\/ro\\\/b4dac915-shopatoa_logo.png\",\"contentUrl\":\"https:\\\/\\\/storage.googleapis.com\\\/cz-shopatoa-img\\\/ro\\\/b4dac915-shopatoa_logo.png\",\"width\":416,\"height\":63,\"caption\":\"SHOPATOA\"},\"image\":{\"@id\":\"https:\\\/\\\/shopatoa.com\\\/ro\\\/#\\\/schema\\\/logo\\\/image\\\/\"}}]}<\/script>\n<!-- \/ Yoast SEO plugin. -->","yoast_head_json":{"title":"Aery Green Bamboo Amber S\u0103pun lichid pentru m\u00e2ini 300 ml - SHOPATOA.COM","robots":{"index":"index","follow":"follow","max-snippet":"max-snippet:-1","max-image-preview":"max-image-preview:large","max-video-preview":"max-video-preview:-1"},"canonical":"https:\/\/shopatoa.com\/ro\/aery-green-bamboo-amber-sapun-lichid-pentru-maini-300-ml\/","og_locale":"ro_RO","og_type":"article","og_title":"Aery Green Bamboo Amber S\u0103pun lichid pentru m\u00e2ini 300 ml - SHOPATOA.COM","og_description":"Aery Green Bamboo Amber, 300 ml, Sapunuri lichid pentru femei, Sp\u0103larea regulat\u0103 a m\u00e2inilor, \u00een special \u00eenainte de mas\u0103, dup\u0103 toalet\u0103 sau dup\u0103 revenirea de afar\u0103, este esen\u021bial\u0103 pentru men\u021binerea unei igiene corecte. S\u0103punul lichid Aery \u00eendep\u0103rteaz\u0103 delicat, dar eficient, impurit\u0103\u021bile de pe pielea m\u00e2inilor, l\u0103s\u00e2nd-o \u00een acela\u0219i timp m\u0103t\u0103soas\u0103 \u0219i catifelat\u0103 la atingere. Prin...","og_url":"https:\/\/shopatoa.com\/ro\/aery-green-bamboo-amber-sapun-lichid-pentru-maini-300-ml\/","og_site_name":"SHOPATOA","article_modified_time":"2025-12-12T00:37:08+00:00","og_image":[{"width":800,"height":800,"url":"https:\/\/storage.googleapis.com\/cz-shopatoa-img\/ro\/53b5152c-unnamed-file.webp","type":"image\/webp"}],"twitter_card":"summary_large_image","twitter_misc":{"Timp estimat pentru citire":"1 minut"},"schema":{"@context":"https:\/\/schema.org","@graph":[{"@type":"WebPage","@id":"https:\/\/shopatoa.com\/ro\/aery-green-bamboo-amber-sapun-lichid-pentru-maini-300-ml\/","url":"https:\/\/shopatoa.com\/ro\/aery-green-bamboo-amber-sapun-lichid-pentru-maini-300-ml\/","name":"Aery Green Bamboo Amber S\u0103pun lichid pentru m\u00e2ini 300 ml - SHOPATOA.COM","isPartOf":{"@id":"https:\/\/shopatoa.com\/ro\/#website"},"primaryImageOfPage":{"@id":"https:\/\/shopatoa.com\/ro\/aery-green-bamboo-amber-sapun-lichid-pentru-maini-300-ml\/#primaryimage"},"image":{"@id":"https:\/\/shopatoa.com\/ro\/aery-green-bamboo-amber-sapun-lichid-pentru-maini-300-ml\/#primaryimage"},"thumbnailUrl":"https:\/\/storage.googleapis.com\/cz-shopatoa-img\/ro\/53b5152c-unnamed-file.webp","datePublished":"2025-06-20T22:48:58+00:00","dateModified":"2025-12-12T00:37:08+00:00","breadcrumb":{"@id":"https:\/\/shopatoa.com\/ro\/aery-green-bamboo-amber-sapun-lichid-pentru-maini-300-ml\/#breadcrumb"},"inLanguage":"ro-RO","potentialAction":[{"@type":"ReadAction","target":["https:\/\/shopatoa.com\/ro\/aery-green-bamboo-amber-sapun-lichid-pentru-maini-300-ml\/"]}]},{"@type":"ImageObject","inLanguage":"ro-RO","@id":"https:\/\/shopatoa.com\/ro\/aery-green-bamboo-amber-sapun-lichid-pentru-maini-300-ml\/#primaryimage","url":"https:\/\/storage.googleapis.com\/cz-shopatoa-img\/ro\/53b5152c-unnamed-file.webp","contentUrl":"https:\/\/storage.googleapis.com\/cz-shopatoa-img\/ro\/53b5152c-unnamed-file.webp","width":800,"height":800},{"@type":"BreadcrumbList","@id":"https:\/\/shopatoa.com\/ro\/aery-green-bamboo-amber-sapun-lichid-pentru-maini-300-ml\/#breadcrumb","itemListElement":[{"@type":"ListItem","position":1,"name":"Dom\u016f","item":"https:\/\/shopatoa.com\/ro\/"},{"@type":"ListItem","position":2,"name":"Shop","item":"https:\/\/shopatoa.com\/ro\/shop\/"},{"@type":"ListItem","position":3,"name":"S\u0103n\u0103tate \u0219i frumuse\u021be","item":"https:\/\/shopatoa.com\/ro\/sanatate-si-frumusete\/"},{"@type":"ListItem","position":4,"name":"\u00cengrijire personal\u0103","item":"https:\/\/shopatoa.com\/ro\/ingrijire-personala\/"},{"@type":"ListItem","position":5,"name":"Cosmetice","item":"https:\/\/shopatoa.com\/ro\/cosmetice-ingrijire-personala\/"},{"@type":"ListItem","position":6,"name":"Baie \u0219i corp","item":"https:\/\/shopatoa.com\/ro\/baie-si-corp\/"},{"@type":"ListItem","position":7,"name":"S\u0103pun lichid de m\u00e2n\u0103","item":"https:\/\/shopatoa.com\/ro\/sapun-lichid-de-mana\/"},{"@type":"ListItem","position":8,"name":"Aery Green Bamboo Amber S\u0103pun lichid pentru m\u00e2ini 300 ml"}]},{"@type":"WebSite","@id":"https:\/\/shopatoa.com\/ro\/#website","url":"https:\/\/shopatoa.com\/ro\/","name":"SHOPATOA","description":"","publisher":{"@id":"https:\/\/shopatoa.com\/ro\/#organization"},"potentialAction":[{"@type":"SearchAction","target":{"@type":"EntryPoint","urlTemplate":"https:\/\/shopatoa.com\/ro\/?s={search_term_string}"},"query-input":{"@type":"PropertyValueSpecification","valueRequired":true,"valueName":"search_term_string"}}],"inLanguage":"ro-RO"},{"@type":"Organization","@id":"https:\/\/shopatoa.com\/ro\/#organization","name":"SHOPATOA","url":"https:\/\/shopatoa.com\/ro\/","logo":{"@type":"ImageObject","inLanguage":"ro-RO","@id":"https:\/\/shopatoa.com\/ro\/#\/schema\/logo\/image\/","url":"https:\/\/storage.googleapis.com\/cz-shopatoa-img\/ro\/b4dac915-shopatoa_logo.png","contentUrl":"https:\/\/storage.googleapis.com\/cz-shopatoa-img\/ro\/b4dac915-shopatoa_logo.png","width":416,"height":63,"caption":"SHOPATOA"},"image":{"@id":"https:\/\/shopatoa.com\/ro\/#\/schema\/logo\/image\/"}}]}},"_links":{"self":[{"href":"https:\/\/shopatoa.com\/ro\/wp-json\/wp\/v2\/product\/415218","targetHints":{"allow":["GET"]}}],"collection":[{"href":"https:\/\/shopatoa.com\/ro\/wp-json\/wp\/v2\/product"}],"about":[{"href":"https:\/\/shopatoa.com\/ro\/wp-json\/wp\/v2\/types\/product"}],"replies":[{"embeddable":true,"href":"https:\/\/shopatoa.com\/ro\/wp-json\/wp\/v2\/comments?post=415218"}],"wp:featuredmedia":[{"embeddable":true,"href":"https:\/\/shopatoa.com\/ro\/wp-json\/wp\/v2\/media\/415219"}],"wp:attachment":[{"href":"https:\/\/shopatoa.com\/ro\/wp-json\/wp\/v2\/media?parent=415218"}],"wp:term":[{"taxonomy":"product_brand","embeddable":true,"href":"https:\/\/shopatoa.com\/ro\/wp-json\/wp\/v2\/product_brand?post=415218"},{"taxonomy":"product_cat","embeddable":true,"href":"https:\/\/shopatoa.com\/ro\/wp-json\/wp\/v2\/product_cat?post=415218"},{"taxonomy":"product_tag","embeddable":true,"href":"https:\/\/shopatoa.com\/ro\/wp-json\/wp\/v2\/product_tag?post=415218"}],"curies":[{"name":"wp","href":"https:\/\/api.w.org\/{rel}","templated":true}]}}