{"id":415224,"date":"2025-06-21T00:50:39","date_gmt":"2025-06-20T22:50:39","guid":{"rendered":"https:\/\/shopatoa.com\/ro\/kundal-volume-fixing-curl-dream-wedding-bouquet-crema-styling-pentru-definirea-buclelor-cu-parfum-130-ml\/"},"modified":"2025-12-12T01:23:06","modified_gmt":"2025-12-12T00:23:06","slug":"kundal-volume-fixing-curl-dream-wedding-bouquet-crema-styling-pentru-definirea-buclelor-cu-parfum-130-ml","status":"publish","type":"product","link":"https:\/\/shopatoa.com\/ro\/kundal-volume-fixing-curl-dream-wedding-bouquet-crema-styling-pentru-definirea-buclelor-cu-parfum-130-ml\/","title":{"rendered":"KUNDAL Volume &amp; Fixing Curl Dream Wedding Bouquet crem\u0103 styling pentru definirea buclelor cu parfum 130 ml"},"content":{"rendered":"<p>KUNDAL Volume &amp; Fixing Curl Dream Wedding Bouquet, 130 ml, Creme \u0219i geluri pentru p\u0103r pentru femei, Ave\u021bi control asupra p\u0103rului ondulat sau cre\u021b cu ajutorul produsului de styling KUNDAL Volume &amp; Fixing Curl Dream Wedding Bouquet. V\u0103 va eviden\u021bia valurile sau buclele, le va conferi defini\u021bie \u0219i textur\u0103 \u0219i va sublinia frumuse\u021bea coafurii dvs. Faciliteaz\u0103 aranjarea ulterioar\u0103 a p\u0103rului ondulat sau cre\u021b \u0219i v\u0103 permite s\u0103 \u00eel modela\u021bi \u00een func\u021bie de preferin\u021bele dvs. \u00cen plus, va men\u021bine p\u0103rul \u0219i valurile \u00een parte la forma dorit\u0103 \u0219i f\u0103r\u0103 frizz nedorit pentru un timp cu adev\u0103rat \u00eendelungat.  Caracteristici:  define\u0219te valuri \u0219i bucle las\u0103 p\u0103rul flexibil cu o mi\u0219care natural\u0103 asigur\u0103 protec\u021bie \u00eempotriva deterior\u0103rii termice miroase pl\u0103cut hidrateaz\u0103 pentru un p\u0103r frumos, str\u0103lucitor \u0219i plin de vitalitate  Ingrediente:  ulei de avocado ulei de argan ulei de macadamia ulei de argan \u2013 hidrateaz\u0103 p\u0103rul, \u00eei confer\u0103 str\u0103lucire, ajut\u0103 la prevenirea cas\u0103rii \u0219i favorizeaz\u0103 elasticitatea ulei de avocado \u2013 hidrateaz\u0103, hr\u0103ne\u0219te \u0219i fortific\u0103, ajut\u0103 la restabilirea frumuse\u021bii p\u0103rului deteriorat, favorizeaz\u0103 regenerarea ulei de macadamia \u2013 este bogat \u00een acizi gra\u0219i nesatura\u021bi, hr\u0103ne\u0219te scalpul \u0219i p\u0103rul, le fortific\u0103 \u0219i ajut\u0103 la men\u021binerea hidrat\u0103rii, neteze\u0219te, are ac\u021biune anti-frizz, catifeleaz\u0103 \u0219i faciliteaz\u0103 coafarea ulterioar\u0103 ulei de struguri \u2013 datorit\u0103 capacit\u0103\u021bii sale de absorb\u021bie rapid\u0103, p\u0103trunde u\u0219or \u00een fibrele de p\u0103r \u0219i le men\u021bine hidratate, catifeleaz\u0103, hr\u0103ne\u0219te \u0219i calmeaz\u0103 scalpul, favorizeaz\u0103 cre\u0219terea unui p\u0103r s\u0103n\u0103tos \u0219i ajut\u0103 la combaterea m\u0103tre\u021bii  Cum se utilizeaz\u0103: Se aplic\u0103 pe p\u0103rul sp\u0103lat \u0219i uscat cu prosopul. Nu cl\u0103ti\u021bi. Str\u00e2nge\u021bi u\u0219or p\u0103rul pentru a-l aranja.<\/p>\n","protected":false},"excerpt":{"rendered":"<p>KUNDAL Volume &amp; Fixing Curl Dream Wedding Bouquet, 130 ml, Creme \u0219i geluri pentru p\u0103r pentru femei, Ave\u021bi control asupra p\u0103rului ondulat sau cre\u021b cu ajutorul produsului de styling KUNDAL Volume &amp; Fixing Curl Dream Wedding Bouquet. V\u0103 va eviden\u021bia valurile sau buclele, le va conferi defini\u021bie \u0219i textur\u0103 \u0219i va sublinia frumuse\u021bea coafurii dvs&#8230;.<\/p>\n","protected":false},"featured_media":415225,"comment_status":"closed","ping_status":"open","template":"","meta":{"_acf_changed":false,"_kadence_starter_templates_imported_post":false,"_kad_post_transparent":"","_kad_post_title":"","_kad_post_layout":"","_kad_post_sidebar_id":"","_kad_post_content_style":"","_kad_post_vertical_padding":"","_kad_post_feature":"","_kad_post_feature_position":"","_kad_post_header":false,"_kad_post_footer":false,"_kad_post_classname":""},"product_brand":[2321],"product_cat":[1563,1590,1633,1562],"product_tag":[],"class_list":{"0":"post-415224","1":"product","2":"type-product","3":"status-publish","4":"has-post-thumbnail","6":"product_brand-kundal","7":"product_cat-ingrijire-personala","8":"product_cat-ingrijirea-parului","9":"product_cat-produse-de-coafare-a-parului","10":"product_cat-sanatate-si-frumusete","11":"pa_gen-female","12":"pa_marime-130-ml","14":"first","15":"instock","16":"sale","17":"product-type-external","18":"entry","19":"content-bg","20":"loop-entry"},"acf":[],"yoast_head":"<!-- This site is optimized with the Yoast SEO plugin v27.4 - https:\/\/yoast.com\/product\/yoast-seo-wordpress\/ -->\n<title>KUNDAL Volume &amp; Fixing Curl Dream Wedding Bouquet crem\u0103 styling pentru definirea buclelor cu parfum 130 ml - SHOPATOA.COM<\/title>\n<meta name=\"robots\" content=\"index, follow, max-snippet:-1, max-image-preview:large, max-video-preview:-1\" \/>\n<link rel=\"canonical\" href=\"https:\/\/shopatoa.com\/ro\/kundal-volume-fixing-curl-dream-wedding-bouquet-crema-styling-pentru-definirea-buclelor-cu-parfum-130-ml\/\" \/>\n<meta property=\"og:locale\" content=\"ro_RO\" \/>\n<meta property=\"og:type\" content=\"article\" \/>\n<meta property=\"og:title\" content=\"KUNDAL Volume &amp; Fixing Curl Dream Wedding Bouquet crem\u0103 styling pentru definirea buclelor cu parfum 130 ml - SHOPATOA.COM\" \/>\n<meta property=\"og:description\" content=\"KUNDAL Volume &amp; Fixing Curl Dream Wedding Bouquet, 130 ml, Creme \u0219i geluri pentru p\u0103r pentru femei, Ave\u021bi control asupra p\u0103rului ondulat sau cre\u021b cu ajutorul produsului de styling KUNDAL Volume &amp; Fixing Curl Dream Wedding Bouquet. V\u0103 va eviden\u021bia valurile sau buclele, le va conferi defini\u021bie \u0219i textur\u0103 \u0219i va sublinia frumuse\u021bea coafurii dvs....\" \/>\n<meta property=\"og:url\" content=\"https:\/\/shopatoa.com\/ro\/kundal-volume-fixing-curl-dream-wedding-bouquet-crema-styling-pentru-definirea-buclelor-cu-parfum-130-ml\/\" \/>\n<meta property=\"og:site_name\" content=\"SHOPATOA\" \/>\n<meta property=\"article:modified_time\" content=\"2025-12-12T00:23:06+00:00\" \/>\n<meta property=\"og:image\" content=\"https:\/\/storage.googleapis.com\/cz-shopatoa-img\/ro\/d976f844-unnamed-file.webp\" \/>\n\t<meta property=\"og:image:width\" content=\"800\" \/>\n\t<meta property=\"og:image:height\" content=\"800\" \/>\n\t<meta property=\"og:image:type\" content=\"image\/webp\" \/>\n<meta name=\"twitter:card\" content=\"summary_large_image\" \/>\n<meta name=\"twitter:label1\" content=\"Timp estimat pentru citire\" \/>\n\t<meta name=\"twitter:data1\" content=\"2 minute\" \/>\n<script type=\"application\/ld+json\" class=\"yoast-schema-graph\">{\"@context\":\"https:\\\/\\\/schema.org\",\"@graph\":[{\"@type\":\"WebPage\",\"@id\":\"https:\\\/\\\/shopatoa.com\\\/ro\\\/kundal-volume-fixing-curl-dream-wedding-bouquet-crema-styling-pentru-definirea-buclelor-cu-parfum-130-ml\\\/\",\"url\":\"https:\\\/\\\/shopatoa.com\\\/ro\\\/kundal-volume-fixing-curl-dream-wedding-bouquet-crema-styling-pentru-definirea-buclelor-cu-parfum-130-ml\\\/\",\"name\":\"KUNDAL Volume & Fixing Curl Dream Wedding Bouquet crem\u0103 styling pentru definirea buclelor cu parfum 130 ml - SHOPATOA.COM\",\"isPartOf\":{\"@id\":\"https:\\\/\\\/shopatoa.com\\\/ro\\\/#website\"},\"primaryImageOfPage\":{\"@id\":\"https:\\\/\\\/shopatoa.com\\\/ro\\\/kundal-volume-fixing-curl-dream-wedding-bouquet-crema-styling-pentru-definirea-buclelor-cu-parfum-130-ml\\\/#primaryimage\"},\"image\":{\"@id\":\"https:\\\/\\\/shopatoa.com\\\/ro\\\/kundal-volume-fixing-curl-dream-wedding-bouquet-crema-styling-pentru-definirea-buclelor-cu-parfum-130-ml\\\/#primaryimage\"},\"thumbnailUrl\":\"https:\\\/\\\/storage.googleapis.com\\\/cz-shopatoa-img\\\/ro\\\/d976f844-unnamed-file.webp\",\"datePublished\":\"2025-06-20T22:50:39+00:00\",\"dateModified\":\"2025-12-12T00:23:06+00:00\",\"breadcrumb\":{\"@id\":\"https:\\\/\\\/shopatoa.com\\\/ro\\\/kundal-volume-fixing-curl-dream-wedding-bouquet-crema-styling-pentru-definirea-buclelor-cu-parfum-130-ml\\\/#breadcrumb\"},\"inLanguage\":\"ro-RO\",\"potentialAction\":[{\"@type\":\"ReadAction\",\"target\":[\"https:\\\/\\\/shopatoa.com\\\/ro\\\/kundal-volume-fixing-curl-dream-wedding-bouquet-crema-styling-pentru-definirea-buclelor-cu-parfum-130-ml\\\/\"]}]},{\"@type\":\"ImageObject\",\"inLanguage\":\"ro-RO\",\"@id\":\"https:\\\/\\\/shopatoa.com\\\/ro\\\/kundal-volume-fixing-curl-dream-wedding-bouquet-crema-styling-pentru-definirea-buclelor-cu-parfum-130-ml\\\/#primaryimage\",\"url\":\"https:\\\/\\\/storage.googleapis.com\\\/cz-shopatoa-img\\\/ro\\\/d976f844-unnamed-file.webp\",\"contentUrl\":\"https:\\\/\\\/storage.googleapis.com\\\/cz-shopatoa-img\\\/ro\\\/d976f844-unnamed-file.webp\",\"width\":800,\"height\":800},{\"@type\":\"BreadcrumbList\",\"@id\":\"https:\\\/\\\/shopatoa.com\\\/ro\\\/kundal-volume-fixing-curl-dream-wedding-bouquet-crema-styling-pentru-definirea-buclelor-cu-parfum-130-ml\\\/#breadcrumb\",\"itemListElement\":[{\"@type\":\"ListItem\",\"position\":1,\"name\":\"Dom\u016f\",\"item\":\"https:\\\/\\\/shopatoa.com\\\/ro\\\/\"},{\"@type\":\"ListItem\",\"position\":2,\"name\":\"Shop\",\"item\":\"https:\\\/\\\/shopatoa.com\\\/ro\\\/shop\\\/\"},{\"@type\":\"ListItem\",\"position\":3,\"name\":\"S\u0103n\u0103tate \u0219i frumuse\u021be\",\"item\":\"https:\\\/\\\/shopatoa.com\\\/ro\\\/sanatate-si-frumusete\\\/\"},{\"@type\":\"ListItem\",\"position\":4,\"name\":\"\u00cengrijire personal\u0103\",\"item\":\"https:\\\/\\\/shopatoa.com\\\/ro\\\/ingrijire-personala\\\/\"},{\"@type\":\"ListItem\",\"position\":5,\"name\":\"\u00cengrijirea p\u0103rului\",\"item\":\"https:\\\/\\\/shopatoa.com\\\/ro\\\/ingrijirea-parului\\\/\"},{\"@type\":\"ListItem\",\"position\":6,\"name\":\"Produse de coafare a p\u0103rului\",\"item\":\"https:\\\/\\\/shopatoa.com\\\/ro\\\/produse-de-coafare-a-parului\\\/\"},{\"@type\":\"ListItem\",\"position\":7,\"name\":\"KUNDAL Volume &amp; Fixing Curl Dream Wedding Bouquet crem\u0103 styling pentru definirea buclelor cu parfum 130 ml\"}]},{\"@type\":\"WebSite\",\"@id\":\"https:\\\/\\\/shopatoa.com\\\/ro\\\/#website\",\"url\":\"https:\\\/\\\/shopatoa.com\\\/ro\\\/\",\"name\":\"SHOPATOA\",\"description\":\"\",\"publisher\":{\"@id\":\"https:\\\/\\\/shopatoa.com\\\/ro\\\/#organization\"},\"potentialAction\":[{\"@type\":\"SearchAction\",\"target\":{\"@type\":\"EntryPoint\",\"urlTemplate\":\"https:\\\/\\\/shopatoa.com\\\/ro\\\/?s={search_term_string}\"},\"query-input\":{\"@type\":\"PropertyValueSpecification\",\"valueRequired\":true,\"valueName\":\"search_term_string\"}}],\"inLanguage\":\"ro-RO\"},{\"@type\":\"Organization\",\"@id\":\"https:\\\/\\\/shopatoa.com\\\/ro\\\/#organization\",\"name\":\"SHOPATOA\",\"url\":\"https:\\\/\\\/shopatoa.com\\\/ro\\\/\",\"logo\":{\"@type\":\"ImageObject\",\"inLanguage\":\"ro-RO\",\"@id\":\"https:\\\/\\\/shopatoa.com\\\/ro\\\/#\\\/schema\\\/logo\\\/image\\\/\",\"url\":\"https:\\\/\\\/storage.googleapis.com\\\/cz-shopatoa-img\\\/ro\\\/b4dac915-shopatoa_logo.png\",\"contentUrl\":\"https:\\\/\\\/storage.googleapis.com\\\/cz-shopatoa-img\\\/ro\\\/b4dac915-shopatoa_logo.png\",\"width\":416,\"height\":63,\"caption\":\"SHOPATOA\"},\"image\":{\"@id\":\"https:\\\/\\\/shopatoa.com\\\/ro\\\/#\\\/schema\\\/logo\\\/image\\\/\"}}]}<\/script>\n<!-- \/ Yoast SEO plugin. -->","yoast_head_json":{"title":"KUNDAL Volume & Fixing Curl Dream Wedding Bouquet crem\u0103 styling pentru definirea buclelor cu parfum 130 ml - SHOPATOA.COM","robots":{"index":"index","follow":"follow","max-snippet":"max-snippet:-1","max-image-preview":"max-image-preview:large","max-video-preview":"max-video-preview:-1"},"canonical":"https:\/\/shopatoa.com\/ro\/kundal-volume-fixing-curl-dream-wedding-bouquet-crema-styling-pentru-definirea-buclelor-cu-parfum-130-ml\/","og_locale":"ro_RO","og_type":"article","og_title":"KUNDAL Volume & Fixing Curl Dream Wedding Bouquet crem\u0103 styling pentru definirea buclelor cu parfum 130 ml - SHOPATOA.COM","og_description":"KUNDAL Volume &amp; Fixing Curl Dream Wedding Bouquet, 130 ml, Creme \u0219i geluri pentru p\u0103r pentru femei, Ave\u021bi control asupra p\u0103rului ondulat sau cre\u021b cu ajutorul produsului de styling KUNDAL Volume &amp; Fixing Curl Dream Wedding Bouquet. V\u0103 va eviden\u021bia valurile sau buclele, le va conferi defini\u021bie \u0219i textur\u0103 \u0219i va sublinia frumuse\u021bea coafurii dvs....","og_url":"https:\/\/shopatoa.com\/ro\/kundal-volume-fixing-curl-dream-wedding-bouquet-crema-styling-pentru-definirea-buclelor-cu-parfum-130-ml\/","og_site_name":"SHOPATOA","article_modified_time":"2025-12-12T00:23:06+00:00","og_image":[{"width":800,"height":800,"url":"https:\/\/storage.googleapis.com\/cz-shopatoa-img\/ro\/d976f844-unnamed-file.webp","type":"image\/webp"}],"twitter_card":"summary_large_image","twitter_misc":{"Timp estimat pentru citire":"2 minute"},"schema":{"@context":"https:\/\/schema.org","@graph":[{"@type":"WebPage","@id":"https:\/\/shopatoa.com\/ro\/kundal-volume-fixing-curl-dream-wedding-bouquet-crema-styling-pentru-definirea-buclelor-cu-parfum-130-ml\/","url":"https:\/\/shopatoa.com\/ro\/kundal-volume-fixing-curl-dream-wedding-bouquet-crema-styling-pentru-definirea-buclelor-cu-parfum-130-ml\/","name":"KUNDAL Volume & Fixing Curl Dream Wedding Bouquet crem\u0103 styling pentru definirea buclelor cu parfum 130 ml - SHOPATOA.COM","isPartOf":{"@id":"https:\/\/shopatoa.com\/ro\/#website"},"primaryImageOfPage":{"@id":"https:\/\/shopatoa.com\/ro\/kundal-volume-fixing-curl-dream-wedding-bouquet-crema-styling-pentru-definirea-buclelor-cu-parfum-130-ml\/#primaryimage"},"image":{"@id":"https:\/\/shopatoa.com\/ro\/kundal-volume-fixing-curl-dream-wedding-bouquet-crema-styling-pentru-definirea-buclelor-cu-parfum-130-ml\/#primaryimage"},"thumbnailUrl":"https:\/\/storage.googleapis.com\/cz-shopatoa-img\/ro\/d976f844-unnamed-file.webp","datePublished":"2025-06-20T22:50:39+00:00","dateModified":"2025-12-12T00:23:06+00:00","breadcrumb":{"@id":"https:\/\/shopatoa.com\/ro\/kundal-volume-fixing-curl-dream-wedding-bouquet-crema-styling-pentru-definirea-buclelor-cu-parfum-130-ml\/#breadcrumb"},"inLanguage":"ro-RO","potentialAction":[{"@type":"ReadAction","target":["https:\/\/shopatoa.com\/ro\/kundal-volume-fixing-curl-dream-wedding-bouquet-crema-styling-pentru-definirea-buclelor-cu-parfum-130-ml\/"]}]},{"@type":"ImageObject","inLanguage":"ro-RO","@id":"https:\/\/shopatoa.com\/ro\/kundal-volume-fixing-curl-dream-wedding-bouquet-crema-styling-pentru-definirea-buclelor-cu-parfum-130-ml\/#primaryimage","url":"https:\/\/storage.googleapis.com\/cz-shopatoa-img\/ro\/d976f844-unnamed-file.webp","contentUrl":"https:\/\/storage.googleapis.com\/cz-shopatoa-img\/ro\/d976f844-unnamed-file.webp","width":800,"height":800},{"@type":"BreadcrumbList","@id":"https:\/\/shopatoa.com\/ro\/kundal-volume-fixing-curl-dream-wedding-bouquet-crema-styling-pentru-definirea-buclelor-cu-parfum-130-ml\/#breadcrumb","itemListElement":[{"@type":"ListItem","position":1,"name":"Dom\u016f","item":"https:\/\/shopatoa.com\/ro\/"},{"@type":"ListItem","position":2,"name":"Shop","item":"https:\/\/shopatoa.com\/ro\/shop\/"},{"@type":"ListItem","position":3,"name":"S\u0103n\u0103tate \u0219i frumuse\u021be","item":"https:\/\/shopatoa.com\/ro\/sanatate-si-frumusete\/"},{"@type":"ListItem","position":4,"name":"\u00cengrijire personal\u0103","item":"https:\/\/shopatoa.com\/ro\/ingrijire-personala\/"},{"@type":"ListItem","position":5,"name":"\u00cengrijirea p\u0103rului","item":"https:\/\/shopatoa.com\/ro\/ingrijirea-parului\/"},{"@type":"ListItem","position":6,"name":"Produse de coafare a p\u0103rului","item":"https:\/\/shopatoa.com\/ro\/produse-de-coafare-a-parului\/"},{"@type":"ListItem","position":7,"name":"KUNDAL Volume &amp; Fixing Curl Dream Wedding Bouquet crem\u0103 styling pentru definirea buclelor cu parfum 130 ml"}]},{"@type":"WebSite","@id":"https:\/\/shopatoa.com\/ro\/#website","url":"https:\/\/shopatoa.com\/ro\/","name":"SHOPATOA","description":"","publisher":{"@id":"https:\/\/shopatoa.com\/ro\/#organization"},"potentialAction":[{"@type":"SearchAction","target":{"@type":"EntryPoint","urlTemplate":"https:\/\/shopatoa.com\/ro\/?s={search_term_string}"},"query-input":{"@type":"PropertyValueSpecification","valueRequired":true,"valueName":"search_term_string"}}],"inLanguage":"ro-RO"},{"@type":"Organization","@id":"https:\/\/shopatoa.com\/ro\/#organization","name":"SHOPATOA","url":"https:\/\/shopatoa.com\/ro\/","logo":{"@type":"ImageObject","inLanguage":"ro-RO","@id":"https:\/\/shopatoa.com\/ro\/#\/schema\/logo\/image\/","url":"https:\/\/storage.googleapis.com\/cz-shopatoa-img\/ro\/b4dac915-shopatoa_logo.png","contentUrl":"https:\/\/storage.googleapis.com\/cz-shopatoa-img\/ro\/b4dac915-shopatoa_logo.png","width":416,"height":63,"caption":"SHOPATOA"},"image":{"@id":"https:\/\/shopatoa.com\/ro\/#\/schema\/logo\/image\/"}}]}},"_links":{"self":[{"href":"https:\/\/shopatoa.com\/ro\/wp-json\/wp\/v2\/product\/415224","targetHints":{"allow":["GET"]}}],"collection":[{"href":"https:\/\/shopatoa.com\/ro\/wp-json\/wp\/v2\/product"}],"about":[{"href":"https:\/\/shopatoa.com\/ro\/wp-json\/wp\/v2\/types\/product"}],"replies":[{"embeddable":true,"href":"https:\/\/shopatoa.com\/ro\/wp-json\/wp\/v2\/comments?post=415224"}],"wp:featuredmedia":[{"embeddable":true,"href":"https:\/\/shopatoa.com\/ro\/wp-json\/wp\/v2\/media\/415225"}],"wp:attachment":[{"href":"https:\/\/shopatoa.com\/ro\/wp-json\/wp\/v2\/media?parent=415224"}],"wp:term":[{"taxonomy":"product_brand","embeddable":true,"href":"https:\/\/shopatoa.com\/ro\/wp-json\/wp\/v2\/product_brand?post=415224"},{"taxonomy":"product_cat","embeddable":true,"href":"https:\/\/shopatoa.com\/ro\/wp-json\/wp\/v2\/product_cat?post=415224"},{"taxonomy":"product_tag","embeddable":true,"href":"https:\/\/shopatoa.com\/ro\/wp-json\/wp\/v2\/product_tag?post=415224"}],"curies":[{"name":"wp","href":"https:\/\/api.w.org\/{rel}","templated":true}]}}