{"id":415248,"date":"2025-06-21T00:52:28","date_gmt":"2025-06-20T22:52:28","guid":{"rendered":"https:\/\/shopatoa.com\/ro\/sol-de-janeiro-delicia-drench-ulei-de-dus-emolient-90-ml\/"},"modified":"2025-12-14T05:02:03","modified_gmt":"2025-12-14T04:02:03","slug":"sol-de-janeiro-delicia-drench-ulei-de-dus-emolient-90-ml","status":"publish","type":"product","link":"https:\/\/shopatoa.com\/ro\/sol-de-janeiro-delicia-drench-ulei-de-dus-emolient-90-ml\/","title":{"rendered":"Sol de Janeiro Delicia Drench ulei de du\u0219 emolient 90 ml"},"content":{"rendered":"<p>Sol de Janeiro Delicia Drench, 90 ml, Ulei de dus pentru femei, Uleiul de du\u0219 Sol de Janeiro Delicia Drench asigur\u0103 hidratarea \u0219i \u00eengrijirea pielii, la fiecare sp\u0103lare. Dup\u0103 folosire, pielea \u00ee\u0219i recap\u0103t\u0103 vitalitatea.  Caracteristici:  spal\u0103 delicat pielea de pe \u00eentregul corp hidrateaz\u0103 intens hr\u0103ne\u0219te \u0219i trateaz\u0103 pielea pielea devine fin\u0103 \u0219i catifelat\u0103  Cum se utilizeaz\u0103: Se aplic\u0103 \u00een timpul du\u0219ului sau al b\u0103ii. Se aplic\u0103 pe \u00eentregul corp \u0219i se cl\u0103te\u0219te cu ap\u0103 cald\u0103.<\/p>\n","protected":false},"excerpt":{"rendered":"<p>Sol de Janeiro Delicia Drench, 90 ml, Ulei de dus pentru femei, Uleiul de du\u0219 Sol de Janeiro Delicia Drench asigur\u0103 hidratarea \u0219i \u00eengrijirea pielii, la fiecare sp\u0103lare. Dup\u0103 folosire, pielea \u00ee\u0219i recap\u0103t\u0103 vitalitatea. Caracteristici: spal\u0103 delicat pielea de pe \u00eentregul corp hidrateaz\u0103 intens hr\u0103ne\u0219te \u0219i trateaz\u0103 pielea pielea devine fin\u0103 \u0219i catifelat\u0103 Cum se&#8230;<\/p>\n","protected":false},"featured_media":415249,"comment_status":"closed","ping_status":"open","template":"","meta":{"_acf_changed":false,"_kadence_starter_templates_imported_post":false,"_kad_post_transparent":"","_kad_post_title":"","_kad_post_layout":"","_kad_post_sidebar_id":"","_kad_post_content_style":"","_kad_post_vertical_padding":"","_kad_post_feature":"","_kad_post_feature_position":"","_kad_post_header":false,"_kad_post_footer":false,"_kad_post_classname":""},"product_brand":[936],"product_cat":[1570,1564,1571,1563,1562],"product_tag":[],"class_list":{"0":"post-415248","1":"product","2":"type-product","3":"status-publish","4":"has-post-thumbnail","6":"product_brand-sol-de-janeiro","7":"product_cat-baie-si-corp","8":"product_cat-cosmetice-ingrijire-personala","9":"product_cat-gel-de-dus","10":"product_cat-ingrijire-personala","11":"product_cat-sanatate-si-frumusete","12":"pa_gen-female","13":"pa_marime-90-ml","15":"first","16":"instock","17":"sale","18":"product-type-external","19":"entry","20":"content-bg","21":"loop-entry"},"acf":[],"yoast_head":"<!-- This site is optimized with the Yoast SEO plugin v27.4 - https:\/\/yoast.com\/product\/yoast-seo-wordpress\/ -->\n<title>Sol de Janeiro Delicia Drench ulei de du\u0219 emolient 90 ml - SHOPATOA.COM<\/title>\n<meta name=\"robots\" content=\"index, follow, max-snippet:-1, max-image-preview:large, max-video-preview:-1\" \/>\n<link rel=\"canonical\" href=\"https:\/\/shopatoa.com\/ro\/sol-de-janeiro-delicia-drench-ulei-de-dus-emolient-90-ml\/\" \/>\n<meta property=\"og:locale\" content=\"ro_RO\" \/>\n<meta property=\"og:type\" content=\"article\" \/>\n<meta property=\"og:title\" content=\"Sol de Janeiro Delicia Drench ulei de du\u0219 emolient 90 ml - SHOPATOA.COM\" \/>\n<meta property=\"og:description\" content=\"Sol de Janeiro Delicia Drench, 90 ml, Ulei de dus pentru femei, Uleiul de du\u0219 Sol de Janeiro Delicia Drench asigur\u0103 hidratarea \u0219i \u00eengrijirea pielii, la fiecare sp\u0103lare. Dup\u0103 folosire, pielea \u00ee\u0219i recap\u0103t\u0103 vitalitatea. Caracteristici: spal\u0103 delicat pielea de pe \u00eentregul corp hidrateaz\u0103 intens hr\u0103ne\u0219te \u0219i trateaz\u0103 pielea pielea devine fin\u0103 \u0219i catifelat\u0103 Cum se...\" \/>\n<meta property=\"og:url\" content=\"https:\/\/shopatoa.com\/ro\/sol-de-janeiro-delicia-drench-ulei-de-dus-emolient-90-ml\/\" \/>\n<meta property=\"og:site_name\" content=\"SHOPATOA\" \/>\n<meta property=\"article:modified_time\" content=\"2025-12-14T04:02:03+00:00\" \/>\n<meta property=\"og:image\" content=\"https:\/\/storage.googleapis.com\/cz-shopatoa-img\/ro\/0586d658-unnamed-file.webp\" \/>\n\t<meta property=\"og:image:width\" content=\"800\" \/>\n\t<meta property=\"og:image:height\" content=\"800\" \/>\n\t<meta property=\"og:image:type\" content=\"image\/webp\" \/>\n<meta name=\"twitter:card\" content=\"summary_large_image\" \/>\n<script type=\"application\/ld+json\" class=\"yoast-schema-graph\">{\"@context\":\"https:\\\/\\\/schema.org\",\"@graph\":[{\"@type\":\"WebPage\",\"@id\":\"https:\\\/\\\/shopatoa.com\\\/ro\\\/sol-de-janeiro-delicia-drench-ulei-de-dus-emolient-90-ml\\\/\",\"url\":\"https:\\\/\\\/shopatoa.com\\\/ro\\\/sol-de-janeiro-delicia-drench-ulei-de-dus-emolient-90-ml\\\/\",\"name\":\"Sol de Janeiro Delicia Drench ulei de du\u0219 emolient 90 ml - SHOPATOA.COM\",\"isPartOf\":{\"@id\":\"https:\\\/\\\/shopatoa.com\\\/ro\\\/#website\"},\"primaryImageOfPage\":{\"@id\":\"https:\\\/\\\/shopatoa.com\\\/ro\\\/sol-de-janeiro-delicia-drench-ulei-de-dus-emolient-90-ml\\\/#primaryimage\"},\"image\":{\"@id\":\"https:\\\/\\\/shopatoa.com\\\/ro\\\/sol-de-janeiro-delicia-drench-ulei-de-dus-emolient-90-ml\\\/#primaryimage\"},\"thumbnailUrl\":\"https:\\\/\\\/storage.googleapis.com\\\/cz-shopatoa-img\\\/ro\\\/0586d658-unnamed-file.webp\",\"datePublished\":\"2025-06-20T22:52:28+00:00\",\"dateModified\":\"2025-12-14T04:02:03+00:00\",\"breadcrumb\":{\"@id\":\"https:\\\/\\\/shopatoa.com\\\/ro\\\/sol-de-janeiro-delicia-drench-ulei-de-dus-emolient-90-ml\\\/#breadcrumb\"},\"inLanguage\":\"ro-RO\",\"potentialAction\":[{\"@type\":\"ReadAction\",\"target\":[\"https:\\\/\\\/shopatoa.com\\\/ro\\\/sol-de-janeiro-delicia-drench-ulei-de-dus-emolient-90-ml\\\/\"]}]},{\"@type\":\"ImageObject\",\"inLanguage\":\"ro-RO\",\"@id\":\"https:\\\/\\\/shopatoa.com\\\/ro\\\/sol-de-janeiro-delicia-drench-ulei-de-dus-emolient-90-ml\\\/#primaryimage\",\"url\":\"https:\\\/\\\/storage.googleapis.com\\\/cz-shopatoa-img\\\/ro\\\/0586d658-unnamed-file.webp\",\"contentUrl\":\"https:\\\/\\\/storage.googleapis.com\\\/cz-shopatoa-img\\\/ro\\\/0586d658-unnamed-file.webp\",\"width\":800,\"height\":800},{\"@type\":\"BreadcrumbList\",\"@id\":\"https:\\\/\\\/shopatoa.com\\\/ro\\\/sol-de-janeiro-delicia-drench-ulei-de-dus-emolient-90-ml\\\/#breadcrumb\",\"itemListElement\":[{\"@type\":\"ListItem\",\"position\":1,\"name\":\"Dom\u016f\",\"item\":\"https:\\\/\\\/shopatoa.com\\\/ro\\\/\"},{\"@type\":\"ListItem\",\"position\":2,\"name\":\"Shop\",\"item\":\"https:\\\/\\\/shopatoa.com\\\/ro\\\/shop\\\/\"},{\"@type\":\"ListItem\",\"position\":3,\"name\":\"S\u0103n\u0103tate \u0219i frumuse\u021be\",\"item\":\"https:\\\/\\\/shopatoa.com\\\/ro\\\/sanatate-si-frumusete\\\/\"},{\"@type\":\"ListItem\",\"position\":4,\"name\":\"\u00cengrijire personal\u0103\",\"item\":\"https:\\\/\\\/shopatoa.com\\\/ro\\\/ingrijire-personala\\\/\"},{\"@type\":\"ListItem\",\"position\":5,\"name\":\"Cosmetice\",\"item\":\"https:\\\/\\\/shopatoa.com\\\/ro\\\/cosmetice-ingrijire-personala\\\/\"},{\"@type\":\"ListItem\",\"position\":6,\"name\":\"Baie \u0219i corp\",\"item\":\"https:\\\/\\\/shopatoa.com\\\/ro\\\/baie-si-corp\\\/\"},{\"@type\":\"ListItem\",\"position\":7,\"name\":\"Gel de du\u0219\",\"item\":\"https:\\\/\\\/shopatoa.com\\\/ro\\\/gel-de-dus\\\/\"},{\"@type\":\"ListItem\",\"position\":8,\"name\":\"Sol de Janeiro Delicia Drench ulei de du\u0219 emolient 90 ml\"}]},{\"@type\":\"WebSite\",\"@id\":\"https:\\\/\\\/shopatoa.com\\\/ro\\\/#website\",\"url\":\"https:\\\/\\\/shopatoa.com\\\/ro\\\/\",\"name\":\"SHOPATOA\",\"description\":\"\",\"publisher\":{\"@id\":\"https:\\\/\\\/shopatoa.com\\\/ro\\\/#organization\"},\"potentialAction\":[{\"@type\":\"SearchAction\",\"target\":{\"@type\":\"EntryPoint\",\"urlTemplate\":\"https:\\\/\\\/shopatoa.com\\\/ro\\\/?s={search_term_string}\"},\"query-input\":{\"@type\":\"PropertyValueSpecification\",\"valueRequired\":true,\"valueName\":\"search_term_string\"}}],\"inLanguage\":\"ro-RO\"},{\"@type\":\"Organization\",\"@id\":\"https:\\\/\\\/shopatoa.com\\\/ro\\\/#organization\",\"name\":\"SHOPATOA\",\"url\":\"https:\\\/\\\/shopatoa.com\\\/ro\\\/\",\"logo\":{\"@type\":\"ImageObject\",\"inLanguage\":\"ro-RO\",\"@id\":\"https:\\\/\\\/shopatoa.com\\\/ro\\\/#\\\/schema\\\/logo\\\/image\\\/\",\"url\":\"https:\\\/\\\/storage.googleapis.com\\\/cz-shopatoa-img\\\/ro\\\/b4dac915-shopatoa_logo.png\",\"contentUrl\":\"https:\\\/\\\/storage.googleapis.com\\\/cz-shopatoa-img\\\/ro\\\/b4dac915-shopatoa_logo.png\",\"width\":416,\"height\":63,\"caption\":\"SHOPATOA\"},\"image\":{\"@id\":\"https:\\\/\\\/shopatoa.com\\\/ro\\\/#\\\/schema\\\/logo\\\/image\\\/\"}}]}<\/script>\n<!-- \/ Yoast SEO plugin. -->","yoast_head_json":{"title":"Sol de Janeiro Delicia Drench ulei de du\u0219 emolient 90 ml - SHOPATOA.COM","robots":{"index":"index","follow":"follow","max-snippet":"max-snippet:-1","max-image-preview":"max-image-preview:large","max-video-preview":"max-video-preview:-1"},"canonical":"https:\/\/shopatoa.com\/ro\/sol-de-janeiro-delicia-drench-ulei-de-dus-emolient-90-ml\/","og_locale":"ro_RO","og_type":"article","og_title":"Sol de Janeiro Delicia Drench ulei de du\u0219 emolient 90 ml - SHOPATOA.COM","og_description":"Sol de Janeiro Delicia Drench, 90 ml, Ulei de dus pentru femei, Uleiul de du\u0219 Sol de Janeiro Delicia Drench asigur\u0103 hidratarea \u0219i \u00eengrijirea pielii, la fiecare sp\u0103lare. Dup\u0103 folosire, pielea \u00ee\u0219i recap\u0103t\u0103 vitalitatea. Caracteristici: spal\u0103 delicat pielea de pe \u00eentregul corp hidrateaz\u0103 intens hr\u0103ne\u0219te \u0219i trateaz\u0103 pielea pielea devine fin\u0103 \u0219i catifelat\u0103 Cum se...","og_url":"https:\/\/shopatoa.com\/ro\/sol-de-janeiro-delicia-drench-ulei-de-dus-emolient-90-ml\/","og_site_name":"SHOPATOA","article_modified_time":"2025-12-14T04:02:03+00:00","og_image":[{"width":800,"height":800,"url":"https:\/\/storage.googleapis.com\/cz-shopatoa-img\/ro\/0586d658-unnamed-file.webp","type":"image\/webp"}],"twitter_card":"summary_large_image","schema":{"@context":"https:\/\/schema.org","@graph":[{"@type":"WebPage","@id":"https:\/\/shopatoa.com\/ro\/sol-de-janeiro-delicia-drench-ulei-de-dus-emolient-90-ml\/","url":"https:\/\/shopatoa.com\/ro\/sol-de-janeiro-delicia-drench-ulei-de-dus-emolient-90-ml\/","name":"Sol de Janeiro Delicia Drench ulei de du\u0219 emolient 90 ml - SHOPATOA.COM","isPartOf":{"@id":"https:\/\/shopatoa.com\/ro\/#website"},"primaryImageOfPage":{"@id":"https:\/\/shopatoa.com\/ro\/sol-de-janeiro-delicia-drench-ulei-de-dus-emolient-90-ml\/#primaryimage"},"image":{"@id":"https:\/\/shopatoa.com\/ro\/sol-de-janeiro-delicia-drench-ulei-de-dus-emolient-90-ml\/#primaryimage"},"thumbnailUrl":"https:\/\/storage.googleapis.com\/cz-shopatoa-img\/ro\/0586d658-unnamed-file.webp","datePublished":"2025-06-20T22:52:28+00:00","dateModified":"2025-12-14T04:02:03+00:00","breadcrumb":{"@id":"https:\/\/shopatoa.com\/ro\/sol-de-janeiro-delicia-drench-ulei-de-dus-emolient-90-ml\/#breadcrumb"},"inLanguage":"ro-RO","potentialAction":[{"@type":"ReadAction","target":["https:\/\/shopatoa.com\/ro\/sol-de-janeiro-delicia-drench-ulei-de-dus-emolient-90-ml\/"]}]},{"@type":"ImageObject","inLanguage":"ro-RO","@id":"https:\/\/shopatoa.com\/ro\/sol-de-janeiro-delicia-drench-ulei-de-dus-emolient-90-ml\/#primaryimage","url":"https:\/\/storage.googleapis.com\/cz-shopatoa-img\/ro\/0586d658-unnamed-file.webp","contentUrl":"https:\/\/storage.googleapis.com\/cz-shopatoa-img\/ro\/0586d658-unnamed-file.webp","width":800,"height":800},{"@type":"BreadcrumbList","@id":"https:\/\/shopatoa.com\/ro\/sol-de-janeiro-delicia-drench-ulei-de-dus-emolient-90-ml\/#breadcrumb","itemListElement":[{"@type":"ListItem","position":1,"name":"Dom\u016f","item":"https:\/\/shopatoa.com\/ro\/"},{"@type":"ListItem","position":2,"name":"Shop","item":"https:\/\/shopatoa.com\/ro\/shop\/"},{"@type":"ListItem","position":3,"name":"S\u0103n\u0103tate \u0219i frumuse\u021be","item":"https:\/\/shopatoa.com\/ro\/sanatate-si-frumusete\/"},{"@type":"ListItem","position":4,"name":"\u00cengrijire personal\u0103","item":"https:\/\/shopatoa.com\/ro\/ingrijire-personala\/"},{"@type":"ListItem","position":5,"name":"Cosmetice","item":"https:\/\/shopatoa.com\/ro\/cosmetice-ingrijire-personala\/"},{"@type":"ListItem","position":6,"name":"Baie \u0219i corp","item":"https:\/\/shopatoa.com\/ro\/baie-si-corp\/"},{"@type":"ListItem","position":7,"name":"Gel de du\u0219","item":"https:\/\/shopatoa.com\/ro\/gel-de-dus\/"},{"@type":"ListItem","position":8,"name":"Sol de Janeiro Delicia Drench ulei de du\u0219 emolient 90 ml"}]},{"@type":"WebSite","@id":"https:\/\/shopatoa.com\/ro\/#website","url":"https:\/\/shopatoa.com\/ro\/","name":"SHOPATOA","description":"","publisher":{"@id":"https:\/\/shopatoa.com\/ro\/#organization"},"potentialAction":[{"@type":"SearchAction","target":{"@type":"EntryPoint","urlTemplate":"https:\/\/shopatoa.com\/ro\/?s={search_term_string}"},"query-input":{"@type":"PropertyValueSpecification","valueRequired":true,"valueName":"search_term_string"}}],"inLanguage":"ro-RO"},{"@type":"Organization","@id":"https:\/\/shopatoa.com\/ro\/#organization","name":"SHOPATOA","url":"https:\/\/shopatoa.com\/ro\/","logo":{"@type":"ImageObject","inLanguage":"ro-RO","@id":"https:\/\/shopatoa.com\/ro\/#\/schema\/logo\/image\/","url":"https:\/\/storage.googleapis.com\/cz-shopatoa-img\/ro\/b4dac915-shopatoa_logo.png","contentUrl":"https:\/\/storage.googleapis.com\/cz-shopatoa-img\/ro\/b4dac915-shopatoa_logo.png","width":416,"height":63,"caption":"SHOPATOA"},"image":{"@id":"https:\/\/shopatoa.com\/ro\/#\/schema\/logo\/image\/"}}]}},"_links":{"self":[{"href":"https:\/\/shopatoa.com\/ro\/wp-json\/wp\/v2\/product\/415248","targetHints":{"allow":["GET"]}}],"collection":[{"href":"https:\/\/shopatoa.com\/ro\/wp-json\/wp\/v2\/product"}],"about":[{"href":"https:\/\/shopatoa.com\/ro\/wp-json\/wp\/v2\/types\/product"}],"replies":[{"embeddable":true,"href":"https:\/\/shopatoa.com\/ro\/wp-json\/wp\/v2\/comments?post=415248"}],"wp:featuredmedia":[{"embeddable":true,"href":"https:\/\/shopatoa.com\/ro\/wp-json\/wp\/v2\/media\/415249"}],"wp:attachment":[{"href":"https:\/\/shopatoa.com\/ro\/wp-json\/wp\/v2\/media?parent=415248"}],"wp:term":[{"taxonomy":"product_brand","embeddable":true,"href":"https:\/\/shopatoa.com\/ro\/wp-json\/wp\/v2\/product_brand?post=415248"},{"taxonomy":"product_cat","embeddable":true,"href":"https:\/\/shopatoa.com\/ro\/wp-json\/wp\/v2\/product_cat?post=415248"},{"taxonomy":"product_tag","embeddable":true,"href":"https:\/\/shopatoa.com\/ro\/wp-json\/wp\/v2\/product_tag?post=415248"}],"curies":[{"name":"wp","href":"https:\/\/api.w.org\/{rel}","templated":true}]}}