{"id":415250,"date":"2025-06-21T00:52:28","date_gmt":"2025-06-20T22:52:28","guid":{"rendered":"https:\/\/shopatoa.com\/ro\/whamisa-organic-herb-olive-leaf-mist-pudra-foarte-fina-pentru-netezirea-pielii-100-ml\/"},"modified":"2025-12-12T01:14:51","modified_gmt":"2025-12-12T00:14:51","slug":"whamisa-organic-herb-olive-leaf-mist-pudra-foarte-fina-pentru-netezirea-pielii-100-ml","status":"publish","type":"product","link":"https:\/\/shopatoa.com\/ro\/whamisa-organic-herb-olive-leaf-mist-pudra-foarte-fina-pentru-netezirea-pielii-100-ml\/","title":{"rendered":"WHAMISA Organic Herb Olive Leaf Mist pudra foarte fina pentru netezirea pielii 100 ml"},"content":{"rendered":"<p>WHAMISA Organic Herb Olive Leaf Mist, 100 ml, spray pentru fa\u021b\u0103 pentru femei, Spray-ul facial WHAMISA Organic Herb Olive Leaf Mist va oferi tenului dvs. o ameliorare instantanee, revigorare \u0219i calmare. \u00cen orice moment al zilei, va ajuta la reducerea sensibilit\u0103\u021bii cutanate sau chiar a irita\u021biilor \u0219i va oferi o senza\u021bie pl\u0103cut\u0103 de prospe\u021bime \u2013 ca dup\u0103 un du\u0219 \u00eenvior\u0103tor.  Caracteristici:  \u00eemprosp\u0103teaz\u0103 \u0219i ilumineaz\u0103 ajut\u0103 la prevenirea deshidrat\u0103rii pielii are efect de calmare \u00eentre\u021bine echilibrul pielii \u00eent\u0103re\u0219te bariera de protec\u021bie a pielii  Ingrediente:  produs vegan testat dermatologic con\u021bine cel pu\u021bin 90-99% ingrediente de origine natural\u0103 extract de gotu kola \u2013 restabile\u0219te \u0219i fortific\u0103 bariera cutanat\u0103, favorizeaz\u0103 procesele de regenerare, calmeaz\u0103 irita\u021biile, combate ro\u0219ea\u021ba \u0219i uscarea, are efecte antioxidante, hidrateaz\u0103, ajut\u0103 la combaterea \u00eemb\u0103tr\u00e2nirii pielii ap\u0103 de trandafiri \u2013 echilibreaz\u0103 pH-ul cutanat, calmeaz\u0103 irita\u021biile, tonifiaz\u0103 delicat, cur\u0103\u021b\u0103, \u00eemprosp\u0103teaz\u0103 \u0219i str\u00e2nge porii, ajut\u0103 la reglarea produc\u021biei de sebum \u00een timp ce fixeaz\u0103 hidratarea \u0219i favorizeaz\u0103 regenerarea aloe vera \u2013 are efecte puternic hidratante \u0219i de regenerare, ac\u021bioneaz\u0103 ca antioxidant, ajut\u0103 la protejarea \u00eempotriva radicalilor liberi \u0219i a usc\u0103rii extract de lemn dulce \u2013 combate ro\u0219ea\u021ba, edemele \u0219i petele pigmentare, calmeaz\u0103 \u0219i amelioreaz\u0103 irita\u021bia substan\u021be fermentate \u2013 ajut\u0103 la men\u021binerea microbiomului natural cutanat \u0219i a pH-ului echilibrat, calmeaz\u0103, combat irita\u021biile \u0219i consolideaz\u0103 bariera protectoare cutanat\u0103  Cum se utilizeaz\u0103: Se pulverizeaz\u0103 pe fa\u021b\u0103 o cantitate potrivit\u0103 de produs. Tapota\u021bi u\u0219or cu v\u00e2rful degetelor pentru a favoriza absorb\u021bia. Se poate aplica \u0219i peste machiaj. Se poate utiliza \u00een orice moment al zilei.<\/p>\n","protected":false},"excerpt":{"rendered":"<p>WHAMISA Organic Herb Olive Leaf Mist, 100 ml, spray pentru fa\u021b\u0103 pentru femei, Spray-ul facial WHAMISA Organic Herb Olive Leaf Mist va oferi tenului dvs. o ameliorare instantanee, revigorare \u0219i calmare. \u00cen orice moment al zilei, va ajuta la reducerea sensibilit\u0103\u021bii cutanate sau chiar a irita\u021biilor \u0219i va oferi o senza\u021bie pl\u0103cut\u0103 de prospe\u021bime \u2013&#8230;<\/p>\n","protected":false},"featured_media":415251,"comment_status":"closed","ping_status":"open","template":"","meta":{"_acf_changed":false,"_kadence_starter_templates_imported_post":false,"_kad_post_transparent":"","_kad_post_title":"","_kad_post_layout":"","_kad_post_sidebar_id":"","_kad_post_content_style":"","_kad_post_vertical_padding":"","_kad_post_feature":"","_kad_post_feature_position":"","_kad_post_header":false,"_kad_post_footer":false,"_kad_post_classname":""},"product_brand":[3345],"product_cat":[1564,1563,1565,1562],"product_tag":[],"class_list":{"0":"post-415250","1":"product","2":"type-product","3":"status-publish","4":"has-post-thumbnail","6":"product_brand-whamisa","7":"product_cat-cosmetice-ingrijire-personala","8":"product_cat-ingrijire-personala","9":"product_cat-ingrijirea-pielii","10":"product_cat-sanatate-si-frumusete","11":"pa_gen-female","12":"pa_marime-100-ml","14":"first","15":"instock","16":"sale","17":"product-type-external","18":"entry","19":"content-bg","20":"loop-entry"},"acf":[],"yoast_head":"<!-- This site is optimized with the Yoast SEO plugin v27.4 - https:\/\/yoast.com\/product\/yoast-seo-wordpress\/ -->\n<title>WHAMISA Organic Herb Olive Leaf Mist pudra foarte fina pentru netezirea pielii 100 ml - SHOPATOA.COM<\/title>\n<meta name=\"robots\" content=\"index, follow, max-snippet:-1, max-image-preview:large, max-video-preview:-1\" \/>\n<link rel=\"canonical\" href=\"https:\/\/shopatoa.com\/ro\/whamisa-organic-herb-olive-leaf-mist-pudra-foarte-fina-pentru-netezirea-pielii-100-ml\/\" \/>\n<meta property=\"og:locale\" content=\"ro_RO\" \/>\n<meta property=\"og:type\" content=\"article\" \/>\n<meta property=\"og:title\" content=\"WHAMISA Organic Herb Olive Leaf Mist pudra foarte fina pentru netezirea pielii 100 ml - SHOPATOA.COM\" \/>\n<meta property=\"og:description\" content=\"WHAMISA Organic Herb Olive Leaf Mist, 100 ml, spray pentru fa\u021b\u0103 pentru femei, Spray-ul facial WHAMISA Organic Herb Olive Leaf Mist va oferi tenului dvs. o ameliorare instantanee, revigorare \u0219i calmare. \u00cen orice moment al zilei, va ajuta la reducerea sensibilit\u0103\u021bii cutanate sau chiar a irita\u021biilor \u0219i va oferi o senza\u021bie pl\u0103cut\u0103 de prospe\u021bime \u2013...\" \/>\n<meta property=\"og:url\" content=\"https:\/\/shopatoa.com\/ro\/whamisa-organic-herb-olive-leaf-mist-pudra-foarte-fina-pentru-netezirea-pielii-100-ml\/\" \/>\n<meta property=\"og:site_name\" content=\"SHOPATOA\" \/>\n<meta property=\"article:modified_time\" content=\"2025-12-12T00:14:51+00:00\" \/>\n<meta property=\"og:image\" content=\"https:\/\/storage.googleapis.com\/cz-shopatoa-img\/ro\/ac9e0dd0-unnamed-file.webp\" \/>\n\t<meta property=\"og:image:width\" content=\"800\" \/>\n\t<meta property=\"og:image:height\" content=\"800\" \/>\n\t<meta property=\"og:image:type\" content=\"image\/webp\" \/>\n<meta name=\"twitter:card\" content=\"summary_large_image\" \/>\n<meta name=\"twitter:label1\" content=\"Timp estimat pentru citire\" \/>\n\t<meta name=\"twitter:data1\" content=\"1 minut\" \/>\n<script type=\"application\/ld+json\" class=\"yoast-schema-graph\">{\"@context\":\"https:\\\/\\\/schema.org\",\"@graph\":[{\"@type\":\"WebPage\",\"@id\":\"https:\\\/\\\/shopatoa.com\\\/ro\\\/whamisa-organic-herb-olive-leaf-mist-pudra-foarte-fina-pentru-netezirea-pielii-100-ml\\\/\",\"url\":\"https:\\\/\\\/shopatoa.com\\\/ro\\\/whamisa-organic-herb-olive-leaf-mist-pudra-foarte-fina-pentru-netezirea-pielii-100-ml\\\/\",\"name\":\"WHAMISA Organic Herb Olive Leaf Mist pudra foarte fina pentru netezirea pielii 100 ml - SHOPATOA.COM\",\"isPartOf\":{\"@id\":\"https:\\\/\\\/shopatoa.com\\\/ro\\\/#website\"},\"primaryImageOfPage\":{\"@id\":\"https:\\\/\\\/shopatoa.com\\\/ro\\\/whamisa-organic-herb-olive-leaf-mist-pudra-foarte-fina-pentru-netezirea-pielii-100-ml\\\/#primaryimage\"},\"image\":{\"@id\":\"https:\\\/\\\/shopatoa.com\\\/ro\\\/whamisa-organic-herb-olive-leaf-mist-pudra-foarte-fina-pentru-netezirea-pielii-100-ml\\\/#primaryimage\"},\"thumbnailUrl\":\"https:\\\/\\\/storage.googleapis.com\\\/cz-shopatoa-img\\\/ro\\\/ac9e0dd0-unnamed-file.webp\",\"datePublished\":\"2025-06-20T22:52:28+00:00\",\"dateModified\":\"2025-12-12T00:14:51+00:00\",\"breadcrumb\":{\"@id\":\"https:\\\/\\\/shopatoa.com\\\/ro\\\/whamisa-organic-herb-olive-leaf-mist-pudra-foarte-fina-pentru-netezirea-pielii-100-ml\\\/#breadcrumb\"},\"inLanguage\":\"ro-RO\",\"potentialAction\":[{\"@type\":\"ReadAction\",\"target\":[\"https:\\\/\\\/shopatoa.com\\\/ro\\\/whamisa-organic-herb-olive-leaf-mist-pudra-foarte-fina-pentru-netezirea-pielii-100-ml\\\/\"]}]},{\"@type\":\"ImageObject\",\"inLanguage\":\"ro-RO\",\"@id\":\"https:\\\/\\\/shopatoa.com\\\/ro\\\/whamisa-organic-herb-olive-leaf-mist-pudra-foarte-fina-pentru-netezirea-pielii-100-ml\\\/#primaryimage\",\"url\":\"https:\\\/\\\/storage.googleapis.com\\\/cz-shopatoa-img\\\/ro\\\/ac9e0dd0-unnamed-file.webp\",\"contentUrl\":\"https:\\\/\\\/storage.googleapis.com\\\/cz-shopatoa-img\\\/ro\\\/ac9e0dd0-unnamed-file.webp\",\"width\":800,\"height\":800},{\"@type\":\"BreadcrumbList\",\"@id\":\"https:\\\/\\\/shopatoa.com\\\/ro\\\/whamisa-organic-herb-olive-leaf-mist-pudra-foarte-fina-pentru-netezirea-pielii-100-ml\\\/#breadcrumb\",\"itemListElement\":[{\"@type\":\"ListItem\",\"position\":1,\"name\":\"Dom\u016f\",\"item\":\"https:\\\/\\\/shopatoa.com\\\/ro\\\/\"},{\"@type\":\"ListItem\",\"position\":2,\"name\":\"Shop\",\"item\":\"https:\\\/\\\/shopatoa.com\\\/ro\\\/shop\\\/\"},{\"@type\":\"ListItem\",\"position\":3,\"name\":\"S\u0103n\u0103tate \u0219i frumuse\u021be\",\"item\":\"https:\\\/\\\/shopatoa.com\\\/ro\\\/sanatate-si-frumusete\\\/\"},{\"@type\":\"ListItem\",\"position\":4,\"name\":\"\u00cengrijire personal\u0103\",\"item\":\"https:\\\/\\\/shopatoa.com\\\/ro\\\/ingrijire-personala\\\/\"},{\"@type\":\"ListItem\",\"position\":5,\"name\":\"Cosmetice\",\"item\":\"https:\\\/\\\/shopatoa.com\\\/ro\\\/cosmetice-ingrijire-personala\\\/\"},{\"@type\":\"ListItem\",\"position\":6,\"name\":\"\u00cengrijirea pielii\",\"item\":\"https:\\\/\\\/shopatoa.com\\\/ro\\\/ingrijirea-pielii\\\/\"},{\"@type\":\"ListItem\",\"position\":7,\"name\":\"WHAMISA Organic Herb Olive Leaf Mist pudra foarte fina pentru netezirea pielii 100 ml\"}]},{\"@type\":\"WebSite\",\"@id\":\"https:\\\/\\\/shopatoa.com\\\/ro\\\/#website\",\"url\":\"https:\\\/\\\/shopatoa.com\\\/ro\\\/\",\"name\":\"SHOPATOA\",\"description\":\"\",\"publisher\":{\"@id\":\"https:\\\/\\\/shopatoa.com\\\/ro\\\/#organization\"},\"potentialAction\":[{\"@type\":\"SearchAction\",\"target\":{\"@type\":\"EntryPoint\",\"urlTemplate\":\"https:\\\/\\\/shopatoa.com\\\/ro\\\/?s={search_term_string}\"},\"query-input\":{\"@type\":\"PropertyValueSpecification\",\"valueRequired\":true,\"valueName\":\"search_term_string\"}}],\"inLanguage\":\"ro-RO\"},{\"@type\":\"Organization\",\"@id\":\"https:\\\/\\\/shopatoa.com\\\/ro\\\/#organization\",\"name\":\"SHOPATOA\",\"url\":\"https:\\\/\\\/shopatoa.com\\\/ro\\\/\",\"logo\":{\"@type\":\"ImageObject\",\"inLanguage\":\"ro-RO\",\"@id\":\"https:\\\/\\\/shopatoa.com\\\/ro\\\/#\\\/schema\\\/logo\\\/image\\\/\",\"url\":\"https:\\\/\\\/storage.googleapis.com\\\/cz-shopatoa-img\\\/ro\\\/b4dac915-shopatoa_logo.png\",\"contentUrl\":\"https:\\\/\\\/storage.googleapis.com\\\/cz-shopatoa-img\\\/ro\\\/b4dac915-shopatoa_logo.png\",\"width\":416,\"height\":63,\"caption\":\"SHOPATOA\"},\"image\":{\"@id\":\"https:\\\/\\\/shopatoa.com\\\/ro\\\/#\\\/schema\\\/logo\\\/image\\\/\"}}]}<\/script>\n<!-- \/ Yoast SEO plugin. -->","yoast_head_json":{"title":"WHAMISA Organic Herb Olive Leaf Mist pudra foarte fina pentru netezirea pielii 100 ml - SHOPATOA.COM","robots":{"index":"index","follow":"follow","max-snippet":"max-snippet:-1","max-image-preview":"max-image-preview:large","max-video-preview":"max-video-preview:-1"},"canonical":"https:\/\/shopatoa.com\/ro\/whamisa-organic-herb-olive-leaf-mist-pudra-foarte-fina-pentru-netezirea-pielii-100-ml\/","og_locale":"ro_RO","og_type":"article","og_title":"WHAMISA Organic Herb Olive Leaf Mist pudra foarte fina pentru netezirea pielii 100 ml - SHOPATOA.COM","og_description":"WHAMISA Organic Herb Olive Leaf Mist, 100 ml, spray pentru fa\u021b\u0103 pentru femei, Spray-ul facial WHAMISA Organic Herb Olive Leaf Mist va oferi tenului dvs. o ameliorare instantanee, revigorare \u0219i calmare. \u00cen orice moment al zilei, va ajuta la reducerea sensibilit\u0103\u021bii cutanate sau chiar a irita\u021biilor \u0219i va oferi o senza\u021bie pl\u0103cut\u0103 de prospe\u021bime \u2013...","og_url":"https:\/\/shopatoa.com\/ro\/whamisa-organic-herb-olive-leaf-mist-pudra-foarte-fina-pentru-netezirea-pielii-100-ml\/","og_site_name":"SHOPATOA","article_modified_time":"2025-12-12T00:14:51+00:00","og_image":[{"width":800,"height":800,"url":"https:\/\/storage.googleapis.com\/cz-shopatoa-img\/ro\/ac9e0dd0-unnamed-file.webp","type":"image\/webp"}],"twitter_card":"summary_large_image","twitter_misc":{"Timp estimat pentru citire":"1 minut"},"schema":{"@context":"https:\/\/schema.org","@graph":[{"@type":"WebPage","@id":"https:\/\/shopatoa.com\/ro\/whamisa-organic-herb-olive-leaf-mist-pudra-foarte-fina-pentru-netezirea-pielii-100-ml\/","url":"https:\/\/shopatoa.com\/ro\/whamisa-organic-herb-olive-leaf-mist-pudra-foarte-fina-pentru-netezirea-pielii-100-ml\/","name":"WHAMISA Organic Herb Olive Leaf Mist pudra foarte fina pentru netezirea pielii 100 ml - SHOPATOA.COM","isPartOf":{"@id":"https:\/\/shopatoa.com\/ro\/#website"},"primaryImageOfPage":{"@id":"https:\/\/shopatoa.com\/ro\/whamisa-organic-herb-olive-leaf-mist-pudra-foarte-fina-pentru-netezirea-pielii-100-ml\/#primaryimage"},"image":{"@id":"https:\/\/shopatoa.com\/ro\/whamisa-organic-herb-olive-leaf-mist-pudra-foarte-fina-pentru-netezirea-pielii-100-ml\/#primaryimage"},"thumbnailUrl":"https:\/\/storage.googleapis.com\/cz-shopatoa-img\/ro\/ac9e0dd0-unnamed-file.webp","datePublished":"2025-06-20T22:52:28+00:00","dateModified":"2025-12-12T00:14:51+00:00","breadcrumb":{"@id":"https:\/\/shopatoa.com\/ro\/whamisa-organic-herb-olive-leaf-mist-pudra-foarte-fina-pentru-netezirea-pielii-100-ml\/#breadcrumb"},"inLanguage":"ro-RO","potentialAction":[{"@type":"ReadAction","target":["https:\/\/shopatoa.com\/ro\/whamisa-organic-herb-olive-leaf-mist-pudra-foarte-fina-pentru-netezirea-pielii-100-ml\/"]}]},{"@type":"ImageObject","inLanguage":"ro-RO","@id":"https:\/\/shopatoa.com\/ro\/whamisa-organic-herb-olive-leaf-mist-pudra-foarte-fina-pentru-netezirea-pielii-100-ml\/#primaryimage","url":"https:\/\/storage.googleapis.com\/cz-shopatoa-img\/ro\/ac9e0dd0-unnamed-file.webp","contentUrl":"https:\/\/storage.googleapis.com\/cz-shopatoa-img\/ro\/ac9e0dd0-unnamed-file.webp","width":800,"height":800},{"@type":"BreadcrumbList","@id":"https:\/\/shopatoa.com\/ro\/whamisa-organic-herb-olive-leaf-mist-pudra-foarte-fina-pentru-netezirea-pielii-100-ml\/#breadcrumb","itemListElement":[{"@type":"ListItem","position":1,"name":"Dom\u016f","item":"https:\/\/shopatoa.com\/ro\/"},{"@type":"ListItem","position":2,"name":"Shop","item":"https:\/\/shopatoa.com\/ro\/shop\/"},{"@type":"ListItem","position":3,"name":"S\u0103n\u0103tate \u0219i frumuse\u021be","item":"https:\/\/shopatoa.com\/ro\/sanatate-si-frumusete\/"},{"@type":"ListItem","position":4,"name":"\u00cengrijire personal\u0103","item":"https:\/\/shopatoa.com\/ro\/ingrijire-personala\/"},{"@type":"ListItem","position":5,"name":"Cosmetice","item":"https:\/\/shopatoa.com\/ro\/cosmetice-ingrijire-personala\/"},{"@type":"ListItem","position":6,"name":"\u00cengrijirea pielii","item":"https:\/\/shopatoa.com\/ro\/ingrijirea-pielii\/"},{"@type":"ListItem","position":7,"name":"WHAMISA Organic Herb Olive Leaf Mist pudra foarte fina pentru netezirea pielii 100 ml"}]},{"@type":"WebSite","@id":"https:\/\/shopatoa.com\/ro\/#website","url":"https:\/\/shopatoa.com\/ro\/","name":"SHOPATOA","description":"","publisher":{"@id":"https:\/\/shopatoa.com\/ro\/#organization"},"potentialAction":[{"@type":"SearchAction","target":{"@type":"EntryPoint","urlTemplate":"https:\/\/shopatoa.com\/ro\/?s={search_term_string}"},"query-input":{"@type":"PropertyValueSpecification","valueRequired":true,"valueName":"search_term_string"}}],"inLanguage":"ro-RO"},{"@type":"Organization","@id":"https:\/\/shopatoa.com\/ro\/#organization","name":"SHOPATOA","url":"https:\/\/shopatoa.com\/ro\/","logo":{"@type":"ImageObject","inLanguage":"ro-RO","@id":"https:\/\/shopatoa.com\/ro\/#\/schema\/logo\/image\/","url":"https:\/\/storage.googleapis.com\/cz-shopatoa-img\/ro\/b4dac915-shopatoa_logo.png","contentUrl":"https:\/\/storage.googleapis.com\/cz-shopatoa-img\/ro\/b4dac915-shopatoa_logo.png","width":416,"height":63,"caption":"SHOPATOA"},"image":{"@id":"https:\/\/shopatoa.com\/ro\/#\/schema\/logo\/image\/"}}]}},"_links":{"self":[{"href":"https:\/\/shopatoa.com\/ro\/wp-json\/wp\/v2\/product\/415250","targetHints":{"allow":["GET"]}}],"collection":[{"href":"https:\/\/shopatoa.com\/ro\/wp-json\/wp\/v2\/product"}],"about":[{"href":"https:\/\/shopatoa.com\/ro\/wp-json\/wp\/v2\/types\/product"}],"replies":[{"embeddable":true,"href":"https:\/\/shopatoa.com\/ro\/wp-json\/wp\/v2\/comments?post=415250"}],"wp:featuredmedia":[{"embeddable":true,"href":"https:\/\/shopatoa.com\/ro\/wp-json\/wp\/v2\/media\/415251"}],"wp:attachment":[{"href":"https:\/\/shopatoa.com\/ro\/wp-json\/wp\/v2\/media?parent=415250"}],"wp:term":[{"taxonomy":"product_brand","embeddable":true,"href":"https:\/\/shopatoa.com\/ro\/wp-json\/wp\/v2\/product_brand?post=415250"},{"taxonomy":"product_cat","embeddable":true,"href":"https:\/\/shopatoa.com\/ro\/wp-json\/wp\/v2\/product_cat?post=415250"},{"taxonomy":"product_tag","embeddable":true,"href":"https:\/\/shopatoa.com\/ro\/wp-json\/wp\/v2\/product_tag?post=415250"}],"curies":[{"name":"wp","href":"https:\/\/api.w.org\/{rel}","templated":true}]}}