{"id":415258,"date":"2025-06-21T00:52:28","date_gmt":"2025-06-20T22:52:28","guid":{"rendered":"https:\/\/shopatoa.com\/ro\/nail-hq-acetone-free-dizolvant-pentru-oja-fara-acetona-75-ml\/"},"modified":"2025-12-12T01:22:45","modified_gmt":"2025-12-12T00:22:45","slug":"nail-hq-acetone-free-dizolvant-pentru-oja-fara-acetona-75-ml","status":"publish","type":"product","link":"https:\/\/shopatoa.com\/ro\/nail-hq-acetone-free-dizolvant-pentru-oja-fara-acetona-75-ml\/","title":{"rendered":"Nail HQ Acetone Free dizolvant pentru oja fara acetona 75 ml"},"content":{"rendered":"<p>Nail HQ Acetone Free, 75 ml, Acetona pentru femei, Unghiile cu oj\u0103 cr\u0103pat\u0103 nu arat\u0103 niciodat\u0103 frumoase \u0219i nicidecum \u00eengrijite. Lua\u021bi m\u0103suri \u00eenainte de a se decoji. Dizolvantul pentru oj\u0103 Nail HQAcetone Free v\u0103 va ajuta s\u0103 \u00eendep\u0103rta\u021bi rapid \u0219i eficient lacul de pe suprafa\u021ba unghiilor. Le va l\u0103sa perfect curate, f\u0103r\u0103 reziduuri \u0219i preg\u0103tite pentru urm\u0103toarea \u00eengrijire. Astfel, v\u0103 pute\u021bi schimba stilul oric\u00e2t de des dori\u021bi \u2013 ve\u021bi fi gata pentru o nou\u0103 manichiur\u0103 acas\u0103 \u00een cel mai scurt timp.  Caracteristici:  potrivit \u0219i pentru unghiile slabe \u0219i sensibile nu irit\u0103 patul unghial f\u0103r\u0103 aceton\u0103 \u00eendep\u0103rteaz\u0103 lacul rapid \u0219i eficient hr\u0103ne\u0219te unghiile \u00eempiedic\u0103 uscarea unghiilor  Ingrediente:  produs vegan  Cum se utilizeaz\u0103: Folosi\u021bi pentru a \u00eendep\u0103rta lacurile obi\u0219nuite.<\/p>\n","protected":false},"excerpt":{"rendered":"<p>Nail HQ Acetone Free, 75 ml, Acetona pentru femei, Unghiile cu oj\u0103 cr\u0103pat\u0103 nu arat\u0103 niciodat\u0103 frumoase \u0219i nicidecum \u00eengrijite. Lua\u021bi m\u0103suri \u00eenainte de a se decoji. Dizolvantul pentru oj\u0103 Nail HQAcetone Free v\u0103 va ajuta s\u0103 \u00eendep\u0103rta\u021bi rapid \u0219i eficient lacul de pe suprafa\u021ba unghiilor. Le va l\u0103sa perfect curate, f\u0103r\u0103 reziduuri \u0219i preg\u0103tite&#8230;<\/p>\n","protected":false},"featured_media":415259,"comment_status":"closed","ping_status":"open","template":"","meta":{"_acf_changed":false,"_kadence_starter_templates_imported_post":false,"_kad_post_transparent":"","_kad_post_title":"","_kad_post_layout":"","_kad_post_sidebar_id":"","_kad_post_content_style":"","_kad_post_vertical_padding":"","_kad_post_feature":"","_kad_post_feature_position":"","_kad_post_header":false,"_kad_post_footer":false,"_kad_post_classname":""},"product_brand":[2197],"product_cat":[1564,2018,1563,1581,1562],"product_tag":[],"class_list":{"0":"post-415258","1":"product","2":"type-product","3":"status-publish","4":"has-post-thumbnail","6":"product_brand-nail-hq","7":"product_cat-cosmetice-ingrijire-personala","8":"product_cat-indepartarea-ojei-de-unghii","9":"product_cat-ingrijire-personala","10":"product_cat-ingrijirea-unghiilor","11":"product_cat-sanatate-si-frumusete","12":"pa_gen-female","13":"pa_marime-75-ml","15":"first","16":"instock","17":"sale","18":"product-type-external","19":"entry","20":"content-bg","21":"loop-entry"},"acf":[],"yoast_head":"<!-- This site is optimized with the Yoast SEO plugin v27.4 - https:\/\/yoast.com\/product\/yoast-seo-wordpress\/ -->\n<title>Nail HQ Acetone Free dizolvant pentru oja fara acetona 75 ml - SHOPATOA.COM<\/title>\n<meta name=\"robots\" content=\"index, follow, max-snippet:-1, max-image-preview:large, max-video-preview:-1\" \/>\n<link rel=\"canonical\" href=\"https:\/\/shopatoa.com\/ro\/nail-hq-acetone-free-dizolvant-pentru-oja-fara-acetona-75-ml\/\" \/>\n<meta property=\"og:locale\" content=\"ro_RO\" \/>\n<meta property=\"og:type\" content=\"article\" \/>\n<meta property=\"og:title\" content=\"Nail HQ Acetone Free dizolvant pentru oja fara acetona 75 ml - SHOPATOA.COM\" \/>\n<meta property=\"og:description\" content=\"Nail HQ Acetone Free, 75 ml, Acetona pentru femei, Unghiile cu oj\u0103 cr\u0103pat\u0103 nu arat\u0103 niciodat\u0103 frumoase \u0219i nicidecum \u00eengrijite. Lua\u021bi m\u0103suri \u00eenainte de a se decoji. Dizolvantul pentru oj\u0103 Nail HQAcetone Free v\u0103 va ajuta s\u0103 \u00eendep\u0103rta\u021bi rapid \u0219i eficient lacul de pe suprafa\u021ba unghiilor. Le va l\u0103sa perfect curate, f\u0103r\u0103 reziduuri \u0219i preg\u0103tite...\" \/>\n<meta property=\"og:url\" content=\"https:\/\/shopatoa.com\/ro\/nail-hq-acetone-free-dizolvant-pentru-oja-fara-acetona-75-ml\/\" \/>\n<meta property=\"og:site_name\" content=\"SHOPATOA\" \/>\n<meta property=\"article:modified_time\" content=\"2025-12-12T00:22:45+00:00\" \/>\n<meta property=\"og:image\" content=\"https:\/\/storage.googleapis.com\/cz-shopatoa-img\/ro\/bff7dcf4-unnamed-file.webp\" \/>\n\t<meta property=\"og:image:width\" content=\"800\" \/>\n\t<meta property=\"og:image:height\" content=\"800\" \/>\n\t<meta property=\"og:image:type\" content=\"image\/webp\" \/>\n<meta name=\"twitter:card\" content=\"summary_large_image\" \/>\n<meta name=\"twitter:label1\" content=\"Timp estimat pentru citire\" \/>\n\t<meta name=\"twitter:data1\" content=\"1 minut\" \/>\n<script type=\"application\/ld+json\" class=\"yoast-schema-graph\">{\"@context\":\"https:\\\/\\\/schema.org\",\"@graph\":[{\"@type\":\"WebPage\",\"@id\":\"https:\\\/\\\/shopatoa.com\\\/ro\\\/nail-hq-acetone-free-dizolvant-pentru-oja-fara-acetona-75-ml\\\/\",\"url\":\"https:\\\/\\\/shopatoa.com\\\/ro\\\/nail-hq-acetone-free-dizolvant-pentru-oja-fara-acetona-75-ml\\\/\",\"name\":\"Nail HQ Acetone Free dizolvant pentru oja fara acetona 75 ml - SHOPATOA.COM\",\"isPartOf\":{\"@id\":\"https:\\\/\\\/shopatoa.com\\\/ro\\\/#website\"},\"primaryImageOfPage\":{\"@id\":\"https:\\\/\\\/shopatoa.com\\\/ro\\\/nail-hq-acetone-free-dizolvant-pentru-oja-fara-acetona-75-ml\\\/#primaryimage\"},\"image\":{\"@id\":\"https:\\\/\\\/shopatoa.com\\\/ro\\\/nail-hq-acetone-free-dizolvant-pentru-oja-fara-acetona-75-ml\\\/#primaryimage\"},\"thumbnailUrl\":\"https:\\\/\\\/storage.googleapis.com\\\/cz-shopatoa-img\\\/ro\\\/bff7dcf4-unnamed-file.webp\",\"datePublished\":\"2025-06-20T22:52:28+00:00\",\"dateModified\":\"2025-12-12T00:22:45+00:00\",\"breadcrumb\":{\"@id\":\"https:\\\/\\\/shopatoa.com\\\/ro\\\/nail-hq-acetone-free-dizolvant-pentru-oja-fara-acetona-75-ml\\\/#breadcrumb\"},\"inLanguage\":\"ro-RO\",\"potentialAction\":[{\"@type\":\"ReadAction\",\"target\":[\"https:\\\/\\\/shopatoa.com\\\/ro\\\/nail-hq-acetone-free-dizolvant-pentru-oja-fara-acetona-75-ml\\\/\"]}]},{\"@type\":\"ImageObject\",\"inLanguage\":\"ro-RO\",\"@id\":\"https:\\\/\\\/shopatoa.com\\\/ro\\\/nail-hq-acetone-free-dizolvant-pentru-oja-fara-acetona-75-ml\\\/#primaryimage\",\"url\":\"https:\\\/\\\/storage.googleapis.com\\\/cz-shopatoa-img\\\/ro\\\/bff7dcf4-unnamed-file.webp\",\"contentUrl\":\"https:\\\/\\\/storage.googleapis.com\\\/cz-shopatoa-img\\\/ro\\\/bff7dcf4-unnamed-file.webp\",\"width\":800,\"height\":800},{\"@type\":\"BreadcrumbList\",\"@id\":\"https:\\\/\\\/shopatoa.com\\\/ro\\\/nail-hq-acetone-free-dizolvant-pentru-oja-fara-acetona-75-ml\\\/#breadcrumb\",\"itemListElement\":[{\"@type\":\"ListItem\",\"position\":1,\"name\":\"Dom\u016f\",\"item\":\"https:\\\/\\\/shopatoa.com\\\/ro\\\/\"},{\"@type\":\"ListItem\",\"position\":2,\"name\":\"Shop\",\"item\":\"https:\\\/\\\/shopatoa.com\\\/ro\\\/shop\\\/\"},{\"@type\":\"ListItem\",\"position\":3,\"name\":\"S\u0103n\u0103tate \u0219i frumuse\u021be\",\"item\":\"https:\\\/\\\/shopatoa.com\\\/ro\\\/sanatate-si-frumusete\\\/\"},{\"@type\":\"ListItem\",\"position\":4,\"name\":\"\u00cengrijire personal\u0103\",\"item\":\"https:\\\/\\\/shopatoa.com\\\/ro\\\/ingrijire-personala\\\/\"},{\"@type\":\"ListItem\",\"position\":5,\"name\":\"Cosmetice\",\"item\":\"https:\\\/\\\/shopatoa.com\\\/ro\\\/cosmetice-ingrijire-personala\\\/\"},{\"@type\":\"ListItem\",\"position\":6,\"name\":\"\u00cengrijirea unghiilor\",\"item\":\"https:\\\/\\\/shopatoa.com\\\/ro\\\/ingrijirea-unghiilor\\\/\"},{\"@type\":\"ListItem\",\"position\":7,\"name\":\"\u00cendep\u0103rtarea ojei de unghii\",\"item\":\"https:\\\/\\\/shopatoa.com\\\/ro\\\/indepartarea-ojei-de-unghii\\\/\"},{\"@type\":\"ListItem\",\"position\":8,\"name\":\"Nail HQ Acetone Free dizolvant pentru oja fara acetona 75 ml\"}]},{\"@type\":\"WebSite\",\"@id\":\"https:\\\/\\\/shopatoa.com\\\/ro\\\/#website\",\"url\":\"https:\\\/\\\/shopatoa.com\\\/ro\\\/\",\"name\":\"SHOPATOA\",\"description\":\"\",\"publisher\":{\"@id\":\"https:\\\/\\\/shopatoa.com\\\/ro\\\/#organization\"},\"potentialAction\":[{\"@type\":\"SearchAction\",\"target\":{\"@type\":\"EntryPoint\",\"urlTemplate\":\"https:\\\/\\\/shopatoa.com\\\/ro\\\/?s={search_term_string}\"},\"query-input\":{\"@type\":\"PropertyValueSpecification\",\"valueRequired\":true,\"valueName\":\"search_term_string\"}}],\"inLanguage\":\"ro-RO\"},{\"@type\":\"Organization\",\"@id\":\"https:\\\/\\\/shopatoa.com\\\/ro\\\/#organization\",\"name\":\"SHOPATOA\",\"url\":\"https:\\\/\\\/shopatoa.com\\\/ro\\\/\",\"logo\":{\"@type\":\"ImageObject\",\"inLanguage\":\"ro-RO\",\"@id\":\"https:\\\/\\\/shopatoa.com\\\/ro\\\/#\\\/schema\\\/logo\\\/image\\\/\",\"url\":\"https:\\\/\\\/storage.googleapis.com\\\/cz-shopatoa-img\\\/ro\\\/b4dac915-shopatoa_logo.png\",\"contentUrl\":\"https:\\\/\\\/storage.googleapis.com\\\/cz-shopatoa-img\\\/ro\\\/b4dac915-shopatoa_logo.png\",\"width\":416,\"height\":63,\"caption\":\"SHOPATOA\"},\"image\":{\"@id\":\"https:\\\/\\\/shopatoa.com\\\/ro\\\/#\\\/schema\\\/logo\\\/image\\\/\"}}]}<\/script>\n<!-- \/ Yoast SEO plugin. -->","yoast_head_json":{"title":"Nail HQ Acetone Free dizolvant pentru oja fara acetona 75 ml - SHOPATOA.COM","robots":{"index":"index","follow":"follow","max-snippet":"max-snippet:-1","max-image-preview":"max-image-preview:large","max-video-preview":"max-video-preview:-1"},"canonical":"https:\/\/shopatoa.com\/ro\/nail-hq-acetone-free-dizolvant-pentru-oja-fara-acetona-75-ml\/","og_locale":"ro_RO","og_type":"article","og_title":"Nail HQ Acetone Free dizolvant pentru oja fara acetona 75 ml - SHOPATOA.COM","og_description":"Nail HQ Acetone Free, 75 ml, Acetona pentru femei, Unghiile cu oj\u0103 cr\u0103pat\u0103 nu arat\u0103 niciodat\u0103 frumoase \u0219i nicidecum \u00eengrijite. Lua\u021bi m\u0103suri \u00eenainte de a se decoji. Dizolvantul pentru oj\u0103 Nail HQAcetone Free v\u0103 va ajuta s\u0103 \u00eendep\u0103rta\u021bi rapid \u0219i eficient lacul de pe suprafa\u021ba unghiilor. Le va l\u0103sa perfect curate, f\u0103r\u0103 reziduuri \u0219i preg\u0103tite...","og_url":"https:\/\/shopatoa.com\/ro\/nail-hq-acetone-free-dizolvant-pentru-oja-fara-acetona-75-ml\/","og_site_name":"SHOPATOA","article_modified_time":"2025-12-12T00:22:45+00:00","og_image":[{"width":800,"height":800,"url":"https:\/\/storage.googleapis.com\/cz-shopatoa-img\/ro\/bff7dcf4-unnamed-file.webp","type":"image\/webp"}],"twitter_card":"summary_large_image","twitter_misc":{"Timp estimat pentru citire":"1 minut"},"schema":{"@context":"https:\/\/schema.org","@graph":[{"@type":"WebPage","@id":"https:\/\/shopatoa.com\/ro\/nail-hq-acetone-free-dizolvant-pentru-oja-fara-acetona-75-ml\/","url":"https:\/\/shopatoa.com\/ro\/nail-hq-acetone-free-dizolvant-pentru-oja-fara-acetona-75-ml\/","name":"Nail HQ Acetone Free dizolvant pentru oja fara acetona 75 ml - SHOPATOA.COM","isPartOf":{"@id":"https:\/\/shopatoa.com\/ro\/#website"},"primaryImageOfPage":{"@id":"https:\/\/shopatoa.com\/ro\/nail-hq-acetone-free-dizolvant-pentru-oja-fara-acetona-75-ml\/#primaryimage"},"image":{"@id":"https:\/\/shopatoa.com\/ro\/nail-hq-acetone-free-dizolvant-pentru-oja-fara-acetona-75-ml\/#primaryimage"},"thumbnailUrl":"https:\/\/storage.googleapis.com\/cz-shopatoa-img\/ro\/bff7dcf4-unnamed-file.webp","datePublished":"2025-06-20T22:52:28+00:00","dateModified":"2025-12-12T00:22:45+00:00","breadcrumb":{"@id":"https:\/\/shopatoa.com\/ro\/nail-hq-acetone-free-dizolvant-pentru-oja-fara-acetona-75-ml\/#breadcrumb"},"inLanguage":"ro-RO","potentialAction":[{"@type":"ReadAction","target":["https:\/\/shopatoa.com\/ro\/nail-hq-acetone-free-dizolvant-pentru-oja-fara-acetona-75-ml\/"]}]},{"@type":"ImageObject","inLanguage":"ro-RO","@id":"https:\/\/shopatoa.com\/ro\/nail-hq-acetone-free-dizolvant-pentru-oja-fara-acetona-75-ml\/#primaryimage","url":"https:\/\/storage.googleapis.com\/cz-shopatoa-img\/ro\/bff7dcf4-unnamed-file.webp","contentUrl":"https:\/\/storage.googleapis.com\/cz-shopatoa-img\/ro\/bff7dcf4-unnamed-file.webp","width":800,"height":800},{"@type":"BreadcrumbList","@id":"https:\/\/shopatoa.com\/ro\/nail-hq-acetone-free-dizolvant-pentru-oja-fara-acetona-75-ml\/#breadcrumb","itemListElement":[{"@type":"ListItem","position":1,"name":"Dom\u016f","item":"https:\/\/shopatoa.com\/ro\/"},{"@type":"ListItem","position":2,"name":"Shop","item":"https:\/\/shopatoa.com\/ro\/shop\/"},{"@type":"ListItem","position":3,"name":"S\u0103n\u0103tate \u0219i frumuse\u021be","item":"https:\/\/shopatoa.com\/ro\/sanatate-si-frumusete\/"},{"@type":"ListItem","position":4,"name":"\u00cengrijire personal\u0103","item":"https:\/\/shopatoa.com\/ro\/ingrijire-personala\/"},{"@type":"ListItem","position":5,"name":"Cosmetice","item":"https:\/\/shopatoa.com\/ro\/cosmetice-ingrijire-personala\/"},{"@type":"ListItem","position":6,"name":"\u00cengrijirea unghiilor","item":"https:\/\/shopatoa.com\/ro\/ingrijirea-unghiilor\/"},{"@type":"ListItem","position":7,"name":"\u00cendep\u0103rtarea ojei de unghii","item":"https:\/\/shopatoa.com\/ro\/indepartarea-ojei-de-unghii\/"},{"@type":"ListItem","position":8,"name":"Nail HQ Acetone Free dizolvant pentru oja fara acetona 75 ml"}]},{"@type":"WebSite","@id":"https:\/\/shopatoa.com\/ro\/#website","url":"https:\/\/shopatoa.com\/ro\/","name":"SHOPATOA","description":"","publisher":{"@id":"https:\/\/shopatoa.com\/ro\/#organization"},"potentialAction":[{"@type":"SearchAction","target":{"@type":"EntryPoint","urlTemplate":"https:\/\/shopatoa.com\/ro\/?s={search_term_string}"},"query-input":{"@type":"PropertyValueSpecification","valueRequired":true,"valueName":"search_term_string"}}],"inLanguage":"ro-RO"},{"@type":"Organization","@id":"https:\/\/shopatoa.com\/ro\/#organization","name":"SHOPATOA","url":"https:\/\/shopatoa.com\/ro\/","logo":{"@type":"ImageObject","inLanguage":"ro-RO","@id":"https:\/\/shopatoa.com\/ro\/#\/schema\/logo\/image\/","url":"https:\/\/storage.googleapis.com\/cz-shopatoa-img\/ro\/b4dac915-shopatoa_logo.png","contentUrl":"https:\/\/storage.googleapis.com\/cz-shopatoa-img\/ro\/b4dac915-shopatoa_logo.png","width":416,"height":63,"caption":"SHOPATOA"},"image":{"@id":"https:\/\/shopatoa.com\/ro\/#\/schema\/logo\/image\/"}}]}},"_links":{"self":[{"href":"https:\/\/shopatoa.com\/ro\/wp-json\/wp\/v2\/product\/415258","targetHints":{"allow":["GET"]}}],"collection":[{"href":"https:\/\/shopatoa.com\/ro\/wp-json\/wp\/v2\/product"}],"about":[{"href":"https:\/\/shopatoa.com\/ro\/wp-json\/wp\/v2\/types\/product"}],"replies":[{"embeddable":true,"href":"https:\/\/shopatoa.com\/ro\/wp-json\/wp\/v2\/comments?post=415258"}],"wp:featuredmedia":[{"embeddable":true,"href":"https:\/\/shopatoa.com\/ro\/wp-json\/wp\/v2\/media\/415259"}],"wp:attachment":[{"href":"https:\/\/shopatoa.com\/ro\/wp-json\/wp\/v2\/media?parent=415258"}],"wp:term":[{"taxonomy":"product_brand","embeddable":true,"href":"https:\/\/shopatoa.com\/ro\/wp-json\/wp\/v2\/product_brand?post=415258"},{"taxonomy":"product_cat","embeddable":true,"href":"https:\/\/shopatoa.com\/ro\/wp-json\/wp\/v2\/product_cat?post=415258"},{"taxonomy":"product_tag","embeddable":true,"href":"https:\/\/shopatoa.com\/ro\/wp-json\/wp\/v2\/product_tag?post=415258"}],"curies":[{"name":"wp","href":"https:\/\/api.w.org\/{rel}","templated":true}]}}