{"id":415705,"date":"2025-06-21T01:45:56","date_gmt":"2025-06-20T23:45:56","guid":{"rendered":"https:\/\/shopatoa.com\/ro\/klairs-midnight-blue-calming-cream-crema-cu-efect-calmant-dupa-expunere-la-soare-pentru-piele-sensibila-si-inrosita-60-ml\/"},"modified":"2025-12-14T04:42:15","modified_gmt":"2025-12-14T03:42:15","slug":"klairs-midnight-blue-calming-cream-crema-cu-efect-calmant-dupa-expunere-la-soare-pentru-piele-sensibila-si-inrosita-60-ml","status":"publish","type":"product","link":"https:\/\/shopatoa.com\/ro\/klairs-midnight-blue-calming-cream-crema-cu-efect-calmant-dupa-expunere-la-soare-pentru-piele-sensibila-si-inrosita-60-ml\/","title":{"rendered":"Klairs Midnight Blue Calming Cream crema cu efect calmant dupa expunere la soare pentru piele sensibila si inrosita 60 ml"},"content":{"rendered":"<p>Klairs Midnight Blue Calming Cream, 60 ml, Produse after sun pentru femei, Pentru ca tenul dvs. s\u0103 nu aib\u0103 de suferit din cauza soarelui, este important s\u0103 ave\u021bi grij\u0103 de el nu doar \u00eenainte de expunerea la soare, ci \u0219i dup\u0103. Produsul dup\u0103 plaj\u0103 Klairs Midnight Blue Calming Cream va calma tenul \u0219i va restabili umiditatea pierdut\u0103, \u00eel va ajuta s\u0103 se regenereze \u0219i va contribui la reducerea ro\u0219e\u021bii.  Caracteristici:  elimin\u0103 daunele cauzate de radia\u021biile solare calmeaz\u0103 tenul \u0219i \u00eel protejeaz\u0103 \u00eempotriva irita\u021biilor se aplic\u0103 u\u0219or \u0219i se absoarbe rapid hidrateaz\u0103 pielea \u00een profunzime reface elasticitatea pielii amelioreaz\u0103 ro\u0219ea\u021ba pielii  Cum se utilizeaz\u0103: A se utiliza regulat, dup\u0103 fiecare \u0219edin\u021b\u0103 de bronzare.<\/p>\n","protected":false},"excerpt":{"rendered":"<p>Klairs Midnight Blue Calming Cream, 60 ml, Produse after sun pentru femei, Pentru ca tenul dvs. s\u0103 nu aib\u0103 de suferit din cauza soarelui, este important s\u0103 ave\u021bi grij\u0103 de el nu doar \u00eenainte de expunerea la soare, ci \u0219i dup\u0103. Produsul dup\u0103 plaj\u0103 Klairs Midnight Blue Calming Cream va calma tenul \u0219i va restabili&#8230;<\/p>\n","protected":false},"featured_media":415706,"comment_status":"closed","ping_status":"open","template":"","meta":{"_acf_changed":false,"_kadence_starter_templates_imported_post":false,"_kad_post_transparent":"","_kad_post_title":"","_kad_post_layout":"","_kad_post_sidebar_id":"","_kad_post_content_style":"","_kad_post_vertical_padding":"","_kad_post_feature":"","_kad_post_feature_position":"","_kad_post_header":false,"_kad_post_footer":false,"_kad_post_classname":""},"product_brand":[2033],"product_cat":[1564,1563,1565,1562],"product_tag":[],"class_list":{"0":"post-415705","1":"product","2":"type-product","3":"status-publish","4":"has-post-thumbnail","6":"product_brand-klairs","7":"product_cat-cosmetice-ingrijire-personala","8":"product_cat-ingrijire-personala","9":"product_cat-ingrijirea-pielii","10":"product_cat-sanatate-si-frumusete","11":"pa_gen-female","12":"pa_marime-60-ml","14":"first","15":"instock","16":"sale","17":"product-type-external","18":"entry","19":"content-bg","20":"loop-entry"},"acf":[],"yoast_head":"<!-- This site is optimized with the Yoast SEO plugin v27.4 - https:\/\/yoast.com\/product\/yoast-seo-wordpress\/ -->\n<title>Klairs Midnight Blue Calming Cream crema cu efect calmant dupa expunere la soare pentru piele sensibila si inrosita 60 ml - SHOPATOA.COM<\/title>\n<meta name=\"robots\" content=\"index, follow, max-snippet:-1, max-image-preview:large, max-video-preview:-1\" \/>\n<link rel=\"canonical\" href=\"https:\/\/shopatoa.com\/ro\/klairs-midnight-blue-calming-cream-crema-cu-efect-calmant-dupa-expunere-la-soare-pentru-piele-sensibila-si-inrosita-60-ml\/\" \/>\n<meta property=\"og:locale\" content=\"ro_RO\" \/>\n<meta property=\"og:type\" content=\"article\" \/>\n<meta property=\"og:title\" content=\"Klairs Midnight Blue Calming Cream crema cu efect calmant dupa expunere la soare pentru piele sensibila si inrosita 60 ml - SHOPATOA.COM\" \/>\n<meta property=\"og:description\" content=\"Klairs Midnight Blue Calming Cream, 60 ml, Produse after sun pentru femei, Pentru ca tenul dvs. s\u0103 nu aib\u0103 de suferit din cauza soarelui, este important s\u0103 ave\u021bi grij\u0103 de el nu doar \u00eenainte de expunerea la soare, ci \u0219i dup\u0103. Produsul dup\u0103 plaj\u0103 Klairs Midnight Blue Calming Cream va calma tenul \u0219i va restabili...\" \/>\n<meta property=\"og:url\" content=\"https:\/\/shopatoa.com\/ro\/klairs-midnight-blue-calming-cream-crema-cu-efect-calmant-dupa-expunere-la-soare-pentru-piele-sensibila-si-inrosita-60-ml\/\" \/>\n<meta property=\"og:site_name\" content=\"SHOPATOA\" \/>\n<meta property=\"article:modified_time\" content=\"2025-12-14T03:42:15+00:00\" \/>\n<meta property=\"og:image\" content=\"https:\/\/storage.googleapis.com\/cz-shopatoa-img\/ro\/671a3c49-unnamed-file.webp\" \/>\n\t<meta property=\"og:image:width\" content=\"800\" \/>\n\t<meta property=\"og:image:height\" content=\"800\" \/>\n\t<meta property=\"og:image:type\" content=\"image\/webp\" \/>\n<meta name=\"twitter:card\" content=\"summary_large_image\" \/>\n<meta name=\"twitter:label1\" content=\"Timp estimat pentru citire\" \/>\n\t<meta name=\"twitter:data1\" content=\"1 minut\" \/>\n<script type=\"application\/ld+json\" class=\"yoast-schema-graph\">{\"@context\":\"https:\\\/\\\/schema.org\",\"@graph\":[{\"@type\":\"WebPage\",\"@id\":\"https:\\\/\\\/shopatoa.com\\\/ro\\\/klairs-midnight-blue-calming-cream-crema-cu-efect-calmant-dupa-expunere-la-soare-pentru-piele-sensibila-si-inrosita-60-ml\\\/\",\"url\":\"https:\\\/\\\/shopatoa.com\\\/ro\\\/klairs-midnight-blue-calming-cream-crema-cu-efect-calmant-dupa-expunere-la-soare-pentru-piele-sensibila-si-inrosita-60-ml\\\/\",\"name\":\"Klairs Midnight Blue Calming Cream crema cu efect calmant dupa expunere la soare pentru piele sensibila si inrosita 60 ml - SHOPATOA.COM\",\"isPartOf\":{\"@id\":\"https:\\\/\\\/shopatoa.com\\\/ro\\\/#website\"},\"primaryImageOfPage\":{\"@id\":\"https:\\\/\\\/shopatoa.com\\\/ro\\\/klairs-midnight-blue-calming-cream-crema-cu-efect-calmant-dupa-expunere-la-soare-pentru-piele-sensibila-si-inrosita-60-ml\\\/#primaryimage\"},\"image\":{\"@id\":\"https:\\\/\\\/shopatoa.com\\\/ro\\\/klairs-midnight-blue-calming-cream-crema-cu-efect-calmant-dupa-expunere-la-soare-pentru-piele-sensibila-si-inrosita-60-ml\\\/#primaryimage\"},\"thumbnailUrl\":\"https:\\\/\\\/storage.googleapis.com\\\/cz-shopatoa-img\\\/ro\\\/671a3c49-unnamed-file.webp\",\"datePublished\":\"2025-06-20T23:45:56+00:00\",\"dateModified\":\"2025-12-14T03:42:15+00:00\",\"breadcrumb\":{\"@id\":\"https:\\\/\\\/shopatoa.com\\\/ro\\\/klairs-midnight-blue-calming-cream-crema-cu-efect-calmant-dupa-expunere-la-soare-pentru-piele-sensibila-si-inrosita-60-ml\\\/#breadcrumb\"},\"inLanguage\":\"ro-RO\",\"potentialAction\":[{\"@type\":\"ReadAction\",\"target\":[\"https:\\\/\\\/shopatoa.com\\\/ro\\\/klairs-midnight-blue-calming-cream-crema-cu-efect-calmant-dupa-expunere-la-soare-pentru-piele-sensibila-si-inrosita-60-ml\\\/\"]}]},{\"@type\":\"ImageObject\",\"inLanguage\":\"ro-RO\",\"@id\":\"https:\\\/\\\/shopatoa.com\\\/ro\\\/klairs-midnight-blue-calming-cream-crema-cu-efect-calmant-dupa-expunere-la-soare-pentru-piele-sensibila-si-inrosita-60-ml\\\/#primaryimage\",\"url\":\"https:\\\/\\\/storage.googleapis.com\\\/cz-shopatoa-img\\\/ro\\\/671a3c49-unnamed-file.webp\",\"contentUrl\":\"https:\\\/\\\/storage.googleapis.com\\\/cz-shopatoa-img\\\/ro\\\/671a3c49-unnamed-file.webp\",\"width\":800,\"height\":800},{\"@type\":\"BreadcrumbList\",\"@id\":\"https:\\\/\\\/shopatoa.com\\\/ro\\\/klairs-midnight-blue-calming-cream-crema-cu-efect-calmant-dupa-expunere-la-soare-pentru-piele-sensibila-si-inrosita-60-ml\\\/#breadcrumb\",\"itemListElement\":[{\"@type\":\"ListItem\",\"position\":1,\"name\":\"Dom\u016f\",\"item\":\"https:\\\/\\\/shopatoa.com\\\/ro\\\/\"},{\"@type\":\"ListItem\",\"position\":2,\"name\":\"Shop\",\"item\":\"https:\\\/\\\/shopatoa.com\\\/ro\\\/shop\\\/\"},{\"@type\":\"ListItem\",\"position\":3,\"name\":\"S\u0103n\u0103tate \u0219i frumuse\u021be\",\"item\":\"https:\\\/\\\/shopatoa.com\\\/ro\\\/sanatate-si-frumusete\\\/\"},{\"@type\":\"ListItem\",\"position\":4,\"name\":\"\u00cengrijire personal\u0103\",\"item\":\"https:\\\/\\\/shopatoa.com\\\/ro\\\/ingrijire-personala\\\/\"},{\"@type\":\"ListItem\",\"position\":5,\"name\":\"Cosmetice\",\"item\":\"https:\\\/\\\/shopatoa.com\\\/ro\\\/cosmetice-ingrijire-personala\\\/\"},{\"@type\":\"ListItem\",\"position\":6,\"name\":\"\u00cengrijirea pielii\",\"item\":\"https:\\\/\\\/shopatoa.com\\\/ro\\\/ingrijirea-pielii\\\/\"},{\"@type\":\"ListItem\",\"position\":7,\"name\":\"Klairs Midnight Blue Calming Cream crema cu efect calmant dupa expunere la soare pentru piele sensibila si inrosita 60 ml\"}]},{\"@type\":\"WebSite\",\"@id\":\"https:\\\/\\\/shopatoa.com\\\/ro\\\/#website\",\"url\":\"https:\\\/\\\/shopatoa.com\\\/ro\\\/\",\"name\":\"SHOPATOA\",\"description\":\"\",\"publisher\":{\"@id\":\"https:\\\/\\\/shopatoa.com\\\/ro\\\/#organization\"},\"potentialAction\":[{\"@type\":\"SearchAction\",\"target\":{\"@type\":\"EntryPoint\",\"urlTemplate\":\"https:\\\/\\\/shopatoa.com\\\/ro\\\/?s={search_term_string}\"},\"query-input\":{\"@type\":\"PropertyValueSpecification\",\"valueRequired\":true,\"valueName\":\"search_term_string\"}}],\"inLanguage\":\"ro-RO\"},{\"@type\":\"Organization\",\"@id\":\"https:\\\/\\\/shopatoa.com\\\/ro\\\/#organization\",\"name\":\"SHOPATOA\",\"url\":\"https:\\\/\\\/shopatoa.com\\\/ro\\\/\",\"logo\":{\"@type\":\"ImageObject\",\"inLanguage\":\"ro-RO\",\"@id\":\"https:\\\/\\\/shopatoa.com\\\/ro\\\/#\\\/schema\\\/logo\\\/image\\\/\",\"url\":\"https:\\\/\\\/storage.googleapis.com\\\/cz-shopatoa-img\\\/ro\\\/b4dac915-shopatoa_logo.png\",\"contentUrl\":\"https:\\\/\\\/storage.googleapis.com\\\/cz-shopatoa-img\\\/ro\\\/b4dac915-shopatoa_logo.png\",\"width\":416,\"height\":63,\"caption\":\"SHOPATOA\"},\"image\":{\"@id\":\"https:\\\/\\\/shopatoa.com\\\/ro\\\/#\\\/schema\\\/logo\\\/image\\\/\"}}]}<\/script>\n<!-- \/ Yoast SEO plugin. -->","yoast_head_json":{"title":"Klairs Midnight Blue Calming Cream crema cu efect calmant dupa expunere la soare pentru piele sensibila si inrosita 60 ml - SHOPATOA.COM","robots":{"index":"index","follow":"follow","max-snippet":"max-snippet:-1","max-image-preview":"max-image-preview:large","max-video-preview":"max-video-preview:-1"},"canonical":"https:\/\/shopatoa.com\/ro\/klairs-midnight-blue-calming-cream-crema-cu-efect-calmant-dupa-expunere-la-soare-pentru-piele-sensibila-si-inrosita-60-ml\/","og_locale":"ro_RO","og_type":"article","og_title":"Klairs Midnight Blue Calming Cream crema cu efect calmant dupa expunere la soare pentru piele sensibila si inrosita 60 ml - SHOPATOA.COM","og_description":"Klairs Midnight Blue Calming Cream, 60 ml, Produse after sun pentru femei, Pentru ca tenul dvs. s\u0103 nu aib\u0103 de suferit din cauza soarelui, este important s\u0103 ave\u021bi grij\u0103 de el nu doar \u00eenainte de expunerea la soare, ci \u0219i dup\u0103. Produsul dup\u0103 plaj\u0103 Klairs Midnight Blue Calming Cream va calma tenul \u0219i va restabili...","og_url":"https:\/\/shopatoa.com\/ro\/klairs-midnight-blue-calming-cream-crema-cu-efect-calmant-dupa-expunere-la-soare-pentru-piele-sensibila-si-inrosita-60-ml\/","og_site_name":"SHOPATOA","article_modified_time":"2025-12-14T03:42:15+00:00","og_image":[{"width":800,"height":800,"url":"https:\/\/storage.googleapis.com\/cz-shopatoa-img\/ro\/671a3c49-unnamed-file.webp","type":"image\/webp"}],"twitter_card":"summary_large_image","twitter_misc":{"Timp estimat pentru citire":"1 minut"},"schema":{"@context":"https:\/\/schema.org","@graph":[{"@type":"WebPage","@id":"https:\/\/shopatoa.com\/ro\/klairs-midnight-blue-calming-cream-crema-cu-efect-calmant-dupa-expunere-la-soare-pentru-piele-sensibila-si-inrosita-60-ml\/","url":"https:\/\/shopatoa.com\/ro\/klairs-midnight-blue-calming-cream-crema-cu-efect-calmant-dupa-expunere-la-soare-pentru-piele-sensibila-si-inrosita-60-ml\/","name":"Klairs Midnight Blue Calming Cream crema cu efect calmant dupa expunere la soare pentru piele sensibila si inrosita 60 ml - SHOPATOA.COM","isPartOf":{"@id":"https:\/\/shopatoa.com\/ro\/#website"},"primaryImageOfPage":{"@id":"https:\/\/shopatoa.com\/ro\/klairs-midnight-blue-calming-cream-crema-cu-efect-calmant-dupa-expunere-la-soare-pentru-piele-sensibila-si-inrosita-60-ml\/#primaryimage"},"image":{"@id":"https:\/\/shopatoa.com\/ro\/klairs-midnight-blue-calming-cream-crema-cu-efect-calmant-dupa-expunere-la-soare-pentru-piele-sensibila-si-inrosita-60-ml\/#primaryimage"},"thumbnailUrl":"https:\/\/storage.googleapis.com\/cz-shopatoa-img\/ro\/671a3c49-unnamed-file.webp","datePublished":"2025-06-20T23:45:56+00:00","dateModified":"2025-12-14T03:42:15+00:00","breadcrumb":{"@id":"https:\/\/shopatoa.com\/ro\/klairs-midnight-blue-calming-cream-crema-cu-efect-calmant-dupa-expunere-la-soare-pentru-piele-sensibila-si-inrosita-60-ml\/#breadcrumb"},"inLanguage":"ro-RO","potentialAction":[{"@type":"ReadAction","target":["https:\/\/shopatoa.com\/ro\/klairs-midnight-blue-calming-cream-crema-cu-efect-calmant-dupa-expunere-la-soare-pentru-piele-sensibila-si-inrosita-60-ml\/"]}]},{"@type":"ImageObject","inLanguage":"ro-RO","@id":"https:\/\/shopatoa.com\/ro\/klairs-midnight-blue-calming-cream-crema-cu-efect-calmant-dupa-expunere-la-soare-pentru-piele-sensibila-si-inrosita-60-ml\/#primaryimage","url":"https:\/\/storage.googleapis.com\/cz-shopatoa-img\/ro\/671a3c49-unnamed-file.webp","contentUrl":"https:\/\/storage.googleapis.com\/cz-shopatoa-img\/ro\/671a3c49-unnamed-file.webp","width":800,"height":800},{"@type":"BreadcrumbList","@id":"https:\/\/shopatoa.com\/ro\/klairs-midnight-blue-calming-cream-crema-cu-efect-calmant-dupa-expunere-la-soare-pentru-piele-sensibila-si-inrosita-60-ml\/#breadcrumb","itemListElement":[{"@type":"ListItem","position":1,"name":"Dom\u016f","item":"https:\/\/shopatoa.com\/ro\/"},{"@type":"ListItem","position":2,"name":"Shop","item":"https:\/\/shopatoa.com\/ro\/shop\/"},{"@type":"ListItem","position":3,"name":"S\u0103n\u0103tate \u0219i frumuse\u021be","item":"https:\/\/shopatoa.com\/ro\/sanatate-si-frumusete\/"},{"@type":"ListItem","position":4,"name":"\u00cengrijire personal\u0103","item":"https:\/\/shopatoa.com\/ro\/ingrijire-personala\/"},{"@type":"ListItem","position":5,"name":"Cosmetice","item":"https:\/\/shopatoa.com\/ro\/cosmetice-ingrijire-personala\/"},{"@type":"ListItem","position":6,"name":"\u00cengrijirea pielii","item":"https:\/\/shopatoa.com\/ro\/ingrijirea-pielii\/"},{"@type":"ListItem","position":7,"name":"Klairs Midnight Blue Calming Cream crema cu efect calmant dupa expunere la soare pentru piele sensibila si inrosita 60 ml"}]},{"@type":"WebSite","@id":"https:\/\/shopatoa.com\/ro\/#website","url":"https:\/\/shopatoa.com\/ro\/","name":"SHOPATOA","description":"","publisher":{"@id":"https:\/\/shopatoa.com\/ro\/#organization"},"potentialAction":[{"@type":"SearchAction","target":{"@type":"EntryPoint","urlTemplate":"https:\/\/shopatoa.com\/ro\/?s={search_term_string}"},"query-input":{"@type":"PropertyValueSpecification","valueRequired":true,"valueName":"search_term_string"}}],"inLanguage":"ro-RO"},{"@type":"Organization","@id":"https:\/\/shopatoa.com\/ro\/#organization","name":"SHOPATOA","url":"https:\/\/shopatoa.com\/ro\/","logo":{"@type":"ImageObject","inLanguage":"ro-RO","@id":"https:\/\/shopatoa.com\/ro\/#\/schema\/logo\/image\/","url":"https:\/\/storage.googleapis.com\/cz-shopatoa-img\/ro\/b4dac915-shopatoa_logo.png","contentUrl":"https:\/\/storage.googleapis.com\/cz-shopatoa-img\/ro\/b4dac915-shopatoa_logo.png","width":416,"height":63,"caption":"SHOPATOA"},"image":{"@id":"https:\/\/shopatoa.com\/ro\/#\/schema\/logo\/image\/"}}]}},"_links":{"self":[{"href":"https:\/\/shopatoa.com\/ro\/wp-json\/wp\/v2\/product\/415705","targetHints":{"allow":["GET"]}}],"collection":[{"href":"https:\/\/shopatoa.com\/ro\/wp-json\/wp\/v2\/product"}],"about":[{"href":"https:\/\/shopatoa.com\/ro\/wp-json\/wp\/v2\/types\/product"}],"replies":[{"embeddable":true,"href":"https:\/\/shopatoa.com\/ro\/wp-json\/wp\/v2\/comments?post=415705"}],"wp:featuredmedia":[{"embeddable":true,"href":"https:\/\/shopatoa.com\/ro\/wp-json\/wp\/v2\/media\/415706"}],"wp:attachment":[{"href":"https:\/\/shopatoa.com\/ro\/wp-json\/wp\/v2\/media?parent=415705"}],"wp:term":[{"taxonomy":"product_brand","embeddable":true,"href":"https:\/\/shopatoa.com\/ro\/wp-json\/wp\/v2\/product_brand?post=415705"},{"taxonomy":"product_cat","embeddable":true,"href":"https:\/\/shopatoa.com\/ro\/wp-json\/wp\/v2\/product_cat?post=415705"},{"taxonomy":"product_tag","embeddable":true,"href":"https:\/\/shopatoa.com\/ro\/wp-json\/wp\/v2\/product_tag?post=415705"}],"curies":[{"name":"wp","href":"https:\/\/api.w.org\/{rel}","templated":true}]}}