{"id":415751,"date":"2025-06-21T01:49:21","date_gmt":"2025-06-20T23:49:21","guid":{"rendered":"https:\/\/shopatoa.com\/ro\/claresa-soakoff-uv-led-color-balloon-journey-lac-de-unghii-sub-forma-de-gel-culoare-5-g\/"},"modified":"2025-12-14T04:24:56","modified_gmt":"2025-12-14T03:24:56","slug":"claresa-soakoff-uv-led-color-balloon-journey-lac-de-unghii-sub-forma-de-gel-culoare-5-g","status":"publish","type":"product","link":"https:\/\/shopatoa.com\/ro\/claresa-soakoff-uv-led-color-balloon-journey-lac-de-unghii-sub-forma-de-gel-culoare-5-g\/","title":{"rendered":"Claresa SoakOff UV\/LED Color Balloon Journey lac de unghii sub forma de gel culoare 5 g"},"content":{"rendered":"<p>Claresa SoakOff UV\/LED Color Balloon Journey, 5 g, lac de unghii  pentru femei, O manichiur\u0103 superb\u0103 ca dup\u0103 o vizit\u0103 la salonul de manichiur\u0103? Lacul de unghii ClaresaSoakOff UV\/LED ColorBalloon Journey v\u0103 permite s\u0103 o crea\u021bi \u00een confortul de acas\u0103. Acoper\u0103 suprafa\u021ba unghiei cu un strat uniform de culoare intens\u0103, de lung\u0103 durat\u0103, cu un finisaj lucios, contribuind la ob\u021binerea unui aspect perfect \u00eengrijit al unghiilor. \u00cel pute\u021bi folosi pentru a v\u0103 eviden\u021bia pur \u0219i simplu unghiile sau pentru a v\u0103 accentua stilul \u021binutei. A\u0219adar, ce culoare va str\u0103luci pe unghiile dvs.?  Caracteristici:  culori str\u0103lucitoare \u0219i bogate confer\u0103 un luciu intens aplicare confortabil\u0103 pentru rezisten\u021b\u0103 de lung\u0103 durat\u0103 utiliza\u021bi numai \u00eempreun\u0103 cu lampa LED<\/p>\n","protected":false},"excerpt":{"rendered":"<p>Claresa SoakOff UV\/LED Color Balloon Journey, 5 g, lac de unghii pentru femei, O manichiur\u0103 superb\u0103 ca dup\u0103 o vizit\u0103 la salonul de manichiur\u0103? Lacul de unghii ClaresaSoakOff UV\/LED ColorBalloon Journey v\u0103 permite s\u0103 o crea\u021bi \u00een confortul de acas\u0103. Acoper\u0103 suprafa\u021ba unghiei cu un strat uniform de culoare intens\u0103, de lung\u0103 durat\u0103, cu un&#8230;<\/p>\n","protected":false},"featured_media":415752,"comment_status":"closed","ping_status":"open","template":"","meta":{"_acf_changed":false,"_kadence_starter_templates_imported_post":false,"_kad_post_transparent":"","_kad_post_title":"","_kad_post_layout":"","_kad_post_sidebar_id":"","_kad_post_content_style":"","_kad_post_vertical_padding":"","_kad_post_feature":"","_kad_post_feature_position":"","_kad_post_header":false,"_kad_post_footer":false,"_kad_post_classname":""},"product_brand":[1955],"product_cat":[1564,1563,1581,1585,1562],"product_tag":[],"class_list":{"0":"post-415751","1":"product","2":"type-product","3":"status-publish","4":"has-post-thumbnail","6":"product_brand-claresa","7":"product_cat-cosmetice-ingrijire-personala","8":"product_cat-ingrijire-personala","9":"product_cat-ingrijirea-unghiilor","10":"product_cat-oje-de-unghii-ingrijirea-unghiilor","11":"product_cat-sanatate-si-frumusete","12":"pa_gen-female","13":"pa_marime-5-g","15":"first","16":"instock","17":"sale","18":"product-type-external","19":"entry","20":"content-bg","21":"loop-entry"},"acf":[],"yoast_head":"<!-- This site is optimized with the Yoast SEO plugin v27.3 - https:\/\/yoast.com\/product\/yoast-seo-wordpress\/ -->\n<title>Claresa SoakOff UV\/LED Color Balloon Journey lac de unghii sub forma de gel culoare 5 g - SHOPATOA.COM<\/title>\n<meta name=\"robots\" content=\"index, follow, max-snippet:-1, max-image-preview:large, max-video-preview:-1\" \/>\n<link rel=\"canonical\" href=\"https:\/\/shopatoa.com\/ro\/claresa-soakoff-uv-led-color-balloon-journey-lac-de-unghii-sub-forma-de-gel-culoare-5-g\/\" \/>\n<meta property=\"og:locale\" content=\"ro_RO\" \/>\n<meta property=\"og:type\" content=\"article\" \/>\n<meta property=\"og:title\" content=\"Claresa SoakOff UV\/LED Color Balloon Journey lac de unghii sub forma de gel culoare 5 g - SHOPATOA.COM\" \/>\n<meta property=\"og:description\" content=\"Claresa SoakOff UV\/LED Color Balloon Journey, 5 g, lac de unghii pentru femei, O manichiur\u0103 superb\u0103 ca dup\u0103 o vizit\u0103 la salonul de manichiur\u0103? Lacul de unghii ClaresaSoakOff UV\/LED ColorBalloon Journey v\u0103 permite s\u0103 o crea\u021bi \u00een confortul de acas\u0103. Acoper\u0103 suprafa\u021ba unghiei cu un strat uniform de culoare intens\u0103, de lung\u0103 durat\u0103, cu un...\" \/>\n<meta property=\"og:url\" content=\"https:\/\/shopatoa.com\/ro\/claresa-soakoff-uv-led-color-balloon-journey-lac-de-unghii-sub-forma-de-gel-culoare-5-g\/\" \/>\n<meta property=\"og:site_name\" content=\"SHOPATOA\" \/>\n<meta property=\"article:modified_time\" content=\"2025-12-14T03:24:56+00:00\" \/>\n<meta property=\"og:image\" content=\"https:\/\/storage.googleapis.com\/cz-shopatoa-img\/ro\/87578767-unnamed-file.webp\" \/>\n\t<meta property=\"og:image:width\" content=\"800\" \/>\n\t<meta property=\"og:image:height\" content=\"800\" \/>\n\t<meta property=\"og:image:type\" content=\"image\/webp\" \/>\n<meta name=\"twitter:card\" content=\"summary_large_image\" \/>\n<meta name=\"twitter:label1\" content=\"Timp estimat pentru citire\" \/>\n\t<meta name=\"twitter:data1\" content=\"1 minut\" \/>\n<script type=\"application\/ld+json\" class=\"yoast-schema-graph\">{\"@context\":\"https:\\\/\\\/schema.org\",\"@graph\":[{\"@type\":\"WebPage\",\"@id\":\"https:\\\/\\\/shopatoa.com\\\/ro\\\/claresa-soakoff-uv-led-color-balloon-journey-lac-de-unghii-sub-forma-de-gel-culoare-5-g\\\/\",\"url\":\"https:\\\/\\\/shopatoa.com\\\/ro\\\/claresa-soakoff-uv-led-color-balloon-journey-lac-de-unghii-sub-forma-de-gel-culoare-5-g\\\/\",\"name\":\"Claresa SoakOff UV\\\/LED Color Balloon Journey lac de unghii sub forma de gel culoare 5 g - SHOPATOA.COM\",\"isPartOf\":{\"@id\":\"https:\\\/\\\/shopatoa.com\\\/ro\\\/#website\"},\"primaryImageOfPage\":{\"@id\":\"https:\\\/\\\/shopatoa.com\\\/ro\\\/claresa-soakoff-uv-led-color-balloon-journey-lac-de-unghii-sub-forma-de-gel-culoare-5-g\\\/#primaryimage\"},\"image\":{\"@id\":\"https:\\\/\\\/shopatoa.com\\\/ro\\\/claresa-soakoff-uv-led-color-balloon-journey-lac-de-unghii-sub-forma-de-gel-culoare-5-g\\\/#primaryimage\"},\"thumbnailUrl\":\"https:\\\/\\\/storage.googleapis.com\\\/cz-shopatoa-img\\\/ro\\\/87578767-unnamed-file.webp\",\"datePublished\":\"2025-06-20T23:49:21+00:00\",\"dateModified\":\"2025-12-14T03:24:56+00:00\",\"breadcrumb\":{\"@id\":\"https:\\\/\\\/shopatoa.com\\\/ro\\\/claresa-soakoff-uv-led-color-balloon-journey-lac-de-unghii-sub-forma-de-gel-culoare-5-g\\\/#breadcrumb\"},\"inLanguage\":\"ro-RO\",\"potentialAction\":[{\"@type\":\"ReadAction\",\"target\":[\"https:\\\/\\\/shopatoa.com\\\/ro\\\/claresa-soakoff-uv-led-color-balloon-journey-lac-de-unghii-sub-forma-de-gel-culoare-5-g\\\/\"]}]},{\"@type\":\"ImageObject\",\"inLanguage\":\"ro-RO\",\"@id\":\"https:\\\/\\\/shopatoa.com\\\/ro\\\/claresa-soakoff-uv-led-color-balloon-journey-lac-de-unghii-sub-forma-de-gel-culoare-5-g\\\/#primaryimage\",\"url\":\"https:\\\/\\\/storage.googleapis.com\\\/cz-shopatoa-img\\\/ro\\\/87578767-unnamed-file.webp\",\"contentUrl\":\"https:\\\/\\\/storage.googleapis.com\\\/cz-shopatoa-img\\\/ro\\\/87578767-unnamed-file.webp\",\"width\":800,\"height\":800},{\"@type\":\"BreadcrumbList\",\"@id\":\"https:\\\/\\\/shopatoa.com\\\/ro\\\/claresa-soakoff-uv-led-color-balloon-journey-lac-de-unghii-sub-forma-de-gel-culoare-5-g\\\/#breadcrumb\",\"itemListElement\":[{\"@type\":\"ListItem\",\"position\":1,\"name\":\"Dom\u016f\",\"item\":\"https:\\\/\\\/shopatoa.com\\\/ro\\\/\"},{\"@type\":\"ListItem\",\"position\":2,\"name\":\"Shop\",\"item\":\"https:\\\/\\\/shopatoa.com\\\/ro\\\/shop\\\/\"},{\"@type\":\"ListItem\",\"position\":3,\"name\":\"S\u0103n\u0103tate \u0219i frumuse\u021be\",\"item\":\"https:\\\/\\\/shopatoa.com\\\/ro\\\/sanatate-si-frumusete\\\/\"},{\"@type\":\"ListItem\",\"position\":4,\"name\":\"\u00cengrijire personal\u0103\",\"item\":\"https:\\\/\\\/shopatoa.com\\\/ro\\\/ingrijire-personala\\\/\"},{\"@type\":\"ListItem\",\"position\":5,\"name\":\"Cosmetice\",\"item\":\"https:\\\/\\\/shopatoa.com\\\/ro\\\/cosmetice-ingrijire-personala\\\/\"},{\"@type\":\"ListItem\",\"position\":6,\"name\":\"\u00cengrijirea unghiilor\",\"item\":\"https:\\\/\\\/shopatoa.com\\\/ro\\\/ingrijirea-unghiilor\\\/\"},{\"@type\":\"ListItem\",\"position\":7,\"name\":\"Oje de unghii\",\"item\":\"https:\\\/\\\/shopatoa.com\\\/ro\\\/oje-de-unghii-ingrijirea-unghiilor\\\/\"},{\"@type\":\"ListItem\",\"position\":8,\"name\":\"Claresa SoakOff UV\\\/LED Color Balloon Journey lac de unghii sub forma de gel culoare 5 g\"}]},{\"@type\":\"WebSite\",\"@id\":\"https:\\\/\\\/shopatoa.com\\\/ro\\\/#website\",\"url\":\"https:\\\/\\\/shopatoa.com\\\/ro\\\/\",\"name\":\"SHOPATOA\",\"description\":\"\",\"publisher\":{\"@id\":\"https:\\\/\\\/shopatoa.com\\\/ro\\\/#organization\"},\"potentialAction\":[{\"@type\":\"SearchAction\",\"target\":{\"@type\":\"EntryPoint\",\"urlTemplate\":\"https:\\\/\\\/shopatoa.com\\\/ro\\\/?s={search_term_string}\"},\"query-input\":{\"@type\":\"PropertyValueSpecification\",\"valueRequired\":true,\"valueName\":\"search_term_string\"}}],\"inLanguage\":\"ro-RO\"},{\"@type\":\"Organization\",\"@id\":\"https:\\\/\\\/shopatoa.com\\\/ro\\\/#organization\",\"name\":\"SHOPATOA\",\"url\":\"https:\\\/\\\/shopatoa.com\\\/ro\\\/\",\"logo\":{\"@type\":\"ImageObject\",\"inLanguage\":\"ro-RO\",\"@id\":\"https:\\\/\\\/shopatoa.com\\\/ro\\\/#\\\/schema\\\/logo\\\/image\\\/\",\"url\":\"https:\\\/\\\/storage.googleapis.com\\\/cz-shopatoa-img\\\/ro\\\/b4dac915-shopatoa_logo.png\",\"contentUrl\":\"https:\\\/\\\/storage.googleapis.com\\\/cz-shopatoa-img\\\/ro\\\/b4dac915-shopatoa_logo.png\",\"width\":416,\"height\":63,\"caption\":\"SHOPATOA\"},\"image\":{\"@id\":\"https:\\\/\\\/shopatoa.com\\\/ro\\\/#\\\/schema\\\/logo\\\/image\\\/\"}}]}<\/script>\n<!-- \/ Yoast SEO plugin. -->","yoast_head_json":{"title":"Claresa SoakOff UV\/LED Color Balloon Journey lac de unghii sub forma de gel culoare 5 g - SHOPATOA.COM","robots":{"index":"index","follow":"follow","max-snippet":"max-snippet:-1","max-image-preview":"max-image-preview:large","max-video-preview":"max-video-preview:-1"},"canonical":"https:\/\/shopatoa.com\/ro\/claresa-soakoff-uv-led-color-balloon-journey-lac-de-unghii-sub-forma-de-gel-culoare-5-g\/","og_locale":"ro_RO","og_type":"article","og_title":"Claresa SoakOff UV\/LED Color Balloon Journey lac de unghii sub forma de gel culoare 5 g - SHOPATOA.COM","og_description":"Claresa SoakOff UV\/LED Color Balloon Journey, 5 g, lac de unghii pentru femei, O manichiur\u0103 superb\u0103 ca dup\u0103 o vizit\u0103 la salonul de manichiur\u0103? Lacul de unghii ClaresaSoakOff UV\/LED ColorBalloon Journey v\u0103 permite s\u0103 o crea\u021bi \u00een confortul de acas\u0103. Acoper\u0103 suprafa\u021ba unghiei cu un strat uniform de culoare intens\u0103, de lung\u0103 durat\u0103, cu un...","og_url":"https:\/\/shopatoa.com\/ro\/claresa-soakoff-uv-led-color-balloon-journey-lac-de-unghii-sub-forma-de-gel-culoare-5-g\/","og_site_name":"SHOPATOA","article_modified_time":"2025-12-14T03:24:56+00:00","og_image":[{"width":800,"height":800,"url":"https:\/\/storage.googleapis.com\/cz-shopatoa-img\/ro\/87578767-unnamed-file.webp","type":"image\/webp"}],"twitter_card":"summary_large_image","twitter_misc":{"Timp estimat pentru citire":"1 minut"},"schema":{"@context":"https:\/\/schema.org","@graph":[{"@type":"WebPage","@id":"https:\/\/shopatoa.com\/ro\/claresa-soakoff-uv-led-color-balloon-journey-lac-de-unghii-sub-forma-de-gel-culoare-5-g\/","url":"https:\/\/shopatoa.com\/ro\/claresa-soakoff-uv-led-color-balloon-journey-lac-de-unghii-sub-forma-de-gel-culoare-5-g\/","name":"Claresa SoakOff UV\/LED Color Balloon Journey lac de unghii sub forma de gel culoare 5 g - SHOPATOA.COM","isPartOf":{"@id":"https:\/\/shopatoa.com\/ro\/#website"},"primaryImageOfPage":{"@id":"https:\/\/shopatoa.com\/ro\/claresa-soakoff-uv-led-color-balloon-journey-lac-de-unghii-sub-forma-de-gel-culoare-5-g\/#primaryimage"},"image":{"@id":"https:\/\/shopatoa.com\/ro\/claresa-soakoff-uv-led-color-balloon-journey-lac-de-unghii-sub-forma-de-gel-culoare-5-g\/#primaryimage"},"thumbnailUrl":"https:\/\/storage.googleapis.com\/cz-shopatoa-img\/ro\/87578767-unnamed-file.webp","datePublished":"2025-06-20T23:49:21+00:00","dateModified":"2025-12-14T03:24:56+00:00","breadcrumb":{"@id":"https:\/\/shopatoa.com\/ro\/claresa-soakoff-uv-led-color-balloon-journey-lac-de-unghii-sub-forma-de-gel-culoare-5-g\/#breadcrumb"},"inLanguage":"ro-RO","potentialAction":[{"@type":"ReadAction","target":["https:\/\/shopatoa.com\/ro\/claresa-soakoff-uv-led-color-balloon-journey-lac-de-unghii-sub-forma-de-gel-culoare-5-g\/"]}]},{"@type":"ImageObject","inLanguage":"ro-RO","@id":"https:\/\/shopatoa.com\/ro\/claresa-soakoff-uv-led-color-balloon-journey-lac-de-unghii-sub-forma-de-gel-culoare-5-g\/#primaryimage","url":"https:\/\/storage.googleapis.com\/cz-shopatoa-img\/ro\/87578767-unnamed-file.webp","contentUrl":"https:\/\/storage.googleapis.com\/cz-shopatoa-img\/ro\/87578767-unnamed-file.webp","width":800,"height":800},{"@type":"BreadcrumbList","@id":"https:\/\/shopatoa.com\/ro\/claresa-soakoff-uv-led-color-balloon-journey-lac-de-unghii-sub-forma-de-gel-culoare-5-g\/#breadcrumb","itemListElement":[{"@type":"ListItem","position":1,"name":"Dom\u016f","item":"https:\/\/shopatoa.com\/ro\/"},{"@type":"ListItem","position":2,"name":"Shop","item":"https:\/\/shopatoa.com\/ro\/shop\/"},{"@type":"ListItem","position":3,"name":"S\u0103n\u0103tate \u0219i frumuse\u021be","item":"https:\/\/shopatoa.com\/ro\/sanatate-si-frumusete\/"},{"@type":"ListItem","position":4,"name":"\u00cengrijire personal\u0103","item":"https:\/\/shopatoa.com\/ro\/ingrijire-personala\/"},{"@type":"ListItem","position":5,"name":"Cosmetice","item":"https:\/\/shopatoa.com\/ro\/cosmetice-ingrijire-personala\/"},{"@type":"ListItem","position":6,"name":"\u00cengrijirea unghiilor","item":"https:\/\/shopatoa.com\/ro\/ingrijirea-unghiilor\/"},{"@type":"ListItem","position":7,"name":"Oje de unghii","item":"https:\/\/shopatoa.com\/ro\/oje-de-unghii-ingrijirea-unghiilor\/"},{"@type":"ListItem","position":8,"name":"Claresa SoakOff UV\/LED Color Balloon Journey lac de unghii sub forma de gel culoare 5 g"}]},{"@type":"WebSite","@id":"https:\/\/shopatoa.com\/ro\/#website","url":"https:\/\/shopatoa.com\/ro\/","name":"SHOPATOA","description":"","publisher":{"@id":"https:\/\/shopatoa.com\/ro\/#organization"},"potentialAction":[{"@type":"SearchAction","target":{"@type":"EntryPoint","urlTemplate":"https:\/\/shopatoa.com\/ro\/?s={search_term_string}"},"query-input":{"@type":"PropertyValueSpecification","valueRequired":true,"valueName":"search_term_string"}}],"inLanguage":"ro-RO"},{"@type":"Organization","@id":"https:\/\/shopatoa.com\/ro\/#organization","name":"SHOPATOA","url":"https:\/\/shopatoa.com\/ro\/","logo":{"@type":"ImageObject","inLanguage":"ro-RO","@id":"https:\/\/shopatoa.com\/ro\/#\/schema\/logo\/image\/","url":"https:\/\/storage.googleapis.com\/cz-shopatoa-img\/ro\/b4dac915-shopatoa_logo.png","contentUrl":"https:\/\/storage.googleapis.com\/cz-shopatoa-img\/ro\/b4dac915-shopatoa_logo.png","width":416,"height":63,"caption":"SHOPATOA"},"image":{"@id":"https:\/\/shopatoa.com\/ro\/#\/schema\/logo\/image\/"}}]}},"_links":{"self":[{"href":"https:\/\/shopatoa.com\/ro\/wp-json\/wp\/v2\/product\/415751","targetHints":{"allow":["GET"]}}],"collection":[{"href":"https:\/\/shopatoa.com\/ro\/wp-json\/wp\/v2\/product"}],"about":[{"href":"https:\/\/shopatoa.com\/ro\/wp-json\/wp\/v2\/types\/product"}],"replies":[{"embeddable":true,"href":"https:\/\/shopatoa.com\/ro\/wp-json\/wp\/v2\/comments?post=415751"}],"wp:featuredmedia":[{"embeddable":true,"href":"https:\/\/shopatoa.com\/ro\/wp-json\/wp\/v2\/media\/415752"}],"wp:attachment":[{"href":"https:\/\/shopatoa.com\/ro\/wp-json\/wp\/v2\/media?parent=415751"}],"wp:term":[{"taxonomy":"product_brand","embeddable":true,"href":"https:\/\/shopatoa.com\/ro\/wp-json\/wp\/v2\/product_brand?post=415751"},{"taxonomy":"product_cat","embeddable":true,"href":"https:\/\/shopatoa.com\/ro\/wp-json\/wp\/v2\/product_cat?post=415751"},{"taxonomy":"product_tag","embeddable":true,"href":"https:\/\/shopatoa.com\/ro\/wp-json\/wp\/v2\/product_tag?post=415751"}],"curies":[{"name":"wp","href":"https:\/\/api.w.org\/{rel}","templated":true}]}}