{"id":415851,"date":"2025-06-21T01:57:51","date_gmt":"2025-06-20T23:57:51","guid":{"rendered":"https:\/\/shopatoa.com\/ro\/lirene-aqua-bubbles-gel-de-curatare-hidratant-150-ml\/"},"modified":"2025-12-14T03:53:08","modified_gmt":"2025-12-14T02:53:08","slug":"lirene-aqua-bubbles-gel-de-curatare-hidratant-150-ml","status":"publish","type":"product","link":"https:\/\/shopatoa.com\/ro\/lirene-aqua-bubbles-gel-de-curatare-hidratant-150-ml\/","title":{"rendered":"Lirene Aqua Bubbles gel de curatare hidratant 150 ml"},"content":{"rendered":"<p>Lirene Aqua Bubbles, 150 ml, Cur\u0103\u021barea pielii pentru femei, Produsul pentru cur\u0103\u021barea pielii Lirene Aqua Bubbles reprezint\u0103 alegerea potrivit\u0103 pentru \u00eengrijirea zilnic\u0103.  Caracteristici:  hidrateaz\u0103 \u00een profunzime spal\u0103 u\u0219or \u0219i temeinic \u00eentreaga fa\u021b\u0103  Ingrediente:  acid hialuronic \u2013 leag\u0103 o cantitate mare de ap\u0103 \u0219i hidrateaz\u0103 intens aloe vera \u2013 are efecte puternic hidratante \u0219i de regenerare, ac\u021bioneaz\u0103 ca antioxidant, ajut\u0103 la protejarea \u00eempotriva radicalilor liberi \u0219i a usc\u0103rii ulei de cocos \u2013 con\u021bine o cantitate mare de antioxidan\u021bi, contribuie la prevenirea ridurilor \u0219i a \u00eemb\u0103tr\u00e2nirii premature a pielii, hr\u0103ne\u0219te intensiv, catifeleaz\u0103 \u0219i favorizeaz\u0103 hidratarea, regenerarea \u0219i calmarea pielii ap\u0103 de mare \u2013 este bogat\u0103 \u00een sare \u0219i minerale, are efecte exfoliante, cur\u0103\u021b\u0103 \u0219i \u00eendep\u0103rteaz\u0103 celulele moarte cutanate, ajut\u0103 la combaterea acneei \u0219i a irita\u021biilor betain\u0103 \u2013 umecteaz\u0103, calmeaz\u0103 \u0219i catifeleaz\u0103 tenul, ajut\u00e2nd la men\u021binerea optim\u0103 a hidrat\u0103rii acestuia  Cum se utilizeaz\u0103: A se evita zona ochilor. Se aplic\u0103 diminea\u021ba \u0219i\/sau seara, pe fa\u021ba umezit\u0103 \u0219i se spumeaz\u0103. Apoi se cl\u0103te\u0219te.<\/p>\n","protected":false},"excerpt":{"rendered":"<p>Lirene Aqua Bubbles, 150 ml, Cur\u0103\u021barea pielii pentru femei, Produsul pentru cur\u0103\u021barea pielii Lirene Aqua Bubbles reprezint\u0103 alegerea potrivit\u0103 pentru \u00eengrijirea zilnic\u0103. Caracteristici: hidrateaz\u0103 \u00een profunzime spal\u0103 u\u0219or \u0219i temeinic \u00eentreaga fa\u021b\u0103 Ingrediente: acid hialuronic \u2013 leag\u0103 o cantitate mare de ap\u0103 \u0219i hidrateaz\u0103 intens aloe vera \u2013 are efecte puternic hidratante \u0219i de regenerare,&#8230;<\/p>\n","protected":false},"featured_media":415852,"comment_status":"closed","ping_status":"open","template":"","meta":{"_acf_changed":false,"_kadence_starter_templates_imported_post":false,"_kad_post_transparent":"","_kad_post_title":"","_kad_post_layout":"","_kad_post_sidebar_id":"","_kad_post_content_style":"","_kad_post_vertical_padding":"","_kad_post_feature":"","_kad_post_feature_position":"","_kad_post_header":false,"_kad_post_footer":false,"_kad_post_classname":""},"product_brand":[1569],"product_cat":[1564,1616,1563,1565,1562],"product_tag":[],"class_list":{"0":"post-415851","1":"product","2":"type-product","3":"status-publish","4":"has-post-thumbnail","6":"product_brand-lirene","7":"product_cat-cosmetice-ingrijire-personala","8":"product_cat-demachiante-faciale","9":"product_cat-ingrijire-personala","10":"product_cat-ingrijirea-pielii","11":"product_cat-sanatate-si-frumusete","12":"pa_gen-female","13":"pa_marime-150-ml","15":"first","16":"instock","17":"sale","18":"product-type-external","19":"entry","20":"content-bg","21":"loop-entry"},"acf":[],"yoast_head":"<!-- This site is optimized with the Yoast SEO plugin v27.3 - https:\/\/yoast.com\/product\/yoast-seo-wordpress\/ -->\n<title>Lirene Aqua Bubbles gel de curatare hidratant 150 ml - SHOPATOA.COM<\/title>\n<meta name=\"robots\" content=\"index, follow, max-snippet:-1, max-image-preview:large, max-video-preview:-1\" \/>\n<link rel=\"canonical\" href=\"https:\/\/shopatoa.com\/ro\/lirene-aqua-bubbles-gel-de-curatare-hidratant-150-ml\/\" \/>\n<meta property=\"og:locale\" content=\"ro_RO\" \/>\n<meta property=\"og:type\" content=\"article\" \/>\n<meta property=\"og:title\" content=\"Lirene Aqua Bubbles gel de curatare hidratant 150 ml - SHOPATOA.COM\" \/>\n<meta property=\"og:description\" content=\"Lirene Aqua Bubbles, 150 ml, Cur\u0103\u021barea pielii pentru femei, Produsul pentru cur\u0103\u021barea pielii Lirene Aqua Bubbles reprezint\u0103 alegerea potrivit\u0103 pentru \u00eengrijirea zilnic\u0103. Caracteristici: hidrateaz\u0103 \u00een profunzime spal\u0103 u\u0219or \u0219i temeinic \u00eentreaga fa\u021b\u0103 Ingrediente: acid hialuronic \u2013 leag\u0103 o cantitate mare de ap\u0103 \u0219i hidrateaz\u0103 intens aloe vera \u2013 are efecte puternic hidratante \u0219i de regenerare,...\" \/>\n<meta property=\"og:url\" content=\"https:\/\/shopatoa.com\/ro\/lirene-aqua-bubbles-gel-de-curatare-hidratant-150-ml\/\" \/>\n<meta property=\"og:site_name\" content=\"SHOPATOA\" \/>\n<meta property=\"article:modified_time\" content=\"2025-12-14T02:53:08+00:00\" \/>\n<meta property=\"og:image\" content=\"https:\/\/storage.googleapis.com\/cz-shopatoa-img\/ro\/6001b8cc-unnamed-file.webp\" \/>\n\t<meta property=\"og:image:width\" content=\"800\" \/>\n\t<meta property=\"og:image:height\" content=\"800\" \/>\n\t<meta property=\"og:image:type\" content=\"image\/webp\" \/>\n<meta name=\"twitter:card\" content=\"summary_large_image\" \/>\n<meta name=\"twitter:label1\" content=\"Timp estimat pentru citire\" \/>\n\t<meta name=\"twitter:data1\" content=\"1 minut\" \/>\n<script type=\"application\/ld+json\" class=\"yoast-schema-graph\">{\"@context\":\"https:\\\/\\\/schema.org\",\"@graph\":[{\"@type\":\"WebPage\",\"@id\":\"https:\\\/\\\/shopatoa.com\\\/ro\\\/lirene-aqua-bubbles-gel-de-curatare-hidratant-150-ml\\\/\",\"url\":\"https:\\\/\\\/shopatoa.com\\\/ro\\\/lirene-aqua-bubbles-gel-de-curatare-hidratant-150-ml\\\/\",\"name\":\"Lirene Aqua Bubbles gel de curatare hidratant 150 ml - SHOPATOA.COM\",\"isPartOf\":{\"@id\":\"https:\\\/\\\/shopatoa.com\\\/ro\\\/#website\"},\"primaryImageOfPage\":{\"@id\":\"https:\\\/\\\/shopatoa.com\\\/ro\\\/lirene-aqua-bubbles-gel-de-curatare-hidratant-150-ml\\\/#primaryimage\"},\"image\":{\"@id\":\"https:\\\/\\\/shopatoa.com\\\/ro\\\/lirene-aqua-bubbles-gel-de-curatare-hidratant-150-ml\\\/#primaryimage\"},\"thumbnailUrl\":\"https:\\\/\\\/storage.googleapis.com\\\/cz-shopatoa-img\\\/ro\\\/6001b8cc-unnamed-file.webp\",\"datePublished\":\"2025-06-20T23:57:51+00:00\",\"dateModified\":\"2025-12-14T02:53:08+00:00\",\"breadcrumb\":{\"@id\":\"https:\\\/\\\/shopatoa.com\\\/ro\\\/lirene-aqua-bubbles-gel-de-curatare-hidratant-150-ml\\\/#breadcrumb\"},\"inLanguage\":\"ro-RO\",\"potentialAction\":[{\"@type\":\"ReadAction\",\"target\":[\"https:\\\/\\\/shopatoa.com\\\/ro\\\/lirene-aqua-bubbles-gel-de-curatare-hidratant-150-ml\\\/\"]}]},{\"@type\":\"ImageObject\",\"inLanguage\":\"ro-RO\",\"@id\":\"https:\\\/\\\/shopatoa.com\\\/ro\\\/lirene-aqua-bubbles-gel-de-curatare-hidratant-150-ml\\\/#primaryimage\",\"url\":\"https:\\\/\\\/storage.googleapis.com\\\/cz-shopatoa-img\\\/ro\\\/6001b8cc-unnamed-file.webp\",\"contentUrl\":\"https:\\\/\\\/storage.googleapis.com\\\/cz-shopatoa-img\\\/ro\\\/6001b8cc-unnamed-file.webp\",\"width\":800,\"height\":800},{\"@type\":\"BreadcrumbList\",\"@id\":\"https:\\\/\\\/shopatoa.com\\\/ro\\\/lirene-aqua-bubbles-gel-de-curatare-hidratant-150-ml\\\/#breadcrumb\",\"itemListElement\":[{\"@type\":\"ListItem\",\"position\":1,\"name\":\"Dom\u016f\",\"item\":\"https:\\\/\\\/shopatoa.com\\\/ro\\\/\"},{\"@type\":\"ListItem\",\"position\":2,\"name\":\"Shop\",\"item\":\"https:\\\/\\\/shopatoa.com\\\/ro\\\/shop\\\/\"},{\"@type\":\"ListItem\",\"position\":3,\"name\":\"S\u0103n\u0103tate \u0219i frumuse\u021be\",\"item\":\"https:\\\/\\\/shopatoa.com\\\/ro\\\/sanatate-si-frumusete\\\/\"},{\"@type\":\"ListItem\",\"position\":4,\"name\":\"\u00cengrijire personal\u0103\",\"item\":\"https:\\\/\\\/shopatoa.com\\\/ro\\\/ingrijire-personala\\\/\"},{\"@type\":\"ListItem\",\"position\":5,\"name\":\"Cosmetice\",\"item\":\"https:\\\/\\\/shopatoa.com\\\/ro\\\/cosmetice-ingrijire-personala\\\/\"},{\"@type\":\"ListItem\",\"position\":6,\"name\":\"\u00cengrijirea pielii\",\"item\":\"https:\\\/\\\/shopatoa.com\\\/ro\\\/ingrijirea-pielii\\\/\"},{\"@type\":\"ListItem\",\"position\":7,\"name\":\"Demachiante faciale\",\"item\":\"https:\\\/\\\/shopatoa.com\\\/ro\\\/demachiante-faciale\\\/\"},{\"@type\":\"ListItem\",\"position\":8,\"name\":\"Lirene Aqua Bubbles gel de curatare hidratant 150 ml\"}]},{\"@type\":\"WebSite\",\"@id\":\"https:\\\/\\\/shopatoa.com\\\/ro\\\/#website\",\"url\":\"https:\\\/\\\/shopatoa.com\\\/ro\\\/\",\"name\":\"SHOPATOA\",\"description\":\"\",\"publisher\":{\"@id\":\"https:\\\/\\\/shopatoa.com\\\/ro\\\/#organization\"},\"potentialAction\":[{\"@type\":\"SearchAction\",\"target\":{\"@type\":\"EntryPoint\",\"urlTemplate\":\"https:\\\/\\\/shopatoa.com\\\/ro\\\/?s={search_term_string}\"},\"query-input\":{\"@type\":\"PropertyValueSpecification\",\"valueRequired\":true,\"valueName\":\"search_term_string\"}}],\"inLanguage\":\"ro-RO\"},{\"@type\":\"Organization\",\"@id\":\"https:\\\/\\\/shopatoa.com\\\/ro\\\/#organization\",\"name\":\"SHOPATOA\",\"url\":\"https:\\\/\\\/shopatoa.com\\\/ro\\\/\",\"logo\":{\"@type\":\"ImageObject\",\"inLanguage\":\"ro-RO\",\"@id\":\"https:\\\/\\\/shopatoa.com\\\/ro\\\/#\\\/schema\\\/logo\\\/image\\\/\",\"url\":\"https:\\\/\\\/storage.googleapis.com\\\/cz-shopatoa-img\\\/ro\\\/b4dac915-shopatoa_logo.png\",\"contentUrl\":\"https:\\\/\\\/storage.googleapis.com\\\/cz-shopatoa-img\\\/ro\\\/b4dac915-shopatoa_logo.png\",\"width\":416,\"height\":63,\"caption\":\"SHOPATOA\"},\"image\":{\"@id\":\"https:\\\/\\\/shopatoa.com\\\/ro\\\/#\\\/schema\\\/logo\\\/image\\\/\"}}]}<\/script>\n<!-- \/ Yoast SEO plugin. -->","yoast_head_json":{"title":"Lirene Aqua Bubbles gel de curatare hidratant 150 ml - SHOPATOA.COM","robots":{"index":"index","follow":"follow","max-snippet":"max-snippet:-1","max-image-preview":"max-image-preview:large","max-video-preview":"max-video-preview:-1"},"canonical":"https:\/\/shopatoa.com\/ro\/lirene-aqua-bubbles-gel-de-curatare-hidratant-150-ml\/","og_locale":"ro_RO","og_type":"article","og_title":"Lirene Aqua Bubbles gel de curatare hidratant 150 ml - SHOPATOA.COM","og_description":"Lirene Aqua Bubbles, 150 ml, Cur\u0103\u021barea pielii pentru femei, Produsul pentru cur\u0103\u021barea pielii Lirene Aqua Bubbles reprezint\u0103 alegerea potrivit\u0103 pentru \u00eengrijirea zilnic\u0103. Caracteristici: hidrateaz\u0103 \u00een profunzime spal\u0103 u\u0219or \u0219i temeinic \u00eentreaga fa\u021b\u0103 Ingrediente: acid hialuronic \u2013 leag\u0103 o cantitate mare de ap\u0103 \u0219i hidrateaz\u0103 intens aloe vera \u2013 are efecte puternic hidratante \u0219i de regenerare,...","og_url":"https:\/\/shopatoa.com\/ro\/lirene-aqua-bubbles-gel-de-curatare-hidratant-150-ml\/","og_site_name":"SHOPATOA","article_modified_time":"2025-12-14T02:53:08+00:00","og_image":[{"width":800,"height":800,"url":"https:\/\/storage.googleapis.com\/cz-shopatoa-img\/ro\/6001b8cc-unnamed-file.webp","type":"image\/webp"}],"twitter_card":"summary_large_image","twitter_misc":{"Timp estimat pentru citire":"1 minut"},"schema":{"@context":"https:\/\/schema.org","@graph":[{"@type":"WebPage","@id":"https:\/\/shopatoa.com\/ro\/lirene-aqua-bubbles-gel-de-curatare-hidratant-150-ml\/","url":"https:\/\/shopatoa.com\/ro\/lirene-aqua-bubbles-gel-de-curatare-hidratant-150-ml\/","name":"Lirene Aqua Bubbles gel de curatare hidratant 150 ml - SHOPATOA.COM","isPartOf":{"@id":"https:\/\/shopatoa.com\/ro\/#website"},"primaryImageOfPage":{"@id":"https:\/\/shopatoa.com\/ro\/lirene-aqua-bubbles-gel-de-curatare-hidratant-150-ml\/#primaryimage"},"image":{"@id":"https:\/\/shopatoa.com\/ro\/lirene-aqua-bubbles-gel-de-curatare-hidratant-150-ml\/#primaryimage"},"thumbnailUrl":"https:\/\/storage.googleapis.com\/cz-shopatoa-img\/ro\/6001b8cc-unnamed-file.webp","datePublished":"2025-06-20T23:57:51+00:00","dateModified":"2025-12-14T02:53:08+00:00","breadcrumb":{"@id":"https:\/\/shopatoa.com\/ro\/lirene-aqua-bubbles-gel-de-curatare-hidratant-150-ml\/#breadcrumb"},"inLanguage":"ro-RO","potentialAction":[{"@type":"ReadAction","target":["https:\/\/shopatoa.com\/ro\/lirene-aqua-bubbles-gel-de-curatare-hidratant-150-ml\/"]}]},{"@type":"ImageObject","inLanguage":"ro-RO","@id":"https:\/\/shopatoa.com\/ro\/lirene-aqua-bubbles-gel-de-curatare-hidratant-150-ml\/#primaryimage","url":"https:\/\/storage.googleapis.com\/cz-shopatoa-img\/ro\/6001b8cc-unnamed-file.webp","contentUrl":"https:\/\/storage.googleapis.com\/cz-shopatoa-img\/ro\/6001b8cc-unnamed-file.webp","width":800,"height":800},{"@type":"BreadcrumbList","@id":"https:\/\/shopatoa.com\/ro\/lirene-aqua-bubbles-gel-de-curatare-hidratant-150-ml\/#breadcrumb","itemListElement":[{"@type":"ListItem","position":1,"name":"Dom\u016f","item":"https:\/\/shopatoa.com\/ro\/"},{"@type":"ListItem","position":2,"name":"Shop","item":"https:\/\/shopatoa.com\/ro\/shop\/"},{"@type":"ListItem","position":3,"name":"S\u0103n\u0103tate \u0219i frumuse\u021be","item":"https:\/\/shopatoa.com\/ro\/sanatate-si-frumusete\/"},{"@type":"ListItem","position":4,"name":"\u00cengrijire personal\u0103","item":"https:\/\/shopatoa.com\/ro\/ingrijire-personala\/"},{"@type":"ListItem","position":5,"name":"Cosmetice","item":"https:\/\/shopatoa.com\/ro\/cosmetice-ingrijire-personala\/"},{"@type":"ListItem","position":6,"name":"\u00cengrijirea pielii","item":"https:\/\/shopatoa.com\/ro\/ingrijirea-pielii\/"},{"@type":"ListItem","position":7,"name":"Demachiante faciale","item":"https:\/\/shopatoa.com\/ro\/demachiante-faciale\/"},{"@type":"ListItem","position":8,"name":"Lirene Aqua Bubbles gel de curatare hidratant 150 ml"}]},{"@type":"WebSite","@id":"https:\/\/shopatoa.com\/ro\/#website","url":"https:\/\/shopatoa.com\/ro\/","name":"SHOPATOA","description":"","publisher":{"@id":"https:\/\/shopatoa.com\/ro\/#organization"},"potentialAction":[{"@type":"SearchAction","target":{"@type":"EntryPoint","urlTemplate":"https:\/\/shopatoa.com\/ro\/?s={search_term_string}"},"query-input":{"@type":"PropertyValueSpecification","valueRequired":true,"valueName":"search_term_string"}}],"inLanguage":"ro-RO"},{"@type":"Organization","@id":"https:\/\/shopatoa.com\/ro\/#organization","name":"SHOPATOA","url":"https:\/\/shopatoa.com\/ro\/","logo":{"@type":"ImageObject","inLanguage":"ro-RO","@id":"https:\/\/shopatoa.com\/ro\/#\/schema\/logo\/image\/","url":"https:\/\/storage.googleapis.com\/cz-shopatoa-img\/ro\/b4dac915-shopatoa_logo.png","contentUrl":"https:\/\/storage.googleapis.com\/cz-shopatoa-img\/ro\/b4dac915-shopatoa_logo.png","width":416,"height":63,"caption":"SHOPATOA"},"image":{"@id":"https:\/\/shopatoa.com\/ro\/#\/schema\/logo\/image\/"}}]}},"_links":{"self":[{"href":"https:\/\/shopatoa.com\/ro\/wp-json\/wp\/v2\/product\/415851","targetHints":{"allow":["GET"]}}],"collection":[{"href":"https:\/\/shopatoa.com\/ro\/wp-json\/wp\/v2\/product"}],"about":[{"href":"https:\/\/shopatoa.com\/ro\/wp-json\/wp\/v2\/types\/product"}],"replies":[{"embeddable":true,"href":"https:\/\/shopatoa.com\/ro\/wp-json\/wp\/v2\/comments?post=415851"}],"wp:featuredmedia":[{"embeddable":true,"href":"https:\/\/shopatoa.com\/ro\/wp-json\/wp\/v2\/media\/415852"}],"wp:attachment":[{"href":"https:\/\/shopatoa.com\/ro\/wp-json\/wp\/v2\/media?parent=415851"}],"wp:term":[{"taxonomy":"product_brand","embeddable":true,"href":"https:\/\/shopatoa.com\/ro\/wp-json\/wp\/v2\/product_brand?post=415851"},{"taxonomy":"product_cat","embeddable":true,"href":"https:\/\/shopatoa.com\/ro\/wp-json\/wp\/v2\/product_cat?post=415851"},{"taxonomy":"product_tag","embeddable":true,"href":"https:\/\/shopatoa.com\/ro\/wp-json\/wp\/v2\/product_tag?post=415851"}],"curies":[{"name":"wp","href":"https:\/\/api.w.org\/{rel}","templated":true}]}}