{"id":415995,"date":"2025-06-21T02:12:23","date_gmt":"2025-06-21T00:12:23","guid":{"rendered":"https:\/\/shopatoa.com\/ro\/delia-cosmetics-brightening-magic-skin-defined-corector-iluminator-culoare-06-nude-2-5-ml\/"},"modified":"2025-12-14T03:13:39","modified_gmt":"2025-12-14T02:13:39","slug":"delia-cosmetics-brightening-magic-skin-defined-corector-iluminator-culoare-06-nude-2-5-ml","status":"publish","type":"product","link":"https:\/\/shopatoa.com\/ro\/delia-cosmetics-brightening-magic-skin-defined-corector-iluminator-culoare-06-nude-2-5-ml\/","title":{"rendered":"Delia Cosmetics Brightening Magic Skin Defined corector iluminator culoare 06 Nude 2.5 ml"},"content":{"rendered":"<p>Delia Cosmetics Brightening Magic Skin Defined, 2,5 ml, Corector lichid pentru femei, Dori\u021bi ca machiajul dvs. sau fa\u021ba de abia machiat\u0103 s\u0103 nu prezinte nici m\u0103car o singur\u0103 imperfec\u021biune? Indiferent ce nu v\u0103 place la tenul dvs., corectorul Delia CosmeticsBrightening Magic Skin Defined va acoperi perfect orice imperfec\u021biune. Compozi\u021bia intens pigmentat\u0103 ac\u021bioneaz\u0103 asupra cearc\u0103nelor, co\u0219urilor, petelor pigmentare \u0219i a tuturor tipurilor de ro\u0219ea\u021b\u0103, dar \u0219i a pistruilor, dac\u0103 dori\u021bi s\u0103 \u00eei ascunde\u021bi. Pe scurt, v\u0103 va ajuta s\u0103 acoperi\u021bi orice imperfec\u021biuni ale tenului at\u00e2t de perfect, \u00eenc\u00e2t doar dvs. ve\u021bi \u0219ti de existen\u021ba lor. Baza\u021bi-v\u0103 pe corector pentru a oferi fe\u021bei dvs. un aspect impecabil \u0219i o nuan\u021b\u0103 uniform\u0103.  Caracteristici:  ilumineaz\u0103 tenul reduce imperfec\u021biunile tenului textur\u0103 u\u0219oar\u0103, care nu accentueaz\u0103 ridurile se aplic\u0103 u\u0219or  Cum se utilizeaz\u0103: Se aplic\u0103 un strat sub\u021bire de corector, direct pe zona afectat\u0103.<\/p>\n","protected":false},"excerpt":{"rendered":"<p>Delia Cosmetics Brightening Magic Skin Defined, 2,5 ml, Corector lichid pentru femei, Dori\u021bi ca machiajul dvs. sau fa\u021ba de abia machiat\u0103 s\u0103 nu prezinte nici m\u0103car o singur\u0103 imperfec\u021biune? Indiferent ce nu v\u0103 place la tenul dvs., corectorul Delia CosmeticsBrightening Magic Skin Defined va acoperi perfect orice imperfec\u021biune. Compozi\u021bia intens pigmentat\u0103 ac\u021bioneaz\u0103 asupra cearc\u0103nelor, co\u0219urilor,&#8230;<\/p>\n","protected":false},"featured_media":415996,"comment_status":"closed","ping_status":"open","template":"","meta":{"_acf_changed":false,"_kadence_starter_templates_imported_post":false,"_kad_post_transparent":"","_kad_post_title":"","_kad_post_layout":"","_kad_post_sidebar_id":"","_kad_post_content_style":"","_kad_post_vertical_padding":"","_kad_post_feature":"","_kad_post_feature_position":"","_kad_post_header":false,"_kad_post_footer":false,"_kad_post_classname":""},"product_brand":[1674],"product_cat":[1564,1563,1576,1622,1709,1562],"product_tag":[],"class_list":{"0":"post-415995","1":"product","2":"type-product","3":"status-publish","4":"has-post-thumbnail","6":"product_brand-delia-cosmetics","7":"product_cat-cosmetice-ingrijire-personala","8":"product_cat-ingrijire-personala","9":"product_cat-machiaj","10":"product_cat-machiaj-de-fata","11":"product_cat-primer-de-fata","12":"product_cat-sanatate-si-frumusete","13":"pa_gen-female","14":"pa_marime-25-ml","16":"first","17":"instock","18":"sale","19":"product-type-external","20":"entry","21":"content-bg","22":"loop-entry"},"acf":[],"yoast_head":"<!-- This site is optimized with the Yoast SEO plugin v27.4 - https:\/\/yoast.com\/product\/yoast-seo-wordpress\/ -->\n<title>Delia Cosmetics Brightening Magic Skin Defined corector iluminator culoare 06 Nude 2.5 ml - SHOPATOA.COM<\/title>\n<meta name=\"robots\" content=\"index, follow, max-snippet:-1, max-image-preview:large, max-video-preview:-1\" \/>\n<link rel=\"canonical\" href=\"https:\/\/shopatoa.com\/ro\/delia-cosmetics-brightening-magic-skin-defined-corector-iluminator-culoare-06-nude-2-5-ml\/\" \/>\n<meta property=\"og:locale\" content=\"ro_RO\" \/>\n<meta property=\"og:type\" content=\"article\" \/>\n<meta property=\"og:title\" content=\"Delia Cosmetics Brightening Magic Skin Defined corector iluminator culoare 06 Nude 2.5 ml - SHOPATOA.COM\" \/>\n<meta property=\"og:description\" content=\"Delia Cosmetics Brightening Magic Skin Defined, 2,5 ml, Corector lichid pentru femei, Dori\u021bi ca machiajul dvs. sau fa\u021ba de abia machiat\u0103 s\u0103 nu prezinte nici m\u0103car o singur\u0103 imperfec\u021biune? Indiferent ce nu v\u0103 place la tenul dvs., corectorul Delia CosmeticsBrightening Magic Skin Defined va acoperi perfect orice imperfec\u021biune. Compozi\u021bia intens pigmentat\u0103 ac\u021bioneaz\u0103 asupra cearc\u0103nelor, co\u0219urilor,...\" \/>\n<meta property=\"og:url\" content=\"https:\/\/shopatoa.com\/ro\/delia-cosmetics-brightening-magic-skin-defined-corector-iluminator-culoare-06-nude-2-5-ml\/\" \/>\n<meta property=\"og:site_name\" content=\"SHOPATOA\" \/>\n<meta property=\"article:modified_time\" content=\"2025-12-14T02:13:39+00:00\" \/>\n<meta property=\"og:image\" content=\"https:\/\/storage.googleapis.com\/cz-shopatoa-img\/ro\/8a1dfe65-unnamed-file.webp\" \/>\n\t<meta property=\"og:image:width\" content=\"800\" \/>\n\t<meta property=\"og:image:height\" content=\"800\" \/>\n\t<meta property=\"og:image:type\" content=\"image\/webp\" \/>\n<meta name=\"twitter:card\" content=\"summary_large_image\" \/>\n<meta name=\"twitter:label1\" content=\"Timp estimat pentru citire\" \/>\n\t<meta name=\"twitter:data1\" content=\"1 minut\" \/>\n<script type=\"application\/ld+json\" class=\"yoast-schema-graph\">{\"@context\":\"https:\\\/\\\/schema.org\",\"@graph\":[{\"@type\":\"WebPage\",\"@id\":\"https:\\\/\\\/shopatoa.com\\\/ro\\\/delia-cosmetics-brightening-magic-skin-defined-corector-iluminator-culoare-06-nude-2-5-ml\\\/\",\"url\":\"https:\\\/\\\/shopatoa.com\\\/ro\\\/delia-cosmetics-brightening-magic-skin-defined-corector-iluminator-culoare-06-nude-2-5-ml\\\/\",\"name\":\"Delia Cosmetics Brightening Magic Skin Defined corector iluminator culoare 06 Nude 2.5 ml - SHOPATOA.COM\",\"isPartOf\":{\"@id\":\"https:\\\/\\\/shopatoa.com\\\/ro\\\/#website\"},\"primaryImageOfPage\":{\"@id\":\"https:\\\/\\\/shopatoa.com\\\/ro\\\/delia-cosmetics-brightening-magic-skin-defined-corector-iluminator-culoare-06-nude-2-5-ml\\\/#primaryimage\"},\"image\":{\"@id\":\"https:\\\/\\\/shopatoa.com\\\/ro\\\/delia-cosmetics-brightening-magic-skin-defined-corector-iluminator-culoare-06-nude-2-5-ml\\\/#primaryimage\"},\"thumbnailUrl\":\"https:\\\/\\\/storage.googleapis.com\\\/cz-shopatoa-img\\\/ro\\\/8a1dfe65-unnamed-file.webp\",\"datePublished\":\"2025-06-21T00:12:23+00:00\",\"dateModified\":\"2025-12-14T02:13:39+00:00\",\"breadcrumb\":{\"@id\":\"https:\\\/\\\/shopatoa.com\\\/ro\\\/delia-cosmetics-brightening-magic-skin-defined-corector-iluminator-culoare-06-nude-2-5-ml\\\/#breadcrumb\"},\"inLanguage\":\"ro-RO\",\"potentialAction\":[{\"@type\":\"ReadAction\",\"target\":[\"https:\\\/\\\/shopatoa.com\\\/ro\\\/delia-cosmetics-brightening-magic-skin-defined-corector-iluminator-culoare-06-nude-2-5-ml\\\/\"]}]},{\"@type\":\"ImageObject\",\"inLanguage\":\"ro-RO\",\"@id\":\"https:\\\/\\\/shopatoa.com\\\/ro\\\/delia-cosmetics-brightening-magic-skin-defined-corector-iluminator-culoare-06-nude-2-5-ml\\\/#primaryimage\",\"url\":\"https:\\\/\\\/storage.googleapis.com\\\/cz-shopatoa-img\\\/ro\\\/8a1dfe65-unnamed-file.webp\",\"contentUrl\":\"https:\\\/\\\/storage.googleapis.com\\\/cz-shopatoa-img\\\/ro\\\/8a1dfe65-unnamed-file.webp\",\"width\":800,\"height\":800},{\"@type\":\"BreadcrumbList\",\"@id\":\"https:\\\/\\\/shopatoa.com\\\/ro\\\/delia-cosmetics-brightening-magic-skin-defined-corector-iluminator-culoare-06-nude-2-5-ml\\\/#breadcrumb\",\"itemListElement\":[{\"@type\":\"ListItem\",\"position\":1,\"name\":\"Dom\u016f\",\"item\":\"https:\\\/\\\/shopatoa.com\\\/ro\\\/\"},{\"@type\":\"ListItem\",\"position\":2,\"name\":\"Shop\",\"item\":\"https:\\\/\\\/shopatoa.com\\\/ro\\\/shop\\\/\"},{\"@type\":\"ListItem\",\"position\":3,\"name\":\"S\u0103n\u0103tate \u0219i frumuse\u021be\",\"item\":\"https:\\\/\\\/shopatoa.com\\\/ro\\\/sanatate-si-frumusete\\\/\"},{\"@type\":\"ListItem\",\"position\":4,\"name\":\"\u00cengrijire personal\u0103\",\"item\":\"https:\\\/\\\/shopatoa.com\\\/ro\\\/ingrijire-personala\\\/\"},{\"@type\":\"ListItem\",\"position\":5,\"name\":\"Cosmetice\",\"item\":\"https:\\\/\\\/shopatoa.com\\\/ro\\\/cosmetice-ingrijire-personala\\\/\"},{\"@type\":\"ListItem\",\"position\":6,\"name\":\"Machiaj\",\"item\":\"https:\\\/\\\/shopatoa.com\\\/ro\\\/machiaj\\\/\"},{\"@type\":\"ListItem\",\"position\":7,\"name\":\"Machiaj de fa\u021b\u0103\",\"item\":\"https:\\\/\\\/shopatoa.com\\\/ro\\\/machiaj-de-fata\\\/\"},{\"@type\":\"ListItem\",\"position\":8,\"name\":\"Primer de fa\u021b\u0103\",\"item\":\"https:\\\/\\\/shopatoa.com\\\/ro\\\/primer-de-fata\\\/\"},{\"@type\":\"ListItem\",\"position\":9,\"name\":\"Delia Cosmetics Brightening Magic Skin Defined corector iluminator culoare 06 Nude 2.5 ml\"}]},{\"@type\":\"WebSite\",\"@id\":\"https:\\\/\\\/shopatoa.com\\\/ro\\\/#website\",\"url\":\"https:\\\/\\\/shopatoa.com\\\/ro\\\/\",\"name\":\"SHOPATOA\",\"description\":\"\",\"publisher\":{\"@id\":\"https:\\\/\\\/shopatoa.com\\\/ro\\\/#organization\"},\"potentialAction\":[{\"@type\":\"SearchAction\",\"target\":{\"@type\":\"EntryPoint\",\"urlTemplate\":\"https:\\\/\\\/shopatoa.com\\\/ro\\\/?s={search_term_string}\"},\"query-input\":{\"@type\":\"PropertyValueSpecification\",\"valueRequired\":true,\"valueName\":\"search_term_string\"}}],\"inLanguage\":\"ro-RO\"},{\"@type\":\"Organization\",\"@id\":\"https:\\\/\\\/shopatoa.com\\\/ro\\\/#organization\",\"name\":\"SHOPATOA\",\"url\":\"https:\\\/\\\/shopatoa.com\\\/ro\\\/\",\"logo\":{\"@type\":\"ImageObject\",\"inLanguage\":\"ro-RO\",\"@id\":\"https:\\\/\\\/shopatoa.com\\\/ro\\\/#\\\/schema\\\/logo\\\/image\\\/\",\"url\":\"https:\\\/\\\/storage.googleapis.com\\\/cz-shopatoa-img\\\/ro\\\/b4dac915-shopatoa_logo.png\",\"contentUrl\":\"https:\\\/\\\/storage.googleapis.com\\\/cz-shopatoa-img\\\/ro\\\/b4dac915-shopatoa_logo.png\",\"width\":416,\"height\":63,\"caption\":\"SHOPATOA\"},\"image\":{\"@id\":\"https:\\\/\\\/shopatoa.com\\\/ro\\\/#\\\/schema\\\/logo\\\/image\\\/\"}}]}<\/script>\n<!-- \/ Yoast SEO plugin. -->","yoast_head_json":{"title":"Delia Cosmetics Brightening Magic Skin Defined corector iluminator culoare 06 Nude 2.5 ml - SHOPATOA.COM","robots":{"index":"index","follow":"follow","max-snippet":"max-snippet:-1","max-image-preview":"max-image-preview:large","max-video-preview":"max-video-preview:-1"},"canonical":"https:\/\/shopatoa.com\/ro\/delia-cosmetics-brightening-magic-skin-defined-corector-iluminator-culoare-06-nude-2-5-ml\/","og_locale":"ro_RO","og_type":"article","og_title":"Delia Cosmetics Brightening Magic Skin Defined corector iluminator culoare 06 Nude 2.5 ml - SHOPATOA.COM","og_description":"Delia Cosmetics Brightening Magic Skin Defined, 2,5 ml, Corector lichid pentru femei, Dori\u021bi ca machiajul dvs. sau fa\u021ba de abia machiat\u0103 s\u0103 nu prezinte nici m\u0103car o singur\u0103 imperfec\u021biune? Indiferent ce nu v\u0103 place la tenul dvs., corectorul Delia CosmeticsBrightening Magic Skin Defined va acoperi perfect orice imperfec\u021biune. Compozi\u021bia intens pigmentat\u0103 ac\u021bioneaz\u0103 asupra cearc\u0103nelor, co\u0219urilor,...","og_url":"https:\/\/shopatoa.com\/ro\/delia-cosmetics-brightening-magic-skin-defined-corector-iluminator-culoare-06-nude-2-5-ml\/","og_site_name":"SHOPATOA","article_modified_time":"2025-12-14T02:13:39+00:00","og_image":[{"width":800,"height":800,"url":"https:\/\/storage.googleapis.com\/cz-shopatoa-img\/ro\/8a1dfe65-unnamed-file.webp","type":"image\/webp"}],"twitter_card":"summary_large_image","twitter_misc":{"Timp estimat pentru citire":"1 minut"},"schema":{"@context":"https:\/\/schema.org","@graph":[{"@type":"WebPage","@id":"https:\/\/shopatoa.com\/ro\/delia-cosmetics-brightening-magic-skin-defined-corector-iluminator-culoare-06-nude-2-5-ml\/","url":"https:\/\/shopatoa.com\/ro\/delia-cosmetics-brightening-magic-skin-defined-corector-iluminator-culoare-06-nude-2-5-ml\/","name":"Delia Cosmetics Brightening Magic Skin Defined corector iluminator culoare 06 Nude 2.5 ml - SHOPATOA.COM","isPartOf":{"@id":"https:\/\/shopatoa.com\/ro\/#website"},"primaryImageOfPage":{"@id":"https:\/\/shopatoa.com\/ro\/delia-cosmetics-brightening-magic-skin-defined-corector-iluminator-culoare-06-nude-2-5-ml\/#primaryimage"},"image":{"@id":"https:\/\/shopatoa.com\/ro\/delia-cosmetics-brightening-magic-skin-defined-corector-iluminator-culoare-06-nude-2-5-ml\/#primaryimage"},"thumbnailUrl":"https:\/\/storage.googleapis.com\/cz-shopatoa-img\/ro\/8a1dfe65-unnamed-file.webp","datePublished":"2025-06-21T00:12:23+00:00","dateModified":"2025-12-14T02:13:39+00:00","breadcrumb":{"@id":"https:\/\/shopatoa.com\/ro\/delia-cosmetics-brightening-magic-skin-defined-corector-iluminator-culoare-06-nude-2-5-ml\/#breadcrumb"},"inLanguage":"ro-RO","potentialAction":[{"@type":"ReadAction","target":["https:\/\/shopatoa.com\/ro\/delia-cosmetics-brightening-magic-skin-defined-corector-iluminator-culoare-06-nude-2-5-ml\/"]}]},{"@type":"ImageObject","inLanguage":"ro-RO","@id":"https:\/\/shopatoa.com\/ro\/delia-cosmetics-brightening-magic-skin-defined-corector-iluminator-culoare-06-nude-2-5-ml\/#primaryimage","url":"https:\/\/storage.googleapis.com\/cz-shopatoa-img\/ro\/8a1dfe65-unnamed-file.webp","contentUrl":"https:\/\/storage.googleapis.com\/cz-shopatoa-img\/ro\/8a1dfe65-unnamed-file.webp","width":800,"height":800},{"@type":"BreadcrumbList","@id":"https:\/\/shopatoa.com\/ro\/delia-cosmetics-brightening-magic-skin-defined-corector-iluminator-culoare-06-nude-2-5-ml\/#breadcrumb","itemListElement":[{"@type":"ListItem","position":1,"name":"Dom\u016f","item":"https:\/\/shopatoa.com\/ro\/"},{"@type":"ListItem","position":2,"name":"Shop","item":"https:\/\/shopatoa.com\/ro\/shop\/"},{"@type":"ListItem","position":3,"name":"S\u0103n\u0103tate \u0219i frumuse\u021be","item":"https:\/\/shopatoa.com\/ro\/sanatate-si-frumusete\/"},{"@type":"ListItem","position":4,"name":"\u00cengrijire personal\u0103","item":"https:\/\/shopatoa.com\/ro\/ingrijire-personala\/"},{"@type":"ListItem","position":5,"name":"Cosmetice","item":"https:\/\/shopatoa.com\/ro\/cosmetice-ingrijire-personala\/"},{"@type":"ListItem","position":6,"name":"Machiaj","item":"https:\/\/shopatoa.com\/ro\/machiaj\/"},{"@type":"ListItem","position":7,"name":"Machiaj de fa\u021b\u0103","item":"https:\/\/shopatoa.com\/ro\/machiaj-de-fata\/"},{"@type":"ListItem","position":8,"name":"Primer de fa\u021b\u0103","item":"https:\/\/shopatoa.com\/ro\/primer-de-fata\/"},{"@type":"ListItem","position":9,"name":"Delia Cosmetics Brightening Magic Skin Defined corector iluminator culoare 06 Nude 2.5 ml"}]},{"@type":"WebSite","@id":"https:\/\/shopatoa.com\/ro\/#website","url":"https:\/\/shopatoa.com\/ro\/","name":"SHOPATOA","description":"","publisher":{"@id":"https:\/\/shopatoa.com\/ro\/#organization"},"potentialAction":[{"@type":"SearchAction","target":{"@type":"EntryPoint","urlTemplate":"https:\/\/shopatoa.com\/ro\/?s={search_term_string}"},"query-input":{"@type":"PropertyValueSpecification","valueRequired":true,"valueName":"search_term_string"}}],"inLanguage":"ro-RO"},{"@type":"Organization","@id":"https:\/\/shopatoa.com\/ro\/#organization","name":"SHOPATOA","url":"https:\/\/shopatoa.com\/ro\/","logo":{"@type":"ImageObject","inLanguage":"ro-RO","@id":"https:\/\/shopatoa.com\/ro\/#\/schema\/logo\/image\/","url":"https:\/\/storage.googleapis.com\/cz-shopatoa-img\/ro\/b4dac915-shopatoa_logo.png","contentUrl":"https:\/\/storage.googleapis.com\/cz-shopatoa-img\/ro\/b4dac915-shopatoa_logo.png","width":416,"height":63,"caption":"SHOPATOA"},"image":{"@id":"https:\/\/shopatoa.com\/ro\/#\/schema\/logo\/image\/"}}]}},"_links":{"self":[{"href":"https:\/\/shopatoa.com\/ro\/wp-json\/wp\/v2\/product\/415995","targetHints":{"allow":["GET"]}}],"collection":[{"href":"https:\/\/shopatoa.com\/ro\/wp-json\/wp\/v2\/product"}],"about":[{"href":"https:\/\/shopatoa.com\/ro\/wp-json\/wp\/v2\/types\/product"}],"replies":[{"embeddable":true,"href":"https:\/\/shopatoa.com\/ro\/wp-json\/wp\/v2\/comments?post=415995"}],"wp:featuredmedia":[{"embeddable":true,"href":"https:\/\/shopatoa.com\/ro\/wp-json\/wp\/v2\/media\/415996"}],"wp:attachment":[{"href":"https:\/\/shopatoa.com\/ro\/wp-json\/wp\/v2\/media?parent=415995"}],"wp:term":[{"taxonomy":"product_brand","embeddable":true,"href":"https:\/\/shopatoa.com\/ro\/wp-json\/wp\/v2\/product_brand?post=415995"},{"taxonomy":"product_cat","embeddable":true,"href":"https:\/\/shopatoa.com\/ro\/wp-json\/wp\/v2\/product_cat?post=415995"},{"taxonomy":"product_tag","embeddable":true,"href":"https:\/\/shopatoa.com\/ro\/wp-json\/wp\/v2\/product_tag?post=415995"}],"curies":[{"name":"wp","href":"https:\/\/api.w.org\/{rel}","templated":true}]}}