{"id":416089,"date":"2025-06-21T02:31:30","date_gmt":"2025-06-21T00:31:30","guid":{"rendered":"https:\/\/shopatoa.com\/ro\/ref-ocean-mist-n303-spray-cu-sare-cu-efect-matifiant-100-ml\/"},"modified":"2025-12-14T02:43:05","modified_gmt":"2025-12-14T01:43:05","slug":"ref-ocean-mist-n303-spray-cu-sare-cu-efect-matifiant-100-ml","status":"publish","type":"product","link":"https:\/\/shopatoa.com\/ro\/ref-ocean-mist-n303-spray-cu-sare-cu-efect-matifiant-100-ml\/","title":{"rendered":"REF Ocean Mist N\u00b0303 spray cu sare cu efect matifiant 100 ml"},"content":{"rendered":"<p>REF Ocean Mist N\u00b0303, 100 ml, Produse de styling pentru plaj\u0103 pentru femei, Dori\u021bi s\u0103 ob\u021bine\u021bi valuri delicate, suple \u0219i flexibile, care s\u0103 v\u0103 ofere un aspect de parc\u0103 tocmai v-a\u021bi \u00eentors de pe plaj\u0103? Sprayul cu sare REF Ocean Mist N\u00b0303 v\u0103 va permite acest lucru. Va conferi p\u0103rului dvs. volum \u0219i textur\u0103, care se creeaz\u0103 de obicei atunci c\u00e2nd p\u0103rul intr\u0103 \u00een contact cu apa s\u0103rat\u0103. \u00cen plus, confer\u0103 valurilor dvs. o defini\u021bie clar\u0103, o textur\u0103 interesant\u0103 \u0219i un aspect lejer, pufos \u0219i u\u0219or ciufulit ca de la mare. Totodat\u0103, fixeaz\u0103 flexibil coafura de plaj\u0103 creat\u0103, f\u0103r\u0103 a \u00eenc\u0103rca p\u0103rul.  Caracteristici:  creeaz\u0103 un aspect u\u0219or ciufulit asigur\u0103 un efect de onduleuri de plaj\u0103 confer\u0103 p\u0103rului volum \u0219i elasticitate  Ingrediente:  produs vegan  Cum se utilizeaz\u0103: Se aplic\u0103 uniform, pe p\u0103rul uscat sau umed.<\/p>\n","protected":false},"excerpt":{"rendered":"<p>REF Ocean Mist N\u00b0303, 100 ml, Produse de styling pentru plaj\u0103 pentru femei, Dori\u021bi s\u0103 ob\u021bine\u021bi valuri delicate, suple \u0219i flexibile, care s\u0103 v\u0103 ofere un aspect de parc\u0103 tocmai v-a\u021bi \u00eentors de pe plaj\u0103? Sprayul cu sare REF Ocean Mist N\u00b0303 v\u0103 va permite acest lucru. Va conferi p\u0103rului dvs. volum \u0219i textur\u0103, care&#8230;<\/p>\n","protected":false},"featured_media":416090,"comment_status":"closed","ping_status":"open","template":"","meta":{"_acf_changed":false,"_kadence_starter_templates_imported_post":false,"_kad_post_transparent":"","_kad_post_title":"","_kad_post_layout":"","_kad_post_sidebar_id":"","_kad_post_content_style":"","_kad_post_vertical_padding":"","_kad_post_feature":"","_kad_post_feature_position":"","_kad_post_header":false,"_kad_post_footer":false,"_kad_post_classname":""},"product_brand":[2037],"product_cat":[1563,1590,1562],"product_tag":[],"class_list":{"0":"post-416089","1":"product","2":"type-product","3":"status-publish","4":"has-post-thumbnail","6":"product_brand-ref","7":"product_cat-ingrijire-personala","8":"product_cat-ingrijirea-parului","9":"product_cat-sanatate-si-frumusete","10":"pa_gen-female","11":"pa_marime-100-ml","13":"first","14":"instock","15":"sale","16":"product-type-external","17":"entry","18":"content-bg","19":"loop-entry"},"acf":[],"yoast_head":"<!-- This site is optimized with the Yoast SEO plugin v27.3 - https:\/\/yoast.com\/product\/yoast-seo-wordpress\/ -->\n<title>REF Ocean Mist N\u00b0303 spray cu sare cu efect matifiant 100 ml - SHOPATOA.COM<\/title>\n<meta name=\"robots\" content=\"index, follow, max-snippet:-1, max-image-preview:large, max-video-preview:-1\" \/>\n<link rel=\"canonical\" href=\"https:\/\/shopatoa.com\/ro\/ref-ocean-mist-n303-spray-cu-sare-cu-efect-matifiant-100-ml\/\" \/>\n<meta property=\"og:locale\" content=\"ro_RO\" \/>\n<meta property=\"og:type\" content=\"article\" \/>\n<meta property=\"og:title\" content=\"REF Ocean Mist N\u00b0303 spray cu sare cu efect matifiant 100 ml - SHOPATOA.COM\" \/>\n<meta property=\"og:description\" content=\"REF Ocean Mist N\u00b0303, 100 ml, Produse de styling pentru plaj\u0103 pentru femei, Dori\u021bi s\u0103 ob\u021bine\u021bi valuri delicate, suple \u0219i flexibile, care s\u0103 v\u0103 ofere un aspect de parc\u0103 tocmai v-a\u021bi \u00eentors de pe plaj\u0103? Sprayul cu sare REF Ocean Mist N\u00b0303 v\u0103 va permite acest lucru. Va conferi p\u0103rului dvs. volum \u0219i textur\u0103, care...\" \/>\n<meta property=\"og:url\" content=\"https:\/\/shopatoa.com\/ro\/ref-ocean-mist-n303-spray-cu-sare-cu-efect-matifiant-100-ml\/\" \/>\n<meta property=\"og:site_name\" content=\"SHOPATOA\" \/>\n<meta property=\"article:modified_time\" content=\"2025-12-14T01:43:05+00:00\" \/>\n<meta property=\"og:image\" content=\"https:\/\/storage.googleapis.com\/cz-shopatoa-img\/ro\/d27cdad0-unnamed-file.webp\" \/>\n\t<meta property=\"og:image:width\" content=\"800\" \/>\n\t<meta property=\"og:image:height\" content=\"800\" \/>\n\t<meta property=\"og:image:type\" content=\"image\/webp\" \/>\n<meta name=\"twitter:card\" content=\"summary_large_image\" \/>\n<meta name=\"twitter:label1\" content=\"Timp estimat pentru citire\" \/>\n\t<meta name=\"twitter:data1\" content=\"1 minut\" \/>\n<script type=\"application\/ld+json\" class=\"yoast-schema-graph\">{\"@context\":\"https:\\\/\\\/schema.org\",\"@graph\":[{\"@type\":\"WebPage\",\"@id\":\"https:\\\/\\\/shopatoa.com\\\/ro\\\/ref-ocean-mist-n303-spray-cu-sare-cu-efect-matifiant-100-ml\\\/\",\"url\":\"https:\\\/\\\/shopatoa.com\\\/ro\\\/ref-ocean-mist-n303-spray-cu-sare-cu-efect-matifiant-100-ml\\\/\",\"name\":\"REF Ocean Mist N\u00b0303 spray cu sare cu efect matifiant 100 ml - SHOPATOA.COM\",\"isPartOf\":{\"@id\":\"https:\\\/\\\/shopatoa.com\\\/ro\\\/#website\"},\"primaryImageOfPage\":{\"@id\":\"https:\\\/\\\/shopatoa.com\\\/ro\\\/ref-ocean-mist-n303-spray-cu-sare-cu-efect-matifiant-100-ml\\\/#primaryimage\"},\"image\":{\"@id\":\"https:\\\/\\\/shopatoa.com\\\/ro\\\/ref-ocean-mist-n303-spray-cu-sare-cu-efect-matifiant-100-ml\\\/#primaryimage\"},\"thumbnailUrl\":\"https:\\\/\\\/storage.googleapis.com\\\/cz-shopatoa-img\\\/ro\\\/d27cdad0-unnamed-file.webp\",\"datePublished\":\"2025-06-21T00:31:30+00:00\",\"dateModified\":\"2025-12-14T01:43:05+00:00\",\"breadcrumb\":{\"@id\":\"https:\\\/\\\/shopatoa.com\\\/ro\\\/ref-ocean-mist-n303-spray-cu-sare-cu-efect-matifiant-100-ml\\\/#breadcrumb\"},\"inLanguage\":\"ro-RO\",\"potentialAction\":[{\"@type\":\"ReadAction\",\"target\":[\"https:\\\/\\\/shopatoa.com\\\/ro\\\/ref-ocean-mist-n303-spray-cu-sare-cu-efect-matifiant-100-ml\\\/\"]}]},{\"@type\":\"ImageObject\",\"inLanguage\":\"ro-RO\",\"@id\":\"https:\\\/\\\/shopatoa.com\\\/ro\\\/ref-ocean-mist-n303-spray-cu-sare-cu-efect-matifiant-100-ml\\\/#primaryimage\",\"url\":\"https:\\\/\\\/storage.googleapis.com\\\/cz-shopatoa-img\\\/ro\\\/d27cdad0-unnamed-file.webp\",\"contentUrl\":\"https:\\\/\\\/storage.googleapis.com\\\/cz-shopatoa-img\\\/ro\\\/d27cdad0-unnamed-file.webp\",\"width\":800,\"height\":800},{\"@type\":\"BreadcrumbList\",\"@id\":\"https:\\\/\\\/shopatoa.com\\\/ro\\\/ref-ocean-mist-n303-spray-cu-sare-cu-efect-matifiant-100-ml\\\/#breadcrumb\",\"itemListElement\":[{\"@type\":\"ListItem\",\"position\":1,\"name\":\"Dom\u016f\",\"item\":\"https:\\\/\\\/shopatoa.com\\\/ro\\\/\"},{\"@type\":\"ListItem\",\"position\":2,\"name\":\"Shop\",\"item\":\"https:\\\/\\\/shopatoa.com\\\/ro\\\/shop\\\/\"},{\"@type\":\"ListItem\",\"position\":3,\"name\":\"S\u0103n\u0103tate \u0219i frumuse\u021be\",\"item\":\"https:\\\/\\\/shopatoa.com\\\/ro\\\/sanatate-si-frumusete\\\/\"},{\"@type\":\"ListItem\",\"position\":4,\"name\":\"\u00cengrijire personal\u0103\",\"item\":\"https:\\\/\\\/shopatoa.com\\\/ro\\\/ingrijire-personala\\\/\"},{\"@type\":\"ListItem\",\"position\":5,\"name\":\"\u00cengrijirea p\u0103rului\",\"item\":\"https:\\\/\\\/shopatoa.com\\\/ro\\\/ingrijirea-parului\\\/\"},{\"@type\":\"ListItem\",\"position\":6,\"name\":\"REF Ocean Mist N\u00b0303 spray cu sare cu efect matifiant 100 ml\"}]},{\"@type\":\"WebSite\",\"@id\":\"https:\\\/\\\/shopatoa.com\\\/ro\\\/#website\",\"url\":\"https:\\\/\\\/shopatoa.com\\\/ro\\\/\",\"name\":\"SHOPATOA\",\"description\":\"\",\"publisher\":{\"@id\":\"https:\\\/\\\/shopatoa.com\\\/ro\\\/#organization\"},\"potentialAction\":[{\"@type\":\"SearchAction\",\"target\":{\"@type\":\"EntryPoint\",\"urlTemplate\":\"https:\\\/\\\/shopatoa.com\\\/ro\\\/?s={search_term_string}\"},\"query-input\":{\"@type\":\"PropertyValueSpecification\",\"valueRequired\":true,\"valueName\":\"search_term_string\"}}],\"inLanguage\":\"ro-RO\"},{\"@type\":\"Organization\",\"@id\":\"https:\\\/\\\/shopatoa.com\\\/ro\\\/#organization\",\"name\":\"SHOPATOA\",\"url\":\"https:\\\/\\\/shopatoa.com\\\/ro\\\/\",\"logo\":{\"@type\":\"ImageObject\",\"inLanguage\":\"ro-RO\",\"@id\":\"https:\\\/\\\/shopatoa.com\\\/ro\\\/#\\\/schema\\\/logo\\\/image\\\/\",\"url\":\"https:\\\/\\\/storage.googleapis.com\\\/cz-shopatoa-img\\\/ro\\\/b4dac915-shopatoa_logo.png\",\"contentUrl\":\"https:\\\/\\\/storage.googleapis.com\\\/cz-shopatoa-img\\\/ro\\\/b4dac915-shopatoa_logo.png\",\"width\":416,\"height\":63,\"caption\":\"SHOPATOA\"},\"image\":{\"@id\":\"https:\\\/\\\/shopatoa.com\\\/ro\\\/#\\\/schema\\\/logo\\\/image\\\/\"}}]}<\/script>\n<!-- \/ Yoast SEO plugin. -->","yoast_head_json":{"title":"REF Ocean Mist N\u00b0303 spray cu sare cu efect matifiant 100 ml - SHOPATOA.COM","robots":{"index":"index","follow":"follow","max-snippet":"max-snippet:-1","max-image-preview":"max-image-preview:large","max-video-preview":"max-video-preview:-1"},"canonical":"https:\/\/shopatoa.com\/ro\/ref-ocean-mist-n303-spray-cu-sare-cu-efect-matifiant-100-ml\/","og_locale":"ro_RO","og_type":"article","og_title":"REF Ocean Mist N\u00b0303 spray cu sare cu efect matifiant 100 ml - SHOPATOA.COM","og_description":"REF Ocean Mist N\u00b0303, 100 ml, Produse de styling pentru plaj\u0103 pentru femei, Dori\u021bi s\u0103 ob\u021bine\u021bi valuri delicate, suple \u0219i flexibile, care s\u0103 v\u0103 ofere un aspect de parc\u0103 tocmai v-a\u021bi \u00eentors de pe plaj\u0103? Sprayul cu sare REF Ocean Mist N\u00b0303 v\u0103 va permite acest lucru. Va conferi p\u0103rului dvs. volum \u0219i textur\u0103, care...","og_url":"https:\/\/shopatoa.com\/ro\/ref-ocean-mist-n303-spray-cu-sare-cu-efect-matifiant-100-ml\/","og_site_name":"SHOPATOA","article_modified_time":"2025-12-14T01:43:05+00:00","og_image":[{"width":800,"height":800,"url":"https:\/\/storage.googleapis.com\/cz-shopatoa-img\/ro\/d27cdad0-unnamed-file.webp","type":"image\/webp"}],"twitter_card":"summary_large_image","twitter_misc":{"Timp estimat pentru citire":"1 minut"},"schema":{"@context":"https:\/\/schema.org","@graph":[{"@type":"WebPage","@id":"https:\/\/shopatoa.com\/ro\/ref-ocean-mist-n303-spray-cu-sare-cu-efect-matifiant-100-ml\/","url":"https:\/\/shopatoa.com\/ro\/ref-ocean-mist-n303-spray-cu-sare-cu-efect-matifiant-100-ml\/","name":"REF Ocean Mist N\u00b0303 spray cu sare cu efect matifiant 100 ml - SHOPATOA.COM","isPartOf":{"@id":"https:\/\/shopatoa.com\/ro\/#website"},"primaryImageOfPage":{"@id":"https:\/\/shopatoa.com\/ro\/ref-ocean-mist-n303-spray-cu-sare-cu-efect-matifiant-100-ml\/#primaryimage"},"image":{"@id":"https:\/\/shopatoa.com\/ro\/ref-ocean-mist-n303-spray-cu-sare-cu-efect-matifiant-100-ml\/#primaryimage"},"thumbnailUrl":"https:\/\/storage.googleapis.com\/cz-shopatoa-img\/ro\/d27cdad0-unnamed-file.webp","datePublished":"2025-06-21T00:31:30+00:00","dateModified":"2025-12-14T01:43:05+00:00","breadcrumb":{"@id":"https:\/\/shopatoa.com\/ro\/ref-ocean-mist-n303-spray-cu-sare-cu-efect-matifiant-100-ml\/#breadcrumb"},"inLanguage":"ro-RO","potentialAction":[{"@type":"ReadAction","target":["https:\/\/shopatoa.com\/ro\/ref-ocean-mist-n303-spray-cu-sare-cu-efect-matifiant-100-ml\/"]}]},{"@type":"ImageObject","inLanguage":"ro-RO","@id":"https:\/\/shopatoa.com\/ro\/ref-ocean-mist-n303-spray-cu-sare-cu-efect-matifiant-100-ml\/#primaryimage","url":"https:\/\/storage.googleapis.com\/cz-shopatoa-img\/ro\/d27cdad0-unnamed-file.webp","contentUrl":"https:\/\/storage.googleapis.com\/cz-shopatoa-img\/ro\/d27cdad0-unnamed-file.webp","width":800,"height":800},{"@type":"BreadcrumbList","@id":"https:\/\/shopatoa.com\/ro\/ref-ocean-mist-n303-spray-cu-sare-cu-efect-matifiant-100-ml\/#breadcrumb","itemListElement":[{"@type":"ListItem","position":1,"name":"Dom\u016f","item":"https:\/\/shopatoa.com\/ro\/"},{"@type":"ListItem","position":2,"name":"Shop","item":"https:\/\/shopatoa.com\/ro\/shop\/"},{"@type":"ListItem","position":3,"name":"S\u0103n\u0103tate \u0219i frumuse\u021be","item":"https:\/\/shopatoa.com\/ro\/sanatate-si-frumusete\/"},{"@type":"ListItem","position":4,"name":"\u00cengrijire personal\u0103","item":"https:\/\/shopatoa.com\/ro\/ingrijire-personala\/"},{"@type":"ListItem","position":5,"name":"\u00cengrijirea p\u0103rului","item":"https:\/\/shopatoa.com\/ro\/ingrijirea-parului\/"},{"@type":"ListItem","position":6,"name":"REF Ocean Mist N\u00b0303 spray cu sare cu efect matifiant 100 ml"}]},{"@type":"WebSite","@id":"https:\/\/shopatoa.com\/ro\/#website","url":"https:\/\/shopatoa.com\/ro\/","name":"SHOPATOA","description":"","publisher":{"@id":"https:\/\/shopatoa.com\/ro\/#organization"},"potentialAction":[{"@type":"SearchAction","target":{"@type":"EntryPoint","urlTemplate":"https:\/\/shopatoa.com\/ro\/?s={search_term_string}"},"query-input":{"@type":"PropertyValueSpecification","valueRequired":true,"valueName":"search_term_string"}}],"inLanguage":"ro-RO"},{"@type":"Organization","@id":"https:\/\/shopatoa.com\/ro\/#organization","name":"SHOPATOA","url":"https:\/\/shopatoa.com\/ro\/","logo":{"@type":"ImageObject","inLanguage":"ro-RO","@id":"https:\/\/shopatoa.com\/ro\/#\/schema\/logo\/image\/","url":"https:\/\/storage.googleapis.com\/cz-shopatoa-img\/ro\/b4dac915-shopatoa_logo.png","contentUrl":"https:\/\/storage.googleapis.com\/cz-shopatoa-img\/ro\/b4dac915-shopatoa_logo.png","width":416,"height":63,"caption":"SHOPATOA"},"image":{"@id":"https:\/\/shopatoa.com\/ro\/#\/schema\/logo\/image\/"}}]}},"_links":{"self":[{"href":"https:\/\/shopatoa.com\/ro\/wp-json\/wp\/v2\/product\/416089","targetHints":{"allow":["GET"]}}],"collection":[{"href":"https:\/\/shopatoa.com\/ro\/wp-json\/wp\/v2\/product"}],"about":[{"href":"https:\/\/shopatoa.com\/ro\/wp-json\/wp\/v2\/types\/product"}],"replies":[{"embeddable":true,"href":"https:\/\/shopatoa.com\/ro\/wp-json\/wp\/v2\/comments?post=416089"}],"wp:featuredmedia":[{"embeddable":true,"href":"https:\/\/shopatoa.com\/ro\/wp-json\/wp\/v2\/media\/416090"}],"wp:attachment":[{"href":"https:\/\/shopatoa.com\/ro\/wp-json\/wp\/v2\/media?parent=416089"}],"wp:term":[{"taxonomy":"product_brand","embeddable":true,"href":"https:\/\/shopatoa.com\/ro\/wp-json\/wp\/v2\/product_brand?post=416089"},{"taxonomy":"product_cat","embeddable":true,"href":"https:\/\/shopatoa.com\/ro\/wp-json\/wp\/v2\/product_cat?post=416089"},{"taxonomy":"product_tag","embeddable":true,"href":"https:\/\/shopatoa.com\/ro\/wp-json\/wp\/v2\/product_tag?post=416089"}],"curies":[{"name":"wp","href":"https:\/\/api.w.org\/{rel}","templated":true}]}}