{"id":416207,"date":"2025-06-21T02:42:03","date_gmt":"2025-06-21T00:42:03","guid":{"rendered":"https:\/\/shopatoa.com\/ro\/kundal-macadamia-ultra-serum-english-rose-ser-ulei-regenerator-pentru-par-deteriorat-100-ml\/"},"modified":"2025-12-14T02:05:22","modified_gmt":"2025-12-14T01:05:22","slug":"kundal-macadamia-ultra-serum-english-rose-ser-ulei-regenerator-pentru-par-deteriorat-100-ml","status":"publish","type":"product","link":"https:\/\/shopatoa.com\/ro\/kundal-macadamia-ultra-serum-english-rose-ser-ulei-regenerator-pentru-par-deteriorat-100-ml\/","title":{"rendered":"KUNDAL Macadamia Ultra Serum English Rose ser ulei regenerator pentru par deteriorat 100 ml"},"content":{"rendered":"<p>KUNDAL Macadamia Ultra Serum English Rose, 100 ml, Seruri pentru p\u0103r pentru femei, Un p\u0103r superb, de la r\u0103d\u0103cini p\u00e2n\u0103 la v\u00e2rfuri. Serul KUNDAL Macadamia Ultra Serum \u00eengrije\u0219te perfect p\u0103rul \u0219i \u00eei ofer\u0103 o nou\u0103 via\u021b\u0103.  Caracteristici:  calmeaz\u0103 pielea iritat\u0103 a scalpului nu \u00eencarc\u0103 p\u0103rul asigur\u0103 p\u0103rului hidratarea necesar\u0103 regenereaz\u0103 p\u0103rul uscat, casant \u0219i deteriorat protejeaz\u0103 p\u0103rul fa\u021b\u0103 de influen\u021bele externe re\u00eentrege\u0219te \u0219i fortific\u0103 v\u00e2rfurile despicate  Ingrediente:  ulei de nuc\u0103 de cocos ulei de macadamia ulei de avocado ulei de argan  Cum se utilizeaz\u0103: Aplica\u021bi direct pe scalp, \u00een p\u0103rul uscat sau sp\u0103lat \u0219i uscat par\u021bial cu prosopul. Masa\u021bi pentru a favoriza absorb\u021bia. Nu cl\u0103ti\u021bi. Se aranjeaz\u0103 p\u0103rul, ca de obicei.<\/p>\n","protected":false},"excerpt":{"rendered":"<p>KUNDAL Macadamia Ultra Serum English Rose, 100 ml, Seruri pentru p\u0103r pentru femei, Un p\u0103r superb, de la r\u0103d\u0103cini p\u00e2n\u0103 la v\u00e2rfuri. Serul KUNDAL Macadamia Ultra Serum \u00eengrije\u0219te perfect p\u0103rul \u0219i \u00eei ofer\u0103 o nou\u0103 via\u021b\u0103. Caracteristici: calmeaz\u0103 pielea iritat\u0103 a scalpului nu \u00eencarc\u0103 p\u0103rul asigur\u0103 p\u0103rului hidratarea necesar\u0103 regenereaz\u0103 p\u0103rul uscat, casant \u0219i deteriorat&#8230;<\/p>\n","protected":false},"featured_media":416208,"comment_status":"closed","ping_status":"open","template":"","meta":{"_acf_changed":false,"_kadence_starter_templates_imported_post":false,"_kad_post_transparent":"","_kad_post_title":"","_kad_post_layout":"","_kad_post_sidebar_id":"","_kad_post_content_style":"","_kad_post_vertical_padding":"","_kad_post_feature":"","_kad_post_feature_position":"","_kad_post_header":false,"_kad_post_footer":false,"_kad_post_classname":""},"product_brand":[2321],"product_cat":[1563,1590,1562],"product_tag":[],"class_list":{"0":"post-416207","1":"product","2":"type-product","3":"status-publish","4":"has-post-thumbnail","6":"product_brand-kundal","7":"product_cat-ingrijire-personala","8":"product_cat-ingrijirea-parului","9":"product_cat-sanatate-si-frumusete","10":"pa_gen-female","11":"pa_marime-100-ml","13":"first","14":"instock","15":"product-type-external","16":"entry","17":"content-bg","18":"loop-entry"},"acf":[],"yoast_head":"<!-- This site is optimized with the Yoast SEO plugin v27.4 - https:\/\/yoast.com\/product\/yoast-seo-wordpress\/ -->\n<title>KUNDAL Macadamia Ultra Serum English Rose ser ulei regenerator pentru par deteriorat 100 ml - SHOPATOA.COM<\/title>\n<meta name=\"robots\" content=\"index, follow, max-snippet:-1, max-image-preview:large, max-video-preview:-1\" \/>\n<link rel=\"canonical\" href=\"https:\/\/shopatoa.com\/ro\/kundal-macadamia-ultra-serum-english-rose-ser-ulei-regenerator-pentru-par-deteriorat-100-ml\/\" \/>\n<meta property=\"og:locale\" content=\"ro_RO\" \/>\n<meta property=\"og:type\" content=\"article\" \/>\n<meta property=\"og:title\" content=\"KUNDAL Macadamia Ultra Serum English Rose ser ulei regenerator pentru par deteriorat 100 ml - SHOPATOA.COM\" \/>\n<meta property=\"og:description\" content=\"KUNDAL Macadamia Ultra Serum English Rose, 100 ml, Seruri pentru p\u0103r pentru femei, Un p\u0103r superb, de la r\u0103d\u0103cini p\u00e2n\u0103 la v\u00e2rfuri. Serul KUNDAL Macadamia Ultra Serum \u00eengrije\u0219te perfect p\u0103rul \u0219i \u00eei ofer\u0103 o nou\u0103 via\u021b\u0103. Caracteristici: calmeaz\u0103 pielea iritat\u0103 a scalpului nu \u00eencarc\u0103 p\u0103rul asigur\u0103 p\u0103rului hidratarea necesar\u0103 regenereaz\u0103 p\u0103rul uscat, casant \u0219i deteriorat...\" \/>\n<meta property=\"og:url\" content=\"https:\/\/shopatoa.com\/ro\/kundal-macadamia-ultra-serum-english-rose-ser-ulei-regenerator-pentru-par-deteriorat-100-ml\/\" \/>\n<meta property=\"og:site_name\" content=\"SHOPATOA\" \/>\n<meta property=\"article:modified_time\" content=\"2025-12-14T01:05:22+00:00\" \/>\n<meta property=\"og:image\" content=\"https:\/\/storage.googleapis.com\/cz-shopatoa-img\/ro\/a4a45ebe-unnamed-file.webp\" \/>\n\t<meta property=\"og:image:width\" content=\"800\" \/>\n\t<meta property=\"og:image:height\" content=\"800\" \/>\n\t<meta property=\"og:image:type\" content=\"image\/webp\" \/>\n<meta name=\"twitter:card\" content=\"summary_large_image\" \/>\n<meta name=\"twitter:label1\" content=\"Timp estimat pentru citire\" \/>\n\t<meta name=\"twitter:data1\" content=\"1 minut\" \/>\n<script type=\"application\/ld+json\" class=\"yoast-schema-graph\">{\"@context\":\"https:\\\/\\\/schema.org\",\"@graph\":[{\"@type\":\"WebPage\",\"@id\":\"https:\\\/\\\/shopatoa.com\\\/ro\\\/kundal-macadamia-ultra-serum-english-rose-ser-ulei-regenerator-pentru-par-deteriorat-100-ml\\\/\",\"url\":\"https:\\\/\\\/shopatoa.com\\\/ro\\\/kundal-macadamia-ultra-serum-english-rose-ser-ulei-regenerator-pentru-par-deteriorat-100-ml\\\/\",\"name\":\"KUNDAL Macadamia Ultra Serum English Rose ser ulei regenerator pentru par deteriorat 100 ml - SHOPATOA.COM\",\"isPartOf\":{\"@id\":\"https:\\\/\\\/shopatoa.com\\\/ro\\\/#website\"},\"primaryImageOfPage\":{\"@id\":\"https:\\\/\\\/shopatoa.com\\\/ro\\\/kundal-macadamia-ultra-serum-english-rose-ser-ulei-regenerator-pentru-par-deteriorat-100-ml\\\/#primaryimage\"},\"image\":{\"@id\":\"https:\\\/\\\/shopatoa.com\\\/ro\\\/kundal-macadamia-ultra-serum-english-rose-ser-ulei-regenerator-pentru-par-deteriorat-100-ml\\\/#primaryimage\"},\"thumbnailUrl\":\"https:\\\/\\\/storage.googleapis.com\\\/cz-shopatoa-img\\\/ro\\\/a4a45ebe-unnamed-file.webp\",\"datePublished\":\"2025-06-21T00:42:03+00:00\",\"dateModified\":\"2025-12-14T01:05:22+00:00\",\"breadcrumb\":{\"@id\":\"https:\\\/\\\/shopatoa.com\\\/ro\\\/kundal-macadamia-ultra-serum-english-rose-ser-ulei-regenerator-pentru-par-deteriorat-100-ml\\\/#breadcrumb\"},\"inLanguage\":\"ro-RO\",\"potentialAction\":[{\"@type\":\"ReadAction\",\"target\":[\"https:\\\/\\\/shopatoa.com\\\/ro\\\/kundal-macadamia-ultra-serum-english-rose-ser-ulei-regenerator-pentru-par-deteriorat-100-ml\\\/\"]}]},{\"@type\":\"ImageObject\",\"inLanguage\":\"ro-RO\",\"@id\":\"https:\\\/\\\/shopatoa.com\\\/ro\\\/kundal-macadamia-ultra-serum-english-rose-ser-ulei-regenerator-pentru-par-deteriorat-100-ml\\\/#primaryimage\",\"url\":\"https:\\\/\\\/storage.googleapis.com\\\/cz-shopatoa-img\\\/ro\\\/a4a45ebe-unnamed-file.webp\",\"contentUrl\":\"https:\\\/\\\/storage.googleapis.com\\\/cz-shopatoa-img\\\/ro\\\/a4a45ebe-unnamed-file.webp\",\"width\":800,\"height\":800},{\"@type\":\"BreadcrumbList\",\"@id\":\"https:\\\/\\\/shopatoa.com\\\/ro\\\/kundal-macadamia-ultra-serum-english-rose-ser-ulei-regenerator-pentru-par-deteriorat-100-ml\\\/#breadcrumb\",\"itemListElement\":[{\"@type\":\"ListItem\",\"position\":1,\"name\":\"Dom\u016f\",\"item\":\"https:\\\/\\\/shopatoa.com\\\/ro\\\/\"},{\"@type\":\"ListItem\",\"position\":2,\"name\":\"Shop\",\"item\":\"https:\\\/\\\/shopatoa.com\\\/ro\\\/shop\\\/\"},{\"@type\":\"ListItem\",\"position\":3,\"name\":\"S\u0103n\u0103tate \u0219i frumuse\u021be\",\"item\":\"https:\\\/\\\/shopatoa.com\\\/ro\\\/sanatate-si-frumusete\\\/\"},{\"@type\":\"ListItem\",\"position\":4,\"name\":\"\u00cengrijire personal\u0103\",\"item\":\"https:\\\/\\\/shopatoa.com\\\/ro\\\/ingrijire-personala\\\/\"},{\"@type\":\"ListItem\",\"position\":5,\"name\":\"\u00cengrijirea p\u0103rului\",\"item\":\"https:\\\/\\\/shopatoa.com\\\/ro\\\/ingrijirea-parului\\\/\"},{\"@type\":\"ListItem\",\"position\":6,\"name\":\"KUNDAL Macadamia Ultra Serum English Rose ser ulei regenerator pentru par deteriorat 100 ml\"}]},{\"@type\":\"WebSite\",\"@id\":\"https:\\\/\\\/shopatoa.com\\\/ro\\\/#website\",\"url\":\"https:\\\/\\\/shopatoa.com\\\/ro\\\/\",\"name\":\"SHOPATOA\",\"description\":\"\",\"publisher\":{\"@id\":\"https:\\\/\\\/shopatoa.com\\\/ro\\\/#organization\"},\"potentialAction\":[{\"@type\":\"SearchAction\",\"target\":{\"@type\":\"EntryPoint\",\"urlTemplate\":\"https:\\\/\\\/shopatoa.com\\\/ro\\\/?s={search_term_string}\"},\"query-input\":{\"@type\":\"PropertyValueSpecification\",\"valueRequired\":true,\"valueName\":\"search_term_string\"}}],\"inLanguage\":\"ro-RO\"},{\"@type\":\"Organization\",\"@id\":\"https:\\\/\\\/shopatoa.com\\\/ro\\\/#organization\",\"name\":\"SHOPATOA\",\"url\":\"https:\\\/\\\/shopatoa.com\\\/ro\\\/\",\"logo\":{\"@type\":\"ImageObject\",\"inLanguage\":\"ro-RO\",\"@id\":\"https:\\\/\\\/shopatoa.com\\\/ro\\\/#\\\/schema\\\/logo\\\/image\\\/\",\"url\":\"https:\\\/\\\/storage.googleapis.com\\\/cz-shopatoa-img\\\/ro\\\/b4dac915-shopatoa_logo.png\",\"contentUrl\":\"https:\\\/\\\/storage.googleapis.com\\\/cz-shopatoa-img\\\/ro\\\/b4dac915-shopatoa_logo.png\",\"width\":416,\"height\":63,\"caption\":\"SHOPATOA\"},\"image\":{\"@id\":\"https:\\\/\\\/shopatoa.com\\\/ro\\\/#\\\/schema\\\/logo\\\/image\\\/\"}}]}<\/script>\n<!-- \/ Yoast SEO plugin. -->","yoast_head_json":{"title":"KUNDAL Macadamia Ultra Serum English Rose ser ulei regenerator pentru par deteriorat 100 ml - SHOPATOA.COM","robots":{"index":"index","follow":"follow","max-snippet":"max-snippet:-1","max-image-preview":"max-image-preview:large","max-video-preview":"max-video-preview:-1"},"canonical":"https:\/\/shopatoa.com\/ro\/kundal-macadamia-ultra-serum-english-rose-ser-ulei-regenerator-pentru-par-deteriorat-100-ml\/","og_locale":"ro_RO","og_type":"article","og_title":"KUNDAL Macadamia Ultra Serum English Rose ser ulei regenerator pentru par deteriorat 100 ml - SHOPATOA.COM","og_description":"KUNDAL Macadamia Ultra Serum English Rose, 100 ml, Seruri pentru p\u0103r pentru femei, Un p\u0103r superb, de la r\u0103d\u0103cini p\u00e2n\u0103 la v\u00e2rfuri. Serul KUNDAL Macadamia Ultra Serum \u00eengrije\u0219te perfect p\u0103rul \u0219i \u00eei ofer\u0103 o nou\u0103 via\u021b\u0103. Caracteristici: calmeaz\u0103 pielea iritat\u0103 a scalpului nu \u00eencarc\u0103 p\u0103rul asigur\u0103 p\u0103rului hidratarea necesar\u0103 regenereaz\u0103 p\u0103rul uscat, casant \u0219i deteriorat...","og_url":"https:\/\/shopatoa.com\/ro\/kundal-macadamia-ultra-serum-english-rose-ser-ulei-regenerator-pentru-par-deteriorat-100-ml\/","og_site_name":"SHOPATOA","article_modified_time":"2025-12-14T01:05:22+00:00","og_image":[{"width":800,"height":800,"url":"https:\/\/storage.googleapis.com\/cz-shopatoa-img\/ro\/a4a45ebe-unnamed-file.webp","type":"image\/webp"}],"twitter_card":"summary_large_image","twitter_misc":{"Timp estimat pentru citire":"1 minut"},"schema":{"@context":"https:\/\/schema.org","@graph":[{"@type":"WebPage","@id":"https:\/\/shopatoa.com\/ro\/kundal-macadamia-ultra-serum-english-rose-ser-ulei-regenerator-pentru-par-deteriorat-100-ml\/","url":"https:\/\/shopatoa.com\/ro\/kundal-macadamia-ultra-serum-english-rose-ser-ulei-regenerator-pentru-par-deteriorat-100-ml\/","name":"KUNDAL Macadamia Ultra Serum English Rose ser ulei regenerator pentru par deteriorat 100 ml - SHOPATOA.COM","isPartOf":{"@id":"https:\/\/shopatoa.com\/ro\/#website"},"primaryImageOfPage":{"@id":"https:\/\/shopatoa.com\/ro\/kundal-macadamia-ultra-serum-english-rose-ser-ulei-regenerator-pentru-par-deteriorat-100-ml\/#primaryimage"},"image":{"@id":"https:\/\/shopatoa.com\/ro\/kundal-macadamia-ultra-serum-english-rose-ser-ulei-regenerator-pentru-par-deteriorat-100-ml\/#primaryimage"},"thumbnailUrl":"https:\/\/storage.googleapis.com\/cz-shopatoa-img\/ro\/a4a45ebe-unnamed-file.webp","datePublished":"2025-06-21T00:42:03+00:00","dateModified":"2025-12-14T01:05:22+00:00","breadcrumb":{"@id":"https:\/\/shopatoa.com\/ro\/kundal-macadamia-ultra-serum-english-rose-ser-ulei-regenerator-pentru-par-deteriorat-100-ml\/#breadcrumb"},"inLanguage":"ro-RO","potentialAction":[{"@type":"ReadAction","target":["https:\/\/shopatoa.com\/ro\/kundal-macadamia-ultra-serum-english-rose-ser-ulei-regenerator-pentru-par-deteriorat-100-ml\/"]}]},{"@type":"ImageObject","inLanguage":"ro-RO","@id":"https:\/\/shopatoa.com\/ro\/kundal-macadamia-ultra-serum-english-rose-ser-ulei-regenerator-pentru-par-deteriorat-100-ml\/#primaryimage","url":"https:\/\/storage.googleapis.com\/cz-shopatoa-img\/ro\/a4a45ebe-unnamed-file.webp","contentUrl":"https:\/\/storage.googleapis.com\/cz-shopatoa-img\/ro\/a4a45ebe-unnamed-file.webp","width":800,"height":800},{"@type":"BreadcrumbList","@id":"https:\/\/shopatoa.com\/ro\/kundal-macadamia-ultra-serum-english-rose-ser-ulei-regenerator-pentru-par-deteriorat-100-ml\/#breadcrumb","itemListElement":[{"@type":"ListItem","position":1,"name":"Dom\u016f","item":"https:\/\/shopatoa.com\/ro\/"},{"@type":"ListItem","position":2,"name":"Shop","item":"https:\/\/shopatoa.com\/ro\/shop\/"},{"@type":"ListItem","position":3,"name":"S\u0103n\u0103tate \u0219i frumuse\u021be","item":"https:\/\/shopatoa.com\/ro\/sanatate-si-frumusete\/"},{"@type":"ListItem","position":4,"name":"\u00cengrijire personal\u0103","item":"https:\/\/shopatoa.com\/ro\/ingrijire-personala\/"},{"@type":"ListItem","position":5,"name":"\u00cengrijirea p\u0103rului","item":"https:\/\/shopatoa.com\/ro\/ingrijirea-parului\/"},{"@type":"ListItem","position":6,"name":"KUNDAL Macadamia Ultra Serum English Rose ser ulei regenerator pentru par deteriorat 100 ml"}]},{"@type":"WebSite","@id":"https:\/\/shopatoa.com\/ro\/#website","url":"https:\/\/shopatoa.com\/ro\/","name":"SHOPATOA","description":"","publisher":{"@id":"https:\/\/shopatoa.com\/ro\/#organization"},"potentialAction":[{"@type":"SearchAction","target":{"@type":"EntryPoint","urlTemplate":"https:\/\/shopatoa.com\/ro\/?s={search_term_string}"},"query-input":{"@type":"PropertyValueSpecification","valueRequired":true,"valueName":"search_term_string"}}],"inLanguage":"ro-RO"},{"@type":"Organization","@id":"https:\/\/shopatoa.com\/ro\/#organization","name":"SHOPATOA","url":"https:\/\/shopatoa.com\/ro\/","logo":{"@type":"ImageObject","inLanguage":"ro-RO","@id":"https:\/\/shopatoa.com\/ro\/#\/schema\/logo\/image\/","url":"https:\/\/storage.googleapis.com\/cz-shopatoa-img\/ro\/b4dac915-shopatoa_logo.png","contentUrl":"https:\/\/storage.googleapis.com\/cz-shopatoa-img\/ro\/b4dac915-shopatoa_logo.png","width":416,"height":63,"caption":"SHOPATOA"},"image":{"@id":"https:\/\/shopatoa.com\/ro\/#\/schema\/logo\/image\/"}}]}},"_links":{"self":[{"href":"https:\/\/shopatoa.com\/ro\/wp-json\/wp\/v2\/product\/416207","targetHints":{"allow":["GET"]}}],"collection":[{"href":"https:\/\/shopatoa.com\/ro\/wp-json\/wp\/v2\/product"}],"about":[{"href":"https:\/\/shopatoa.com\/ro\/wp-json\/wp\/v2\/types\/product"}],"replies":[{"embeddable":true,"href":"https:\/\/shopatoa.com\/ro\/wp-json\/wp\/v2\/comments?post=416207"}],"wp:featuredmedia":[{"embeddable":true,"href":"https:\/\/shopatoa.com\/ro\/wp-json\/wp\/v2\/media\/416208"}],"wp:attachment":[{"href":"https:\/\/shopatoa.com\/ro\/wp-json\/wp\/v2\/media?parent=416207"}],"wp:term":[{"taxonomy":"product_brand","embeddable":true,"href":"https:\/\/shopatoa.com\/ro\/wp-json\/wp\/v2\/product_brand?post=416207"},{"taxonomy":"product_cat","embeddable":true,"href":"https:\/\/shopatoa.com\/ro\/wp-json\/wp\/v2\/product_cat?post=416207"},{"taxonomy":"product_tag","embeddable":true,"href":"https:\/\/shopatoa.com\/ro\/wp-json\/wp\/v2\/product_tag?post=416207"}],"curies":[{"name":"wp","href":"https:\/\/api.w.org\/{rel}","templated":true}]}}