{"id":417111,"date":"2025-06-21T04:05:59","date_gmt":"2025-06-21T02:05:59","guid":{"rendered":"https:\/\/shopatoa.com\/ro\/australian-bodycare-tea-tree-oil-lemon-myrtle-tonic-exfoliant-delicat-pentru-ten-gras-si-mixt-55-ml\/"},"modified":"2025-12-12T10:03:13","modified_gmt":"2025-12-12T09:03:13","slug":"australian-bodycare-tea-tree-oil-lemon-myrtle-tonic-exfoliant-delicat-pentru-ten-gras-si-mixt-55-ml","status":"publish","type":"product","link":"https:\/\/shopatoa.com\/ro\/australian-bodycare-tea-tree-oil-lemon-myrtle-tonic-exfoliant-delicat-pentru-ten-gras-si-mixt-55-ml\/","title":{"rendered":"Australian Bodycare Tea Tree Oil Lemon Myrtle tonic exfoliant delicat pentru ten gras \u0219i mixt 55 ml"},"content":{"rendered":"<p>Australian Bodycare Tea Tree Oil Lemon Myrtle, 55 ml, Peeling enzimatic pentru femei, Pentru o exfoliere eficient\u0103 de prevenire a imperfec\u021biunilor tenului, nu este neap\u0103rat nevoie s\u0103 apela\u021bi la un salon de cosmetic\u0103. Exfoliantul facial Australian Bodycare Tea Tree Oil Lemon Myrtle va avea grij\u0103 de el \u00een confortul casei dvs. Nu numai c\u0103 \u00eendep\u0103rteaz\u0103 celulele moarte cutanate, care au tendin\u021ba de a bloca porii, de a provoca puncte negre sau aspect tern \u0219i lipsit de str\u0103lucire, ci \u0219i cur\u0103\u021b\u0103 tenul de impurit\u0103\u021bi \u0219i \u00eel neteze\u0219te.  Caracteristici:  \u00eenl\u0103tur\u0103 punctele negre \u0219i excesul de sebum desfund\u0103 porii astupa\u021bi neteze\u0219te \u0219i catifeleaz\u0103 pielea \u00eendep\u0103rteaz\u0103 celulele epiteliale moarte  Cum se utilizeaz\u0103: \u0218terge\u021bi tenul cur\u0103\u021bat \u00een prealabil, cu treceri u\u0219oare ale tamponului peste fa\u021b\u0103. Aplica\u021bi pe tenul curat cu ajutorul unei dischete de bumbac. Se utilizeaz\u0103 1- 3x s\u0103pt\u0103m\u00e2nal.<\/p>\n","protected":false},"excerpt":{"rendered":"<p>Australian Bodycare Tea Tree Oil Lemon Myrtle, 55 ml, Peeling enzimatic pentru femei, Pentru o exfoliere eficient\u0103 de prevenire a imperfec\u021biunilor tenului, nu este neap\u0103rat nevoie s\u0103 apela\u021bi la un salon de cosmetic\u0103. Exfoliantul facial Australian Bodycare Tea Tree Oil Lemon Myrtle va avea grij\u0103 de el \u00een confortul casei dvs. Nu numai c\u0103 \u00eendep\u0103rteaz\u0103&#8230;<\/p>\n","protected":false},"featured_media":417112,"comment_status":"closed","ping_status":"open","template":"","meta":{"_acf_changed":false,"_kadence_starter_templates_imported_post":false,"_kad_post_transparent":"","_kad_post_title":"","_kad_post_layout":"","_kad_post_sidebar_id":"","_kad_post_content_style":"","_kad_post_vertical_padding":"","_kad_post_feature":"","_kad_post_feature_position":"","_kad_post_header":false,"_kad_post_footer":false,"_kad_post_classname":""},"product_brand":[1845],"product_cat":[1564,1616,1563,1565,1562],"product_tag":[],"class_list":{"0":"post-417111","1":"product","2":"type-product","3":"status-publish","4":"has-post-thumbnail","6":"product_brand-australian-bodycare","7":"product_cat-cosmetice-ingrijire-personala","8":"product_cat-demachiante-faciale","9":"product_cat-ingrijire-personala","10":"product_cat-ingrijirea-pielii","11":"product_cat-sanatate-si-frumusete","12":"pa_gen-female","13":"pa_marime-55-ml","15":"first","16":"instock","17":"sale","18":"product-type-external","19":"entry","20":"content-bg","21":"loop-entry"},"acf":[],"yoast_head":"<!-- This site is optimized with the Yoast SEO plugin v27.4 - https:\/\/yoast.com\/product\/yoast-seo-wordpress\/ -->\n<title>Australian Bodycare Tea Tree Oil Lemon Myrtle tonic exfoliant delicat pentru ten gras \u0219i mixt 55 ml - SHOPATOA.COM<\/title>\n<meta name=\"robots\" content=\"index, follow, max-snippet:-1, max-image-preview:large, max-video-preview:-1\" \/>\n<link rel=\"canonical\" href=\"https:\/\/shopatoa.com\/ro\/australian-bodycare-tea-tree-oil-lemon-myrtle-tonic-exfoliant-delicat-pentru-ten-gras-si-mixt-55-ml\/\" \/>\n<meta property=\"og:locale\" content=\"ro_RO\" \/>\n<meta property=\"og:type\" content=\"article\" \/>\n<meta property=\"og:title\" content=\"Australian Bodycare Tea Tree Oil Lemon Myrtle tonic exfoliant delicat pentru ten gras \u0219i mixt 55 ml - SHOPATOA.COM\" \/>\n<meta property=\"og:description\" content=\"Australian Bodycare Tea Tree Oil Lemon Myrtle, 55 ml, Peeling enzimatic pentru femei, Pentru o exfoliere eficient\u0103 de prevenire a imperfec\u021biunilor tenului, nu este neap\u0103rat nevoie s\u0103 apela\u021bi la un salon de cosmetic\u0103. Exfoliantul facial Australian Bodycare Tea Tree Oil Lemon Myrtle va avea grij\u0103 de el \u00een confortul casei dvs. Nu numai c\u0103 \u00eendep\u0103rteaz\u0103...\" \/>\n<meta property=\"og:url\" content=\"https:\/\/shopatoa.com\/ro\/australian-bodycare-tea-tree-oil-lemon-myrtle-tonic-exfoliant-delicat-pentru-ten-gras-si-mixt-55-ml\/\" \/>\n<meta property=\"og:site_name\" content=\"SHOPATOA\" \/>\n<meta property=\"article:modified_time\" content=\"2025-12-12T09:03:13+00:00\" \/>\n<meta property=\"og:image\" content=\"https:\/\/storage.googleapis.com\/cz-shopatoa-img\/ro\/f4ee1041-unnamed-file.webp\" \/>\n\t<meta property=\"og:image:width\" content=\"800\" \/>\n\t<meta property=\"og:image:height\" content=\"800\" \/>\n\t<meta property=\"og:image:type\" content=\"image\/webp\" \/>\n<meta name=\"twitter:card\" content=\"summary_large_image\" \/>\n<meta name=\"twitter:label1\" content=\"Timp estimat pentru citire\" \/>\n\t<meta name=\"twitter:data1\" content=\"1 minut\" \/>\n<script type=\"application\/ld+json\" class=\"yoast-schema-graph\">{\"@context\":\"https:\\\/\\\/schema.org\",\"@graph\":[{\"@type\":\"WebPage\",\"@id\":\"https:\\\/\\\/shopatoa.com\\\/ro\\\/australian-bodycare-tea-tree-oil-lemon-myrtle-tonic-exfoliant-delicat-pentru-ten-gras-si-mixt-55-ml\\\/\",\"url\":\"https:\\\/\\\/shopatoa.com\\\/ro\\\/australian-bodycare-tea-tree-oil-lemon-myrtle-tonic-exfoliant-delicat-pentru-ten-gras-si-mixt-55-ml\\\/\",\"name\":\"Australian Bodycare Tea Tree Oil Lemon Myrtle tonic exfoliant delicat pentru ten gras \u0219i mixt 55 ml - SHOPATOA.COM\",\"isPartOf\":{\"@id\":\"https:\\\/\\\/shopatoa.com\\\/ro\\\/#website\"},\"primaryImageOfPage\":{\"@id\":\"https:\\\/\\\/shopatoa.com\\\/ro\\\/australian-bodycare-tea-tree-oil-lemon-myrtle-tonic-exfoliant-delicat-pentru-ten-gras-si-mixt-55-ml\\\/#primaryimage\"},\"image\":{\"@id\":\"https:\\\/\\\/shopatoa.com\\\/ro\\\/australian-bodycare-tea-tree-oil-lemon-myrtle-tonic-exfoliant-delicat-pentru-ten-gras-si-mixt-55-ml\\\/#primaryimage\"},\"thumbnailUrl\":\"https:\\\/\\\/storage.googleapis.com\\\/cz-shopatoa-img\\\/ro\\\/f4ee1041-unnamed-file.webp\",\"datePublished\":\"2025-06-21T02:05:59+00:00\",\"dateModified\":\"2025-12-12T09:03:13+00:00\",\"breadcrumb\":{\"@id\":\"https:\\\/\\\/shopatoa.com\\\/ro\\\/australian-bodycare-tea-tree-oil-lemon-myrtle-tonic-exfoliant-delicat-pentru-ten-gras-si-mixt-55-ml\\\/#breadcrumb\"},\"inLanguage\":\"ro-RO\",\"potentialAction\":[{\"@type\":\"ReadAction\",\"target\":[\"https:\\\/\\\/shopatoa.com\\\/ro\\\/australian-bodycare-tea-tree-oil-lemon-myrtle-tonic-exfoliant-delicat-pentru-ten-gras-si-mixt-55-ml\\\/\"]}]},{\"@type\":\"ImageObject\",\"inLanguage\":\"ro-RO\",\"@id\":\"https:\\\/\\\/shopatoa.com\\\/ro\\\/australian-bodycare-tea-tree-oil-lemon-myrtle-tonic-exfoliant-delicat-pentru-ten-gras-si-mixt-55-ml\\\/#primaryimage\",\"url\":\"https:\\\/\\\/storage.googleapis.com\\\/cz-shopatoa-img\\\/ro\\\/f4ee1041-unnamed-file.webp\",\"contentUrl\":\"https:\\\/\\\/storage.googleapis.com\\\/cz-shopatoa-img\\\/ro\\\/f4ee1041-unnamed-file.webp\",\"width\":800,\"height\":800},{\"@type\":\"BreadcrumbList\",\"@id\":\"https:\\\/\\\/shopatoa.com\\\/ro\\\/australian-bodycare-tea-tree-oil-lemon-myrtle-tonic-exfoliant-delicat-pentru-ten-gras-si-mixt-55-ml\\\/#breadcrumb\",\"itemListElement\":[{\"@type\":\"ListItem\",\"position\":1,\"name\":\"Dom\u016f\",\"item\":\"https:\\\/\\\/shopatoa.com\\\/ro\\\/\"},{\"@type\":\"ListItem\",\"position\":2,\"name\":\"Shop\",\"item\":\"https:\\\/\\\/shopatoa.com\\\/ro\\\/shop\\\/\"},{\"@type\":\"ListItem\",\"position\":3,\"name\":\"S\u0103n\u0103tate \u0219i frumuse\u021be\",\"item\":\"https:\\\/\\\/shopatoa.com\\\/ro\\\/sanatate-si-frumusete\\\/\"},{\"@type\":\"ListItem\",\"position\":4,\"name\":\"\u00cengrijire personal\u0103\",\"item\":\"https:\\\/\\\/shopatoa.com\\\/ro\\\/ingrijire-personala\\\/\"},{\"@type\":\"ListItem\",\"position\":5,\"name\":\"Cosmetice\",\"item\":\"https:\\\/\\\/shopatoa.com\\\/ro\\\/cosmetice-ingrijire-personala\\\/\"},{\"@type\":\"ListItem\",\"position\":6,\"name\":\"\u00cengrijirea pielii\",\"item\":\"https:\\\/\\\/shopatoa.com\\\/ro\\\/ingrijirea-pielii\\\/\"},{\"@type\":\"ListItem\",\"position\":7,\"name\":\"Demachiante faciale\",\"item\":\"https:\\\/\\\/shopatoa.com\\\/ro\\\/demachiante-faciale\\\/\"},{\"@type\":\"ListItem\",\"position\":8,\"name\":\"Australian Bodycare Tea Tree Oil Lemon Myrtle tonic exfoliant delicat pentru ten gras \u0219i mixt 55 ml\"}]},{\"@type\":\"WebSite\",\"@id\":\"https:\\\/\\\/shopatoa.com\\\/ro\\\/#website\",\"url\":\"https:\\\/\\\/shopatoa.com\\\/ro\\\/\",\"name\":\"SHOPATOA\",\"description\":\"\",\"publisher\":{\"@id\":\"https:\\\/\\\/shopatoa.com\\\/ro\\\/#organization\"},\"potentialAction\":[{\"@type\":\"SearchAction\",\"target\":{\"@type\":\"EntryPoint\",\"urlTemplate\":\"https:\\\/\\\/shopatoa.com\\\/ro\\\/?s={search_term_string}\"},\"query-input\":{\"@type\":\"PropertyValueSpecification\",\"valueRequired\":true,\"valueName\":\"search_term_string\"}}],\"inLanguage\":\"ro-RO\"},{\"@type\":\"Organization\",\"@id\":\"https:\\\/\\\/shopatoa.com\\\/ro\\\/#organization\",\"name\":\"SHOPATOA\",\"url\":\"https:\\\/\\\/shopatoa.com\\\/ro\\\/\",\"logo\":{\"@type\":\"ImageObject\",\"inLanguage\":\"ro-RO\",\"@id\":\"https:\\\/\\\/shopatoa.com\\\/ro\\\/#\\\/schema\\\/logo\\\/image\\\/\",\"url\":\"https:\\\/\\\/storage.googleapis.com\\\/cz-shopatoa-img\\\/ro\\\/b4dac915-shopatoa_logo.png\",\"contentUrl\":\"https:\\\/\\\/storage.googleapis.com\\\/cz-shopatoa-img\\\/ro\\\/b4dac915-shopatoa_logo.png\",\"width\":416,\"height\":63,\"caption\":\"SHOPATOA\"},\"image\":{\"@id\":\"https:\\\/\\\/shopatoa.com\\\/ro\\\/#\\\/schema\\\/logo\\\/image\\\/\"}}]}<\/script>\n<!-- \/ Yoast SEO plugin. -->","yoast_head_json":{"title":"Australian Bodycare Tea Tree Oil Lemon Myrtle tonic exfoliant delicat pentru ten gras \u0219i mixt 55 ml - SHOPATOA.COM","robots":{"index":"index","follow":"follow","max-snippet":"max-snippet:-1","max-image-preview":"max-image-preview:large","max-video-preview":"max-video-preview:-1"},"canonical":"https:\/\/shopatoa.com\/ro\/australian-bodycare-tea-tree-oil-lemon-myrtle-tonic-exfoliant-delicat-pentru-ten-gras-si-mixt-55-ml\/","og_locale":"ro_RO","og_type":"article","og_title":"Australian Bodycare Tea Tree Oil Lemon Myrtle tonic exfoliant delicat pentru ten gras \u0219i mixt 55 ml - SHOPATOA.COM","og_description":"Australian Bodycare Tea Tree Oil Lemon Myrtle, 55 ml, Peeling enzimatic pentru femei, Pentru o exfoliere eficient\u0103 de prevenire a imperfec\u021biunilor tenului, nu este neap\u0103rat nevoie s\u0103 apela\u021bi la un salon de cosmetic\u0103. Exfoliantul facial Australian Bodycare Tea Tree Oil Lemon Myrtle va avea grij\u0103 de el \u00een confortul casei dvs. Nu numai c\u0103 \u00eendep\u0103rteaz\u0103...","og_url":"https:\/\/shopatoa.com\/ro\/australian-bodycare-tea-tree-oil-lemon-myrtle-tonic-exfoliant-delicat-pentru-ten-gras-si-mixt-55-ml\/","og_site_name":"SHOPATOA","article_modified_time":"2025-12-12T09:03:13+00:00","og_image":[{"width":800,"height":800,"url":"https:\/\/storage.googleapis.com\/cz-shopatoa-img\/ro\/f4ee1041-unnamed-file.webp","type":"image\/webp"}],"twitter_card":"summary_large_image","twitter_misc":{"Timp estimat pentru citire":"1 minut"},"schema":{"@context":"https:\/\/schema.org","@graph":[{"@type":"WebPage","@id":"https:\/\/shopatoa.com\/ro\/australian-bodycare-tea-tree-oil-lemon-myrtle-tonic-exfoliant-delicat-pentru-ten-gras-si-mixt-55-ml\/","url":"https:\/\/shopatoa.com\/ro\/australian-bodycare-tea-tree-oil-lemon-myrtle-tonic-exfoliant-delicat-pentru-ten-gras-si-mixt-55-ml\/","name":"Australian Bodycare Tea Tree Oil Lemon Myrtle tonic exfoliant delicat pentru ten gras \u0219i mixt 55 ml - SHOPATOA.COM","isPartOf":{"@id":"https:\/\/shopatoa.com\/ro\/#website"},"primaryImageOfPage":{"@id":"https:\/\/shopatoa.com\/ro\/australian-bodycare-tea-tree-oil-lemon-myrtle-tonic-exfoliant-delicat-pentru-ten-gras-si-mixt-55-ml\/#primaryimage"},"image":{"@id":"https:\/\/shopatoa.com\/ro\/australian-bodycare-tea-tree-oil-lemon-myrtle-tonic-exfoliant-delicat-pentru-ten-gras-si-mixt-55-ml\/#primaryimage"},"thumbnailUrl":"https:\/\/storage.googleapis.com\/cz-shopatoa-img\/ro\/f4ee1041-unnamed-file.webp","datePublished":"2025-06-21T02:05:59+00:00","dateModified":"2025-12-12T09:03:13+00:00","breadcrumb":{"@id":"https:\/\/shopatoa.com\/ro\/australian-bodycare-tea-tree-oil-lemon-myrtle-tonic-exfoliant-delicat-pentru-ten-gras-si-mixt-55-ml\/#breadcrumb"},"inLanguage":"ro-RO","potentialAction":[{"@type":"ReadAction","target":["https:\/\/shopatoa.com\/ro\/australian-bodycare-tea-tree-oil-lemon-myrtle-tonic-exfoliant-delicat-pentru-ten-gras-si-mixt-55-ml\/"]}]},{"@type":"ImageObject","inLanguage":"ro-RO","@id":"https:\/\/shopatoa.com\/ro\/australian-bodycare-tea-tree-oil-lemon-myrtle-tonic-exfoliant-delicat-pentru-ten-gras-si-mixt-55-ml\/#primaryimage","url":"https:\/\/storage.googleapis.com\/cz-shopatoa-img\/ro\/f4ee1041-unnamed-file.webp","contentUrl":"https:\/\/storage.googleapis.com\/cz-shopatoa-img\/ro\/f4ee1041-unnamed-file.webp","width":800,"height":800},{"@type":"BreadcrumbList","@id":"https:\/\/shopatoa.com\/ro\/australian-bodycare-tea-tree-oil-lemon-myrtle-tonic-exfoliant-delicat-pentru-ten-gras-si-mixt-55-ml\/#breadcrumb","itemListElement":[{"@type":"ListItem","position":1,"name":"Dom\u016f","item":"https:\/\/shopatoa.com\/ro\/"},{"@type":"ListItem","position":2,"name":"Shop","item":"https:\/\/shopatoa.com\/ro\/shop\/"},{"@type":"ListItem","position":3,"name":"S\u0103n\u0103tate \u0219i frumuse\u021be","item":"https:\/\/shopatoa.com\/ro\/sanatate-si-frumusete\/"},{"@type":"ListItem","position":4,"name":"\u00cengrijire personal\u0103","item":"https:\/\/shopatoa.com\/ro\/ingrijire-personala\/"},{"@type":"ListItem","position":5,"name":"Cosmetice","item":"https:\/\/shopatoa.com\/ro\/cosmetice-ingrijire-personala\/"},{"@type":"ListItem","position":6,"name":"\u00cengrijirea pielii","item":"https:\/\/shopatoa.com\/ro\/ingrijirea-pielii\/"},{"@type":"ListItem","position":7,"name":"Demachiante faciale","item":"https:\/\/shopatoa.com\/ro\/demachiante-faciale\/"},{"@type":"ListItem","position":8,"name":"Australian Bodycare Tea Tree Oil Lemon Myrtle tonic exfoliant delicat pentru ten gras \u0219i mixt 55 ml"}]},{"@type":"WebSite","@id":"https:\/\/shopatoa.com\/ro\/#website","url":"https:\/\/shopatoa.com\/ro\/","name":"SHOPATOA","description":"","publisher":{"@id":"https:\/\/shopatoa.com\/ro\/#organization"},"potentialAction":[{"@type":"SearchAction","target":{"@type":"EntryPoint","urlTemplate":"https:\/\/shopatoa.com\/ro\/?s={search_term_string}"},"query-input":{"@type":"PropertyValueSpecification","valueRequired":true,"valueName":"search_term_string"}}],"inLanguage":"ro-RO"},{"@type":"Organization","@id":"https:\/\/shopatoa.com\/ro\/#organization","name":"SHOPATOA","url":"https:\/\/shopatoa.com\/ro\/","logo":{"@type":"ImageObject","inLanguage":"ro-RO","@id":"https:\/\/shopatoa.com\/ro\/#\/schema\/logo\/image\/","url":"https:\/\/storage.googleapis.com\/cz-shopatoa-img\/ro\/b4dac915-shopatoa_logo.png","contentUrl":"https:\/\/storage.googleapis.com\/cz-shopatoa-img\/ro\/b4dac915-shopatoa_logo.png","width":416,"height":63,"caption":"SHOPATOA"},"image":{"@id":"https:\/\/shopatoa.com\/ro\/#\/schema\/logo\/image\/"}}]}},"_links":{"self":[{"href":"https:\/\/shopatoa.com\/ro\/wp-json\/wp\/v2\/product\/417111","targetHints":{"allow":["GET"]}}],"collection":[{"href":"https:\/\/shopatoa.com\/ro\/wp-json\/wp\/v2\/product"}],"about":[{"href":"https:\/\/shopatoa.com\/ro\/wp-json\/wp\/v2\/types\/product"}],"replies":[{"embeddable":true,"href":"https:\/\/shopatoa.com\/ro\/wp-json\/wp\/v2\/comments?post=417111"}],"wp:featuredmedia":[{"embeddable":true,"href":"https:\/\/shopatoa.com\/ro\/wp-json\/wp\/v2\/media\/417112"}],"wp:attachment":[{"href":"https:\/\/shopatoa.com\/ro\/wp-json\/wp\/v2\/media?parent=417111"}],"wp:term":[{"taxonomy":"product_brand","embeddable":true,"href":"https:\/\/shopatoa.com\/ro\/wp-json\/wp\/v2\/product_brand?post=417111"},{"taxonomy":"product_cat","embeddable":true,"href":"https:\/\/shopatoa.com\/ro\/wp-json\/wp\/v2\/product_cat?post=417111"},{"taxonomy":"product_tag","embeddable":true,"href":"https:\/\/shopatoa.com\/ro\/wp-json\/wp\/v2\/product_tag?post=417111"}],"curies":[{"name":"wp","href":"https:\/\/api.w.org\/{rel}","templated":true}]}}